{"id":26381,"date":"2024-08-29T14:26:51","date_gmt":"2024-08-29T12:26:51","guid":{"rendered":"https:\/\/pohjanmaantehtaanmyymala.fi\/?post_type=product&#038;p=26381"},"modified":"2024-09-12T11:13:48","modified_gmt":"2024-09-12T09:13:48","slug":"fantasy-level-2-istuttava-vuodesohva","status":"publish","type":"product","link":"https:\/\/pohjanmaantehtaanmyymala.fi\/sv\/tuote\/fantasy-level-2-istuttava-vuodesohva\/","title":{"rendered":"Fantasy Level 2-istuttava vuodesohva"},"content":{"rendered":"<p>Fantasy vuodesohva tarjoaa upean ratkaisun kodin vuodesohvaksi. T\u00e4m\u00e4 tilava 2-istuttava sohva on varustettu k\u00e4tev\u00e4ll\u00e4 level-vuodemekanismilla, joka tekee sen k\u00e4yt\u00f6st\u00e4 vaivatonta. Lis\u00e4vuoteen koko on tilava 150x195cm, tarjoten mukavan unipaikan vieraille.<\/p>\n<p>Fantasy-vuodesohva on suunniteltu helposti muuntautuvaksi vuoteeksi. Selk\u00e4tyynyt voidaan helposti poistaa, ja vuodemekanismi avataan nostamalla istuinta ja vet\u00e4m\u00e4ll\u00e4. T\u00e4m\u00e4 tapahtuu vaivattomasti, joten voit nopeasti valmistella ylim\u00e4\u00e4r\u00e4isen nukkumispaikan tarpeen mukaan.<\/p>\n<p>Sohva on verhoiltu Austin-kankaalla ja valittavissa on useita eri v\u00e4rej\u00e4. Valitse mieluinen v\u00e4ri tuotekuvista l\u00f6ytyv\u00e4st\u00e4 v\u00e4rikartasta.<\/p>\n<p><strong>Tuotetiedot:<\/strong><\/p>\n<p>Sohvan leveys 176 cm.<br \/>\nVuodekoko: 200&#215;152 cm.<br \/>\nRunko: Massiivipuu, kovalevy ja vaneri.<br \/>\nSelk\u00e4tyynyt: Vanut\u00e4yte<br \/>\nIstuimet: HR35130 vaahtomuovi, joustamaatomalla pohjakankaalla.<br \/>\nVerhoilu: Austin-kangas<br \/>\nMitat: Syvyys 103cm, leveys 176cm ja korkeus 90cm.<\/p>\n","protected":false},"excerpt":{"rendered":"<p>2-istuttava sohva k\u00e4tev\u00e4ll\u00e4 vuodemekanismilla!<\/p>\n","protected":false},"featured_media":26505,"comment_status":"closed","ping_status":"closed","template":"","meta":{"_acf_changed":false,"jetpack_post_was_ever_published":false,"jetpack_publicize_message":"","jetpack_publicize_feature_enabled":true,"jetpack_social_post_already_shared":true,"jetpack_social_options":{"image_generator_settings":{"template":"highway","default_image_id":0,"font":"","enabled":false},"version":2}},"product_brand":[270],"product_cat":[193],"product_tag":[],"class_list":{"0":"post-26381","1":"product","2":"type-product","3":"status-publish","4":"has-post-thumbnail","6":"product_brand-pohjanmaan","7":"product_cat-vuodesohvat","8":"pa_vari-antrasiitti","9":"pa_vari-beige","10":"pa_vari-stone","11":"pa_vari-vaaleanharmaa","13":"first","14":"instock","15":"sale","16":"shipping-taxable","17":"purchasable","18":"product-type-variable"},"acf":[],"jetpack_publicize_connections":[],"jetpack_sharing_enabled":true,"jetpack-related-posts":[{"id":26461,"url":"https:\/\/pohjanmaantehtaanmyymala.fi\/sv\/tuote\/fantasy-vuodetuoli\/","url_meta":{"origin":26381,"position":0},"title":"Fantasy Level vuodetuoli","author":"Miro Nevala","date":"september 11, 2024","format":false,"excerpt":"N\u00e4ytt\u00e4v\u00e4 lepotuoli joka avautuu vuoteeksi silm\u00e4nr\u00e4p\u00e4yksess\u00e4!","rel":"","context":"Liknande produkt","block_context":{"text":"Liknande produkt","link":""},"img":{"alt_text":"Fantasy level vuodetuoli edest\u00e4","src":"https:\/\/i0.wp.com\/pohjanmaantehtaanmyymala.fi\/wp-content\/uploads\/2024\/03\/Fantasy-level-vuodetuoli-edesta%CC%88-eri-kangas.jpg?fit=960%2C960&ssl=1&resize=350%2C200","width":350,"height":200,"srcset":"https:\/\/i0.wp.com\/pohjanmaantehtaanmyymala.fi\/wp-content\/uploads\/2024\/03\/Fantasy-level-vuodetuoli-edesta%CC%88-eri-kangas.jpg?fit=960%2C960&ssl=1&resize=350%2C200 1x, https:\/\/i0.wp.com\/pohjanmaantehtaanmyymala.fi\/wp-content\/uploads\/2024\/03\/Fantasy-level-vuodetuoli-edesta%CC%88-eri-kangas.jpg?fit=960%2C960&ssl=1&resize=525%2C300 1.5x, https:\/\/i0.wp.com\/pohjanmaantehtaanmyymala.fi\/wp-content\/uploads\/2024\/03\/Fantasy-level-vuodetuoli-edesta%CC%88-eri-kangas.jpg?fit=960%2C960&ssl=1&resize=700%2C400 2x"},"classes":[]},{"id":26462,"url":"https:\/\/pohjanmaantehtaanmyymala.fi\/sv\/tuote\/america-nest-vuodesohva-3-istuttava\/","url_meta":{"origin":26381,"position":1},"title":"America Nest 215 cm vuodesohva 3-istuttava","author":"Miro Nevala","date":"september 25, 2024","format":false,"excerpt":"Skandinaavisuutta henkiv\u00e4 ja monimuotoisuudessaan ly\u00f6m\u00e4t\u00f6n vuodesohva.","rel":"","context":"Liknande produkt","block_context":{"text":"Liknande produkt","link":""},"img":{"alt_text":"America 3-ist. vuodesohva Luna lila kankaalla.","src":"https:\/\/i0.wp.com\/pohjanmaantehtaanmyymala.fi\/wp-content\/uploads\/2024\/09\/America_3Mnest193_Luna29-3.jpg?fit=960%2C960&ssl=1&resize=350%2C200","width":350,"height":200,"srcset":"https:\/\/i0.wp.com\/pohjanmaantehtaanmyymala.fi\/wp-content\/uploads\/2024\/09\/America_3Mnest193_Luna29-3.jpg?fit=960%2C960&ssl=1&resize=350%2C200 1x, https:\/\/i0.wp.com\/pohjanmaantehtaanmyymala.fi\/wp-content\/uploads\/2024\/09\/America_3Mnest193_Luna29-3.jpg?fit=960%2C960&ssl=1&resize=525%2C300 1.5x, https:\/\/i0.wp.com\/pohjanmaantehtaanmyymala.fi\/wp-content\/uploads\/2024\/09\/America_3Mnest193_Luna29-3.jpg?fit=960%2C960&ssl=1&resize=700%2C400 2x"},"classes":[]},{"id":25219,"url":"https:\/\/pohjanmaantehtaanmyymala.fi\/sv\/tuote\/harmony-vuodesohva-austin-kankaalla\/","url_meta":{"origin":26381,"position":2},"title":"Harmony vuodesohva Austin-kankaalla","author":"Miro Nevala","date":"februari 13, 2024","format":false,"excerpt":"Upea vuodesohva mekanismilla useilla v\u00e4rivaihtoehdoilla!","rel":"","context":"Liknande produkt","block_context":{"text":"Liknande produkt","link":""},"img":{"alt_text":"Harmony vuodesohva edest\u00e4p\u00e4in","src":"https:\/\/i0.wp.com\/pohjanmaantehtaanmyymala.fi\/wp-content\/uploads\/2024\/02\/Harmony-vuodesohva-1-960dpi.jpg?fit=960%2C960&ssl=1&resize=350%2C200","width":350,"height":200,"srcset":"https:\/\/i0.wp.com\/pohjanmaantehtaanmyymala.fi\/wp-content\/uploads\/2024\/02\/Harmony-vuodesohva-1-960dpi.jpg?fit=960%2C960&ssl=1&resize=350%2C200 1x, https:\/\/i0.wp.com\/pohjanmaantehtaanmyymala.fi\/wp-content\/uploads\/2024\/02\/Harmony-vuodesohva-1-960dpi.jpg?fit=960%2C960&ssl=1&resize=525%2C300 1.5x, https:\/\/i0.wp.com\/pohjanmaantehtaanmyymala.fi\/wp-content\/uploads\/2024\/02\/Harmony-vuodesohva-1-960dpi.jpg?fit=960%2C960&ssl=1&resize=700%2C400 2x"},"classes":[]},{"id":29390,"url":"https:\/\/pohjanmaantehtaanmyymala.fi\/sv\/tuote\/ebba-vuodesohva-kankaalla\/","url_meta":{"origin":26381,"position":3},"title":"Ebba vuodesohva kankaalla","author":"Sami Viitala","date":"december 9, 2025","format":false,"excerpt":"Pienikokoinen vuodesohva hyv\u00e4ll\u00e4 vuodemekanismilla.","rel":"","context":"Liknande produkt","block_context":{"text":"Liknande produkt","link":""},"img":{"alt_text":"Ebba 2-istuttava vuodesohva harmaa kangasverhoilu.","src":"https:\/\/i0.wp.com\/pohjanmaantehtaanmyymala.fi\/wp-content\/uploads\/2025\/12\/Ebba_vuodesohva_2.jpg?fit=1200%2C1200&ssl=1&resize=350%2C200","width":350,"height":200,"srcset":"https:\/\/i0.wp.com\/pohjanmaantehtaanmyymala.fi\/wp-content\/uploads\/2025\/12\/Ebba_vuodesohva_2.jpg?fit=1200%2C1200&ssl=1&resize=350%2C200 1x, https:\/\/i0.wp.com\/pohjanmaantehtaanmyymala.fi\/wp-content\/uploads\/2025\/12\/Ebba_vuodesohva_2.jpg?fit=1200%2C1200&ssl=1&resize=525%2C300 1.5x, https:\/\/i0.wp.com\/pohjanmaantehtaanmyymala.fi\/wp-content\/uploads\/2025\/12\/Ebba_vuodesohva_2.jpg?fit=1200%2C1200&ssl=1&resize=700%2C400 2x, https:\/\/i0.wp.com\/pohjanmaantehtaanmyymala.fi\/wp-content\/uploads\/2025\/12\/Ebba_vuodesohva_2.jpg?fit=1200%2C1200&ssl=1&resize=1050%2C600 3x"},"classes":[]},{"id":23000,"url":"https:\/\/pohjanmaantehtaanmyymala.fi\/sv\/tuote\/gracy-vuodesohva-austin-kankaalla\/","url_meta":{"origin":26381,"position":4},"title":"Jazz 3-ist. vuodesohva kankaalla","author":"Sami Viitala","date":"maj 20, 2023","format":false,"excerpt":"Iso n\u00e4ytt\u00e4v\u00e4 vuodesohva!","rel":"","context":"Liknande produkt","block_context":{"text":"Liknande produkt","link":""},"img":{"alt_text":"Jazz 3-istuttava vuodesohva 3-tyynyinen beigell\u00e4 oasis-kankaalla milj\u00f6\u00f6ss\u00e4","src":"https:\/\/i0.wp.com\/pohjanmaantehtaanmyymala.fi\/wp-content\/uploads\/2023\/05\/JAZZ_K2055-DM-EASY-DELUXE-K2055_Oasis02_kangas.jpg?fit=1000%2C1000&ssl=1&resize=350%2C200","width":350,"height":200,"srcset":"https:\/\/i0.wp.com\/pohjanmaantehtaanmyymala.fi\/wp-content\/uploads\/2023\/05\/JAZZ_K2055-DM-EASY-DELUXE-K2055_Oasis02_kangas.jpg?fit=1000%2C1000&ssl=1&resize=350%2C200 1x, https:\/\/i0.wp.com\/pohjanmaantehtaanmyymala.fi\/wp-content\/uploads\/2023\/05\/JAZZ_K2055-DM-EASY-DELUXE-K2055_Oasis02_kangas.jpg?fit=1000%2C1000&ssl=1&resize=525%2C300 1.5x, https:\/\/i0.wp.com\/pohjanmaantehtaanmyymala.fi\/wp-content\/uploads\/2023\/05\/JAZZ_K2055-DM-EASY-DELUXE-K2055_Oasis02_kangas.jpg?fit=1000%2C1000&ssl=1&resize=700%2C400 2x"},"classes":[]},{"id":28553,"url":"https:\/\/pohjanmaantehtaanmyymala.fi\/sv\/tuote\/senna-vuodesohva-gripsholm-kankaalla\/","url_meta":{"origin":26381,"position":5},"title":"Senna-vuodesohva Gripsholm-kankaalla","author":"Sami Viitala","date":"juli 10, 2025","format":false,"excerpt":"Hulppea vuodesohva hyv\u00e4ll\u00e4 vuodemekanismilla.","rel":"","context":"Liknande produkt","block_context":{"text":"Liknande produkt","link":""},"img":{"alt_text":"Senna vuodesohva Gripsholm kukkakankaalla","src":"https:\/\/i0.wp.com\/pohjanmaantehtaanmyymala.fi\/wp-content\/uploads\/2025\/07\/senna_vuodesohva_gripsholm-2.jpg?fit=1000%2C1000&ssl=1&resize=350%2C200","width":350,"height":200,"srcset":"https:\/\/i0.wp.com\/pohjanmaantehtaanmyymala.fi\/wp-content\/uploads\/2025\/07\/senna_vuodesohva_gripsholm-2.jpg?fit=1000%2C1000&ssl=1&resize=350%2C200 1x, https:\/\/i0.wp.com\/pohjanmaantehtaanmyymala.fi\/wp-content\/uploads\/2025\/07\/senna_vuodesohva_gripsholm-2.jpg?fit=1000%2C1000&ssl=1&resize=525%2C300 1.5x, https:\/\/i0.wp.com\/pohjanmaantehtaanmyymala.fi\/wp-content\/uploads\/2025\/07\/senna_vuodesohva_gripsholm-2.jpg?fit=1000%2C1000&ssl=1&resize=700%2C400 2x"},"classes":[]}],"_links":{"self":[{"href":"https:\/\/pohjanmaantehtaanmyymala.fi\/sv\/wp-json\/wp\/v2\/product\/26381","targetHints":{"allow":["GET"]}}],"collection":[{"href":"https:\/\/pohjanmaantehtaanmyymala.fi\/sv\/wp-json\/wp\/v2\/product"}],"about":[{"href":"https:\/\/pohjanmaantehtaanmyymala.fi\/sv\/wp-json\/wp\/v2\/types\/product"}],"replies":[{"embeddable":true,"href":"https:\/\/pohjanmaantehtaanmyymala.fi\/sv\/wp-json\/wp\/v2\/comments?post=26381"}],"wp:featuredmedia":[{"embeddable":true,"href":"https:\/\/pohjanmaantehtaanmyymala.fi\/sv\/wp-json\/wp\/v2\/media\/26505"}],"wp:attachment":[{"href":"https:\/\/pohjanmaantehtaanmyymala.fi\/sv\/wp-json\/wp\/v2\/media?parent=26381"}],"wp:term":[{"taxonomy":"product_brand","embeddable":true,"href":"https:\/\/pohjanmaantehtaanmyymala.fi\/sv\/wp-json\/wp\/v2\/product_brand?post=26381"},{"taxonomy":"product_cat","embeddable":true,"href":"https:\/\/pohjanmaantehtaanmyymala.fi\/sv\/wp-json\/wp\/v2\/product_cat?post=26381"},{"taxonomy":"product_tag","embeddable":true,"href":"https:\/\/pohjanmaantehtaanmyymala.fi\/sv\/wp-json\/wp\/v2\/product_tag?post=26381"}],"curies":[{"name":"wp","href":"https:\/\/api.w.org\/{rel}","templated":true}]}}