{"id":26206,"date":"2024-10-02T11:58:07","date_gmt":"2024-10-02T09:58:07","guid":{"rendered":"https:\/\/pohjanmaantehtaanmyymala.fi\/?post_type=product&#038;p=26206"},"modified":"2024-10-02T11:58:07","modified_gmt":"2024-10-02T09:58:07","slug":"siera-ruokaryhma-marcus-tuoleilla","status":"publish","type":"product","link":"https:\/\/pohjanmaantehtaanmyymala.fi\/sv\/tuote\/siera-ruokaryhma-marcus-tuoleilla\/","title":{"rendered":"Siera ruokaryhm\u00e4 Marcus-tuoleilla"},"content":{"rendered":"<p>Siera ruokaryhm\u00e4 sis\u00e4lt\u00e4\u00e4 mustan tai valkoisen Siera ruokap\u00f6yd\u00e4n, sek\u00e4 4 mustaa Marcus-tuolia.<\/p>\n<p>Siera-p\u00f6yt\u00e4 on py\u00f6re\u00e4 ja elegantti valinta moderniin kotiin. Sen vankka kansi ja erikoinen rimakuviointi jalkaosassa tekev\u00e4t siit\u00e4 ainutlaatuisen ruokap\u00f6yt\u00e4vaihtoehdon. T\u00e4m\u00e4 p\u00f6yt\u00e4 tarjoaa mukavan istumapaikan isommallekin seurueelle. <a href=\"https:\/\/pohjanmaantehtaanmyymala.fi\/?post_type=product&amp;p=26149&amp;preview=true\">https:\/\/pohjanmaantehtaanmyymala.fi\/?post_type=product&amp;p=26149&amp;preview=true<\/a><\/p>\n<p>Marcus-tuoli on tyylik\u00e4s musta keinonahkaverhoiltu ruokatuoli. Tuolissa on metalli- ja vanerirunko, sek\u00e4 vaahtomuovipehmustettu istuin ja selk\u00e4noja. Istuin ja selk\u00e4noja ovat Vintage Pu-verhoiltuja. <a href=\"https:\/\/pohjanmaantehtaanmyymala.fi\/?post_type=product&amp;p=26185&amp;preview=true\">https:\/\/pohjanmaantehtaanmyymala.fi\/?post_type=product&amp;p=26185&amp;preview=true<\/a><\/p>\n<p>Valitse siis vain p\u00f6yd\u00e4n v\u00e4li valkoisesta tai mustasta. Tyylikk\u00e4\u00e4t Marcus tuolit sopivat molempiin v\u00e4reihin!<\/p>\n<p><strong>Tuotetiedot:<\/strong><\/p>\n<p><strong><em>Siera-p\u00f6yt\u00e4:<\/em><\/strong><\/p>\n<p>Mitat: Kannen halkasija 120cm, paksuus 2.5cm ja p\u00f6yd\u00e4n korkeus 76cm.<br \/>\nKansi MDF-levy\u00e4.<br \/>\nSaatavana mustana tai valkoisena.<\/p>\n<p><em><strong>Marcus-tuoli:<\/strong><\/em><\/p>\n<p>Runko metallia ja vaneria.<br \/>\nIstuin vaahtomuovipehmustettu.<br \/>\nSelk\u00e4noja ja istuin Vintage Pu- verhoiltu.<br \/>\nHelppo koottava.<\/p>\n<p>Leveys: 53cm<br \/>\nSyvyys: 61cm<br \/>\nKorkeus: 84cm<br \/>\nIstuinkorkeus: 48cm<br \/>\nIstuinsyvyys: 42cm<\/p>\n","protected":false},"excerpt":{"rendered":"<p>N\u00e4ytt\u00e4v\u00e4 py\u00f6re\u00e4 Siera-ruokaryhm\u00e4 mustilla Marcus tuoleilla!<\/p>\n","protected":false},"featured_media":26156,"comment_status":"closed","ping_status":"closed","template":"","meta":{"_acf_changed":false,"jetpack_post_was_ever_published":false,"jetpack_publicize_message":"","jetpack_publicize_feature_enabled":true,"jetpack_social_post_already_shared":true,"jetpack_social_options":{"image_generator_settings":{"template":"highway","default_image_id":0,"font":"","enabled":false},"version":2}},"product_brand":[211],"product_cat":[194],"product_tag":[],"class_list":{"0":"post-26206","1":"product","2":"type-product","3":"status-publish","4":"has-post-thumbnail","6":"product_brand-tenstar","7":"product_cat-ruokapoydat-ja-tuolit","8":"pa_vari-musta","9":"pa_vari-valkoinen","11":"first","12":"instock","13":"sale","14":"shipping-taxable","15":"purchasable","16":"product-type-variable"},"acf":[],"jetpack_publicize_connections":[],"jetpack_sharing_enabled":true,"jetpack-related-posts":[{"id":26149,"url":"https:\/\/pohjanmaantehtaanmyymala.fi\/sv\/tuote\/siera-pyorea-poyta-halk-120-cm\/","url_meta":{"origin":26206,"position":0},"title":"Siera py\u00f6re\u00e4 p\u00f6yt\u00e4 halk. 120 cm","author":"Miro Nevala","date":"september 20, 2024","format":false,"excerpt":"Siera-p\u00f6yt\u00e4 on elegantti valinta moderniin kotiin. Sen vankka kansi ja erikoinen rimakuviointi jalkaosassa tekev\u00e4t siit\u00e4 ainutlaatuisen ruokap\u00f6yt\u00e4vaihtoehdon. T\u00e4m\u00e4 p\u00f6yt\u00e4 tarjoaa mukavan istumapaikan isommallekin seurueelle, ja sen ymp\u00e4rille sopii mainiosti 4-6 ruokailutuolia. T\u00e4m\u00e4 p\u00f6yt\u00e4 sopii erinomaisesti Sara tai Marcus tuolien kanssa. P\u00f6yt\u00e4 on saatavilla mustana tai valkoisena. Tuotetiedot: Mitat: Kannen halkasija\u2026","rel":"","context":"Liknande produkt","block_context":{"text":"Liknande produkt","link":""},"img":{"alt_text":"Siera p\u00f6yt\u00e4 valkoinen","src":"https:\/\/i0.wp.com\/pohjanmaantehtaanmyymala.fi\/wp-content\/uploads\/2024\/03\/Siera_poyta_valkoinen-1.jpg?fit=960%2C960&ssl=1&resize=350%2C200","width":350,"height":200,"srcset":"https:\/\/i0.wp.com\/pohjanmaantehtaanmyymala.fi\/wp-content\/uploads\/2024\/03\/Siera_poyta_valkoinen-1.jpg?fit=960%2C960&ssl=1&resize=350%2C200 1x, https:\/\/i0.wp.com\/pohjanmaantehtaanmyymala.fi\/wp-content\/uploads\/2024\/03\/Siera_poyta_valkoinen-1.jpg?fit=960%2C960&ssl=1&resize=525%2C300 1.5x, https:\/\/i0.wp.com\/pohjanmaantehtaanmyymala.fi\/wp-content\/uploads\/2024\/03\/Siera_poyta_valkoinen-1.jpg?fit=960%2C960&ssl=1&resize=700%2C400 2x"},"classes":[]},{"id":26185,"url":"https:\/\/pohjanmaantehtaanmyymala.fi\/sv\/tuote\/marcus-tuoli-musta\/","url_meta":{"origin":26206,"position":1},"title":"Marcus tuoli musta","author":"Miro Nevala","date":"oktober 2, 2024","format":false,"excerpt":"N\u00e4ytt\u00e4v\u00e4 ja elegantti ruokatuoli!","rel":"","context":"Liknande produkt","block_context":{"text":"Liknande produkt","link":""},"img":{"alt_text":"Marcus tuoli musta kulmakuva","src":"https:\/\/i0.wp.com\/pohjanmaantehtaanmyymala.fi\/wp-content\/uploads\/2024\/03\/Marcus-musta-kulmakuva.jpg?fit=960%2C960&ssl=1&resize=350%2C200","width":350,"height":200,"srcset":"https:\/\/i0.wp.com\/pohjanmaantehtaanmyymala.fi\/wp-content\/uploads\/2024\/03\/Marcus-musta-kulmakuva.jpg?fit=960%2C960&ssl=1&resize=350%2C200 1x, https:\/\/i0.wp.com\/pohjanmaantehtaanmyymala.fi\/wp-content\/uploads\/2024\/03\/Marcus-musta-kulmakuva.jpg?fit=960%2C960&ssl=1&resize=525%2C300 1.5x, https:\/\/i0.wp.com\/pohjanmaantehtaanmyymala.fi\/wp-content\/uploads\/2024\/03\/Marcus-musta-kulmakuva.jpg?fit=960%2C960&ssl=1&resize=700%2C400 2x"},"classes":[]},{"id":21648,"url":"https:\/\/pohjanmaantehtaanmyymala.fi\/sv\/tuote\/emilia-ruokaryhma-6-tuolilla-musta-tammi\/","url_meta":{"origin":26206,"position":2},"title":"Emilia ruokaryhm\u00e4 6 tuolilla musta\/tammi","author":"Sami Viitala","date":"november 22, 2022","format":false,"excerpt":"Romanttinen Emilia- ruokailuryhm\u00e4 sis\u00e4lt\u00e4\u00e4 Rustiikki p\u00f6yd\u00e4n 180*90 cm ja 6 kpl Emilia tuolia. Emilia ruokailuryhm\u00e4 on valmistettu koivusta ja tammesta. P\u00f6yd\u00e4n jalkaosat ja tuolien rungot on maalattu mustaksi. Rustiikki p\u00f6yd\u00e4ss\u00e4 on tammikansi, joka on nimens\u00e4 mukaisesti rustiikkinen, eli hieman jo vanhan ja k\u00e4ytetyn n\u00e4k\u00f6inen uutena. Emilia-tuolien istuimissa on my\u00f6s rustiikkinen\u2026","rel":"","context":"Liknande produkt","block_context":{"text":"Liknande produkt","link":""},"img":{"alt_text":"6 kpl Emilia tuoleja ja Rustiikki ruokap\u00f6yt\u00e4 170x90 cm musta\/rustiikki tammi","src":"https:\/\/i0.wp.com\/pohjanmaantehtaanmyymala.fi\/wp-content\/uploads\/2022\/11\/Emilia-ruokaryhma-6tuolilla-musta-tammi.jpg?fit=960%2C960&ssl=1&resize=350%2C200","width":350,"height":200,"srcset":"https:\/\/i0.wp.com\/pohjanmaantehtaanmyymala.fi\/wp-content\/uploads\/2022\/11\/Emilia-ruokaryhma-6tuolilla-musta-tammi.jpg?fit=960%2C960&ssl=1&resize=350%2C200 1x, https:\/\/i0.wp.com\/pohjanmaantehtaanmyymala.fi\/wp-content\/uploads\/2022\/11\/Emilia-ruokaryhma-6tuolilla-musta-tammi.jpg?fit=960%2C960&ssl=1&resize=525%2C300 1.5x, https:\/\/i0.wp.com\/pohjanmaantehtaanmyymala.fi\/wp-content\/uploads\/2022\/11\/Emilia-ruokaryhma-6tuolilla-musta-tammi.jpg?fit=960%2C960&ssl=1&resize=700%2C400 2x"},"classes":[]},{"id":21699,"url":"https:\/\/pohjanmaantehtaanmyymala.fi\/sv\/tuote\/emmi-ruokaryhma-4-tuolilla-musta-tammi\/","url_meta":{"origin":26206,"position":3},"title":"Emmi ruokaryhm\u00e4 4 tuolilla musta\/tammi","author":"Sami Viitala","date":"november 22, 2022","format":false,"excerpt":"Perinteinen Emmi- ruokailuryhm\u00e4 sis\u00e4lt\u00e4\u00e4 Rustiikki p\u00f6yd\u00e4n 140*80 cm ja 4 kpl Emmi tuolia. Emmi ruokailuryhm\u00e4 on valmistettu koivusta ja tammesta. P\u00f6yd\u00e4n jalkaosat ja tuolien rungot on maalattu mustaksi. Rustiikki p\u00f6yd\u00e4ss\u00e4 on tammikansi, joka on nimens\u00e4 mukaisesti rustiikkinen, eli hieman jo vanhan ja k\u00e4ytetyn n\u00e4k\u00f6inen uutena. Emmi-tuolien istuimissa on my\u00f6s rustiikkinen\u2026","rel":"","context":"Liknande produkt","block_context":{"text":"Liknande produkt","link":""},"img":{"alt_text":"Emmi ruokaryhm\u00e4 140x80 cm 4-tuolilla musta\/rustiikkitammi","src":"https:\/\/i0.wp.com\/pohjanmaantehtaanmyymala.fi\/wp-content\/uploads\/2022\/11\/Emmi-ruokaryhma-4tuolilla-musta-tammi.jpg?fit=960%2C960&ssl=1&resize=350%2C200","width":350,"height":200,"srcset":"https:\/\/i0.wp.com\/pohjanmaantehtaanmyymala.fi\/wp-content\/uploads\/2022\/11\/Emmi-ruokaryhma-4tuolilla-musta-tammi.jpg?fit=960%2C960&ssl=1&resize=350%2C200 1x, https:\/\/i0.wp.com\/pohjanmaantehtaanmyymala.fi\/wp-content\/uploads\/2022\/11\/Emmi-ruokaryhma-4tuolilla-musta-tammi.jpg?fit=960%2C960&ssl=1&resize=525%2C300 1.5x, https:\/\/i0.wp.com\/pohjanmaantehtaanmyymala.fi\/wp-content\/uploads\/2022\/11\/Emmi-ruokaryhma-4tuolilla-musta-tammi.jpg?fit=960%2C960&ssl=1&resize=700%2C400 2x"},"classes":[]},{"id":21661,"url":"https:\/\/pohjanmaantehtaanmyymala.fi\/sv\/tuote\/emmi-ruokaryhma-6-tuolilla-musta-tammi\/","url_meta":{"origin":26206,"position":4},"title":"Emmi ruokaryhm\u00e4 6 tuolilla musta\/tammi","author":"Sami Viitala","date":"november 22, 2022","format":false,"excerpt":"Esittelymalliryhm\u00e4 j\u00e4ljell\u00e4! Perinteinen Emmi- ruokailuryhm\u00e4 sis\u00e4lt\u00e4\u00e4 Rustiikki p\u00f6yd\u00e4n 180*90 cm ja 6 kpl Emmi tuolia. Emmi ruokailuryhm\u00e4 on valmistettu koivusta ja tammesta. P\u00f6yd\u00e4n jalkaosat ja tuolien rungot on maalattu mustaksi. Rustiikki p\u00f6yd\u00e4ss\u00e4 on tammikansi, joka on nimens\u00e4 mukaisesti rustiikkinen, eli hieman jo vanhan ja k\u00e4ytetyn n\u00e4k\u00f6inen uutena. Emmi-tuolien istuimissa on\u2026","rel":"","context":"Liknande produkt","block_context":{"text":"Liknande produkt","link":""},"img":{"alt_text":"Emmi ruokaryhm\u00e4 160*90 cm musta \/ rustiikkitammi","src":"https:\/\/i0.wp.com\/pohjanmaantehtaanmyymala.fi\/wp-content\/uploads\/2022\/11\/Emmi-ruokaryhma-6tuolilla-musta-tammi.jpg?fit=960%2C960&ssl=1&resize=350%2C200","width":350,"height":200,"srcset":"https:\/\/i0.wp.com\/pohjanmaantehtaanmyymala.fi\/wp-content\/uploads\/2022\/11\/Emmi-ruokaryhma-6tuolilla-musta-tammi.jpg?fit=960%2C960&ssl=1&resize=350%2C200 1x, https:\/\/i0.wp.com\/pohjanmaantehtaanmyymala.fi\/wp-content\/uploads\/2022\/11\/Emmi-ruokaryhma-6tuolilla-musta-tammi.jpg?fit=960%2C960&ssl=1&resize=525%2C300 1.5x, https:\/\/i0.wp.com\/pohjanmaantehtaanmyymala.fi\/wp-content\/uploads\/2022\/11\/Emmi-ruokaryhma-6tuolilla-musta-tammi.jpg?fit=960%2C960&ssl=1&resize=700%2C400 2x"},"classes":[]},{"id":24021,"url":"https:\/\/pohjanmaantehtaanmyymala.fi\/sv\/tuote\/pohjanmaan-4-hengen-lilja-ruokaryhma-koivu\/","url_meta":{"origin":26206,"position":5},"title":"Pohjanmaan 4-hengen LILJA ruokaryhm\u00e4 koivu","author":"Sami Viitala","date":"november 14, 2023","format":false,"excerpt":"Tyylik\u00e4s nelj\u00e4n hengen Lilja-ruokaryhm\u00e4. T\u00e4m\u00e4 p\u00f6yt\u00e4 on 140 cm pitk\u00e4. Ryhdik\u00e4s Lilja ruokap\u00f6yt\u00e4 on valmistettu massiivikoivusta. P\u00f6yd\u00e4n kaverina ovat suositut ja kevyet Lilja-pinnatuolit. Ryhm\u00e4\u00e4 on saatavana my\u00f6s massiivitammisena sek\u00e4 useilla muilla eri v\u00e4reill\u00e4. Kysy hinta- ja lis\u00e4tietoa sek\u00e4 saatavuustietoja myynnist\u00e4mme! Tuotetiedot: Tuotekortti latautuu t\u00e4st\u00e4. -P\u00f6yd\u00e4n koko: 90x140 cm, Korkeus: 75\u2026","rel":"","context":"Liknande produkt","block_context":{"text":"Liknande produkt","link":""},"img":{"alt_text":"Lilja 4 hengen ruokaryhm\u00e4 pinnatuoleilla koivua kansi koivu lv jalat mustat","src":"https:\/\/i0.wp.com\/pohjanmaantehtaanmyymala.fi\/wp-content\/uploads\/2023\/11\/Lilja_ruokaryhma_4-tuolilla_musta-Koivu.jpg?fit=960%2C960&ssl=1&resize=350%2C200","width":350,"height":200,"srcset":"https:\/\/i0.wp.com\/pohjanmaantehtaanmyymala.fi\/wp-content\/uploads\/2023\/11\/Lilja_ruokaryhma_4-tuolilla_musta-Koivu.jpg?fit=960%2C960&ssl=1&resize=350%2C200 1x, https:\/\/i0.wp.com\/pohjanmaantehtaanmyymala.fi\/wp-content\/uploads\/2023\/11\/Lilja_ruokaryhma_4-tuolilla_musta-Koivu.jpg?fit=960%2C960&ssl=1&resize=525%2C300 1.5x, https:\/\/i0.wp.com\/pohjanmaantehtaanmyymala.fi\/wp-content\/uploads\/2023\/11\/Lilja_ruokaryhma_4-tuolilla_musta-Koivu.jpg?fit=960%2C960&ssl=1&resize=700%2C400 2x"},"classes":[]}],"_links":{"self":[{"href":"https:\/\/pohjanmaantehtaanmyymala.fi\/sv\/wp-json\/wp\/v2\/product\/26206","targetHints":{"allow":["GET"]}}],"collection":[{"href":"https:\/\/pohjanmaantehtaanmyymala.fi\/sv\/wp-json\/wp\/v2\/product"}],"about":[{"href":"https:\/\/pohjanmaantehtaanmyymala.fi\/sv\/wp-json\/wp\/v2\/types\/product"}],"replies":[{"embeddable":true,"href":"https:\/\/pohjanmaantehtaanmyymala.fi\/sv\/wp-json\/wp\/v2\/comments?post=26206"}],"wp:featuredmedia":[{"embeddable":true,"href":"https:\/\/pohjanmaantehtaanmyymala.fi\/sv\/wp-json\/wp\/v2\/media\/26156"}],"wp:attachment":[{"href":"https:\/\/pohjanmaantehtaanmyymala.fi\/sv\/wp-json\/wp\/v2\/media?parent=26206"}],"wp:term":[{"taxonomy":"product_brand","embeddable":true,"href":"https:\/\/pohjanmaantehtaanmyymala.fi\/sv\/wp-json\/wp\/v2\/product_brand?post=26206"},{"taxonomy":"product_cat","embeddable":true,"href":"https:\/\/pohjanmaantehtaanmyymala.fi\/sv\/wp-json\/wp\/v2\/product_cat?post=26206"},{"taxonomy":"product_tag","embeddable":true,"href":"https:\/\/pohjanmaantehtaanmyymala.fi\/sv\/wp-json\/wp\/v2\/product_tag?post=26206"}],"curies":[{"name":"wp","href":"https:\/\/api.w.org\/{rel}","templated":true}]}}