{"id":26149,"date":"2024-09-20T16:58:36","date_gmt":"2024-09-20T14:58:36","guid":{"rendered":"https:\/\/pohjanmaantehtaanmyymala.fi\/?post_type=product&#038;p=26149"},"modified":"2025-10-02T12:47:06","modified_gmt":"2025-10-02T10:47:06","slug":"siera-pyorea-poyta-halk-120-cm","status":"publish","type":"product","link":"https:\/\/pohjanmaantehtaanmyymala.fi\/sv\/tuote\/siera-pyorea-poyta-halk-120-cm\/","title":{"rendered":"Siera py\u00f6re\u00e4 p\u00f6yt\u00e4 halk. 120 cm"},"content":{"rendered":"<p>Siera-p\u00f6yt\u00e4 on elegantti valinta moderniin kotiin. Sen vankka kansi ja erikoinen rimakuviointi jalkaosassa tekev\u00e4t siit\u00e4 ainutlaatuisen ruokap\u00f6yt\u00e4vaihtoehdon. T\u00e4m\u00e4 p\u00f6yt\u00e4 tarjoaa mukavan istumapaikan isommallekin seurueelle, ja sen ymp\u00e4rille sopii mainiosti 4-6 ruokailutuolia. <span style=\"font-family: -apple-system, BlinkMacSystemFont, 'Segoe UI', Roboto, Oxygen-Sans, Ubuntu, Cantarell, 'Helvetica Neue', sans-serif;\">T\u00e4m\u00e4 p\u00f6yt\u00e4 sopii erinomaisesti Sara tai Marcus tuolien kanssa. P\u00f6yt\u00e4 on saatavilla mustana tai valkoisena.<\/span><\/p>\n<p><strong>Tuotetiedot:<\/strong><\/p>\n<p>Mitat: Kannen halkasija 120cm, paksuus 2.5cm ja p\u00f6yd\u00e4n korkeus 76cm.<br \/>\nKansi MDF-levy\u00e4.<br \/>\nSaatavana mustana tai valkoisena.<\/p>\n","protected":false},"excerpt":{"rendered":"<p>Siera-p\u00f6yt\u00e4 on elegantti valinta moderniin kotiin. Sen vankka kansi ja erikoinen rimakuviointi jalkaosassa tekev\u00e4t siit\u00e4 ainutlaatuisen ruokap\u00f6yt\u00e4vaihtoehdon. T\u00e4m\u00e4 p\u00f6yt\u00e4 tarjoaa mukavan istumapaikan isommallekin seurueelle, ja sen ymp\u00e4rille sopii mainiosti 4-6 ruokailutuolia. T\u00e4m\u00e4 p\u00f6yt\u00e4 sopii erinomaisesti Sara tai Marcus tuolien kanssa. P\u00f6yt\u00e4 on saatavilla mustana tai valkoisena. Tuotetiedot: Mitat: Kannen halkasija 120cm, paksuus 2.5cm ja p\u00f6yd\u00e4n [&hellip;]<\/p>\n","protected":false},"featured_media":26162,"comment_status":"closed","ping_status":"closed","template":"","meta":{"_acf_changed":false,"jetpack_post_was_ever_published":false,"jetpack_publicize_message":"","jetpack_publicize_feature_enabled":true,"jetpack_social_post_already_shared":true,"jetpack_social_options":{"image_generator_settings":{"template":"highway","default_image_id":0,"font":"","enabled":false},"version":2}},"product_brand":[211],"product_cat":[194],"product_tag":[],"class_list":{"0":"post-26149","1":"product","2":"type-product","3":"status-publish","4":"has-post-thumbnail","6":"product_brand-tenstar","7":"product_cat-ruokapoydat-ja-tuolit","8":"pa_vari-musta","9":"pa_vari-valkoinen","11":"first","12":"instock","13":"sale","14":"shipping-taxable","15":"purchasable","16":"product-type-variable"},"acf":[],"jetpack_publicize_connections":[],"jetpack_sharing_enabled":true,"jetpack-related-posts":[{"id":26206,"url":"https:\/\/pohjanmaantehtaanmyymala.fi\/sv\/tuote\/siera-ruokaryhma-marcus-tuoleilla\/","url_meta":{"origin":26149,"position":0},"title":"Siera ruokaryhm\u00e4 Marcus-tuoleilla","author":"Miro Nevala","date":"oktober 2, 2024","format":false,"excerpt":"N\u00e4ytt\u00e4v\u00e4 py\u00f6re\u00e4 Siera-ruokaryhm\u00e4 mustilla Marcus tuoleilla!","rel":"","context":"Liknande produkt","block_context":{"text":"Liknande produkt","link":""},"img":{"alt_text":"Siera p\u00f6yt\u00e4 valkoinen mustien Marcus tuolien kanssa","src":"https:\/\/i0.wp.com\/pohjanmaantehtaanmyymala.fi\/wp-content\/uploads\/2024\/03\/Siera-po%CC%88yta%CC%88-valkoinen-Marcus-tuoleilla.jpg?fit=960%2C960&ssl=1&resize=350%2C200","width":350,"height":200,"srcset":"https:\/\/i0.wp.com\/pohjanmaantehtaanmyymala.fi\/wp-content\/uploads\/2024\/03\/Siera-po%CC%88yta%CC%88-valkoinen-Marcus-tuoleilla.jpg?fit=960%2C960&ssl=1&resize=350%2C200 1x, https:\/\/i0.wp.com\/pohjanmaantehtaanmyymala.fi\/wp-content\/uploads\/2024\/03\/Siera-po%CC%88yta%CC%88-valkoinen-Marcus-tuoleilla.jpg?fit=960%2C960&ssl=1&resize=525%2C300 1.5x, https:\/\/i0.wp.com\/pohjanmaantehtaanmyymala.fi\/wp-content\/uploads\/2024\/03\/Siera-po%CC%88yta%CC%88-valkoinen-Marcus-tuoleilla.jpg?fit=960%2C960&ssl=1&resize=700%2C400 2x"},"classes":[]},{"id":26168,"url":"https:\/\/pohjanmaantehtaanmyymala.fi\/sv\/tuote\/puro-ruokapoyta-140-cm\/","url_meta":{"origin":26149,"position":1},"title":"Puro p\u00f6yt\u00e4 140&#215;80 cm","author":"Miro Nevala","date":"mars 4, 2024","format":false,"excerpt":"Puro ruokap\u00f6yt\u00e4 on sopii suomalaiseen sisustukseen. P\u00f6yd\u00e4n kansi-osa on valmistettu MDF-levyst\u00e4, joka on viimeistelty kauniisti kuvioidulla puuviilulla. T\u00e4m\u00e4 yksityiskohta tuo ruokap\u00f6yt\u00e4\u00e4n l\u00e4mp\u00f6\u00e4 ja luonnetta. Tammen v\u00e4ri antaa p\u00f6yd\u00e4lle luonnollisen ja ajattoman ulkon\u00e4\u00f6n, ja se sopii saumattomasti erilaisiin sisustustyyleihin. Jalka on pulverimaalattua metallia, joka antaa vankan perustan ruokap\u00f6yd\u00e4lle. Tuotetiedot: Mitat: Kannen\u2026","rel":"","context":"Liknande produkt","block_context":{"text":"Liknande produkt","link":""},"img":{"alt_text":"","src":"https:\/\/i0.wp.com\/pohjanmaantehtaanmyymala.fi\/wp-content\/uploads\/2024\/03\/Puro-ruokapoyta-1.jpg?fit=1024%2C1024&ssl=1&resize=350%2C200","width":350,"height":200,"srcset":"https:\/\/i0.wp.com\/pohjanmaantehtaanmyymala.fi\/wp-content\/uploads\/2024\/03\/Puro-ruokapoyta-1.jpg?fit=1024%2C1024&ssl=1&resize=350%2C200 1x, https:\/\/i0.wp.com\/pohjanmaantehtaanmyymala.fi\/wp-content\/uploads\/2024\/03\/Puro-ruokapoyta-1.jpg?fit=1024%2C1024&ssl=1&resize=525%2C300 1.5x, https:\/\/i0.wp.com\/pohjanmaantehtaanmyymala.fi\/wp-content\/uploads\/2024\/03\/Puro-ruokapoyta-1.jpg?fit=1024%2C1024&ssl=1&resize=700%2C400 2x"},"classes":[]},{"id":13056,"url":"https:\/\/pohjanmaantehtaanmyymala.fi\/sv\/tuote\/house-nordic-vojens-ruokapoyta-120-cm\/","url_meta":{"origin":26149,"position":2},"title":"House Nordic Vojens -ruokap\u00f6yt\u00e4 120 cm","author":"Sami Viitala","date":"september 17, 2020","format":false,"excerpt":"Pieni ja tyylik\u00e4s ruokap\u00f6yt\u00e4 vaikka opiskelija-asuntoon.","rel":"","context":"Liknande produkt","block_context":{"text":"Liknande produkt","link":""},"img":{"alt_text":"Vojens p\u00f6yt\u00e4 80x120 cm puunv\u00e4riset jalat ja valkoinen kansi","src":"https:\/\/i0.wp.com\/pohjanmaantehtaanmyymala.fi\/wp-content\/uploads\/2020\/09\/Vojens_2201030.jpg?fit=960%2C960&ssl=1&resize=350%2C200","width":350,"height":200,"srcset":"https:\/\/i0.wp.com\/pohjanmaantehtaanmyymala.fi\/wp-content\/uploads\/2020\/09\/Vojens_2201030.jpg?fit=960%2C960&ssl=1&resize=350%2C200 1x, https:\/\/i0.wp.com\/pohjanmaantehtaanmyymala.fi\/wp-content\/uploads\/2020\/09\/Vojens_2201030.jpg?fit=960%2C960&ssl=1&resize=525%2C300 1.5x, https:\/\/i0.wp.com\/pohjanmaantehtaanmyymala.fi\/wp-content\/uploads\/2020\/09\/Vojens_2201030.jpg?fit=960%2C960&ssl=1&resize=700%2C400 2x"},"classes":[]},{"id":18606,"url":"https:\/\/pohjanmaantehtaanmyymala.fi\/sv\/tuote\/ohio-lankkupoyta-240-cm\/","url_meta":{"origin":26149,"position":3},"title":"Ohio &#8211; lankkup\u00f6yt\u00e4 240&#215;95 cm","author":"Sami Viitala","date":"oktober 29, 2021","format":false,"excerpt":"N\u00e4ytt\u00e4v\u00e4 ruokap\u00f6yt\u00e4 metallijaloilla.","rel":"","context":"Liknande produkt","block_context":{"text":"Liknande produkt","link":""},"img":{"alt_text":"Ohio-lankkup\u00f6yt\u00e4 valkolakattu tammi mustilla jaloilla","src":"https:\/\/i0.wp.com\/pohjanmaantehtaanmyymala.fi\/wp-content\/uploads\/2021\/10\/Pohjanmaan_Ohio-lankkupoyta-240.jpg?fit=960%2C960&ssl=1&resize=350%2C200","width":350,"height":200,"srcset":"https:\/\/i0.wp.com\/pohjanmaantehtaanmyymala.fi\/wp-content\/uploads\/2021\/10\/Pohjanmaan_Ohio-lankkupoyta-240.jpg?fit=960%2C960&ssl=1&resize=350%2C200 1x, https:\/\/i0.wp.com\/pohjanmaantehtaanmyymala.fi\/wp-content\/uploads\/2021\/10\/Pohjanmaan_Ohio-lankkupoyta-240.jpg?fit=960%2C960&ssl=1&resize=525%2C300 1.5x, https:\/\/i0.wp.com\/pohjanmaantehtaanmyymala.fi\/wp-content\/uploads\/2021\/10\/Pohjanmaan_Ohio-lankkupoyta-240.jpg?fit=960%2C960&ssl=1&resize=700%2C400 2x"},"classes":[]},{"id":19096,"url":"https:\/\/pohjanmaantehtaanmyymala.fi\/sv\/tuote\/rowico-winnipeg-poyta-200-cm\/","url_meta":{"origin":26149,"position":4},"title":"Rowico Winnipeg-p\u00f6yt\u00e4 200&#215;100 cm","author":"Sami Viitala","date":"november 17, 2021","format":false,"excerpt":"Selk\u00e4linjainen ruokap\u00f6yt\u00e4 metallijaloilla. Saatavan kahdessa eri v\u00e4riss\u00e4.","rel":"","context":"Liknande produkt","block_context":{"text":"Liknande produkt","link":""},"img":{"alt_text":"Winnipeg p\u00f6yt\u00e4 valkopesty tammi mustat jalat ruokatilassa","src":"https:\/\/i0.wp.com\/pohjanmaantehtaanmyymala.fi\/wp-content\/uploads\/2021\/11\/Winnipeg-poyta-200-valkotammi-musta-miljoo.jpg?fit=960%2C960&ssl=1&resize=350%2C200","width":350,"height":200,"srcset":"https:\/\/i0.wp.com\/pohjanmaantehtaanmyymala.fi\/wp-content\/uploads\/2021\/11\/Winnipeg-poyta-200-valkotammi-musta-miljoo.jpg?fit=960%2C960&ssl=1&resize=350%2C200 1x, https:\/\/i0.wp.com\/pohjanmaantehtaanmyymala.fi\/wp-content\/uploads\/2021\/11\/Winnipeg-poyta-200-valkotammi-musta-miljoo.jpg?fit=960%2C960&ssl=1&resize=525%2C300 1.5x, https:\/\/i0.wp.com\/pohjanmaantehtaanmyymala.fi\/wp-content\/uploads\/2021\/11\/Winnipeg-poyta-200-valkotammi-musta-miljoo.jpg?fit=960%2C960&ssl=1&resize=700%2C400 2x"},"classes":[]},{"id":25116,"url":"https:\/\/pohjanmaantehtaanmyymala.fi\/sv\/tuote\/wild-lankku-ruokapoyta-280x95cm\/","url_meta":{"origin":26149,"position":5},"title":"Wild lankku Ruokap\u00f6yt\u00e4 280x95cm","author":"Miro Nevala","date":"februari 13, 2024","format":false,"excerpt":"Vaikuttava ja yksil\u00f6llinen luonnontuotteena valmistettu ruokap\u00f6yt\u00e4!","rel":"","context":"Liknande produkt","block_context":{"text":"Liknande produkt","link":""},"img":{"alt_text":"Pohjanmaan Wild tammilankkup\u00f6yt\u00e4 240x95cm mustilla metallijaloilla","src":"https:\/\/i0.wp.com\/pohjanmaantehtaanmyymala.fi\/wp-content\/uploads\/2024\/02\/Pohjanmaan-Wild-tammilankkupo%CC%88yta%CC%88-240cm-960dpi.jpg?fit=960%2C960&ssl=1&resize=350%2C200","width":350,"height":200,"srcset":"https:\/\/i0.wp.com\/pohjanmaantehtaanmyymala.fi\/wp-content\/uploads\/2024\/02\/Pohjanmaan-Wild-tammilankkupo%CC%88yta%CC%88-240cm-960dpi.jpg?fit=960%2C960&ssl=1&resize=350%2C200 1x, https:\/\/i0.wp.com\/pohjanmaantehtaanmyymala.fi\/wp-content\/uploads\/2024\/02\/Pohjanmaan-Wild-tammilankkupo%CC%88yta%CC%88-240cm-960dpi.jpg?fit=960%2C960&ssl=1&resize=525%2C300 1.5x, https:\/\/i0.wp.com\/pohjanmaantehtaanmyymala.fi\/wp-content\/uploads\/2024\/02\/Pohjanmaan-Wild-tammilankkupo%CC%88yta%CC%88-240cm-960dpi.jpg?fit=960%2C960&ssl=1&resize=700%2C400 2x"},"classes":[]}],"_links":{"self":[{"href":"https:\/\/pohjanmaantehtaanmyymala.fi\/sv\/wp-json\/wp\/v2\/product\/26149","targetHints":{"allow":["GET"]}}],"collection":[{"href":"https:\/\/pohjanmaantehtaanmyymala.fi\/sv\/wp-json\/wp\/v2\/product"}],"about":[{"href":"https:\/\/pohjanmaantehtaanmyymala.fi\/sv\/wp-json\/wp\/v2\/types\/product"}],"replies":[{"embeddable":true,"href":"https:\/\/pohjanmaantehtaanmyymala.fi\/sv\/wp-json\/wp\/v2\/comments?post=26149"}],"wp:featuredmedia":[{"embeddable":true,"href":"https:\/\/pohjanmaantehtaanmyymala.fi\/sv\/wp-json\/wp\/v2\/media\/26162"}],"wp:attachment":[{"href":"https:\/\/pohjanmaantehtaanmyymala.fi\/sv\/wp-json\/wp\/v2\/media?parent=26149"}],"wp:term":[{"taxonomy":"product_brand","embeddable":true,"href":"https:\/\/pohjanmaantehtaanmyymala.fi\/sv\/wp-json\/wp\/v2\/product_brand?post=26149"},{"taxonomy":"product_cat","embeddable":true,"href":"https:\/\/pohjanmaantehtaanmyymala.fi\/sv\/wp-json\/wp\/v2\/product_cat?post=26149"},{"taxonomy":"product_tag","embeddable":true,"href":"https:\/\/pohjanmaantehtaanmyymala.fi\/sv\/wp-json\/wp\/v2\/product_tag?post=26149"}],"curies":[{"name":"wp","href":"https:\/\/api.w.org\/{rel}","templated":true}]}}