{"id":25983,"date":"2024-11-18T17:29:22","date_gmt":"2024-11-18T15:29:22","guid":{"rendered":"https:\/\/pohjanmaantehtaanmyymala.fi\/?post_type=product&#038;p=25983"},"modified":"2024-11-18T17:29:22","modified_gmt":"2024-11-18T15:29:22","slug":"line-sohvapoyta-nro-19-valkoinen-kansi","status":"publish","type":"product","link":"https:\/\/pohjanmaantehtaanmyymala.fi\/sv\/tuote\/line-sohvapoyta-nro-19-valkoinen-kansi\/","title":{"rendered":"Line-sohvap\u00f6yt\u00e4 Nro 19 Valkoinen kansi"},"content":{"rendered":"<p>Tyylik\u00e4s Line-sohvap\u00f6yt\u00e4 Nro19 on kotimainen sohvap\u00f6yt\u00e4, josta l\u00f6ytyy my\u00f6s alataso! Line-sohvap\u00f6yd\u00e4ss\u00e4 on monipuoliset v\u00e4rivaihtoehdot, joiden avulla voit yhdistell\u00e4 oman mieltymyksesi mukaan. Voit valita sinun sisustukseesi sopivan rungon v\u00e4rin, joita ovat musta ja valkoinen. Voit my\u00f6s valita kannen v\u00e4rin erikseen useasta eri vaihtoehdosta.<\/p>\n<p><span style=\"font-family: -apple-system, BlinkMacSystemFont, 'Segoe UI', Roboto, Oxygen-Sans, Ubuntu, Cantarell, 'Helvetica Neue', sans-serif;\">Sohvap\u00f6yd\u00e4n kannen v\u00e4rivaihtoehdot ovat Saarni, Tammi, Betoni, Antrasiitti, Musta tai Valkoinen. N\u00e4iden vaihtoehtojen avulla voit personoida sohvap\u00f6yd\u00e4n tyylin juuri kotisi tunnelmaan sopivaksi. <\/span><\/p>\n<p><span style=\"font-family: -apple-system, BlinkMacSystemFont, 'Segoe UI', Roboto, Oxygen-Sans, Ubuntu, Cantarell, 'Helvetica Neue', sans-serif;\">T\u00e4m\u00e4 malli on valkoisella kannella. Valitse siis vain jalkojen v\u00e4ri!<\/span><\/p>\n<p>Toimitus tapahtuu osina, mik\u00e4 tekee kokoonpanosta vaivatonta. Line-sohvap\u00f6yt\u00e4 on k\u00e4yt\u00e4nn\u00f6llinen ja tyylik\u00e4s lis\u00e4ys olohuoneeseesi.<\/p>\n<p><strong>Tuotetiedot:<\/strong><\/p>\n<p>Materiaali: Valkoinen korkealaatuinen maalattu MDF-levy kansi.<br \/>\nJalat: Musta tai valkoinen metallijalka.<br \/>\nMitat: Pituus 90cm, leveys 60cm, korkeus 49.5cm<br \/>\nKotimainen<\/p>\n","protected":false},"excerpt":{"rendered":"<p>Suomessa valmistettu, monipuolisilla v\u00e4rivaihtoehdoilla saatava sohvap\u00f6yt\u00e4!<\/p>\n","protected":false},"featured_media":26019,"comment_status":"closed","ping_status":"closed","template":"","meta":{"_acf_changed":false,"jetpack_post_was_ever_published":false,"jetpack_publicize_message":"","jetpack_publicize_feature_enabled":true,"jetpack_social_post_already_shared":true,"jetpack_social_options":{"image_generator_settings":{"template":"highway","default_image_id":0,"font":"","enabled":false},"version":2}},"product_brand":[183],"product_cat":[199],"product_tag":[],"class_list":{"0":"post-25983","1":"product","2":"type-product","3":"status-publish","4":"has-post-thumbnail","6":"product_brand-ojala","7":"product_cat-sohva-ja-sivupoydat","9":"first","10":"instock","11":"sale","12":"shipping-taxable","13":"purchasable","14":"product-type-variable"},"acf":[],"jetpack_publicize_connections":[],"jetpack_sharing_enabled":true,"jetpack-related-posts":[{"id":26028,"url":"https:\/\/pohjanmaantehtaanmyymala.fi\/sv\/tuote\/line-sohvapoyta-nro-19-musta-kansi\/","url_meta":{"origin":25983,"position":0},"title":"Line-sohvap\u00f6yt\u00e4 Nro 19 Musta kansi","author":"Miro Nevala","date":"februari 22, 2024","format":false,"excerpt":"Suomessa valmistettu, monipuolisilla v\u00e4rivaihtoehdoilla saatava sohvap\u00f6yt\u00e4!","rel":"","context":"Liknande produkt","block_context":{"text":"Liknande produkt","link":""},"img":{"alt_text":"Line sohvap\u00f6yt\u00e4 musta kansi valkoiset jalat","src":"https:\/\/i0.wp.com\/pohjanmaantehtaanmyymala.fi\/wp-content\/uploads\/2024\/02\/Line_sohvapoyta_musta_valk_170.jpg?fit=960%2C960&ssl=1&resize=350%2C200","width":350,"height":200,"srcset":"https:\/\/i0.wp.com\/pohjanmaantehtaanmyymala.fi\/wp-content\/uploads\/2024\/02\/Line_sohvapoyta_musta_valk_170.jpg?fit=960%2C960&ssl=1&resize=350%2C200 1x, https:\/\/i0.wp.com\/pohjanmaantehtaanmyymala.fi\/wp-content\/uploads\/2024\/02\/Line_sohvapoyta_musta_valk_170.jpg?fit=960%2C960&ssl=1&resize=525%2C300 1.5x, https:\/\/i0.wp.com\/pohjanmaantehtaanmyymala.fi\/wp-content\/uploads\/2024\/02\/Line_sohvapoyta_musta_valk_170.jpg?fit=960%2C960&ssl=1&resize=700%2C400 2x"},"classes":[]},{"id":26034,"url":"https:\/\/pohjanmaantehtaanmyymala.fi\/sv\/tuote\/line-sohvapoyta-nro-19-betoni-kansi\/","url_meta":{"origin":25983,"position":1},"title":"Line-sohvap\u00f6yt\u00e4 Nro 19 Betoni kansi","author":"Miro Nevala","date":"februari 22, 2024","format":false,"excerpt":"Suomessa valmistettu, monipuolisilla v\u00e4rivaihtoehdoilla saatava sohvap\u00f6yt\u00e4!","rel":"","context":"Liknande produkt","block_context":{"text":"Liknande produkt","link":""},"img":{"alt_text":"Line sohvap\u00f6yt\u00e4 kansi betoni jalat valkoinen","src":"https:\/\/i0.wp.com\/pohjanmaantehtaanmyymala.fi\/wp-content\/uploads\/2024\/02\/Line_sohvapoyta_betoni_valk_174.jpg?fit=960%2C960&ssl=1&resize=350%2C200","width":350,"height":200,"srcset":"https:\/\/i0.wp.com\/pohjanmaantehtaanmyymala.fi\/wp-content\/uploads\/2024\/02\/Line_sohvapoyta_betoni_valk_174.jpg?fit=960%2C960&ssl=1&resize=350%2C200 1x, https:\/\/i0.wp.com\/pohjanmaantehtaanmyymala.fi\/wp-content\/uploads\/2024\/02\/Line_sohvapoyta_betoni_valk_174.jpg?fit=960%2C960&ssl=1&resize=525%2C300 1.5x, https:\/\/i0.wp.com\/pohjanmaantehtaanmyymala.fi\/wp-content\/uploads\/2024\/02\/Line_sohvapoyta_betoni_valk_174.jpg?fit=960%2C960&ssl=1&resize=700%2C400 2x"},"classes":[]},{"id":26031,"url":"https:\/\/pohjanmaantehtaanmyymala.fi\/sv\/tuote\/line-sohvapoyta-nro-19-saarni-kansi\/","url_meta":{"origin":25983,"position":2},"title":"Line-sohvap\u00f6yt\u00e4 Nro 19 Saarni kansi","author":"Miro Nevala","date":"februari 22, 2024","format":false,"excerpt":"Suomessa valmistettu, monipuolisilla v\u00e4rivaihtoehdoilla saatava sohvap\u00f6yt\u00e4!","rel":"","context":"Liknande produkt","block_context":{"text":"Liknande produkt","link":""},"img":{"alt_text":"Line sohvap\u00f6yt\u00e4 kansa saarni jalat valkoinen","src":"https:\/\/i0.wp.com\/pohjanmaantehtaanmyymala.fi\/wp-content\/uploads\/2024\/02\/Line_sohvapoyta_saarni_valk.jpg?fit=960%2C960&ssl=1&resize=350%2C200","width":350,"height":200,"srcset":"https:\/\/i0.wp.com\/pohjanmaantehtaanmyymala.fi\/wp-content\/uploads\/2024\/02\/Line_sohvapoyta_saarni_valk.jpg?fit=960%2C960&ssl=1&resize=350%2C200 1x, https:\/\/i0.wp.com\/pohjanmaantehtaanmyymala.fi\/wp-content\/uploads\/2024\/02\/Line_sohvapoyta_saarni_valk.jpg?fit=960%2C960&ssl=1&resize=525%2C300 1.5x, https:\/\/i0.wp.com\/pohjanmaantehtaanmyymala.fi\/wp-content\/uploads\/2024\/02\/Line_sohvapoyta_saarni_valk.jpg?fit=960%2C960&ssl=1&resize=700%2C400 2x"},"classes":[]},{"id":26037,"url":"https:\/\/pohjanmaantehtaanmyymala.fi\/sv\/tuote\/line-sohvapoyta-nro-19-tammi-kansi\/","url_meta":{"origin":25983,"position":3},"title":"Line-sohvap\u00f6yt\u00e4 Nro 19 Tammi kansi","author":"Miro Nevala","date":"februari 22, 2024","format":false,"excerpt":"Suomessa valmistettu, monipuolisilla v\u00e4rivaihtoehdoilla saatava sohvap\u00f6yt\u00e4!","rel":"","context":"Liknande produkt","block_context":{"text":"Liknande produkt","link":""},"img":{"alt_text":"Line sohvap\u00f6yt\u00e4 kansi tammi jalat valkoiset","src":"https:\/\/i0.wp.com\/pohjanmaantehtaanmyymala.fi\/wp-content\/uploads\/2024\/02\/Line_sohvapoyta_tammi_valk_173.jpg?fit=960%2C960&ssl=1&resize=350%2C200","width":350,"height":200,"srcset":"https:\/\/i0.wp.com\/pohjanmaantehtaanmyymala.fi\/wp-content\/uploads\/2024\/02\/Line_sohvapoyta_tammi_valk_173.jpg?fit=960%2C960&ssl=1&resize=350%2C200 1x, https:\/\/i0.wp.com\/pohjanmaantehtaanmyymala.fi\/wp-content\/uploads\/2024\/02\/Line_sohvapoyta_tammi_valk_173.jpg?fit=960%2C960&ssl=1&resize=525%2C300 1.5x, https:\/\/i0.wp.com\/pohjanmaantehtaanmyymala.fi\/wp-content\/uploads\/2024\/02\/Line_sohvapoyta_tammi_valk_173.jpg?fit=960%2C960&ssl=1&resize=700%2C400 2x"},"classes":[]},{"id":26040,"url":"https:\/\/pohjanmaantehtaanmyymala.fi\/sv\/tuote\/line-sohvapoyta-nro-19-antrasiitti-kansi\/","url_meta":{"origin":25983,"position":4},"title":"Line-sohvap\u00f6yt\u00e4 Nro 19 Antrasiitti kansi","author":"Miro Nevala","date":"februari 22, 2024","format":false,"excerpt":"Suomessa valmistettu, monipuolisilla v\u00e4rivaihtoehdoilla saatava sohvap\u00f6yt\u00e4!","rel":"","context":"Liknande produkt","block_context":{"text":"Liknande produkt","link":""},"img":{"alt_text":"Line sohvap\u00f6yt\u00e4 kansi antrasiitti jalat valkoiset","src":"https:\/\/i0.wp.com\/pohjanmaantehtaanmyymala.fi\/wp-content\/uploads\/2024\/02\/Line_sohvapoyta_antrazit_valk.jpg?fit=960%2C960&ssl=1&resize=350%2C200","width":350,"height":200,"srcset":"https:\/\/i0.wp.com\/pohjanmaantehtaanmyymala.fi\/wp-content\/uploads\/2024\/02\/Line_sohvapoyta_antrazit_valk.jpg?fit=960%2C960&ssl=1&resize=350%2C200 1x, https:\/\/i0.wp.com\/pohjanmaantehtaanmyymala.fi\/wp-content\/uploads\/2024\/02\/Line_sohvapoyta_antrazit_valk.jpg?fit=960%2C960&ssl=1&resize=525%2C300 1.5x, https:\/\/i0.wp.com\/pohjanmaantehtaanmyymala.fi\/wp-content\/uploads\/2024\/02\/Line_sohvapoyta_antrazit_valk.jpg?fit=960%2C960&ssl=1&resize=700%2C400 2x"},"classes":[]},{"id":25944,"url":"https:\/\/pohjanmaantehtaanmyymala.fi\/sv\/tuote\/fondi-sohvapoyta\/","url_meta":{"origin":25983,"position":5},"title":"Fondi sohvap\u00f6yt\u00e4 100&#215;60 cm","author":"Miro Nevala","date":"september 10, 2024","format":false,"excerpt":"Suoraviivainen ja n\u00e4ytt\u00e4v\u00e4 sohvap\u00f6yt\u00e4. Valitse mieluinen v\u00e4ri!","rel":"","context":"Liknande produkt","block_context":{"text":"Liknande produkt","link":""},"img":{"alt_text":"Fondi sohvap\u00f6yt\u00e4 valkoinen","src":"https:\/\/i0.wp.com\/pohjanmaantehtaanmyymala.fi\/wp-content\/uploads\/2024\/02\/Fondi-NRO-20_sohvapoyta_valk.jpg?fit=960%2C960&ssl=1&resize=350%2C200","width":350,"height":200,"srcset":"https:\/\/i0.wp.com\/pohjanmaantehtaanmyymala.fi\/wp-content\/uploads\/2024\/02\/Fondi-NRO-20_sohvapoyta_valk.jpg?fit=960%2C960&ssl=1&resize=350%2C200 1x, https:\/\/i0.wp.com\/pohjanmaantehtaanmyymala.fi\/wp-content\/uploads\/2024\/02\/Fondi-NRO-20_sohvapoyta_valk.jpg?fit=960%2C960&ssl=1&resize=525%2C300 1.5x, https:\/\/i0.wp.com\/pohjanmaantehtaanmyymala.fi\/wp-content\/uploads\/2024\/02\/Fondi-NRO-20_sohvapoyta_valk.jpg?fit=960%2C960&ssl=1&resize=700%2C400 2x"},"classes":[]}],"_links":{"self":[{"href":"https:\/\/pohjanmaantehtaanmyymala.fi\/sv\/wp-json\/wp\/v2\/product\/25983","targetHints":{"allow":["GET"]}}],"collection":[{"href":"https:\/\/pohjanmaantehtaanmyymala.fi\/sv\/wp-json\/wp\/v2\/product"}],"about":[{"href":"https:\/\/pohjanmaantehtaanmyymala.fi\/sv\/wp-json\/wp\/v2\/types\/product"}],"replies":[{"embeddable":true,"href":"https:\/\/pohjanmaantehtaanmyymala.fi\/sv\/wp-json\/wp\/v2\/comments?post=25983"}],"wp:featuredmedia":[{"embeddable":true,"href":"https:\/\/pohjanmaantehtaanmyymala.fi\/sv\/wp-json\/wp\/v2\/media\/26019"}],"wp:attachment":[{"href":"https:\/\/pohjanmaantehtaanmyymala.fi\/sv\/wp-json\/wp\/v2\/media?parent=25983"}],"wp:term":[{"taxonomy":"product_brand","embeddable":true,"href":"https:\/\/pohjanmaantehtaanmyymala.fi\/sv\/wp-json\/wp\/v2\/product_brand?post=25983"},{"taxonomy":"product_cat","embeddable":true,"href":"https:\/\/pohjanmaantehtaanmyymala.fi\/sv\/wp-json\/wp\/v2\/product_cat?post=25983"},{"taxonomy":"product_tag","embeddable":true,"href":"https:\/\/pohjanmaantehtaanmyymala.fi\/sv\/wp-json\/wp\/v2\/product_tag?post=25983"}],"curies":[{"name":"wp","href":"https:\/\/api.w.org\/{rel}","templated":true}]}}