{"id":25883,"date":"2024-10-02T14:13:54","date_gmt":"2024-10-02T12:13:54","guid":{"rendered":"https:\/\/pohjanmaantehtaanmyymala.fi\/?post_type=product&#038;p=25883"},"modified":"2024-12-10T14:32:15","modified_gmt":"2024-12-10T12:32:15","slug":"trillo-21st-tyotuoli","status":"publish","type":"product","link":"https:\/\/pohjanmaantehtaanmyymala.fi\/sv\/tuote\/trillo-21st-tyotuoli\/","title":{"rendered":"Trillo 21ST-ty\u00f6tuoli"},"content":{"rendered":"<p>Trillo 21ST -tuoli on ihanteellinen valinta kaikenlaisille k\u00e4ytt\u00e4jille. Trillo on suunniteltu miellytt\u00e4m\u00e4\u00e4n kaikkia k\u00e4ytt\u00e4ji\u00e4, ja sen SynchroSelf-keinumekanismi s\u00e4\u00e4tyy automaattisesti jokaisen istujan mukavuutta ajatellen. K\u00e4ytt\u00e4j\u00e4n tarvitsee vain s\u00e4\u00e4t\u00e4\u00e4 istuimen korkeus sopivaksi, ja tuoli on heti valmis k\u00e4ytt\u00f6\u00f6n.<\/p>\n<p>Trillo 21ST -tuolin muotoiltu selk\u00e4noja ja pehme\u00e4 istuin lis\u00e4\u00e4v\u00e4t mukavuutta ty\u00f6skentelyss\u00e4. Se tarjoaa t\u00e4ydellisen tasapainon yksinkertaisuuden, modernin muotoilun ja k\u00e4ytt\u00f6mukavuuden v\u00e4lill\u00e4, tehden siit\u00e4 ihanteellisen valinnan monipuolisiin ja jatkuvasti muuttuviin ty\u00f6ymp\u00e4rist\u00f6ihin.<\/p>\n<p><strong>Ominaisuudet:<\/strong><br \/>\nKeinumekanismi<span class=\"brClass\"> lukittavissa kahteen asentoon; vaakataso sek\u00e4 taakse.<\/span><br \/>\nVerhoiltu istuin ja selk\u00e4noja.<br \/>\nKaasujousella toteutettu korkeudens\u00e4\u00e4t\u00f6.<br \/>\nPehme\u00e4t PU-py\u00f6r\u00e4t koville lattiapinnoille.<\/p>\n<p><strong>Mitat:<\/strong><br \/>\nIstuimen korkeus: 43-56 cm.<br \/>\nIstuimen leveys: 49 cm.<br \/>\nIstuimen syvyys: 42 cm.<br \/>\nSelk\u00e4nojan korkeus: 46 cm.<br \/>\nJalkaristikon halkaisija: 68 cm.<\/p>\n","protected":false},"excerpt":{"rendered":"<p>Tyylik\u00e4s ty\u00f6tuoli, varustettuna hienostuneella keinumekanismilla.<\/p>\n","protected":false},"featured_media":25884,"comment_status":"closed","ping_status":"closed","template":"","meta":{"_acf_changed":false,"jetpack_post_was_ever_published":false,"jetpack_publicize_message":"","jetpack_publicize_feature_enabled":true,"jetpack_social_post_already_shared":true,"jetpack_social_options":{"image_generator_settings":{"template":"highway","default_image_id":0,"font":"","enabled":false},"version":2}},"product_brand":[185],"product_cat":[381],"product_tag":[],"class_list":{"0":"post-25883","1":"product","2":"type-product","3":"status-publish","4":"has-post-thumbnail","6":"product_brand-toplux","7":"product_cat-tyotuolit","9":"first","10":"instock","11":"sale","12":"shipping-taxable","13":"purchasable","14":"product-type-simple"},"acf":[],"jetpack_publicize_connections":[],"jetpack_sharing_enabled":true,"jetpack-related-posts":[{"id":25794,"url":"https:\/\/pohjanmaantehtaanmyymala.fi\/sv\/tuote\/comfo-two-tyotuoli\/","url_meta":{"origin":25883,"position":0},"title":"Comfo Two ty\u00f6tuoli k\u00e4sinojilla","author":"Miro Nevala","date":"februari 20, 2024","format":false,"excerpt":"Ergonominen ja monipuolisilla s\u00e4\u00e4t\u00f6mahdollisuuksilla varustettu ty\u00f6tuoli!","rel":"","context":"Liknande produkt","block_context":{"text":"Liknande produkt","link":""},"img":{"alt_text":"Comfo Two ty\u00f6tuoli musta","src":"https:\/\/i0.wp.com\/pohjanmaantehtaanmyymala.fi\/wp-content\/uploads\/2024\/02\/Comfo-Two-960dpi.jpg?fit=960%2C960&ssl=1&resize=350%2C200","width":350,"height":200,"srcset":"https:\/\/i0.wp.com\/pohjanmaantehtaanmyymala.fi\/wp-content\/uploads\/2024\/02\/Comfo-Two-960dpi.jpg?fit=960%2C960&ssl=1&resize=350%2C200 1x, https:\/\/i0.wp.com\/pohjanmaantehtaanmyymala.fi\/wp-content\/uploads\/2024\/02\/Comfo-Two-960dpi.jpg?fit=960%2C960&ssl=1&resize=525%2C300 1.5x, https:\/\/i0.wp.com\/pohjanmaantehtaanmyymala.fi\/wp-content\/uploads\/2024\/02\/Comfo-Two-960dpi.jpg?fit=960%2C960&ssl=1&resize=700%2C400 2x"},"classes":[]},{"id":25786,"url":"https:\/\/pohjanmaantehtaanmyymala.fi\/sv\/tuote\/comfo-one-tyotuoli-kasinojilla\/","url_meta":{"origin":25883,"position":1},"title":"Comfo One ty\u00f6tuoli k\u00e4sinojilla","author":"Miro Nevala","date":"mars 3, 2024","format":false,"excerpt":"Ergonominen ja monipuolisilla s\u00e4\u00e4t\u00f6mahdollisuuksilla varustettu ty\u00f6tuoli!","rel":"","context":"Liknande produkt","block_context":{"text":"Liknande produkt","link":""},"img":{"alt_text":"Comfo One ty\u00f6tuoli musta","src":"https:\/\/i0.wp.com\/pohjanmaantehtaanmyymala.fi\/wp-content\/uploads\/2024\/02\/TopLux-Comfo-one-960dpi.jpg?fit=960%2C960&ssl=1&resize=350%2C200","width":350,"height":200,"srcset":"https:\/\/i0.wp.com\/pohjanmaantehtaanmyymala.fi\/wp-content\/uploads\/2024\/02\/TopLux-Comfo-one-960dpi.jpg?fit=960%2C960&ssl=1&resize=350%2C200 1x, https:\/\/i0.wp.com\/pohjanmaantehtaanmyymala.fi\/wp-content\/uploads\/2024\/02\/TopLux-Comfo-one-960dpi.jpg?fit=960%2C960&ssl=1&resize=525%2C300 1.5x, https:\/\/i0.wp.com\/pohjanmaantehtaanmyymala.fi\/wp-content\/uploads\/2024\/02\/TopLux-Comfo-one-960dpi.jpg?fit=960%2C960&ssl=1&resize=700%2C400 2x"},"classes":[]},{"id":12658,"url":"https:\/\/pohjanmaantehtaanmyymala.fi\/sv\/tuote\/team-pro-20-tyotuoli\/","url_meta":{"origin":25883,"position":2},"title":"TEAM PRO 20 \u2013 ty\u00f6tuoli","author":"Sami Viitala","date":"september 10, 2020","format":false,"excerpt":"Pro 20 -ty\u00f6tuolimalli on suunniteltu toimistoty\u00f6h\u00f6n, jossa tarvitaan istuinmukavuutta koko pitk\u00e4n ty\u00f6p\u00e4iv\u00e4n ajan. Pro 20 -ty\u00f6tuoli on kompaktin kokoinen, jossa on kaikki ty\u00f6tuolille vaadittavat s\u00e4\u00e4t\u00f6mahdollisuudet. Ty\u00f6tuolia on saatavilla Harmaana, Mustana ja Vihre\u00e4n\u00e4. Takuu 5 vuotta. Ominaisuudet: Istuinkaltevuuden s\u00e4\u00e4t\u00f6 Selk\u00e4nojankaltevuuden s\u00e4\u00e4t\u00f6 Istujan painon mukaan s\u00e4\u00e4dett\u00e4v\u00e4 keinumekanismi Istuinsyyvyyden s\u00e4\u00e4t\u00f6 Korkeus- ja leveyssuunnassa\u2026","rel":"","context":"Liknande produkt","block_context":{"text":"Liknande produkt","link":""},"img":{"alt_text":"Team Pro 40 ty\u00f6tuoli musta","src":"https:\/\/i0.wp.com\/pohjanmaantehtaanmyymala.fi\/wp-content\/uploads\/2019\/09\/Pro20-tyotuoli-musta.jpg?fit=1200%2C1200&ssl=1&resize=350%2C200","width":350,"height":200,"srcset":"https:\/\/i0.wp.com\/pohjanmaantehtaanmyymala.fi\/wp-content\/uploads\/2019\/09\/Pro20-tyotuoli-musta.jpg?fit=1200%2C1200&ssl=1&resize=350%2C200 1x, https:\/\/i0.wp.com\/pohjanmaantehtaanmyymala.fi\/wp-content\/uploads\/2019\/09\/Pro20-tyotuoli-musta.jpg?fit=1200%2C1200&ssl=1&resize=525%2C300 1.5x, https:\/\/i0.wp.com\/pohjanmaantehtaanmyymala.fi\/wp-content\/uploads\/2019\/09\/Pro20-tyotuoli-musta.jpg?fit=1200%2C1200&ssl=1&resize=700%2C400 2x, https:\/\/i0.wp.com\/pohjanmaantehtaanmyymala.fi\/wp-content\/uploads\/2019\/09\/Pro20-tyotuoli-musta.jpg?fit=1200%2C1200&ssl=1&resize=1050%2C600 3x"},"classes":[]},{"id":9386,"url":"https:\/\/pohjanmaantehtaanmyymala.fi\/sv\/tuote\/team-pro-40-tyotuoli-musta\/","url_meta":{"origin":25883,"position":3},"title":"TEAM PRO 40 \u2013 ty\u00f6tuoli","author":"petri","date":"september 14, 2019","format":false,"excerpt":"Pro 40 -ty\u00f6tuolimalli on suunniteltu toimistoty\u00f6h\u00f6n, jossa tarvitaan istuinmukavuutta koko pitk\u00e4n ty\u00f6p\u00e4iv\u00e4n ajan. Pro 20 -ty\u00f6tuolissa on korkea selk\u00e4noja, jossa on s\u00e4\u00e4dett\u00e4v\u00e4 niskatuki sek\u00e4 kaikki ty\u00f6tuolille vaadittavat s\u00e4\u00e4t\u00f6mahdollisuudet. Ty\u00f6tuolia on saatavilla Harmaana, Mustana ja Vihre\u00e4n\u00e4. Tuote toimitetaan osina pahvilaatikkossa. Tuotetiedot: Kangas: Dove -kangas, 100 % polyester. V\u00e4rit; Harmaa, Musta ja\u2026","rel":"","context":"Liknande produkt","block_context":{"text":"Liknande produkt","link":""},"img":{"alt_text":"Team Pro 40 ty\u00f6tuoli musta","src":"https:\/\/i0.wp.com\/pohjanmaantehtaanmyymala.fi\/wp-content\/uploads\/2019\/09\/Pro-40-musta-JPG.jpg?fit=960%2C960&ssl=1&resize=350%2C200","width":350,"height":200,"srcset":"https:\/\/i0.wp.com\/pohjanmaantehtaanmyymala.fi\/wp-content\/uploads\/2019\/09\/Pro-40-musta-JPG.jpg?fit=960%2C960&ssl=1&resize=350%2C200 1x, https:\/\/i0.wp.com\/pohjanmaantehtaanmyymala.fi\/wp-content\/uploads\/2019\/09\/Pro-40-musta-JPG.jpg?fit=960%2C960&ssl=1&resize=525%2C300 1.5x, https:\/\/i0.wp.com\/pohjanmaantehtaanmyymala.fi\/wp-content\/uploads\/2019\/09\/Pro-40-musta-JPG.jpg?fit=960%2C960&ssl=1&resize=700%2C400 2x"},"classes":[]},{"id":26517,"url":"https:\/\/pohjanmaantehtaanmyymala.fi\/sv\/tuote\/rowico-waterton-tuoli-valitse-vari\/","url_meta":{"origin":25883,"position":4},"title":"Rowico Waterton tuoli. Valitse v\u00e4ri!","author":"Miro Nevala","date":"april 9, 2024","format":false,"excerpt":"N\u00e4ytt\u00e4v\u00e4 ruokatuoli 2 eri v\u00e4rityksell\u00e4!","rel":"","context":"Liknande produkt","block_context":{"text":"Liknande produkt","link":""},"img":{"alt_text":"Rowico Waterlon tuoli tammi kulma","src":"https:\/\/i0.wp.com\/pohjanmaantehtaanmyymala.fi\/wp-content\/uploads\/2024\/03\/Rowico_Waterton_tuoli-1.jpg?fit=960%2C960&ssl=1&resize=350%2C200","width":350,"height":200,"srcset":"https:\/\/i0.wp.com\/pohjanmaantehtaanmyymala.fi\/wp-content\/uploads\/2024\/03\/Rowico_Waterton_tuoli-1.jpg?fit=960%2C960&ssl=1&resize=350%2C200 1x, https:\/\/i0.wp.com\/pohjanmaantehtaanmyymala.fi\/wp-content\/uploads\/2024\/03\/Rowico_Waterton_tuoli-1.jpg?fit=960%2C960&ssl=1&resize=525%2C300 1.5x, https:\/\/i0.wp.com\/pohjanmaantehtaanmyymala.fi\/wp-content\/uploads\/2024\/03\/Rowico_Waterton_tuoli-1.jpg?fit=960%2C960&ssl=1&resize=700%2C400 2x"},"classes":[]},{"id":23353,"url":"https:\/\/pohjanmaantehtaanmyymala.fi\/sv\/tuote\/monaco-pyoriva-baarituoli-musta-nahka\/","url_meta":{"origin":25883,"position":5},"title":"Monaco py\u00f6riv\u00e4 baarituoli musta nahka","author":"Sami Viitala","date":"september 12, 2023","format":false,"excerpt":"Pu-nahkalla verhoiltu ja mustilla pulverimaalatuilla metallijaloilla varustettu py\u00f6riv\u00e4 keitti\u00f6saarekkeen tuoli.","rel":"","context":"Liknande produkt","block_context":{"text":"Liknande produkt","link":""},"img":{"alt_text":"Monaco baarituoli musta pu-nahka ja musta metallijalka","src":"https:\/\/i0.wp.com\/pohjanmaantehtaanmyymala.fi\/wp-content\/uploads\/2023\/09\/Monaco-baarituoli-1001322-1.jpg?fit=960%2C960&ssl=1&resize=350%2C200","width":350,"height":200,"srcset":"https:\/\/i0.wp.com\/pohjanmaantehtaanmyymala.fi\/wp-content\/uploads\/2023\/09\/Monaco-baarituoli-1001322-1.jpg?fit=960%2C960&ssl=1&resize=350%2C200 1x, https:\/\/i0.wp.com\/pohjanmaantehtaanmyymala.fi\/wp-content\/uploads\/2023\/09\/Monaco-baarituoli-1001322-1.jpg?fit=960%2C960&ssl=1&resize=525%2C300 1.5x, https:\/\/i0.wp.com\/pohjanmaantehtaanmyymala.fi\/wp-content\/uploads\/2023\/09\/Monaco-baarituoli-1001322-1.jpg?fit=960%2C960&ssl=1&resize=700%2C400 2x"},"classes":[]}],"_links":{"self":[{"href":"https:\/\/pohjanmaantehtaanmyymala.fi\/sv\/wp-json\/wp\/v2\/product\/25883","targetHints":{"allow":["GET"]}}],"collection":[{"href":"https:\/\/pohjanmaantehtaanmyymala.fi\/sv\/wp-json\/wp\/v2\/product"}],"about":[{"href":"https:\/\/pohjanmaantehtaanmyymala.fi\/sv\/wp-json\/wp\/v2\/types\/product"}],"replies":[{"embeddable":true,"href":"https:\/\/pohjanmaantehtaanmyymala.fi\/sv\/wp-json\/wp\/v2\/comments?post=25883"}],"wp:featuredmedia":[{"embeddable":true,"href":"https:\/\/pohjanmaantehtaanmyymala.fi\/sv\/wp-json\/wp\/v2\/media\/25884"}],"wp:attachment":[{"href":"https:\/\/pohjanmaantehtaanmyymala.fi\/sv\/wp-json\/wp\/v2\/media?parent=25883"}],"wp:term":[{"taxonomy":"product_brand","embeddable":true,"href":"https:\/\/pohjanmaantehtaanmyymala.fi\/sv\/wp-json\/wp\/v2\/product_brand?post=25883"},{"taxonomy":"product_cat","embeddable":true,"href":"https:\/\/pohjanmaantehtaanmyymala.fi\/sv\/wp-json\/wp\/v2\/product_cat?post=25883"},{"taxonomy":"product_tag","embeddable":true,"href":"https:\/\/pohjanmaantehtaanmyymala.fi\/sv\/wp-json\/wp\/v2\/product_tag?post=25883"}],"curies":[{"name":"wp","href":"https:\/\/api.w.org\/{rel}","templated":true}]}}