{"id":25865,"date":"2024-02-21T15:27:42","date_gmt":"2024-02-21T13:27:42","guid":{"rendered":"https:\/\/pohjanmaantehtaanmyymala.fi\/?post_type=product&#038;p=25865"},"modified":"2024-12-10T14:32:18","modified_gmt":"2024-12-10T12:32:18","slug":"economy-mappihylly-158x80-cm","status":"publish","type":"product","link":"https:\/\/pohjanmaantehtaanmyymala.fi\/sv\/tuote\/economy-mappihylly-158x80-cm\/","title":{"rendered":"ECONOMY &#8211; mappihylly 158&#215;80 cm"},"content":{"rendered":"<p>Economy- mappihylly on tukeva ja monik\u00e4ytt\u00f6inen avohylly sit\u00e4 voi k\u00e4ytt\u00e4\u00e4 my\u00f6s tilanjakajana toimistossa viimeistellyn taustan ansiosta.<br \/>\nHyllykorkeus on jaettu siten ett\u00e4 jokaiselle hyllylle mahtuu mappi hyllyjen korkeutta pystyy my\u00f6s s\u00e4\u00e4t\u00e4m\u00e4\u00e4n.<\/p>\n<p>Mappihylly\u00e4 on saatavana my\u00f6s ovilla, katso t\u00e4st\u00e4!<\/p>\n<h3>Tuotetiedot:<\/h3>\n<p>Koko: leveys 80 cm, korkeus 158 cm, syvyys 42,5 cm.<br \/>\nValmistettu kalustelevyst\u00e4.<br \/>\nSaatavilla Valkoisena,<\/p>\n<p>Toimitetaan osina.<\/p>\n","protected":false},"excerpt":{"rendered":"<p>Economy- mappihylly on tukeva ja monik\u00e4ytt\u00f6inen avohylly sit\u00e4 voi k\u00e4ytt\u00e4\u00e4 my\u00f6s tilanjakajana toimistossa viimeistellyn taustan ansiosta. Hyllykorkeus on jaettu siten ett\u00e4 jokaiselle hyllylle mahtuu mappi hyllyjen korkeutta pystyy my\u00f6s s\u00e4\u00e4t\u00e4m\u00e4\u00e4n. Mappihylly\u00e4 on saatavana my\u00f6s ovilla, katso t\u00e4st\u00e4! Tuotetiedot: Koko: leveys 80 cm, korkeus 158 cm, syvyys 42,5 cm. Valmistettu kalustelevyst\u00e4. Saatavilla Valkoisena, Toimitetaan osina.<\/p>\n","protected":false},"featured_media":25873,"comment_status":"closed","ping_status":"closed","template":"","meta":{"_acf_changed":false,"jetpack_post_was_ever_published":false,"jetpack_publicize_message":"","jetpack_publicize_feature_enabled":true,"jetpack_social_post_already_shared":true,"jetpack_social_options":{"image_generator_settings":{"template":"highway","default_image_id":0,"font":"","enabled":false},"version":2}},"product_brand":[185],"product_cat":[197],"product_tag":[],"class_list":{"0":"post-25865","1":"product","2":"type-product","3":"status-publish","4":"has-post-thumbnail","6":"product_brand-toplux","7":"product_cat-toimistokalusteet","8":"product_shipping_class-161","10":"first","11":"instock","12":"sale","13":"purchasable","14":"product-type-simple"},"acf":[],"jetpack_publicize_connections":[],"jetpack_sharing_enabled":true,"jetpack-related-posts":[{"id":25864,"url":"https:\/\/pohjanmaantehtaanmyymala.fi\/sv\/tuote\/economy-mappihylly-matala-120x80-cm\/","url_meta":{"origin":25865,"position":0},"title":"ECONOMY &#8211; mappihylly matala 120&#215;80 cm","author":"Miro Nevala","date":"februari 21, 2024","format":false,"excerpt":"Matala Economy- mappihylly on tukeva ja monik\u00e4ytt\u00f6inen avohylly sit\u00e4 voi k\u00e4ytt\u00e4\u00e4 my\u00f6s tilanjakajana toimistossa viimeistellyn taustan ansiosta. Hyllykorkeus on jaettu siten ett\u00e4 jokaiselle hyllylle mahtuu mappi hyllyjen korkeutta pystyy my\u00f6s s\u00e4\u00e4t\u00e4m\u00e4\u00e4n. Tuotetiedot: Koko: leveys 80 cm, korkeus 120 cm, syvyys 42,5 cm. Hyllyv\u00e4lit sovittettu mappikorkeudelle. Valmistettu kalustelevyst\u00e4. Saatavilla Valkoisena. Toimitetaan\u2026","rel":"","context":"Liknande produkt","block_context":{"text":"Liknande produkt","link":""},"img":{"alt_text":"Economy mappihylly 120cm korkea valkoinen","src":"https:\/\/i0.wp.com\/pohjanmaantehtaanmyymala.fi\/wp-content\/uploads\/2024\/02\/Economy-mappihylly-120-valkoinen-.jpg?fit=960%2C960&ssl=1&resize=350%2C200","width":350,"height":200,"srcset":"https:\/\/i0.wp.com\/pohjanmaantehtaanmyymala.fi\/wp-content\/uploads\/2024\/02\/Economy-mappihylly-120-valkoinen-.jpg?fit=960%2C960&ssl=1&resize=350%2C200 1x, https:\/\/i0.wp.com\/pohjanmaantehtaanmyymala.fi\/wp-content\/uploads\/2024\/02\/Economy-mappihylly-120-valkoinen-.jpg?fit=960%2C960&ssl=1&resize=525%2C300 1.5x, https:\/\/i0.wp.com\/pohjanmaantehtaanmyymala.fi\/wp-content\/uploads\/2024\/02\/Economy-mappihylly-120-valkoinen-.jpg?fit=960%2C960&ssl=1&resize=700%2C400 2x"},"classes":[]},{"id":9389,"url":"https:\/\/pohjanmaantehtaanmyymala.fi\/sv\/tuote\/economy-mappihylly-korkea-205x80-cm\/","url_meta":{"origin":25865,"position":1},"title":"ECONOMY &#8211; mappihylly korkea 205&#215;80 cm","author":"petri","date":"september 14, 2019","format":false,"excerpt":"Korkea Economy- mappihylly on tukeva ja monik\u00e4ytt\u00f6inen avohylly sit\u00e4 voi k\u00e4ytt\u00e4\u00e4 my\u00f6s tilanjakajana toimistossa viimeistellyn taustan ansiosta. Hyllykorkeus on jaettu siten ett\u00e4 jokaiselle hyllylle mahtuu mappi hyllyjen korkeutta pystyy my\u00f6s s\u00e4\u00e4t\u00e4m\u00e4\u00e4n. Saatavana my\u00f6s kaappina. Tuotetiedot: Koko: leveys 80 cm, korkeus 205 cm, syvyys 42,5 cm Valmistettu kalustelevyst\u00e4. Saatavilla Valkoisena Toimitetaan\u2026","rel":"","context":"Liknande produkt","block_context":{"text":"Liknande produkt","link":""},"img":{"alt_text":"","src":"https:\/\/i0.wp.com\/pohjanmaantehtaanmyymala.fi\/wp-content\/uploads\/2019\/09\/Econ-hylly-valkoinen-02-JPG-1.jpg?fit=960%2C960&ssl=1&resize=350%2C200","width":350,"height":200,"srcset":"https:\/\/i0.wp.com\/pohjanmaantehtaanmyymala.fi\/wp-content\/uploads\/2019\/09\/Econ-hylly-valkoinen-02-JPG-1.jpg?fit=960%2C960&ssl=1&resize=350%2C200 1x, https:\/\/i0.wp.com\/pohjanmaantehtaanmyymala.fi\/wp-content\/uploads\/2019\/09\/Econ-hylly-valkoinen-02-JPG-1.jpg?fit=960%2C960&ssl=1&resize=525%2C300 1.5x, https:\/\/i0.wp.com\/pohjanmaantehtaanmyymala.fi\/wp-content\/uploads\/2019\/09\/Econ-hylly-valkoinen-02-JPG-1.jpg?fit=960%2C960&ssl=1&resize=700%2C400 2x"},"classes":[]},{"id":25857,"url":"https:\/\/pohjanmaantehtaanmyymala.fi\/sv\/tuote\/economy-mappikaappi-ovilla-158x80-cm\/","url_meta":{"origin":25865,"position":2},"title":"ECONOMY mappikaappi ovilla 158&#215;80 cm","author":"Miro Nevala","date":"februari 21, 2024","format":false,"excerpt":"Todella tukeva lukittava mappikaappi konttoriin tai kotiin. Mappikaapin tausta on viimeistelty joten se toimii my\u00f6s tehokkaana tilanjakajana. Kaapissa on s\u00e4\u00e4t\u00f6tassut joilla on helppo tasata lattian ep\u00e4tasaisuuksia. Kaapin sis\u00e4ll\u00e4 oleva tila jaettu kolmella v\u00e4lihyllyll\u00e4 joidenka korkeus on s\u00e4\u00e4dett\u00e4viss\u00e4. Saatavissa vain valkoisena. Economy sarjasta on saatavilla my\u00f6s muita kokoja. My\u00f6s mappihyllyn\u00e4. Tuotetiedot:\u2026","rel":"","context":"Liknande produkt","block_context":{"text":"Liknande produkt","link":""},"img":{"alt_text":"Economy mappikaappi valkoinen 120 ja 158 korkea","src":"https:\/\/i0.wp.com\/pohjanmaantehtaanmyymala.fi\/wp-content\/uploads\/2024\/02\/Econ-kaappi-valkoinen-01-JPG.jpg?fit=960%2C960&ssl=1&resize=350%2C200","width":350,"height":200,"srcset":"https:\/\/i0.wp.com\/pohjanmaantehtaanmyymala.fi\/wp-content\/uploads\/2024\/02\/Econ-kaappi-valkoinen-01-JPG.jpg?fit=960%2C960&ssl=1&resize=350%2C200 1x, https:\/\/i0.wp.com\/pohjanmaantehtaanmyymala.fi\/wp-content\/uploads\/2024\/02\/Econ-kaappi-valkoinen-01-JPG.jpg?fit=960%2C960&ssl=1&resize=525%2C300 1.5x, https:\/\/i0.wp.com\/pohjanmaantehtaanmyymala.fi\/wp-content\/uploads\/2024\/02\/Econ-kaappi-valkoinen-01-JPG.jpg?fit=960%2C960&ssl=1&resize=700%2C400 2x"},"classes":[]},{"id":25856,"url":"https:\/\/pohjanmaantehtaanmyymala.fi\/sv\/tuote\/economy-mappikaappi-ovilla-matala-120x80-cm\/","url_meta":{"origin":25865,"position":3},"title":"ECONOMY mappikaappi ovilla matala 120&#215;80 cm","author":"Miro Nevala","date":"februari 21, 2024","format":false,"excerpt":"Todella tukeva lukittava mappikaappi konttoriin tai kotiin. Mappikaapin tausta on viimeistelty joten se toimii my\u00f6s tehokkaana tilanjakajana. Kaapissa on s\u00e4\u00e4t\u00f6tassut joilla on helppo tasata lattian ep\u00e4tasaisuuksia. Kaapin sis\u00e4ll\u00e4 oleva tila jaettu kolmella v\u00e4lihyllyll\u00e4 joidenka korkeus on s\u00e4\u00e4dett\u00e4viss\u00e4. Saatavissa valkoisena. My\u00f6s mappihyllyn\u00e4. Tuotetiedot: Koko: Leveys 80 cm, korkeus 120 cm, syvyys\u2026","rel":"","context":"Liknande produkt","block_context":{"text":"Liknande produkt","link":""},"img":{"alt_text":"Economy mappikaappi 120cm korkea valkoinen","src":"https:\/\/i0.wp.com\/pohjanmaantehtaanmyymala.fi\/wp-content\/uploads\/2024\/02\/Economy-mappikaappi-120-korkea-valkoinen.jpg?fit=960%2C960&ssl=1&resize=350%2C200","width":350,"height":200,"srcset":"https:\/\/i0.wp.com\/pohjanmaantehtaanmyymala.fi\/wp-content\/uploads\/2024\/02\/Economy-mappikaappi-120-korkea-valkoinen.jpg?fit=960%2C960&ssl=1&resize=350%2C200 1x, https:\/\/i0.wp.com\/pohjanmaantehtaanmyymala.fi\/wp-content\/uploads\/2024\/02\/Economy-mappikaappi-120-korkea-valkoinen.jpg?fit=960%2C960&ssl=1&resize=525%2C300 1.5x, https:\/\/i0.wp.com\/pohjanmaantehtaanmyymala.fi\/wp-content\/uploads\/2024\/02\/Economy-mappikaappi-120-korkea-valkoinen.jpg?fit=960%2C960&ssl=1&resize=700%2C400 2x"},"classes":[]},{"id":9388,"url":"https:\/\/pohjanmaantehtaanmyymala.fi\/sv\/tuote\/economy-liukuovikaappi-pieni-75x80-cm\/","url_meta":{"origin":25865,"position":4},"title":"ECONOMY liukuovikaappi 75&#215;80 cm","author":"petri","date":"september 14, 2019","format":false,"excerpt":"Mappikaappi liukuovilla on hyv\u00e4 valinta pieneen toimistoon sill\u00e4 liukuovet eiv\u00e4t vaadi tilaa avatessa. Liukuovikaapin tausta on viimeistelty eli sit\u00e4 voi k\u00e4ytt\u00e4\u00e4 hyvin my\u00f6s tilanjakajana. Ovien takana oleva tila on jaettu yhdell\u00e4 v\u00e4lihylly\u00e4. Economy-mappikaappi on hyv\u00e4 valinta toimiston mappikapiksi sill\u00e4 se on eritt\u00e4in tukeva ja sen ovet saa my\u00f6s lukittua. Kaapin\u2026","rel":"","context":"Liknande produkt","block_context":{"text":"Liknande produkt","link":""},"img":{"alt_text":"TopLux Economy liukuovikaappi","src":"https:\/\/i0.wp.com\/pohjanmaantehtaanmyymala.fi\/wp-content\/uploads\/2019\/09\/015-valkoinen-JPG-1.jpg?fit=960%2C960&ssl=1&resize=350%2C200","width":350,"height":200,"srcset":"https:\/\/i0.wp.com\/pohjanmaantehtaanmyymala.fi\/wp-content\/uploads\/2019\/09\/015-valkoinen-JPG-1.jpg?fit=960%2C960&ssl=1&resize=350%2C200 1x, https:\/\/i0.wp.com\/pohjanmaantehtaanmyymala.fi\/wp-content\/uploads\/2019\/09\/015-valkoinen-JPG-1.jpg?fit=960%2C960&ssl=1&resize=525%2C300 1.5x, https:\/\/i0.wp.com\/pohjanmaantehtaanmyymala.fi\/wp-content\/uploads\/2019\/09\/015-valkoinen-JPG-1.jpg?fit=960%2C960&ssl=1&resize=700%2C400 2x"},"classes":[]},{"id":9390,"url":"https:\/\/pohjanmaantehtaanmyymala.fi\/sv\/tuote\/economy-mappikaappi-ovilla-korkea-205x80-cm\/","url_meta":{"origin":25865,"position":5},"title":"ECONOMY mappikaappi ovilla korkea 205&#215;80 cm","author":"petri","date":"september 14, 2019","format":false,"excerpt":"Todella tukeva lukittava mappikaappi konttoriin tai kotiin. Mappikaapin tausta on viimeistelty joten se toimii my\u00f6s tehokkaana tilanjakajana. Kaapissa on s\u00e4\u00e4t\u00f6tassut joilla on helppo tasata lattian ep\u00e4tasaisuuksia. Kaapin sis\u00e4ll\u00e4 oleva tila jaettu kolmella v\u00e4lihyllyll\u00e4 joidenka korkeus on s\u00e4\u00e4dett\u00e4viss\u00e4. Saatavissa valkoisena. Tuotetiedot: Valmistettu kalustelevyst\u00e4. Lukolliset ovet kaksi avainta. Toimitetaan osina.","rel":"","context":"Liknande produkt","block_context":{"text":"Liknande produkt","link":""},"img":{"alt_text":"TopLux Economy mappikaappi valkoinen","src":"https:\/\/i0.wp.com\/pohjanmaantehtaanmyymala.fi\/wp-content\/uploads\/2019\/09\/Econ-vod2046-white-JPG.jpg?fit=960%2C960&ssl=1&resize=350%2C200","width":350,"height":200,"srcset":"https:\/\/i0.wp.com\/pohjanmaantehtaanmyymala.fi\/wp-content\/uploads\/2019\/09\/Econ-vod2046-white-JPG.jpg?fit=960%2C960&ssl=1&resize=350%2C200 1x, https:\/\/i0.wp.com\/pohjanmaantehtaanmyymala.fi\/wp-content\/uploads\/2019\/09\/Econ-vod2046-white-JPG.jpg?fit=960%2C960&ssl=1&resize=525%2C300 1.5x, https:\/\/i0.wp.com\/pohjanmaantehtaanmyymala.fi\/wp-content\/uploads\/2019\/09\/Econ-vod2046-white-JPG.jpg?fit=960%2C960&ssl=1&resize=700%2C400 2x"},"classes":[]}],"_links":{"self":[{"href":"https:\/\/pohjanmaantehtaanmyymala.fi\/sv\/wp-json\/wp\/v2\/product\/25865","targetHints":{"allow":["GET"]}}],"collection":[{"href":"https:\/\/pohjanmaantehtaanmyymala.fi\/sv\/wp-json\/wp\/v2\/product"}],"about":[{"href":"https:\/\/pohjanmaantehtaanmyymala.fi\/sv\/wp-json\/wp\/v2\/types\/product"}],"replies":[{"embeddable":true,"href":"https:\/\/pohjanmaantehtaanmyymala.fi\/sv\/wp-json\/wp\/v2\/comments?post=25865"}],"wp:featuredmedia":[{"embeddable":true,"href":"https:\/\/pohjanmaantehtaanmyymala.fi\/sv\/wp-json\/wp\/v2\/media\/25873"}],"wp:attachment":[{"href":"https:\/\/pohjanmaantehtaanmyymala.fi\/sv\/wp-json\/wp\/v2\/media?parent=25865"}],"wp:term":[{"taxonomy":"product_brand","embeddable":true,"href":"https:\/\/pohjanmaantehtaanmyymala.fi\/sv\/wp-json\/wp\/v2\/product_brand?post=25865"},{"taxonomy":"product_cat","embeddable":true,"href":"https:\/\/pohjanmaantehtaanmyymala.fi\/sv\/wp-json\/wp\/v2\/product_cat?post=25865"},{"taxonomy":"product_tag","embeddable":true,"href":"https:\/\/pohjanmaantehtaanmyymala.fi\/sv\/wp-json\/wp\/v2\/product_tag?post=25865"}],"curies":[{"name":"wp","href":"https:\/\/api.w.org\/{rel}","templated":true}]}}