{"id":25856,"date":"2024-02-21T14:58:12","date_gmt":"2024-02-21T12:58:12","guid":{"rendered":"https:\/\/pohjanmaantehtaanmyymala.fi\/?post_type=product&#038;p=25856"},"modified":"2024-12-10T14:32:20","modified_gmt":"2024-12-10T12:32:20","slug":"economy-mappikaappi-ovilla-matala-120x80-cm","status":"publish","type":"product","link":"https:\/\/pohjanmaantehtaanmyymala.fi\/sv\/tuote\/economy-mappikaappi-ovilla-matala-120x80-cm\/","title":{"rendered":"ECONOMY mappikaappi ovilla matala 120&#215;80 cm"},"content":{"rendered":"<p>Todella tukeva lukittava mappikaappi konttoriin tai kotiin.<br \/>\nMappikaapin tausta on viimeistelty joten se toimii my\u00f6s tehokkaana tilanjakajana.<br \/>\nKaapissa on s\u00e4\u00e4t\u00f6tassut joilla on helppo tasata lattian ep\u00e4tasaisuuksia.<br \/>\nKaapin sis\u00e4ll\u00e4 oleva tila jaettu kolmella v\u00e4lihyllyll\u00e4 joidenka korkeus on s\u00e4\u00e4dett\u00e4viss\u00e4.<br \/>\nSaatavissa valkoisena.<\/p>\n<p>My\u00f6s <a href=\"https:\/\/pohjanmaantehtaanmyymala.fi\/tuote\/economy-mappihylly-matala-120x80-cm\/\">mappihyllyn\u00e4.<\/a><\/p>\n<h3>Tuotetiedot:<\/h3>\n<p>Koko: Leveys 80 cm, korkeus 120 cm, syvyys 42,5 cm<br \/>\nValmistettu kalustelevyst\u00e4.<br \/>\nLukolliset ovet kaksi avainta.<\/p>\n<p>Toimitetaan osina.<\/p>\n","protected":false},"excerpt":{"rendered":"<p>Todella tukeva lukittava mappikaappi konttoriin tai kotiin. Mappikaapin tausta on viimeistelty joten se toimii my\u00f6s tehokkaana tilanjakajana. Kaapissa on s\u00e4\u00e4t\u00f6tassut joilla on helppo tasata lattian ep\u00e4tasaisuuksia. Kaapin sis\u00e4ll\u00e4 oleva tila jaettu kolmella v\u00e4lihyllyll\u00e4 joidenka korkeus on s\u00e4\u00e4dett\u00e4viss\u00e4. Saatavissa valkoisena. My\u00f6s mappihyllyn\u00e4. Tuotetiedot: Koko: Leveys 80 cm, korkeus 120 cm, syvyys 42,5 cm Valmistettu kalustelevyst\u00e4. Lukolliset [&hellip;]<\/p>\n","protected":false},"featured_media":25867,"comment_status":"closed","ping_status":"closed","template":"","meta":{"_acf_changed":false,"jetpack_post_was_ever_published":false,"jetpack_publicize_message":"","jetpack_publicize_feature_enabled":true,"jetpack_social_post_already_shared":true,"jetpack_social_options":{"image_generator_settings":{"template":"highway","default_image_id":0,"font":"","enabled":false},"version":2}},"product_brand":[185],"product_cat":[197],"product_tag":[],"class_list":{"0":"post-25856","1":"product","2":"type-product","3":"status-publish","4":"has-post-thumbnail","6":"product_brand-toplux","7":"product_cat-toimistokalusteet","8":"product_shipping_class-161","10":"first","11":"instock","12":"sale","13":"purchasable","14":"product-type-simple"},"acf":[],"jetpack_publicize_connections":[],"jetpack_sharing_enabled":true,"jetpack-related-posts":[{"id":25857,"url":"https:\/\/pohjanmaantehtaanmyymala.fi\/sv\/tuote\/economy-mappikaappi-ovilla-158x80-cm\/","url_meta":{"origin":25856,"position":0},"title":"ECONOMY mappikaappi ovilla 158&#215;80 cm","author":"Miro Nevala","date":"februari 21, 2024","format":false,"excerpt":"Todella tukeva lukittava mappikaappi konttoriin tai kotiin. Mappikaapin tausta on viimeistelty joten se toimii my\u00f6s tehokkaana tilanjakajana. Kaapissa on s\u00e4\u00e4t\u00f6tassut joilla on helppo tasata lattian ep\u00e4tasaisuuksia. Kaapin sis\u00e4ll\u00e4 oleva tila jaettu kolmella v\u00e4lihyllyll\u00e4 joidenka korkeus on s\u00e4\u00e4dett\u00e4viss\u00e4. Saatavissa vain valkoisena. Economy sarjasta on saatavilla my\u00f6s muita kokoja. My\u00f6s mappihyllyn\u00e4. Tuotetiedot:\u2026","rel":"","context":"Liknande produkt","block_context":{"text":"Liknande produkt","link":""},"img":{"alt_text":"Economy mappikaappi valkoinen 120 ja 158 korkea","src":"https:\/\/i0.wp.com\/pohjanmaantehtaanmyymala.fi\/wp-content\/uploads\/2024\/02\/Econ-kaappi-valkoinen-01-JPG.jpg?fit=960%2C960&ssl=1&resize=350%2C200","width":350,"height":200,"srcset":"https:\/\/i0.wp.com\/pohjanmaantehtaanmyymala.fi\/wp-content\/uploads\/2024\/02\/Econ-kaappi-valkoinen-01-JPG.jpg?fit=960%2C960&ssl=1&resize=350%2C200 1x, https:\/\/i0.wp.com\/pohjanmaantehtaanmyymala.fi\/wp-content\/uploads\/2024\/02\/Econ-kaappi-valkoinen-01-JPG.jpg?fit=960%2C960&ssl=1&resize=525%2C300 1.5x, https:\/\/i0.wp.com\/pohjanmaantehtaanmyymala.fi\/wp-content\/uploads\/2024\/02\/Econ-kaappi-valkoinen-01-JPG.jpg?fit=960%2C960&ssl=1&resize=700%2C400 2x"},"classes":[]},{"id":19749,"url":"https:\/\/pohjanmaantehtaanmyymala.fi\/sv\/tuote\/gustav-kirjakaappi-60-cm\/","url_meta":{"origin":25856,"position":1},"title":"GUSTAV kirjakaappi 60 cm","author":"Sami Viitala","date":"februari 11, 2022","format":false,"excerpt":"Kotimainen Gustav kirjakaappi on oiva s\u00e4ilytysratkaisu, johon mahtuu paljon tavaraa katseilta piiloon. Kirjakaappia on saatavana sek\u00e4 oikea- et\u00e4\u00e4 vasenk\u00e4tisell\u00e4 ovella. Jos haluat n\u00e4ytt\u00e4v\u00e4mm\u00e4n kokonaisuuden, kirjakaappeja voi laittaa kaksi kaappia p\u00e4\u00e4llekk\u00e4in, jolloin toinen niist\u00e4 k\u00e4\u00e4nnet\u00e4\u00e4n yl\u00f6salaisin, silloin alasokkelista tulee hieno kruunu kirjakaapin p\u00e4\u00e4lle. Kaapin viereen voi my\u00f6s asettaa toisen kaapin ja\u2026","rel":"","context":"Liknande produkt","block_context":{"text":"Liknande produkt","link":""},"img":{"alt_text":"Gustva kirjakaappi valkoinen umpiovella 60 cm leve\u00e4","src":"https:\/\/i0.wp.com\/pohjanmaantehtaanmyymala.fi\/wp-content\/uploads\/2022\/02\/Kirjakaappi-60-vasenkatinen-umpiovet.jpg?fit=960%2C960&ssl=1&resize=350%2C200","width":350,"height":200,"srcset":"https:\/\/i0.wp.com\/pohjanmaantehtaanmyymala.fi\/wp-content\/uploads\/2022\/02\/Kirjakaappi-60-vasenkatinen-umpiovet.jpg?fit=960%2C960&ssl=1&resize=350%2C200 1x, https:\/\/i0.wp.com\/pohjanmaantehtaanmyymala.fi\/wp-content\/uploads\/2022\/02\/Kirjakaappi-60-vasenkatinen-umpiovet.jpg?fit=960%2C960&ssl=1&resize=525%2C300 1.5x, https:\/\/i0.wp.com\/pohjanmaantehtaanmyymala.fi\/wp-content\/uploads\/2022\/02\/Kirjakaappi-60-vasenkatinen-umpiovet.jpg?fit=960%2C960&ssl=1&resize=700%2C400 2x"},"classes":[]},{"id":9390,"url":"https:\/\/pohjanmaantehtaanmyymala.fi\/sv\/tuote\/economy-mappikaappi-ovilla-korkea-205x80-cm\/","url_meta":{"origin":25856,"position":2},"title":"ECONOMY mappikaappi ovilla korkea 205&#215;80 cm","author":"petri","date":"september 14, 2019","format":false,"excerpt":"Todella tukeva lukittava mappikaappi konttoriin tai kotiin. Mappikaapin tausta on viimeistelty joten se toimii my\u00f6s tehokkaana tilanjakajana. Kaapissa on s\u00e4\u00e4t\u00f6tassut joilla on helppo tasata lattian ep\u00e4tasaisuuksia. Kaapin sis\u00e4ll\u00e4 oleva tila jaettu kolmella v\u00e4lihyllyll\u00e4 joidenka korkeus on s\u00e4\u00e4dett\u00e4viss\u00e4. Saatavissa valkoisena. Tuotetiedot: Valmistettu kalustelevyst\u00e4. Lukolliset ovet kaksi avainta. Toimitetaan osina.","rel":"","context":"Liknande produkt","block_context":{"text":"Liknande produkt","link":""},"img":{"alt_text":"TopLux Economy mappikaappi valkoinen","src":"https:\/\/i0.wp.com\/pohjanmaantehtaanmyymala.fi\/wp-content\/uploads\/2019\/09\/Econ-vod2046-white-JPG.jpg?fit=960%2C960&ssl=1&resize=350%2C200","width":350,"height":200,"srcset":"https:\/\/i0.wp.com\/pohjanmaantehtaanmyymala.fi\/wp-content\/uploads\/2019\/09\/Econ-vod2046-white-JPG.jpg?fit=960%2C960&ssl=1&resize=350%2C200 1x, https:\/\/i0.wp.com\/pohjanmaantehtaanmyymala.fi\/wp-content\/uploads\/2019\/09\/Econ-vod2046-white-JPG.jpg?fit=960%2C960&ssl=1&resize=525%2C300 1.5x, https:\/\/i0.wp.com\/pohjanmaantehtaanmyymala.fi\/wp-content\/uploads\/2019\/09\/Econ-vod2046-white-JPG.jpg?fit=960%2C960&ssl=1&resize=700%2C400 2x"},"classes":[]},{"id":10554,"url":"https:\/\/pohjanmaantehtaanmyymala.fi\/sv\/tuote\/anton-lipasto-ovella-3-hyllya-50cm-a1-2\/","url_meta":{"origin":25856,"position":3},"title":"ANTON A1.2 pieni kaappi","author":"petri","date":"september 14, 2019","format":false,"excerpt":"Hiipakan Anton-kalustesarjan pieni kaappi sopii hyvin pieneksi s\u00e4ilytystilaksi; astiakaapiksi tai vaikkapa lastenhuoneen lelukaapiksi. Umpiovikaapin sis\u00e4ll\u00e4 oleva tila on jaettu kolmella v\u00e4lihyllyll\u00e4 joiden korkeutta voidaan s\u00e4\u00e4t\u00e4\u00e4. Anton-kaapin runko ja ovi on aina valkoisia, kansiv\u00e4rin voit valita kolmesta eri vaihtoehdosta;\u00a0 valkoinen, tammi tai saarni. Yksiovisissa kaapeissa ilmoitathan my\u00f6s haluamasi k\u00e4tisyyden. Anton-sarjaan on\u2026","rel":"","context":"Liknande produkt","block_context":{"text":"Liknande produkt","link":""},"img":{"alt_text":"Anton pieni kaappi valkoinen","src":"https:\/\/i0.wp.com\/pohjanmaantehtaanmyymala.fi\/wp-content\/uploads\/2019\/09\/Anton-A1.2-valkoinen.jpg?fit=1200%2C1200&ssl=1&resize=350%2C200","width":350,"height":200,"srcset":"https:\/\/i0.wp.com\/pohjanmaantehtaanmyymala.fi\/wp-content\/uploads\/2019\/09\/Anton-A1.2-valkoinen.jpg?fit=1200%2C1200&ssl=1&resize=350%2C200 1x, https:\/\/i0.wp.com\/pohjanmaantehtaanmyymala.fi\/wp-content\/uploads\/2019\/09\/Anton-A1.2-valkoinen.jpg?fit=1200%2C1200&ssl=1&resize=525%2C300 1.5x, https:\/\/i0.wp.com\/pohjanmaantehtaanmyymala.fi\/wp-content\/uploads\/2019\/09\/Anton-A1.2-valkoinen.jpg?fit=1200%2C1200&ssl=1&resize=700%2C400 2x, https:\/\/i0.wp.com\/pohjanmaantehtaanmyymala.fi\/wp-content\/uploads\/2019\/09\/Anton-A1.2-valkoinen.jpg?fit=1200%2C1200&ssl=1&resize=1050%2C600 3x"},"classes":[]},{"id":19031,"url":"https:\/\/pohjanmaantehtaanmyymala.fi\/sv\/tuote\/melbourne-ovikaappi-musta\/","url_meta":{"origin":25856,"position":4},"title":"Melbourne ovikaappi, musta","author":"Sami Viitala","date":"november 11, 2021","format":false,"excerpt":"Kest\u00e4v\u00e4 ja tyylik\u00e4s metallikaappi House Nordicilta.","rel":"","context":"Liknande produkt","block_context":{"text":"Liknande produkt","link":""},"img":{"alt_text":"Melbourne kaappi musta metallia","src":"https:\/\/i0.wp.com\/pohjanmaantehtaanmyymala.fi\/wp-content\/uploads\/2021\/11\/Melbourne-kaappi-3001080-0-2.jpg?fit=1200%2C1200&ssl=1&resize=350%2C200","width":350,"height":200,"srcset":"https:\/\/i0.wp.com\/pohjanmaantehtaanmyymala.fi\/wp-content\/uploads\/2021\/11\/Melbourne-kaappi-3001080-0-2.jpg?fit=1200%2C1200&ssl=1&resize=350%2C200 1x, https:\/\/i0.wp.com\/pohjanmaantehtaanmyymala.fi\/wp-content\/uploads\/2021\/11\/Melbourne-kaappi-3001080-0-2.jpg?fit=1200%2C1200&ssl=1&resize=525%2C300 1.5x, https:\/\/i0.wp.com\/pohjanmaantehtaanmyymala.fi\/wp-content\/uploads\/2021\/11\/Melbourne-kaappi-3001080-0-2.jpg?fit=1200%2C1200&ssl=1&resize=700%2C400 2x, https:\/\/i0.wp.com\/pohjanmaantehtaanmyymala.fi\/wp-content\/uploads\/2021\/11\/Melbourne-kaappi-3001080-0-2.jpg?fit=1200%2C1200&ssl=1&resize=1050%2C600 3x"},"classes":[]},{"id":9389,"url":"https:\/\/pohjanmaantehtaanmyymala.fi\/sv\/tuote\/economy-mappihylly-korkea-205x80-cm\/","url_meta":{"origin":25856,"position":5},"title":"ECONOMY &#8211; mappihylly korkea 205&#215;80 cm","author":"petri","date":"september 14, 2019","format":false,"excerpt":"Korkea Economy- mappihylly on tukeva ja monik\u00e4ytt\u00f6inen avohylly sit\u00e4 voi k\u00e4ytt\u00e4\u00e4 my\u00f6s tilanjakajana toimistossa viimeistellyn taustan ansiosta. Hyllykorkeus on jaettu siten ett\u00e4 jokaiselle hyllylle mahtuu mappi hyllyjen korkeutta pystyy my\u00f6s s\u00e4\u00e4t\u00e4m\u00e4\u00e4n. Saatavana my\u00f6s kaappina. Tuotetiedot: Koko: leveys 80 cm, korkeus 205 cm, syvyys 42,5 cm Valmistettu kalustelevyst\u00e4. Saatavilla Valkoisena Toimitetaan\u2026","rel":"","context":"Liknande produkt","block_context":{"text":"Liknande produkt","link":""},"img":{"alt_text":"","src":"https:\/\/i0.wp.com\/pohjanmaantehtaanmyymala.fi\/wp-content\/uploads\/2019\/09\/Econ-hylly-valkoinen-02-JPG-1.jpg?fit=960%2C960&ssl=1&resize=350%2C200","width":350,"height":200,"srcset":"https:\/\/i0.wp.com\/pohjanmaantehtaanmyymala.fi\/wp-content\/uploads\/2019\/09\/Econ-hylly-valkoinen-02-JPG-1.jpg?fit=960%2C960&ssl=1&resize=350%2C200 1x, https:\/\/i0.wp.com\/pohjanmaantehtaanmyymala.fi\/wp-content\/uploads\/2019\/09\/Econ-hylly-valkoinen-02-JPG-1.jpg?fit=960%2C960&ssl=1&resize=525%2C300 1.5x, https:\/\/i0.wp.com\/pohjanmaantehtaanmyymala.fi\/wp-content\/uploads\/2019\/09\/Econ-hylly-valkoinen-02-JPG-1.jpg?fit=960%2C960&ssl=1&resize=700%2C400 2x"},"classes":[]}],"_links":{"self":[{"href":"https:\/\/pohjanmaantehtaanmyymala.fi\/sv\/wp-json\/wp\/v2\/product\/25856","targetHints":{"allow":["GET"]}}],"collection":[{"href":"https:\/\/pohjanmaantehtaanmyymala.fi\/sv\/wp-json\/wp\/v2\/product"}],"about":[{"href":"https:\/\/pohjanmaantehtaanmyymala.fi\/sv\/wp-json\/wp\/v2\/types\/product"}],"replies":[{"embeddable":true,"href":"https:\/\/pohjanmaantehtaanmyymala.fi\/sv\/wp-json\/wp\/v2\/comments?post=25856"}],"wp:featuredmedia":[{"embeddable":true,"href":"https:\/\/pohjanmaantehtaanmyymala.fi\/sv\/wp-json\/wp\/v2\/media\/25867"}],"wp:attachment":[{"href":"https:\/\/pohjanmaantehtaanmyymala.fi\/sv\/wp-json\/wp\/v2\/media?parent=25856"}],"wp:term":[{"taxonomy":"product_brand","embeddable":true,"href":"https:\/\/pohjanmaantehtaanmyymala.fi\/sv\/wp-json\/wp\/v2\/product_brand?post=25856"},{"taxonomy":"product_cat","embeddable":true,"href":"https:\/\/pohjanmaantehtaanmyymala.fi\/sv\/wp-json\/wp\/v2\/product_cat?post=25856"},{"taxonomy":"product_tag","embeddable":true,"href":"https:\/\/pohjanmaantehtaanmyymala.fi\/sv\/wp-json\/wp\/v2\/product_tag?post=25856"}],"curies":[{"name":"wp","href":"https:\/\/api.w.org\/{rel}","templated":true}]}}