{"id":25836,"date":"2024-02-21T13:53:45","date_gmt":"2024-02-21T11:53:45","guid":{"rendered":"https:\/\/pohjanmaantehtaanmyymala.fi\/?post_type=product&#038;p=25836"},"modified":"2024-12-10T14:32:21","modified_gmt":"2024-12-10T12:32:21","slug":"economy-laatikosto-4-laatikkoa-valkoinen","status":"publish","type":"product","link":"https:\/\/pohjanmaantehtaanmyymala.fi\/sv\/tuote\/economy-laatikosto-4-laatikkoa-valkoinen\/","title":{"rendered":"Economy-laatikosto 4-laatikkoa valkoinen"},"content":{"rendered":"<p>K\u00e4tev\u00e4 ja monipuolinen lukittava ja py\u00f6rill\u00e4 liikuteltava laatikosto. Vaihtoehdoista voit valita joko 3 tai 4 vetolaatikolla varustetun mallin. T\u00e4m\u00e4 malli on 4 vetolaatikolla varustettu. Laatikostoissa on lukittavat etupy\u00f6r\u00e4t ja jokaisessa vetolaatikossa k\u00e4yt\u00e4nn\u00f6llinen kyn\u00e4kaukalo. Kyn\u00e4kaukalon paikkaa voi helposti siirt\u00e4\u00e4 tarpeen mukaan laatikosta toiseen, lis\u00e4ten k\u00e4ytt\u00f6mukavuutta.<\/p>\n<p>Laatikostojen yhteiset ominaisuudet k\u00e4sitt\u00e4v\u00e4t py\u00f6rill\u00e4 liikuteltavan rakenteen, mik\u00e4 mahdollistaa helpon siirtelyn ty\u00f6tilassa tai toimistossa. Lis\u00e4ksi laatikostoissa on keskuslukitusmekanismi, joka mahdollistaa kaikkien laatikoiden lukitsemisen samanaikaisesti, takaamalla turvallisen s\u00e4ilytyksen. K\u00e4yt\u00e4nn\u00f6llisyys ja turvallisuus yhdistyv\u00e4t n\u00e4iss\u00e4 laatikostoissa, tarjoten ihanteellisen ratkaisun s\u00e4ilytystarpeisiisi. Valitse laadukas ja toiminnallinen laatikosto, joka helpottaa arkeasi ja pit\u00e4\u00e4 t\u00e4rke\u00e4t tavarat j\u00e4rjestyksess\u00e4.<\/p>\n<p><strong>Ominaisuudet:<\/strong><br \/>\nPy\u00f6rill\u00e4 liikuteltava.<br \/>\nKyn\u00e4kaukalo.<br \/>\nLukittava (2 avainta).<br \/>\nV\u00e4ri: Valkoinen.<\/p>\n<p><strong>Mitat:<\/strong><br \/>\nKorkeus: 65 cm<br \/>\nLeveys: 40,5 cm<br \/>\nSyvyys: 58 cm<\/p>\n<p>Valmiiksi kasattu, vain py\u00f6r\u00e4t ja vetimet kiinnitett\u00e4v\u00e4 paikalleen.<\/p>\n","protected":false},"excerpt":{"rendered":"<p>K\u00e4tev\u00e4 ja monipuolinen lukittava ja py\u00f6rill\u00e4 liikuteltava laatikosto!<\/p>\n","protected":false},"featured_media":25837,"comment_status":"closed","ping_status":"closed","template":"","meta":{"_acf_changed":false,"jetpack_post_was_ever_published":false,"jetpack_publicize_message":"","jetpack_publicize_feature_enabled":true,"jetpack_social_post_already_shared":true,"jetpack_social_options":{"image_generator_settings":{"template":"highway","default_image_id":0,"font":"","enabled":false},"version":2}},"product_brand":[185],"product_cat":[197],"product_tag":[],"class_list":{"0":"post-25836","1":"product","2":"type-product","3":"status-publish","4":"has-post-thumbnail","6":"product_brand-toplux","7":"product_cat-toimistokalusteet","9":"first","10":"instock","11":"sale","12":"shipping-taxable","13":"purchasable","14":"product-type-simple"},"acf":[],"jetpack_publicize_connections":[],"jetpack_sharing_enabled":true,"jetpack-related-posts":[{"id":25832,"url":"https:\/\/pohjanmaantehtaanmyymala.fi\/sv\/tuote\/economy-laatikosto-3-laatikkoa\/","url_meta":{"origin":25836,"position":0},"title":"Economy-laatikosto 3-laatikkoa","author":"Miro Nevala","date":"november 18, 2024","format":false,"excerpt":"K\u00e4tev\u00e4 ja monipuolinen lukittava ja py\u00f6rill\u00e4 liikuteltava laatikosto!","rel":"","context":"Liknande produkt","block_context":{"text":"Liknande produkt","link":""},"img":{"alt_text":"TopLux Economy laatikosto 3 laatikkoa valkoinen","src":"https:\/\/i0.wp.com\/pohjanmaantehtaanmyymala.fi\/wp-content\/uploads\/2024\/02\/econ-vmp3D-white-JPG.jpg?fit=960%2C960&ssl=1&resize=350%2C200","width":350,"height":200,"srcset":"https:\/\/i0.wp.com\/pohjanmaantehtaanmyymala.fi\/wp-content\/uploads\/2024\/02\/econ-vmp3D-white-JPG.jpg?fit=960%2C960&ssl=1&resize=350%2C200 1x, https:\/\/i0.wp.com\/pohjanmaantehtaanmyymala.fi\/wp-content\/uploads\/2024\/02\/econ-vmp3D-white-JPG.jpg?fit=960%2C960&ssl=1&resize=525%2C300 1.5x, https:\/\/i0.wp.com\/pohjanmaantehtaanmyymala.fi\/wp-content\/uploads\/2024\/02\/econ-vmp3D-white-JPG.jpg?fit=960%2C960&ssl=1&resize=700%2C400 2x"},"classes":[]},{"id":16663,"url":"https:\/\/pohjanmaantehtaanmyymala.fi\/sv\/tuote\/ergo-laatikosto-pyorilla-valkoinen\/","url_meta":{"origin":25836,"position":1},"title":"Ergo \u2013laatikosto py\u00f6rill\u00e4, valkoinen","author":"Sami Viitala","date":"februari 23, 2021","format":false,"excerpt":"K\u00e4tev\u00e4 liikuteltava lipasto, jossa on lukittavat py\u00f6r\u00e4t.","rel":"","context":"Liknande produkt","block_context":{"text":"Liknande produkt","link":""},"img":{"alt_text":"Hiipakka Ergo laatikosto valkoinen","src":"https:\/\/i0.wp.com\/pohjanmaantehtaanmyymala.fi\/wp-content\/uploads\/2021\/02\/Hiipakka-Ergo-laatikosto_pyorilla.jpg?fit=1200%2C1200&ssl=1&resize=350%2C200","width":350,"height":200,"srcset":"https:\/\/i0.wp.com\/pohjanmaantehtaanmyymala.fi\/wp-content\/uploads\/2021\/02\/Hiipakka-Ergo-laatikosto_pyorilla.jpg?fit=1200%2C1200&ssl=1&resize=350%2C200 1x, https:\/\/i0.wp.com\/pohjanmaantehtaanmyymala.fi\/wp-content\/uploads\/2021\/02\/Hiipakka-Ergo-laatikosto_pyorilla.jpg?fit=1200%2C1200&ssl=1&resize=525%2C300 1.5x, https:\/\/i0.wp.com\/pohjanmaantehtaanmyymala.fi\/wp-content\/uploads\/2021\/02\/Hiipakka-Ergo-laatikosto_pyorilla.jpg?fit=1200%2C1200&ssl=1&resize=700%2C400 2x, https:\/\/i0.wp.com\/pohjanmaantehtaanmyymala.fi\/wp-content\/uploads\/2021\/02\/Hiipakka-Ergo-laatikosto_pyorilla.jpg?fit=1200%2C1200&ssl=1&resize=1050%2C600 3x"},"classes":[]},{"id":10684,"url":"https:\/\/pohjanmaantehtaanmyymala.fi\/sv\/tuote\/taiga-lipasto-4-laatikkoa-67cm-6-8\/","url_meta":{"origin":25836,"position":2},"title":"TAIGA 6.8 Lipasto 4 laatikkoa","author":"petri","date":"september 14, 2019","format":false,"excerpt":"Kotimainen Taiga-laatikosto nelj\u00e4ll\u00e4 laatikolla sopii mainiosti kodin s\u00e4lilytysratkaisuksi. Laatikoissa on kest\u00e4v\u00e4t ja helppok\u00e4ytt\u00f6iset push-to-open mekanismit. Lipaston voi tilata joko kokomustana, kokovalkoisena ja valkorunkoisen\u00e4, jossa on harmaa kansi- ja pohjalevy. Hiipakan valmistama Taiga-laatikosto toimitetaan valmiiksi koottuna, purat vain paketista, kiinnit\u00e4t jalat ja lipasto on k\u00e4ytt\u00f6valmis. Tuotetiedot: Runko: 18 mm:n MCF-kalustelevy. Etusarjat:\u2026","rel":"","context":"Liknande produkt","block_context":{"text":"Liknande produkt","link":""},"img":{"alt_text":"Hiipakka Taiga lipasto 4 laatikkoa","src":"https:\/\/i0.wp.com\/pohjanmaantehtaanmyymala.fi\/wp-content\/uploads\/2019\/09\/Taiga062.jpg?fit=960%2C960&ssl=1&resize=350%2C200","width":350,"height":200,"srcset":"https:\/\/i0.wp.com\/pohjanmaantehtaanmyymala.fi\/wp-content\/uploads\/2019\/09\/Taiga062.jpg?fit=960%2C960&ssl=1&resize=350%2C200 1x, https:\/\/i0.wp.com\/pohjanmaantehtaanmyymala.fi\/wp-content\/uploads\/2019\/09\/Taiga062.jpg?fit=960%2C960&ssl=1&resize=525%2C300 1.5x, https:\/\/i0.wp.com\/pohjanmaantehtaanmyymala.fi\/wp-content\/uploads\/2019\/09\/Taiga062.jpg?fit=960%2C960&ssl=1&resize=700%2C400 2x"},"classes":[]},{"id":10759,"url":"https:\/\/pohjanmaantehtaanmyymala.fi\/sv\/tuote\/gustav-laatikosto-60\/","url_meta":{"origin":25836,"position":3},"title":"GUSTAV Laatikosto 60","author":"petri","date":"september 14, 2019","format":false,"excerpt":"Gustav-hyllyst\u00f6malliston kauniin valkoinen lipasto, jossa on kuusi laatikkoa. Laatikostoa voidaan k\u00e4ytt\u00e4\u00e4 sellaisenaan tai yhdist\u00e4\u00e4 muiden Gustav-malliston tuotteiden, kuten vitriinien tai hyllyjen kanssa. Yksitt\u00e4in k\u00e4ytettyn\u00e4 suosittelemme kansilevyn ostoa, jolloin se on viimeistellymm\u00e4n n\u00e4k\u00f6inen. Mitat: Leveys: 60 cm Syvyys: 39 cm Korkeus: 109,5 cm Paino 43 kg Toimitetaan kasattuna.","rel":"","context":"Liknande produkt","block_context":{"text":"Liknande produkt","link":""},"img":{"alt_text":"","src":"https:\/\/i0.wp.com\/pohjanmaantehtaanmyymala.fi\/wp-content\/uploads\/2019\/09\/Gustav_y07-0374_Laatikosto60.jpg?fit=960%2C960&ssl=1&resize=350%2C200","width":350,"height":200,"srcset":"https:\/\/i0.wp.com\/pohjanmaantehtaanmyymala.fi\/wp-content\/uploads\/2019\/09\/Gustav_y07-0374_Laatikosto60.jpg?fit=960%2C960&ssl=1&resize=350%2C200 1x, https:\/\/i0.wp.com\/pohjanmaantehtaanmyymala.fi\/wp-content\/uploads\/2019\/09\/Gustav_y07-0374_Laatikosto60.jpg?fit=960%2C960&ssl=1&resize=525%2C300 1.5x, https:\/\/i0.wp.com\/pohjanmaantehtaanmyymala.fi\/wp-content\/uploads\/2019\/09\/Gustav_y07-0374_Laatikosto60.jpg?fit=960%2C960&ssl=1&resize=700%2C400 2x"},"classes":[]},{"id":10683,"url":"https:\/\/pohjanmaantehtaanmyymala.fi\/sv\/tuote\/taiga-lipasto-3-laatikkoa-67cm-8-4\/","url_meta":{"origin":25836,"position":4},"title":"TAIGA 8.4 Lipasto 3 laatikkoa","author":"petri","date":"september 14, 2019","format":false,"excerpt":"Kotimainen Taiga-lipasto kolmella laatikolla.","rel":"","context":"Liknande produkt","block_context":{"text":"Liknande produkt","link":""},"img":{"alt_text":"Taiga lipasto 3 laatikkoa","src":"https:\/\/i0.wp.com\/pohjanmaantehtaanmyymala.fi\/wp-content\/uploads\/2019\/09\/Taiga053-1.jpg?fit=960%2C960&ssl=1&resize=350%2C200","width":350,"height":200,"srcset":"https:\/\/i0.wp.com\/pohjanmaantehtaanmyymala.fi\/wp-content\/uploads\/2019\/09\/Taiga053-1.jpg?fit=960%2C960&ssl=1&resize=350%2C200 1x, https:\/\/i0.wp.com\/pohjanmaantehtaanmyymala.fi\/wp-content\/uploads\/2019\/09\/Taiga053-1.jpg?fit=960%2C960&ssl=1&resize=525%2C300 1.5x, https:\/\/i0.wp.com\/pohjanmaantehtaanmyymala.fi\/wp-content\/uploads\/2019\/09\/Taiga053-1.jpg?fit=960%2C960&ssl=1&resize=700%2C400 2x"},"classes":[]},{"id":10798,"url":"https:\/\/pohjanmaantehtaanmyymala.fi\/sv\/tuote\/klaara-kirjoituspoyta-8\/","url_meta":{"origin":25836,"position":5},"title":"KLAARA 8 Kirjoitusp\u00f6yt\u00e4","author":"petri","date":"september 14, 2019","format":false,"excerpt":"Klaara kirjoitusp\u00f6yt\u00e4 vetolaatikoilla. Rungon v\u00e4ri valkoinen, kannen v\u00e4riksi voi valita: valkoinen, koivu, harmaa, ruskea. Toimitetaan osina. Laatikosto kasattu. (Kansi, vetimet ja jalat asennettava).","rel":"","context":"Liknande produkt","block_context":{"text":"Liknande produkt","link":""},"img":{"alt_text":"","src":"https:\/\/i0.wp.com\/pohjanmaantehtaanmyymala.fi\/wp-content\/uploads\/2019\/09\/KlaaraNRO8.jpg?fit=960%2C960&ssl=1&resize=350%2C200","width":350,"height":200,"srcset":"https:\/\/i0.wp.com\/pohjanmaantehtaanmyymala.fi\/wp-content\/uploads\/2019\/09\/KlaaraNRO8.jpg?fit=960%2C960&ssl=1&resize=350%2C200 1x, https:\/\/i0.wp.com\/pohjanmaantehtaanmyymala.fi\/wp-content\/uploads\/2019\/09\/KlaaraNRO8.jpg?fit=960%2C960&ssl=1&resize=525%2C300 1.5x, https:\/\/i0.wp.com\/pohjanmaantehtaanmyymala.fi\/wp-content\/uploads\/2019\/09\/KlaaraNRO8.jpg?fit=960%2C960&ssl=1&resize=700%2C400 2x"},"classes":[]}],"_links":{"self":[{"href":"https:\/\/pohjanmaantehtaanmyymala.fi\/sv\/wp-json\/wp\/v2\/product\/25836","targetHints":{"allow":["GET"]}}],"collection":[{"href":"https:\/\/pohjanmaantehtaanmyymala.fi\/sv\/wp-json\/wp\/v2\/product"}],"about":[{"href":"https:\/\/pohjanmaantehtaanmyymala.fi\/sv\/wp-json\/wp\/v2\/types\/product"}],"replies":[{"embeddable":true,"href":"https:\/\/pohjanmaantehtaanmyymala.fi\/sv\/wp-json\/wp\/v2\/comments?post=25836"}],"wp:featuredmedia":[{"embeddable":true,"href":"https:\/\/pohjanmaantehtaanmyymala.fi\/sv\/wp-json\/wp\/v2\/media\/25837"}],"wp:attachment":[{"href":"https:\/\/pohjanmaantehtaanmyymala.fi\/sv\/wp-json\/wp\/v2\/media?parent=25836"}],"wp:term":[{"taxonomy":"product_brand","embeddable":true,"href":"https:\/\/pohjanmaantehtaanmyymala.fi\/sv\/wp-json\/wp\/v2\/product_brand?post=25836"},{"taxonomy":"product_cat","embeddable":true,"href":"https:\/\/pohjanmaantehtaanmyymala.fi\/sv\/wp-json\/wp\/v2\/product_cat?post=25836"},{"taxonomy":"product_tag","embeddable":true,"href":"https:\/\/pohjanmaantehtaanmyymala.fi\/sv\/wp-json\/wp\/v2\/product_tag?post=25836"}],"curies":[{"name":"wp","href":"https:\/\/api.w.org\/{rel}","templated":true}]}}