{"id":25832,"date":"2024-11-18T14:30:57","date_gmt":"2024-11-18T12:30:57","guid":{"rendered":"https:\/\/pohjanmaantehtaanmyymala.fi\/?post_type=product&#038;p=25832"},"modified":"2024-12-10T14:32:15","modified_gmt":"2024-12-10T12:32:15","slug":"economy-laatikosto-3-laatikkoa","status":"publish","type":"product","link":"https:\/\/pohjanmaantehtaanmyymala.fi\/sv\/tuote\/economy-laatikosto-3-laatikkoa\/","title":{"rendered":"Economy-laatikosto 3-laatikkoa"},"content":{"rendered":"<p>K\u00e4tev\u00e4 ja monipuolinen lukittava ja py\u00f6rill\u00e4 liikuteltava laatikosto. Vaihtoehdoista voit valita joko 3 tai 4 vetolaatikolla varustetun mallin. T\u00e4m\u00e4 malli on 3 vetolaatikolla varustettu. Laatikostoissa on lukittavat etupy\u00f6r\u00e4t ja jokaisessa vetolaatikossa k\u00e4yt\u00e4nn\u00f6llinen kyn\u00e4kaukalo. Kyn\u00e4kaukalon paikkaa voi helposti siirt\u00e4\u00e4 tarpeen mukaan laatikosta toiseen, lis\u00e4ten k\u00e4ytt\u00f6mukavuutta.<\/p>\n<p>Laatikostojen yhteiset ominaisuudet k\u00e4sitt\u00e4v\u00e4t py\u00f6rill\u00e4 liikuteltavan rakenteen, mik\u00e4 mahdollistaa helpon siirtelyn ty\u00f6tilassa tai toimistossa. Lis\u00e4ksi laatikostoissa on keskuslukitusmekanismi, joka mahdollistaa kaikkien laatikoiden lukitsemisen samanaikaisesti, takaamalla turvallisen s\u00e4ilytyksen. K\u00e4yt\u00e4nn\u00f6llisyys ja turvallisuus yhdistyv\u00e4t n\u00e4iss\u00e4 laatikostoissa, tarjoten ihanteellisen ratkaisun s\u00e4ilytystarpeisiisi. Valitse laadukas ja toiminnallinen laatikosto, joka helpottaa arkeasi ja pit\u00e4\u00e4 t\u00e4rke\u00e4t tavarat j\u00e4rjestyksess\u00e4.<\/p>\n<p>&nbsp;<\/p>\n<p><strong>Ominaisuudet:<\/strong><br \/>\nPy\u00f6rill\u00e4 liikuteltava.<br \/>\nKyn\u00e4kaukalo.<br \/>\nLukittava (2 avainta).<br \/>\nV\u00e4ri: Valkoinen.<\/p>\n<p><strong>Mitat:<\/strong><br \/>\nKorkeus: 57 cm<br \/>\nLeveys: 40,5 cm<br \/>\nSyvyys: 47 cm<\/p>\n<p>Valmiiksi kasattu, vain py\u00f6r\u00e4t ja vetimet kiinnitett\u00e4v\u00e4 paikalleen.<\/p>\n","protected":false},"excerpt":{"rendered":"<p>K\u00e4tev\u00e4 ja monipuolinen lukittava ja py\u00f6rill\u00e4 liikuteltava laatikosto!<\/p>\n","protected":false},"featured_media":25833,"comment_status":"closed","ping_status":"closed","template":"","meta":{"_acf_changed":false,"jetpack_post_was_ever_published":false,"jetpack_publicize_message":"","jetpack_publicize_feature_enabled":true,"jetpack_social_post_already_shared":true,"jetpack_social_options":{"image_generator_settings":{"template":"highway","default_image_id":0,"font":"","enabled":false},"version":2}},"product_brand":[185],"product_cat":[197],"product_tag":[],"class_list":{"0":"post-25832","1":"product","2":"type-product","3":"status-publish","4":"has-post-thumbnail","6":"product_brand-toplux","7":"product_cat-toimistokalusteet","9":"first","10":"instock","11":"sale","12":"shipping-taxable","13":"purchasable","14":"product-type-simple"},"acf":[],"jetpack_publicize_connections":[],"jetpack_sharing_enabled":true,"jetpack-related-posts":[],"_links":{"self":[{"href":"https:\/\/pohjanmaantehtaanmyymala.fi\/sv\/wp-json\/wp\/v2\/product\/25832","targetHints":{"allow":["GET"]}}],"collection":[{"href":"https:\/\/pohjanmaantehtaanmyymala.fi\/sv\/wp-json\/wp\/v2\/product"}],"about":[{"href":"https:\/\/pohjanmaantehtaanmyymala.fi\/sv\/wp-json\/wp\/v2\/types\/product"}],"replies":[{"embeddable":true,"href":"https:\/\/pohjanmaantehtaanmyymala.fi\/sv\/wp-json\/wp\/v2\/comments?post=25832"}],"wp:featuredmedia":[{"embeddable":true,"href":"https:\/\/pohjanmaantehtaanmyymala.fi\/sv\/wp-json\/wp\/v2\/media\/25833"}],"wp:attachment":[{"href":"https:\/\/pohjanmaantehtaanmyymala.fi\/sv\/wp-json\/wp\/v2\/media?parent=25832"}],"wp:term":[{"taxonomy":"product_brand","embeddable":true,"href":"https:\/\/pohjanmaantehtaanmyymala.fi\/sv\/wp-json\/wp\/v2\/product_brand?post=25832"},{"taxonomy":"product_cat","embeddable":true,"href":"https:\/\/pohjanmaantehtaanmyymala.fi\/sv\/wp-json\/wp\/v2\/product_cat?post=25832"},{"taxonomy":"product_tag","embeddable":true,"href":"https:\/\/pohjanmaantehtaanmyymala.fi\/sv\/wp-json\/wp\/v2\/product_tag?post=25832"}],"curies":[{"name":"wp","href":"https:\/\/api.w.org\/{rel}","templated":true}]}}