{"id":25643,"date":"2024-02-16T15:36:27","date_gmt":"2024-02-16T13:36:27","guid":{"rendered":"https:\/\/pohjanmaantehtaanmyymala.fi\/?post_type=product&#038;p=25643"},"modified":"2025-01-22T16:41:34","modified_gmt":"2025-01-22T14:41:34","slug":"uniclean-petauspatjansuoja-valitse-koko","status":"publish","type":"product","link":"https:\/\/pohjanmaantehtaanmyymala.fi\/sv\/tuote\/uniclean-petauspatjansuoja-valitse-koko\/","title":{"rendered":"Uniclean petauspatjansuoja"},"content":{"rendered":"<p>Sijauspatjan p\u00e4\u00e4lle kiinnitett\u00e4v\u00e4 Uni Clean -petauspatjansuoja tekee vuoteesi puhtaanapidosta vaivatonta. Suojus on suunniteltu helppoon k\u00e4ytt\u00f6\u00f6n, sill\u00e4 se on vaivattomasti asetettavissa sijauspatjan p\u00e4\u00e4lle ja pysyy tukevasti paikallaan kulmissa olevien kumilenkkien avulla.<\/p>\n<p>Suojus voidaan poistaa vaivattomasti, mik\u00e4 tekee pesuprosessista nopean ja tehokkaan. Lis\u00e4ksi suojaa voidaan pest\u00e4 jopa 90 \u00b0C asteessa, varmistaen hygieenisen ymp\u00e4rist\u00f6n vuoteessasi.<\/p>\n<p>Valittavissa useita eri kokoja; 80x200cm, 90&#215;200 cm, 120&#215;200 cm, 140&#215;200 cm, 160&#215;200 cm ja 180x200cm.<\/p>\n<p>Sopii allergisille.<\/p>\n<p><a href=\"https:\/\/pohjanmaantehtaanmyymala.fi\/yhteys\/\" target=\"_blank\" rel=\"noopener\">Kysy myynnist\u00e4mme my\u00f6s urea-kosteussuojia!<\/a><\/p>\n<p><strong>Tuotetiedot:<\/strong><\/p>\n<p>Materiaali: 50% puuvilla, 50% polyesteri<br \/>\nT\u00e4yte: polyesterikuitu<br \/>\nPesuohje: Vesipesu jopa 90 \u00b0C asteeseen asti. Venytett\u00e4v\u00e4 muotoonsa kosteana.<\/p>\n<p>&nbsp;<\/p>\n","protected":false},"excerpt":{"rendered":"<p>Suojaa petauspatjan lialta, valitse koko alta!<\/p>\n","protected":false},"featured_media":25644,"comment_status":"closed","ping_status":"closed","template":"","meta":{"_acf_changed":false,"jetpack_post_was_ever_published":false,"jetpack_publicize_message":"","jetpack_publicize_feature_enabled":true,"jetpack_social_post_already_shared":true,"jetpack_social_options":{"image_generator_settings":{"template":"highway","default_image_id":0,"font":"","enabled":false},"version":2}},"product_brand":[203],"product_cat":[198,615],"product_tag":[],"class_list":{"0":"post-25643","1":"product","2":"type-product","3":"status-publish","4":"has-post-thumbnail","6":"product_brand-hilding","7":"product_cat-patjat-ja-sangyt","8":"product_cat-petauspatjat","9":"pa_koko-120x200-cm","10":"pa_koko-140x200-cm","11":"pa_koko-160x200-cm","12":"pa_koko-180x200-cm","13":"pa_koko-80x200-cm","14":"pa_koko-90x200-cm","16":"first","17":"instock","18":"sale","19":"shipping-taxable","20":"purchasable","21":"product-type-variable","22":"has-default-attributes"},"acf":[],"jetpack_publicize_connections":[],"jetpack_sharing_enabled":true,"jetpack-related-posts":[{"id":26381,"url":"https:\/\/pohjanmaantehtaanmyymala.fi\/sv\/tuote\/fantasy-level-2-istuttava-vuodesohva\/","url_meta":{"origin":25643,"position":0},"title":"Fantasy Level 2-istuttava vuodesohva","author":"Miro Nevala","date":"augusti 29, 2024","format":false,"excerpt":"2-istuttava sohva k\u00e4tev\u00e4ll\u00e4 vuodemekanismilla!","rel":"","context":"Liknande produkt","block_context":{"text":"Liknande produkt","link":""},"img":{"alt_text":"Fantasy level 152cm milj\u00f6\u00f6","src":"https:\/\/i0.wp.com\/pohjanmaantehtaanmyymala.fi\/wp-content\/uploads\/2024\/03\/Fantasy_level-152cm-miljoo.jpg?fit=960%2C960&ssl=1&resize=350%2C200","width":350,"height":200,"srcset":"https:\/\/i0.wp.com\/pohjanmaantehtaanmyymala.fi\/wp-content\/uploads\/2024\/03\/Fantasy_level-152cm-miljoo.jpg?fit=960%2C960&ssl=1&resize=350%2C200 1x, https:\/\/i0.wp.com\/pohjanmaantehtaanmyymala.fi\/wp-content\/uploads\/2024\/03\/Fantasy_level-152cm-miljoo.jpg?fit=960%2C960&ssl=1&resize=525%2C300 1.5x, https:\/\/i0.wp.com\/pohjanmaantehtaanmyymala.fi\/wp-content\/uploads\/2024\/03\/Fantasy_level-152cm-miljoo.jpg?fit=960%2C960&ssl=1&resize=700%2C400 2x"},"classes":[]},{"id":28220,"url":"https:\/\/pohjanmaantehtaanmyymala.fi\/sv\/tuote\/eden-comfort-petauspatja\/","url_meta":{"origin":25643,"position":1},"title":"EDEN Comfort petauspatja","author":"Sami Viitala","date":"december 14, 2024","format":false,"excerpt":"Eden-sarjan miellytt\u00e4v\u00e4n pehme\u00e4 Comfort sijauspatja. Valitse koko alta!","rel":"","context":"Liknande produkt","block_context":{"text":"Liknande produkt","link":""},"img":{"alt_text":"EDEN comfort-premium- ja exclusive petauspatja","src":"https:\/\/i0.wp.com\/pohjanmaantehtaanmyymala.fi\/wp-content\/uploads\/2024\/11\/Comfort-Premium-ja-Exclusive-petauspatjat.jpg?fit=960%2C960&ssl=1&resize=350%2C200","width":350,"height":200,"srcset":"https:\/\/i0.wp.com\/pohjanmaantehtaanmyymala.fi\/wp-content\/uploads\/2024\/11\/Comfort-Premium-ja-Exclusive-petauspatjat.jpg?fit=960%2C960&ssl=1&resize=350%2C200 1x, https:\/\/i0.wp.com\/pohjanmaantehtaanmyymala.fi\/wp-content\/uploads\/2024\/11\/Comfort-Premium-ja-Exclusive-petauspatjat.jpg?fit=960%2C960&ssl=1&resize=525%2C300 1.5x, https:\/\/i0.wp.com\/pohjanmaantehtaanmyymala.fi\/wp-content\/uploads\/2024\/11\/Comfort-Premium-ja-Exclusive-petauspatjat.jpg?fit=960%2C960&ssl=1&resize=700%2C400 2x"},"classes":[]},{"id":22364,"url":"https:\/\/pohjanmaantehtaanmyymala.fi\/sv\/tuote\/eden-premiun-petauspatja\/","url_meta":{"origin":25643,"position":2},"title":"EDEN Premiun petauspatja","author":"Sami Viitala","date":"januari 30, 2023","format":false,"excerpt":"Eden-sarjan suosituin sijauspatja Stylex-sisustuksella. Valitse koko alta!","rel":"","context":"Liknande produkt","block_context":{"text":"Liknande produkt","link":""},"img":{"alt_text":"","src":"https:\/\/i0.wp.com\/pohjanmaantehtaanmyymala.fi\/wp-content\/uploads\/2019\/09\/Aina_Exlusive_Petauspatja_lajitelma.jpg?fit=800%2C800&ssl=1&resize=350%2C200","width":350,"height":200,"srcset":"https:\/\/i0.wp.com\/pohjanmaantehtaanmyymala.fi\/wp-content\/uploads\/2019\/09\/Aina_Exlusive_Petauspatja_lajitelma.jpg?fit=800%2C800&ssl=1&resize=350%2C200 1x, https:\/\/i0.wp.com\/pohjanmaantehtaanmyymala.fi\/wp-content\/uploads\/2019\/09\/Aina_Exlusive_Petauspatja_lajitelma.jpg?fit=800%2C800&ssl=1&resize=525%2C300 1.5x, https:\/\/i0.wp.com\/pohjanmaantehtaanmyymala.fi\/wp-content\/uploads\/2019\/09\/Aina_Exlusive_Petauspatja_lajitelma.jpg?fit=800%2C800&ssl=1&resize=700%2C400 2x"},"classes":[]},{"id":25009,"url":"https:\/\/pohjanmaantehtaanmyymala.fi\/sv\/tuote\/pilvipouta-runkopatjasetti-90x200-cm\/","url_meta":{"origin":25643,"position":3},"title":"Pilvipouta runkopatjasetti 90&#215;200 cm","author":"Sami Viitala","date":"februari 8, 2024","format":false,"excerpt":"Pussijousitettu runkos\u00e4nkypaketti sis\u00e4lt\u00e4en petauspatjan ja jalat.","rel":"","context":"Liknande produkt","block_context":{"text":"Liknande produkt","link":""},"img":{"alt_text":"Pilvi runkopatjapaketti 90x200 v\u00e4ri harmaa","src":"https:\/\/i0.wp.com\/pohjanmaantehtaanmyymala.fi\/wp-content\/uploads\/2024\/02\/Pilvi-runkopatjapaketti-90x200-960dpi.jpg?fit=960%2C960&ssl=1&resize=350%2C200","width":350,"height":200,"srcset":"https:\/\/i0.wp.com\/pohjanmaantehtaanmyymala.fi\/wp-content\/uploads\/2024\/02\/Pilvi-runkopatjapaketti-90x200-960dpi.jpg?fit=960%2C960&ssl=1&resize=350%2C200 1x, https:\/\/i0.wp.com\/pohjanmaantehtaanmyymala.fi\/wp-content\/uploads\/2024\/02\/Pilvi-runkopatjapaketti-90x200-960dpi.jpg?fit=960%2C960&ssl=1&resize=525%2C300 1.5x, https:\/\/i0.wp.com\/pohjanmaantehtaanmyymala.fi\/wp-content\/uploads\/2024\/02\/Pilvi-runkopatjapaketti-90x200-960dpi.jpg?fit=960%2C960&ssl=1&resize=700%2C400 2x"},"classes":[]},{"id":21769,"url":"https:\/\/pohjanmaantehtaanmyymala.fi\/sv\/tuote\/visco-petauspatja-160x200-cm\/","url_meta":{"origin":25643,"position":4},"title":"Visco petauspatja 160&#215;200 cm","author":"Sami Viitala","date":"november 23, 2022","format":false,"excerpt":"Uniikki Visco sijauspatjassa on viskoelastinen t\u00e4yte, joka muotoutuu kehon l\u00e4mm\u00f6n ja painon vaikutuksesta. Viskoelastisen t\u00e4ytteen ansiosta petari antaa nukkujalla painottomuuden tunteen ja tasoittaa kehoon kohdistuvaa pintapainetta. Se v\u00e4hent\u00e4\u00e4 asennon vaihtamisen tarvetta, jolloin sit\u00e4 nukkuu paremmin ja her\u00e4\u00e4 virke\u00e4mp\u00e4n\u00e4. Uniikki petauspatjan reunoja kiert\u00e4\u00e4 verkkokangas, joka parantaa petauspatjan ilmankiertoa. Petauspatjan p\u00e4\u00e4llinen on\u2026","rel":"","context":"Liknande produkt","block_context":{"text":"Liknande produkt","link":""},"img":{"alt_text":"Uniikki visco petauspatja 160x200 cm","src":"https:\/\/i0.wp.com\/pohjanmaantehtaanmyymala.fi\/wp-content\/uploads\/2022\/11\/Uniikki_Visco_petauspatja.jpg?fit=960%2C960&ssl=1&resize=350%2C200","width":350,"height":200,"srcset":"https:\/\/i0.wp.com\/pohjanmaantehtaanmyymala.fi\/wp-content\/uploads\/2022\/11\/Uniikki_Visco_petauspatja.jpg?fit=960%2C960&ssl=1&resize=350%2C200 1x, https:\/\/i0.wp.com\/pohjanmaantehtaanmyymala.fi\/wp-content\/uploads\/2022\/11\/Uniikki_Visco_petauspatja.jpg?fit=960%2C960&ssl=1&resize=525%2C300 1.5x, https:\/\/i0.wp.com\/pohjanmaantehtaanmyymala.fi\/wp-content\/uploads\/2022\/11\/Uniikki_Visco_petauspatja.jpg?fit=960%2C960&ssl=1&resize=700%2C400 2x"},"classes":[]},{"id":21816,"url":"https:\/\/pohjanmaantehtaanmyymala.fi\/sv\/tuote\/visco-petauspatja-180x200-cm\/","url_meta":{"origin":25643,"position":5},"title":"Visco petauspatja 180&#215;200 cm","author":"Sami Viitala","date":"november 26, 2022","format":false,"excerpt":"Uniikki Visco sijauspatjassa on viskoelastinen t\u00e4yte, joka muotoutuu kehon l\u00e4mm\u00f6n ja painon vaikutuksesta. Viskoelastisen t\u00e4ytteen ansiosta petari antaa nukkujalla painottomuuden tunteen ja tasoittaa kehoon kohdistuvaa pintapainetta. Se v\u00e4hent\u00e4\u00e4 asennon vaihtamisen tarvetta, jolloin sit\u00e4 nukkuu paremmin ja her\u00e4\u00e4 virke\u00e4mp\u00e4n\u00e4. Uniikki petauspatjan reunoja kiert\u00e4\u00e4 verkkokangas, joka parantaa petauspatjan ilmankiertoa. Petauspatjan p\u00e4\u00e4llinen on\u2026","rel":"","context":"Liknande produkt","block_context":{"text":"Liknande produkt","link":""},"img":{"alt_text":"Uniikki visco petauspatja 160x200 cm","src":"https:\/\/i0.wp.com\/pohjanmaantehtaanmyymala.fi\/wp-content\/uploads\/2022\/11\/Uniikki_Visco_petauspatja.jpg?fit=960%2C960&ssl=1&resize=350%2C200","width":350,"height":200,"srcset":"https:\/\/i0.wp.com\/pohjanmaantehtaanmyymala.fi\/wp-content\/uploads\/2022\/11\/Uniikki_Visco_petauspatja.jpg?fit=960%2C960&ssl=1&resize=350%2C200 1x, https:\/\/i0.wp.com\/pohjanmaantehtaanmyymala.fi\/wp-content\/uploads\/2022\/11\/Uniikki_Visco_petauspatja.jpg?fit=960%2C960&ssl=1&resize=525%2C300 1.5x, https:\/\/i0.wp.com\/pohjanmaantehtaanmyymala.fi\/wp-content\/uploads\/2022\/11\/Uniikki_Visco_petauspatja.jpg?fit=960%2C960&ssl=1&resize=700%2C400 2x"},"classes":[]}],"_links":{"self":[{"href":"https:\/\/pohjanmaantehtaanmyymala.fi\/sv\/wp-json\/wp\/v2\/product\/25643","targetHints":{"allow":["GET"]}}],"collection":[{"href":"https:\/\/pohjanmaantehtaanmyymala.fi\/sv\/wp-json\/wp\/v2\/product"}],"about":[{"href":"https:\/\/pohjanmaantehtaanmyymala.fi\/sv\/wp-json\/wp\/v2\/types\/product"}],"replies":[{"embeddable":true,"href":"https:\/\/pohjanmaantehtaanmyymala.fi\/sv\/wp-json\/wp\/v2\/comments?post=25643"}],"wp:featuredmedia":[{"embeddable":true,"href":"https:\/\/pohjanmaantehtaanmyymala.fi\/sv\/wp-json\/wp\/v2\/media\/25644"}],"wp:attachment":[{"href":"https:\/\/pohjanmaantehtaanmyymala.fi\/sv\/wp-json\/wp\/v2\/media?parent=25643"}],"wp:term":[{"taxonomy":"product_brand","embeddable":true,"href":"https:\/\/pohjanmaantehtaanmyymala.fi\/sv\/wp-json\/wp\/v2\/product_brand?post=25643"},{"taxonomy":"product_cat","embeddable":true,"href":"https:\/\/pohjanmaantehtaanmyymala.fi\/sv\/wp-json\/wp\/v2\/product_cat?post=25643"},{"taxonomy":"product_tag","embeddable":true,"href":"https:\/\/pohjanmaantehtaanmyymala.fi\/sv\/wp-json\/wp\/v2\/product_tag?post=25643"}],"curies":[{"name":"wp","href":"https:\/\/api.w.org\/{rel}","templated":true}]}}