{"id":25474,"date":"2024-02-15T15:24:41","date_gmt":"2024-02-15T13:24:41","guid":{"rendered":"https:\/\/pohjanmaantehtaanmyymala.fi\/?post_type=product&#038;p=25474"},"modified":"2026-03-02T16:28:53","modified_gmt":"2026-03-02T14:28:53","slug":"marta-3-istuttava-sohva","status":"publish","type":"product","link":"https:\/\/pohjanmaantehtaanmyymala.fi\/sv\/tuote\/marta-3-istuttava-sohva\/","title":{"rendered":"Marta 3-istuttava sohva"},"content":{"rendered":"<p>Kevytilmeinen Marta-sohva on loistava valinta olohuoneeseen! Martassa on persoonalliset tikkaukset ja tyynyjen sis\u00e4\u00e4nvedot, jotka tuovat sovalle omaa ilmett\u00e4\u00e4n. Martta sohvassa on irroitettavat istuin- ja selk\u00e4tyynyt. Marta sohva on pehme\u00e4 ja miellytt\u00e4v\u00e4 istuinmukavuudeltaan.<\/p>\n<p>Sohvassa on laadukkaat materiaalit: kest\u00e4v\u00e4 puurunko, laadukkaat pehmusteet sek\u00e4 verhoilukangas takaavat mukavia istumahetki\u00e4 vuosiksi eteenp\u00e4in.<\/p>\n<p>Martta sohvan korkea jalka tekee sohvastae kevyen n\u00e4k\u00f6isen ja helpottaa sohvan alustan siivoamisessa. My\u00f6s robotti-imuri mahtuu sohvan alle.<\/p>\n<p>Kuvan sohva on verhoiltu laadukkaalla Storm-kankaalla, josta on valittavana useita eri v\u00e4rej\u00e4.<\/p>\n<p>Linkki valmistajan <a href=\"https:\/\/ermatiko.ee\/wp-content\/uploads\/2018\/04\/Ermatiko-infoleht-Marta_ENG_3.pdf\" target=\"_blank\" rel=\"noopener\">Martta-tuotetiedostoon.<\/a><\/p>\n<p>Martta-sohvan verhoilun voi valita useista\u00a0 kangasvaihtoehdoista.<\/p>\n<h3>Tuotetiedot:<\/h3>\n<p>Mittatiedot:<br \/>\nIstuinkorkeus: 48 cm.<br \/>\nIstuinsyvyys: 53 cm.<br \/>\nLeveys: 212 cm.<br \/>\nKorkeus: 90 cm.<\/p>\n<p>Verhoilu: Storm-kangas, hintaryhm\u00e4 2<br \/>\nIstuinpehmuste: Vaahtomuovi.<br \/>\nSelk\u00e4tyynyt: Polyesterivanut\u00e4yte.<br \/>\nIrralliset istuin- ja selk\u00e4tyynyt. Ei k\u00e4\u00e4nnett\u00e4viss\u00e4.<br \/>\nRunko:Massiivipuu, vaneri ja kovalevy.<br \/>\nJalat: Mustaksi petsattu koivu.<\/p>\n","protected":false},"excerpt":{"rendered":"<p>Persoonallien sohva. Valitse v\u00e4ri kattavasta valikoimasta!<\/p>\n","protected":false},"featured_media":25525,"comment_status":"closed","ping_status":"closed","template":"","meta":{"_acf_changed":false,"jetpack_post_was_ever_published":false,"jetpack_publicize_message":"","jetpack_publicize_feature_enabled":true,"jetpack_social_post_already_shared":true,"jetpack_social_options":{"image_generator_settings":{"template":"highway","default_image_id":0,"font":"","enabled":false},"version":2}},"product_brand":[208],"product_cat":[201],"product_tag":[],"class_list":{"0":"post-25474","1":"product","2":"type-product","3":"status-publish","4":"has-post-thumbnail","6":"product_brand-ermatiko","7":"product_cat-sohvat","8":"product_shipping_class-161","9":"pa_vari-storm-02-luonnonvalkoinen","10":"pa_vari-storm-09-beige","11":"pa_vari-storm-18-ruskea","12":"pa_vari-storm-39-vihrea","13":"pa_vari-storm-48-okrankeltainen","14":"pa_vari-storm-59-roosa","15":"pa_vari-storm-70-vaaleanharmaa","16":"pa_vari-storm-97-tummanharmaa","18":"first","19":"instock","20":"sale","21":"purchasable","22":"product-type-variable"},"acf":[],"jetpack_publicize_connections":[],"jetpack_sharing_enabled":true,"jetpack-related-posts":[{"id":25528,"url":"https:\/\/pohjanmaantehtaanmyymala.fi\/sv\/tuote\/marta-2-istuttava-sohva\/","url_meta":{"origin":25474,"position":0},"title":"Marta 2-istuttava sohva","author":"Miro Nevala","date":"februari 15, 2024","format":false,"excerpt":"Persoonallien sohva. Valitse v\u00e4ri kattavasta valikoimasta!","rel":"","context":"Liknande produkt","block_context":{"text":"Liknande produkt","link":""},"img":{"alt_text":"Marta 2-istuttava sohva v\u00e4ri roosa","src":"https:\/\/i0.wp.com\/pohjanmaantehtaanmyymala.fi\/wp-content\/uploads\/2024\/02\/Marta-2-istuttava-roosa-960dpi.jpg?fit=960%2C960&ssl=1&resize=350%2C200","width":350,"height":200,"srcset":"https:\/\/i0.wp.com\/pohjanmaantehtaanmyymala.fi\/wp-content\/uploads\/2024\/02\/Marta-2-istuttava-roosa-960dpi.jpg?fit=960%2C960&ssl=1&resize=350%2C200 1x, https:\/\/i0.wp.com\/pohjanmaantehtaanmyymala.fi\/wp-content\/uploads\/2024\/02\/Marta-2-istuttava-roosa-960dpi.jpg?fit=960%2C960&ssl=1&resize=525%2C300 1.5x, https:\/\/i0.wp.com\/pohjanmaantehtaanmyymala.fi\/wp-content\/uploads\/2024\/02\/Marta-2-istuttava-roosa-960dpi.jpg?fit=960%2C960&ssl=1&resize=700%2C400 2x"},"classes":[]},{"id":25451,"url":"https:\/\/pohjanmaantehtaanmyymala.fi\/sv\/tuote\/marta-sohvat-connect-kankaalla\/","url_meta":{"origin":25474,"position":1},"title":"Marta 2,5 ja 2-istuttavat sohvat alk. kankaalla","author":"Miro Nevala","date":"februari 15, 2024","format":false,"excerpt":"Saatavana useita eri vaihtoehtoja.","rel":"","context":"Liknande produkt","block_context":{"text":"Liknande produkt","link":""},"img":{"alt_text":"Marta sohvat, 2- ja 3-istuttavat roosan v\u00e4rinen Connect-kangas","src":"https:\/\/i0.wp.com\/pohjanmaantehtaanmyymala.fi\/wp-content\/uploads\/2024\/02\/Marta_23_sohvat.jpg?fit=960%2C960&ssl=1&resize=350%2C200","width":350,"height":200,"srcset":"https:\/\/i0.wp.com\/pohjanmaantehtaanmyymala.fi\/wp-content\/uploads\/2024\/02\/Marta_23_sohvat.jpg?fit=960%2C960&ssl=1&resize=350%2C200 1x, https:\/\/i0.wp.com\/pohjanmaantehtaanmyymala.fi\/wp-content\/uploads\/2024\/02\/Marta_23_sohvat.jpg?fit=960%2C960&ssl=1&resize=525%2C300 1.5x, https:\/\/i0.wp.com\/pohjanmaantehtaanmyymala.fi\/wp-content\/uploads\/2024\/02\/Marta_23_sohvat.jpg?fit=960%2C960&ssl=1&resize=700%2C400 2x"},"classes":[]},{"id":25543,"url":"https:\/\/pohjanmaantehtaanmyymala.fi\/sv\/tuote\/marta-avokulmasohva-hygge-kankaalla\/","url_meta":{"origin":25474,"position":2},"title":"Marta avokulmasohva Hygge-kankaalla","author":"Miro Nevala","date":"februari 15, 2024","format":false,"excerpt":"Persoonallien kulmasohva! Valitse k\u00e4tisyys.","rel":"","context":"Liknande produkt","block_context":{"text":"Liknande produkt","link":""},"img":{"alt_text":"Marta avokulma oikeak\u00e4tisyys Hygge kankaalla","src":"https:\/\/i0.wp.com\/pohjanmaantehtaanmyymala.fi\/wp-content\/uploads\/2024\/02\/Marta_avokulma_oikea_2-960dpi.jpg?fit=960%2C960&ssl=1&resize=350%2C200","width":350,"height":200,"srcset":"https:\/\/i0.wp.com\/pohjanmaantehtaanmyymala.fi\/wp-content\/uploads\/2024\/02\/Marta_avokulma_oikea_2-960dpi.jpg?fit=960%2C960&ssl=1&resize=350%2C200 1x, https:\/\/i0.wp.com\/pohjanmaantehtaanmyymala.fi\/wp-content\/uploads\/2024\/02\/Marta_avokulma_oikea_2-960dpi.jpg?fit=960%2C960&ssl=1&resize=525%2C300 1.5x, https:\/\/i0.wp.com\/pohjanmaantehtaanmyymala.fi\/wp-content\/uploads\/2024\/02\/Marta_avokulma_oikea_2-960dpi.jpg?fit=960%2C960&ssl=1&resize=700%2C400 2x"},"classes":[]},{"id":23944,"url":"https:\/\/pohjanmaantehtaanmyymala.fi\/sv\/tuote\/marta-avokulmasohva-retrobliss-kankaalla\/","url_meta":{"origin":25474,"position":3},"title":"Marta avokulmasohva RetroBliss-kankaalla","author":"Sami Viitala","date":"november 6, 2023","format":false,"excerpt":"Persoonallien kulmasohva! Valitse k\u00e4tisyys.","rel":"","context":"Liknande produkt","block_context":{"text":"Liknande produkt","link":""},"img":{"alt_text":"Marta avokulma oikeak\u00e4tinen, harmaa Retro Bliss kangas","src":"https:\/\/i0.wp.com\/pohjanmaantehtaanmyymala.fi\/wp-content\/uploads\/2023\/11\/Marta-avokulma-kangas.jpg?fit=960%2C960&ssl=1&resize=350%2C200","width":350,"height":200,"srcset":"https:\/\/i0.wp.com\/pohjanmaantehtaanmyymala.fi\/wp-content\/uploads\/2023\/11\/Marta-avokulma-kangas.jpg?fit=960%2C960&ssl=1&resize=350%2C200 1x, https:\/\/i0.wp.com\/pohjanmaantehtaanmyymala.fi\/wp-content\/uploads\/2023\/11\/Marta-avokulma-kangas.jpg?fit=960%2C960&ssl=1&resize=525%2C300 1.5x, https:\/\/i0.wp.com\/pohjanmaantehtaanmyymala.fi\/wp-content\/uploads\/2023\/11\/Marta-avokulma-kangas.jpg?fit=960%2C960&ssl=1&resize=700%2C400 2x"},"classes":[]},{"id":22834,"url":"https:\/\/pohjanmaantehtaanmyymala.fi\/sv\/tuote\/marta-avokulmasohva-connect-kankaalla\/","url_meta":{"origin":25474,"position":4},"title":"Marta avokulmasohva Storm-kankaalla","author":"Sami Viitala","date":"april 12, 2023","format":false,"excerpt":"Persoonallien kulmasohva! Valitse k\u00e4tisyys.","rel":"","context":"Liknande produkt","block_context":{"text":"Liknande produkt","link":""},"img":{"alt_text":"Marta avokulmasohva harmaalla kankaalla avo-osa oikealla edest\u00e4 p\u00e4in katsottuna","src":"https:\/\/i0.wp.com\/pohjanmaantehtaanmyymala.fi\/wp-content\/uploads\/2023\/04\/Marta_avokulmasohva_vasen.jpg?fit=960%2C960&ssl=1&resize=350%2C200","width":350,"height":200,"srcset":"https:\/\/i0.wp.com\/pohjanmaantehtaanmyymala.fi\/wp-content\/uploads\/2023\/04\/Marta_avokulmasohva_vasen.jpg?fit=960%2C960&ssl=1&resize=350%2C200 1x, https:\/\/i0.wp.com\/pohjanmaantehtaanmyymala.fi\/wp-content\/uploads\/2023\/04\/Marta_avokulmasohva_vasen.jpg?fit=960%2C960&ssl=1&resize=525%2C300 1.5x, https:\/\/i0.wp.com\/pohjanmaantehtaanmyymala.fi\/wp-content\/uploads\/2023\/04\/Marta_avokulmasohva_vasen.jpg?fit=960%2C960&ssl=1&resize=700%2C400 2x"},"classes":[]},{"id":23700,"url":"https:\/\/pohjanmaantehtaanmyymala.fi\/sv\/tuote\/dolphin-25-istuttava-sohva-atlantic-kankaalla\/","url_meta":{"origin":25474,"position":5},"title":"Dolphin 2,5-istuttava sohva Atlantic kankaalla","author":"Sami Viitala","date":"september 26, 2023","format":false,"excerpt":"Pehme\u00e4 sohva, joka vet\u00e4\u00e4 puoleensa.","rel":"","context":"Liknande produkt","block_context":{"text":"Liknande produkt","link":""},"img":{"alt_text":"Pohjanmaan Dolphin 2,5 istuttava sohva vaaleanharmaalla Atlantic-kankalla etupuoli","src":"https:\/\/i0.wp.com\/pohjanmaantehtaanmyymala.fi\/wp-content\/uploads\/2023\/09\/Dolphin25-istuttava-sohva-Atlantic02-kangas-harmaa-1.jpg?fit=960%2C960&ssl=1&resize=350%2C200","width":350,"height":200,"srcset":"https:\/\/i0.wp.com\/pohjanmaantehtaanmyymala.fi\/wp-content\/uploads\/2023\/09\/Dolphin25-istuttava-sohva-Atlantic02-kangas-harmaa-1.jpg?fit=960%2C960&ssl=1&resize=350%2C200 1x, https:\/\/i0.wp.com\/pohjanmaantehtaanmyymala.fi\/wp-content\/uploads\/2023\/09\/Dolphin25-istuttava-sohva-Atlantic02-kangas-harmaa-1.jpg?fit=960%2C960&ssl=1&resize=525%2C300 1.5x, https:\/\/i0.wp.com\/pohjanmaantehtaanmyymala.fi\/wp-content\/uploads\/2023\/09\/Dolphin25-istuttava-sohva-Atlantic02-kangas-harmaa-1.jpg?fit=960%2C960&ssl=1&resize=700%2C400 2x"},"classes":[]}],"_links":{"self":[{"href":"https:\/\/pohjanmaantehtaanmyymala.fi\/sv\/wp-json\/wp\/v2\/product\/25474","targetHints":{"allow":["GET"]}}],"collection":[{"href":"https:\/\/pohjanmaantehtaanmyymala.fi\/sv\/wp-json\/wp\/v2\/product"}],"about":[{"href":"https:\/\/pohjanmaantehtaanmyymala.fi\/sv\/wp-json\/wp\/v2\/types\/product"}],"replies":[{"embeddable":true,"href":"https:\/\/pohjanmaantehtaanmyymala.fi\/sv\/wp-json\/wp\/v2\/comments?post=25474"}],"wp:featuredmedia":[{"embeddable":true,"href":"https:\/\/pohjanmaantehtaanmyymala.fi\/sv\/wp-json\/wp\/v2\/media\/25525"}],"wp:attachment":[{"href":"https:\/\/pohjanmaantehtaanmyymala.fi\/sv\/wp-json\/wp\/v2\/media?parent=25474"}],"wp:term":[{"taxonomy":"product_brand","embeddable":true,"href":"https:\/\/pohjanmaantehtaanmyymala.fi\/sv\/wp-json\/wp\/v2\/product_brand?post=25474"},{"taxonomy":"product_cat","embeddable":true,"href":"https:\/\/pohjanmaantehtaanmyymala.fi\/sv\/wp-json\/wp\/v2\/product_cat?post=25474"},{"taxonomy":"product_tag","embeddable":true,"href":"https:\/\/pohjanmaantehtaanmyymala.fi\/sv\/wp-json\/wp\/v2\/product_tag?post=25474"}],"curies":[{"name":"wp","href":"https:\/\/api.w.org\/{rel}","templated":true}]}}