{"id":25362,"date":"2024-09-21T13:50:37","date_gmt":"2024-09-21T11:50:37","guid":{"rendered":"https:\/\/pohjanmaantehtaanmyymala.fi\/?post_type=product&#038;p=25362"},"modified":"2024-09-21T13:54:43","modified_gmt":"2024-09-21T11:54:43","slug":"leo-leksa-vuodetuoli-leo-kankaalla","status":"publish","type":"product","link":"https:\/\/pohjanmaantehtaanmyymala.fi\/sv\/tuote\/leo-leksa-vuodetuoli-leo-kankaalla\/","title":{"rendered":"Leo &#8221;Leksa&#8221;- vuodetuoli Leo-kankaalla"},"content":{"rendered":"<p>Yhdistelm\u00e4 yksinkertaisuutta ja k\u00e4yt\u00e4nn\u00f6llisyytt\u00e4 Leo-divaanis\u00e4ngyss\u00e4! T\u00e4m\u00e4 mukava nojatuolis\u00e4nky tarjoaa paitsi miellytt\u00e4v\u00e4n istuinkokemuksen my\u00f6s erinomaisen y\u00f6unen. Sen helppo avausmekanismi tekee siit\u00e4 k\u00e4ytt\u00e4j\u00e4yst\u00e4v\u00e4llisen kaikille.\u00a0 Avattuna vie vain 197.5x95cm!<\/p>\n<p>Leo-divaanis\u00e4ngyn tyylikk\u00e4\u00e4t mustat muovijalat viimeistelev\u00e4t ulkon\u00e4\u00f6n ja tuovat modernia eleganssia huoneeseen. K\u00e4yt\u00e4nn\u00f6llinen ja tyylik\u00e4s, Leo on oivallinen valinta niille, jotka arvostavat sek\u00e4 istumisen ett\u00e4 nukkumisen mukavuutta kompaktissa ja monik\u00e4ytt\u00f6isess\u00e4 muodossa.<\/p>\n<p>Voit r\u00e4\u00e4t\u00e4l\u00f6id\u00e4 divaanis\u00e4ngyn ulkon\u00e4\u00f6n valitsemalla eri Leo-kankaan v\u00e4rivaihtoehdoista.<\/p>\n<p>Leo kangas on 100% polyesteri\u00e4, likaa hylkiv\u00e4 ja pest\u00e4v\u00e4 kangas.<\/p>\n<p>Leo &#8221;Leksa&#8221; -mallistosta on saatavana my\u00f6s 2-istuttava vuodesohva.<\/p>\n<p><a href=\"https:\/\/ermatiko.ee\/wp-content\/uploads\/2018\/02\/a4-ermatiko-infoleht-leo_leo-chair_eng.pdf\" target=\"_blank\" rel=\"noopener\">Katso tuotetiedot t\u00e4st\u00e4!<\/a><\/p>\n","protected":false},"excerpt":{"rendered":"<p>Mukava nojatuoli, joka tarjoaa my\u00f6s erinomaisen nukkumiskokemuksen!<\/p>\n","protected":false},"featured_media":25363,"comment_status":"closed","ping_status":"closed","template":"","meta":{"_acf_changed":false,"jetpack_post_was_ever_published":false,"jetpack_publicize_message":"","jetpack_publicize_feature_enabled":true,"jetpack_social_post_already_shared":true,"jetpack_social_options":{"image_generator_settings":{"template":"highway","default_image_id":0,"font":"","enabled":false},"version":2}},"product_brand":[208],"product_cat":[193],"product_tag":[],"class_list":{"0":"post-25362","1":"product","2":"type-product","3":"status-publish","4":"has-post-thumbnail","6":"product_brand-ermatiko","7":"product_cat-vuodesohvat","8":"pa_vari-leo-01","9":"pa_vari-leo-04","10":"pa_vari-leo-05","11":"pa_vari-leo-06","12":"pa_vari-leo-07","13":"pa_vari-leo-08","14":"pa_vari-leo-09","15":"pa_vari-leo-10","16":"pa_vari-leo-16","17":"pa_vari-leo-17","19":"first","20":"instock","21":"sale","22":"shipping-taxable","23":"purchasable","24":"product-type-variable"},"acf":[],"jetpack_publicize_connections":[],"jetpack_sharing_enabled":true,"jetpack-related-posts":[{"id":25313,"url":"https:\/\/pohjanmaantehtaanmyymala.fi\/sv\/tuote\/leo-leksa-vuodesohva-leo-kankaalla\/","url_meta":{"origin":25362,"position":0},"title":"Leo &#8221;Leksa&#8221;- vuodesohva Leo-kankaalla","author":"Miro Nevala","date":"mars 1, 2024","format":false,"excerpt":"K\u00e4yt\u00e4nn\u00f6llinen ja kompakti vaihtoehto vuodesohvalle!","rel":"","context":"Liknande produkt","block_context":{"text":"Liknande produkt","link":""},"img":{"alt_text":"Leo vuodesohva Roosa v\u00e4riss\u00e4 kuva edest\u00e4p\u00e4in","src":"https:\/\/i0.wp.com\/pohjanmaantehtaanmyymala.fi\/wp-content\/uploads\/2024\/02\/Leo-vuodesohva-roosa-960dpi.jpg?fit=960%2C960&ssl=1&resize=350%2C200","width":350,"height":200,"srcset":"https:\/\/i0.wp.com\/pohjanmaantehtaanmyymala.fi\/wp-content\/uploads\/2024\/02\/Leo-vuodesohva-roosa-960dpi.jpg?fit=960%2C960&ssl=1&resize=350%2C200 1x, https:\/\/i0.wp.com\/pohjanmaantehtaanmyymala.fi\/wp-content\/uploads\/2024\/02\/Leo-vuodesohva-roosa-960dpi.jpg?fit=960%2C960&ssl=1&resize=525%2C300 1.5x, https:\/\/i0.wp.com\/pohjanmaantehtaanmyymala.fi\/wp-content\/uploads\/2024\/02\/Leo-vuodesohva-roosa-960dpi.jpg?fit=960%2C960&ssl=1&resize=700%2C400 2x"},"classes":[]},{"id":25329,"url":"https:\/\/pohjanmaantehtaanmyymala.fi\/sv\/tuote\/leo-leksa-vuodesohva-connect-kankaalla\/","url_meta":{"origin":25362,"position":1},"title":"Leo &#8221;Leksa&#8221;- vuodesohva Storm kangas","author":"Miro Nevala","date":"februari 14, 2024","format":false,"excerpt":"K\u00e4yt\u00e4nn\u00f6llinen ja kompakti vaihtoehto!","rel":"","context":"Liknande produkt","block_context":{"text":"Liknande produkt","link":""},"img":{"alt_text":"Leo vuodesohva Fame kankaalla","src":"https:\/\/i0.wp.com\/pohjanmaantehtaanmyymala.fi\/wp-content\/uploads\/2024\/02\/Leksa_vuodesohva_Fame_180.jpg?fit=960%2C960&ssl=1&resize=350%2C200","width":350,"height":200,"srcset":"https:\/\/i0.wp.com\/pohjanmaantehtaanmyymala.fi\/wp-content\/uploads\/2024\/02\/Leksa_vuodesohva_Fame_180.jpg?fit=960%2C960&ssl=1&resize=350%2C200 1x, https:\/\/i0.wp.com\/pohjanmaantehtaanmyymala.fi\/wp-content\/uploads\/2024\/02\/Leksa_vuodesohva_Fame_180.jpg?fit=960%2C960&ssl=1&resize=525%2C300 1.5x, https:\/\/i0.wp.com\/pohjanmaantehtaanmyymala.fi\/wp-content\/uploads\/2024\/02\/Leksa_vuodesohva_Fame_180.jpg?fit=960%2C960&ssl=1&resize=700%2C400 2x"},"classes":[]},{"id":25342,"url":"https:\/\/pohjanmaantehtaanmyymala.fi\/sv\/tuote\/leo-leksa-vuodesohva-hygge-kankaalla\/","url_meta":{"origin":25362,"position":2},"title":"Leo &#8221;Leksa&#8221;- vuodesohva Hygge-kankaalla","author":"Miro Nevala","date":"februari 14, 2024","format":false,"excerpt":"K\u00e4yt\u00e4nn\u00f6llinen ja kompakti vuodesohva!","rel":"","context":"Liknande produkt","block_context":{"text":"Liknande produkt","link":""},"img":{"alt_text":"Leo 2-istuttava vuodesohva harmaa","src":"https:\/\/i0.wp.com\/pohjanmaantehtaanmyymala.fi\/wp-content\/uploads\/2024\/02\/Leo-vuodesohva-harmaa-960dpi.jpg?fit=960%2C960&ssl=1&resize=350%2C200","width":350,"height":200,"srcset":"https:\/\/i0.wp.com\/pohjanmaantehtaanmyymala.fi\/wp-content\/uploads\/2024\/02\/Leo-vuodesohva-harmaa-960dpi.jpg?fit=960%2C960&ssl=1&resize=350%2C200 1x, https:\/\/i0.wp.com\/pohjanmaantehtaanmyymala.fi\/wp-content\/uploads\/2024\/02\/Leo-vuodesohva-harmaa-960dpi.jpg?fit=960%2C960&ssl=1&resize=525%2C300 1.5x, https:\/\/i0.wp.com\/pohjanmaantehtaanmyymala.fi\/wp-content\/uploads\/2024\/02\/Leo-vuodesohva-harmaa-960dpi.jpg?fit=960%2C960&ssl=1&resize=700%2C400 2x"},"classes":[]},{"id":10950,"url":"https:\/\/pohjanmaantehtaanmyymala.fi\/sv\/tuote\/leo-vuodesohva-2-istuttava-tarjous\/","url_meta":{"origin":25362,"position":3},"title":"LEO vuodesohva 2-istuttava TARJOUS!","author":"petri","date":"september 14, 2019","format":false,"excerpt":"Laadukas kahdenistuttava vuodesohva .","rel":"","context":"Liknande produkt","block_context":{"text":"Liknande produkt","link":""},"img":{"alt_text":"","src":"https:\/\/i0.wp.com\/pohjanmaantehtaanmyymala.fi\/wp-content\/uploads\/2019\/09\/Leo_2_istuttava_vuodesohva.jpg?fit=960%2C960&ssl=1&resize=350%2C200","width":350,"height":200,"srcset":"https:\/\/i0.wp.com\/pohjanmaantehtaanmyymala.fi\/wp-content\/uploads\/2019\/09\/Leo_2_istuttava_vuodesohva.jpg?fit=960%2C960&ssl=1&resize=350%2C200 1x, https:\/\/i0.wp.com\/pohjanmaantehtaanmyymala.fi\/wp-content\/uploads\/2019\/09\/Leo_2_istuttava_vuodesohva.jpg?fit=960%2C960&ssl=1&resize=525%2C300 1.5x, https:\/\/i0.wp.com\/pohjanmaantehtaanmyymala.fi\/wp-content\/uploads\/2019\/09\/Leo_2_istuttava_vuodesohva.jpg?fit=960%2C960&ssl=1&resize=700%2C400 2x"},"classes":[]},{"id":10781,"url":"https:\/\/pohjanmaantehtaanmyymala.fi\/sv\/tuote\/klaara-lipastokaappi-korkea-20\/","url_meta":{"origin":25362,"position":4},"title":"KLAARA 20 Lipastokaappi korkea","author":"petri","date":"september 14, 2019","format":false,"excerpt":"Kotimainen Leo Matti Ojalan valmistama Klaara-sarjan korkea lipastokaappi. Maalaisromanttinen tyyli sopii moneen suomalaiseen kotiin. Klaaran messingin v\u00e4riset vetimet antavat mukavan ilmeen tuotteelle. V\u00e4rivaihtoehtoja ovat kokonaan valkoinen tai lis\u00e4hintaan kansiv\u00e4riksi voit valita massiivipuisen harmaan, luonnonv\u00e4risen tai ruskean v\u00e4rin. Kalustesarjasta saatavilla my\u00f6s tasot, lipastot ja senkit. Tuotetiedot: Valmistettu MDF-Levyst\u00e4, petsatut kannet koivua.\u2026","rel":"","context":"Liknande produkt","block_context":{"text":"Liknande produkt","link":""},"img":{"alt_text":"","src":"https:\/\/i0.wp.com\/pohjanmaantehtaanmyymala.fi\/wp-content\/uploads\/2019\/09\/Klaara-senkki22K.jpg?fit=960%2C960&ssl=1&resize=350%2C200","width":350,"height":200,"srcset":"https:\/\/i0.wp.com\/pohjanmaantehtaanmyymala.fi\/wp-content\/uploads\/2019\/09\/Klaara-senkki22K.jpg?fit=960%2C960&ssl=1&resize=350%2C200 1x, https:\/\/i0.wp.com\/pohjanmaantehtaanmyymala.fi\/wp-content\/uploads\/2019\/09\/Klaara-senkki22K.jpg?fit=960%2C960&ssl=1&resize=525%2C300 1.5x, https:\/\/i0.wp.com\/pohjanmaantehtaanmyymala.fi\/wp-content\/uploads\/2019\/09\/Klaara-senkki22K.jpg?fit=960%2C960&ssl=1&resize=700%2C400 2x"},"classes":[]},{"id":10783,"url":"https:\/\/pohjanmaantehtaanmyymala.fi\/sv\/tuote\/klaara-lipastokaappi-matala-19\/","url_meta":{"origin":25362,"position":5},"title":"KLAARA 19 Lipastokaappi matala","author":"petri","date":"september 14, 2019","format":false,"excerpt":"Kotimainen Leo Matti Ojalan valmistama Klaara-sarjan lipastokaappi. Maalaisromanttinen tyyli sopii moneen suomalaiseen kotiin. Klaaran messingin v\u00e4riset vetimet antavat mukavan ilmeen tuotteelle. V\u00e4rivaihtoehtoja ovat kokonaan valkoinen tai lis\u00e4hintaan kansiv\u00e4riksi voit valita massiivipuisen harmaan, luonnonv\u00e4risen tai ruskean v\u00e4rin. Kalustesarjasta saatavilla my\u00f6s tasot, lipastot ja senkit. Tuotetiedot: Valmistettu MDF-Levyst\u00e4, petsatut kannet koivua. Toimitetaan\u2026","rel":"","context":"Liknande produkt","block_context":{"text":"Liknande produkt","link":""},"img":{"alt_text":"","src":"https:\/\/i0.wp.com\/pohjanmaantehtaanmyymala.fi\/wp-content\/uploads\/2019\/09\/Klaara-senkki22M.jpg?fit=960%2C960&ssl=1&resize=350%2C200","width":350,"height":200,"srcset":"https:\/\/i0.wp.com\/pohjanmaantehtaanmyymala.fi\/wp-content\/uploads\/2019\/09\/Klaara-senkki22M.jpg?fit=960%2C960&ssl=1&resize=350%2C200 1x, https:\/\/i0.wp.com\/pohjanmaantehtaanmyymala.fi\/wp-content\/uploads\/2019\/09\/Klaara-senkki22M.jpg?fit=960%2C960&ssl=1&resize=525%2C300 1.5x, https:\/\/i0.wp.com\/pohjanmaantehtaanmyymala.fi\/wp-content\/uploads\/2019\/09\/Klaara-senkki22M.jpg?fit=960%2C960&ssl=1&resize=700%2C400 2x"},"classes":[]}],"_links":{"self":[{"href":"https:\/\/pohjanmaantehtaanmyymala.fi\/sv\/wp-json\/wp\/v2\/product\/25362","targetHints":{"allow":["GET"]}}],"collection":[{"href":"https:\/\/pohjanmaantehtaanmyymala.fi\/sv\/wp-json\/wp\/v2\/product"}],"about":[{"href":"https:\/\/pohjanmaantehtaanmyymala.fi\/sv\/wp-json\/wp\/v2\/types\/product"}],"replies":[{"embeddable":true,"href":"https:\/\/pohjanmaantehtaanmyymala.fi\/sv\/wp-json\/wp\/v2\/comments?post=25362"}],"wp:featuredmedia":[{"embeddable":true,"href":"https:\/\/pohjanmaantehtaanmyymala.fi\/sv\/wp-json\/wp\/v2\/media\/25363"}],"wp:attachment":[{"href":"https:\/\/pohjanmaantehtaanmyymala.fi\/sv\/wp-json\/wp\/v2\/media?parent=25362"}],"wp:term":[{"taxonomy":"product_brand","embeddable":true,"href":"https:\/\/pohjanmaantehtaanmyymala.fi\/sv\/wp-json\/wp\/v2\/product_brand?post=25362"},{"taxonomy":"product_cat","embeddable":true,"href":"https:\/\/pohjanmaantehtaanmyymala.fi\/sv\/wp-json\/wp\/v2\/product_cat?post=25362"},{"taxonomy":"product_tag","embeddable":true,"href":"https:\/\/pohjanmaantehtaanmyymala.fi\/sv\/wp-json\/wp\/v2\/product_tag?post=25362"}],"curies":[{"name":"wp","href":"https:\/\/api.w.org\/{rel}","templated":true}]}}