{"id":25313,"date":"2024-03-01T15:31:07","date_gmt":"2024-03-01T13:31:07","guid":{"rendered":"https:\/\/pohjanmaantehtaanmyymala.fi\/?post_type=product&#038;p=25313"},"modified":"2024-03-01T15:37:09","modified_gmt":"2024-03-01T13:37:09","slug":"leo-leksa-vuodesohva-leo-kankaalla","status":"publish","type":"product","link":"https:\/\/pohjanmaantehtaanmyymala.fi\/sv\/tuote\/leo-leksa-vuodesohva-leo-kankaalla\/","title":{"rendered":"Leo &#8221;Leksa&#8221;- vuodesohva Leo-kankaalla"},"content":{"rendered":"<p>Pienen tilan Leo vuodesohva on kompakti ratkaisu, jossa on k\u00e4tev\u00e4 vuodevaatelaatikko. Vuode avautuu n\u00e4pp\u00e4r\u00e4sti vet\u00e4m\u00e4ll\u00e4 etulistaa eteenp\u00e4in, jolloin vuodesohva avautuu vaivattomasti, ja samalla toinen osa vuoteesta nousee yl\u00f6s. Istuimissa oleva no-sag jousitus ja laadukkaat pehmusteet takaavat miellytt\u00e4v\u00e4n, mutta napakan istuinmukavuuden. T\u00e4m\u00e4 Leo vuodesohva on tilaa s\u00e4\u00e4st\u00e4v\u00e4, k\u00e4yt\u00e4nn\u00f6llinen ja tyylik\u00e4s ratkaisu pieneen tilaan. Vuodekoko on 120x196cm.<\/p>\n<p>Sohvassa on my\u00f6s k\u00e4tev\u00e4 s\u00e4ilytyslaatikko.<\/p>\n<p>Voit r\u00e4\u00e4t\u00e4l\u00f6id\u00e4 vuodesohvan ulkon\u00e4\u00f6n valitsemalla eri Leo-kankaan v\u00e4rivaihtoehdoista. Leo kangas on 100% polyesteri\u00e4, likaa hylkiv\u00e4 ja pest\u00e4v\u00e4 kangas.<\/p>\n<p><strong>Tuotetiedot:<\/strong><\/p>\n<p>Laataa <a href=\"https:\/\/ermatiko.ee\/wp-content\/uploads\/2018\/02\/a4-ermatiko-infoleht-leo_leo-chair_eng.pdf\" target=\"_blank\" rel=\"noopener\">tuotekortti t\u00e4st\u00e4!<\/a><\/p>\n<p>Sohvan leveys 156 cm<br \/>\nIstuinkorkeus 45 cm, syvyys 52 cm.<br \/>\nRunko puuta ja vaneria<br \/>\nIstuinpehmuste vaahtomuovi HR35.<br \/>\nSelk\u00e4noja vaahtomuovi HR26. K\u00e4\u00e4nnett\u00e4v\u00e4 tyyny.<br \/>\nVerhoilu Leo kangasta.<br \/>\nJalat muovia.<\/p>\n<p>&nbsp;<\/p>\n","protected":false},"excerpt":{"rendered":"<p>K\u00e4yt\u00e4nn\u00f6llinen ja kompakti vaihtoehto vuodesohvalle!<\/p>\n","protected":false},"featured_media":25320,"comment_status":"closed","ping_status":"closed","template":"","meta":{"_acf_changed":false,"jetpack_post_was_ever_published":false,"jetpack_publicize_message":"","jetpack_publicize_feature_enabled":true,"jetpack_social_post_already_shared":true,"jetpack_social_options":{"image_generator_settings":{"template":"highway","default_image_id":0,"font":"","enabled":false},"version":2}},"product_brand":[208],"product_cat":[193],"product_tag":[],"class_list":{"0":"post-25313","1":"product","2":"type-product","3":"status-publish","4":"has-post-thumbnail","6":"product_brand-ermatiko","7":"product_cat-vuodesohvat","8":"pa_vari-leo-01","9":"pa_vari-leo-04","10":"pa_vari-leo-05","11":"pa_vari-leo-06","12":"pa_vari-leo-07","13":"pa_vari-leo-08","14":"pa_vari-leo-09","15":"pa_vari-leo-10","16":"pa_vari-leo-16","17":"pa_vari-leo-17","19":"first","20":"instock","21":"sale","22":"shipping-taxable","23":"purchasable","24":"product-type-variable","25":"has-default-attributes"},"acf":[],"jetpack_publicize_connections":[],"jetpack_sharing_enabled":true,"jetpack-related-posts":[{"id":25329,"url":"https:\/\/pohjanmaantehtaanmyymala.fi\/sv\/tuote\/leo-leksa-vuodesohva-connect-kankaalla\/","url_meta":{"origin":25313,"position":0},"title":"Leo &#8221;Leksa&#8221;- vuodesohva Storm kangas","author":"Miro Nevala","date":"februari 14, 2024","format":false,"excerpt":"K\u00e4yt\u00e4nn\u00f6llinen ja kompakti vaihtoehto!","rel":"","context":"Liknande produkt","block_context":{"text":"Liknande produkt","link":""},"img":{"alt_text":"Leo vuodesohva Fame kankaalla","src":"https:\/\/i0.wp.com\/pohjanmaantehtaanmyymala.fi\/wp-content\/uploads\/2024\/02\/Leksa_vuodesohva_Fame_180.jpg?fit=960%2C960&ssl=1&resize=350%2C200","width":350,"height":200,"srcset":"https:\/\/i0.wp.com\/pohjanmaantehtaanmyymala.fi\/wp-content\/uploads\/2024\/02\/Leksa_vuodesohva_Fame_180.jpg?fit=960%2C960&ssl=1&resize=350%2C200 1x, https:\/\/i0.wp.com\/pohjanmaantehtaanmyymala.fi\/wp-content\/uploads\/2024\/02\/Leksa_vuodesohva_Fame_180.jpg?fit=960%2C960&ssl=1&resize=525%2C300 1.5x, https:\/\/i0.wp.com\/pohjanmaantehtaanmyymala.fi\/wp-content\/uploads\/2024\/02\/Leksa_vuodesohva_Fame_180.jpg?fit=960%2C960&ssl=1&resize=700%2C400 2x"},"classes":[]},{"id":25342,"url":"https:\/\/pohjanmaantehtaanmyymala.fi\/sv\/tuote\/leo-leksa-vuodesohva-hygge-kankaalla\/","url_meta":{"origin":25313,"position":1},"title":"Leo &#8221;Leksa&#8221;- vuodesohva Hygge-kankaalla","author":"Miro Nevala","date":"februari 14, 2024","format":false,"excerpt":"K\u00e4yt\u00e4nn\u00f6llinen ja kompakti vuodesohva!","rel":"","context":"Liknande produkt","block_context":{"text":"Liknande produkt","link":""},"img":{"alt_text":"Leo 2-istuttava vuodesohva harmaa","src":"https:\/\/i0.wp.com\/pohjanmaantehtaanmyymala.fi\/wp-content\/uploads\/2024\/02\/Leo-vuodesohva-harmaa-960dpi.jpg?fit=960%2C960&ssl=1&resize=350%2C200","width":350,"height":200,"srcset":"https:\/\/i0.wp.com\/pohjanmaantehtaanmyymala.fi\/wp-content\/uploads\/2024\/02\/Leo-vuodesohva-harmaa-960dpi.jpg?fit=960%2C960&ssl=1&resize=350%2C200 1x, https:\/\/i0.wp.com\/pohjanmaantehtaanmyymala.fi\/wp-content\/uploads\/2024\/02\/Leo-vuodesohva-harmaa-960dpi.jpg?fit=960%2C960&ssl=1&resize=525%2C300 1.5x, https:\/\/i0.wp.com\/pohjanmaantehtaanmyymala.fi\/wp-content\/uploads\/2024\/02\/Leo-vuodesohva-harmaa-960dpi.jpg?fit=960%2C960&ssl=1&resize=700%2C400 2x"},"classes":[]},{"id":10950,"url":"https:\/\/pohjanmaantehtaanmyymala.fi\/sv\/tuote\/leo-vuodesohva-2-istuttava-tarjous\/","url_meta":{"origin":25313,"position":2},"title":"LEO vuodesohva 2-istuttava TARJOUS!","author":"petri","date":"september 14, 2019","format":false,"excerpt":"Laadukas kahdenistuttava vuodesohva .","rel":"","context":"Liknande produkt","block_context":{"text":"Liknande produkt","link":""},"img":{"alt_text":"","src":"https:\/\/i0.wp.com\/pohjanmaantehtaanmyymala.fi\/wp-content\/uploads\/2019\/09\/Leo_2_istuttava_vuodesohva.jpg?fit=960%2C960&ssl=1&resize=350%2C200","width":350,"height":200,"srcset":"https:\/\/i0.wp.com\/pohjanmaantehtaanmyymala.fi\/wp-content\/uploads\/2019\/09\/Leo_2_istuttava_vuodesohva.jpg?fit=960%2C960&ssl=1&resize=350%2C200 1x, https:\/\/i0.wp.com\/pohjanmaantehtaanmyymala.fi\/wp-content\/uploads\/2019\/09\/Leo_2_istuttava_vuodesohva.jpg?fit=960%2C960&ssl=1&resize=525%2C300 1.5x, https:\/\/i0.wp.com\/pohjanmaantehtaanmyymala.fi\/wp-content\/uploads\/2019\/09\/Leo_2_istuttava_vuodesohva.jpg?fit=960%2C960&ssl=1&resize=700%2C400 2x"},"classes":[]},{"id":25362,"url":"https:\/\/pohjanmaantehtaanmyymala.fi\/sv\/tuote\/leo-leksa-vuodetuoli-leo-kankaalla\/","url_meta":{"origin":25313,"position":3},"title":"Leo &#8221;Leksa&#8221;- vuodetuoli Leo-kankaalla","author":"Miro Nevala","date":"september 21, 2024","format":false,"excerpt":"Mukava nojatuoli, joka tarjoaa my\u00f6s erinomaisen nukkumiskokemuksen!","rel":"","context":"Liknande produkt","block_context":{"text":"Liknande produkt","link":""},"img":{"alt_text":"Leo vuodetuoli oranssi","src":"https:\/\/i0.wp.com\/pohjanmaantehtaanmyymala.fi\/wp-content\/uploads\/2024\/02\/Leo-vuodetuoli-960dpi.jpg?fit=960%2C960&ssl=1&resize=350%2C200","width":350,"height":200,"srcset":"https:\/\/i0.wp.com\/pohjanmaantehtaanmyymala.fi\/wp-content\/uploads\/2024\/02\/Leo-vuodetuoli-960dpi.jpg?fit=960%2C960&ssl=1&resize=350%2C200 1x, https:\/\/i0.wp.com\/pohjanmaantehtaanmyymala.fi\/wp-content\/uploads\/2024\/02\/Leo-vuodetuoli-960dpi.jpg?fit=960%2C960&ssl=1&resize=525%2C300 1.5x, https:\/\/i0.wp.com\/pohjanmaantehtaanmyymala.fi\/wp-content\/uploads\/2024\/02\/Leo-vuodetuoli-960dpi.jpg?fit=960%2C960&ssl=1&resize=700%2C400 2x"},"classes":[]},{"id":26381,"url":"https:\/\/pohjanmaantehtaanmyymala.fi\/sv\/tuote\/fantasy-level-2-istuttava-vuodesohva\/","url_meta":{"origin":25313,"position":4},"title":"Fantasy Level 2-istuttava vuodesohva","author":"Miro Nevala","date":"augusti 29, 2024","format":false,"excerpt":"2-istuttava sohva k\u00e4tev\u00e4ll\u00e4 vuodemekanismilla!","rel":"","context":"Liknande produkt","block_context":{"text":"Liknande produkt","link":""},"img":{"alt_text":"Fantasy level 152cm milj\u00f6\u00f6","src":"https:\/\/i0.wp.com\/pohjanmaantehtaanmyymala.fi\/wp-content\/uploads\/2024\/03\/Fantasy_level-152cm-miljoo.jpg?fit=960%2C960&ssl=1&resize=350%2C200","width":350,"height":200,"srcset":"https:\/\/i0.wp.com\/pohjanmaantehtaanmyymala.fi\/wp-content\/uploads\/2024\/03\/Fantasy_level-152cm-miljoo.jpg?fit=960%2C960&ssl=1&resize=350%2C200 1x, https:\/\/i0.wp.com\/pohjanmaantehtaanmyymala.fi\/wp-content\/uploads\/2024\/03\/Fantasy_level-152cm-miljoo.jpg?fit=960%2C960&ssl=1&resize=525%2C300 1.5x, https:\/\/i0.wp.com\/pohjanmaantehtaanmyymala.fi\/wp-content\/uploads\/2024\/03\/Fantasy_level-152cm-miljoo.jpg?fit=960%2C960&ssl=1&resize=700%2C400 2x"},"classes":[]},{"id":29390,"url":"https:\/\/pohjanmaantehtaanmyymala.fi\/sv\/tuote\/ebba-vuodesohva-kankaalla\/","url_meta":{"origin":25313,"position":5},"title":"Ebba vuodesohva kankaalla","author":"Sami Viitala","date":"december 9, 2025","format":false,"excerpt":"Pienikokoinen vuodesohva hyv\u00e4ll\u00e4 vuodemekanismilla.","rel":"","context":"Liknande produkt","block_context":{"text":"Liknande produkt","link":""},"img":{"alt_text":"Ebba 2-istuttava vuodesohva harmaa kangasverhoilu.","src":"https:\/\/i0.wp.com\/pohjanmaantehtaanmyymala.fi\/wp-content\/uploads\/2025\/12\/Ebba_vuodesohva_2.jpg?fit=1200%2C1200&ssl=1&resize=350%2C200","width":350,"height":200,"srcset":"https:\/\/i0.wp.com\/pohjanmaantehtaanmyymala.fi\/wp-content\/uploads\/2025\/12\/Ebba_vuodesohva_2.jpg?fit=1200%2C1200&ssl=1&resize=350%2C200 1x, https:\/\/i0.wp.com\/pohjanmaantehtaanmyymala.fi\/wp-content\/uploads\/2025\/12\/Ebba_vuodesohva_2.jpg?fit=1200%2C1200&ssl=1&resize=525%2C300 1.5x, https:\/\/i0.wp.com\/pohjanmaantehtaanmyymala.fi\/wp-content\/uploads\/2025\/12\/Ebba_vuodesohva_2.jpg?fit=1200%2C1200&ssl=1&resize=700%2C400 2x, https:\/\/i0.wp.com\/pohjanmaantehtaanmyymala.fi\/wp-content\/uploads\/2025\/12\/Ebba_vuodesohva_2.jpg?fit=1200%2C1200&ssl=1&resize=1050%2C600 3x"},"classes":[]}],"_links":{"self":[{"href":"https:\/\/pohjanmaantehtaanmyymala.fi\/sv\/wp-json\/wp\/v2\/product\/25313","targetHints":{"allow":["GET"]}}],"collection":[{"href":"https:\/\/pohjanmaantehtaanmyymala.fi\/sv\/wp-json\/wp\/v2\/product"}],"about":[{"href":"https:\/\/pohjanmaantehtaanmyymala.fi\/sv\/wp-json\/wp\/v2\/types\/product"}],"replies":[{"embeddable":true,"href":"https:\/\/pohjanmaantehtaanmyymala.fi\/sv\/wp-json\/wp\/v2\/comments?post=25313"}],"wp:featuredmedia":[{"embeddable":true,"href":"https:\/\/pohjanmaantehtaanmyymala.fi\/sv\/wp-json\/wp\/v2\/media\/25320"}],"wp:attachment":[{"href":"https:\/\/pohjanmaantehtaanmyymala.fi\/sv\/wp-json\/wp\/v2\/media?parent=25313"}],"wp:term":[{"taxonomy":"product_brand","embeddable":true,"href":"https:\/\/pohjanmaantehtaanmyymala.fi\/sv\/wp-json\/wp\/v2\/product_brand?post=25313"},{"taxonomy":"product_cat","embeddable":true,"href":"https:\/\/pohjanmaantehtaanmyymala.fi\/sv\/wp-json\/wp\/v2\/product_cat?post=25313"},{"taxonomy":"product_tag","embeddable":true,"href":"https:\/\/pohjanmaantehtaanmyymala.fi\/sv\/wp-json\/wp\/v2\/product_tag?post=25313"}],"curies":[{"name":"wp","href":"https:\/\/api.w.org\/{rel}","templated":true}]}}