{"id":25279,"date":"2024-02-14T11:49:10","date_gmt":"2024-02-14T09:49:10","guid":{"rendered":"https:\/\/pohjanmaantehtaanmyymala.fi\/?post_type=product&#038;p=25279"},"modified":"2026-03-02T18:13:05","modified_gmt":"2026-03-02T16:13:05","slug":"eleanor-kulmasohva","status":"publish","type":"product","link":"https:\/\/pohjanmaantehtaanmyymala.fi\/sv\/tuote\/eleanor-kulmasohva\/","title":{"rendered":"Eleanor avokulmasohva alk."},"content":{"rendered":"<p>Retrohenkisen Eleanor-kulmasohvan ainutlaatuinen muotoilu yhdist\u00e4\u00e4 modernin tyylin retrohenkisiin yksityiskohtiin. Verhoilun tikkaukset, sis\u00e4\u00e4nvedot ja k\u00e4sinojien ter\u00e4t luovat katseenvangitsevan ilmeen. Korkeat metallijalat tuovat keveytt\u00e4 ja helpottavat siivousta. Eleanor on verhoiltu laadukkaalla ja helppohoitoisella -kankaalla, ja voit valita sille sopivan v\u00e4rin kotisi tyylin mukaan.<\/p>\n<p>Lis\u00e4ksi Eleanor-kulmasohva tarjoaa mahdollisuuden personoida oman kulmasohvan moduuleista omien toiveiden ja tarpeiden mukaan. Kuvissa kaikki mallit ja niiden koot. T\u00e4m\u00e4 malli on mitoiltaan 286*195 cm. Eleanorista saa my\u00f6s sohvat, tuolin, divaanisohvan ja rahin.<\/p>\n<p>Eleanor-kangassohva tuo kotiisi tyylikkyytt\u00e4, mukavuutta ja ajatonta tunnelmaa, joka sopii t\u00e4ydellisesti niin moderniin kuin perinteiseenkin sisustukseen.<\/p>\n<p>Kysy lis\u00e4tietoa <a href=\"https:\/\/pohjanmaantehtaanmyymala.fi\/yhteys\/\">myynnist\u00e4mme!<\/a><\/p>\n<p><strong>Tuotetiedot:<\/strong><br \/>\nSohvan syvyys 83cm.<br \/>\nIstuinkorkeus 48 cm, syvyys 54 cm.<br \/>\nRunko puuta ja vaneria, takuu 10-vuotta.<br \/>\nIstuinpehmuste ja selk\u00e4nojan pehmuste vaahtomuovi HR35.<br \/>\nSelk\u00e4- ja istuintyynyt kiinte\u00e4t.<br \/>\nVerhoilu &#8211; kangasta.<br \/>\nMetallijalat, korkeus 18 cm.<\/p>\n","protected":false},"excerpt":{"rendered":"<p>Hurmaava ja retrohenkinen kulmasohva kattavalla v\u00e4rivalikoimalla!<\/p>\n","protected":false},"featured_media":25293,"comment_status":"closed","ping_status":"closed","template":"","meta":{"_acf_changed":false,"jetpack_post_was_ever_published":false,"jetpack_publicize_message":"","jetpack_publicize_feature_enabled":true,"jetpack_social_post_already_shared":true,"jetpack_social_options":{"image_generator_settings":{"template":"highway","default_image_id":0,"font":"","enabled":false},"version":2}},"product_brand":[208],"product_cat":[201],"product_tag":[],"class_list":{"0":"post-25279","1":"product","2":"type-product","3":"status-publish","4":"has-post-thumbnail","6":"product_brand-ermatiko","7":"product_cat-sohvat","9":"first","10":"instock","11":"sale","12":"shipping-taxable","13":"purchasable","14":"product-type-simple"},"acf":[],"jetpack_publicize_connections":[],"jetpack_sharing_enabled":true,"jetpack-related-posts":[{"id":25268,"url":"https:\/\/pohjanmaantehtaanmyymala.fi\/sv\/tuote\/eleanor-2-istuttava-sohva-166cm\/","url_meta":{"origin":25279,"position":0},"title":"Eleanor 2-istuttava sohva alkaen","author":"Miro Nevala","date":"februari 14, 2024","format":false,"excerpt":"Hurmaava ja retrohenkinen sohva kattavalla v\u00e4rivalikoimalla!","rel":"","context":"Liknande produkt","block_context":{"text":"Liknande produkt","link":""},"img":{"alt_text":"Eleanor 3-istuttava sohva kuva edestp\u00e4in v\u00e4ri keltainen","src":"https:\/\/i0.wp.com\/pohjanmaantehtaanmyymala.fi\/wp-content\/uploads\/2024\/02\/Eleanor-3-istuttava-960dpi.jpg?fit=960%2C960&ssl=1&resize=350%2C200","width":350,"height":200,"srcset":"https:\/\/i0.wp.com\/pohjanmaantehtaanmyymala.fi\/wp-content\/uploads\/2024\/02\/Eleanor-3-istuttava-960dpi.jpg?fit=960%2C960&ssl=1&resize=350%2C200 1x, https:\/\/i0.wp.com\/pohjanmaantehtaanmyymala.fi\/wp-content\/uploads\/2024\/02\/Eleanor-3-istuttava-960dpi.jpg?fit=960%2C960&ssl=1&resize=525%2C300 1.5x, https:\/\/i0.wp.com\/pohjanmaantehtaanmyymala.fi\/wp-content\/uploads\/2024\/02\/Eleanor-3-istuttava-960dpi.jpg?fit=960%2C960&ssl=1&resize=700%2C400 2x"},"classes":[]},{"id":25251,"url":"https:\/\/pohjanmaantehtaanmyymala.fi\/sv\/tuote\/eleanor-3-istuttava-sohva-226cm\/","url_meta":{"origin":25279,"position":1},"title":"Eleanor 3-istuttava sohva 226cm alk.,","author":"Miro Nevala","date":"mars 4, 2024","format":false,"excerpt":"Hurmaava ja retrohenkinen sohva kattavalla v\u00e4rivalikoimalla!","rel":"","context":"Liknande produkt","block_context":{"text":"Liknande produkt","link":""},"img":{"alt_text":"Eleanor 3-istuttava sohva kuva edestp\u00e4in v\u00e4ri keltainen","src":"https:\/\/i0.wp.com\/pohjanmaantehtaanmyymala.fi\/wp-content\/uploads\/2024\/02\/Eleanor-3-istuttava-960dpi.jpg?fit=960%2C960&ssl=1&resize=350%2C200","width":350,"height":200,"srcset":"https:\/\/i0.wp.com\/pohjanmaantehtaanmyymala.fi\/wp-content\/uploads\/2024\/02\/Eleanor-3-istuttava-960dpi.jpg?fit=960%2C960&ssl=1&resize=350%2C200 1x, https:\/\/i0.wp.com\/pohjanmaantehtaanmyymala.fi\/wp-content\/uploads\/2024\/02\/Eleanor-3-istuttava-960dpi.jpg?fit=960%2C960&ssl=1&resize=525%2C300 1.5x, https:\/\/i0.wp.com\/pohjanmaantehtaanmyymala.fi\/wp-content\/uploads\/2024\/02\/Eleanor-3-istuttava-960dpi.jpg?fit=960%2C960&ssl=1&resize=700%2C400 2x"},"classes":[]},{"id":25195,"url":"https:\/\/pohjanmaantehtaanmyymala.fi\/sv\/tuote\/pohjanmaan-amiral-kulmasohva-useita-vareja\/","url_meta":{"origin":25279,"position":2},"title":"Pohjanmaan Amiral nahka kulmasohva","author":"Miro Nevala","date":"februari 13, 2024","format":false,"excerpt":"Upea ja kookas kulmasohva 6 hengelle!","rel":"","context":"Liknande produkt","block_context":{"text":"Liknande produkt","link":""},"img":{"alt_text":"Pohjanmaan Amiral kulmasohva","src":"https:\/\/i0.wp.com\/pohjanmaantehtaanmyymala.fi\/wp-content\/uploads\/2024\/02\/Pohjanmaan-Amiral-kulmasohva-960dpi.jpg?fit=960%2C960&ssl=1&resize=350%2C200","width":350,"height":200,"srcset":"https:\/\/i0.wp.com\/pohjanmaantehtaanmyymala.fi\/wp-content\/uploads\/2024\/02\/Pohjanmaan-Amiral-kulmasohva-960dpi.jpg?fit=960%2C960&ssl=1&resize=350%2C200 1x, https:\/\/i0.wp.com\/pohjanmaantehtaanmyymala.fi\/wp-content\/uploads\/2024\/02\/Pohjanmaan-Amiral-kulmasohva-960dpi.jpg?fit=960%2C960&ssl=1&resize=525%2C300 1.5x, https:\/\/i0.wp.com\/pohjanmaantehtaanmyymala.fi\/wp-content\/uploads\/2024\/02\/Pohjanmaan-Amiral-kulmasohva-960dpi.jpg?fit=960%2C960&ssl=1&resize=700%2C400 2x"},"classes":[]},{"id":8707,"url":"https:\/\/pohjanmaantehtaanmyymala.fi\/sv\/tuote\/copenhagen-kulma-sohva\/","url_meta":{"origin":25279,"position":3},"title":"COPENHAGEN kulmasohva","author":"petri","date":"september 14, 2019","format":false,"excerpt":"Iso sohva isoon tilaan!","rel":"","context":"Liknande produkt","block_context":{"text":"Liknande produkt","link":""},"img":{"alt_text":"Copenhagen kulmasohva harmaa labrador nahka","src":"https:\/\/i0.wp.com\/pohjanmaantehtaanmyymala.fi\/wp-content\/uploads\/2019\/09\/copenhagen_k27_c_l_d2_lab43_wenge_3_kulmasohva.jpg?fit=1200%2C1200&ssl=1&resize=350%2C200","width":350,"height":200,"srcset":"https:\/\/i0.wp.com\/pohjanmaantehtaanmyymala.fi\/wp-content\/uploads\/2019\/09\/copenhagen_k27_c_l_d2_lab43_wenge_3_kulmasohva.jpg?fit=1200%2C1200&ssl=1&resize=350%2C200 1x, https:\/\/i0.wp.com\/pohjanmaantehtaanmyymala.fi\/wp-content\/uploads\/2019\/09\/copenhagen_k27_c_l_d2_lab43_wenge_3_kulmasohva.jpg?fit=1200%2C1200&ssl=1&resize=525%2C300 1.5x, https:\/\/i0.wp.com\/pohjanmaantehtaanmyymala.fi\/wp-content\/uploads\/2019\/09\/copenhagen_k27_c_l_d2_lab43_wenge_3_kulmasohva.jpg?fit=1200%2C1200&ssl=1&resize=700%2C400 2x, https:\/\/i0.wp.com\/pohjanmaantehtaanmyymala.fi\/wp-content\/uploads\/2019\/09\/copenhagen_k27_c_l_d2_lab43_wenge_3_kulmasohva.jpg?fit=1200%2C1200&ssl=1&resize=1050%2C600 3x"},"classes":[]},{"id":25173,"url":"https:\/\/pohjanmaantehtaanmyymala.fi\/sv\/tuote\/pohjanmaan-grail-kulmasohva-2\/","url_meta":{"origin":25279,"position":4},"title":"Pohjanmaan Grail kulmasohva","author":"Miro Nevala","date":"februari 13, 2024","format":false,"excerpt":"Upea ja mukava kulmasohva rentoon l\u00f6h\u00f6ilyyn! Useita eri v\u00e4rej\u00e4.","rel":"","context":"Liknande produkt","block_context":{"text":"Liknande produkt","link":""},"img":{"alt_text":"Pohjanmaan Grail-kulmasohva","src":"https:\/\/i0.wp.com\/pohjanmaantehtaanmyymala.fi\/wp-content\/uploads\/2024\/02\/Pohjanmaan-Grail-kulmasohva-2-960dpi.jpg?fit=960%2C960&ssl=1&resize=350%2C200","width":350,"height":200,"srcset":"https:\/\/i0.wp.com\/pohjanmaantehtaanmyymala.fi\/wp-content\/uploads\/2024\/02\/Pohjanmaan-Grail-kulmasohva-2-960dpi.jpg?fit=960%2C960&ssl=1&resize=350%2C200 1x, https:\/\/i0.wp.com\/pohjanmaantehtaanmyymala.fi\/wp-content\/uploads\/2024\/02\/Pohjanmaan-Grail-kulmasohva-2-960dpi.jpg?fit=960%2C960&ssl=1&resize=525%2C300 1.5x, https:\/\/i0.wp.com\/pohjanmaantehtaanmyymala.fi\/wp-content\/uploads\/2024\/02\/Pohjanmaan-Grail-kulmasohva-2-960dpi.jpg?fit=960%2C960&ssl=1&resize=700%2C400 2x"},"classes":[]},{"id":25599,"url":"https:\/\/pohjanmaantehtaanmyymala.fi\/sv\/tuote\/mirjan-kulmasohva-2k2-mine-kangas\/","url_meta":{"origin":25279,"position":5},"title":"Mirjan kulmasohva 2K2 Mine-kangas","author":"Miro Nevala","date":"februari 16, 2024","format":false,"excerpt":"Tyylik\u00e4s ja helppohoitoinen Mirjam kulmasohva kutsuu sinua istuinmukavuudellaan!","rel":"","context":"Liknande produkt","block_context":{"text":"Liknande produkt","link":""},"img":{"alt_text":"Mirjam 2K2 Mine kankaalla","src":"https:\/\/i0.wp.com\/pohjanmaantehtaanmyymala.fi\/wp-content\/uploads\/2024\/02\/Mirjam-2K2-Mine-kangas-2-960dpi.jpg?fit=960%2C960&ssl=1&resize=350%2C200","width":350,"height":200,"srcset":"https:\/\/i0.wp.com\/pohjanmaantehtaanmyymala.fi\/wp-content\/uploads\/2024\/02\/Mirjam-2K2-Mine-kangas-2-960dpi.jpg?fit=960%2C960&ssl=1&resize=350%2C200 1x, https:\/\/i0.wp.com\/pohjanmaantehtaanmyymala.fi\/wp-content\/uploads\/2024\/02\/Mirjam-2K2-Mine-kangas-2-960dpi.jpg?fit=960%2C960&ssl=1&resize=525%2C300 1.5x, https:\/\/i0.wp.com\/pohjanmaantehtaanmyymala.fi\/wp-content\/uploads\/2024\/02\/Mirjam-2K2-Mine-kangas-2-960dpi.jpg?fit=960%2C960&ssl=1&resize=700%2C400 2x"},"classes":[]}],"_links":{"self":[{"href":"https:\/\/pohjanmaantehtaanmyymala.fi\/sv\/wp-json\/wp\/v2\/product\/25279","targetHints":{"allow":["GET"]}}],"collection":[{"href":"https:\/\/pohjanmaantehtaanmyymala.fi\/sv\/wp-json\/wp\/v2\/product"}],"about":[{"href":"https:\/\/pohjanmaantehtaanmyymala.fi\/sv\/wp-json\/wp\/v2\/types\/product"}],"replies":[{"embeddable":true,"href":"https:\/\/pohjanmaantehtaanmyymala.fi\/sv\/wp-json\/wp\/v2\/comments?post=25279"}],"wp:featuredmedia":[{"embeddable":true,"href":"https:\/\/pohjanmaantehtaanmyymala.fi\/sv\/wp-json\/wp\/v2\/media\/25293"}],"wp:attachment":[{"href":"https:\/\/pohjanmaantehtaanmyymala.fi\/sv\/wp-json\/wp\/v2\/media?parent=25279"}],"wp:term":[{"taxonomy":"product_brand","embeddable":true,"href":"https:\/\/pohjanmaantehtaanmyymala.fi\/sv\/wp-json\/wp\/v2\/product_brand?post=25279"},{"taxonomy":"product_cat","embeddable":true,"href":"https:\/\/pohjanmaantehtaanmyymala.fi\/sv\/wp-json\/wp\/v2\/product_cat?post=25279"},{"taxonomy":"product_tag","embeddable":true,"href":"https:\/\/pohjanmaantehtaanmyymala.fi\/sv\/wp-json\/wp\/v2\/product_tag?post=25279"}],"curies":[{"name":"wp","href":"https:\/\/api.w.org\/{rel}","templated":true}]}}