{"id":25173,"date":"2024-02-13T13:44:51","date_gmt":"2024-02-13T11:44:51","guid":{"rendered":"https:\/\/pohjanmaantehtaanmyymala.fi\/?post_type=product&#038;p=25173"},"modified":"2026-04-02T13:54:01","modified_gmt":"2026-04-02T11:54:01","slug":"pohjanmaan-grail-kulmasohva-2","status":"publish","type":"product","link":"https:\/\/pohjanmaantehtaanmyymala.fi\/sv\/tuote\/pohjanmaan-grail-kulmasohva-2\/","title":{"rendered":"Pohjanmaan Grail kulmasohva"},"content":{"rendered":"<div class=\"flex-1 overflow-hidden\">\n<div class=\"react-scroll-to-bottom--css-jcqtn-79elbk h-full\">\n<div class=\"react-scroll-to-bottom--css-jcqtn-1n7m0yu\">\n<div class=\"flex flex-col pb-9 text-sm\">\n<div class=\"w-full text-token-text-primary\" data-testid=\"conversation-turn-37\">\n<div class=\"px-4 py-2 justify-center text-base md:gap-6 m-auto\">\n<div class=\"flex flex-1 text-base mx-auto gap-3 md:px-5 lg:px-1 xl:px-5 md:max-w-3xl lg:max-w-[40rem] xl:max-w-[48rem] group final-completion\">\n<div class=\"relative flex w-full flex-col agent-turn\">\n<div class=\"flex-col gap-1 md:gap-3\">\n<div class=\"flex flex-grow flex-col max-w-full\">\n<div class=\"min-h-[20px] text-message flex flex-col items-start gap-3 whitespace-pre-wrap break-words [.text-message+&amp;]:mt-5 overflow-x-auto\" data-message-author-role=\"assistant\" data-message-id=\"25537418-2bcc-4d15-93ff-4af152148176\">\n<div class=\"markdown prose w-full break-words dark:prose-invert dark\">\n<p>Pohjanmaan Kalusteen valmistava Grail kangasverhoiltu kulmasohva yhdist\u00e4\u00e4 tyylin ja mukavuuden t\u00e4ydellisesti. T\u00e4m\u00e4 sohva ei ainoastaan tarjoa upeaa ulkon\u00e4k\u00f6\u00e4 vaan my\u00f6s eritt\u00e4in pehme\u00e4n ja rentouttavan istuinmukavuuden, tehd\u00e4kseen siit\u00e4 perheesi suosikkil\u00f6h\u00f6ilypaikan!<\/p>\n<p>Muhkean sohvan runkosyvyys on huomattavasti normaalia suurempi, tarjoten erityisen rentouttavan istumiskokemuksen. Mukana toimitettavilla ristisel\u00e4n tukityynyill\u00e4 voit muotoilla istuinmukavuuden omiin tarpeisiisi sopivaksi.<\/p>\n<p>Grail-sohva on valmistettu eritt\u00e4in laadukkaista materiaaleista, jotka kest\u00e4v\u00e4t k\u00e4ytt\u00f6\u00e4 ja takaavat sohvan pitk\u00e4ik\u00e4isyyden. Elegant-kangasverhoilu on pehme\u00e4, kest\u00e4v\u00e4 ja helppohoitoinen samettikangas, ja siit\u00e4 l\u00f6ytyy useita eri v\u00e4ri vaihtoehtoja.<\/p>\n<p>Sohvan k\u00e4tisyyden voit valita kokoamisen yhteydess\u00e4, ja se on my\u00f6s mahdollista muuttaa j\u00e4lkik\u00e4teen, antaen sinulle mahdollisuuden r\u00e4\u00e4t\u00e4l\u00f6id\u00e4 sohvan juuri tarpeisiisi sopivaksi. Grail kulmasohva on t\u00e4ydellinen valinta niille, jotka arvostavat sek\u00e4 tyylikkyytt\u00e4 ett\u00e4 mukavuutta kotonaan.<\/p>\n<p>Grail sohvaa on saatavana my\u00f6s kymmenill\u00e4 muilla kangasvaihtoehdoilla ja muissa kokoonpanoissa, kysy tarjousta <a href=\"https:\/\/pohjanmaantehtaanmyymala.fi\/yhteys\/\">myynnist\u00e4mme!<\/a><\/p>\n<\/div>\n<\/div>\n<\/div>\n<\/div>\n<\/div>\n<\/div>\n<\/div>\n<\/div>\n<\/div>\n<\/div>\n<\/div>\n<\/div>\n<p><strong>Tuotetiedot:<\/strong><br \/>\nPidempi sivu ulkomitta 380 cm. Lyhyempi sivu 270 cm.<br \/>\nIstuinkorkeus 43 cm, syvyys 65 cm.<br \/>\nVerhoilu: Elegant kangas, hintaryhm\u00e4 2, 100 % PES. Martindale 125000.<br \/>\nKiinte\u00e4t istuinpehmusteet: No zag jouset, HR35100 + HR25075 vaahtomuovi, pintavanu.<br \/>\nKiinte\u00e4t selk\u00e4pehmusteet: Vanut\u00e4yte.<br \/>\nK\u00e4sinojapehmusteet: Vaahtomuovi HR25076 + vanu.<br \/>\nRunko: Massiivipuu, vaneri ja kovalevy. Takuu 20 vuotta.<br \/>\nJalat: Muovia, korkeus 4 cm.<br \/>\nToimitetaan valmiiksikatattuna nelj\u00e4ss\u00e4 eri osassa, helppo k\u00e4ytt\u00f6\u00f6notto.<\/p>\n<p>&nbsp;<\/p>\n","protected":false},"excerpt":{"rendered":"<p>Upea ja mukava kulmasohva rentoon l\u00f6h\u00f6ilyyn! Useita eri v\u00e4rej\u00e4.<\/p>\n","protected":false},"featured_media":25186,"comment_status":"closed","ping_status":"closed","template":"","meta":{"_acf_changed":false,"jetpack_post_was_ever_published":false,"jetpack_publicize_message":"","jetpack_publicize_feature_enabled":true,"jetpack_social_post_already_shared":true,"jetpack_social_options":{"image_generator_settings":{"template":"highway","default_image_id":0,"font":"","enabled":false},"version":2}},"product_brand":[270],"product_cat":[201],"product_tag":[],"class_list":{"0":"post-25173","1":"product","2":"type-product","3":"status-publish","4":"has-post-thumbnail","6":"product_brand-pohjanmaan","7":"product_cat-sohvat","8":"pa_vari-elegant-03-beige","9":"pa_vari-elegant-08-keltainen","10":"pa_vari-elegant-14-roosa","11":"pa_vari-elegant-16-vaaleanharmaa","12":"pa_vari-elegant-17-tummanharmaa","14":"first","15":"instock","16":"sale","17":"shipping-taxable","18":"purchasable","19":"product-type-variable","20":"has-default-attributes"},"acf":[],"jetpack_publicize_connections":[],"jetpack_sharing_enabled":true,"jetpack-related-posts":[{"id":21271,"url":"https:\/\/pohjanmaantehtaanmyymala.fi\/sv\/tuote\/pohjanmaan-grail-kulmasohva\/","url_meta":{"origin":25173,"position":0},"title":"Pohjanmaan Grail kulmasohva","author":"Sami Viitala","date":"september 8, 2022","format":false,"excerpt":"Pohjanmaan Kalusteen muhkea Grail kulmasohva kutsuu luokseen lempe\u00e4\u00e4n pehme\u00e4\u00e4n syleilyyn. T\u00e4m\u00e4 mahtava kulmasohva on my\u00f6s miellytt\u00e4v\u00e4n mukava istua. Grail sohvassa on normaalia syvempi ja tilava istuinosa, jossa pitkien ihmisten helpompi istua. Sohva on niin iso, ett\u00e4 siin\u00e4 pystyy vaikka nukkumaan. Grail-sohvan leve\u00e4t pehme\u00e4t k\u00e4sinojat korostavat sohvan muhkeaa olemusta. Kuvan sohva\u2026","rel":"","context":"Liknande produkt","block_context":{"text":"Liknande produkt","link":""},"img":{"alt_text":"Pohjanmaan Grail kulmasohva Megan-kankaalla keltainen","src":"https:\/\/i0.wp.com\/pohjanmaantehtaanmyymala.fi\/wp-content\/uploads\/2022\/09\/Grail_K26-R110-A110-L135-A110-K26_Megan90.jpg?fit=1200%2C1200&ssl=1&resize=350%2C200","width":350,"height":200,"srcset":"https:\/\/i0.wp.com\/pohjanmaantehtaanmyymala.fi\/wp-content\/uploads\/2022\/09\/Grail_K26-R110-A110-L135-A110-K26_Megan90.jpg?fit=1200%2C1200&ssl=1&resize=350%2C200 1x, https:\/\/i0.wp.com\/pohjanmaantehtaanmyymala.fi\/wp-content\/uploads\/2022\/09\/Grail_K26-R110-A110-L135-A110-K26_Megan90.jpg?fit=1200%2C1200&ssl=1&resize=525%2C300 1.5x, https:\/\/i0.wp.com\/pohjanmaantehtaanmyymala.fi\/wp-content\/uploads\/2022\/09\/Grail_K26-R110-A110-L135-A110-K26_Megan90.jpg?fit=1200%2C1200&ssl=1&resize=700%2C400 2x, https:\/\/i0.wp.com\/pohjanmaantehtaanmyymala.fi\/wp-content\/uploads\/2022\/09\/Grail_K26-R110-A110-L135-A110-K26_Megan90.jpg?fit=1200%2C1200&ssl=1&resize=1050%2C600 3x"},"classes":[]},{"id":21310,"url":"https:\/\/pohjanmaantehtaanmyymala.fi\/sv\/tuote\/pohjanmaan-grail-divaanisohva\/","url_meta":{"origin":25173,"position":1},"title":"Pohjanmaan Grail divaanisohva","author":"Sami Viitala","date":"september 9, 2022","format":false,"excerpt":"Pohjanmaan Kalusteen muhkea Grail divaanisohva kutsuu muhkeudellaan istumaan. T\u00e4m\u00e4 j\u00e4tti divaanisohva on unelmien paikka viett\u00e4\u00e4 aikaa l\u00f6h\u00f6illen. Grail sohvassa on normaalia syvempi ja tilava istuinosa, jossa mahtaa vaikka nukkumaan. Grail-sohvan leve\u00e4t pehme\u00e4t k\u00e4sinojat korostavat sohvan muhkeaa olemusta. Kuvan divaanisohva on verhoilutu laadukkaalla Megan samettikankaalla. Grail on saatavilla lukuisilla eri kankailla.\u2026","rel":"","context":"Liknande produkt","block_context":{"text":"Liknande produkt","link":""},"img":{"alt_text":"Grail divaanisohva keltaisella Megan kankaalla","src":"https:\/\/i0.wp.com\/pohjanmaantehtaanmyymala.fi\/wp-content\/uploads\/2022\/09\/Grail_K2-R110-A110-A110-K26_Megan05_2.jpg?fit=1200%2C1200&ssl=1&resize=350%2C200","width":350,"height":200,"srcset":"https:\/\/i0.wp.com\/pohjanmaantehtaanmyymala.fi\/wp-content\/uploads\/2022\/09\/Grail_K2-R110-A110-A110-K26_Megan05_2.jpg?fit=1200%2C1200&ssl=1&resize=350%2C200 1x, https:\/\/i0.wp.com\/pohjanmaantehtaanmyymala.fi\/wp-content\/uploads\/2022\/09\/Grail_K2-R110-A110-A110-K26_Megan05_2.jpg?fit=1200%2C1200&ssl=1&resize=525%2C300 1.5x, https:\/\/i0.wp.com\/pohjanmaantehtaanmyymala.fi\/wp-content\/uploads\/2022\/09\/Grail_K2-R110-A110-A110-K26_Megan05_2.jpg?fit=1200%2C1200&ssl=1&resize=700%2C400 2x, https:\/\/i0.wp.com\/pohjanmaantehtaanmyymala.fi\/wp-content\/uploads\/2022\/09\/Grail_K2-R110-A110-A110-K26_Megan05_2.jpg?fit=1200%2C1200&ssl=1&resize=1050%2C600 3x"},"classes":[]},{"id":21240,"url":"https:\/\/pohjanmaantehtaanmyymala.fi\/sv\/tuote\/pohjanmaan-grail-sohva-samettikankaalla\/","url_meta":{"origin":25173,"position":2},"title":"Pohjanmaan Grail sohva 272 cm","author":"Sami Viitala","date":"september 8, 2022","format":false,"excerpt":"Pohjanmaan Kalusteen upeassa Grail-sohvan syleilyss\u00e4 on miellytt\u00e4v\u00e4 loikoilla. Sohvassa on normaalia syvempi ja tilava istuinosa, johon mahtuu vaikka nukkumaan. Grail-sohvan leve\u00e4t pehme\u00e4t k\u00e4sinojat korostavat sohvan muhkeaa olemusta. T\u00e4m\u00e4 muskelisohva on my\u00f6s miellytt\u00e4v\u00e4n mukava istua. Kuvan sohva on verhoilutu laadukkaalla Megan samettikankaalla. Grail on saatavilla lukuisilla eri kankailla. Grail sohvasta on\u2026","rel":"","context":"Liknande produkt","block_context":{"text":"Liknande produkt","link":""},"img":{"alt_text":"Pohjanmaan Grail sohva samettikankaalla","src":"https:\/\/i0.wp.com\/pohjanmaantehtaanmyymala.fi\/wp-content\/uploads\/2022\/09\/grail_3_megan16_01_rekvisiitta_carusel.jpg?fit=960%2C960&ssl=1&resize=350%2C200","width":350,"height":200,"srcset":"https:\/\/i0.wp.com\/pohjanmaantehtaanmyymala.fi\/wp-content\/uploads\/2022\/09\/grail_3_megan16_01_rekvisiitta_carusel.jpg?fit=960%2C960&ssl=1&resize=350%2C200 1x, https:\/\/i0.wp.com\/pohjanmaantehtaanmyymala.fi\/wp-content\/uploads\/2022\/09\/grail_3_megan16_01_rekvisiitta_carusel.jpg?fit=960%2C960&ssl=1&resize=525%2C300 1.5x, https:\/\/i0.wp.com\/pohjanmaantehtaanmyymala.fi\/wp-content\/uploads\/2022\/09\/grail_3_megan16_01_rekvisiitta_carusel.jpg?fit=960%2C960&ssl=1&resize=700%2C400 2x"},"classes":[]},{"id":10935,"url":"https:\/\/pohjanmaantehtaanmyymala.fi\/sv\/tuote\/pohjanmaan-moduli-kulmasohva-alk-kankaalla\/","url_meta":{"origin":25173,"position":3},"title":"Pohjanmaan MODULI -kulmasohva","author":"petri","date":"september 14, 2019","format":false,"excerpt":"Pohjanmaan Moduli-kulmasohva T\u00e4m\u00e4 Pohjanmaan kulmasohva on tykky ja hyv\u00e4 istua. Istuimessa ja selk\u00e4tyynyss\u00e4 HR-kimmovaahtomuovisisus, sek\u00e4 sohvan puurungolle annetaan 20-vuoden runkotakuu. Moduli -kulmasohvaan on valittavissa useita verhoiluvaihtoehtoja. Moduli -sohvasta voit r\u00e4\u00e4t\u00e4l\u00f6id\u00e4 haluamasi kokoonpanon jokaiseen tilaan. Moduli -sohvasta on valittavana 13 eri modulia ja 7 erilaista k\u00e4sinojavaihtoehtoa. Pyyd\u00e4 tarjous asiakaspalvelusta tai tule\u2026","rel":"","context":"Liknande produkt","block_context":{"text":"Liknande produkt","link":""},"img":{"alt_text":"","src":"https:\/\/i0.wp.com\/pohjanmaantehtaanmyymala.fi\/wp-content\/uploads\/2019\/09\/Moduli-kulmasohva-PBLDG.jpg?fit=960%2C960&ssl=1&resize=350%2C200","width":350,"height":200,"srcset":"https:\/\/i0.wp.com\/pohjanmaantehtaanmyymala.fi\/wp-content\/uploads\/2019\/09\/Moduli-kulmasohva-PBLDG.jpg?fit=960%2C960&ssl=1&resize=350%2C200 1x, https:\/\/i0.wp.com\/pohjanmaantehtaanmyymala.fi\/wp-content\/uploads\/2019\/09\/Moduli-kulmasohva-PBLDG.jpg?fit=960%2C960&ssl=1&resize=525%2C300 1.5x, https:\/\/i0.wp.com\/pohjanmaantehtaanmyymala.fi\/wp-content\/uploads\/2019\/09\/Moduli-kulmasohva-PBLDG.jpg?fit=960%2C960&ssl=1&resize=700%2C400 2x"},"classes":[]},{"id":9443,"url":"https:\/\/pohjanmaantehtaanmyymala.fi\/sv\/tuote\/moduli-kulmasohva-avopaadylla\/","url_meta":{"origin":25173,"position":4},"title":"MODULI &#8211; kulmasohva avop\u00e4\u00e4dyll\u00e4","author":"petri","date":"september 14, 2019","format":false,"excerpt":"Suoralinjainen Moduli-kulmasohva! Pohjanmaan Kalusteen Moduli- kulmasohva on loistava valinta olohuoneeseen! Kest\u00e4v\u00e4 puurunko, laadukkaat pehmusteet ja verhoilukangas takaavat mukavia istumahetki\u00e4 vuosiksi eteenp\u00e4in. Pohjanmaan Moduli-avokulman korkea jalka antaa sohvalle kevyen ilmeen ja helpottaa sohvan alustan siivoamisessa. Moduli-kulmasohvan saa useissa eri kangas- ja nahkavaihtoehdoilla. Tuotesivun hinta on alkaen hintaryhm\u00e4n 1 kankaalla. Tuotetiedot: Runko:\u2026","rel":"","context":"Liknande produkt","block_context":{"text":"Liknande produkt","link":""},"img":{"alt_text":"","src":"https:\/\/i0.wp.com\/pohjanmaantehtaanmyymala.fi\/wp-content\/uploads\/2019\/06\/MODULI-D2LP2.jpg?fit=960%2C960&ssl=1&resize=350%2C200","width":350,"height":200,"srcset":"https:\/\/i0.wp.com\/pohjanmaantehtaanmyymala.fi\/wp-content\/uploads\/2019\/06\/MODULI-D2LP2.jpg?fit=960%2C960&ssl=1&resize=350%2C200 1x, https:\/\/i0.wp.com\/pohjanmaantehtaanmyymala.fi\/wp-content\/uploads\/2019\/06\/MODULI-D2LP2.jpg?fit=960%2C960&ssl=1&resize=525%2C300 1.5x, https:\/\/i0.wp.com\/pohjanmaantehtaanmyymala.fi\/wp-content\/uploads\/2019\/06\/MODULI-D2LP2.jpg?fit=960%2C960&ssl=1&resize=700%2C400 2x"},"classes":[]},{"id":25195,"url":"https:\/\/pohjanmaantehtaanmyymala.fi\/sv\/tuote\/pohjanmaan-amiral-kulmasohva-useita-vareja\/","url_meta":{"origin":25173,"position":5},"title":"Pohjanmaan Amiral nahka kulmasohva","author":"Miro Nevala","date":"februari 13, 2024","format":false,"excerpt":"Upea ja kookas kulmasohva 6 hengelle!","rel":"","context":"Liknande produkt","block_context":{"text":"Liknande produkt","link":""},"img":{"alt_text":"Pohjanmaan Amiral kulmasohva","src":"https:\/\/i0.wp.com\/pohjanmaantehtaanmyymala.fi\/wp-content\/uploads\/2024\/02\/Pohjanmaan-Amiral-kulmasohva-960dpi.jpg?fit=960%2C960&ssl=1&resize=350%2C200","width":350,"height":200,"srcset":"https:\/\/i0.wp.com\/pohjanmaantehtaanmyymala.fi\/wp-content\/uploads\/2024\/02\/Pohjanmaan-Amiral-kulmasohva-960dpi.jpg?fit=960%2C960&ssl=1&resize=350%2C200 1x, https:\/\/i0.wp.com\/pohjanmaantehtaanmyymala.fi\/wp-content\/uploads\/2024\/02\/Pohjanmaan-Amiral-kulmasohva-960dpi.jpg?fit=960%2C960&ssl=1&resize=525%2C300 1.5x, https:\/\/i0.wp.com\/pohjanmaantehtaanmyymala.fi\/wp-content\/uploads\/2024\/02\/Pohjanmaan-Amiral-kulmasohva-960dpi.jpg?fit=960%2C960&ssl=1&resize=700%2C400 2x"},"classes":[]}],"_links":{"self":[{"href":"https:\/\/pohjanmaantehtaanmyymala.fi\/sv\/wp-json\/wp\/v2\/product\/25173","targetHints":{"allow":["GET"]}}],"collection":[{"href":"https:\/\/pohjanmaantehtaanmyymala.fi\/sv\/wp-json\/wp\/v2\/product"}],"about":[{"href":"https:\/\/pohjanmaantehtaanmyymala.fi\/sv\/wp-json\/wp\/v2\/types\/product"}],"replies":[{"embeddable":true,"href":"https:\/\/pohjanmaantehtaanmyymala.fi\/sv\/wp-json\/wp\/v2\/comments?post=25173"}],"wp:featuredmedia":[{"embeddable":true,"href":"https:\/\/pohjanmaantehtaanmyymala.fi\/sv\/wp-json\/wp\/v2\/media\/25186"}],"wp:attachment":[{"href":"https:\/\/pohjanmaantehtaanmyymala.fi\/sv\/wp-json\/wp\/v2\/media?parent=25173"}],"wp:term":[{"taxonomy":"product_brand","embeddable":true,"href":"https:\/\/pohjanmaantehtaanmyymala.fi\/sv\/wp-json\/wp\/v2\/product_brand?post=25173"},{"taxonomy":"product_cat","embeddable":true,"href":"https:\/\/pohjanmaantehtaanmyymala.fi\/sv\/wp-json\/wp\/v2\/product_cat?post=25173"},{"taxonomy":"product_tag","embeddable":true,"href":"https:\/\/pohjanmaantehtaanmyymala.fi\/sv\/wp-json\/wp\/v2\/product_tag?post=25173"}],"curies":[{"name":"wp","href":"https:\/\/api.w.org\/{rel}","templated":true}]}}