{"id":25151,"date":"2024-02-13T12:51:10","date_gmt":"2024-02-13T10:51:10","guid":{"rendered":"https:\/\/pohjanmaantehtaanmyymala.fi\/?post_type=product&#038;p=25151"},"modified":"2026-04-02T13:57:26","modified_gmt":"2026-04-02T11:57:26","slug":"grail-sohva-l-232-cm-kangasverhoilulla","status":"publish","type":"product","link":"https:\/\/pohjanmaantehtaanmyymala.fi\/sv\/tuote\/grail-sohva-l-232-cm-kangasverhoilulla\/","title":{"rendered":"Grail sohva l. 232 cm kangasverhoilulla"},"content":{"rendered":"<p>Pohjanmaan Kalusteen Grail l\u00f6h\u00f6ilysohva on t\u00e4ydellinen valinta rennon tyylikk\u00e4\u00e4seen oleskelutilaan. Kauniin muotoilunsa lis\u00e4ksi sohva tarjoaa erinomaisen istuinmukavuuden, tehden siit\u00e4 ehdottoman suosikkipaikan kodissasi.<\/p>\n<p>Muhkean Grail-sohvan runkosyvyys ylitt\u00e4\u00e4 normaalit standardit, tarjoten poikkeuksellisen mukavan istumiskokemuksen. Mukana toimitettavilla ristisel\u00e4n tukityynyill\u00e4 voit muokata istuma-asennon juuri omiin tarpeisiisi sopivaksi.<\/p>\n<p>Sohva on valmistettu huippulaatuisista materiaaleista, jotka takaavat kest\u00e4vyyden ja tekev\u00e4t siit\u00e4 pitk\u00e4ik\u00e4isen osan kotisi sisustusta. Voit valita verhoilukankaaksi joko samettisen ja pehme\u00e4n Elegant-kankaan tai struktuurisen kudotun Oliver-kankaan useilla eri vaihtoehdoilla. T\u00e4m\u00e4 sohva yhdist\u00e4\u00e4 tyylin, mukavuuden ja kest\u00e4vyyden, luoden t\u00e4ydellisen paikan rentoutumiseen ja nauttimiseen.<\/p>\n<p>Grail sohvaa on saatavana my\u00f6s kymmenill\u00e4 muilla kangasvaihtoehdoilla ja muissa kokoonpanoissa, kysy tarjousta <a href=\"https:\/\/pohjanmaantehtaanmyymala.fi\/yhteys\/\">myynnist\u00e4mme!<\/a><\/p>\n<p><strong>Tuotetiedot:<\/strong><br \/>\nLeveys 232 cm<br \/>\nIstuinkorkeus 43 cm -syvyys 65 cm.<br \/>\nVerhoilu: Oliver- tai Elegant kangas<br \/>\nKiinte\u00e4t selk\u00e4pehmusteet: Vanut\u00e4yte<br \/>\nKiinte\u00e4t istuinpehmusteet: No zag jouset, HR35100 + HR25075 vaahtomuovi, pintavanu<br \/>\nK\u00e4sinojapehmusteet: Vaahtomuovi HR25076+vanu<br \/>\nRunko:Massiivipuu, vaneri ja kovalevy. Takuu 20vuotta<br \/>\nJalat:Muovia korkeus 4 cm.<br \/>\nToimitetaan kahdessa osassa, helppo k\u00e4ytt\u00f6\u00f6notto<\/p>\n<p>&nbsp;<\/p>\n","protected":false},"excerpt":{"rendered":"<p>Upea ja mukava l\u00f6h\u00f6ilysohva useilla v\u00e4rivaihtoehdoilla!<\/p>\n","protected":false},"featured_media":25164,"comment_status":"closed","ping_status":"closed","template":"","meta":{"_acf_changed":false,"jetpack_post_was_ever_published":false,"jetpack_publicize_message":"","jetpack_publicize_feature_enabled":true,"jetpack_social_post_already_shared":true,"jetpack_social_options":{"image_generator_settings":{"template":"highway","default_image_id":0,"font":"","enabled":false},"version":2}},"product_brand":[270],"product_cat":[201],"product_tag":[],"class_list":{"0":"post-25151","1":"product","2":"type-product","3":"status-publish","4":"has-post-thumbnail","6":"product_brand-pohjanmaan","7":"product_cat-sohvat","8":"pa_vari-elegant-03-beige","9":"pa_vari-elegant-08-keltainen","10":"pa_vari-elegant-14-roosa","11":"pa_vari-elegant-16-vaaleanharmaa","12":"pa_vari-elegant-17-tummanharmaa","13":"pa_vari-oliver-173-vaaleanharmaa","14":"pa_vari-oliver-236-beige","15":"pa_vari-oliver-358-keltainen","16":"pa_vari-oliver-515-5-mustanharmaa","17":"pa_vari-oliver-688-sininen","18":"pa_vari-oliver-715-punainen","19":"pa_vari-oliver-750-luonnonvalkoinen","21":"first","22":"instock","23":"sale","24":"shipping-taxable","25":"purchasable","26":"product-type-variable","27":"has-default-attributes"},"acf":[],"jetpack_publicize_connections":[],"jetpack_sharing_enabled":true,"jetpack-related-posts":[{"id":25173,"url":"https:\/\/pohjanmaantehtaanmyymala.fi\/sv\/tuote\/pohjanmaan-grail-kulmasohva-2\/","url_meta":{"origin":25151,"position":0},"title":"Pohjanmaan Grail kulmasohva","author":"Miro Nevala","date":"februari 13, 2024","format":false,"excerpt":"Upea ja mukava kulmasohva rentoon l\u00f6h\u00f6ilyyn! Useita eri v\u00e4rej\u00e4.","rel":"","context":"Liknande produkt","block_context":{"text":"Liknande produkt","link":""},"img":{"alt_text":"Pohjanmaan Grail-kulmasohva","src":"https:\/\/i0.wp.com\/pohjanmaantehtaanmyymala.fi\/wp-content\/uploads\/2024\/02\/Pohjanmaan-Grail-kulmasohva-2-960dpi.jpg?fit=960%2C960&ssl=1&resize=350%2C200","width":350,"height":200,"srcset":"https:\/\/i0.wp.com\/pohjanmaantehtaanmyymala.fi\/wp-content\/uploads\/2024\/02\/Pohjanmaan-Grail-kulmasohva-2-960dpi.jpg?fit=960%2C960&ssl=1&resize=350%2C200 1x, https:\/\/i0.wp.com\/pohjanmaantehtaanmyymala.fi\/wp-content\/uploads\/2024\/02\/Pohjanmaan-Grail-kulmasohva-2-960dpi.jpg?fit=960%2C960&ssl=1&resize=525%2C300 1.5x, https:\/\/i0.wp.com\/pohjanmaantehtaanmyymala.fi\/wp-content\/uploads\/2024\/02\/Pohjanmaan-Grail-kulmasohva-2-960dpi.jpg?fit=960%2C960&ssl=1&resize=700%2C400 2x"},"classes":[]},{"id":21240,"url":"https:\/\/pohjanmaantehtaanmyymala.fi\/sv\/tuote\/pohjanmaan-grail-sohva-samettikankaalla\/","url_meta":{"origin":25151,"position":1},"title":"Pohjanmaan Grail sohva 272 cm","author":"Sami Viitala","date":"september 8, 2022","format":false,"excerpt":"Pohjanmaan Kalusteen upeassa Grail-sohvan syleilyss\u00e4 on miellytt\u00e4v\u00e4 loikoilla. Sohvassa on normaalia syvempi ja tilava istuinosa, johon mahtuu vaikka nukkumaan. Grail-sohvan leve\u00e4t pehme\u00e4t k\u00e4sinojat korostavat sohvan muhkeaa olemusta. T\u00e4m\u00e4 muskelisohva on my\u00f6s miellytt\u00e4v\u00e4n mukava istua. Kuvan sohva on verhoilutu laadukkaalla Megan samettikankaalla. Grail on saatavilla lukuisilla eri kankailla. Grail sohvasta on\u2026","rel":"","context":"Liknande produkt","block_context":{"text":"Liknande produkt","link":""},"img":{"alt_text":"Pohjanmaan Grail sohva samettikankaalla","src":"https:\/\/i0.wp.com\/pohjanmaantehtaanmyymala.fi\/wp-content\/uploads\/2022\/09\/grail_3_megan16_01_rekvisiitta_carusel.jpg?fit=960%2C960&ssl=1&resize=350%2C200","width":350,"height":200,"srcset":"https:\/\/i0.wp.com\/pohjanmaantehtaanmyymala.fi\/wp-content\/uploads\/2022\/09\/grail_3_megan16_01_rekvisiitta_carusel.jpg?fit=960%2C960&ssl=1&resize=350%2C200 1x, https:\/\/i0.wp.com\/pohjanmaantehtaanmyymala.fi\/wp-content\/uploads\/2022\/09\/grail_3_megan16_01_rekvisiitta_carusel.jpg?fit=960%2C960&ssl=1&resize=525%2C300 1.5x, https:\/\/i0.wp.com\/pohjanmaantehtaanmyymala.fi\/wp-content\/uploads\/2022\/09\/grail_3_megan16_01_rekvisiitta_carusel.jpg?fit=960%2C960&ssl=1&resize=700%2C400 2x"},"classes":[]},{"id":21271,"url":"https:\/\/pohjanmaantehtaanmyymala.fi\/sv\/tuote\/pohjanmaan-grail-kulmasohva\/","url_meta":{"origin":25151,"position":2},"title":"Pohjanmaan Grail kulmasohva","author":"Sami Viitala","date":"september 8, 2022","format":false,"excerpt":"Pohjanmaan Kalusteen muhkea Grail kulmasohva kutsuu luokseen lempe\u00e4\u00e4n pehme\u00e4\u00e4n syleilyyn. T\u00e4m\u00e4 mahtava kulmasohva on my\u00f6s miellytt\u00e4v\u00e4n mukava istua. Grail sohvassa on normaalia syvempi ja tilava istuinosa, jossa pitkien ihmisten helpompi istua. Sohva on niin iso, ett\u00e4 siin\u00e4 pystyy vaikka nukkumaan. Grail-sohvan leve\u00e4t pehme\u00e4t k\u00e4sinojat korostavat sohvan muhkeaa olemusta. Kuvan sohva\u2026","rel":"","context":"Liknande produkt","block_context":{"text":"Liknande produkt","link":""},"img":{"alt_text":"Pohjanmaan Grail kulmasohva Megan-kankaalla keltainen","src":"https:\/\/i0.wp.com\/pohjanmaantehtaanmyymala.fi\/wp-content\/uploads\/2022\/09\/Grail_K26-R110-A110-L135-A110-K26_Megan90.jpg?fit=1200%2C1200&ssl=1&resize=350%2C200","width":350,"height":200,"srcset":"https:\/\/i0.wp.com\/pohjanmaantehtaanmyymala.fi\/wp-content\/uploads\/2022\/09\/Grail_K26-R110-A110-L135-A110-K26_Megan90.jpg?fit=1200%2C1200&ssl=1&resize=350%2C200 1x, https:\/\/i0.wp.com\/pohjanmaantehtaanmyymala.fi\/wp-content\/uploads\/2022\/09\/Grail_K26-R110-A110-L135-A110-K26_Megan90.jpg?fit=1200%2C1200&ssl=1&resize=525%2C300 1.5x, https:\/\/i0.wp.com\/pohjanmaantehtaanmyymala.fi\/wp-content\/uploads\/2022\/09\/Grail_K26-R110-A110-L135-A110-K26_Megan90.jpg?fit=1200%2C1200&ssl=1&resize=700%2C400 2x, https:\/\/i0.wp.com\/pohjanmaantehtaanmyymala.fi\/wp-content\/uploads\/2022\/09\/Grail_K26-R110-A110-L135-A110-K26_Megan90.jpg?fit=1200%2C1200&ssl=1&resize=1050%2C600 3x"},"classes":[]},{"id":21310,"url":"https:\/\/pohjanmaantehtaanmyymala.fi\/sv\/tuote\/pohjanmaan-grail-divaanisohva\/","url_meta":{"origin":25151,"position":3},"title":"Pohjanmaan Grail divaanisohva","author":"Sami Viitala","date":"september 9, 2022","format":false,"excerpt":"Pohjanmaan Kalusteen muhkea Grail divaanisohva kutsuu muhkeudellaan istumaan. T\u00e4m\u00e4 j\u00e4tti divaanisohva on unelmien paikka viett\u00e4\u00e4 aikaa l\u00f6h\u00f6illen. Grail sohvassa on normaalia syvempi ja tilava istuinosa, jossa mahtaa vaikka nukkumaan. Grail-sohvan leve\u00e4t pehme\u00e4t k\u00e4sinojat korostavat sohvan muhkeaa olemusta. Kuvan divaanisohva on verhoilutu laadukkaalla Megan samettikankaalla. Grail on saatavilla lukuisilla eri kankailla.\u2026","rel":"","context":"Liknande produkt","block_context":{"text":"Liknande produkt","link":""},"img":{"alt_text":"Grail divaanisohva keltaisella Megan kankaalla","src":"https:\/\/i0.wp.com\/pohjanmaantehtaanmyymala.fi\/wp-content\/uploads\/2022\/09\/Grail_K2-R110-A110-A110-K26_Megan05_2.jpg?fit=1200%2C1200&ssl=1&resize=350%2C200","width":350,"height":200,"srcset":"https:\/\/i0.wp.com\/pohjanmaantehtaanmyymala.fi\/wp-content\/uploads\/2022\/09\/Grail_K2-R110-A110-A110-K26_Megan05_2.jpg?fit=1200%2C1200&ssl=1&resize=350%2C200 1x, https:\/\/i0.wp.com\/pohjanmaantehtaanmyymala.fi\/wp-content\/uploads\/2022\/09\/Grail_K2-R110-A110-A110-K26_Megan05_2.jpg?fit=1200%2C1200&ssl=1&resize=525%2C300 1.5x, https:\/\/i0.wp.com\/pohjanmaantehtaanmyymala.fi\/wp-content\/uploads\/2022\/09\/Grail_K2-R110-A110-A110-K26_Megan05_2.jpg?fit=1200%2C1200&ssl=1&resize=700%2C400 2x, https:\/\/i0.wp.com\/pohjanmaantehtaanmyymala.fi\/wp-content\/uploads\/2022\/09\/Grail_K2-R110-A110-A110-K26_Megan05_2.jpg?fit=1200%2C1200&ssl=1&resize=1050%2C600 3x"},"classes":[]},{"id":25268,"url":"https:\/\/pohjanmaantehtaanmyymala.fi\/sv\/tuote\/eleanor-2-istuttava-sohva-166cm\/","url_meta":{"origin":25151,"position":4},"title":"Eleanor 2-istuttava sohva alkaen","author":"Miro Nevala","date":"februari 14, 2024","format":false,"excerpt":"Hurmaava ja retrohenkinen sohva kattavalla v\u00e4rivalikoimalla!","rel":"","context":"Liknande produkt","block_context":{"text":"Liknande produkt","link":""},"img":{"alt_text":"Eleanor 3-istuttava sohva kuva edestp\u00e4in v\u00e4ri keltainen","src":"https:\/\/i0.wp.com\/pohjanmaantehtaanmyymala.fi\/wp-content\/uploads\/2024\/02\/Eleanor-3-istuttava-960dpi.jpg?fit=960%2C960&ssl=1&resize=350%2C200","width":350,"height":200,"srcset":"https:\/\/i0.wp.com\/pohjanmaantehtaanmyymala.fi\/wp-content\/uploads\/2024\/02\/Eleanor-3-istuttava-960dpi.jpg?fit=960%2C960&ssl=1&resize=350%2C200 1x, https:\/\/i0.wp.com\/pohjanmaantehtaanmyymala.fi\/wp-content\/uploads\/2024\/02\/Eleanor-3-istuttava-960dpi.jpg?fit=960%2C960&ssl=1&resize=525%2C300 1.5x, https:\/\/i0.wp.com\/pohjanmaantehtaanmyymala.fi\/wp-content\/uploads\/2024\/02\/Eleanor-3-istuttava-960dpi.jpg?fit=960%2C960&ssl=1&resize=700%2C400 2x"},"classes":[]},{"id":23869,"url":"https:\/\/pohjanmaantehtaanmyymala.fi\/sv\/tuote\/sheraton-2-istuttava-sohva\/","url_meta":{"origin":25151,"position":5},"title":"SHERATON 2-istuttava sohva","author":"Sami Viitala","date":"oktober 2, 2023","format":false,"excerpt":"T\u00e4ll\u00e4 sohvalla nautit mukavuudesta.","rel":"","context":"Liknande produkt","block_context":{"text":"Liknande produkt","link":""},"img":{"alt_text":"Sheraton 2-istuttava kangassohva HaliHali","src":"https:\/\/i0.wp.com\/pohjanmaantehtaanmyymala.fi\/wp-content\/uploads\/2023\/09\/Sheraton_2sohva_HaliHali300_kangas.jpg?fit=960%2C960&ssl=1&resize=350%2C200","width":350,"height":200,"srcset":"https:\/\/i0.wp.com\/pohjanmaantehtaanmyymala.fi\/wp-content\/uploads\/2023\/09\/Sheraton_2sohva_HaliHali300_kangas.jpg?fit=960%2C960&ssl=1&resize=350%2C200 1x, https:\/\/i0.wp.com\/pohjanmaantehtaanmyymala.fi\/wp-content\/uploads\/2023\/09\/Sheraton_2sohva_HaliHali300_kangas.jpg?fit=960%2C960&ssl=1&resize=525%2C300 1.5x, https:\/\/i0.wp.com\/pohjanmaantehtaanmyymala.fi\/wp-content\/uploads\/2023\/09\/Sheraton_2sohva_HaliHali300_kangas.jpg?fit=960%2C960&ssl=1&resize=700%2C400 2x"},"classes":[]}],"_links":{"self":[{"href":"https:\/\/pohjanmaantehtaanmyymala.fi\/sv\/wp-json\/wp\/v2\/product\/25151","targetHints":{"allow":["GET"]}}],"collection":[{"href":"https:\/\/pohjanmaantehtaanmyymala.fi\/sv\/wp-json\/wp\/v2\/product"}],"about":[{"href":"https:\/\/pohjanmaantehtaanmyymala.fi\/sv\/wp-json\/wp\/v2\/types\/product"}],"replies":[{"embeddable":true,"href":"https:\/\/pohjanmaantehtaanmyymala.fi\/sv\/wp-json\/wp\/v2\/comments?post=25151"}],"wp:featuredmedia":[{"embeddable":true,"href":"https:\/\/pohjanmaantehtaanmyymala.fi\/sv\/wp-json\/wp\/v2\/media\/25164"}],"wp:attachment":[{"href":"https:\/\/pohjanmaantehtaanmyymala.fi\/sv\/wp-json\/wp\/v2\/media?parent=25151"}],"wp:term":[{"taxonomy":"product_brand","embeddable":true,"href":"https:\/\/pohjanmaantehtaanmyymala.fi\/sv\/wp-json\/wp\/v2\/product_brand?post=25151"},{"taxonomy":"product_cat","embeddable":true,"href":"https:\/\/pohjanmaantehtaanmyymala.fi\/sv\/wp-json\/wp\/v2\/product_cat?post=25151"},{"taxonomy":"product_tag","embeddable":true,"href":"https:\/\/pohjanmaantehtaanmyymala.fi\/sv\/wp-json\/wp\/v2\/product_tag?post=25151"}],"curies":[{"name":"wp","href":"https:\/\/api.w.org\/{rel}","templated":true}]}}