{"id":25071,"date":"2024-02-29T20:16:01","date_gmt":"2024-02-29T18:16:01","guid":{"rendered":"https:\/\/pohjanmaantehtaanmyymala.fi\/?post_type=product&#038;p=25071"},"modified":"2025-03-18T10:48:21","modified_gmt":"2025-03-18T08:48:21","slug":"wild-lankku-ruokapoyta-180x95cm","status":"publish","type":"product","link":"https:\/\/pohjanmaantehtaanmyymala.fi\/sv\/tuote\/wild-lankku-ruokapoyta-180x95cm\/","title":{"rendered":"Wild lankku Ruokap\u00f6yt\u00e4 180x95cm"},"content":{"rendered":"<p>Pohjanmaan Kalusteen valmistama Wild lankkup\u00f6yt\u00e4 on vaikuttava ruokap\u00f6yt\u00e4, jonka pinta on tehty aidoista tammilankuista. K\u00e4sity\u00f6n\u00e4 valmistettu p\u00f6yt\u00e4 tuo esiin tammen luonnolliset piirteet, kuten halkeamat, oksankohdat ja hienovaraiset s\u00e4vyerot. P\u00f6yd\u00e4n ilmeeseen tuovat kontrastia metalliset lenkkijalat, jotka ovat saatavilla mustina tai valkoisina. Kansi tarjoaa valinnan mahdollisuuden eri s\u00e4vyiss\u00e4, kuten \u00f6ljytty tammi, ruskea smoked tammi ja vaalea nordic tammi.<\/p>\n<p>Wild lankkup\u00f6yt\u00e4 yhdistyy hienosti erilaisiin verhoiltuihin tuoleihin, joissa on metallijalat, tai vaihtoehtoisesti Pohjanmaan Lilja pinnatuoleihin, luoden tyylikk\u00e4\u00e4n kokonaisuuden.<\/p>\n<p>Massiivitammilankkup\u00f6yt\u00e4 on aito luonnontuote, jonka rustiikkiseen luonteeseen kuuluvat v\u00e4rierot, halkeamat sek\u00e4 oksankolot.<br \/>\nJokainen p\u00f6yt\u00e4 on uniikki koska valmistukseen k\u00e4ytet\u00e4\u00e4n massiivitammilankkuja ilman liimasaumoja. Lankut ovat kesken\u00e4\u00e4n erilaisia, jolloin p\u00f6yd\u00e4n pinta on el\u00e4vainen ja yksil\u00f6llinen.<\/p>\n<p>Kysy tuolivaihtoehtoja <a href=\"https:\/\/pohjanmaantehtaanmyymala.fi\/yhteys\/\">myynnist\u00e4mme!<\/a><\/p>\n<p><strong>Tuotetiedot:<\/strong><br \/>\nLataa <a href=\"https:\/\/www.pohjanmaan.fi\/_files\/ugd\/2f25a6_fdc0c8a338c846e28644b87d309418f0.pdf\" target=\"_blank\" rel=\"noopener\">Tuotekortti t\u00e4st\u00e4!<\/a><\/p>\n<p>P\u00f6yd\u00e4n koko 180&#215;95 cm<br \/>\nKorkeus 76 cm<br \/>\nKannen v\u00e4ri vaihtoehdot: \u00f6ljytty tammi, nordic tammi tai smoked tammi<br \/>\nKansi: Tammea, kannen vahvuus 40mm<br \/>\nMusta tai valkoinen metallijalka<br \/>\nToimitetaan jalka irrallaan<\/p>\n","protected":false},"excerpt":{"rendered":"<p>Vaikuttava ja yksil\u00f6llinen luonnontuotteena valmistettu ruokap\u00f6yt\u00e4!<\/p>\n","protected":false},"featured_media":25072,"comment_status":"closed","ping_status":"closed","template":"","meta":{"_acf_changed":false,"jetpack_post_was_ever_published":false,"jetpack_publicize_message":"","jetpack_publicize_feature_enabled":true,"jetpack_social_post_already_shared":true,"jetpack_social_options":{"image_generator_settings":{"template":"highway","default_image_id":0,"font":"","enabled":false},"version":2}},"product_brand":[270],"product_cat":[194],"product_tag":[],"class_list":{"0":"post-25071","1":"product","2":"type-product","3":"status-publish","4":"has-post-thumbnail","6":"product_brand-pohjanmaan","7":"product_cat-ruokapoydat-ja-tuolit","9":"first","10":"instock","11":"sale","12":"shipping-taxable","13":"purchasable","14":"product-type-variable","15":"has-default-attributes"},"acf":[],"jetpack_publicize_connections":[],"jetpack_sharing_enabled":true,"jetpack-related-posts":[{"id":25103,"url":"https:\/\/pohjanmaantehtaanmyymala.fi\/sv\/tuote\/wild-lankku-ruokapoyta-240x95cm\/","url_meta":{"origin":25071,"position":0},"title":"Wild lankku Ruokap\u00f6yt\u00e4 240x95cm","author":"Miro Nevala","date":"februari 13, 2024","format":false,"excerpt":"Vaikuttava ja yksil\u00f6llinen luonnontuotteena valmistettu ruokap\u00f6yt\u00e4!","rel":"","context":"Liknande produkt","block_context":{"text":"Liknande produkt","link":""},"img":{"alt_text":"Wild lankkup\u00f6yt\u00e4 kuultovalkoinen kansi valkoinen jalka","src":"https:\/\/i0.wp.com\/pohjanmaantehtaanmyymala.fi\/wp-content\/uploads\/2024\/02\/Wild_Lankku_valkoinen-jalka-240.jpg?fit=960%2C960&ssl=1&resize=350%2C200","width":350,"height":200,"srcset":"https:\/\/i0.wp.com\/pohjanmaantehtaanmyymala.fi\/wp-content\/uploads\/2024\/02\/Wild_Lankku_valkoinen-jalka-240.jpg?fit=960%2C960&ssl=1&resize=350%2C200 1x, https:\/\/i0.wp.com\/pohjanmaantehtaanmyymala.fi\/wp-content\/uploads\/2024\/02\/Wild_Lankku_valkoinen-jalka-240.jpg?fit=960%2C960&ssl=1&resize=525%2C300 1.5x, https:\/\/i0.wp.com\/pohjanmaantehtaanmyymala.fi\/wp-content\/uploads\/2024\/02\/Wild_Lankku_valkoinen-jalka-240.jpg?fit=960%2C960&ssl=1&resize=700%2C400 2x"},"classes":[]},{"id":25096,"url":"https:\/\/pohjanmaantehtaanmyymala.fi\/sv\/tuote\/wild-lankku-ruokapoyta-140x95cm\/","url_meta":{"origin":25071,"position":1},"title":"Wild lankku Ruokap\u00f6yt\u00e4 140x95cm","author":"Miro Nevala","date":"februari 13, 2024","format":false,"excerpt":"Vaikuttava ja yksil\u00f6llinen luonnontuotteena valmistettu ruokap\u00f6yt\u00e4!","rel":"","context":"Liknande produkt","block_context":{"text":"Liknande produkt","link":""},"img":{"alt_text":"Pohjanmaan Wild tammilankkup\u00f6yt\u00e4 mustilla metallijaloilla 140x95cm","src":"https:\/\/i0.wp.com\/pohjanmaantehtaanmyymala.fi\/wp-content\/uploads\/2024\/02\/Pohjanmaan-Wild-tammilankkupo%CC%88yta%CC%88-2-960dpi.jpg?fit=960%2C960&ssl=1&resize=350%2C200","width":350,"height":200,"srcset":"https:\/\/i0.wp.com\/pohjanmaantehtaanmyymala.fi\/wp-content\/uploads\/2024\/02\/Pohjanmaan-Wild-tammilankkupo%CC%88yta%CC%88-2-960dpi.jpg?fit=960%2C960&ssl=1&resize=350%2C200 1x, https:\/\/i0.wp.com\/pohjanmaantehtaanmyymala.fi\/wp-content\/uploads\/2024\/02\/Pohjanmaan-Wild-tammilankkupo%CC%88yta%CC%88-2-960dpi.jpg?fit=960%2C960&ssl=1&resize=525%2C300 1.5x, https:\/\/i0.wp.com\/pohjanmaantehtaanmyymala.fi\/wp-content\/uploads\/2024\/02\/Pohjanmaan-Wild-tammilankkupo%CC%88yta%CC%88-2-960dpi.jpg?fit=960%2C960&ssl=1&resize=700%2C400 2x"},"classes":[]},{"id":25116,"url":"https:\/\/pohjanmaantehtaanmyymala.fi\/sv\/tuote\/wild-lankku-ruokapoyta-280x95cm\/","url_meta":{"origin":25071,"position":2},"title":"Wild lankku Ruokap\u00f6yt\u00e4 280x95cm","author":"Miro Nevala","date":"februari 13, 2024","format":false,"excerpt":"Vaikuttava ja yksil\u00f6llinen luonnontuotteena valmistettu ruokap\u00f6yt\u00e4!","rel":"","context":"Liknande produkt","block_context":{"text":"Liknande produkt","link":""},"img":{"alt_text":"Pohjanmaan Wild tammilankkup\u00f6yt\u00e4 240x95cm mustilla metallijaloilla","src":"https:\/\/i0.wp.com\/pohjanmaantehtaanmyymala.fi\/wp-content\/uploads\/2024\/02\/Pohjanmaan-Wild-tammilankkupo%CC%88yta%CC%88-240cm-960dpi.jpg?fit=960%2C960&ssl=1&resize=350%2C200","width":350,"height":200,"srcset":"https:\/\/i0.wp.com\/pohjanmaantehtaanmyymala.fi\/wp-content\/uploads\/2024\/02\/Pohjanmaan-Wild-tammilankkupo%CC%88yta%CC%88-240cm-960dpi.jpg?fit=960%2C960&ssl=1&resize=350%2C200 1x, https:\/\/i0.wp.com\/pohjanmaantehtaanmyymala.fi\/wp-content\/uploads\/2024\/02\/Pohjanmaan-Wild-tammilankkupo%CC%88yta%CC%88-240cm-960dpi.jpg?fit=960%2C960&ssl=1&resize=525%2C300 1.5x, https:\/\/i0.wp.com\/pohjanmaantehtaanmyymala.fi\/wp-content\/uploads\/2024\/02\/Pohjanmaan-Wild-tammilankkupo%CC%88yta%CC%88-240cm-960dpi.jpg?fit=960%2C960&ssl=1&resize=700%2C400 2x"},"classes":[]},{"id":18606,"url":"https:\/\/pohjanmaantehtaanmyymala.fi\/sv\/tuote\/ohio-lankkupoyta-240-cm\/","url_meta":{"origin":25071,"position":3},"title":"Ohio &#8211; lankkup\u00f6yt\u00e4 240&#215;95 cm","author":"Sami Viitala","date":"oktober 29, 2021","format":false,"excerpt":"N\u00e4ytt\u00e4v\u00e4 ruokap\u00f6yt\u00e4 metallijaloilla.","rel":"","context":"Liknande produkt","block_context":{"text":"Liknande produkt","link":""},"img":{"alt_text":"Ohio-lankkup\u00f6yt\u00e4 valkolakattu tammi mustilla jaloilla","src":"https:\/\/i0.wp.com\/pohjanmaantehtaanmyymala.fi\/wp-content\/uploads\/2021\/10\/Pohjanmaan_Ohio-lankkupoyta-240.jpg?fit=960%2C960&ssl=1&resize=350%2C200","width":350,"height":200,"srcset":"https:\/\/i0.wp.com\/pohjanmaantehtaanmyymala.fi\/wp-content\/uploads\/2021\/10\/Pohjanmaan_Ohio-lankkupoyta-240.jpg?fit=960%2C960&ssl=1&resize=350%2C200 1x, https:\/\/i0.wp.com\/pohjanmaantehtaanmyymala.fi\/wp-content\/uploads\/2021\/10\/Pohjanmaan_Ohio-lankkupoyta-240.jpg?fit=960%2C960&ssl=1&resize=525%2C300 1.5x, https:\/\/i0.wp.com\/pohjanmaantehtaanmyymala.fi\/wp-content\/uploads\/2021\/10\/Pohjanmaan_Ohio-lankkupoyta-240.jpg?fit=960%2C960&ssl=1&resize=700%2C400 2x"},"classes":[]},{"id":18631,"url":"https:\/\/pohjanmaantehtaanmyymala.fi\/sv\/tuote\/ohio-lankkupoyta-180-cm\/","url_meta":{"origin":25071,"position":4},"title":"Ohio &#8211; lankkup\u00f6yt\u00e4 180&#215;95 cm","author":"Sami Viitala","date":"oktober 30, 2021","format":false,"excerpt":"N\u00e4ytt\u00e4v\u00e4 lankkuruokap\u00f6yt\u00e4 metallijaloilla.","rel":"","context":"Liknande produkt","block_context":{"text":"Liknande produkt","link":""},"img":{"alt_text":"Ohio-lankkup\u00f6yt\u00e4 180 cm smoked-v\u00e4ri","src":"https:\/\/i0.wp.com\/pohjanmaantehtaanmyymala.fi\/wp-content\/uploads\/2021\/10\/Pohjanmaan_Ohio-lankkup_180-smoked.jpg?fit=960%2C960&ssl=1&resize=350%2C200","width":350,"height":200,"srcset":"https:\/\/i0.wp.com\/pohjanmaantehtaanmyymala.fi\/wp-content\/uploads\/2021\/10\/Pohjanmaan_Ohio-lankkup_180-smoked.jpg?fit=960%2C960&ssl=1&resize=350%2C200 1x, https:\/\/i0.wp.com\/pohjanmaantehtaanmyymala.fi\/wp-content\/uploads\/2021\/10\/Pohjanmaan_Ohio-lankkup_180-smoked.jpg?fit=960%2C960&ssl=1&resize=525%2C300 1.5x, https:\/\/i0.wp.com\/pohjanmaantehtaanmyymala.fi\/wp-content\/uploads\/2021\/10\/Pohjanmaan_Ohio-lankkup_180-smoked.jpg?fit=960%2C960&ssl=1&resize=700%2C400 2x"},"classes":[]},{"id":18646,"url":"https:\/\/pohjanmaantehtaanmyymala.fi\/sv\/tuote\/ohio-lankkupoyta-200-cm\/","url_meta":{"origin":25071,"position":5},"title":"Ohio &#8211; lankkup\u00f6yt\u00e4 200&#215;95 cm","author":"Sami Viitala","date":"oktober 31, 2021","format":false,"excerpt":"Tilava lankkuruokap\u00f6yt\u00e4 metallijaloilla.","rel":"","context":"Liknande produkt","block_context":{"text":"Liknande produkt","link":""},"img":{"alt_text":"Ohio lankkup\u00f6yt\u00e4 200x95 cm smoked-v\u00e4ri metallijaloilla","src":"https:\/\/i0.wp.com\/pohjanmaantehtaanmyymala.fi\/wp-content\/uploads\/2021\/10\/Pohjanmaan_Ohio-lankkupoyta-200.jpg?fit=960%2C960&ssl=1&resize=350%2C200","width":350,"height":200,"srcset":"https:\/\/i0.wp.com\/pohjanmaantehtaanmyymala.fi\/wp-content\/uploads\/2021\/10\/Pohjanmaan_Ohio-lankkupoyta-200.jpg?fit=960%2C960&ssl=1&resize=350%2C200 1x, https:\/\/i0.wp.com\/pohjanmaantehtaanmyymala.fi\/wp-content\/uploads\/2021\/10\/Pohjanmaan_Ohio-lankkupoyta-200.jpg?fit=960%2C960&ssl=1&resize=525%2C300 1.5x, https:\/\/i0.wp.com\/pohjanmaantehtaanmyymala.fi\/wp-content\/uploads\/2021\/10\/Pohjanmaan_Ohio-lankkupoyta-200.jpg?fit=960%2C960&ssl=1&resize=700%2C400 2x"},"classes":[]}],"_links":{"self":[{"href":"https:\/\/pohjanmaantehtaanmyymala.fi\/sv\/wp-json\/wp\/v2\/product\/25071","targetHints":{"allow":["GET"]}}],"collection":[{"href":"https:\/\/pohjanmaantehtaanmyymala.fi\/sv\/wp-json\/wp\/v2\/product"}],"about":[{"href":"https:\/\/pohjanmaantehtaanmyymala.fi\/sv\/wp-json\/wp\/v2\/types\/product"}],"replies":[{"embeddable":true,"href":"https:\/\/pohjanmaantehtaanmyymala.fi\/sv\/wp-json\/wp\/v2\/comments?post=25071"}],"wp:featuredmedia":[{"embeddable":true,"href":"https:\/\/pohjanmaantehtaanmyymala.fi\/sv\/wp-json\/wp\/v2\/media\/25072"}],"wp:attachment":[{"href":"https:\/\/pohjanmaantehtaanmyymala.fi\/sv\/wp-json\/wp\/v2\/media?parent=25071"}],"wp:term":[{"taxonomy":"product_brand","embeddable":true,"href":"https:\/\/pohjanmaantehtaanmyymala.fi\/sv\/wp-json\/wp\/v2\/product_brand?post=25071"},{"taxonomy":"product_cat","embeddable":true,"href":"https:\/\/pohjanmaantehtaanmyymala.fi\/sv\/wp-json\/wp\/v2\/product_cat?post=25071"},{"taxonomy":"product_tag","embeddable":true,"href":"https:\/\/pohjanmaantehtaanmyymala.fi\/sv\/wp-json\/wp\/v2\/product_tag?post=25071"}],"curies":[{"name":"wp","href":"https:\/\/api.w.org\/{rel}","templated":true}]}}