{"id":24827,"date":"2024-02-05T14:42:36","date_gmt":"2024-02-05T12:42:36","guid":{"rendered":"https:\/\/pohjanmaantehtaanmyymala.fi\/?post_type=product&#038;p=24827"},"modified":"2025-07-11T14:28:15","modified_gmt":"2025-07-11T12:28:15","slug":"eden-tarviketasu-sankyyn","status":"publish","type":"product","link":"https:\/\/pohjanmaantehtaanmyymala.fi\/sv\/tuote\/eden-tarviketasu-sankyyn\/","title":{"rendered":"EDEN tarviketasku s\u00e4nkyyn"},"content":{"rendered":"<p>Eden tarviketaskusku s\u00e4ngyn lis\u00e4varuste.<\/p>\n<p>Tarviketasku soveltuu jenkki-, moottori,- ja runkos\u00e4ngyn kanssa. Tarviketasku asennetaan k\u00e4tev\u00e4sti petauspatjan alle, jolloin se j\u00e4\u00e4 petarin ja patjan v\u00e4liin. Tarviketaskussa on k\u00e4tetv\u00e4 s\u00e4ilytt\u00e4\u00e4 moottoris\u00e4ngyn ohjainta, k\u00e4nnykk\u00e4\u00e4, tablettitietokonesta tai vaikka sanomalehte\u00e4.<\/p>\n<p>Voit valita tarviketaskun verhoiluv\u00e4riksi antrasiitiin, hiekan tai graniitin.<\/p>\n<p>Kysy lis\u00e4tietoa tai muita s\u00e4nkyvaihtoehtoja<a href=\"https:\/\/pohjanmaantehtaanmyymala.fi\/yhteys\/\" target=\"_blank\" rel=\"noopener\"> myynnist\u00e4mme!<\/a><\/p>\n<p><strong>Tuotetiedot:<\/strong><br \/>\nVerhoilu: Laminoitu huonekalukangas; v\u00e4rit: Hiekka, Antrasiitti ja Graniitti sek\u00e4 erikoisv\u00e4rit Okra ja Sammal.<\/p>\n<p>Toimitetaan muoviin pakattuna.<\/p>\n","protected":false},"excerpt":{"rendered":"<p>Tarviketasku 5 eri v\u00e4rill\u00e4. Valitse v\u00e4ri!<\/p>\n","protected":false},"featured_media":24797,"comment_status":"closed","ping_status":"closed","template":"","meta":{"_acf_changed":false,"jetpack_post_was_ever_published":false,"jetpack_publicize_message":"","jetpack_publicize_feature_enabled":true,"jetpack_social_post_already_shared":true,"jetpack_social_options":{"image_generator_settings":{"template":"highway","default_image_id":0,"font":"","enabled":false},"version":2}},"product_brand":[203],"product_cat":[198,316],"product_tag":[],"class_list":{"0":"post-24827","1":"product","2":"type-product","3":"status-publish","4":"has-post-thumbnail","6":"product_brand-hilding","7":"product_cat-patjat-ja-sangyt","8":"product_cat-jenkkisanky","9":"product_shipping_class-161","10":"pa_vari-antrasiitti","11":"pa_vari-okra","12":"pa_vari-graniitti","13":"pa_vari-hiekka","14":"pa_vari-sammal","16":"first","17":"instock","18":"sale","19":"purchasable","20":"product-type-variable","21":"has-default-attributes"},"acf":[],"jetpack_publicize_connections":[],"jetpack_sharing_enabled":true,"jetpack-related-posts":[{"id":24684,"url":"https:\/\/pohjanmaantehtaanmyymala.fi\/sv\/tuote\/eden-3-moottorisanky\/","url_meta":{"origin":24827,"position":0},"title":"EDEN 3 -moottoris\u00e4nky 80&#215;200 cm petauspatjalla","author":"Sami Viitala","date":"januari 30, 2024","format":false,"excerpt":"Laadukkaasta s\u00e4\u00e4t\u00f6s\u00e4ngyst\u00e4 on valittavana kolme eri v\u00e4ri\u00e4.","rel":"","context":"Liknande produkt","block_context":{"text":"Liknande produkt","link":""},"img":{"alt_text":"Eden kolme s\u00e4\u00e4t\u00f6s\u00e4nky leveys 80 cm","src":"https:\/\/i0.wp.com\/pohjanmaantehtaanmyymala.fi\/wp-content\/uploads\/2024\/01\/Eden3_sasy-web.jpg?fit=960%2C960&ssl=1&resize=350%2C200","width":350,"height":200,"srcset":"https:\/\/i0.wp.com\/pohjanmaantehtaanmyymala.fi\/wp-content\/uploads\/2024\/01\/Eden3_sasy-web.jpg?fit=960%2C960&ssl=1&resize=350%2C200 1x, https:\/\/i0.wp.com\/pohjanmaantehtaanmyymala.fi\/wp-content\/uploads\/2024\/01\/Eden3_sasy-web.jpg?fit=960%2C960&ssl=1&resize=525%2C300 1.5x, https:\/\/i0.wp.com\/pohjanmaantehtaanmyymala.fi\/wp-content\/uploads\/2024\/01\/Eden3_sasy-web.jpg?fit=960%2C960&ssl=1&resize=700%2C400 2x"},"classes":[]},{"id":27850,"url":"https:\/\/pohjanmaantehtaanmyymala.fi\/sv\/tuote\/eden-3-moottorisanky-90x200-cm-petauspatjalla\/","url_meta":{"origin":24827,"position":1},"title":"EDEN 3 -moottoris\u00e4nky 90&#215;200 cm petauspatjalla","author":"Sami Viitala","date":"november 27, 2024","format":false,"excerpt":"Laadukkaasta s\u00e4\u00e4t\u00f6s\u00e4ngyst\u00e4 on valittavana kolme eri v\u00e4ri\u00e4.","rel":"","context":"Liknande produkt","block_context":{"text":"Liknande produkt","link":""},"img":{"alt_text":"Eden kolme s\u00e4\u00e4t\u00f6s\u00e4nky leveys 90 cm","src":"https:\/\/i0.wp.com\/pohjanmaantehtaanmyymala.fi\/wp-content\/uploads\/2024\/11\/Eden3_sasy_90.jpg?fit=960%2C960&ssl=1&resize=350%2C200","width":350,"height":200,"srcset":"https:\/\/i0.wp.com\/pohjanmaantehtaanmyymala.fi\/wp-content\/uploads\/2024\/11\/Eden3_sasy_90.jpg?fit=960%2C960&ssl=1&resize=350%2C200 1x, https:\/\/i0.wp.com\/pohjanmaantehtaanmyymala.fi\/wp-content\/uploads\/2024\/11\/Eden3_sasy_90.jpg?fit=960%2C960&ssl=1&resize=525%2C300 1.5x, https:\/\/i0.wp.com\/pohjanmaantehtaanmyymala.fi\/wp-content\/uploads\/2024\/11\/Eden3_sasy_90.jpg?fit=960%2C960&ssl=1&resize=700%2C400 2x"},"classes":[]},{"id":27865,"url":"https:\/\/pohjanmaantehtaanmyymala.fi\/sv\/tuote\/eden-3-moottorisanky-120x200-cm-petauspatjalla\/","url_meta":{"origin":24827,"position":2},"title":"EDEN 3 -moottoris\u00e4nky 120&#215;200 cm petauspatjalla","author":"Sami Viitala","date":"november 27, 2024","format":false,"excerpt":"Laadukkaasta s\u00e4\u00e4t\u00f6s\u00e4ngyst\u00e4 on valittavana kolme eri v\u00e4ri\u00e4.","rel":"","context":"Liknande produkt","block_context":{"text":"Liknande produkt","link":""},"img":{"alt_text":"Eden kolme s\u00e4\u00e4t\u00f6s\u00e4nky leveys 90 cm","src":"https:\/\/i0.wp.com\/pohjanmaantehtaanmyymala.fi\/wp-content\/uploads\/2024\/11\/Eden3_sasy_90.jpg?fit=960%2C960&ssl=1&resize=350%2C200","width":350,"height":200,"srcset":"https:\/\/i0.wp.com\/pohjanmaantehtaanmyymala.fi\/wp-content\/uploads\/2024\/11\/Eden3_sasy_90.jpg?fit=960%2C960&ssl=1&resize=350%2C200 1x, https:\/\/i0.wp.com\/pohjanmaantehtaanmyymala.fi\/wp-content\/uploads\/2024\/11\/Eden3_sasy_90.jpg?fit=960%2C960&ssl=1&resize=525%2C300 1.5x, https:\/\/i0.wp.com\/pohjanmaantehtaanmyymala.fi\/wp-content\/uploads\/2024\/11\/Eden3_sasy_90.jpg?fit=960%2C960&ssl=1&resize=700%2C400 2x"},"classes":[]},{"id":27911,"url":"https:\/\/pohjanmaantehtaanmyymala.fi\/sv\/tuote\/eden-6-moottorisanky-90x200-cm-petauspatjalla\/","url_meta":{"origin":24827,"position":3},"title":"EDEN 6 -moottoris\u00e4nky 90&#215;200 cm petauspatjalla","author":"Sami Viitala","date":"november 27, 2024","format":false,"excerpt":"Laadukkaasta 5-vy\u00f6hykkeisest\u00e4 s\u00e4\u00e4t\u00f6s\u00e4ngyst\u00e4 on valittavana kolme eri v\u00e4ri\u00e4 ja kaksi kovuutta.","rel":"","context":"Liknande produkt","block_context":{"text":"Liknande produkt","link":""},"img":{"alt_text":"Eden kuusi vy\u00f6hykejousitettu s\u00e4\u00e4t\u00f6s\u00e4nky leveys 90 cm","src":"https:\/\/i0.wp.com\/pohjanmaantehtaanmyymala.fi\/wp-content\/uploads\/2024\/11\/Eden6_Mosa_90.jpg?fit=1000%2C1000&ssl=1&resize=350%2C200","width":350,"height":200,"srcset":"https:\/\/i0.wp.com\/pohjanmaantehtaanmyymala.fi\/wp-content\/uploads\/2024\/11\/Eden6_Mosa_90.jpg?fit=1000%2C1000&ssl=1&resize=350%2C200 1x, https:\/\/i0.wp.com\/pohjanmaantehtaanmyymala.fi\/wp-content\/uploads\/2024\/11\/Eden6_Mosa_90.jpg?fit=1000%2C1000&ssl=1&resize=525%2C300 1.5x, https:\/\/i0.wp.com\/pohjanmaantehtaanmyymala.fi\/wp-content\/uploads\/2024\/11\/Eden6_Mosa_90.jpg?fit=1000%2C1000&ssl=1&resize=700%2C400 2x"},"classes":[]},{"id":27926,"url":"https:\/\/pohjanmaantehtaanmyymala.fi\/sv\/tuote\/eden-6-moottorisanky-80x200-cm-petauspatjalla\/","url_meta":{"origin":24827,"position":4},"title":"EDEN 6 moottoris\u00e4nky 80&#215;200 cm petauspatjalla","author":"Sami Viitala","date":"november 27, 2024","format":false,"excerpt":"Laadukkaasta 5-vy\u00f6hykkeisest\u00e4 s\u00e4\u00e4t\u00f6s\u00e4ngyst\u00e4 on valittavana kolme eri v\u00e4ri\u00e4 ja kaksi kovuutta.","rel":"","context":"Liknande produkt","block_context":{"text":"Liknande produkt","link":""},"img":{"alt_text":"Eden kuusi vy\u00f6hykejousitettu s\u00e4\u00e4t\u00f6s\u00e4nky leveys 80 cm","src":"https:\/\/i0.wp.com\/pohjanmaantehtaanmyymala.fi\/wp-content\/uploads\/2024\/11\/Eden6_Mosa_80.jpg?fit=1000%2C1000&ssl=1&resize=350%2C200","width":350,"height":200,"srcset":"https:\/\/i0.wp.com\/pohjanmaantehtaanmyymala.fi\/wp-content\/uploads\/2024\/11\/Eden6_Mosa_80.jpg?fit=1000%2C1000&ssl=1&resize=350%2C200 1x, https:\/\/i0.wp.com\/pohjanmaantehtaanmyymala.fi\/wp-content\/uploads\/2024\/11\/Eden6_Mosa_80.jpg?fit=1000%2C1000&ssl=1&resize=525%2C300 1.5x, https:\/\/i0.wp.com\/pohjanmaantehtaanmyymala.fi\/wp-content\/uploads\/2024\/11\/Eden6_Mosa_80.jpg?fit=1000%2C1000&ssl=1&resize=700%2C400 2x"},"classes":[]},{"id":24709,"url":"https:\/\/pohjanmaantehtaanmyymala.fi\/sv\/tuote\/eden-3-jenkkisanky-160x200-petauspatjalla\/","url_meta":{"origin":24827,"position":5},"title":"EDEN 3 jenkkis\u00e4nky 160&#215;200 cm petauspatjalla","author":"Miro Nevala","date":"januari 30, 2024","format":false,"excerpt":"Laadukas jenkkis\u00e4nky kahdella eri j\u00e4ykkyydell\u00e4.","rel":"","context":"Liknande produkt","block_context":{"text":"Liknande produkt","link":""},"img":{"alt_text":"Eden kolme jenkkis\u00e4nky 160 cm leve\u00e4 v\u00e4ri antrasiitti","src":"https:\/\/i0.wp.com\/pohjanmaantehtaanmyymala.fi\/wp-content\/uploads\/2024\/01\/Eden3_jenkki_tp-web.jpg?fit=960%2C960&ssl=1&resize=350%2C200","width":350,"height":200,"srcset":"https:\/\/i0.wp.com\/pohjanmaantehtaanmyymala.fi\/wp-content\/uploads\/2024\/01\/Eden3_jenkki_tp-web.jpg?fit=960%2C960&ssl=1&resize=350%2C200 1x, https:\/\/i0.wp.com\/pohjanmaantehtaanmyymala.fi\/wp-content\/uploads\/2024\/01\/Eden3_jenkki_tp-web.jpg?fit=960%2C960&ssl=1&resize=525%2C300 1.5x, https:\/\/i0.wp.com\/pohjanmaantehtaanmyymala.fi\/wp-content\/uploads\/2024\/01\/Eden3_jenkki_tp-web.jpg?fit=960%2C960&ssl=1&resize=700%2C400 2x"},"classes":[]}],"_links":{"self":[{"href":"https:\/\/pohjanmaantehtaanmyymala.fi\/sv\/wp-json\/wp\/v2\/product\/24827","targetHints":{"allow":["GET"]}}],"collection":[{"href":"https:\/\/pohjanmaantehtaanmyymala.fi\/sv\/wp-json\/wp\/v2\/product"}],"about":[{"href":"https:\/\/pohjanmaantehtaanmyymala.fi\/sv\/wp-json\/wp\/v2\/types\/product"}],"replies":[{"embeddable":true,"href":"https:\/\/pohjanmaantehtaanmyymala.fi\/sv\/wp-json\/wp\/v2\/comments?post=24827"}],"wp:featuredmedia":[{"embeddable":true,"href":"https:\/\/pohjanmaantehtaanmyymala.fi\/sv\/wp-json\/wp\/v2\/media\/24797"}],"wp:attachment":[{"href":"https:\/\/pohjanmaantehtaanmyymala.fi\/sv\/wp-json\/wp\/v2\/media?parent=24827"}],"wp:term":[{"taxonomy":"product_brand","embeddable":true,"href":"https:\/\/pohjanmaantehtaanmyymala.fi\/sv\/wp-json\/wp\/v2\/product_brand?post=24827"},{"taxonomy":"product_cat","embeddable":true,"href":"https:\/\/pohjanmaantehtaanmyymala.fi\/sv\/wp-json\/wp\/v2\/product_cat?post=24827"},{"taxonomy":"product_tag","embeddable":true,"href":"https:\/\/pohjanmaantehtaanmyymala.fi\/sv\/wp-json\/wp\/v2\/product_tag?post=24827"}],"curies":[{"name":"wp","href":"https:\/\/api.w.org\/{rel}","templated":true}]}}