{"id":24755,"date":"2024-01-30T16:18:02","date_gmt":"2024-01-30T14:18:02","guid":{"rendered":"https:\/\/pohjanmaantehtaanmyymala.fi\/?post_type=product&#038;p=24755"},"modified":"2026-01-27T00:18:41","modified_gmt":"2026-01-26T22:18:41","slug":"eden-3-moottorisankypaketti-160x200-cm","status":"publish","type":"product","link":"https:\/\/pohjanmaantehtaanmyymala.fi\/sv\/tuote\/eden-3-moottorisankypaketti-160x200-cm\/","title":{"rendered":"EDEN 3 -moottoris\u00e4nkypaketti 160&#215;200 cm"},"content":{"rendered":"<p>Eden 3 on laadukas kotimainen moottoris\u00e4nky.<\/p>\n<p>Moottoris\u00e4ngyn joustinpatjassa on vaahtomuovikoteloitu pussijousitus.<br \/>\nEden 3-moottoris\u00e4ngyss\u00e4 on langaton kaukos\u00e4\u00e4din, jolla voidaan s\u00e4\u00e4t\u00e4\u00e4 portaattomasti s\u00e4ngyn asentoa p\u00e4\u00e4- ja jalkop\u00e4\u00e4dyst\u00e4 haluamaan asentoon. S\u00e4nky\u00e4 on saatavilla kahdella eri j\u00e4ykkyydell\u00e4 ja kolmella eri v\u00e4rill\u00e4. Molemissa s\u00e4ngyiss\u00e4 on omat mootorinsa, jotka toimivat erikseen.<\/p>\n<p>Voit valita s\u00e4nkysi verhoiluv\u00e4riksi graniitin, antrasiitin tai hiekan.<\/p>\n<p>Moottoris\u00e4nkypaketti on viimeistelty laadukkaalla Comfort-petauspatjalla, jonka t\u00e4ytteen\u00e4 on profiloitu stylex-vaahtomuovi. Petauspatjassa on miellytt\u00e4v\u00e4 joustokangasp\u00e4\u00e4llinen, joka on irrotettavissa ja pest\u00e4viss\u00e4. Molemmissa moottoris\u00e4ngyiss\u00e4 on erilliset petauspatjat.<\/p>\n<p>S\u00e4nkysettiin sis\u00e4ltyv\u00e4t Royal jalat, joista on v\u00e4rivaihtoehtoina tammi, valkolakattu ja wenge,<\/p>\n<p>Eden s\u00e4nkymallisto on suunniteltu yhteisty\u00f6ss\u00e4\u00a0allergia-, iho- ja astmaliiton kanssa jolloin voit olla varma ett\u00e4 s\u00e4ngyss\u00e4 k\u00e4ytetyt materiaalit ovat ensi luokkaisia ja turvallisia.<\/p>\n<p>Kysy lis\u00e4tietoa tai muita s\u00e4nkyvaihtoehtoja<a href=\"https:\/\/pohjanmaantehtaanmyymala.fi\/yhteys\/\" target=\"_blank\" rel=\"noopener\"> myynnist\u00e4mme!<\/a><\/p>\n<p><strong>Tuotetiedot:<\/strong><br \/>\nKoko: leveys 160 cm, pituus 200 cm ja korkeus petauspatjan kanssa 62 cm ja ilman petauspatjaa 55 cm.<br \/>\nJousitus: Comfort pussijouset (250kpl\/m2). Hard tai medium j\u00e4ykkyys.<br \/>\nPainosuositus: Medium alle 75 kg. Hard yli 75 kg.<br \/>\nVerhoilu: Laminoitu huonekalukangas; v\u00e4rit: antrasiitti, graniitti ja hiekka<br \/>\nRunko: Massiivipuu ja metalli.<br \/>\nPetauspatja: Profiloitu 50 mm:n paksu stylex-erikoisvaahtomuovi.<br \/>\nPetauspatjan p\u00e4\u00e4llinen: Joustokangasta, joka kest\u00e4\u00e4 60\u00b0 C vesipesun.<br \/>\nRoyal jalat; jalan korkeus 23 cm.<br \/>\nTakuut: Jousitakuu 20-vuotta, s\u00e4\u00e4t\u00f6moottorilla 5-vuotta.<br \/>\nToimitetaan muoviin ja pahviin pakattuna.<\/p>\n","protected":false},"excerpt":{"rendered":"<p>Laadukkaasta Eden s\u00e4\u00e4t\u00f6s\u00e4ngyst\u00e4 on valittavana kaksi eri j\u00e4ykkyytt\u00e4.<\/p>\n","protected":false},"featured_media":27776,"comment_status":"closed","ping_status":"closed","template":"","meta":{"_acf_changed":false,"jetpack_post_was_ever_published":false,"jetpack_publicize_message":"","jetpack_publicize_feature_enabled":true,"jetpack_social_post_already_shared":true,"jetpack_social_options":{"image_generator_settings":{"template":"highway","default_image_id":0,"font":"","enabled":false},"version":2}},"product_brand":[203],"product_cat":[198],"product_tag":[],"class_list":{"0":"post-24755","1":"product","2":"type-product","3":"status-publish","4":"has-post-thumbnail","6":"product_brand-hilding","7":"product_cat-patjat-ja-sangyt","8":"product_shipping_class-161","9":"pa_malli-hard","10":"pa_malli-hard-medium","11":"pa_malli-medium","12":"pa_vari-beige","13":"pa_vari-tummanharmaa","14":"pa_vari-vaaleanharmaa","16":"first","17":"instock","18":"purchasable","19":"product-type-variable","20":"has-default-attributes"},"acf":[],"jetpack_publicize_connections":[],"jetpack_sharing_enabled":true,"jetpack-related-posts":[{"id":24859,"url":"https:\/\/pohjanmaantehtaanmyymala.fi\/sv\/tuote\/eden-3-moottorisankypaketti-paadylla-160x200-cm\/","url_meta":{"origin":24755,"position":0},"title":"EDEN 3 -moottoris\u00e4nkypaketti p\u00e4\u00e4dyll\u00e4 160&#215;200 cm","author":"Miro Nevala","date":"februari 5, 2024","format":false,"excerpt":"Laadukkaasta Eden s\u00e4\u00e4t\u00f6s\u00e4ngyst\u00e4 on valittavana kaksi eri j\u00e4ykkyytt\u00e4 ja kolme eri v\u00e4ri\u00e4.","rel":"","context":"Liknande produkt","block_context":{"text":"Liknande produkt","link":""},"img":{"alt_text":"","src":"https:\/\/i0.wp.com\/pohjanmaantehtaanmyymala.fi\/wp-content\/uploads\/2024\/02\/Eden3_parisasy_160_comfort_paadylla.jpg?fit=960%2C960&ssl=1&resize=350%2C200","width":350,"height":200,"srcset":"https:\/\/i0.wp.com\/pohjanmaantehtaanmyymala.fi\/wp-content\/uploads\/2024\/02\/Eden3_parisasy_160_comfort_paadylla.jpg?fit=960%2C960&ssl=1&resize=350%2C200 1x, https:\/\/i0.wp.com\/pohjanmaantehtaanmyymala.fi\/wp-content\/uploads\/2024\/02\/Eden3_parisasy_160_comfort_paadylla.jpg?fit=960%2C960&ssl=1&resize=525%2C300 1.5x, https:\/\/i0.wp.com\/pohjanmaantehtaanmyymala.fi\/wp-content\/uploads\/2024\/02\/Eden3_parisasy_160_comfort_paadylla.jpg?fit=960%2C960&ssl=1&resize=700%2C400 2x"},"classes":[]},{"id":24813,"url":"https:\/\/pohjanmaantehtaanmyymala.fi\/sv\/tuote\/eden-3-moottorisankypaketti-180x200-cm\/","url_meta":{"origin":24755,"position":1},"title":"EDEN 3 -moottoris\u00e4nkypaketti 180&#215;200 cm","author":"Miro Nevala","date":"februari 5, 2024","format":false,"excerpt":"Laadukkaasta Eden s\u00e4\u00e4t\u00f6s\u00e4ngyst\u00e4 on valittavana kaksi eri j\u00e4ykkyytt\u00e4.","rel":"","context":"Liknande produkt","block_context":{"text":"Liknande produkt","link":""},"img":{"alt_text":"Eden kolme s\u00e4\u00e4t\u00f6s\u00e4nky pari, leveys 180 cm","src":"https:\/\/i0.wp.com\/pohjanmaantehtaanmyymala.fi\/wp-content\/uploads\/2024\/02\/Eden3_mosa_sasy_pari_180.jpg?fit=960%2C960&ssl=1&resize=350%2C200","width":350,"height":200,"srcset":"https:\/\/i0.wp.com\/pohjanmaantehtaanmyymala.fi\/wp-content\/uploads\/2024\/02\/Eden3_mosa_sasy_pari_180.jpg?fit=960%2C960&ssl=1&resize=350%2C200 1x, https:\/\/i0.wp.com\/pohjanmaantehtaanmyymala.fi\/wp-content\/uploads\/2024\/02\/Eden3_mosa_sasy_pari_180.jpg?fit=960%2C960&ssl=1&resize=525%2C300 1.5x, https:\/\/i0.wp.com\/pohjanmaantehtaanmyymala.fi\/wp-content\/uploads\/2024\/02\/Eden3_mosa_sasy_pari_180.jpg?fit=960%2C960&ssl=1&resize=700%2C400 2x"},"classes":[]},{"id":24871,"url":"https:\/\/pohjanmaantehtaanmyymala.fi\/sv\/tuote\/eden-3-moottorisankypaketti-paadylla-180x200-cm\/","url_meta":{"origin":24755,"position":2},"title":"EDEN 3 -moottoris\u00e4nkypaketti p\u00e4\u00e4dyll\u00e4 180&#215;200 cm","author":"Miro Nevala","date":"februari 5, 2024","format":false,"excerpt":"Laadukkaasta Eden\u00a0 s\u00e4\u00e4t\u00f6s\u00e4ngyst\u00e4 on valittavana kaksi eri j\u00e4ykkyytt\u00e4.","rel":"","context":"Liknande produkt","block_context":{"text":"Liknande produkt","link":""},"img":{"alt_text":"Eden kolme pari-moottoris\u00e4nkypaketti 180 cm Comfort-p\u00e4\u00e4dyll\u00e4 graniitti","src":"https:\/\/i0.wp.com\/pohjanmaantehtaanmyymala.fi\/wp-content\/uploads\/2024\/02\/Eden3_sasy_paaty-web.jpg?fit=960%2C960&ssl=1&resize=350%2C200","width":350,"height":200,"srcset":"https:\/\/i0.wp.com\/pohjanmaantehtaanmyymala.fi\/wp-content\/uploads\/2024\/02\/Eden3_sasy_paaty-web.jpg?fit=960%2C960&ssl=1&resize=350%2C200 1x, https:\/\/i0.wp.com\/pohjanmaantehtaanmyymala.fi\/wp-content\/uploads\/2024\/02\/Eden3_sasy_paaty-web.jpg?fit=960%2C960&ssl=1&resize=525%2C300 1.5x, https:\/\/i0.wp.com\/pohjanmaantehtaanmyymala.fi\/wp-content\/uploads\/2024\/02\/Eden3_sasy_paaty-web.jpg?fit=960%2C960&ssl=1&resize=700%2C400 2x"},"classes":[]},{"id":27359,"url":"https:\/\/pohjanmaantehtaanmyymala.fi\/sv\/tuote\/eden-9-moottorisankypaketti-180x200-cm\/","url_meta":{"origin":24755,"position":3},"title":"EDEN 9 moottoris\u00e4nkypaketti 180&#215;200 cm","author":"Sami Viitala","date":"oktober 11, 2024","format":false,"excerpt":"Laadukkas ja ylellinen mottoris\u00e4nkypaketti.","rel":"","context":"Liknande produkt","block_context":{"text":"Liknande produkt","link":""},"img":{"alt_text":"Eden 9 moottoris\u00e4nky pari leveys 180 cm sammal-verhoilulla ja split-petauspatjalla","src":"https:\/\/i0.wp.com\/pohjanmaantehtaanmyymala.fi\/wp-content\/uploads\/2024\/10\/EDEN-9-pari-mosa-180.jpg?fit=960%2C960&ssl=1&resize=350%2C200","width":350,"height":200,"srcset":"https:\/\/i0.wp.com\/pohjanmaantehtaanmyymala.fi\/wp-content\/uploads\/2024\/10\/EDEN-9-pari-mosa-180.jpg?fit=960%2C960&ssl=1&resize=350%2C200 1x, https:\/\/i0.wp.com\/pohjanmaantehtaanmyymala.fi\/wp-content\/uploads\/2024\/10\/EDEN-9-pari-mosa-180.jpg?fit=960%2C960&ssl=1&resize=525%2C300 1.5x, https:\/\/i0.wp.com\/pohjanmaantehtaanmyymala.fi\/wp-content\/uploads\/2024\/10\/EDEN-9-pari-mosa-180.jpg?fit=960%2C960&ssl=1&resize=700%2C400 2x"},"classes":[]},{"id":27309,"url":"https:\/\/pohjanmaantehtaanmyymala.fi\/sv\/tuote\/eden-9-moottorisankypaketti-paadylla-180x200-cm\/","url_meta":{"origin":24755,"position":4},"title":"EDEN 9 moottoris\u00e4nkypaketti p\u00e4\u00e4dyll\u00e4 180&#215;200 cm","author":"Sami Viitala","date":"oktober 4, 2024","format":false,"excerpt":"Eden 9 on sarjansa laadukkain ja ylellisin moottoris\u00e4nky.","rel":"","context":"Liknande produkt","block_context":{"text":"Liknande produkt","link":""},"img":{"alt_text":"Eden 9 moottoris\u00e4nky paketti 160x200 cm p\u00e4\u00e4dyll\u00e4 Sammal v\u00e4rin\u00e4","src":"https:\/\/i0.wp.com\/pohjanmaantehtaanmyymala.fi\/wp-content\/uploads\/2024\/10\/EDEN-9-pari-mosa-paadylla.jpg?fit=960%2C960&ssl=1&resize=350%2C200","width":350,"height":200,"srcset":"https:\/\/i0.wp.com\/pohjanmaantehtaanmyymala.fi\/wp-content\/uploads\/2024\/10\/EDEN-9-pari-mosa-paadylla.jpg?fit=960%2C960&ssl=1&resize=350%2C200 1x, https:\/\/i0.wp.com\/pohjanmaantehtaanmyymala.fi\/wp-content\/uploads\/2024\/10\/EDEN-9-pari-mosa-paadylla.jpg?fit=960%2C960&ssl=1&resize=525%2C300 1.5x, https:\/\/i0.wp.com\/pohjanmaantehtaanmyymala.fi\/wp-content\/uploads\/2024\/10\/EDEN-9-pari-mosa-paadylla.jpg?fit=960%2C960&ssl=1&resize=700%2C400 2x"},"classes":[]},{"id":24684,"url":"https:\/\/pohjanmaantehtaanmyymala.fi\/sv\/tuote\/eden-3-moottorisanky\/","url_meta":{"origin":24755,"position":5},"title":"EDEN 3 -moottoris\u00e4nky 80&#215;200 cm petauspatjalla","author":"Sami Viitala","date":"januari 30, 2024","format":false,"excerpt":"Laadukkaasta s\u00e4\u00e4t\u00f6s\u00e4ngyst\u00e4 on valittavana kolme eri v\u00e4ri\u00e4.","rel":"","context":"Liknande produkt","block_context":{"text":"Liknande produkt","link":""},"img":{"alt_text":"Eden kolme s\u00e4\u00e4t\u00f6s\u00e4nky leveys 80 cm","src":"https:\/\/i0.wp.com\/pohjanmaantehtaanmyymala.fi\/wp-content\/uploads\/2024\/01\/Eden3_sasy-web.jpg?fit=960%2C960&ssl=1&resize=350%2C200","width":350,"height":200,"srcset":"https:\/\/i0.wp.com\/pohjanmaantehtaanmyymala.fi\/wp-content\/uploads\/2024\/01\/Eden3_sasy-web.jpg?fit=960%2C960&ssl=1&resize=350%2C200 1x, https:\/\/i0.wp.com\/pohjanmaantehtaanmyymala.fi\/wp-content\/uploads\/2024\/01\/Eden3_sasy-web.jpg?fit=960%2C960&ssl=1&resize=525%2C300 1.5x, https:\/\/i0.wp.com\/pohjanmaantehtaanmyymala.fi\/wp-content\/uploads\/2024\/01\/Eden3_sasy-web.jpg?fit=960%2C960&ssl=1&resize=700%2C400 2x"},"classes":[]}],"_links":{"self":[{"href":"https:\/\/pohjanmaantehtaanmyymala.fi\/sv\/wp-json\/wp\/v2\/product\/24755","targetHints":{"allow":["GET"]}}],"collection":[{"href":"https:\/\/pohjanmaantehtaanmyymala.fi\/sv\/wp-json\/wp\/v2\/product"}],"about":[{"href":"https:\/\/pohjanmaantehtaanmyymala.fi\/sv\/wp-json\/wp\/v2\/types\/product"}],"replies":[{"embeddable":true,"href":"https:\/\/pohjanmaantehtaanmyymala.fi\/sv\/wp-json\/wp\/v2\/comments?post=24755"}],"wp:featuredmedia":[{"embeddable":true,"href":"https:\/\/pohjanmaantehtaanmyymala.fi\/sv\/wp-json\/wp\/v2\/media\/27776"}],"wp:attachment":[{"href":"https:\/\/pohjanmaantehtaanmyymala.fi\/sv\/wp-json\/wp\/v2\/media?parent=24755"}],"wp:term":[{"taxonomy":"product_brand","embeddable":true,"href":"https:\/\/pohjanmaantehtaanmyymala.fi\/sv\/wp-json\/wp\/v2\/product_brand?post=24755"},{"taxonomy":"product_cat","embeddable":true,"href":"https:\/\/pohjanmaantehtaanmyymala.fi\/sv\/wp-json\/wp\/v2\/product_cat?post=24755"},{"taxonomy":"product_tag","embeddable":true,"href":"https:\/\/pohjanmaantehtaanmyymala.fi\/sv\/wp-json\/wp\/v2\/product_tag?post=24755"}],"curies":[{"name":"wp","href":"https:\/\/api.w.org\/{rel}","templated":true}]}}