{"id":24726,"date":"2024-01-30T15:17:27","date_gmt":"2024-01-30T13:17:27","guid":{"rendered":"https:\/\/pohjanmaantehtaanmyymala.fi\/?post_type=product&#038;p=24726"},"modified":"2024-03-20T16:56:23","modified_gmt":"2024-03-20T14:56:23","slug":"kaura-sohvapoyta-101x60cm","status":"publish","type":"product","link":"https:\/\/pohjanmaantehtaanmyymala.fi\/sv\/tuote\/kaura-sohvapoyta-101x60cm\/","title":{"rendered":"Kaura sohvap\u00f6yt\u00e4 101x60cm"},"content":{"rendered":"<div class=\"std descr1\">Vaalea Kaura sohvap\u00f6yt\u00e4 lokerolla ja metallijalalla<\/div>\n<div class=\"std descr2 descr2-after-descr1\">Kotimainen Kaura sohvap\u00f6yt\u00e4 sopii mainiosti yhteen saman sarjan tasojen ja vitriinin kanssa. Sohvap\u00f6yd\u00e4n sivuilla on sama kaunis pystyuritus mik\u00e4 esiintyy my\u00f6s muissa Kaura kalusteissa.<br \/>\nKaura sarjasta l\u00f6yd\u00e4t my\u00f6s tv-tason, senkin ja vitriini. Kaikki tuotteet toimitetaan valmiiksi koottuna vain jalat ovat irrallaan, eli k\u00e4ytt\u00f6\u00f6notto on todella helppo!<\/div>\n<p><strong>Tuotetiedot:<\/strong><br \/>\nMaalattu mdf-levy ja mfc-levy<br \/>\nJalan korkeus 25 cm<br \/>\nKotimainen<br \/>\nToimitetaan valmiiksi koottuna, vain jalat ovat irrallaan.<\/p>\n","protected":false},"excerpt":{"rendered":"<p>Vaalea Kaura sohvap\u00f6yt\u00e4 lokerolla ja metallijalalla.<\/p>\n","protected":false},"featured_media":24553,"comment_status":"closed","ping_status":"closed","template":"","meta":{"_acf_changed":false,"jetpack_post_was_ever_published":false,"jetpack_publicize_message":"","jetpack_publicize_feature_enabled":true,"jetpack_social_post_already_shared":true,"jetpack_social_options":{"image_generator_settings":{"template":"highway","default_image_id":0,"font":"","enabled":false},"version":2}},"product_brand":[172],"product_cat":[199],"product_tag":[],"class_list":{"0":"post-24726","1":"product","2":"type-product","3":"status-publish","4":"has-post-thumbnail","6":"product_brand-hiipakka","7":"product_cat-sohva-ja-sivupoydat","8":"product_shipping_class-161","10":"first","11":"instock","12":"sale","13":"purchasable","14":"product-type-simple"},"acf":[],"jetpack_publicize_connections":[],"jetpack_sharing_enabled":true,"jetpack-related-posts":[{"id":24585,"url":"https:\/\/pohjanmaantehtaanmyymala.fi\/sv\/tuote\/kaura-vitriini-laatikolla\/","url_meta":{"origin":24726,"position":0},"title":"Kaura vitriini laatikolla","author":"Sami Viitala","date":"december 13, 2023","format":false,"excerpt":"Greigen v\u00e4rinen kaunis vitriikaappi.","rel":"","context":"Liknande produkt","block_context":{"text":"Liknande produkt","link":""},"img":{"alt_text":"Hiipakan Kaura vitriini greigen v\u00e4rinen","src":"https:\/\/i0.wp.com\/pohjanmaantehtaanmyymala.fi\/wp-content\/uploads\/2023\/12\/Kaura_vitriini.jpg?fit=960%2C960&ssl=1&resize=350%2C200","width":350,"height":200,"srcset":"https:\/\/i0.wp.com\/pohjanmaantehtaanmyymala.fi\/wp-content\/uploads\/2023\/12\/Kaura_vitriini.jpg?fit=960%2C960&ssl=1&resize=350%2C200 1x, https:\/\/i0.wp.com\/pohjanmaantehtaanmyymala.fi\/wp-content\/uploads\/2023\/12\/Kaura_vitriini.jpg?fit=960%2C960&ssl=1&resize=525%2C300 1.5x, https:\/\/i0.wp.com\/pohjanmaantehtaanmyymala.fi\/wp-content\/uploads\/2023\/12\/Kaura_vitriini.jpg?fit=960%2C960&ssl=1&resize=700%2C400 2x"},"classes":[]},{"id":24533,"url":"https:\/\/pohjanmaantehtaanmyymala.fi\/sv\/tuote\/kaura-tv-taso-ovilla-ja-laatikoilla\/","url_meta":{"origin":24726,"position":1},"title":"Kaura TV-taso ovilla ja laatikoilla","author":"Sami Viitala","date":"december 12, 2023","format":false,"excerpt":"Greigen v\u00e4rinen uritetuilla etusarjoilla varustettu TV-taso.","rel":"","context":"Liknande produkt","block_context":{"text":"Liknande produkt","link":""},"img":{"alt_text":"Hiipakan Kaura TV-taso laatikolla ja ovilla greigen v\u00e4rinen","src":"https:\/\/i0.wp.com\/pohjanmaantehtaanmyymala.fi\/wp-content\/uploads\/2023\/12\/Kaura_tv-taso_greige.jpg?fit=960%2C960&ssl=1&resize=350%2C200","width":350,"height":200,"srcset":"https:\/\/i0.wp.com\/pohjanmaantehtaanmyymala.fi\/wp-content\/uploads\/2023\/12\/Kaura_tv-taso_greige.jpg?fit=960%2C960&ssl=1&resize=350%2C200 1x, https:\/\/i0.wp.com\/pohjanmaantehtaanmyymala.fi\/wp-content\/uploads\/2023\/12\/Kaura_tv-taso_greige.jpg?fit=960%2C960&ssl=1&resize=525%2C300 1.5x, https:\/\/i0.wp.com\/pohjanmaantehtaanmyymala.fi\/wp-content\/uploads\/2023\/12\/Kaura_tv-taso_greige.jpg?fit=960%2C960&ssl=1&resize=700%2C400 2x"},"classes":[]},{"id":24546,"url":"https:\/\/pohjanmaantehtaanmyymala.fi\/sv\/tuote\/kaura-iso-tv-taso-ovilla-ja-laatikoilla-200-cm\/","url_meta":{"origin":24726,"position":2},"title":"Kaura iso TV-taso ovilla ja laatikoilla 200 cm","author":"Sami Viitala","date":"december 12, 2023","format":false,"excerpt":"Kauniin greigen v\u00e4rinen leve\u00e4 TV-taso.","rel":"","context":"Liknande produkt","block_context":{"text":"Liknande produkt","link":""},"img":{"alt_text":"Hiipakan Kaura 200 cm leve\u00e4 TV-taso laatikolla ja ovilla greigen v\u00e4rinen","src":"https:\/\/i0.wp.com\/pohjanmaantehtaanmyymala.fi\/wp-content\/uploads\/2023\/12\/Hiipakka_Kaura_tv-taso_200.jpg?fit=960%2C960&ssl=1&resize=350%2C200","width":350,"height":200,"srcset":"https:\/\/i0.wp.com\/pohjanmaantehtaanmyymala.fi\/wp-content\/uploads\/2023\/12\/Hiipakka_Kaura_tv-taso_200.jpg?fit=960%2C960&ssl=1&resize=350%2C200 1x, https:\/\/i0.wp.com\/pohjanmaantehtaanmyymala.fi\/wp-content\/uploads\/2023\/12\/Hiipakka_Kaura_tv-taso_200.jpg?fit=960%2C960&ssl=1&resize=525%2C300 1.5x, https:\/\/i0.wp.com\/pohjanmaantehtaanmyymala.fi\/wp-content\/uploads\/2023\/12\/Hiipakka_Kaura_tv-taso_200.jpg?fit=960%2C960&ssl=1&resize=700%2C400 2x"},"classes":[]},{"id":26141,"url":"https:\/\/pohjanmaantehtaanmyymala.fi\/sv\/tuote\/kaura-senkki-ovilla-150cm\/","url_meta":{"origin":24726,"position":3},"title":"Kaura Senkki ovilla 150cm","author":"Miro Nevala","date":"mars 20, 2024","format":false,"excerpt":"Greigen v\u00e4rinen uritetuilla etusarjoilla varustettu Senkki.","rel":"","context":"Liknande produkt","block_context":{"text":"Liknande produkt","link":""},"img":{"alt_text":"Kaura Senkki 3 ovella 150cm leve\u00e4","src":"https:\/\/i0.wp.com\/pohjanmaantehtaanmyymala.fi\/wp-content\/uploads\/2024\/03\/Kaura-Senkki-ovilla-150cm.jpg?fit=960%2C960&ssl=1&resize=350%2C200","width":350,"height":200,"srcset":"https:\/\/i0.wp.com\/pohjanmaantehtaanmyymala.fi\/wp-content\/uploads\/2024\/03\/Kaura-Senkki-ovilla-150cm.jpg?fit=960%2C960&ssl=1&resize=350%2C200 1x, https:\/\/i0.wp.com\/pohjanmaantehtaanmyymala.fi\/wp-content\/uploads\/2024\/03\/Kaura-Senkki-ovilla-150cm.jpg?fit=960%2C960&ssl=1&resize=525%2C300 1.5x, https:\/\/i0.wp.com\/pohjanmaantehtaanmyymala.fi\/wp-content\/uploads\/2024\/03\/Kaura-Senkki-ovilla-150cm.jpg?fit=960%2C960&ssl=1&resize=700%2C400 2x"},"classes":[]},{"id":26145,"url":"https:\/\/pohjanmaantehtaanmyymala.fi\/sv\/tuote\/kaura-senkki-ovilla-200cm\/","url_meta":{"origin":24726,"position":4},"title":"Kaura Senkki ovilla 200cm","author":"Miro Nevala","date":"mars 4, 2024","format":false,"excerpt":"Greigen v\u00e4rinen uritetuilla etusarjoilla varustettu Senkki.","rel":"","context":"Liknande produkt","block_context":{"text":"Liknande produkt","link":""},"img":{"alt_text":"Kaura Senkki 4 ovella 200cm leve\u00e4","src":"https:\/\/i0.wp.com\/pohjanmaantehtaanmyymala.fi\/wp-content\/uploads\/2024\/03\/Kaura-senkki-200cm.jpg?fit=960%2C960&ssl=1&resize=350%2C200","width":350,"height":200,"srcset":"https:\/\/i0.wp.com\/pohjanmaantehtaanmyymala.fi\/wp-content\/uploads\/2024\/03\/Kaura-senkki-200cm.jpg?fit=960%2C960&ssl=1&resize=350%2C200 1x, https:\/\/i0.wp.com\/pohjanmaantehtaanmyymala.fi\/wp-content\/uploads\/2024\/03\/Kaura-senkki-200cm.jpg?fit=960%2C960&ssl=1&resize=525%2C300 1.5x, https:\/\/i0.wp.com\/pohjanmaantehtaanmyymala.fi\/wp-content\/uploads\/2024\/03\/Kaura-senkki-200cm.jpg?fit=960%2C960&ssl=1&resize=700%2C400 2x"},"classes":[]},{"id":24509,"url":"https:\/\/pohjanmaantehtaanmyymala.fi\/sv\/tuote\/kaura-senkki-ovilla-ja-laatikoilla\/","url_meta":{"origin":24726,"position":5},"title":"Kaura senkki ovilla ja laatikoilla","author":"Sami Viitala","date":"december 9, 2023","format":false,"excerpt":"Tyylikk\u00e4\u00e4n v\u00e4rinen uritetuilla etusarjoilla varustettu Kaura-senkki","rel":"","context":"Liknande produkt","block_context":{"text":"Liknande produkt","link":""},"img":{"alt_text":"Hiipakan Kaura senkki laatikolla ja ovilla greigen v\u00e4rinen","src":"https:\/\/i0.wp.com\/pohjanmaantehtaanmyymala.fi\/wp-content\/uploads\/2023\/12\/Hiipakka_Kaura_senkki.jpg?fit=960%2C960&ssl=1&resize=350%2C200","width":350,"height":200,"srcset":"https:\/\/i0.wp.com\/pohjanmaantehtaanmyymala.fi\/wp-content\/uploads\/2023\/12\/Hiipakka_Kaura_senkki.jpg?fit=960%2C960&ssl=1&resize=350%2C200 1x, https:\/\/i0.wp.com\/pohjanmaantehtaanmyymala.fi\/wp-content\/uploads\/2023\/12\/Hiipakka_Kaura_senkki.jpg?fit=960%2C960&ssl=1&resize=525%2C300 1.5x, https:\/\/i0.wp.com\/pohjanmaantehtaanmyymala.fi\/wp-content\/uploads\/2023\/12\/Hiipakka_Kaura_senkki.jpg?fit=960%2C960&ssl=1&resize=700%2C400 2x"},"classes":[]}],"_links":{"self":[{"href":"https:\/\/pohjanmaantehtaanmyymala.fi\/sv\/wp-json\/wp\/v2\/product\/24726","targetHints":{"allow":["GET"]}}],"collection":[{"href":"https:\/\/pohjanmaantehtaanmyymala.fi\/sv\/wp-json\/wp\/v2\/product"}],"about":[{"href":"https:\/\/pohjanmaantehtaanmyymala.fi\/sv\/wp-json\/wp\/v2\/types\/product"}],"replies":[{"embeddable":true,"href":"https:\/\/pohjanmaantehtaanmyymala.fi\/sv\/wp-json\/wp\/v2\/comments?post=24726"}],"wp:featuredmedia":[{"embeddable":true,"href":"https:\/\/pohjanmaantehtaanmyymala.fi\/sv\/wp-json\/wp\/v2\/media\/24553"}],"wp:attachment":[{"href":"https:\/\/pohjanmaantehtaanmyymala.fi\/sv\/wp-json\/wp\/v2\/media?parent=24726"}],"wp:term":[{"taxonomy":"product_brand","embeddable":true,"href":"https:\/\/pohjanmaantehtaanmyymala.fi\/sv\/wp-json\/wp\/v2\/product_brand?post=24726"},{"taxonomy":"product_cat","embeddable":true,"href":"https:\/\/pohjanmaantehtaanmyymala.fi\/sv\/wp-json\/wp\/v2\/product_cat?post=24726"},{"taxonomy":"product_tag","embeddable":true,"href":"https:\/\/pohjanmaantehtaanmyymala.fi\/sv\/wp-json\/wp\/v2\/product_tag?post=24726"}],"curies":[{"name":"wp","href":"https:\/\/api.w.org\/{rel}","templated":true}]}}