{"id":24709,"date":"2024-01-30T14:30:37","date_gmt":"2024-01-30T12:30:37","guid":{"rendered":"https:\/\/pohjanmaantehtaanmyymala.fi\/?post_type=product&#038;p=24709"},"modified":"2026-01-27T00:18:41","modified_gmt":"2026-01-26T22:18:41","slug":"eden-3-jenkkisanky-160x200-petauspatjalla","status":"publish","type":"product","link":"https:\/\/pohjanmaantehtaanmyymala.fi\/sv\/tuote\/eden-3-jenkkisanky-160x200-petauspatjalla\/","title":{"rendered":"EDEN 3 jenkkis\u00e4nky 160&#215;200 cm petauspatjalla"},"content":{"rendered":"<p>Eden 3-jenkkis\u00e4nky on edullinen kotimainen s\u00e4nkyvaihtoehto.<\/p>\n<p>Eden 3-s\u00e4ngyn t\u00e4ysleve\u00e4ss\u00e4 v\u00e4lipatjassa on korkea pussijousitus, jonka j\u00e4ykkydeksi voit valita joko medium tai hard j\u00e4ykkyyden nukkujan mieltymyksen mukaan. S\u00e4nkyyn voi valita my\u00f6s toiselle k\u00e4ytt\u00e4j\u00e4lle medium- ja toiselle hard-kovuuden.<br \/>\nPussijousitetussa patjassa jokainen jousi on omassa pussissaan toimien t\u00e4ysin riippumatta toisistaan, t\u00e4m\u00e4n ansiosta patja my\u00f6t\u00e4ilee todella hyvin nukkujan vartaloa.<\/p>\n<p>Jenkkis\u00e4nky on viimeistelty laadukkaalla Comfort-petauspatjalla, jonka t\u00e4ytteen\u00e4 on profiloitu stylex-vaahtomuovi. Petauspatjassa on miellytt\u00e4v\u00e4 joustokangasp\u00e4\u00e4llinen, joka on irrotettavissa ja pest\u00e4viss\u00e4.<\/p>\n<p>Voit valita s\u00e4nkysi verhoiluv\u00e4riksi tuotekuvassa olevan antrasiitin sek\u00e4 vaihtoehtoisesti hiekan tai graniitin.<\/p>\n<p>Toimitetaan kuvissa n\u00e4kyv\u00e4n Ryoal tammijalkojen kanssa.<\/p>\n<p>Eden s\u00e4nkymallisto on suunniteltu yhteisty\u00f6ss\u00e4 allergia-, iho- ja astmaliiton kanssa, jolloin voit olla varma, ett\u00e4 s\u00e4ngyss\u00e4 k\u00e4ytetyt materiaalit ovat ensiluokkaisia ja turvallisia.<\/p>\n<p>Lis\u00e4tietoja ja muita vaihtoehtoja, <a href=\"https:\/\/pohjanmaantehtaanmyymala.fi\/yhteys\/\" target=\"_blank\" rel=\"noopener\">kysy myynist\u00e4mme!<\/a><\/p>\n<h3><strong>Tuotetiedot:<\/strong><\/h3>\n<p>Eden-comfort pussijousitus. 250 jousta\/m2.<br \/>\nTakuu: Katkeamattomuustakuu jousille ja puurungolle 20-vuotta.<br \/>\nVerhoilu: Laminoitu huonekalukangas, kolme eri v\u00e4ri\u00e4; Antrasiitti, Hiekka ja Graniitti.<br \/>\nPetauspatja: Profiloitu 50 mm:n paksu stylex-erikoisvaahtomuovi.<br \/>\nPetauspatjan p\u00e4\u00e4llinen: Joustokangasta, joka kest\u00e4\u00e4 60 \u00b0C\u00a0 vesipesun.<br \/>\nJalat: Ryoal- massiivitammea, korkeus 14 cm. V\u00e4rivaihtoehdot; tammi, wenge tai valkolakattutammi.<br \/>\nToimitussis\u00e4lt\u00f6; v\u00e4lipatja on rullalla muoviin pakattuna, patjan p\u00e4\u00e4llinen on asennattava itse. Alarungot ovat pahviin ja muoviin pakattuna.<\/p>\n","protected":false},"excerpt":{"rendered":"<p>Laadukas jenkkis\u00e4nky kahdella eri j\u00e4ykkyydell\u00e4.<\/p>\n","protected":false},"featured_media":27834,"comment_status":"closed","ping_status":"closed","template":"","meta":{"_acf_changed":false,"jetpack_post_was_ever_published":false,"jetpack_publicize_message":"","jetpack_publicize_feature_enabled":true,"jetpack_social_post_already_shared":true,"jetpack_social_options":{"image_generator_settings":{"template":"highway","default_image_id":0,"font":"","enabled":false},"version":2}},"product_brand":[203],"product_cat":[212,198,316],"product_tag":[],"class_list":{"0":"post-24709","1":"product","2":"type-product","3":"status-publish","4":"has-post-thumbnail","6":"product_brand-hilding","7":"product_cat-ajankohtaiset","8":"product_cat-patjat-ja-sangyt","9":"product_cat-jenkkisanky","10":"product_shipping_class-161","11":"pa_malli-hard","12":"pa_malli-hard-medium","13":"pa_malli-medium","14":"pa_vari-antrasiitti","15":"pa_vari-graniitti","16":"pa_vari-hiekka","18":"first","19":"instock","20":"purchasable","21":"product-type-variable","22":"has-default-attributes"},"acf":[],"jetpack_publicize_connections":[],"jetpack_sharing_enabled":true,"jetpack-related-posts":[{"id":24732,"url":"https:\/\/pohjanmaantehtaanmyymala.fi\/sv\/tuote\/eden-3-jenkkisankypaketti-160x200-cm-paadylla-ja-petauspatjalla\/","url_meta":{"origin":24709,"position":0},"title":"EDEN 3 jenkkis\u00e4nkypaketti 160&#215;200 cm p\u00e4\u00e4dyll\u00e4 ja petauspatjalla","author":"Sami Viitala","date":"januari 30, 2024","format":false,"excerpt":"Laadukas jenkkis\u00e4nky kahdella eri j\u00e4ykkyydell\u00e4.","rel":"","context":"Liknande produkt","block_context":{"text":"Liknande produkt","link":""},"img":{"alt_text":"Eden kolme jenkkis\u00e4nky 160 cm leve\u00e4 Comfort-p\u00e4\u00e4dyll\u00e4 v\u00e4ri antrasiitti","src":"https:\/\/i0.wp.com\/pohjanmaantehtaanmyymala.fi\/wp-content\/uploads\/2024\/01\/Eden3jenkkitppaaty-web.jpg?fit=960%2C960&ssl=1&resize=350%2C200","width":350,"height":200,"srcset":"https:\/\/i0.wp.com\/pohjanmaantehtaanmyymala.fi\/wp-content\/uploads\/2024\/01\/Eden3jenkkitppaaty-web.jpg?fit=960%2C960&ssl=1&resize=350%2C200 1x, https:\/\/i0.wp.com\/pohjanmaantehtaanmyymala.fi\/wp-content\/uploads\/2024\/01\/Eden3jenkkitppaaty-web.jpg?fit=960%2C960&ssl=1&resize=525%2C300 1.5x, https:\/\/i0.wp.com\/pohjanmaantehtaanmyymala.fi\/wp-content\/uploads\/2024\/01\/Eden3jenkkitppaaty-web.jpg?fit=960%2C960&ssl=1&resize=700%2C400 2x"},"classes":[]},{"id":17605,"url":"https:\/\/pohjanmaantehtaanmyymala.fi\/sv\/tuote\/eden-9-jenkkisanky-160x200-cm\/","url_meta":{"origin":24709,"position":1},"title":"EDEN 9 -jenkkis\u00e4nky 160&#215;200 cm petauspatjalla","author":"Sami Viitala","date":"augusti 17, 2021","format":false,"excerpt":"Kotimainen N\u00e4rpi\u00f6ss\u00e4 valmistettu luxus-jenkkis\u00e4nkypaketti. Valitse malli\/v\u00e4ri alta!","rel":"","context":"Liknande produkt","block_context":{"text":"Liknande produkt","link":""},"img":{"alt_text":"Eden 9 jenkkis\u00e4nky okran v\u00e4rinen","src":"https:\/\/i0.wp.com\/pohjanmaantehtaanmyymala.fi\/wp-content\/uploads\/2021\/08\/EDEN-9-jenkki-tupla-okra.jpg?fit=960%2C960&ssl=1&resize=350%2C200","width":350,"height":200,"srcset":"https:\/\/i0.wp.com\/pohjanmaantehtaanmyymala.fi\/wp-content\/uploads\/2021\/08\/EDEN-9-jenkki-tupla-okra.jpg?fit=960%2C960&ssl=1&resize=350%2C200 1x, https:\/\/i0.wp.com\/pohjanmaantehtaanmyymala.fi\/wp-content\/uploads\/2021\/08\/EDEN-9-jenkki-tupla-okra.jpg?fit=960%2C960&ssl=1&resize=525%2C300 1.5x, https:\/\/i0.wp.com\/pohjanmaantehtaanmyymala.fi\/wp-content\/uploads\/2021\/08\/EDEN-9-jenkki-tupla-okra.jpg?fit=960%2C960&ssl=1&resize=700%2C400 2x"},"classes":[]},{"id":17688,"url":"https:\/\/pohjanmaantehtaanmyymala.fi\/sv\/tuote\/eden-6-jenkkisanky-180x200-cm-petauspatjalla\/","url_meta":{"origin":24709,"position":2},"title":"EDEN 6 -jenkkis\u00e4nky 180&#215;200 cm petauspatjalla","author":"Sami Viitala","date":"augusti 19, 2021","format":false,"excerpt":"Kotimainen N\u00e4rpi\u00f6ss\u00e4 valmistettu luxus-jenkkis\u00e4nkypaketti. Valitse malli\/v\u00e4ri alta!","rel":"","context":"Liknande produkt","block_context":{"text":"Liknande produkt","link":""},"img":{"alt_text":"Eden kuusi jenkkis\u00e4nky 180 cm leve\u00e4 v\u00e4ri hiekka","src":"https:\/\/i0.wp.com\/pohjanmaantehtaanmyymala.fi\/wp-content\/uploads\/2021\/08\/Eden6_jenkki_180.jpg?fit=1000%2C1000&ssl=1&resize=350%2C200","width":350,"height":200,"srcset":"https:\/\/i0.wp.com\/pohjanmaantehtaanmyymala.fi\/wp-content\/uploads\/2021\/08\/Eden6_jenkki_180.jpg?fit=1000%2C1000&ssl=1&resize=350%2C200 1x, https:\/\/i0.wp.com\/pohjanmaantehtaanmyymala.fi\/wp-content\/uploads\/2021\/08\/Eden6_jenkki_180.jpg?fit=1000%2C1000&ssl=1&resize=525%2C300 1.5x, https:\/\/i0.wp.com\/pohjanmaantehtaanmyymala.fi\/wp-content\/uploads\/2021\/08\/Eden6_jenkki_180.jpg?fit=1000%2C1000&ssl=1&resize=700%2C400 2x"},"classes":[]},{"id":17665,"url":"https:\/\/pohjanmaantehtaanmyymala.fi\/sv\/tuote\/eden-6-jenkkisanky-160x200-cm\/","url_meta":{"origin":24709,"position":3},"title":"EDEN 6 -jenkkis\u00e4nky 160&#215;200 cm petauspatjalla","author":"Sami Viitala","date":"augusti 19, 2021","format":false,"excerpt":"Kotimainen N\u00e4rpi\u00f6ss\u00e4 valmistettu luxus-jenkkis\u00e4nkypaketti. Valitse malli\/v\u00e4ri alta!","rel":"","context":"Liknande produkt","block_context":{"text":"Liknande produkt","link":""},"img":{"alt_text":"Eden kuusi jenkkis\u00e4nky 160 cm leve\u00e4 v\u00e4ri hiekka","src":"https:\/\/i0.wp.com\/pohjanmaantehtaanmyymala.fi\/wp-content\/uploads\/2021\/08\/Eden6_jenkki_160.jpg?fit=1000%2C1000&ssl=1&resize=350%2C200","width":350,"height":200,"srcset":"https:\/\/i0.wp.com\/pohjanmaantehtaanmyymala.fi\/wp-content\/uploads\/2021\/08\/Eden6_jenkki_160.jpg?fit=1000%2C1000&ssl=1&resize=350%2C200 1x, https:\/\/i0.wp.com\/pohjanmaantehtaanmyymala.fi\/wp-content\/uploads\/2021\/08\/Eden6_jenkki_160.jpg?fit=1000%2C1000&ssl=1&resize=525%2C300 1.5x, https:\/\/i0.wp.com\/pohjanmaantehtaanmyymala.fi\/wp-content\/uploads\/2021\/08\/Eden6_jenkki_160.jpg?fit=1000%2C1000&ssl=1&resize=700%2C400 2x"},"classes":[]},{"id":27214,"url":"https:\/\/pohjanmaantehtaanmyymala.fi\/sv\/tuote\/eden-9-jenkkisanky-180x200-cm-petauspatjalla\/","url_meta":{"origin":24709,"position":4},"title":"EDEN 9 -jenkkis\u00e4nky 180&#215;200 cm petauspatjalla","author":"Sami Viitala","date":"september 30, 2024","format":false,"excerpt":"Kotimainen N\u00e4rpi\u00f6ss\u00e4 valmistettu luxus-jenkkis\u00e4nkypaketti. Valitse malli\/v\u00e4ri alta!","rel":"","context":"Liknande produkt","block_context":{"text":"Liknande produkt","link":""},"img":{"alt_text":"Eden 9 jenkkis\u00e4nky okran v\u00e4rinen 180 cm","src":"https:\/\/i0.wp.com\/pohjanmaantehtaanmyymala.fi\/wp-content\/uploads\/2024\/09\/EDEN-9-jenkki-180-okra.jpg?fit=960%2C960&ssl=1&resize=350%2C200","width":350,"height":200,"srcset":"https:\/\/i0.wp.com\/pohjanmaantehtaanmyymala.fi\/wp-content\/uploads\/2024\/09\/EDEN-9-jenkki-180-okra.jpg?fit=960%2C960&ssl=1&resize=350%2C200 1x, https:\/\/i0.wp.com\/pohjanmaantehtaanmyymala.fi\/wp-content\/uploads\/2024\/09\/EDEN-9-jenkki-180-okra.jpg?fit=960%2C960&ssl=1&resize=525%2C300 1.5x, https:\/\/i0.wp.com\/pohjanmaantehtaanmyymala.fi\/wp-content\/uploads\/2024\/09\/EDEN-9-jenkki-180-okra.jpg?fit=960%2C960&ssl=1&resize=700%2C400 2x"},"classes":[]},{"id":27236,"url":"https:\/\/pohjanmaantehtaanmyymala.fi\/sv\/tuote\/eden-9-jenkkisanky-kokonaisuus-160x200-cm-paadylla\/","url_meta":{"origin":24709,"position":5},"title":"EDEN 9 -jenkkis\u00e4nky kokonaisuus 160&#215;200 cm p\u00e4\u00e4dyll\u00e4","author":"Sami Viitala","date":"september 30, 2024","format":false,"excerpt":"Kotimainen N\u00e4rpi\u00f6ss\u00e4 valmistettu luxus-jenkkis\u00e4nkypaketti. Valitse malli\/v\u00e4ri alta!","rel":"","context":"Liknande produkt","block_context":{"text":"Liknande produkt","link":""},"img":{"alt_text":"Eden 9 jenkkis\u00e4nky p\u00e4\u00e4dyll\u00e4 okran v\u00e4rinen 160 cm leve\u00e4","src":"https:\/\/i0.wp.com\/pohjanmaantehtaanmyymala.fi\/wp-content\/uploads\/2024\/09\/EDEN-9-jenkki-tupla-paaty-180.jpg?fit=960%2C960&ssl=1&resize=350%2C200","width":350,"height":200,"srcset":"https:\/\/i0.wp.com\/pohjanmaantehtaanmyymala.fi\/wp-content\/uploads\/2024\/09\/EDEN-9-jenkki-tupla-paaty-180.jpg?fit=960%2C960&ssl=1&resize=350%2C200 1x, https:\/\/i0.wp.com\/pohjanmaantehtaanmyymala.fi\/wp-content\/uploads\/2024\/09\/EDEN-9-jenkki-tupla-paaty-180.jpg?fit=960%2C960&ssl=1&resize=525%2C300 1.5x, https:\/\/i0.wp.com\/pohjanmaantehtaanmyymala.fi\/wp-content\/uploads\/2024\/09\/EDEN-9-jenkki-tupla-paaty-180.jpg?fit=960%2C960&ssl=1&resize=700%2C400 2x"},"classes":[]}],"_links":{"self":[{"href":"https:\/\/pohjanmaantehtaanmyymala.fi\/sv\/wp-json\/wp\/v2\/product\/24709","targetHints":{"allow":["GET"]}}],"collection":[{"href":"https:\/\/pohjanmaantehtaanmyymala.fi\/sv\/wp-json\/wp\/v2\/product"}],"about":[{"href":"https:\/\/pohjanmaantehtaanmyymala.fi\/sv\/wp-json\/wp\/v2\/types\/product"}],"replies":[{"embeddable":true,"href":"https:\/\/pohjanmaantehtaanmyymala.fi\/sv\/wp-json\/wp\/v2\/comments?post=24709"}],"wp:featuredmedia":[{"embeddable":true,"href":"https:\/\/pohjanmaantehtaanmyymala.fi\/sv\/wp-json\/wp\/v2\/media\/27834"}],"wp:attachment":[{"href":"https:\/\/pohjanmaantehtaanmyymala.fi\/sv\/wp-json\/wp\/v2\/media?parent=24709"}],"wp:term":[{"taxonomy":"product_brand","embeddable":true,"href":"https:\/\/pohjanmaantehtaanmyymala.fi\/sv\/wp-json\/wp\/v2\/product_brand?post=24709"},{"taxonomy":"product_cat","embeddable":true,"href":"https:\/\/pohjanmaantehtaanmyymala.fi\/sv\/wp-json\/wp\/v2\/product_cat?post=24709"},{"taxonomy":"product_tag","embeddable":true,"href":"https:\/\/pohjanmaantehtaanmyymala.fi\/sv\/wp-json\/wp\/v2\/product_tag?post=24709"}],"curies":[{"name":"wp","href":"https:\/\/api.w.org\/{rel}","templated":true}]}}