{"id":24677,"date":"2024-01-29T15:41:11","date_gmt":"2024-01-29T13:41:11","guid":{"rendered":"https:\/\/pohjanmaantehtaanmyymala.fi\/?post_type=product&#038;p=24677"},"modified":"2025-07-11T14:24:17","modified_gmt":"2025-07-11T12:24:17","slug":"uniikki-ds-premium-moottorisanky-160x200-cm-petauspatjalla","status":"publish","type":"product","link":"https:\/\/pohjanmaantehtaanmyymala.fi\/sv\/tuote\/uniikki-ds-premium-moottorisanky-160x200-cm-petauspatjalla\/","title":{"rendered":"Uniikki DS-premium moottoris\u00e4nky 160&#215;200 cm petauspatjalla"},"content":{"rendered":"<div class=\"std descr1\">Vy\u00f6hykejousitettu s\u00e4\u00e4t\u00f6s\u00e4nkykokonaisuus perhospetauspatjalla 160 cm leve\u00e4n\u00e4.<\/div>\n<div><\/div>\n<div class=\"std descr2 descr2-after-descr1\">Uniikki DS-premium moottoris\u00e4nky 160 cm leve\u00e4n\u00e4 on t\u00e4ydellinen valinta kun etsinn\u00e4ss\u00e4 on tavallista leve\u00e4mpi s\u00e4\u00e4t\u00f6s\u00e4nky kahdelle henkil\u00f6lle. S\u00e4nkykokonaisuus koostuu kahdesta 80 cm leve\u00e4st\u00e4 moottoris\u00e4gyst\u00e4, joissa on molemmissa omat s\u00e4\u00e4d\u00f6t. S\u00e4ngyn langattoman kaukos\u00e4\u00e4timen avulla voit portaattomasti s\u00e4\u00e4t\u00e4\u00e4 s\u00e4ngyn jalko- ja p\u00e4\u00e4p\u00e4\u00e4ty\u00e4, yhdess\u00e4 tai erikseen!<br \/>\nPremium moottoris\u00e4ngyn patjassa on ergonominen 5-vy\u00f6hykkeinen pussijousitus, jonka kolmesta eri j\u00e4ykkyysvaihtoehdosta voit valita itsellesi sopivan kovuuden. S\u00e4ngyn viimeistelee paksu ja j\u00e4m\u00e4kk\u00e4 Erx-erikoisvaahtomuovi t\u00e4ytteinen perhosmallinen sijauspatja.<\/div>\n<div class=\"std descr2 descr2-after-descr1\">Uniikki premium moottoris\u00e4nky on verhoiltu kauttaaltaan kauniilla Fame-kankaalla. Jalat ovat aitoa tammea!<\/div>\n<div><\/div>\n<div class=\"std descr2 descr2-after-descr1\">Painosuositukset:<br \/>\nSoft: alle 75 kg<br \/>\nMedium: 70-95 kg<br \/>\nHard: yli 80 kg<\/div>\n<p>Voit kysy\u00e4 lis\u00e4tietoja esimerkiksi asennuksesta ja kuljetuksesta sek\u00e4 muista s\u00e4\u00e4t\u00f6s\u00e4nkyvaihtoehdoista <a href=\"https:\/\/pohjanmaantehtaanmyymala.fi\/yhteys\/\">myynnist\u00e4mme.<\/a><\/p>\n<h3>Tuotetiedot:<\/h3>\n<p>Jousitus: vy\u00f6hykkeellinen pussijousitus<br \/>\nSijaustapatja: Perhospetauspatja, sisus ERX-profiloitu vaahtomuovi, p\u00e4\u00e4llinen hengitt\u00e4v\u00e4 joustokangas.<br \/>\nJalat: Massiivitammea, korkeus 20 cm<br \/>\nMoottori: Saksalainen Okinin moottori, takuu 5-vuotta<br \/>\nPainorajoitus: 125 kg<br \/>\nToimitetaan jalat irrallaan<\/p>\n","protected":false},"excerpt":{"rendered":"<p>T\u00e4st\u00e4 laadukas moottoris\u00e4nkypaketti huippuedullisesti!<\/p>\n","protected":false},"featured_media":24678,"comment_status":"closed","ping_status":"closed","template":"","meta":{"_acf_changed":false,"jetpack_post_was_ever_published":false,"jetpack_publicize_message":"","jetpack_publicize_feature_enabled":true,"jetpack_social_post_already_shared":true,"jetpack_social_options":{"image_generator_settings":{"template":"highway","default_image_id":0,"font":"","enabled":false},"version":2}},"product_brand":[206],"product_cat":[198],"product_tag":[],"class_list":{"0":"post-24677","1":"product","2":"type-product","3":"status-publish","4":"has-post-thumbnail","6":"product_brand-furnico","7":"product_cat-patjat-ja-sangyt","8":"product_shipping_class-161","10":"first","11":"instock","12":"sale","13":"purchasable","14":"product-type-simple"},"acf":[],"jetpack_publicize_connections":[],"jetpack_sharing_enabled":true,"jetpack-related-posts":[{"id":24627,"url":"https:\/\/pohjanmaantehtaanmyymala.fi\/sv\/tuote\/uniikki-ds-premium-moottorisanky-80x200-cm-petauspatjalla\/","url_meta":{"origin":24677,"position":0},"title":"Uniikki DS-premium moottoris\u00e4nky 80&#215;200 cm petauspatjalla","author":"Sami Viitala","date":"januari 12, 2024","format":false,"excerpt":"T\u00e4st\u00e4 tyylik\u00e4s moottoris\u00e4nkypaketti huippuedullisesti!","rel":"","context":"Liknande produkt","block_context":{"text":"Liknande produkt","link":""},"img":{"alt_text":"Uniikki Premium moottoris\u00e4nky 80x200 harmaa","src":"https:\/\/i0.wp.com\/pohjanmaantehtaanmyymala.fi\/wp-content\/uploads\/2024\/01\/Uniikki-Ds-premium-moottorisanky-80x200-1.jpg?fit=960%2C960&ssl=1&resize=350%2C200","width":350,"height":200,"srcset":"https:\/\/i0.wp.com\/pohjanmaantehtaanmyymala.fi\/wp-content\/uploads\/2024\/01\/Uniikki-Ds-premium-moottorisanky-80x200-1.jpg?fit=960%2C960&ssl=1&resize=350%2C200 1x, https:\/\/i0.wp.com\/pohjanmaantehtaanmyymala.fi\/wp-content\/uploads\/2024\/01\/Uniikki-Ds-premium-moottorisanky-80x200-1.jpg?fit=960%2C960&ssl=1&resize=525%2C300 1.5x, https:\/\/i0.wp.com\/pohjanmaantehtaanmyymala.fi\/wp-content\/uploads\/2024\/01\/Uniikki-Ds-premium-moottorisanky-80x200-1.jpg?fit=960%2C960&ssl=1&resize=700%2C400 2x"},"classes":[]},{"id":27926,"url":"https:\/\/pohjanmaantehtaanmyymala.fi\/sv\/tuote\/eden-6-moottorisanky-80x200-cm-petauspatjalla\/","url_meta":{"origin":24677,"position":1},"title":"EDEN 6 moottoris\u00e4nky 80&#215;200 cm petauspatjalla","author":"Sami Viitala","date":"november 27, 2024","format":false,"excerpt":"Laadukkaasta 5-vy\u00f6hykkeisest\u00e4 s\u00e4\u00e4t\u00f6s\u00e4ngyst\u00e4 on valittavana kolme eri v\u00e4ri\u00e4 ja kaksi kovuutta.","rel":"","context":"Liknande produkt","block_context":{"text":"Liknande produkt","link":""},"img":{"alt_text":"Eden kuusi vy\u00f6hykejousitettu s\u00e4\u00e4t\u00f6s\u00e4nky leveys 80 cm","src":"https:\/\/i0.wp.com\/pohjanmaantehtaanmyymala.fi\/wp-content\/uploads\/2024\/11\/Eden6_Mosa_80.jpg?fit=1000%2C1000&ssl=1&resize=350%2C200","width":350,"height":200,"srcset":"https:\/\/i0.wp.com\/pohjanmaantehtaanmyymala.fi\/wp-content\/uploads\/2024\/11\/Eden6_Mosa_80.jpg?fit=1000%2C1000&ssl=1&resize=350%2C200 1x, https:\/\/i0.wp.com\/pohjanmaantehtaanmyymala.fi\/wp-content\/uploads\/2024\/11\/Eden6_Mosa_80.jpg?fit=1000%2C1000&ssl=1&resize=525%2C300 1.5x, https:\/\/i0.wp.com\/pohjanmaantehtaanmyymala.fi\/wp-content\/uploads\/2024\/11\/Eden6_Mosa_80.jpg?fit=1000%2C1000&ssl=1&resize=700%2C400 2x"},"classes":[]},{"id":27911,"url":"https:\/\/pohjanmaantehtaanmyymala.fi\/sv\/tuote\/eden-6-moottorisanky-90x200-cm-petauspatjalla\/","url_meta":{"origin":24677,"position":2},"title":"EDEN 6 -moottoris\u00e4nky 90&#215;200 cm petauspatjalla","author":"Sami Viitala","date":"november 27, 2024","format":false,"excerpt":"Laadukkaasta 5-vy\u00f6hykkeisest\u00e4 s\u00e4\u00e4t\u00f6s\u00e4ngyst\u00e4 on valittavana kolme eri v\u00e4ri\u00e4 ja kaksi kovuutta.","rel":"","context":"Liknande produkt","block_context":{"text":"Liknande produkt","link":""},"img":{"alt_text":"Eden kuusi vy\u00f6hykejousitettu s\u00e4\u00e4t\u00f6s\u00e4nky leveys 90 cm","src":"https:\/\/i0.wp.com\/pohjanmaantehtaanmyymala.fi\/wp-content\/uploads\/2024\/11\/Eden6_Mosa_90.jpg?fit=1000%2C1000&ssl=1&resize=350%2C200","width":350,"height":200,"srcset":"https:\/\/i0.wp.com\/pohjanmaantehtaanmyymala.fi\/wp-content\/uploads\/2024\/11\/Eden6_Mosa_90.jpg?fit=1000%2C1000&ssl=1&resize=350%2C200 1x, https:\/\/i0.wp.com\/pohjanmaantehtaanmyymala.fi\/wp-content\/uploads\/2024\/11\/Eden6_Mosa_90.jpg?fit=1000%2C1000&ssl=1&resize=525%2C300 1.5x, https:\/\/i0.wp.com\/pohjanmaantehtaanmyymala.fi\/wp-content\/uploads\/2024\/11\/Eden6_Mosa_90.jpg?fit=1000%2C1000&ssl=1&resize=700%2C400 2x"},"classes":[]},{"id":27309,"url":"https:\/\/pohjanmaantehtaanmyymala.fi\/sv\/tuote\/eden-9-moottorisankypaketti-paadylla-180x200-cm\/","url_meta":{"origin":24677,"position":3},"title":"EDEN 9 moottoris\u00e4nkypaketti p\u00e4\u00e4dyll\u00e4 180&#215;200 cm","author":"Sami Viitala","date":"oktober 4, 2024","format":false,"excerpt":"Eden 9 on sarjansa laadukkain ja ylellisin moottoris\u00e4nky.","rel":"","context":"Liknande produkt","block_context":{"text":"Liknande produkt","link":""},"img":{"alt_text":"Eden 9 moottoris\u00e4nky paketti 160x200 cm p\u00e4\u00e4dyll\u00e4 Sammal v\u00e4rin\u00e4","src":"https:\/\/i0.wp.com\/pohjanmaantehtaanmyymala.fi\/wp-content\/uploads\/2024\/10\/EDEN-9-pari-mosa-paadylla.jpg?fit=960%2C960&ssl=1&resize=350%2C200","width":350,"height":200,"srcset":"https:\/\/i0.wp.com\/pohjanmaantehtaanmyymala.fi\/wp-content\/uploads\/2024\/10\/EDEN-9-pari-mosa-paadylla.jpg?fit=960%2C960&ssl=1&resize=350%2C200 1x, https:\/\/i0.wp.com\/pohjanmaantehtaanmyymala.fi\/wp-content\/uploads\/2024\/10\/EDEN-9-pari-mosa-paadylla.jpg?fit=960%2C960&ssl=1&resize=525%2C300 1.5x, https:\/\/i0.wp.com\/pohjanmaantehtaanmyymala.fi\/wp-content\/uploads\/2024\/10\/EDEN-9-pari-mosa-paadylla.jpg?fit=960%2C960&ssl=1&resize=700%2C400 2x"},"classes":[]},{"id":27359,"url":"https:\/\/pohjanmaantehtaanmyymala.fi\/sv\/tuote\/eden-9-moottorisankypaketti-180x200-cm\/","url_meta":{"origin":24677,"position":4},"title":"EDEN 9 moottoris\u00e4nkypaketti 180&#215;200 cm","author":"Sami Viitala","date":"oktober 11, 2024","format":false,"excerpt":"Laadukkas ja ylellinen mottoris\u00e4nkypaketti.","rel":"","context":"Liknande produkt","block_context":{"text":"Liknande produkt","link":""},"img":{"alt_text":"Eden 9 moottoris\u00e4nky pari leveys 180 cm sammal-verhoilulla ja split-petauspatjalla","src":"https:\/\/i0.wp.com\/pohjanmaantehtaanmyymala.fi\/wp-content\/uploads\/2024\/10\/EDEN-9-pari-mosa-180.jpg?fit=960%2C960&ssl=1&resize=350%2C200","width":350,"height":200,"srcset":"https:\/\/i0.wp.com\/pohjanmaantehtaanmyymala.fi\/wp-content\/uploads\/2024\/10\/EDEN-9-pari-mosa-180.jpg?fit=960%2C960&ssl=1&resize=350%2C200 1x, https:\/\/i0.wp.com\/pohjanmaantehtaanmyymala.fi\/wp-content\/uploads\/2024\/10\/EDEN-9-pari-mosa-180.jpg?fit=960%2C960&ssl=1&resize=525%2C300 1.5x, https:\/\/i0.wp.com\/pohjanmaantehtaanmyymala.fi\/wp-content\/uploads\/2024\/10\/EDEN-9-pari-mosa-180.jpg?fit=960%2C960&ssl=1&resize=700%2C400 2x"},"classes":[]},{"id":27379,"url":"https:\/\/pohjanmaantehtaanmyymala.fi\/sv\/tuote\/eden-9-moottorisanky-90x200-cm-petauspatjalla\/","url_meta":{"origin":24677,"position":5},"title":"EDEN 9 -moottoris\u00e4nky 90&#215;200 cm petauspatjalla","author":"Sami Viitala","date":"oktober 11, 2024","format":false,"excerpt":"Laadukkas ja ylellinen mottoris\u00e4nkypaketti.","rel":"","context":"Liknande produkt","block_context":{"text":"Liknande produkt","link":""},"img":{"alt_text":"Eden 9 moottoris\u00e4nky leveys 90 cm sammal-verhoilulla ja Premium-petauspatjalla.","src":"https:\/\/i0.wp.com\/pohjanmaantehtaanmyymala.fi\/wp-content\/uploads\/2024\/10\/EDEN-9-mosa-yksikko.jpg?fit=960%2C960&ssl=1&resize=350%2C200","width":350,"height":200,"srcset":"https:\/\/i0.wp.com\/pohjanmaantehtaanmyymala.fi\/wp-content\/uploads\/2024\/10\/EDEN-9-mosa-yksikko.jpg?fit=960%2C960&ssl=1&resize=350%2C200 1x, https:\/\/i0.wp.com\/pohjanmaantehtaanmyymala.fi\/wp-content\/uploads\/2024\/10\/EDEN-9-mosa-yksikko.jpg?fit=960%2C960&ssl=1&resize=525%2C300 1.5x, https:\/\/i0.wp.com\/pohjanmaantehtaanmyymala.fi\/wp-content\/uploads\/2024\/10\/EDEN-9-mosa-yksikko.jpg?fit=960%2C960&ssl=1&resize=700%2C400 2x"},"classes":[]}],"_links":{"self":[{"href":"https:\/\/pohjanmaantehtaanmyymala.fi\/sv\/wp-json\/wp\/v2\/product\/24677","targetHints":{"allow":["GET"]}}],"collection":[{"href":"https:\/\/pohjanmaantehtaanmyymala.fi\/sv\/wp-json\/wp\/v2\/product"}],"about":[{"href":"https:\/\/pohjanmaantehtaanmyymala.fi\/sv\/wp-json\/wp\/v2\/types\/product"}],"replies":[{"embeddable":true,"href":"https:\/\/pohjanmaantehtaanmyymala.fi\/sv\/wp-json\/wp\/v2\/comments?post=24677"}],"wp:featuredmedia":[{"embeddable":true,"href":"https:\/\/pohjanmaantehtaanmyymala.fi\/sv\/wp-json\/wp\/v2\/media\/24678"}],"wp:attachment":[{"href":"https:\/\/pohjanmaantehtaanmyymala.fi\/sv\/wp-json\/wp\/v2\/media?parent=24677"}],"wp:term":[{"taxonomy":"product_brand","embeddable":true,"href":"https:\/\/pohjanmaantehtaanmyymala.fi\/sv\/wp-json\/wp\/v2\/product_brand?post=24677"},{"taxonomy":"product_cat","embeddable":true,"href":"https:\/\/pohjanmaantehtaanmyymala.fi\/sv\/wp-json\/wp\/v2\/product_cat?post=24677"},{"taxonomy":"product_tag","embeddable":true,"href":"https:\/\/pohjanmaantehtaanmyymala.fi\/sv\/wp-json\/wp\/v2\/product_tag?post=24677"}],"curies":[{"name":"wp","href":"https:\/\/api.w.org\/{rel}","templated":true}]}}