{"id":24652,"date":"2024-01-29T13:18:47","date_gmt":"2024-01-29T11:18:47","guid":{"rendered":"https:\/\/pohjanmaantehtaanmyymala.fi\/?post_type=product&#038;p=24652"},"modified":"2025-07-11T14:24:27","modified_gmt":"2025-07-11T12:24:27","slug":"jelppi-porrasjakkara-useita-vareja","status":"publish","type":"product","link":"https:\/\/pohjanmaantehtaanmyymala.fi\/sv\/tuote\/jelppi-porrasjakkara-useita-vareja\/","title":{"rendered":"Jelppi porrasjakkara, useita v\u00e4rej\u00e4"},"content":{"rendered":"<p>Tukeva porrasjakkara, valmistettu massiivikoivusta. V\u00e4rit musta, valkea ja py\u00f6kki.<\/p>\n<p>Toimitetaan pahvipakkausessa kasaamattomana.<\/p>\n<p>Korkeus 62 cm, leveys 33 cm, syvyys 53 cm<\/p>\n","protected":false},"excerpt":{"rendered":"<p>Tukeva porrasjakkara, valmistettu massiivikoivusta. V\u00e4rit musta, valkea ja py\u00f6kki. Toimitetaan pahvipakkausessa kasaamattomana. Korkeus 62 cm, leveys 33 cm, syvyys 53 cm<\/p>\n","protected":false},"featured_media":24653,"comment_status":"closed","ping_status":"closed","template":"","meta":{"_acf_changed":false,"jetpack_post_was_ever_published":false,"jetpack_publicize_message":"","jetpack_publicize_feature_enabled":true,"jetpack_social_post_already_shared":true,"jetpack_social_options":{"image_generator_settings":{"template":"highway","default_image_id":0,"font":"","enabled":false},"version":2}},"product_brand":[],"product_cat":[194,124],"product_tag":[],"class_list":{"0":"post-24652","1":"product","2":"type-product","3":"status-publish","4":"has-post-thumbnail","6":"product_cat-ruokapoydat-ja-tuolit","7":"product_cat-muut-kalusteet","8":"pa_vari-musta","9":"pa_vari-pahkina","10":"pa_vari-pyokkipetsattu","11":"pa_vari-valkoinen","13":"first","14":"instock","15":"sale","16":"shipping-taxable","17":"purchasable","18":"product-type-variable","19":"has-default-attributes"},"acf":[],"jetpack_publicize_connections":[],"jetpack_sharing_enabled":true,"jetpack-related-posts":[{"id":25719,"url":"https:\/\/pohjanmaantehtaanmyymala.fi\/sv\/tuote\/aarne-porrasjakkara-poistotuote\/","url_meta":{"origin":24652,"position":0},"title":"Aarne-porrasjakkara POISTOTUOTE!","author":"Miro Nevala","date":"februari 19, 2024","format":false,"excerpt":"Elegantti ja tyylik\u00e4s porrasjakkara nyt POISTOHINTAAN!","rel":"","context":"Liknande produkt","block_context":{"text":"Liknande produkt","link":""},"img":{"alt_text":"Aarne porrasjakkara valkoinen","src":"https:\/\/i0.wp.com\/pohjanmaantehtaanmyymala.fi\/wp-content\/uploads\/2024\/02\/aarne_porrasjakkara_valkoinen.jpg?fit=960%2C960&ssl=1&resize=350%2C200","width":350,"height":200,"srcset":"https:\/\/i0.wp.com\/pohjanmaantehtaanmyymala.fi\/wp-content\/uploads\/2024\/02\/aarne_porrasjakkara_valkoinen.jpg?fit=960%2C960&ssl=1&resize=350%2C200 1x, https:\/\/i0.wp.com\/pohjanmaantehtaanmyymala.fi\/wp-content\/uploads\/2024\/02\/aarne_porrasjakkara_valkoinen.jpg?fit=960%2C960&ssl=1&resize=525%2C300 1.5x, https:\/\/i0.wp.com\/pohjanmaantehtaanmyymala.fi\/wp-content\/uploads\/2024\/02\/aarne_porrasjakkara_valkoinen.jpg?fit=960%2C960&ssl=1&resize=700%2C400 2x"},"classes":[]},{"id":25728,"url":"https:\/\/pohjanmaantehtaanmyymala.fi\/sv\/tuote\/classic-63-porrasjakkara-poistotuote\/","url_meta":{"origin":24652,"position":1},"title":"Classic 63-porrasjakkara","author":"Miro Nevala","date":"februari 19, 2024","format":false,"excerpt":"Elegantti ja ajaton porrasjakkara nyt POISTOHINTAAN!","rel":"","context":"Liknande produkt","block_context":{"text":"Liknande produkt","link":""},"img":{"alt_text":"Classic 63 porrasjakkara musta","src":"https:\/\/i0.wp.com\/pohjanmaantehtaanmyymala.fi\/wp-content\/uploads\/2024\/02\/Classic-63-porrasjakkara-musta-1-960dpi.jpg?fit=960%2C960&ssl=1&resize=350%2C200","width":350,"height":200,"srcset":"https:\/\/i0.wp.com\/pohjanmaantehtaanmyymala.fi\/wp-content\/uploads\/2024\/02\/Classic-63-porrasjakkara-musta-1-960dpi.jpg?fit=960%2C960&ssl=1&resize=350%2C200 1x, https:\/\/i0.wp.com\/pohjanmaantehtaanmyymala.fi\/wp-content\/uploads\/2024\/02\/Classic-63-porrasjakkara-musta-1-960dpi.jpg?fit=960%2C960&ssl=1&resize=525%2C300 1.5x, https:\/\/i0.wp.com\/pohjanmaantehtaanmyymala.fi\/wp-content\/uploads\/2024\/02\/Classic-63-porrasjakkara-musta-1-960dpi.jpg?fit=960%2C960&ssl=1&resize=700%2C400 2x"},"classes":[]},{"id":25704,"url":"https:\/\/pohjanmaantehtaanmyymala.fi\/sv\/tuote\/heikki-porrasjakkara-poistotuote\/","url_meta":{"origin":24652,"position":2},"title":"Heikki-porrasjakkara POISTOTUOTE!","author":"Miro Nevala","date":"februari 19, 2024","format":false,"excerpt":"Elegantti ja k\u00e4tev\u00e4 porrasjakkara nyt POISTOHINTAAN!","rel":"","context":"Liknande produkt","block_context":{"text":"Liknande produkt","link":""},"img":{"alt_text":"Heikki porrasjakkara valkoinen","src":"https:\/\/i0.wp.com\/pohjanmaantehtaanmyymala.fi\/wp-content\/uploads\/2024\/02\/Heikki-porrasjakkara-valkoinen-1-960dpi.jpg?fit=960%2C960&ssl=1&resize=350%2C200","width":350,"height":200,"srcset":"https:\/\/i0.wp.com\/pohjanmaantehtaanmyymala.fi\/wp-content\/uploads\/2024\/02\/Heikki-porrasjakkara-valkoinen-1-960dpi.jpg?fit=960%2C960&ssl=1&resize=350%2C200 1x, https:\/\/i0.wp.com\/pohjanmaantehtaanmyymala.fi\/wp-content\/uploads\/2024\/02\/Heikki-porrasjakkara-valkoinen-1-960dpi.jpg?fit=960%2C960&ssl=1&resize=525%2C300 1.5x, https:\/\/i0.wp.com\/pohjanmaantehtaanmyymala.fi\/wp-content\/uploads\/2024\/02\/Heikki-porrasjakkara-valkoinen-1-960dpi.jpg?fit=960%2C960&ssl=1&resize=700%2C400 2x"},"classes":[]},{"id":9508,"url":"https:\/\/pohjanmaantehtaanmyymala.fi\/sv\/tuote\/envy-niels-sohvaryhma-poydalla-ja-2lla-tuolilla-musta-harmaa\/","url_meta":{"origin":24652,"position":3},"title":"ENVY Niels \u2013 sohvaryhm\u00e4 musta\/harmaa","author":"petri","date":"september 14, 2019","format":false,"excerpt":"Siro alumiinirunkoinen musta sohvaryhm\u00e4, jossa on harmaat pehmusteet ja sohvap\u00f6yd\u00e4ss\u00e4 lasikansi. Verhoilu on vett\u00e4hylkiv\u00e4 ja UV-suojattu. Tuotetiedot: Sohvan leveys 179,4 cm, syvyys 76,7 cm, korkeus 75,5 cm Sohvan istuinleveys 164 cm Tuolin leveys 69,4 cm, syvyys 76,7 cm, korkeus 75,5 cm Tuolin istuinleveys 54 cm Istuinsyvyys 59 cm Istuinkorkeus 37\u2026","rel":"","context":"Liknande produkt","block_context":{"text":"Liknande produkt","link":""},"img":{"alt_text":"","src":"https:\/\/i0.wp.com\/pohjanmaantehtaanmyymala.fi\/wp-content\/uploads\/2019\/06\/47094-f.jpg?fit=960%2C960&ssl=1&resize=350%2C200","width":350,"height":200,"srcset":"https:\/\/i0.wp.com\/pohjanmaantehtaanmyymala.fi\/wp-content\/uploads\/2019\/06\/47094-f.jpg?fit=960%2C960&ssl=1&resize=350%2C200 1x, https:\/\/i0.wp.com\/pohjanmaantehtaanmyymala.fi\/wp-content\/uploads\/2019\/06\/47094-f.jpg?fit=960%2C960&ssl=1&resize=525%2C300 1.5x, https:\/\/i0.wp.com\/pohjanmaantehtaanmyymala.fi\/wp-content\/uploads\/2019\/06\/47094-f.jpg?fit=960%2C960&ssl=1&resize=700%2C400 2x"},"classes":[]},{"id":9391,"url":"https:\/\/pohjanmaantehtaanmyymala.fi\/sv\/tuote\/economy-sahkopoyta-140x80-cm\/","url_meta":{"origin":24652,"position":4},"title":"Classic single \u2013 s\u00e4hk\u00f6p\u00f6yt\u00e4 120&#215;80 cm","author":"petri","date":"september 14, 2019","format":false,"excerpt":"Ergonomian ammattilaiset suosittelevat korkeuss\u00e4\u00e4dett\u00e4v\u00e4\u00e4 ty\u00f6p\u00f6yt\u00e4\u00e4 toimistoty\u00f6h\u00f6n.","rel":"","context":"Liknande produkt","block_context":{"text":"Liknande produkt","link":""},"img":{"alt_text":"Toplux Classic Single s\u00e4\u00e4t\u00f6p\u00f6yt\u00e4 ja Trillo ty\u00f6tuoli milj\u00f6\u00f6kuvassa","src":"https:\/\/i0.wp.com\/pohjanmaantehtaanmyymala.fi\/wp-content\/uploads\/2019\/09\/Single-saatopoyta.jpg?fit=1000%2C1000&ssl=1&resize=350%2C200","width":350,"height":200,"srcset":"https:\/\/i0.wp.com\/pohjanmaantehtaanmyymala.fi\/wp-content\/uploads\/2019\/09\/Single-saatopoyta.jpg?fit=1000%2C1000&ssl=1&resize=350%2C200 1x, https:\/\/i0.wp.com\/pohjanmaantehtaanmyymala.fi\/wp-content\/uploads\/2019\/09\/Single-saatopoyta.jpg?fit=1000%2C1000&ssl=1&resize=525%2C300 1.5x, https:\/\/i0.wp.com\/pohjanmaantehtaanmyymala.fi\/wp-content\/uploads\/2019\/09\/Single-saatopoyta.jpg?fit=1000%2C1000&ssl=1&resize=700%2C400 2x"},"classes":[]},{"id":20255,"url":"https:\/\/pohjanmaantehtaanmyymala.fi\/sv\/tuote\/mori-sanky-koivua-eri-kokoja\/","url_meta":{"origin":24652,"position":5},"title":"Mori s\u00e4nky koivua, eri kokoja","author":"Sami Viitala","date":"mars 28, 2022","format":false,"excerpt":"Kotimainen p\u00e4\u00e4dyt\u00f6n koivus\u00e4nky. Valitse koko!","rel":"","context":"Liknande produkt","block_context":{"text":"Liknande produkt","link":""},"img":{"alt_text":"Kiteen Mori s\u00e4nky wenge","src":"https:\/\/i0.wp.com\/pohjanmaantehtaanmyymala.fi\/wp-content\/uploads\/2022\/03\/Mori_sanky_wenge-1.jpg?fit=960%2C960&ssl=1&resize=350%2C200","width":350,"height":200,"srcset":"https:\/\/i0.wp.com\/pohjanmaantehtaanmyymala.fi\/wp-content\/uploads\/2022\/03\/Mori_sanky_wenge-1.jpg?fit=960%2C960&ssl=1&resize=350%2C200 1x, https:\/\/i0.wp.com\/pohjanmaantehtaanmyymala.fi\/wp-content\/uploads\/2022\/03\/Mori_sanky_wenge-1.jpg?fit=960%2C960&ssl=1&resize=525%2C300 1.5x, https:\/\/i0.wp.com\/pohjanmaantehtaanmyymala.fi\/wp-content\/uploads\/2022\/03\/Mori_sanky_wenge-1.jpg?fit=960%2C960&ssl=1&resize=700%2C400 2x"},"classes":[]}],"_links":{"self":[{"href":"https:\/\/pohjanmaantehtaanmyymala.fi\/sv\/wp-json\/wp\/v2\/product\/24652","targetHints":{"allow":["GET"]}}],"collection":[{"href":"https:\/\/pohjanmaantehtaanmyymala.fi\/sv\/wp-json\/wp\/v2\/product"}],"about":[{"href":"https:\/\/pohjanmaantehtaanmyymala.fi\/sv\/wp-json\/wp\/v2\/types\/product"}],"replies":[{"embeddable":true,"href":"https:\/\/pohjanmaantehtaanmyymala.fi\/sv\/wp-json\/wp\/v2\/comments?post=24652"}],"wp:featuredmedia":[{"embeddable":true,"href":"https:\/\/pohjanmaantehtaanmyymala.fi\/sv\/wp-json\/wp\/v2\/media\/24653"}],"wp:attachment":[{"href":"https:\/\/pohjanmaantehtaanmyymala.fi\/sv\/wp-json\/wp\/v2\/media?parent=24652"}],"wp:term":[{"taxonomy":"product_brand","embeddable":true,"href":"https:\/\/pohjanmaantehtaanmyymala.fi\/sv\/wp-json\/wp\/v2\/product_brand?post=24652"},{"taxonomy":"product_cat","embeddable":true,"href":"https:\/\/pohjanmaantehtaanmyymala.fi\/sv\/wp-json\/wp\/v2\/product_cat?post=24652"},{"taxonomy":"product_tag","embeddable":true,"href":"https:\/\/pohjanmaantehtaanmyymala.fi\/sv\/wp-json\/wp\/v2\/product_tag?post=24652"}],"curies":[{"name":"wp","href":"https:\/\/api.w.org\/{rel}","templated":true}]}}