{"id":24603,"date":"2024-01-02T10:36:00","date_gmt":"2024-01-02T08:36:00","guid":{"rendered":"https:\/\/pohjanmaantehtaanmyymala.fi\/?post_type=product&#038;p=24603"},"modified":"2024-01-20T12:53:17","modified_gmt":"2024-01-20T10:53:17","slug":"stina-liukuovikomero-120x205x45-cm","status":"publish","type":"product","link":"https:\/\/pohjanmaantehtaanmyymala.fi\/sv\/tuote\/stina-liukuovikomero-120x205x45-cm\/","title":{"rendered":"Stina liukuovikomero 120x205x45 cm"},"content":{"rendered":"<p>Hiipakan valmistama kotimainen liukuovikomero on valmistettu 18mm valkoisesta kalustelevyst\u00e4.<br \/>\nIda komeron liukuovet kulkevat kest\u00e4vill\u00e4 ja hyvin toimivilla metallikiskoilla!<\/p>\n<p>Komerosta on saatavilla my\u00f6s 60 cm syv\u00e4 malli ja kaksi muuta leveytt\u00e4; 150 cm ja 180 cm. Kysy tietoa <a href=\"https:\/\/pohjanmaantehtaanmyymala.fi\/yhteys\/\" target=\"_blank\" rel=\"noopener\">myynnist\u00e4mme.<\/a><\/p>\n<p>Pelioven kaveriksi toisen oven v\u00e4riksi voit valita joko hopeajalavan ta valkoisen kalustelevyn.<\/p>\n<p>Komeroon on valittavissa 3 eri sisusvaihtoehtoa.<\/p>\n<p>Komerot toimitetaan tilauksien perusteella, toimitus aika on n. 2-3 viikkoa tilauksesta.<\/p>\n<p>Kysy my\u00f6s muita leveyksi\u00e4!<\/p>\n<p>Stina komero toimitetaan osina.<\/p>\n","protected":false},"excerpt":{"rendered":"<p>Kotimainen Stina liukuovikomero peili ja levyovella.<\/p>\n","protected":false},"featured_media":24607,"comment_status":"closed","ping_status":"closed","template":"","meta":{"_acf_changed":false,"jetpack_post_was_ever_published":false,"jetpack_publicize_message":"","jetpack_publicize_feature_enabled":true,"jetpack_social_post_already_shared":true,"jetpack_social_options":{"image_generator_settings":{"template":"highway","default_image_id":0,"font":"","enabled":false},"version":2}},"product_brand":[172],"product_cat":[196],"product_tag":[],"class_list":{"0":"post-24603","1":"product","2":"type-product","3":"status-publish","4":"has-post-thumbnail","6":"product_brand-hiipakka","7":"product_cat-sailytyskalusteet-ja-tv-tasot","8":"product_shipping_class-161","9":"pa_malli-peili-ja-valkoinen-ovi","10":"pa_malli-valkoisilla-ovilla","12":"first","13":"onbackorder","14":"sale","15":"purchasable","16":"product-type-simple"},"acf":[],"jetpack_publicize_connections":[],"jetpack_sharing_enabled":true,"jetpack-related-posts":[{"id":8890,"url":"https:\/\/pohjanmaantehtaanmyymala.fi\/sv\/tuote\/stina-varustelusetti-6\/","url_meta":{"origin":24603,"position":0},"title":"STINA -komeron varustelusetti 6, leve\u00e4t hyllyt","author":"petri","date":"september 14, 2019","format":false,"excerpt":"Varustelusetti nro. 6 sis\u00e4lt\u00e4\u00e4 komeron leve\u00e4t hyllylevyt leve\u00e4\u00e4n osaan vaatekaappia. Hyllypaketti sopii Ida ja Stina vaatekaappiin.","rel":"","context":"Liknande produkt","block_context":{"text":"Liknande produkt","link":""},"img":{"alt_text":"Ida Varustelutaso","src":"https:\/\/i0.wp.com\/pohjanmaantehtaanmyymala.fi\/wp-content\/uploads\/2019\/06\/Ida-Varustelutaso-6.jpg?fit=960%2C960&ssl=1&resize=350%2C200","width":350,"height":200,"srcset":"https:\/\/i0.wp.com\/pohjanmaantehtaanmyymala.fi\/wp-content\/uploads\/2019\/06\/Ida-Varustelutaso-6.jpg?fit=960%2C960&ssl=1&resize=350%2C200 1x, https:\/\/i0.wp.com\/pohjanmaantehtaanmyymala.fi\/wp-content\/uploads\/2019\/06\/Ida-Varustelutaso-6.jpg?fit=960%2C960&ssl=1&resize=525%2C300 1.5x, https:\/\/i0.wp.com\/pohjanmaantehtaanmyymala.fi\/wp-content\/uploads\/2019\/06\/Ida-Varustelutaso-6.jpg?fit=960%2C960&ssl=1&resize=700%2C400 2x"},"classes":[]},{"id":8878,"url":"https:\/\/pohjanmaantehtaanmyymala.fi\/sv\/tuote\/stina-varustelusetti-3\/","url_meta":{"origin":24603,"position":1},"title":"STINA -komeron varustelusetti 3, irtohylly ja lankakorit","author":"petri","date":"september 14, 2019","format":false,"excerpt":"Varustelusetti nro. 3 sis\u00e4lt\u00e4\u00e4 lankakorisetin ja irtohyllyn. T\u00e4m\u00e4 varustelu sopii Ida \/ Stina vaatekomeron kapeaan osaan.","rel":"","context":"Liknande produkt","block_context":{"text":"Liknande produkt","link":""},"img":{"alt_text":"Ida Varustelutaso","src":"https:\/\/i0.wp.com\/pohjanmaantehtaanmyymala.fi\/wp-content\/uploads\/2019\/06\/Ida-Varustelutaso-3.jpg?fit=960%2C960&ssl=1&resize=350%2C200","width":350,"height":200,"srcset":"https:\/\/i0.wp.com\/pohjanmaantehtaanmyymala.fi\/wp-content\/uploads\/2019\/06\/Ida-Varustelutaso-3.jpg?fit=960%2C960&ssl=1&resize=350%2C200 1x, https:\/\/i0.wp.com\/pohjanmaantehtaanmyymala.fi\/wp-content\/uploads\/2019\/06\/Ida-Varustelutaso-3.jpg?fit=960%2C960&ssl=1&resize=525%2C300 1.5x, https:\/\/i0.wp.com\/pohjanmaantehtaanmyymala.fi\/wp-content\/uploads\/2019\/06\/Ida-Varustelutaso-3.jpg?fit=960%2C960&ssl=1&resize=700%2C400 2x"},"classes":[]},{"id":9719,"url":"https:\/\/pohjanmaantehtaanmyymala.fi\/sv\/tuote\/stina-varustelusetti-1\/","url_meta":{"origin":24603,"position":2},"title":"STINA -komeron varustelusetti 1, irtohyllyt","author":"petri","date":"september 14, 2019","format":false,"excerpt":"Varustelusetti nro. 1 sis\u00e4lt\u00e4\u00e4 4kpl irtohyllyj\u00e4. T\u00e4m\u00e4 varustelu sopii Ida \/ Stina vaatekomeron kapeaan osaan.","rel":"","context":"Liknande produkt","block_context":{"text":"Liknande produkt","link":""},"img":{"alt_text":"","src":"https:\/\/i0.wp.com\/pohjanmaantehtaanmyymala.fi\/wp-content\/uploads\/2019\/06\/Ida-Varustelutaso-1.jpg?fit=960%2C960&ssl=1&resize=350%2C200","width":350,"height":200,"srcset":"https:\/\/i0.wp.com\/pohjanmaantehtaanmyymala.fi\/wp-content\/uploads\/2019\/06\/Ida-Varustelutaso-1.jpg?fit=960%2C960&ssl=1&resize=350%2C200 1x, https:\/\/i0.wp.com\/pohjanmaantehtaanmyymala.fi\/wp-content\/uploads\/2019\/06\/Ida-Varustelutaso-1.jpg?fit=960%2C960&ssl=1&resize=525%2C300 1.5x, https:\/\/i0.wp.com\/pohjanmaantehtaanmyymala.fi\/wp-content\/uploads\/2019\/06\/Ida-Varustelutaso-1.jpg?fit=960%2C960&ssl=1&resize=700%2C400 2x"},"classes":[]},{"id":9722,"url":"https:\/\/pohjanmaantehtaanmyymala.fi\/sv\/tuote\/stina-varustelusetti-2\/","url_meta":{"origin":24603,"position":3},"title":"STINA -komeron varustelusetti 2, henkaritanko valolla","author":"petri","date":"september 14, 2019","format":false,"excerpt":"Varustelusetti nro. 2 sis\u00e4lt\u00e4\u00e4 henkaritangon valolla. T\u00e4m\u00e4 varustelu sopii Ida \/ Stina vaatekomeron kapeaan osaan.","rel":"","context":"Liknande produkt","block_context":{"text":"Liknande produkt","link":""},"img":{"alt_text":"","src":"https:\/\/i0.wp.com\/pohjanmaantehtaanmyymala.fi\/wp-content\/uploads\/2019\/06\/Ida-Varustelutaso-2.jpg?fit=960%2C960&ssl=1&resize=350%2C200","width":350,"height":200,"srcset":"https:\/\/i0.wp.com\/pohjanmaantehtaanmyymala.fi\/wp-content\/uploads\/2019\/06\/Ida-Varustelutaso-2.jpg?fit=960%2C960&ssl=1&resize=350%2C200 1x, https:\/\/i0.wp.com\/pohjanmaantehtaanmyymala.fi\/wp-content\/uploads\/2019\/06\/Ida-Varustelutaso-2.jpg?fit=960%2C960&ssl=1&resize=525%2C300 1.5x, https:\/\/i0.wp.com\/pohjanmaantehtaanmyymala.fi\/wp-content\/uploads\/2019\/06\/Ida-Varustelutaso-2.jpg?fit=960%2C960&ssl=1&resize=700%2C400 2x"},"classes":[]},{"id":8882,"url":"https:\/\/pohjanmaantehtaanmyymala.fi\/sv\/tuote\/stina-varustelusetti-4\/","url_meta":{"origin":24603,"position":4},"title":"STINA -komeron varustelusetti 4, hyllyt ja laatikot","author":"petri","date":"september 14, 2019","format":false,"excerpt":"Varustelusetti nro. 4 sis\u00e4lt\u00e4\u00e4 4 irtohylly\u00e4 ja kaksi vetolaatikkoa. T\u00e4m\u00e4 varustelu sopii Ida \/ Stina vaatekomeron kapeaan osaan.","rel":"","context":"Liknande produkt","block_context":{"text":"Liknande produkt","link":""},"img":{"alt_text":"Ida Varustelutaso","src":"https:\/\/i0.wp.com\/pohjanmaantehtaanmyymala.fi\/wp-content\/uploads\/2019\/06\/Ida-Varustelutaso-4.jpg?fit=960%2C960&ssl=1&resize=350%2C200","width":350,"height":200,"srcset":"https:\/\/i0.wp.com\/pohjanmaantehtaanmyymala.fi\/wp-content\/uploads\/2019\/06\/Ida-Varustelutaso-4.jpg?fit=960%2C960&ssl=1&resize=350%2C200 1x, https:\/\/i0.wp.com\/pohjanmaantehtaanmyymala.fi\/wp-content\/uploads\/2019\/06\/Ida-Varustelutaso-4.jpg?fit=960%2C960&ssl=1&resize=525%2C300 1.5x, https:\/\/i0.wp.com\/pohjanmaantehtaanmyymala.fi\/wp-content\/uploads\/2019\/06\/Ida-Varustelutaso-4.jpg?fit=960%2C960&ssl=1&resize=700%2C400 2x"},"classes":[]},{"id":19373,"url":"https:\/\/pohjanmaantehtaanmyymala.fi\/sv\/tuote\/vilja-tv-taso-ovilla-l-150-cm\/","url_meta":{"origin":24603,"position":5},"title":"Vilja taso ovilla, 150 cm, musta","author":"Sami Viitala","date":"december 14, 2021","format":false,"excerpt":"Kotimainen Hiipakan valmistama mediataso.","rel":"","context":"Liknande produkt","block_context":{"text":"Liknande produkt","link":""},"img":{"alt_text":"Vilja taso 3 ovella 150 cm leve\u00e4 musta","src":"https:\/\/i0.wp.com\/pohjanmaantehtaanmyymala.fi\/wp-content\/uploads\/2021\/12\/Hiipakka_Vilja_tv-taso_musta_51.jpg?fit=960%2C960&ssl=1&resize=350%2C200","width":350,"height":200,"srcset":"https:\/\/i0.wp.com\/pohjanmaantehtaanmyymala.fi\/wp-content\/uploads\/2021\/12\/Hiipakka_Vilja_tv-taso_musta_51.jpg?fit=960%2C960&ssl=1&resize=350%2C200 1x, https:\/\/i0.wp.com\/pohjanmaantehtaanmyymala.fi\/wp-content\/uploads\/2021\/12\/Hiipakka_Vilja_tv-taso_musta_51.jpg?fit=960%2C960&ssl=1&resize=525%2C300 1.5x, https:\/\/i0.wp.com\/pohjanmaantehtaanmyymala.fi\/wp-content\/uploads\/2021\/12\/Hiipakka_Vilja_tv-taso_musta_51.jpg?fit=960%2C960&ssl=1&resize=700%2C400 2x"},"classes":[]}],"_links":{"self":[{"href":"https:\/\/pohjanmaantehtaanmyymala.fi\/sv\/wp-json\/wp\/v2\/product\/24603","targetHints":{"allow":["GET"]}}],"collection":[{"href":"https:\/\/pohjanmaantehtaanmyymala.fi\/sv\/wp-json\/wp\/v2\/product"}],"about":[{"href":"https:\/\/pohjanmaantehtaanmyymala.fi\/sv\/wp-json\/wp\/v2\/types\/product"}],"replies":[{"embeddable":true,"href":"https:\/\/pohjanmaantehtaanmyymala.fi\/sv\/wp-json\/wp\/v2\/comments?post=24603"}],"wp:featuredmedia":[{"embeddable":true,"href":"https:\/\/pohjanmaantehtaanmyymala.fi\/sv\/wp-json\/wp\/v2\/media\/24607"}],"wp:attachment":[{"href":"https:\/\/pohjanmaantehtaanmyymala.fi\/sv\/wp-json\/wp\/v2\/media?parent=24603"}],"wp:term":[{"taxonomy":"product_brand","embeddable":true,"href":"https:\/\/pohjanmaantehtaanmyymala.fi\/sv\/wp-json\/wp\/v2\/product_brand?post=24603"},{"taxonomy":"product_cat","embeddable":true,"href":"https:\/\/pohjanmaantehtaanmyymala.fi\/sv\/wp-json\/wp\/v2\/product_cat?post=24603"},{"taxonomy":"product_tag","embeddable":true,"href":"https:\/\/pohjanmaantehtaanmyymala.fi\/sv\/wp-json\/wp\/v2\/product_tag?post=24603"}],"curies":[{"name":"wp","href":"https:\/\/api.w.org\/{rel}","templated":true}]}}