{"id":24585,"date":"2023-12-13T17:53:11","date_gmt":"2023-12-13T15:53:11","guid":{"rendered":"https:\/\/pohjanmaantehtaanmyymala.fi\/?post_type=product&#038;p=24585"},"modified":"2024-03-20T16:56:23","modified_gmt":"2024-03-20T14:56:23","slug":"kaura-vitriini-laatikolla","status":"publish","type":"product","link":"https:\/\/pohjanmaantehtaanmyymala.fi\/sv\/tuote\/kaura-vitriini-laatikolla\/","title":{"rendered":"Kaura vitriini laatikolla"},"content":{"rendered":"<p>Kaura vitriirikaappi on Hiipakan Tehtaiden valmistama kotimainen huonekalu, joka on suunniteltu ja valmistettu Suomessa. Sen materiaalit ovat maalattua kalustelevy\u00e4, maalattua Mdf-levy\u00e4 ja metallia. Sen v\u00e4ritys on greige, eli harmaan ja beigen sekoitus. Sen muotoilu on yksinkertainen ja linjakas, ja sen etusarjoissa on upea uritus. Sen ovissa ja laatikoissa on soft-close mekanismit, jotka sulkeutuvat pehme\u00e4sti. Sen runkoa kannattelevat 15 cm korkeat sirot metallijalat. T\u00e4m\u00e4 vitriini sopii hyvin yhteen muiden Kaura-kalusteiden kanssa, joita ovat esimerkiksi tv-tasot, senkki ja sohvap\u00f6yt\u00e4.<\/p>\n<h3>Tuotetiedot:<\/h3>\n<p>Mitat: leveys 100 cm, syvyys 40 cm ja korkeus 173 cm.<br \/>\nOvissa ja laatikoissa soft close mekanismi<br \/>\nJalan korkeus 15 cm.<br \/>\nKotimainen<br \/>\nToimitetaan valmiiksi koottuna, vain jalat ovat irrallaan.<\/p>\n","protected":false},"excerpt":{"rendered":"<p>Greigen v\u00e4rinen kaunis vitriikaappi.<\/p>\n","protected":false},"featured_media":24550,"comment_status":"closed","ping_status":"closed","template":"","meta":{"_acf_changed":false,"jetpack_post_was_ever_published":false,"jetpack_publicize_message":"","jetpack_publicize_feature_enabled":true,"jetpack_social_post_already_shared":true,"jetpack_social_options":{"image_generator_settings":{"template":"highway","default_image_id":0,"font":"","enabled":false},"version":2}},"product_brand":[172],"product_cat":[196],"product_tag":[],"class_list":{"0":"post-24585","1":"product","2":"type-product","3":"status-publish","4":"has-post-thumbnail","6":"product_brand-hiipakka","7":"product_cat-sailytyskalusteet-ja-tv-tasot","8":"product_shipping_class-161","10":"first","11":"instock","12":"sale","13":"purchasable","14":"product-type-simple"},"acf":[],"jetpack_publicize_connections":[],"jetpack_sharing_enabled":true,"jetpack-related-posts":[{"id":24533,"url":"https:\/\/pohjanmaantehtaanmyymala.fi\/sv\/tuote\/kaura-tv-taso-ovilla-ja-laatikoilla\/","url_meta":{"origin":24585,"position":0},"title":"Kaura TV-taso ovilla ja laatikoilla","author":"Sami Viitala","date":"december 12, 2023","format":false,"excerpt":"Greigen v\u00e4rinen uritetuilla etusarjoilla varustettu TV-taso.","rel":"","context":"Liknande produkt","block_context":{"text":"Liknande produkt","link":""},"img":{"alt_text":"Hiipakan Kaura TV-taso laatikolla ja ovilla greigen v\u00e4rinen","src":"https:\/\/i0.wp.com\/pohjanmaantehtaanmyymala.fi\/wp-content\/uploads\/2023\/12\/Kaura_tv-taso_greige.jpg?fit=960%2C960&ssl=1&resize=350%2C200","width":350,"height":200,"srcset":"https:\/\/i0.wp.com\/pohjanmaantehtaanmyymala.fi\/wp-content\/uploads\/2023\/12\/Kaura_tv-taso_greige.jpg?fit=960%2C960&ssl=1&resize=350%2C200 1x, https:\/\/i0.wp.com\/pohjanmaantehtaanmyymala.fi\/wp-content\/uploads\/2023\/12\/Kaura_tv-taso_greige.jpg?fit=960%2C960&ssl=1&resize=525%2C300 1.5x, https:\/\/i0.wp.com\/pohjanmaantehtaanmyymala.fi\/wp-content\/uploads\/2023\/12\/Kaura_tv-taso_greige.jpg?fit=960%2C960&ssl=1&resize=700%2C400 2x"},"classes":[]},{"id":24546,"url":"https:\/\/pohjanmaantehtaanmyymala.fi\/sv\/tuote\/kaura-iso-tv-taso-ovilla-ja-laatikoilla-200-cm\/","url_meta":{"origin":24585,"position":1},"title":"Kaura iso TV-taso ovilla ja laatikoilla 200 cm","author":"Sami Viitala","date":"december 12, 2023","format":false,"excerpt":"Kauniin greigen v\u00e4rinen leve\u00e4 TV-taso.","rel":"","context":"Liknande produkt","block_context":{"text":"Liknande produkt","link":""},"img":{"alt_text":"Hiipakan Kaura 200 cm leve\u00e4 TV-taso laatikolla ja ovilla greigen v\u00e4rinen","src":"https:\/\/i0.wp.com\/pohjanmaantehtaanmyymala.fi\/wp-content\/uploads\/2023\/12\/Hiipakka_Kaura_tv-taso_200.jpg?fit=960%2C960&ssl=1&resize=350%2C200","width":350,"height":200,"srcset":"https:\/\/i0.wp.com\/pohjanmaantehtaanmyymala.fi\/wp-content\/uploads\/2023\/12\/Hiipakka_Kaura_tv-taso_200.jpg?fit=960%2C960&ssl=1&resize=350%2C200 1x, https:\/\/i0.wp.com\/pohjanmaantehtaanmyymala.fi\/wp-content\/uploads\/2023\/12\/Hiipakka_Kaura_tv-taso_200.jpg?fit=960%2C960&ssl=1&resize=525%2C300 1.5x, https:\/\/i0.wp.com\/pohjanmaantehtaanmyymala.fi\/wp-content\/uploads\/2023\/12\/Hiipakka_Kaura_tv-taso_200.jpg?fit=960%2C960&ssl=1&resize=700%2C400 2x"},"classes":[]},{"id":24509,"url":"https:\/\/pohjanmaantehtaanmyymala.fi\/sv\/tuote\/kaura-senkki-ovilla-ja-laatikoilla\/","url_meta":{"origin":24585,"position":2},"title":"Kaura senkki ovilla ja laatikoilla","author":"Sami Viitala","date":"december 9, 2023","format":false,"excerpt":"Tyylikk\u00e4\u00e4n v\u00e4rinen uritetuilla etusarjoilla varustettu Kaura-senkki","rel":"","context":"Liknande produkt","block_context":{"text":"Liknande produkt","link":""},"img":{"alt_text":"Hiipakan Kaura senkki laatikolla ja ovilla greigen v\u00e4rinen","src":"https:\/\/i0.wp.com\/pohjanmaantehtaanmyymala.fi\/wp-content\/uploads\/2023\/12\/Hiipakka_Kaura_senkki.jpg?fit=960%2C960&ssl=1&resize=350%2C200","width":350,"height":200,"srcset":"https:\/\/i0.wp.com\/pohjanmaantehtaanmyymala.fi\/wp-content\/uploads\/2023\/12\/Hiipakka_Kaura_senkki.jpg?fit=960%2C960&ssl=1&resize=350%2C200 1x, https:\/\/i0.wp.com\/pohjanmaantehtaanmyymala.fi\/wp-content\/uploads\/2023\/12\/Hiipakka_Kaura_senkki.jpg?fit=960%2C960&ssl=1&resize=525%2C300 1.5x, https:\/\/i0.wp.com\/pohjanmaantehtaanmyymala.fi\/wp-content\/uploads\/2023\/12\/Hiipakka_Kaura_senkki.jpg?fit=960%2C960&ssl=1&resize=700%2C400 2x"},"classes":[]},{"id":26141,"url":"https:\/\/pohjanmaantehtaanmyymala.fi\/sv\/tuote\/kaura-senkki-ovilla-150cm\/","url_meta":{"origin":24585,"position":3},"title":"Kaura Senkki ovilla 150cm","author":"Miro Nevala","date":"mars 20, 2024","format":false,"excerpt":"Greigen v\u00e4rinen uritetuilla etusarjoilla varustettu Senkki.","rel":"","context":"Liknande produkt","block_context":{"text":"Liknande produkt","link":""},"img":{"alt_text":"Kaura Senkki 3 ovella 150cm leve\u00e4","src":"https:\/\/i0.wp.com\/pohjanmaantehtaanmyymala.fi\/wp-content\/uploads\/2024\/03\/Kaura-Senkki-ovilla-150cm.jpg?fit=960%2C960&ssl=1&resize=350%2C200","width":350,"height":200,"srcset":"https:\/\/i0.wp.com\/pohjanmaantehtaanmyymala.fi\/wp-content\/uploads\/2024\/03\/Kaura-Senkki-ovilla-150cm.jpg?fit=960%2C960&ssl=1&resize=350%2C200 1x, https:\/\/i0.wp.com\/pohjanmaantehtaanmyymala.fi\/wp-content\/uploads\/2024\/03\/Kaura-Senkki-ovilla-150cm.jpg?fit=960%2C960&ssl=1&resize=525%2C300 1.5x, https:\/\/i0.wp.com\/pohjanmaantehtaanmyymala.fi\/wp-content\/uploads\/2024\/03\/Kaura-Senkki-ovilla-150cm.jpg?fit=960%2C960&ssl=1&resize=700%2C400 2x"},"classes":[]},{"id":26145,"url":"https:\/\/pohjanmaantehtaanmyymala.fi\/sv\/tuote\/kaura-senkki-ovilla-200cm\/","url_meta":{"origin":24585,"position":4},"title":"Kaura Senkki ovilla 200cm","author":"Miro Nevala","date":"mars 4, 2024","format":false,"excerpt":"Greigen v\u00e4rinen uritetuilla etusarjoilla varustettu Senkki.","rel":"","context":"Liknande produkt","block_context":{"text":"Liknande produkt","link":""},"img":{"alt_text":"Kaura Senkki 4 ovella 200cm leve\u00e4","src":"https:\/\/i0.wp.com\/pohjanmaantehtaanmyymala.fi\/wp-content\/uploads\/2024\/03\/Kaura-senkki-200cm.jpg?fit=960%2C960&ssl=1&resize=350%2C200","width":350,"height":200,"srcset":"https:\/\/i0.wp.com\/pohjanmaantehtaanmyymala.fi\/wp-content\/uploads\/2024\/03\/Kaura-senkki-200cm.jpg?fit=960%2C960&ssl=1&resize=350%2C200 1x, https:\/\/i0.wp.com\/pohjanmaantehtaanmyymala.fi\/wp-content\/uploads\/2024\/03\/Kaura-senkki-200cm.jpg?fit=960%2C960&ssl=1&resize=525%2C300 1.5x, https:\/\/i0.wp.com\/pohjanmaantehtaanmyymala.fi\/wp-content\/uploads\/2024\/03\/Kaura-senkki-200cm.jpg?fit=960%2C960&ssl=1&resize=700%2C400 2x"},"classes":[]},{"id":24726,"url":"https:\/\/pohjanmaantehtaanmyymala.fi\/sv\/tuote\/kaura-sohvapoyta-101x60cm\/","url_meta":{"origin":24585,"position":5},"title":"Kaura sohvap\u00f6yt\u00e4 101x60cm","author":"Miro Nevala","date":"januari 30, 2024","format":false,"excerpt":"Vaalea Kaura sohvap\u00f6yt\u00e4 lokerolla ja metallijalalla.","rel":"","context":"Liknande produkt","block_context":{"text":"Liknande produkt","link":""},"img":{"alt_text":"Hiipakka Kaura sohvap\u00f6yt\u00e4","src":"https:\/\/i0.wp.com\/pohjanmaantehtaanmyymala.fi\/wp-content\/uploads\/2023\/12\/Kaura_sohvapoyta.jpg?fit=960%2C960&ssl=1&resize=350%2C200","width":350,"height":200,"srcset":"https:\/\/i0.wp.com\/pohjanmaantehtaanmyymala.fi\/wp-content\/uploads\/2023\/12\/Kaura_sohvapoyta.jpg?fit=960%2C960&ssl=1&resize=350%2C200 1x, https:\/\/i0.wp.com\/pohjanmaantehtaanmyymala.fi\/wp-content\/uploads\/2023\/12\/Kaura_sohvapoyta.jpg?fit=960%2C960&ssl=1&resize=525%2C300 1.5x, https:\/\/i0.wp.com\/pohjanmaantehtaanmyymala.fi\/wp-content\/uploads\/2023\/12\/Kaura_sohvapoyta.jpg?fit=960%2C960&ssl=1&resize=700%2C400 2x"},"classes":[]}],"_links":{"self":[{"href":"https:\/\/pohjanmaantehtaanmyymala.fi\/sv\/wp-json\/wp\/v2\/product\/24585","targetHints":{"allow":["GET"]}}],"collection":[{"href":"https:\/\/pohjanmaantehtaanmyymala.fi\/sv\/wp-json\/wp\/v2\/product"}],"about":[{"href":"https:\/\/pohjanmaantehtaanmyymala.fi\/sv\/wp-json\/wp\/v2\/types\/product"}],"replies":[{"embeddable":true,"href":"https:\/\/pohjanmaantehtaanmyymala.fi\/sv\/wp-json\/wp\/v2\/comments?post=24585"}],"wp:featuredmedia":[{"embeddable":true,"href":"https:\/\/pohjanmaantehtaanmyymala.fi\/sv\/wp-json\/wp\/v2\/media\/24550"}],"wp:attachment":[{"href":"https:\/\/pohjanmaantehtaanmyymala.fi\/sv\/wp-json\/wp\/v2\/media?parent=24585"}],"wp:term":[{"taxonomy":"product_brand","embeddable":true,"href":"https:\/\/pohjanmaantehtaanmyymala.fi\/sv\/wp-json\/wp\/v2\/product_brand?post=24585"},{"taxonomy":"product_cat","embeddable":true,"href":"https:\/\/pohjanmaantehtaanmyymala.fi\/sv\/wp-json\/wp\/v2\/product_cat?post=24585"},{"taxonomy":"product_tag","embeddable":true,"href":"https:\/\/pohjanmaantehtaanmyymala.fi\/sv\/wp-json\/wp\/v2\/product_tag?post=24585"}],"curies":[{"name":"wp","href":"https:\/\/api.w.org\/{rel}","templated":true}]}}