{"id":24472,"date":"2023-12-05T17:35:04","date_gmt":"2023-12-05T15:35:04","guid":{"rendered":"https:\/\/pohjanmaantehtaanmyymala.fi\/?post_type=product&#038;p=24472"},"modified":"2025-02-01T00:01:35","modified_gmt":"2025-01-31T22:01:35","slug":"moduli-3-istuttava-sohva-nubuck","status":"publish","type":"product","link":"https:\/\/pohjanmaantehtaanmyymala.fi\/sv\/tuote\/moduli-3-istuttava-sohva-nubuck\/","title":{"rendered":"MODULI 3-istuttava sohva Nubuck"},"content":{"rendered":"<p>Perinteinen laatikkomallin Moduli -sohva sopii hyvin suomalaiseen kotiin. Moduli on eniten suosituimpia sohvamallejamme. Moduli sopii koonsa vuoksi monenlaisiin tiloihin. Moduli sohvassa istut todella napakasti. Sohvassa ovat korkeat jalat, jotka helpottavat esimerkiksi imurointia sohvan alta ja tekev\u00e4t sohvasta kevyemm\u00e4n n\u00e4k\u00f6isen.<br \/>\nPohjanmaan Kalusteen Moduli sohva on verhoiltu miellytt\u00e4v\u00e4ll\u00e4 Nubuck -kankaalla, joka on nahkaa muistuttava helppohoinen kangas.<\/p>\n<p>Sohva on tilaustuote, toimitus aika on n. 4-6 viikkoa tilauksesta.<\/p>\n<p>Nubuck -kangasta on saatavana muillakin eri v\u00e4reill\u00e4, Kysy lis\u00e4tietoa <a href=\"https:\/\/www.pohjanmaantehtaanmyymala.fi\/yhteys\/\">myynnist\u00e4mme.<\/a><\/p>\n<p>Saatavilla my\u00f6s muilla nahka- ja kangasvaihtoehdoilla.<\/p>\n<h3>Tuotetiedot:<\/h3>\n<p>Leveys 205 cm<br \/>\nSyvyys 88 cm<br \/>\nKorkeus 86 cm<br \/>\nSohvan istumakorkeus on 45cm ja istuinsyvyys 55cm.<\/p>\n<p>Tekniset tiedot:<br \/>\nRunko: Massiivipuuvanerista (takuu 25 v.)<br \/>\nIstuin: No-zag jouset, 15cm HR35130 vaahtomuovi+vanu.<br \/>\nSelk\u00e4tyynyt: Vaahtomuovi + vanu.<br \/>\nVerhoilu: Nubuck-kangas, Martindale 30000. Pinta 96% Polyesteri\u00e4 ja 4% Polyuretaania. Kankaan tausta on valmistettu murskatusta nahkaj\u00e4tteest\u00e4.<\/p>\n<p>Sohva toimitetaan jalat irrallaan.<\/p>\n","protected":false},"excerpt":{"rendered":"<p>Perussohva nahkaa muistuttavalla pintaverhoilulla. Valitse v\u00e4ri!<\/p>\n","protected":false},"featured_media":24478,"comment_status":"closed","ping_status":"closed","template":"","meta":{"_acf_changed":false,"jetpack_post_was_ever_published":false,"jetpack_publicize_message":"","jetpack_publicize_feature_enabled":true,"jetpack_social_post_already_shared":true,"jetpack_social_options":{"image_generator_settings":{"template":"highway","default_image_id":0,"font":"","enabled":false},"version":2}},"product_brand":[270],"product_cat":[201],"product_tag":[239],"class_list":{"0":"post-24472","1":"product","2":"type-product","3":"status-publish","4":"has-post-thumbnail","6":"product_brand-pohjanmaan","7":"product_cat-sohvat","8":"product_tag-nahkasohva-pohjanmaan","9":"product_shipping_class-161","10":"pa_vari-konjakinruskea","11":"pa_vari-musta","13":"first","14":"instock","15":"purchasable","16":"product-type-variable","17":"has-default-attributes"},"acf":[],"jetpack_publicize_connections":[],"jetpack_sharing_enabled":true,"jetpack-related-posts":[{"id":13388,"url":"https:\/\/pohjanmaantehtaanmyymala.fi\/sv\/tuote\/moduli-3-istuttava-nahkasohva-konjakki\/","url_meta":{"origin":24472,"position":0},"title":"MODULI 3-ist. nahkasohva konjakki","author":"Sami Viitala","date":"september 22, 2020","format":false,"excerpt":"Perussohva, joka on suomalaisten suosikki vuodesta toiseen.","rel":"","context":"Liknande produkt","block_context":{"text":"Liknande produkt","link":""},"img":{"alt_text":"Moduli nahkasohva konjakki","src":"https:\/\/i0.wp.com\/pohjanmaantehtaanmyymala.fi\/wp-content\/uploads\/2020\/09\/Moduli-nahkasohva-konjakki.jpg?fit=1200%2C1200&ssl=1&resize=350%2C200","width":350,"height":200,"srcset":"https:\/\/i0.wp.com\/pohjanmaantehtaanmyymala.fi\/wp-content\/uploads\/2020\/09\/Moduli-nahkasohva-konjakki.jpg?fit=1200%2C1200&ssl=1&resize=350%2C200 1x, https:\/\/i0.wp.com\/pohjanmaantehtaanmyymala.fi\/wp-content\/uploads\/2020\/09\/Moduli-nahkasohva-konjakki.jpg?fit=1200%2C1200&ssl=1&resize=525%2C300 1.5x, https:\/\/i0.wp.com\/pohjanmaantehtaanmyymala.fi\/wp-content\/uploads\/2020\/09\/Moduli-nahkasohva-konjakki.jpg?fit=1200%2C1200&ssl=1&resize=700%2C400 2x, https:\/\/i0.wp.com\/pohjanmaantehtaanmyymala.fi\/wp-content\/uploads\/2020\/09\/Moduli-nahkasohva-konjakki.jpg?fit=1200%2C1200&ssl=1&resize=1050%2C600 3x"},"classes":[]},{"id":15312,"url":"https:\/\/pohjanmaantehtaanmyymala.fi\/sv\/tuote\/moduli-3-ist-nahkasohva-musta\/","url_meta":{"origin":24472,"position":1},"title":"MODULI 3-ist. nahkasohva musta","author":"Sami Viitala","date":"november 16, 2020","format":false,"excerpt":"Moduli sohva on POP! Pohjanmaan -nahkasohva.","rel":"","context":"Liknande produkt","block_context":{"text":"Liknande produkt","link":""},"img":{"alt_text":"Moduli nahkasohva musta","src":"https:\/\/i0.wp.com\/pohjanmaantehtaanmyymala.fi\/wp-content\/uploads\/2020\/11\/Moduli_E-D2-E_SoftAntique_musta.jpg?fit=1200%2C1200&ssl=1&resize=350%2C200","width":350,"height":200,"srcset":"https:\/\/i0.wp.com\/pohjanmaantehtaanmyymala.fi\/wp-content\/uploads\/2020\/11\/Moduli_E-D2-E_SoftAntique_musta.jpg?fit=1200%2C1200&ssl=1&resize=350%2C200 1x, https:\/\/i0.wp.com\/pohjanmaantehtaanmyymala.fi\/wp-content\/uploads\/2020\/11\/Moduli_E-D2-E_SoftAntique_musta.jpg?fit=1200%2C1200&ssl=1&resize=525%2C300 1.5x, https:\/\/i0.wp.com\/pohjanmaantehtaanmyymala.fi\/wp-content\/uploads\/2020\/11\/Moduli_E-D2-E_SoftAntique_musta.jpg?fit=1200%2C1200&ssl=1&resize=700%2C400 2x, https:\/\/i0.wp.com\/pohjanmaantehtaanmyymala.fi\/wp-content\/uploads\/2020\/11\/Moduli_E-D2-E_SoftAntique_musta.jpg?fit=1200%2C1200&ssl=1&resize=1050%2C600 3x"},"classes":[]},{"id":9435,"url":"https:\/\/pohjanmaantehtaanmyymala.fi\/sv\/tuote\/moduli-32-istuttavat-nahkasohvat\/","url_meta":{"origin":24472,"position":2},"title":"MODULI 3 ja 2 -istuttavat nahkasohvat","author":"petri","date":"september 14, 2019","format":false,"excerpt":"Suoralinjainen ja siro Moduli -sohva sopii hyvin suomalaiseen kotiin. Moduli sohvassa istut todella mukavasti v\u00e4h\u00e4n pienemm\u00e4n istuinsyvyyden ansiosta sohva sopii hyvin v\u00e4h\u00e4n lyhyemm\u00e4llekin istujalle. Moduli sohvissa on aina korkea jalka joka helpottaa imurointia sohvan alta ja tekee sohvasta kevyen n\u00e4k\u00f6isen. Pohjanmaan kalusteen Moduli sohva on verhoiltu miellytt\u00e4v\u00e4ll\u00e4 aidolla Soft Antique\u2026","rel":"","context":"Liknande produkt","block_context":{"text":"Liknande produkt","link":""},"img":{"alt_text":"","src":"https:\/\/i0.wp.com\/pohjanmaantehtaanmyymala.fi\/wp-content\/uploads\/2019\/06\/moduli-3-2-1609.jpg?fit=960%2C960&ssl=1&resize=350%2C200","width":350,"height":200,"srcset":"https:\/\/i0.wp.com\/pohjanmaantehtaanmyymala.fi\/wp-content\/uploads\/2019\/06\/moduli-3-2-1609.jpg?fit=960%2C960&ssl=1&resize=350%2C200 1x, https:\/\/i0.wp.com\/pohjanmaantehtaanmyymala.fi\/wp-content\/uploads\/2019\/06\/moduli-3-2-1609.jpg?fit=960%2C960&ssl=1&resize=525%2C300 1.5x, https:\/\/i0.wp.com\/pohjanmaantehtaanmyymala.fi\/wp-content\/uploads\/2019\/06\/moduli-3-2-1609.jpg?fit=960%2C960&ssl=1&resize=700%2C400 2x"},"classes":[]},{"id":10930,"url":"https:\/\/pohjanmaantehtaanmyymala.fi\/sv\/tuote\/pohjanmaan-moduli-sohvakalusto-32-nahka\/","url_meta":{"origin":24472,"position":3},"title":"Pohjanmaan MODULI Superior -sohvaryhm\u00e4 3+2 nahkaa","author":"petri","date":"september 14, 2019","format":false,"excerpt":"Verhoiltu pehme\u00e4n ylellisell\u00e4 Labrador -t\u00e4yspintanahkalla.","rel":"","context":"Liknande produkt","block_context":{"text":"Liknande produkt","link":""},"img":{"alt_text":"","src":"https:\/\/i0.wp.com\/pohjanmaantehtaanmyymala.fi\/wp-content\/uploads\/2019\/09\/Moduli_sohvakalusto_3_2_2.jpg?fit=960%2C960&ssl=1&resize=350%2C200","width":350,"height":200,"srcset":"https:\/\/i0.wp.com\/pohjanmaantehtaanmyymala.fi\/wp-content\/uploads\/2019\/09\/Moduli_sohvakalusto_3_2_2.jpg?fit=960%2C960&ssl=1&resize=350%2C200 1x, https:\/\/i0.wp.com\/pohjanmaantehtaanmyymala.fi\/wp-content\/uploads\/2019\/09\/Moduli_sohvakalusto_3_2_2.jpg?fit=960%2C960&ssl=1&resize=525%2C300 1.5x, https:\/\/i0.wp.com\/pohjanmaantehtaanmyymala.fi\/wp-content\/uploads\/2019\/09\/Moduli_sohvakalusto_3_2_2.jpg?fit=960%2C960&ssl=1&resize=700%2C400 2x"},"classes":[]},{"id":10935,"url":"https:\/\/pohjanmaantehtaanmyymala.fi\/sv\/tuote\/pohjanmaan-moduli-kulmasohva-alk-kankaalla\/","url_meta":{"origin":24472,"position":4},"title":"Pohjanmaan MODULI -kulmasohva","author":"petri","date":"september 14, 2019","format":false,"excerpt":"Pohjanmaan Moduli-kulmasohva T\u00e4m\u00e4 Pohjanmaan kulmasohva on tykky ja hyv\u00e4 istua. Istuimessa ja selk\u00e4tyynyss\u00e4 HR-kimmovaahtomuovisisus, sek\u00e4 sohvan puurungolle annetaan 20-vuoden runkotakuu. Moduli -kulmasohvaan on valittavissa useita verhoiluvaihtoehtoja. Moduli -sohvasta voit r\u00e4\u00e4t\u00e4l\u00f6id\u00e4 haluamasi kokoonpanon jokaiseen tilaan. Moduli -sohvasta on valittavana 13 eri modulia ja 7 erilaista k\u00e4sinojavaihtoehtoa. Pyyd\u00e4 tarjous asiakaspalvelusta tai tule\u2026","rel":"","context":"Liknande produkt","block_context":{"text":"Liknande produkt","link":""},"img":{"alt_text":"","src":"https:\/\/i0.wp.com\/pohjanmaantehtaanmyymala.fi\/wp-content\/uploads\/2019\/09\/Moduli-kulmasohva-PBLDG.jpg?fit=960%2C960&ssl=1&resize=350%2C200","width":350,"height":200,"srcset":"https:\/\/i0.wp.com\/pohjanmaantehtaanmyymala.fi\/wp-content\/uploads\/2019\/09\/Moduli-kulmasohva-PBLDG.jpg?fit=960%2C960&ssl=1&resize=350%2C200 1x, https:\/\/i0.wp.com\/pohjanmaantehtaanmyymala.fi\/wp-content\/uploads\/2019\/09\/Moduli-kulmasohva-PBLDG.jpg?fit=960%2C960&ssl=1&resize=525%2C300 1.5x, https:\/\/i0.wp.com\/pohjanmaantehtaanmyymala.fi\/wp-content\/uploads\/2019\/09\/Moduli-kulmasohva-PBLDG.jpg?fit=960%2C960&ssl=1&resize=700%2C400 2x"},"classes":[]},{"id":23676,"url":"https:\/\/pohjanmaantehtaanmyymala.fi\/sv\/tuote\/moduli-avokulmasohva-stark-kankaalla\/","url_meta":{"origin":24472,"position":5},"title":"Moduli avokulmasohva Stark-kankaalla","author":"Sami Viitala","date":"september 23, 2023","format":false,"excerpt":"Modulisohva on POP!255","rel":"","context":"Liknande produkt","block_context":{"text":"Liknande produkt","link":""},"img":{"alt_text":"Moduli Livorno avokulmasohva Luna harmaa kangas","src":"https:\/\/i0.wp.com\/pohjanmaantehtaanmyymala.fi\/wp-content\/uploads\/2023\/09\/Moduli_avokulmasohva_harmaa.jpg?fit=960%2C960&ssl=1&resize=350%2C200","width":350,"height":200,"srcset":"https:\/\/i0.wp.com\/pohjanmaantehtaanmyymala.fi\/wp-content\/uploads\/2023\/09\/Moduli_avokulmasohva_harmaa.jpg?fit=960%2C960&ssl=1&resize=350%2C200 1x, https:\/\/i0.wp.com\/pohjanmaantehtaanmyymala.fi\/wp-content\/uploads\/2023\/09\/Moduli_avokulmasohva_harmaa.jpg?fit=960%2C960&ssl=1&resize=525%2C300 1.5x, https:\/\/i0.wp.com\/pohjanmaantehtaanmyymala.fi\/wp-content\/uploads\/2023\/09\/Moduli_avokulmasohva_harmaa.jpg?fit=960%2C960&ssl=1&resize=700%2C400 2x"},"classes":[]}],"_links":{"self":[{"href":"https:\/\/pohjanmaantehtaanmyymala.fi\/sv\/wp-json\/wp\/v2\/product\/24472","targetHints":{"allow":["GET"]}}],"collection":[{"href":"https:\/\/pohjanmaantehtaanmyymala.fi\/sv\/wp-json\/wp\/v2\/product"}],"about":[{"href":"https:\/\/pohjanmaantehtaanmyymala.fi\/sv\/wp-json\/wp\/v2\/types\/product"}],"replies":[{"embeddable":true,"href":"https:\/\/pohjanmaantehtaanmyymala.fi\/sv\/wp-json\/wp\/v2\/comments?post=24472"}],"wp:featuredmedia":[{"embeddable":true,"href":"https:\/\/pohjanmaantehtaanmyymala.fi\/sv\/wp-json\/wp\/v2\/media\/24478"}],"wp:attachment":[{"href":"https:\/\/pohjanmaantehtaanmyymala.fi\/sv\/wp-json\/wp\/v2\/media?parent=24472"}],"wp:term":[{"taxonomy":"product_brand","embeddable":true,"href":"https:\/\/pohjanmaantehtaanmyymala.fi\/sv\/wp-json\/wp\/v2\/product_brand?post=24472"},{"taxonomy":"product_cat","embeddable":true,"href":"https:\/\/pohjanmaantehtaanmyymala.fi\/sv\/wp-json\/wp\/v2\/product_cat?post=24472"},{"taxonomy":"product_tag","embeddable":true,"href":"https:\/\/pohjanmaantehtaanmyymala.fi\/sv\/wp-json\/wp\/v2\/product_tag?post=24472"}],"curies":[{"name":"wp","href":"https:\/\/api.w.org\/{rel}","templated":true}]}}