{"id":24458,"date":"2023-12-05T17:04:51","date_gmt":"2023-12-05T15:04:51","guid":{"rendered":"https:\/\/pohjanmaantehtaanmyymala.fi\/?post_type=product&#038;p=24458"},"modified":"2024-04-15T13:35:22","modified_gmt":"2024-04-15T11:35:22","slug":"jasmin-pyorea-matto-160x230-cm","status":"publish","type":"product","link":"https:\/\/pohjanmaantehtaanmyymala.fi\/sv\/tuote\/jasmin-pyorea-matto-160x230-cm\/","title":{"rendered":"Jasmin nukkamatto 160&#215;230 cm"},"content":{"rendered":"<p>Village`s Jasmine keskilattiamatto on silkkisen pehme\u00e4 ja miellytt\u00e4v\u00e4n tuntuinen jalalle. Kauniin ja hillityn v\u00e4rimaailmansa ansiosta matto sopii monenlaiseen kotiin. Matto on pehme\u00e4 ja pitk\u00e4nukkainen. Maton el\u00e4v\u00e4inen kiilto antaa matolle entist\u00e4 enemm\u00e4n n\u00e4ytt\u00e4vyytt\u00e4.<\/p>\n<p>Matto k\u00e4y my\u00f6s lattial\u00e4mmityksen kanssa. Matto on vesipest\u00e4v\u00e4, max. 30\u009d C\u00b0 pesu.<\/p>\n<p>Materiaali: 100 % polyesterisekoite<\/p>\n<p>Maton koko on 160&#215;230 cm. Muut saatavilla olevat koot ovat <a href=\"https:\/\/pohjanmaantehtaanmyymala.fi\/tuote\/jasmin-matto-o-160-cm\/\">py\u00f6re\u00e4 \u00d8 160 cm<\/a> ja <a href=\"https:\/\/pohjanmaantehtaanmyymala.fi\/tuote\/jasmin-matto-200x290-cm\/\">200&#215;290 cm.<\/a><\/p>\n<p>Mattoa on saatavana nelj\u00e4ll\u00e4 eri v\u00e4rill\u00e4.<\/p>\n","protected":false},"excerpt":{"rendered":"<p>Kaunis el\u00e4v\u00e4pintainen nukkamatto. Valitse v\u00e4ri!<\/p>\n","protected":false},"featured_media":24421,"comment_status":"closed","ping_status":"closed","template":"","meta":{"_acf_changed":false,"jetpack_post_was_ever_published":false,"jetpack_publicize_message":"","jetpack_publicize_feature_enabled":true,"jetpack_social_post_already_shared":true,"jetpack_social_options":{"image_generator_settings":{"template":"highway","default_image_id":0,"font":"","enabled":false},"version":2}},"product_brand":[243],"product_cat":[210],"product_tag":[],"class_list":{"0":"post-24458","1":"product","2":"type-product","3":"status-publish","4":"has-post-thumbnail","6":"product_brand-villages","7":"product_cat-matot","8":"pa_vari-harmaa","9":"pa_vari-hopea","10":"pa_vari-pellava","11":"pa_vari-valkoinen","13":"first","14":"instock","15":"sale","16":"shipping-taxable","17":"purchasable","18":"product-type-variable"},"acf":[],"jetpack_publicize_connections":[],"jetpack_sharing_enabled":true,"jetpack-related-posts":[{"id":24449,"url":"https:\/\/pohjanmaantehtaanmyymala.fi\/sv\/tuote\/jasmin-matto-o-160-cm\/","url_meta":{"origin":24458,"position":0},"title":"Jasmin py\u00f6re\u00e4 matto \u00d8 160 cm","author":"Sami Viitala","date":"december 5, 2023","format":false,"excerpt":"Kaunis sikkisentuntuinen nukkamatto. Valitse v\u00e4ri!","rel":"","context":"Liknande produkt","block_context":{"text":"Liknande produkt","link":""},"img":{"alt_text":"Villages Jasmine matto py\u00f6re\u00e4 160 cm valkoinen","src":"https:\/\/i0.wp.com\/pohjanmaantehtaanmyymala.fi\/wp-content\/uploads\/2023\/12\/Jasmine_valk_pyorea_detalje.jpg?fit=960%2C960&ssl=1&resize=350%2C200","width":350,"height":200,"srcset":"https:\/\/i0.wp.com\/pohjanmaantehtaanmyymala.fi\/wp-content\/uploads\/2023\/12\/Jasmine_valk_pyorea_detalje.jpg?fit=960%2C960&ssl=1&resize=350%2C200 1x, https:\/\/i0.wp.com\/pohjanmaantehtaanmyymala.fi\/wp-content\/uploads\/2023\/12\/Jasmine_valk_pyorea_detalje.jpg?fit=960%2C960&ssl=1&resize=525%2C300 1.5x, https:\/\/i0.wp.com\/pohjanmaantehtaanmyymala.fi\/wp-content\/uploads\/2023\/12\/Jasmine_valk_pyorea_detalje.jpg?fit=960%2C960&ssl=1&resize=700%2C400 2x"},"classes":[]},{"id":24346,"url":"https:\/\/pohjanmaantehtaanmyymala.fi\/sv\/tuote\/jasmin-matto-200x290-cm\/","url_meta":{"origin":24458,"position":1},"title":"Jasmin keskilattiamatto 200&#215;290 cm","author":"Sami Viitala","date":"december 4, 2023","format":false,"excerpt":"Kaunis sikkisentuntuinen nukkamatto. Valitse v\u00e4ri!","rel":"","context":"Liknande produkt","block_context":{"text":"Liknande produkt","link":""},"img":{"alt_text":"Villages Jasmine matto suorakaide pellava","src":"https:\/\/i0.wp.com\/pohjanmaantehtaanmyymala.fi\/wp-content\/uploads\/2023\/12\/1.Jasmine_pellava_paalta_Villages.jpg?fit=960%2C960&ssl=1&resize=350%2C200","width":350,"height":200,"srcset":"https:\/\/i0.wp.com\/pohjanmaantehtaanmyymala.fi\/wp-content\/uploads\/2023\/12\/1.Jasmine_pellava_paalta_Villages.jpg?fit=960%2C960&ssl=1&resize=350%2C200 1x, https:\/\/i0.wp.com\/pohjanmaantehtaanmyymala.fi\/wp-content\/uploads\/2023\/12\/1.Jasmine_pellava_paalta_Villages.jpg?fit=960%2C960&ssl=1&resize=525%2C300 1.5x, https:\/\/i0.wp.com\/pohjanmaantehtaanmyymala.fi\/wp-content\/uploads\/2023\/12\/1.Jasmine_pellava_paalta_Villages.jpg?fit=960%2C960&ssl=1&resize=700%2C400 2x"},"classes":[]},{"id":18198,"url":"https:\/\/pohjanmaantehtaanmyymala.fi\/sv\/tuote\/vm-carpet-hattara-matto\/","url_meta":{"origin":24458,"position":2},"title":"VM Carpet Hattara-matto","author":"Sami Viitala","date":"oktober 3, 2021","format":false,"excerpt":"Pehme\u00e4 ja kest\u00e4v\u00e4 polyamidi-nukkamatto kotik\u00e4ytt\u00f6\u00f6n.","rel":"","context":"Liknande produkt","block_context":{"text":"Liknande produkt","link":""},"img":{"alt_text":"Hattara matto beige","src":"https:\/\/i0.wp.com\/pohjanmaantehtaanmyymala.fi\/wp-content\/uploads\/2021\/10\/Hattara-beige-49-interior-pien.jpg?fit=960%2C960&ssl=1&resize=350%2C200","width":350,"height":200,"srcset":"https:\/\/i0.wp.com\/pohjanmaantehtaanmyymala.fi\/wp-content\/uploads\/2021\/10\/Hattara-beige-49-interior-pien.jpg?fit=960%2C960&ssl=1&resize=350%2C200 1x, https:\/\/i0.wp.com\/pohjanmaantehtaanmyymala.fi\/wp-content\/uploads\/2021\/10\/Hattara-beige-49-interior-pien.jpg?fit=960%2C960&ssl=1&resize=525%2C300 1.5x, https:\/\/i0.wp.com\/pohjanmaantehtaanmyymala.fi\/wp-content\/uploads\/2021\/10\/Hattara-beige-49-interior-pien.jpg?fit=960%2C960&ssl=1&resize=700%2C400 2x"},"classes":[]},{"id":18217,"url":"https:\/\/pohjanmaantehtaanmyymala.fi\/sv\/tuote\/vm-carpet-kide-matto\/","url_meta":{"origin":24458,"position":3},"title":"VM Carpet Kide-matto","author":"Sami Viitala","date":"oktober 3, 2021","format":false,"excerpt":"\u00c4\u00e4nt\u00e4vaimentava ja miellytt\u00e4v\u00e4n tuntuinen polyamidi-nukkamatto.","rel":"","context":"Liknande produkt","block_context":{"text":"Liknande produkt","link":""},"img":{"alt_text":"Kide-matto oranssi milj\u00f6\u00f6","src":"https:\/\/i0.wp.com\/pohjanmaantehtaanmyymala.fi\/wp-content\/uploads\/2021\/10\/Kide-matto-oranssi.jpg?fit=960%2C960&ssl=1&resize=350%2C200","width":350,"height":200,"srcset":"https:\/\/i0.wp.com\/pohjanmaantehtaanmyymala.fi\/wp-content\/uploads\/2021\/10\/Kide-matto-oranssi.jpg?fit=960%2C960&ssl=1&resize=350%2C200 1x, https:\/\/i0.wp.com\/pohjanmaantehtaanmyymala.fi\/wp-content\/uploads\/2021\/10\/Kide-matto-oranssi.jpg?fit=960%2C960&ssl=1&resize=525%2C300 1.5x, https:\/\/i0.wp.com\/pohjanmaantehtaanmyymala.fi\/wp-content\/uploads\/2021\/10\/Kide-matto-oranssi.jpg?fit=960%2C960&ssl=1&resize=700%2C400 2x"},"classes":[]},{"id":18254,"url":"https:\/\/pohjanmaantehtaanmyymala.fi\/sv\/tuote\/vm-carpet-tessa-matto\/","url_meta":{"origin":24458,"position":4},"title":"VM Carpet Basaltti-matto","author":"Sami Viitala","date":"oktober 4, 2021","format":false,"excerpt":"Upea el\u00e4v\u00e4pintainen nukkamatto.","rel":"","context":"Liknande produkt","block_context":{"text":"Liknande produkt","link":""},"img":{"alt_text":"Vm Carpetin mahongin v\u00e4rinen Basaltti matto ruokailutilassa","src":"https:\/\/i0.wp.com\/pohjanmaantehtaanmyymala.fi\/wp-content\/uploads\/2021\/10\/Basaltti-mahonki-300-miljoo.jpg?fit=960%2C960&ssl=1&resize=350%2C200","width":350,"height":200,"srcset":"https:\/\/i0.wp.com\/pohjanmaantehtaanmyymala.fi\/wp-content\/uploads\/2021\/10\/Basaltti-mahonki-300-miljoo.jpg?fit=960%2C960&ssl=1&resize=350%2C200 1x, https:\/\/i0.wp.com\/pohjanmaantehtaanmyymala.fi\/wp-content\/uploads\/2021\/10\/Basaltti-mahonki-300-miljoo.jpg?fit=960%2C960&ssl=1&resize=525%2C300 1.5x, https:\/\/i0.wp.com\/pohjanmaantehtaanmyymala.fi\/wp-content\/uploads\/2021\/10\/Basaltti-mahonki-300-miljoo.jpg?fit=960%2C960&ssl=1&resize=700%2C400 2x"},"classes":[]},{"id":24164,"url":"https:\/\/pohjanmaantehtaanmyymala.fi\/sv\/tuote\/dione-easy-care-matto-160x230-cm\/","url_meta":{"origin":24458,"position":5},"title":"Dione easy care matto 160&#215;230 cm","author":"Sami Viitala","date":"november 17, 2023","format":false,"excerpt":"Easy Care matto on nanoteknologiaan perustuva likaa hylkiv\u00e4 mattosarja.","rel":"","context":"Liknande produkt","block_context":{"text":"Liknande produkt","link":""},"img":{"alt_text":"Dione matto taupe 160x230 cm olohoneessa","src":"https:\/\/i0.wp.com\/pohjanmaantehtaanmyymala.fi\/wp-content\/uploads\/2023\/11\/Dione_taupe_villages-_matto4.jpg?fit=960%2C960&ssl=1&resize=350%2C200","width":350,"height":200,"srcset":"https:\/\/i0.wp.com\/pohjanmaantehtaanmyymala.fi\/wp-content\/uploads\/2023\/11\/Dione_taupe_villages-_matto4.jpg?fit=960%2C960&ssl=1&resize=350%2C200 1x, https:\/\/i0.wp.com\/pohjanmaantehtaanmyymala.fi\/wp-content\/uploads\/2023\/11\/Dione_taupe_villages-_matto4.jpg?fit=960%2C960&ssl=1&resize=525%2C300 1.5x, https:\/\/i0.wp.com\/pohjanmaantehtaanmyymala.fi\/wp-content\/uploads\/2023\/11\/Dione_taupe_villages-_matto4.jpg?fit=960%2C960&ssl=1&resize=700%2C400 2x"},"classes":[]}],"_links":{"self":[{"href":"https:\/\/pohjanmaantehtaanmyymala.fi\/sv\/wp-json\/wp\/v2\/product\/24458","targetHints":{"allow":["GET"]}}],"collection":[{"href":"https:\/\/pohjanmaantehtaanmyymala.fi\/sv\/wp-json\/wp\/v2\/product"}],"about":[{"href":"https:\/\/pohjanmaantehtaanmyymala.fi\/sv\/wp-json\/wp\/v2\/types\/product"}],"replies":[{"embeddable":true,"href":"https:\/\/pohjanmaantehtaanmyymala.fi\/sv\/wp-json\/wp\/v2\/comments?post=24458"}],"wp:featuredmedia":[{"embeddable":true,"href":"https:\/\/pohjanmaantehtaanmyymala.fi\/sv\/wp-json\/wp\/v2\/media\/24421"}],"wp:attachment":[{"href":"https:\/\/pohjanmaantehtaanmyymala.fi\/sv\/wp-json\/wp\/v2\/media?parent=24458"}],"wp:term":[{"taxonomy":"product_brand","embeddable":true,"href":"https:\/\/pohjanmaantehtaanmyymala.fi\/sv\/wp-json\/wp\/v2\/product_brand?post=24458"},{"taxonomy":"product_cat","embeddable":true,"href":"https:\/\/pohjanmaantehtaanmyymala.fi\/sv\/wp-json\/wp\/v2\/product_cat?post=24458"},{"taxonomy":"product_tag","embeddable":true,"href":"https:\/\/pohjanmaantehtaanmyymala.fi\/sv\/wp-json\/wp\/v2\/product_tag?post=24458"}],"curies":[{"name":"wp","href":"https:\/\/api.w.org\/{rel}","templated":true}]}}