{"id":24358,"date":"2023-12-05T11:35:45","date_gmt":"2023-12-05T09:35:45","guid":{"rendered":"https:\/\/pohjanmaantehtaanmyymala.fi\/?post_type=product&#038;p=24358"},"modified":"2025-07-11T14:27:33","modified_gmt":"2025-07-11T12:27:33","slug":"siro-satulatuoli-nahka","status":"publish","type":"product","link":"https:\/\/pohjanmaantehtaanmyymala.fi\/sv\/tuote\/siro-satulatuoli-nahka\/","title":{"rendered":"Siro satulatuoli nahka"},"content":{"rendered":"<p>Siro -satulatuoli on mainio ratkaisu puoli-istuvaan ty\u00f6h\u00f6n, ja sopiikin erinomaisesti my\u00f6s s\u00e4hk\u00f6ty\u00f6p\u00f6yd\u00e4n kanssa k\u00e4ytett\u00e4v\u00e4ksi. Siro-satulatuolissa henkil\u00f6 istuu automaattisesti oikein, se muuttaa ty\u00f6asennon kuin itsest\u00e4\u00e4n oikeaksi ja luonnolliseksi. Hyv\u00e4 isuma-asento jakaa kehon painon tasaisesti istumapuolelle ja jaloille, jolloin selk\u00e4rankaan ei kohdistu liikaa rasitusta. Satulatuolissa istuessasi olet virke\u00e4mpi ja pystyt keskittym\u00e4\u00e4n ty\u00f6h\u00f6si hyvin.<\/p>\n<p>Siro -satulatuolissa on kapeampi istuin ja\u00a0 perinteinen istumakulmas\u00e4\u00e4dett\u00e4v\u00e4 mekanismi.<\/p>\n<p>Takuu on 2 vuotta materiaali- ja raaka-aineille.<\/p>\n<p>Kysy saatavuus- ja lis\u00e4tietoa <a href=\"https:\/\/pohjanmaantehtaanmyymala.fi\/yhteys\/\">myynnist\u00e4mme!<\/a><\/p>\n<h3><strong>Tuotetiedot:<\/strong><\/h3>\n<p>Istuin: muovirunko, pehmusteena vaahtomuovi. Verhoiltu aidolla nahalla, v\u00e4ri musta.<br \/>\nJalusta: \u00f8 50 cm kirkas alumiiniristikko<br \/>\nKaasujousi: normaali<br \/>\nPy\u00f6r\u00e4t: kovalle lattialle soveltuvat muovipy\u00f6d\u00e4t<br \/>\nIstuinkorkeuden s\u00e4\u00e4t\u00f6: 60-85 cmm<br \/>\nIstuimen koko: 37 x 32 cm<br \/>\nPainoraja 125 kg.<\/p>\n<p>Tuote toimitetaan osina laatikossa. Tuoli on helppo kasata ilman ty\u00f6kaluja.<\/p>\n<div class=\"elementor-element elementor-element-15793cb elementor-widget elementor-widget-text-editor\" data-id=\"15793cb\" data-element_type=\"widget\" data-widget_type=\"text-editor.default\">\n<div class=\"elementor-widget-container\">\n<div class=\"elementor-text-editor elementor-clearfix\">\n<p>&nbsp;<\/p>\n<\/div>\n<\/div>\n<\/div>\n","protected":false},"excerpt":{"rendered":"<p>Laadukas nahkaverhoiltu kapeampi satulatuoli.<\/p>\n","protected":false},"featured_media":24359,"comment_status":"closed","ping_status":"closed","template":"","meta":{"_acf_changed":false,"jetpack_post_was_ever_published":false,"jetpack_publicize_message":"","jetpack_publicize_feature_enabled":true,"jetpack_social_post_already_shared":true,"jetpack_social_options":{"image_generator_settings":{"template":"highway","default_image_id":0,"font":"","enabled":false},"version":2}},"product_brand":[434],"product_cat":[197,391,381],"product_tag":[400,399,398],"class_list":{"0":"post-24358","1":"product","2":"type-product","3":"status-publish","4":"has-post-thumbnail","6":"product_brand-q-furnisher","7":"product_cat-toimistokalusteet","8":"product_cat-satulatuolit","9":"product_cat-tyotuolit","10":"product_tag-optikontuoli","11":"product_tag-satulatuoli","12":"product_tag-teollisuustuoli","13":"product_shipping_class-161","15":"first","16":"instock","17":"sale","18":"purchasable","19":"product-type-simple"},"acf":[],"jetpack_publicize_connections":[],"jetpack_sharing_enabled":true,"jetpack-related-posts":[],"_links":{"self":[{"href":"https:\/\/pohjanmaantehtaanmyymala.fi\/sv\/wp-json\/wp\/v2\/product\/24358","targetHints":{"allow":["GET"]}}],"collection":[{"href":"https:\/\/pohjanmaantehtaanmyymala.fi\/sv\/wp-json\/wp\/v2\/product"}],"about":[{"href":"https:\/\/pohjanmaantehtaanmyymala.fi\/sv\/wp-json\/wp\/v2\/types\/product"}],"replies":[{"embeddable":true,"href":"https:\/\/pohjanmaantehtaanmyymala.fi\/sv\/wp-json\/wp\/v2\/comments?post=24358"}],"wp:featuredmedia":[{"embeddable":true,"href":"https:\/\/pohjanmaantehtaanmyymala.fi\/sv\/wp-json\/wp\/v2\/media\/24359"}],"wp:attachment":[{"href":"https:\/\/pohjanmaantehtaanmyymala.fi\/sv\/wp-json\/wp\/v2\/media?parent=24358"}],"wp:term":[{"taxonomy":"product_brand","embeddable":true,"href":"https:\/\/pohjanmaantehtaanmyymala.fi\/sv\/wp-json\/wp\/v2\/product_brand?post=24358"},{"taxonomy":"product_cat","embeddable":true,"href":"https:\/\/pohjanmaantehtaanmyymala.fi\/sv\/wp-json\/wp\/v2\/product_cat?post=24358"},{"taxonomy":"product_tag","embeddable":true,"href":"https:\/\/pohjanmaantehtaanmyymala.fi\/sv\/wp-json\/wp\/v2\/product_tag?post=24358"}],"curies":[{"name":"wp","href":"https:\/\/api.w.org\/{rel}","templated":true}]}}