{"id":24313,"date":"2023-11-28T15:43:34","date_gmt":"2023-11-28T13:43:34","guid":{"rendered":"https:\/\/pohjanmaantehtaanmyymala.fi\/?post_type=product&#038;p=24313"},"modified":"2026-02-20T11:53:10","modified_gmt":"2026-02-20T09:53:10","slug":"eden-1-runkosanky-90x200-cm","status":"publish","type":"product","link":"https:\/\/pohjanmaantehtaanmyymala.fi\/sv\/tuote\/eden-1-runkosanky-90x200-cm\/","title":{"rendered":"EDEN 1 runkos\u00e4nky 90&#215;200 cm petauspatjalla"},"content":{"rendered":"<p>Edullinen kotimainen Eden 1 -runkos\u00e4nky paketti 4 cm paksulla sijauspatjalla. S\u00e4nkypakettiin kuuluu my\u00f6s mustat jalat. S\u00e4ngyst\u00e4 voi rakentaa my\u00f6s parivuoteen sijoittamalla kaksi runkos\u00e4nky vierekk\u00e4in ja asettamalla niiden p\u00e4\u00e4lle 180 cm leve\u00e4n petauspatjan.<\/p>\n<p>Hilding Andersin valmistamassa s\u00e4ngyssa on medium-pussijousitus<\/p>\n<p>Eden 1-Runkopatjasetti on saatavilla kolmessa ssa eri koossa, 80, 90, 120 ja 140 cm leve\u00e4n\u00e4.<\/p>\n<h3>Tuotetiedot:<\/h3>\n<p>Tiedot: Verhoiltu kest\u00e4v\u00e4ll\u00e4 harmaalla huonekalukankaalla.<br \/>\nJousitus: Pussijousitettu. Jousen lankavahvuus 1,9mm, joita on 250kpl\/m2.<br \/>\nRunko: valmistettu puusta\/vanerista.<br \/>\nTakuu: Puurungolle ja jousistolle 10-vuotta.<br \/>\nPetauspatja: Sisus vaahtomuovia, irroitettava ja pest\u00e4v\u00e4 p\u00e4\u00e4llinen, paksuus 4 cm.<br \/>\nTuote on valmiiksi koottu. Poistat pakkauksista ja ruuvaat vain jalat runkopatjaan kiinni, niin tuote on k\u00e4ytt\u00f6valmis.<\/p>\n<p>Eden-s\u00e4nkysarjan toimitusaika on n. 1-3 viikkoa tilauksesta.<\/p>\n","protected":false},"excerpt":{"rendered":"<p>Hilding Andersin valmistamassa s\u00e4ngyss\u00e4 on vartaloa tukeva pussijousitus.<\/p>\n","protected":false},"featured_media":10864,"comment_status":"closed","ping_status":"closed","template":"","meta":{"_acf_changed":false,"jetpack_post_was_ever_published":false,"jetpack_publicize_message":"","jetpack_publicize_feature_enabled":true,"jetpack_social_post_already_shared":true,"jetpack_social_options":{"image_generator_settings":{"template":"highway","default_image_id":0,"font":"","enabled":false},"version":2}},"product_brand":[203],"product_cat":[198],"product_tag":[],"class_list":{"0":"post-24313","1":"product","2":"type-product","3":"status-publish","4":"has-post-thumbnail","6":"product_brand-hilding","7":"product_cat-patjat-ja-sangyt","8":"product_shipping_class-161","9":"pa_koko-120x200-cm","10":"pa_koko-140x200-cm","11":"pa_koko-80x200-cm","12":"pa_koko-90x200-cm","14":"first","15":"instock","16":"sale","17":"purchasable","18":"product-type-simple"},"acf":[],"jetpack_publicize_connections":[],"jetpack_sharing_enabled":true,"jetpack-related-posts":[{"id":24316,"url":"https:\/\/pohjanmaantehtaanmyymala.fi\/sv\/tuote\/eden-1-runkosanky-120x200-cm\/","url_meta":{"origin":24313,"position":0},"title":"EDEN 1 runkos\u00e4nky 120&#215;200 cm petauspatjalla","author":"Sami Viitala","date":"november 28, 2023","format":false,"excerpt":"Hilding Andersin valmistamassa s\u00e4ngyssa on vartaloa tukeva pussijousitus.","rel":"","context":"Liknande produkt","block_context":{"text":"Liknande produkt","link":""},"img":{"alt_text":"Hilding Eden yksi runkos\u00e4nkysetti 120x200 cm leve\u00e4n\u00e4","src":"https:\/\/i0.wp.com\/pohjanmaantehtaanmyymala.fi\/wp-content\/uploads\/2023\/11\/Eden120RP_petari_paaty.jpg?fit=960%2C960&ssl=1&resize=350%2C200","width":350,"height":200,"srcset":"https:\/\/i0.wp.com\/pohjanmaantehtaanmyymala.fi\/wp-content\/uploads\/2023\/11\/Eden120RP_petari_paaty.jpg?fit=960%2C960&ssl=1&resize=350%2C200 1x, https:\/\/i0.wp.com\/pohjanmaantehtaanmyymala.fi\/wp-content\/uploads\/2023\/11\/Eden120RP_petari_paaty.jpg?fit=960%2C960&ssl=1&resize=525%2C300 1.5x, https:\/\/i0.wp.com\/pohjanmaantehtaanmyymala.fi\/wp-content\/uploads\/2023\/11\/Eden120RP_petari_paaty.jpg?fit=960%2C960&ssl=1&resize=700%2C400 2x"},"classes":[]},{"id":28243,"url":"https:\/\/pohjanmaantehtaanmyymala.fi\/sv\/tuote\/eden-1-runkosanky-140x200-cm\/","url_meta":{"origin":24313,"position":1},"title":"EDEN 1 runkos\u00e4nky 140&#215;200 cm petauspatjalla","author":"Sami Viitala","date":"december 23, 2024","format":false,"excerpt":"Hilding Andersin valmistamassa s\u00e4ngyssa on vartola tukeva pussijousitus.","rel":"","context":"Liknande produkt","block_context":{"text":"Liknande produkt","link":""},"img":{"alt_text":"Eden 1 runkos\u00e4nky 140 cm leven\u00e4 p\u00e4\u00e4dyll\u00e4.","src":"https:\/\/i0.wp.com\/pohjanmaantehtaanmyymala.fi\/wp-content\/uploads\/2024\/12\/Eden140_petari_paaty-1.jpg?fit=960%2C960&ssl=1&resize=350%2C200","width":350,"height":200,"srcset":"https:\/\/i0.wp.com\/pohjanmaantehtaanmyymala.fi\/wp-content\/uploads\/2024\/12\/Eden140_petari_paaty-1.jpg?fit=960%2C960&ssl=1&resize=350%2C200 1x, https:\/\/i0.wp.com\/pohjanmaantehtaanmyymala.fi\/wp-content\/uploads\/2024\/12\/Eden140_petari_paaty-1.jpg?fit=960%2C960&ssl=1&resize=525%2C300 1.5x, https:\/\/i0.wp.com\/pohjanmaantehtaanmyymala.fi\/wp-content\/uploads\/2024\/12\/Eden140_petari_paaty-1.jpg?fit=960%2C960&ssl=1&resize=700%2C400 2x"},"classes":[]},{"id":10863,"url":"https:\/\/pohjanmaantehtaanmyymala.fi\/sv\/tuote\/eden-1-runkosanky\/","url_meta":{"origin":24313,"position":2},"title":"EDEN 1 runkos\u00e4nky 80&#215;200 cm petauspatjalla","author":"petri","date":"september 14, 2019","format":false,"excerpt":"T\u00e4st\u00e4 kotimainen laadukas runkos\u00e4nkysetti edullisesti!","rel":"","context":"Liknande produkt","block_context":{"text":"Liknande produkt","link":""},"img":{"alt_text":"","src":"https:\/\/i0.wp.com\/pohjanmaantehtaanmyymala.fi\/wp-content\/uploads\/2019\/09\/Eden1-runkopatja.jpg?fit=960%2C960&ssl=1&resize=350%2C200","width":350,"height":200,"srcset":"https:\/\/i0.wp.com\/pohjanmaantehtaanmyymala.fi\/wp-content\/uploads\/2019\/09\/Eden1-runkopatja.jpg?fit=960%2C960&ssl=1&resize=350%2C200 1x, https:\/\/i0.wp.com\/pohjanmaantehtaanmyymala.fi\/wp-content\/uploads\/2019\/09\/Eden1-runkopatja.jpg?fit=960%2C960&ssl=1&resize=525%2C300 1.5x, https:\/\/i0.wp.com\/pohjanmaantehtaanmyymala.fi\/wp-content\/uploads\/2019\/09\/Eden1-runkopatja.jpg?fit=960%2C960&ssl=1&resize=700%2C400 2x"},"classes":[]},{"id":28666,"url":"https:\/\/pohjanmaantehtaanmyymala.fi\/sv\/tuote\/eden-1-runkosanky-120x200-cm-muhkealla-petauspatjalla\/","url_meta":{"origin":24313,"position":3},"title":"EDEN 1 runkos\u00e4nky 120&#215;200 cm muhkealla petauspatjalla","author":"Sami Viitala","date":"augusti 22, 2025","format":false,"excerpt":"Hilding Andersin valmistamassa s\u00e4ngyssa on vartola tukeva pussijousitus.","rel":"","context":"Liknande produkt","block_context":{"text":"Liknande produkt","link":""},"img":{"alt_text":"Hildind Anders Eden 120 cm leve\u00e4 runkos\u00e4nky petauspatjalla ja mustilla jaloilla.","src":"https:\/\/i0.wp.com\/pohjanmaantehtaanmyymala.fi\/wp-content\/uploads\/2025\/08\/Eden_1_runkopatja_120.jpg?fit=1000%2C1000&ssl=1&resize=350%2C200","width":350,"height":200,"srcset":"https:\/\/i0.wp.com\/pohjanmaantehtaanmyymala.fi\/wp-content\/uploads\/2025\/08\/Eden_1_runkopatja_120.jpg?fit=1000%2C1000&ssl=1&resize=350%2C200 1x, https:\/\/i0.wp.com\/pohjanmaantehtaanmyymala.fi\/wp-content\/uploads\/2025\/08\/Eden_1_runkopatja_120.jpg?fit=1000%2C1000&ssl=1&resize=525%2C300 1.5x, https:\/\/i0.wp.com\/pohjanmaantehtaanmyymala.fi\/wp-content\/uploads\/2025\/08\/Eden_1_runkopatja_120.jpg?fit=1000%2C1000&ssl=1&resize=700%2C400 2x"},"classes":[]},{"id":29727,"url":"https:\/\/pohjanmaantehtaanmyymala.fi\/sv\/tuote\/uniikki-runkopatja-80-cm-petauspatjalla\/","url_meta":{"origin":24313,"position":4},"title":"UNIIKKI &#8211; runkopatja 80 cm petauspatjalla","author":"Sami Viitala","date":"februari 16, 2026","format":false,"excerpt":"T\u00e4st\u00e4 perus pussijousitettu runkos\u00e4nky edullisesti.","rel":"","context":"Liknande produkt","block_context":{"text":"Liknande produkt","link":""},"img":{"alt_text":"Uniikki runkos\u00e4nky 80x200 cm tummanharmaalla verhoilulla ja mustilla kantikkailla jaloilla","src":"https:\/\/i0.wp.com\/pohjanmaantehtaanmyymala.fi\/wp-content\/uploads\/2026\/02\/Uniikki_Runkopatja_80.jpg?fit=1200%2C1200&ssl=1&resize=350%2C200","width":350,"height":200,"srcset":"https:\/\/i0.wp.com\/pohjanmaantehtaanmyymala.fi\/wp-content\/uploads\/2026\/02\/Uniikki_Runkopatja_80.jpg?fit=1200%2C1200&ssl=1&resize=350%2C200 1x, https:\/\/i0.wp.com\/pohjanmaantehtaanmyymala.fi\/wp-content\/uploads\/2026\/02\/Uniikki_Runkopatja_80.jpg?fit=1200%2C1200&ssl=1&resize=525%2C300 1.5x, https:\/\/i0.wp.com\/pohjanmaantehtaanmyymala.fi\/wp-content\/uploads\/2026\/02\/Uniikki_Runkopatja_80.jpg?fit=1200%2C1200&ssl=1&resize=700%2C400 2x, https:\/\/i0.wp.com\/pohjanmaantehtaanmyymala.fi\/wp-content\/uploads\/2026\/02\/Uniikki_Runkopatja_80.jpg?fit=1200%2C1200&ssl=1&resize=1050%2C600 3x"},"classes":[]},{"id":10395,"url":"https:\/\/pohjanmaantehtaanmyymala.fi\/sv\/tuote\/aina-runkopatja-90x200-cm-petari-ei-sis-hintaan\/","url_meta":{"origin":24313,"position":5},"title":"EDEN 7 ergo -runkopatja 90&#215;200 cm petauspatjalla","author":"petri","date":"september 14, 2019","format":false,"excerpt":"Pintapaineita ehk\u00e4isev\u00e4, kehon l\u00e4mp\u00f6\u00f6n ja painoon reakoiva s\u00e4nky, valitse 2 eri j\u00e4ykkyyt\u00e4 3 eri\u00a0 runkov\u00e4ri\u00e4.","rel":"","context":"Liknande produkt","block_context":{"text":"Liknande produkt","link":""},"img":{"alt_text":"Eden 7 runkopatja petauspatjalla grafiitti runko ja tammiset jalat","src":"https:\/\/i0.wp.com\/pohjanmaantehtaanmyymala.fi\/wp-content\/uploads\/2019\/09\/Hilding-Ergo_eden_7_muotoutuva_runko.jpg?fit=1200%2C1039&ssl=1&resize=350%2C200","width":350,"height":200,"srcset":"https:\/\/i0.wp.com\/pohjanmaantehtaanmyymala.fi\/wp-content\/uploads\/2019\/09\/Hilding-Ergo_eden_7_muotoutuva_runko.jpg?fit=1200%2C1039&ssl=1&resize=350%2C200 1x, https:\/\/i0.wp.com\/pohjanmaantehtaanmyymala.fi\/wp-content\/uploads\/2019\/09\/Hilding-Ergo_eden_7_muotoutuva_runko.jpg?fit=1200%2C1039&ssl=1&resize=525%2C300 1.5x, https:\/\/i0.wp.com\/pohjanmaantehtaanmyymala.fi\/wp-content\/uploads\/2019\/09\/Hilding-Ergo_eden_7_muotoutuva_runko.jpg?fit=1200%2C1039&ssl=1&resize=700%2C400 2x, https:\/\/i0.wp.com\/pohjanmaantehtaanmyymala.fi\/wp-content\/uploads\/2019\/09\/Hilding-Ergo_eden_7_muotoutuva_runko.jpg?fit=1200%2C1039&ssl=1&resize=1050%2C600 3x"},"classes":[]}],"_links":{"self":[{"href":"https:\/\/pohjanmaantehtaanmyymala.fi\/sv\/wp-json\/wp\/v2\/product\/24313","targetHints":{"allow":["GET"]}}],"collection":[{"href":"https:\/\/pohjanmaantehtaanmyymala.fi\/sv\/wp-json\/wp\/v2\/product"}],"about":[{"href":"https:\/\/pohjanmaantehtaanmyymala.fi\/sv\/wp-json\/wp\/v2\/types\/product"}],"replies":[{"embeddable":true,"href":"https:\/\/pohjanmaantehtaanmyymala.fi\/sv\/wp-json\/wp\/v2\/comments?post=24313"}],"wp:featuredmedia":[{"embeddable":true,"href":"https:\/\/pohjanmaantehtaanmyymala.fi\/sv\/wp-json\/wp\/v2\/media\/10864"}],"wp:attachment":[{"href":"https:\/\/pohjanmaantehtaanmyymala.fi\/sv\/wp-json\/wp\/v2\/media?parent=24313"}],"wp:term":[{"taxonomy":"product_brand","embeddable":true,"href":"https:\/\/pohjanmaantehtaanmyymala.fi\/sv\/wp-json\/wp\/v2\/product_brand?post=24313"},{"taxonomy":"product_cat","embeddable":true,"href":"https:\/\/pohjanmaantehtaanmyymala.fi\/sv\/wp-json\/wp\/v2\/product_cat?post=24313"},{"taxonomy":"product_tag","embeddable":true,"href":"https:\/\/pohjanmaantehtaanmyymala.fi\/sv\/wp-json\/wp\/v2\/product_tag?post=24313"}],"curies":[{"name":"wp","href":"https:\/\/api.w.org\/{rel}","templated":true}]}}