{"id":24241,"date":"2023-11-23T11:05:28","date_gmt":"2023-11-23T09:05:28","guid":{"rendered":"https:\/\/pohjanmaantehtaanmyymala.fi\/?post_type=product&#038;p=24241"},"modified":"2025-03-10T14:27:25","modified_gmt":"2025-03-10T12:27:25","slug":"amiral-3-ja-2-istuttavat-nahkasohvat","status":"publish","type":"product","link":"https:\/\/pohjanmaantehtaanmyymala.fi\/sv\/tuote\/amiral-3-ja-2-istuttavat-nahkasohvat\/","title":{"rendered":"AMIRAL 3- ja 2-istuttavat nahkasohvat"},"content":{"rendered":"<p><strong>Toimitamme sohvat kaikkialle Suomeen!<\/strong><\/p>\n<p>Perinteinen Amiral nahkasohva on tehtaan vanhimpia tuotannossa olevia malleja, mutta edelleenkin varsin suosittu sohva asiakkaiden keskuudessa. Perinteinen muhkea muotoilu sopii varsin monelle ihmiselle ja Amiral-sohvan korkea selk\u00e4osa niskatyynyll\u00e4 tukee hyvin pitemp\u00e4\u00e4kin istujaa. Amiralin istuimessa on j\u00e4m\u00e4kk\u00e4 vaahtomuovi-istuin, joka sohvasta ryhdikk\u00e4\u00e4n ja j\u00e4m\u00e4k\u00e4n istua.<\/p>\n<p>Amiral sohviin on saatavana my\u00f6s koristelistat k\u00e4sinojien eteen. Koristelistat maksavat 50 \u20ac lis\u00e4hintaa. Koristelistojen v\u00e4rivaihtoehdot ovat Luonnonv\u00e4ri, p\u00e4hkin\u00e4 ja wenge(musta).<\/p>\n<p>Amiral-mallista l\u00f6ytyy my\u00f6s kulmasohvat, recliner-tuoli ja nojatuoli.<\/p>\n<p><a href=\"https:\/\/www.pohjanmaan.fi\/tuotteet\/amiral\/2-istuttava-sohva\" target=\"_blank\" rel=\"noopener noreferrer\">T\u00e4st\u00e4 linkist\u00e4 p\u00e4\u00e4set Pohjanmaan Amiral-malliston sivulle.<\/a><\/p>\n<p>Kuvan sohvan kulutuspinnat verhoiltu kest\u00e4v\u00e4ll\u00e4 Soft Antique-nahkalla ja esimerkkihinta on ilmoitettu nahkaisena. Tehtaanmyym\u00e4l\u00e4st\u00e4mme l\u00f6yd\u00e4t my\u00f6s paljon lis\u00e4\u00e4 nahkavaihtoehtoja ja satoja eri kankaita!<br \/>\nHalutessasi voit valita eri verhoilun tai kokoonpanon, ota pyyd\u00e4 <a href=\"https:\/\/pohjanmaantehtaanmyymala.fi\/yhteys\/\">asiakaspalveluumme<\/a>.<\/p>\n<h3>Tuotetiedot:<\/h3>\n<p><a href=\"https:\/\/www.pohjanmaan.fi\/_files\/ugd\/fa0c6a_00a6984415f541d3a1118c6cb710a474.pdf\" target=\"_blank\" rel=\"noopener\">Katso t\u00e4st\u00e4 Amiral-tuotekortti!<\/a><\/p>\n<p>2-istuttavan mitat: Lev. 144 cm, syv. 95cm, kork. 98cm.<br \/>\n3-istuttavan mitat: Lev. 194 cm, syv. 95cm, kork. 98cm.<br \/>\nIstuinsyvyys: 56 cm<br \/>\nIstuinkorkeus: 47 cm<\/p>\n<p>Runko: Massiivipuu vaneri ja kovalevy. Runkotakuu 20-vuotta.<br \/>\nIstuin: No zag jouset 12 cm 35EP150 vaahtomuovi+vanu.<br \/>\nSelk\u00e4noja: Kerrostettu vaahtomuovit\u00e4yte HS23+EP25 vaahtomuovi.<br \/>\nK\u00e4sinojat: Vaahtomuovipehmuste.<br \/>\nJalat: Puujalat, v\u00e4rit: Luonnonv\u00e4ri, p\u00e4hkin\u00e4, wenge(musta) ja massiivitammi.<br \/>\nVerhoilu: Soft Antigue -nahka, taustat ovat keinonahkaa.<\/p>\n<p>Sohvat toimitetaan muovipakkauksessa jalat irrallaan.<\/p>\n","protected":false},"excerpt":{"rendered":"<p>Pohjanmaan Kalusteen valmistamat sohvat tehd\u00e4\u00e4n k\u00e4sity\u00f6n\u00e4 60 vuoden kokemuksella.<\/p>\n","protected":false},"featured_media":24242,"comment_status":"closed","ping_status":"closed","template":"","meta":{"_acf_changed":false,"jetpack_post_was_ever_published":false,"jetpack_publicize_message":"","jetpack_publicize_feature_enabled":true,"jetpack_social_post_already_shared":true,"jetpack_social_options":{"image_generator_settings":{"template":"highway","default_image_id":0,"font":"","enabled":false},"version":2}},"product_brand":[270],"product_cat":[201],"product_tag":[],"class_list":{"0":"post-24241","1":"product","2":"type-product","3":"status-publish","4":"has-post-thumbnail","6":"product_brand-pohjanmaan","7":"product_cat-sohvat","8":"product_shipping_class-161","10":"first","11":"instock","12":"sale","13":"purchasable","14":"product-type-simple"},"acf":[],"jetpack_publicize_connections":[],"jetpack_sharing_enabled":true,"jetpack-related-posts":[{"id":17881,"url":"https:\/\/pohjanmaantehtaanmyymala.fi\/sv\/tuote\/amiral-2-ist-nahkasohva\/","url_meta":{"origin":24241,"position":0},"title":"AMIRAL 2-istuttava nahkasohva","author":"Sami Viitala","date":"augusti 27, 2021","format":false,"excerpt":"Pohjanmaan Kalusteen valmistamat sohvat tehd\u00e4\u00e4n parhaista materiaaleista 60 vuoden kokemuksella.","rel":"","context":"Liknande produkt","block_context":{"text":"Liknande produkt","link":""},"img":{"alt_text":"Amiral 2-istuttava sohva ruskea Labrador-nahka","src":"https:\/\/i0.wp.com\/pohjanmaantehtaanmyymala.fi\/wp-content\/uploads\/2021\/08\/Pohjanmaan_Amiral_2-istuttava.jpg?fit=1200%2C1200&ssl=1&resize=350%2C200","width":350,"height":200,"srcset":"https:\/\/i0.wp.com\/pohjanmaantehtaanmyymala.fi\/wp-content\/uploads\/2021\/08\/Pohjanmaan_Amiral_2-istuttava.jpg?fit=1200%2C1200&ssl=1&resize=350%2C200 1x, https:\/\/i0.wp.com\/pohjanmaantehtaanmyymala.fi\/wp-content\/uploads\/2021\/08\/Pohjanmaan_Amiral_2-istuttava.jpg?fit=1200%2C1200&ssl=1&resize=525%2C300 1.5x, https:\/\/i0.wp.com\/pohjanmaantehtaanmyymala.fi\/wp-content\/uploads\/2021\/08\/Pohjanmaan_Amiral_2-istuttava.jpg?fit=1200%2C1200&ssl=1&resize=700%2C400 2x, https:\/\/i0.wp.com\/pohjanmaantehtaanmyymala.fi\/wp-content\/uploads\/2021\/08\/Pohjanmaan_Amiral_2-istuttava.jpg?fit=1200%2C1200&ssl=1&resize=1050%2C600 3x"},"classes":[]},{"id":17897,"url":"https:\/\/pohjanmaantehtaanmyymala.fi\/sv\/tuote\/amiral-lepotuoli-nahkasohva\/","url_meta":{"origin":24241,"position":1},"title":"AMIRAL lepotuoli nahkaa","author":"Sami Viitala","date":"augusti 27, 2021","format":false,"excerpt":"Pohjanmaan Kalusteen valmistamat sohvat tehd\u00e4\u00e4n parhaista materiaaleista 60 vuoden kokemuksella.","rel":"","context":"Liknande produkt","block_context":{"text":"Liknande produkt","link":""},"img":{"alt_text":"amiral lepotuoli nahka ruskea","src":"https:\/\/i0.wp.com\/pohjanmaantehtaanmyymala.fi\/wp-content\/uploads\/2019\/09\/amiral_tuoli_labrador-nahka.png?fit=711%2C700&ssl=1&resize=350%2C200","width":350,"height":200,"srcset":"https:\/\/i0.wp.com\/pohjanmaantehtaanmyymala.fi\/wp-content\/uploads\/2019\/09\/amiral_tuoli_labrador-nahka.png?fit=711%2C700&ssl=1&resize=350%2C200 1x, https:\/\/i0.wp.com\/pohjanmaantehtaanmyymala.fi\/wp-content\/uploads\/2019\/09\/amiral_tuoli_labrador-nahka.png?fit=711%2C700&ssl=1&resize=525%2C300 1.5x, https:\/\/i0.wp.com\/pohjanmaantehtaanmyymala.fi\/wp-content\/uploads\/2019\/09\/amiral_tuoli_labrador-nahka.png?fit=711%2C700&ssl=1&resize=700%2C400 2x"},"classes":[]},{"id":8653,"url":"https:\/\/pohjanmaantehtaanmyymala.fi\/sv\/tuote\/amiral-3-sohva\/","url_meta":{"origin":24241,"position":2},"title":"AMIRAL 3-istuttava nahkasohva","author":"petri","date":"september 14, 2019","format":false,"excerpt":"Todella laadukkaat Pohjanmaan kalusteen valmistamat sohvat tehd\u00e4\u00e4n parhaista materiaaleista 50 vuoden kokemuksella.","rel":"","context":"Liknande produkt","block_context":{"text":"Liknande produkt","link":""},"img":{"alt_text":"Amiral 3:n istuttava","src":"https:\/\/i0.wp.com\/pohjanmaantehtaanmyymala.fi\/wp-content\/uploads\/2019\/06\/amiral-3-web.jpg?fit=960%2C960&ssl=1&resize=350%2C200","width":350,"height":200,"srcset":"https:\/\/i0.wp.com\/pohjanmaantehtaanmyymala.fi\/wp-content\/uploads\/2019\/06\/amiral-3-web.jpg?fit=960%2C960&ssl=1&resize=350%2C200 1x, https:\/\/i0.wp.com\/pohjanmaantehtaanmyymala.fi\/wp-content\/uploads\/2019\/06\/amiral-3-web.jpg?fit=960%2C960&ssl=1&resize=525%2C300 1.5x, https:\/\/i0.wp.com\/pohjanmaantehtaanmyymala.fi\/wp-content\/uploads\/2019\/06\/amiral-3-web.jpg?fit=960%2C960&ssl=1&resize=700%2C400 2x"},"classes":[]},{"id":21551,"url":"https:\/\/pohjanmaantehtaanmyymala.fi\/sv\/tuote\/amiral-3-istuttava-sohva-kankaalla\/","url_meta":{"origin":24241,"position":3},"title":"AMIRAL 3-istuttava sohva Yedi-kankaalla","author":"Sami Viitala","date":"september 16, 2022","format":false,"excerpt":"Todella laadukkaat Pohjanmaan kalusteen valmistamat sohvat tehd\u00e4\u00e4n parhaista materiaaleista 60 vuoden kokemuksella.","rel":"","context":"Liknande produkt","block_context":{"text":"Liknande produkt","link":""},"img":{"alt_text":"Amiral sohva keltaisella Yedi-kankaalla","src":"https:\/\/i0.wp.com\/pohjanmaantehtaanmyymala.fi\/wp-content\/uploads\/2022\/09\/Amiral_3_Yedi641_2.jpg?fit=960%2C960&ssl=1&resize=350%2C200","width":350,"height":200,"srcset":"https:\/\/i0.wp.com\/pohjanmaantehtaanmyymala.fi\/wp-content\/uploads\/2022\/09\/Amiral_3_Yedi641_2.jpg?fit=960%2C960&ssl=1&resize=350%2C200 1x, https:\/\/i0.wp.com\/pohjanmaantehtaanmyymala.fi\/wp-content\/uploads\/2022\/09\/Amiral_3_Yedi641_2.jpg?fit=960%2C960&ssl=1&resize=525%2C300 1.5x, https:\/\/i0.wp.com\/pohjanmaantehtaanmyymala.fi\/wp-content\/uploads\/2022\/09\/Amiral_3_Yedi641_2.jpg?fit=960%2C960&ssl=1&resize=700%2C400 2x"},"classes":[]},{"id":17901,"url":"https:\/\/pohjanmaantehtaanmyymala.fi\/sv\/tuote\/amiral-3kulma2-kulmasohva-kangas\/","url_meta":{"origin":24241,"position":4},"title":"AMIRAL 3+k+2 kulmasohva Diamons kangas","author":"Sami Viitala","date":"augusti 27, 2021","format":false,"excerpt":"Tyylik\u00e4s Amiral kulmasohva kest\u00e4v\u00e4ll\u00e4 Diamonds-kankaalla verhoiltuna.","rel":"","context":"Liknande produkt","block_context":{"text":"Liknande produkt","link":""},"img":{"alt_text":"Amiral kulmasohva Diamonds-kankaalla vaalea","src":"https:\/\/i0.wp.com\/pohjanmaantehtaanmyymala.fi\/wp-content\/uploads\/2021\/08\/amiral_3kulma2_diamonds539_kangas-2.jpg?fit=960%2C960&ssl=1&resize=350%2C200","width":350,"height":200,"srcset":"https:\/\/i0.wp.com\/pohjanmaantehtaanmyymala.fi\/wp-content\/uploads\/2021\/08\/amiral_3kulma2_diamonds539_kangas-2.jpg?fit=960%2C960&ssl=1&resize=350%2C200 1x, https:\/\/i0.wp.com\/pohjanmaantehtaanmyymala.fi\/wp-content\/uploads\/2021\/08\/amiral_3kulma2_diamonds539_kangas-2.jpg?fit=960%2C960&ssl=1&resize=525%2C300 1.5x, https:\/\/i0.wp.com\/pohjanmaantehtaanmyymala.fi\/wp-content\/uploads\/2021\/08\/amiral_3kulma2_diamonds539_kangas-2.jpg?fit=960%2C960&ssl=1&resize=700%2C400 2x"},"classes":[]},{"id":16407,"url":"https:\/\/pohjanmaantehtaanmyymala.fi\/sv\/tuote\/amiral-2k2-kulmasohva-nahkaa\/","url_meta":{"origin":24241,"position":5},"title":"AMIRAL 2+kulma+2 kulmasohva nahkaa","author":"Sami Viitala","date":"februari 11, 2021","format":false,"excerpt":"Todella laadukkaat Pohjanmaan Kalusteen valmistamat sohvat tehd\u00e4\u00e4n parhaista materiaaleista 60 vuoden kokemuksella.","rel":"","context":"Liknande produkt","block_context":{"text":"Liknande produkt","link":""},"img":{"alt_text":"Amiral kulmasohva nahkaa ruskea","src":"https:\/\/i0.wp.com\/pohjanmaantehtaanmyymala.fi\/wp-content\/uploads\/2021\/02\/Amiral-2Kulma2-nahka.jpg?fit=1200%2C1200&ssl=1&resize=350%2C200","width":350,"height":200,"srcset":"https:\/\/i0.wp.com\/pohjanmaantehtaanmyymala.fi\/wp-content\/uploads\/2021\/02\/Amiral-2Kulma2-nahka.jpg?fit=1200%2C1200&ssl=1&resize=350%2C200 1x, https:\/\/i0.wp.com\/pohjanmaantehtaanmyymala.fi\/wp-content\/uploads\/2021\/02\/Amiral-2Kulma2-nahka.jpg?fit=1200%2C1200&ssl=1&resize=525%2C300 1.5x, https:\/\/i0.wp.com\/pohjanmaantehtaanmyymala.fi\/wp-content\/uploads\/2021\/02\/Amiral-2Kulma2-nahka.jpg?fit=1200%2C1200&ssl=1&resize=700%2C400 2x, https:\/\/i0.wp.com\/pohjanmaantehtaanmyymala.fi\/wp-content\/uploads\/2021\/02\/Amiral-2Kulma2-nahka.jpg?fit=1200%2C1200&ssl=1&resize=1050%2C600 3x"},"classes":[]}],"_links":{"self":[{"href":"https:\/\/pohjanmaantehtaanmyymala.fi\/sv\/wp-json\/wp\/v2\/product\/24241","targetHints":{"allow":["GET"]}}],"collection":[{"href":"https:\/\/pohjanmaantehtaanmyymala.fi\/sv\/wp-json\/wp\/v2\/product"}],"about":[{"href":"https:\/\/pohjanmaantehtaanmyymala.fi\/sv\/wp-json\/wp\/v2\/types\/product"}],"replies":[{"embeddable":true,"href":"https:\/\/pohjanmaantehtaanmyymala.fi\/sv\/wp-json\/wp\/v2\/comments?post=24241"}],"wp:featuredmedia":[{"embeddable":true,"href":"https:\/\/pohjanmaantehtaanmyymala.fi\/sv\/wp-json\/wp\/v2\/media\/24242"}],"wp:attachment":[{"href":"https:\/\/pohjanmaantehtaanmyymala.fi\/sv\/wp-json\/wp\/v2\/media?parent=24241"}],"wp:term":[{"taxonomy":"product_brand","embeddable":true,"href":"https:\/\/pohjanmaantehtaanmyymala.fi\/sv\/wp-json\/wp\/v2\/product_brand?post=24241"},{"taxonomy":"product_cat","embeddable":true,"href":"https:\/\/pohjanmaantehtaanmyymala.fi\/sv\/wp-json\/wp\/v2\/product_cat?post=24241"},{"taxonomy":"product_tag","embeddable":true,"href":"https:\/\/pohjanmaantehtaanmyymala.fi\/sv\/wp-json\/wp\/v2\/product_tag?post=24241"}],"curies":[{"name":"wp","href":"https:\/\/api.w.org\/{rel}","templated":true}]}}