{"id":24206,"date":"2023-11-22T15:21:35","date_gmt":"2023-11-22T13:21:35","guid":{"rendered":"https:\/\/pohjanmaantehtaanmyymala.fi\/?post_type=product&#038;p=24206"},"modified":"2025-08-22T12:17:04","modified_gmt":"2025-08-22T10:17:04","slug":"ergo-1-jalkainen-sahkopoyta-100x50-cm","status":"publish","type":"product","link":"https:\/\/pohjanmaantehtaanmyymala.fi\/sv\/tuote\/ergo-1-jalkainen-sahkopoyta-100x50-cm\/","title":{"rendered":"Ergo 1-jalkainen s\u00e4hk\u00f6p\u00f6yt\u00e4 100&#215;50 cm"},"content":{"rendered":"<div class=\"std descr2 descr2-after-descr1\">Korkeuss\u00e4\u00e4dett\u00e4v\u00e4 1-jalkainen Ergo-s\u00e4hk\u00f6p\u00f6yt\u00e4 on hyv\u00e4 valinta, kun tilaa on v\u00e4h\u00e4n.\u00a0 Voit p\u00e4iv\u00e4n aikana helposti vaihtaa ty\u00f6skentelyasentoa istuma-asennosta seisoma-asentoon. Ty\u00f6p\u00f6yd\u00e4n sopiva korkeus on helppo s\u00e4\u00e4t\u00e4\u00e4 64-129 cm:n v\u00e4lill\u00e4 portaattomasti.<\/div>\n<p>Kannen koko: 100&#215;50 cm.<\/p>\n<p>Kannen v\u00e4ri; harmaa-hopeajalava tai valkoinen, jalan v\u00e4ri; valkoinen.<br \/>\nJalka; metallia, maalattu. Jalan syvyys 50 cm.<br \/>\nMax. kuorma 70 kg<br \/>\nTakuu 2 vuotta<\/p>\n<p>Tuote toimitetaan osina.<br \/>\nMeilt\u00e4 saa my\u00f6s kasauspalvelun.<\/p>\n<p>Ergo -ty\u00f6p\u00f6yt\u00e4\u00e4 on saatavana my\u00f6s muita malleja, kokoja ja v\u00e4rej\u00e4. Kysy n\u00e4ist\u00e4 lis\u00e4tietoa <a href=\"https:\/\/www.pohjanmaantehtaanmyymala.fi\/yhteys\/\">asiakaspalvelustamme.<\/a><\/p>\n","protected":false},"excerpt":{"rendered":"<p>Hiipakan korkeuss\u00e4\u00e4dett\u00e4v\u00e4 s\u00e4hk\u00f6p\u00f6yt\u00e4 pieneen tilaan.<\/p>\n","protected":false},"featured_media":24212,"comment_status":"closed","ping_status":"closed","template":"","meta":{"_acf_changed":false,"jetpack_post_was_ever_published":false,"jetpack_publicize_message":"","jetpack_publicize_feature_enabled":true,"jetpack_social_post_already_shared":true,"jetpack_social_options":{"image_generator_settings":{"template":"highway","default_image_id":0,"font":"","enabled":false},"version":2}},"product_brand":[172],"product_cat":[212,213,197],"product_tag":[],"class_list":{"0":"post-24206","1":"product","2":"type-product","3":"status-publish","4":"has-post-thumbnail","6":"product_brand-hiipakka","7":"product_cat-ajankohtaiset","8":"product_cat-outlet","9":"product_cat-toimistokalusteet","10":"product_shipping_class-161","12":"first","13":"instock","14":"sale","15":"purchasable","16":"product-type-variable","17":"has-default-attributes"},"acf":[],"jetpack_publicize_connections":[],"jetpack_sharing_enabled":true,"jetpack-related-posts":[{"id":13658,"url":"https:\/\/pohjanmaantehtaanmyymala.fi\/sv\/tuote\/ergo-sahkopoyta-120x70-cm-valkoinen\/","url_meta":{"origin":24206,"position":0},"title":"Ergo \u2013 s\u00e4hk\u00f6p\u00f6yt\u00e4 120&#215;70 cm valkoinen","author":"Sami Viitala","date":"september 30, 2020","format":false,"excerpt":"S\u00e4hk\u00f6inen s\u00e4\u00e4t\u00f6p\u00f6yt\u00e4 on turvallinen valinta kotitoimistoon tai konttoriin. Valitse v\u00e4ri alta!","rel":"","context":"Liknande produkt","block_context":{"text":"Liknande produkt","link":""},"img":{"alt_text":"Ergo s\u00e4\u00e4t\u00f6p\u00f6yt\u00e4 120x70 valkoinen","src":"https:\/\/i0.wp.com\/pohjanmaantehtaanmyymala.fi\/wp-content\/uploads\/2020\/09\/Ergo-saatopoyta-120x70-valkoinen.jpg?fit=1200%2C1200&ssl=1&resize=350%2C200","width":350,"height":200,"srcset":"https:\/\/i0.wp.com\/pohjanmaantehtaanmyymala.fi\/wp-content\/uploads\/2020\/09\/Ergo-saatopoyta-120x70-valkoinen.jpg?fit=1200%2C1200&ssl=1&resize=350%2C200 1x, https:\/\/i0.wp.com\/pohjanmaantehtaanmyymala.fi\/wp-content\/uploads\/2020\/09\/Ergo-saatopoyta-120x70-valkoinen.jpg?fit=1200%2C1200&ssl=1&resize=525%2C300 1.5x, https:\/\/i0.wp.com\/pohjanmaantehtaanmyymala.fi\/wp-content\/uploads\/2020\/09\/Ergo-saatopoyta-120x70-valkoinen.jpg?fit=1200%2C1200&ssl=1&resize=700%2C400 2x, https:\/\/i0.wp.com\/pohjanmaantehtaanmyymala.fi\/wp-content\/uploads\/2020\/09\/Ergo-saatopoyta-120x70-valkoinen.jpg?fit=1200%2C1200&ssl=1&resize=1050%2C600 3x"},"classes":[]},{"id":13668,"url":"https:\/\/pohjanmaantehtaanmyymala.fi\/sv\/tuote\/ergo-sahkopoyta-160x80-cm\/","url_meta":{"origin":24206,"position":1},"title":"Ergo \u2013 s\u00e4hk\u00f6p\u00f6yt\u00e4 160&#215;80 cm","author":"Sami Viitala","date":"oktober 1, 2020","format":false,"excerpt":"S\u00e4hk\u00f6inen s\u00e4\u00e4t\u00f6p\u00f6yt\u00e4 on turvallinen valinta kotitoimistoon tai konttoriin. Valitse v\u00e4ri!","rel":"","context":"Liknande produkt","block_context":{"text":"Liknande produkt","link":""},"img":{"alt_text":"Ergo s\u00e4hk\u00f6p\u00f6yt\u00e4 160x80 harmaa valkoinen","src":"https:\/\/i0.wp.com\/pohjanmaantehtaanmyymala.fi\/wp-content\/uploads\/2020\/10\/Ergo-sahkopoyta-160x80-harmaa-valkoinen.jpg?fit=1200%2C1200&ssl=1&resize=350%2C200","width":350,"height":200,"srcset":"https:\/\/i0.wp.com\/pohjanmaantehtaanmyymala.fi\/wp-content\/uploads\/2020\/10\/Ergo-sahkopoyta-160x80-harmaa-valkoinen.jpg?fit=1200%2C1200&ssl=1&resize=350%2C200 1x, https:\/\/i0.wp.com\/pohjanmaantehtaanmyymala.fi\/wp-content\/uploads\/2020\/10\/Ergo-sahkopoyta-160x80-harmaa-valkoinen.jpg?fit=1200%2C1200&ssl=1&resize=525%2C300 1.5x, https:\/\/i0.wp.com\/pohjanmaantehtaanmyymala.fi\/wp-content\/uploads\/2020\/10\/Ergo-sahkopoyta-160x80-harmaa-valkoinen.jpg?fit=1200%2C1200&ssl=1&resize=700%2C400 2x, https:\/\/i0.wp.com\/pohjanmaantehtaanmyymala.fi\/wp-content\/uploads\/2020\/10\/Ergo-sahkopoyta-160x80-harmaa-valkoinen.jpg?fit=1200%2C1200&ssl=1&resize=1050%2C600 3x"},"classes":[]},{"id":24919,"url":"https:\/\/pohjanmaantehtaanmyymala.fi\/sv\/tuote\/ergo-sahkopoyta-115x67-cm\/","url_meta":{"origin":24206,"position":2},"title":"Ergo \u2013 s\u00e4hk\u00f6p\u00f6yt\u00e4 115&#215;67 cm","author":"Sami Viitala","date":"februari 6, 2024","format":false,"excerpt":"S\u00e4hk\u00f6k\u00e4ytt\u00f6inen s\u00e4\u00e4t\u00f6p\u00f6yt\u00e4 on oiva valinta kotitoimistoon tai konttoriin. Valitse v\u00e4ri alta!","rel":"","context":"Liknande produkt","block_context":{"text":"Liknande produkt","link":""},"img":{"alt_text":"Ergo s\u00e4\u00e4t\u00f6p\u00f6yt\u00e4 120x70 valkoinen","src":"https:\/\/i0.wp.com\/pohjanmaantehtaanmyymala.fi\/wp-content\/uploads\/2020\/09\/Ergo-saatopoyta-120x70-valkoinen.jpg?fit=1200%2C1200&ssl=1&resize=350%2C200","width":350,"height":200,"srcset":"https:\/\/i0.wp.com\/pohjanmaantehtaanmyymala.fi\/wp-content\/uploads\/2020\/09\/Ergo-saatopoyta-120x70-valkoinen.jpg?fit=1200%2C1200&ssl=1&resize=350%2C200 1x, https:\/\/i0.wp.com\/pohjanmaantehtaanmyymala.fi\/wp-content\/uploads\/2020\/09\/Ergo-saatopoyta-120x70-valkoinen.jpg?fit=1200%2C1200&ssl=1&resize=525%2C300 1.5x, https:\/\/i0.wp.com\/pohjanmaantehtaanmyymala.fi\/wp-content\/uploads\/2020\/09\/Ergo-saatopoyta-120x70-valkoinen.jpg?fit=1200%2C1200&ssl=1&resize=700%2C400 2x, https:\/\/i0.wp.com\/pohjanmaantehtaanmyymala.fi\/wp-content\/uploads\/2020\/09\/Ergo-saatopoyta-120x70-valkoinen.jpg?fit=1200%2C1200&ssl=1&resize=1050%2C600 3x"},"classes":[]},{"id":19441,"url":"https:\/\/pohjanmaantehtaanmyymala.fi\/sv\/tuote\/ergo-sahkopoyta-140x70-cm\/","url_meta":{"origin":24206,"position":3},"title":"Ergo \u2013 s\u00e4hk\u00f6p\u00f6yt\u00e4 135&#215;67 cm","author":"Sami Viitala","date":"januari 9, 2022","format":false,"excerpt":"S\u00e4hk\u00f6inen s\u00e4\u00e4t\u00f6p\u00f6yt\u00e4 on mainio valinta kotitoimistoon tai konttoriin. Valitse v\u00e4ri!","rel":"","context":"Liknande produkt","block_context":{"text":"Liknande produkt","link":""},"img":{"alt_text":"Ergo s\u00e4\u00e4t\u00f6p\u00f6yt\u00e4 musta","src":"https:\/\/i0.wp.com\/pohjanmaantehtaanmyymala.fi\/wp-content\/uploads\/2020\/10\/Ergo_Black_saatopoyta.jpg?fit=960%2C960&ssl=1&resize=350%2C200","width":350,"height":200,"srcset":"https:\/\/i0.wp.com\/pohjanmaantehtaanmyymala.fi\/wp-content\/uploads\/2020\/10\/Ergo_Black_saatopoyta.jpg?fit=960%2C960&ssl=1&resize=350%2C200 1x, https:\/\/i0.wp.com\/pohjanmaantehtaanmyymala.fi\/wp-content\/uploads\/2020\/10\/Ergo_Black_saatopoyta.jpg?fit=960%2C960&ssl=1&resize=525%2C300 1.5x, https:\/\/i0.wp.com\/pohjanmaantehtaanmyymala.fi\/wp-content\/uploads\/2020\/10\/Ergo_Black_saatopoyta.jpg?fit=960%2C960&ssl=1&resize=700%2C400 2x"},"classes":[]},{"id":24185,"url":"https:\/\/pohjanmaantehtaanmyymala.fi\/sv\/tuote\/ergo-korkeussaadettava-tyopoyta-120x70cm-valkoinen\/","url_meta":{"origin":24206,"position":4},"title":"Ergo korkeuss\u00e4\u00e4dett\u00e4v\u00e4 ty\u00f6p\u00f6yt\u00e4 120x70cm valkoinen","author":"Sami Viitala","date":"november 21, 2023","format":false,"excerpt":"Nyt Hiipakan s\u00e4\u00e4t\u00f6p\u00f6yt\u00e4 edullisesti!","rel":"","context":"Liknande produkt","block_context":{"text":"Liknande produkt","link":""},"img":{"alt_text":"Ergo korkeuss\u00e4\u00e4dett\u00e4v\u00e4 ty\u00f6p\u00f6yt\u00e4 veivill\u00e4 valkoinen","src":"https:\/\/i0.wp.com\/pohjanmaantehtaanmyymala.fi\/wp-content\/uploads\/2023\/11\/Ergo-korkeussaadettava-tyopoyta-veivilla.jpg?fit=960%2C960&ssl=1&resize=350%2C200","width":350,"height":200,"srcset":"https:\/\/i0.wp.com\/pohjanmaantehtaanmyymala.fi\/wp-content\/uploads\/2023\/11\/Ergo-korkeussaadettava-tyopoyta-veivilla.jpg?fit=960%2C960&ssl=1&resize=350%2C200 1x, https:\/\/i0.wp.com\/pohjanmaantehtaanmyymala.fi\/wp-content\/uploads\/2023\/11\/Ergo-korkeussaadettava-tyopoyta-veivilla.jpg?fit=960%2C960&ssl=1&resize=525%2C300 1.5x, https:\/\/i0.wp.com\/pohjanmaantehtaanmyymala.fi\/wp-content\/uploads\/2023\/11\/Ergo-korkeussaadettava-tyopoyta-veivilla.jpg?fit=960%2C960&ssl=1&resize=700%2C400 2x"},"classes":[]},{"id":24113,"url":"https:\/\/pohjanmaantehtaanmyymala.fi\/sv\/tuote\/ergo-korkeussaadettava-tyopoyta-135x67-cm\/","url_meta":{"origin":24206,"position":5},"title":"Ergo korkeuss\u00e4\u00e4dett\u00e4v\u00e4 ty\u00f6p\u00f6yt\u00e4 135&#215;67 cm","author":"Sami Viitala","date":"november 16, 2023","format":false,"excerpt":"Nyt Hiipakan s\u00e4\u00e4t\u00f6p\u00f6yt\u00e4 edullisesti! Valitse v\u00e4ri!","rel":"","context":"Liknande produkt","block_context":{"text":"Liknande produkt","link":""},"img":{"alt_text":"Ergo s\u00e4\u00e4t\u00f6p\u00f6yt\u00e4 veivill\u00e4 hopeajalava kansi 135x67 cm ja musta jalka","src":"https:\/\/i0.wp.com\/pohjanmaantehtaanmyymala.fi\/wp-content\/uploads\/2023\/11\/Ergo_tyopoyta_veivilla_1.jpg?fit=960%2C960&ssl=1&resize=350%2C200","width":350,"height":200,"srcset":"https:\/\/i0.wp.com\/pohjanmaantehtaanmyymala.fi\/wp-content\/uploads\/2023\/11\/Ergo_tyopoyta_veivilla_1.jpg?fit=960%2C960&ssl=1&resize=350%2C200 1x, https:\/\/i0.wp.com\/pohjanmaantehtaanmyymala.fi\/wp-content\/uploads\/2023\/11\/Ergo_tyopoyta_veivilla_1.jpg?fit=960%2C960&ssl=1&resize=525%2C300 1.5x, https:\/\/i0.wp.com\/pohjanmaantehtaanmyymala.fi\/wp-content\/uploads\/2023\/11\/Ergo_tyopoyta_veivilla_1.jpg?fit=960%2C960&ssl=1&resize=700%2C400 2x"},"classes":[]}],"_links":{"self":[{"href":"https:\/\/pohjanmaantehtaanmyymala.fi\/sv\/wp-json\/wp\/v2\/product\/24206","targetHints":{"allow":["GET"]}}],"collection":[{"href":"https:\/\/pohjanmaantehtaanmyymala.fi\/sv\/wp-json\/wp\/v2\/product"}],"about":[{"href":"https:\/\/pohjanmaantehtaanmyymala.fi\/sv\/wp-json\/wp\/v2\/types\/product"}],"replies":[{"embeddable":true,"href":"https:\/\/pohjanmaantehtaanmyymala.fi\/sv\/wp-json\/wp\/v2\/comments?post=24206"}],"wp:featuredmedia":[{"embeddable":true,"href":"https:\/\/pohjanmaantehtaanmyymala.fi\/sv\/wp-json\/wp\/v2\/media\/24212"}],"wp:attachment":[{"href":"https:\/\/pohjanmaantehtaanmyymala.fi\/sv\/wp-json\/wp\/v2\/media?parent=24206"}],"wp:term":[{"taxonomy":"product_brand","embeddable":true,"href":"https:\/\/pohjanmaantehtaanmyymala.fi\/sv\/wp-json\/wp\/v2\/product_brand?post=24206"},{"taxonomy":"product_cat","embeddable":true,"href":"https:\/\/pohjanmaantehtaanmyymala.fi\/sv\/wp-json\/wp\/v2\/product_cat?post=24206"},{"taxonomy":"product_tag","embeddable":true,"href":"https:\/\/pohjanmaantehtaanmyymala.fi\/sv\/wp-json\/wp\/v2\/product_tag?post=24206"}],"curies":[{"name":"wp","href":"https:\/\/api.w.org\/{rel}","templated":true}]}}