{"id":24164,"date":"2023-11-17T17:49:47","date_gmt":"2023-11-17T15:49:47","guid":{"rendered":"https:\/\/pohjanmaantehtaanmyymala.fi\/?post_type=product&#038;p=24164"},"modified":"2026-04-02T12:23:35","modified_gmt":"2026-04-02T10:23:35","slug":"dione-easy-care-matto-160x230-cm","status":"publish","type":"product","link":"https:\/\/pohjanmaantehtaanmyymala.fi\/sv\/tuote\/dione-easy-care-matto-160x230-cm\/","title":{"rendered":"Dione easy care matto 160&#215;230 cm"},"content":{"rendered":"<p><strong>Poistuu valikoimasta, tarkista saatavuus <a href=\"https:\/\/pohjanmaantehtaanmyymala.fi\/asiakaspalvelu\/\">myynnist\u00e4mme.<\/a><\/strong><\/p>\n<p>Dione Easy Care on pehme\u00e4pintainen, likaa hylkiv\u00e4 ja siten helppohoitonen matto vaativampaankin k\u00e4ytt\u00f6\u00f6n. Matto on my\u00f6s p\u00f6ly\u00e4m\u00e4t\u00f6n, eli antistaattinen, joten se sopii my\u00f6s p\u00f6lyallergikoille. Maton anti-slip-pohjaus tekee matosta luistamattoman jalan alla. Matto k\u00e4y my\u00f6s lattial\u00e4mmityksen kanssa. Matto on vesipest\u00e4v\u00e4, max. 30\u009d C\u00b0 pesu. Matossa on lis\u00e4ksi hyv\u00e4 valonkesto, joten se s\u00e4ilytt\u00e4\u00e4 v\u00e4rins\u00e4 v\u00e4h\u00e4n aurinkoisemmassakin paikassa ollessa.<\/p>\n<p>Easy Care matot ovat nanoteknologiaan perustuvia likaa hylkivi\u00e4 mattoja.<\/p>\n<p>Mattoa on saatavana kahdella eri v\u00e4rill\u00e4 ja my\u00f6s <a href=\"https:\/\/pohjanmaantehtaanmyymala.fi\/tuote\/dione-easy-care-matto-200x290-cm\/\">200&#215;290 cm:n koossa.<\/a><\/p>\n","protected":false},"excerpt":{"rendered":"<p>Easy Care matto on nanoteknologiaan perustuva likaa hylkiv\u00e4 mattosarja.<\/p>\n","protected":false},"featured_media":24143,"comment_status":"closed","ping_status":"closed","template":"","meta":{"_acf_changed":false,"jetpack_post_was_ever_published":false,"jetpack_publicize_message":"","jetpack_publicize_feature_enabled":true,"jetpack_social_post_already_shared":true,"jetpack_social_options":{"image_generator_settings":{"template":"highway","default_image_id":0,"font":"","enabled":false},"version":2}},"product_brand":[243],"product_cat":[210],"product_tag":[],"class_list":{"0":"post-24164","1":"product","2":"type-product","3":"status-publish","4":"has-post-thumbnail","6":"product_brand-villages","7":"product_cat-matot","8":"pa_vari-harmaa","9":"pa_vari-taupe","11":"first","12":"instock","13":"sale","14":"shipping-taxable","15":"purchasable","16":"product-type-variable"},"acf":[],"jetpack_publicize_connections":[],"jetpack_sharing_enabled":true,"jetpack-related-posts":[{"id":24134,"url":"https:\/\/pohjanmaantehtaanmyymala.fi\/sv\/tuote\/dione-easy-care-matto-200x290-cm\/","url_meta":{"origin":24164,"position":0},"title":"Dione easy care matto 200&#215;290 cm","author":"Sami Viitala","date":"november 17, 2023","format":false,"excerpt":"Helppohoitoinen matto kovaankin k\u00e4ytt\u00f6\u00f6n.","rel":"","context":"Liknande produkt","block_context":{"text":"Liknande produkt","link":""},"img":{"alt_text":"Dione matto harmaa 160x230 cm ruokaryhm\u00e4n alla","src":"https:\/\/i0.wp.com\/pohjanmaantehtaanmyymala.fi\/wp-content\/uploads\/2023\/11\/Dione_matto_harmaa2-scaled.jpg?fit=1200%2C1200&ssl=1&resize=350%2C200","width":350,"height":200,"srcset":"https:\/\/i0.wp.com\/pohjanmaantehtaanmyymala.fi\/wp-content\/uploads\/2023\/11\/Dione_matto_harmaa2-scaled.jpg?fit=1200%2C1200&ssl=1&resize=350%2C200 1x, https:\/\/i0.wp.com\/pohjanmaantehtaanmyymala.fi\/wp-content\/uploads\/2023\/11\/Dione_matto_harmaa2-scaled.jpg?fit=1200%2C1200&ssl=1&resize=525%2C300 1.5x, https:\/\/i0.wp.com\/pohjanmaantehtaanmyymala.fi\/wp-content\/uploads\/2023\/11\/Dione_matto_harmaa2-scaled.jpg?fit=1200%2C1200&ssl=1&resize=700%2C400 2x, https:\/\/i0.wp.com\/pohjanmaantehtaanmyymala.fi\/wp-content\/uploads\/2023\/11\/Dione_matto_harmaa2-scaled.jpg?fit=1200%2C1200&ssl=1&resize=1050%2C600 3x"},"classes":[]},{"id":19905,"url":"https:\/\/pohjanmaantehtaanmyymala.fi\/sv\/tuote\/carissa-easy-care-matto-160x230-cm\/","url_meta":{"origin":24164,"position":1},"title":"Carissa easy care matto 160&#215;230 cm","author":"Sami Viitala","date":"februari 25, 2022","format":false,"excerpt":"Easy Care matto on nanoteknologiaan perustuva likaa hylkiv\u00e4 mattosarja.","rel":"","context":"Liknande produkt","block_context":{"text":"Liknande produkt","link":""},"img":{"alt_text":"Carissa Easy care matto okra milj\u00f6\u00f6","src":"https:\/\/i0.wp.com\/pohjanmaantehtaanmyymala.fi\/wp-content\/uploads\/2022\/02\/Carissa_okra_villages-5.jpg?fit=768%2C768&ssl=1&resize=350%2C200","width":350,"height":200,"srcset":"https:\/\/i0.wp.com\/pohjanmaantehtaanmyymala.fi\/wp-content\/uploads\/2022\/02\/Carissa_okra_villages-5.jpg?fit=768%2C768&ssl=1&resize=350%2C200 1x, https:\/\/i0.wp.com\/pohjanmaantehtaanmyymala.fi\/wp-content\/uploads\/2022\/02\/Carissa_okra_villages-5.jpg?fit=768%2C768&ssl=1&resize=525%2C300 1.5x, https:\/\/i0.wp.com\/pohjanmaantehtaanmyymala.fi\/wp-content\/uploads\/2022\/02\/Carissa_okra_villages-5.jpg?fit=768%2C768&ssl=1&resize=700%2C400 2x"},"classes":[]},{"id":18164,"url":"https:\/\/pohjanmaantehtaanmyymala.fi\/sv\/tuote\/vm-carpet-tunturi-matto\/","url_meta":{"origin":24164,"position":2},"title":"VM Carpet Tunturi-matto","author":"Sami Viitala","date":"september 30, 2021","format":false,"excerpt":"Laadukas paperinaru-villamatto kodin oleskelu- ja julkisiin tiloihin.","rel":"","context":"Liknande produkt","block_context":{"text":"Liknande produkt","link":""},"img":{"alt_text":"","src":"https:\/\/i0.wp.com\/pohjanmaantehtaanmyymala.fi\/wp-content\/uploads\/2021\/09\/Tunturi-detalji-pien.jpg?fit=960%2C960&ssl=1&resize=350%2C200","width":350,"height":200,"srcset":"https:\/\/i0.wp.com\/pohjanmaantehtaanmyymala.fi\/wp-content\/uploads\/2021\/09\/Tunturi-detalji-pien.jpg?fit=960%2C960&ssl=1&resize=350%2C200 1x, https:\/\/i0.wp.com\/pohjanmaantehtaanmyymala.fi\/wp-content\/uploads\/2021\/09\/Tunturi-detalji-pien.jpg?fit=960%2C960&ssl=1&resize=525%2C300 1.5x, https:\/\/i0.wp.com\/pohjanmaantehtaanmyymala.fi\/wp-content\/uploads\/2021\/09\/Tunturi-detalji-pien.jpg?fit=960%2C960&ssl=1&resize=700%2C400 2x"},"classes":[]},{"id":24449,"url":"https:\/\/pohjanmaantehtaanmyymala.fi\/sv\/tuote\/jasmin-matto-o-160-cm\/","url_meta":{"origin":24164,"position":3},"title":"Jasmin py\u00f6re\u00e4 matto \u00d8 160 cm","author":"Sami Viitala","date":"december 5, 2023","format":false,"excerpt":"Kaunis sikkisentuntuinen nukkamatto. Valitse v\u00e4ri!","rel":"","context":"Liknande produkt","block_context":{"text":"Liknande produkt","link":""},"img":{"alt_text":"Villages Jasmine matto py\u00f6re\u00e4 160 cm valkoinen","src":"https:\/\/i0.wp.com\/pohjanmaantehtaanmyymala.fi\/wp-content\/uploads\/2023\/12\/Jasmine_valk_pyorea_detalje.jpg?fit=960%2C960&ssl=1&resize=350%2C200","width":350,"height":200,"srcset":"https:\/\/i0.wp.com\/pohjanmaantehtaanmyymala.fi\/wp-content\/uploads\/2023\/12\/Jasmine_valk_pyorea_detalje.jpg?fit=960%2C960&ssl=1&resize=350%2C200 1x, https:\/\/i0.wp.com\/pohjanmaantehtaanmyymala.fi\/wp-content\/uploads\/2023\/12\/Jasmine_valk_pyorea_detalje.jpg?fit=960%2C960&ssl=1&resize=525%2C300 1.5x, https:\/\/i0.wp.com\/pohjanmaantehtaanmyymala.fi\/wp-content\/uploads\/2023\/12\/Jasmine_valk_pyorea_detalje.jpg?fit=960%2C960&ssl=1&resize=700%2C400 2x"},"classes":[]},{"id":18277,"url":"https:\/\/pohjanmaantehtaanmyymala.fi\/sv\/tuote\/vm-carpet-rustiikki-matto\/","url_meta":{"origin":24164,"position":4},"title":"VM Carpet Rustiikki-matto","author":"Sami Viitala","date":"oktober 4, 2021","format":false,"excerpt":"Monivivahteiset v\u00e4rit ovat antavat t\u00e4lle matolle todellista luonnetta.","rel":"","context":"Liknande produkt","block_context":{"text":"Liknande produkt","link":""},"img":{"alt_text":"VM Capet Rustiikki-matto sininen kavilassa","src":"https:\/\/i0.wp.com\/pohjanmaantehtaanmyymala.fi\/wp-content\/uploads\/2021\/10\/Rustiikki-matto-sininen.jpg?fit=960%2C960&ssl=1&resize=350%2C200","width":350,"height":200,"srcset":"https:\/\/i0.wp.com\/pohjanmaantehtaanmyymala.fi\/wp-content\/uploads\/2021\/10\/Rustiikki-matto-sininen.jpg?fit=960%2C960&ssl=1&resize=350%2C200 1x, https:\/\/i0.wp.com\/pohjanmaantehtaanmyymala.fi\/wp-content\/uploads\/2021\/10\/Rustiikki-matto-sininen.jpg?fit=960%2C960&ssl=1&resize=525%2C300 1.5x, https:\/\/i0.wp.com\/pohjanmaantehtaanmyymala.fi\/wp-content\/uploads\/2021\/10\/Rustiikki-matto-sininen.jpg?fit=960%2C960&ssl=1&resize=700%2C400 2x"},"classes":[]},{"id":21887,"url":"https:\/\/pohjanmaantehtaanmyymala.fi\/sv\/tuote\/narma-kursi-kakspuolinen-puuvillamatto-160x230-cm\/","url_meta":{"origin":24164,"position":5},"title":"Narma Kursi kakspuolinen puuvillamatto 160&#215;230 cm","author":"Sami Viitala","date":"december 7, 2022","format":false,"excerpt":"Kaksipuolinen chenille-matto kodin oleskelutiloihin.","rel":"","context":"Liknande produkt","block_context":{"text":"Liknande produkt","link":""},"img":{"alt_text":"Harmaa Narma Kursi kakspuoleinen matto kulma taitettuna","src":"https:\/\/i0.wp.com\/pohjanmaantehtaanmyymala.fi\/wp-content\/uploads\/2022\/12\/Kursi-matto-harmaa-taitettuna-detalj-960.jpg?fit=960%2C960&ssl=1&resize=350%2C200","width":350,"height":200,"srcset":"https:\/\/i0.wp.com\/pohjanmaantehtaanmyymala.fi\/wp-content\/uploads\/2022\/12\/Kursi-matto-harmaa-taitettuna-detalj-960.jpg?fit=960%2C960&ssl=1&resize=350%2C200 1x, https:\/\/i0.wp.com\/pohjanmaantehtaanmyymala.fi\/wp-content\/uploads\/2022\/12\/Kursi-matto-harmaa-taitettuna-detalj-960.jpg?fit=960%2C960&ssl=1&resize=525%2C300 1.5x, https:\/\/i0.wp.com\/pohjanmaantehtaanmyymala.fi\/wp-content\/uploads\/2022\/12\/Kursi-matto-harmaa-taitettuna-detalj-960.jpg?fit=960%2C960&ssl=1&resize=700%2C400 2x"},"classes":[]}],"_links":{"self":[{"href":"https:\/\/pohjanmaantehtaanmyymala.fi\/sv\/wp-json\/wp\/v2\/product\/24164","targetHints":{"allow":["GET"]}}],"collection":[{"href":"https:\/\/pohjanmaantehtaanmyymala.fi\/sv\/wp-json\/wp\/v2\/product"}],"about":[{"href":"https:\/\/pohjanmaantehtaanmyymala.fi\/sv\/wp-json\/wp\/v2\/types\/product"}],"replies":[{"embeddable":true,"href":"https:\/\/pohjanmaantehtaanmyymala.fi\/sv\/wp-json\/wp\/v2\/comments?post=24164"}],"wp:featuredmedia":[{"embeddable":true,"href":"https:\/\/pohjanmaantehtaanmyymala.fi\/sv\/wp-json\/wp\/v2\/media\/24143"}],"wp:attachment":[{"href":"https:\/\/pohjanmaantehtaanmyymala.fi\/sv\/wp-json\/wp\/v2\/media?parent=24164"}],"wp:term":[{"taxonomy":"product_brand","embeddable":true,"href":"https:\/\/pohjanmaantehtaanmyymala.fi\/sv\/wp-json\/wp\/v2\/product_brand?post=24164"},{"taxonomy":"product_cat","embeddable":true,"href":"https:\/\/pohjanmaantehtaanmyymala.fi\/sv\/wp-json\/wp\/v2\/product_cat?post=24164"},{"taxonomy":"product_tag","embeddable":true,"href":"https:\/\/pohjanmaantehtaanmyymala.fi\/sv\/wp-json\/wp\/v2\/product_tag?post=24164"}],"curies":[{"name":"wp","href":"https:\/\/api.w.org\/{rel}","templated":true}]}}