{"id":24091,"date":"2023-11-15T15:14:36","date_gmt":"2023-11-15T13:14:36","guid":{"rendered":"https:\/\/pohjanmaantehtaanmyymala.fi\/?post_type=product&#038;p=24091"},"modified":"2023-11-15T17:37:35","modified_gmt":"2023-11-15T15:37:35","slug":"aadda-24-7-tyotuoli-musta","status":"publish","type":"product","link":"https:\/\/pohjanmaantehtaanmyymala.fi\/sv\/tuote\/aadda-24-7-tyotuoli-musta\/","title":{"rendered":"Aada 24\/7 ty\u00f6tuoli musta"},"content":{"rendered":"<p>Aada 24\/7 (ent. 594 XXL) ty\u00f6tuoli soveltuu my\u00f6s v\u00e4h\u00e4n painavammallekin istujalle aina 180 kiloon saakka. Tuolissa ovat monipuoliset s\u00e4\u00e4d\u00f6t, jotka helpottavat l\u00f6yt\u00e4m\u00e4\u00e4n sopivan istuma-asenon p\u00e4\u00e4tety\u00f6nkentely\u00e4 varten. Aada mekanismilla voidaan s\u00e4\u00e4t\u00e4\u00e4 istuimen ja selk\u00e4nojan korkeutta sek\u00e4 kaltevuutta. Kallistuksen vastus s\u00e4\u00e4tyy automaattisesti istujan painon mukaan. K\u00e4sinojat ovat helposti irrotettavissa ilman ty\u00f6kaluja.<\/p>\n<p>Aada ty\u00f6tuoli sopii hyvin ammattik\u00e4ytt\u00f6\u00f6n toimistoon ja kotikonttoriin.<\/p>\n<p>Takuu on 2 vuotta.<\/p>\n<p>Kysy saatavuus- ja lis\u00e4tietoa <a href=\"https:\/\/pohjanmaantehtaanmyymala.fi\/yhteys\/\">myynnist\u00e4mme!<\/a><\/p>\n<h3><strong>Tuotetiedot:<\/strong><\/h3>\n<p>Istuin: pehmustettua 18 mm (norm. 14 mm) vaneria.<br \/>\nSelk\u00e4noja: pehmustettua 16 mm (norm. 12 mm) vaneria.<br \/>\nVerhoilu: 100 % polyesterikangas, Martindale 100 000, SL1.<br \/>\nJalusta: musta \u00f870 cm muoviristikko<br \/>\nKaasujousi: normaalia vahvempi malli.<br \/>\nMekaniemi: Selk\u00e4nojan korkeudens\u00e4\u00e4t\u00f6. Istuinkaltevuuden s\u00e4\u00e4t\u00f6. Keinumekanismin s\u00e4\u00e4t\u00f6 istujan painon mukaan. Etunojan lukitus. Istuinosan syvyydens\u00e4\u00e4t\u00f6. K\u00e4sinojien s\u00e4\u00e4t\u00f6 korkeus- ja sivusuuntaan.<br \/>\nPy\u00f6r\u00e4t: 60 mm vapaasti py\u00f6riv\u00e4t py\u00f6r\u00e4t kovalle lattialle.<\/p>\n<h4>Mitat:<\/h4>\n<p>Istuinkorkeus 51\u201359 cm<br \/>\nIstuinleveys: 53 cm<br \/>\nIstuinsyvyys: 51 cm<br \/>\nSelk\u00e4nojan leveys: 49 cm<br \/>\nSelk\u00e4nojan korkeus: 56 cm<br \/>\nPainoraja 180 kg.<\/p>\n<p>Laatikon koko: 75x35x67cm, 24 kg.<\/p>\n<p>Tuote toimitetaan osina laatikossa.<\/p>\n<div class=\"elementor-element elementor-element-15793cb elementor-widget elementor-widget-text-editor\" data-id=\"15793cb\" data-element_type=\"widget\" data-widget_type=\"text-editor.default\">\n<div class=\"elementor-widget-container\">\n<div class=\"elementor-text-editor elementor-clearfix\">\n<p>&nbsp;<\/p>\n<\/div>\n<\/div>\n<\/div>\n","protected":false},"excerpt":{"rendered":"<p>\u200bTy\u00f6tuoli, joka on suunniteltu kovaan k\u00e4ytt\u00f6\u00f6n.<\/p>\n","protected":false},"featured_media":24095,"comment_status":"closed","ping_status":"closed","template":"","meta":{"_acf_changed":false,"jetpack_post_was_ever_published":false,"jetpack_publicize_message":"","jetpack_publicize_feature_enabled":true,"jetpack_social_post_already_shared":true,"jetpack_social_options":{"image_generator_settings":{"template":"highway","default_image_id":0,"font":"","enabled":false},"version":2}},"product_brand":[434],"product_cat":[197,381],"product_tag":[397,400,398],"class_list":{"0":"post-24091","1":"product","2":"type-product","3":"status-publish","4":"has-post-thumbnail","6":"product_brand-q-furnisher","7":"product_cat-toimistokalusteet","8":"product_cat-tyotuolit","9":"product_tag-konttorituoli","10":"product_tag-optikontuoli","11":"product_tag-teollisuustuoli","12":"product_shipping_class-161","14":"first","15":"instock","16":"sale","17":"purchasable","18":"product-type-simple"},"acf":[],"jetpack_publicize_connections":[],"jetpack_sharing_enabled":true,"jetpack-related-posts":[{"id":19587,"url":"https:\/\/pohjanmaantehtaanmyymala.fi\/sv\/tuote\/pohjanmaan-aada-avokulmasohva\/","url_meta":{"origin":24091,"position":0},"title":"Pohjanmaan AADA \u2013 avokulmasohva","author":"Sami Viitala","date":"januari 17, 2022","format":false,"excerpt":"Pohjanmaan Aada avokulmasohva Rodeo-kangasverhoilulla joko oikea- tai vasenk\u00e4tisen\u00e4.","rel":"","context":"Liknande produkt","block_context":{"text":"Liknande produkt","link":""},"img":{"alt_text":"Aada avokulma oikeak\u00e4tinen harmaa Rodeo kangas","src":"https:\/\/i0.wp.com\/pohjanmaantehtaanmyymala.fi\/wp-content\/uploads\/2022\/01\/Pohjanmaan_Aada_kulmasohva_oikea.jpg?fit=960%2C960&ssl=1&resize=350%2C200","width":350,"height":200,"srcset":"https:\/\/i0.wp.com\/pohjanmaantehtaanmyymala.fi\/wp-content\/uploads\/2022\/01\/Pohjanmaan_Aada_kulmasohva_oikea.jpg?fit=960%2C960&ssl=1&resize=350%2C200 1x, https:\/\/i0.wp.com\/pohjanmaantehtaanmyymala.fi\/wp-content\/uploads\/2022\/01\/Pohjanmaan_Aada_kulmasohva_oikea.jpg?fit=960%2C960&ssl=1&resize=525%2C300 1.5x, https:\/\/i0.wp.com\/pohjanmaantehtaanmyymala.fi\/wp-content\/uploads\/2022\/01\/Pohjanmaan_Aada_kulmasohva_oikea.jpg?fit=960%2C960&ssl=1&resize=700%2C400 2x"},"classes":[]},{"id":10937,"url":"https:\/\/pohjanmaantehtaanmyymala.fi\/sv\/tuote\/pohjanmaan-aada-sohva-3-istuttava-rodeo-kankaalla\/","url_meta":{"origin":24091,"position":1},"title":"Pohjanmaan AADA \u2013 3-istuttava sohva,","author":"petri","date":"september 14, 2019","format":false,"excerpt":"Pohjanmaan kangasverhoiltu sohva Aada-sohva on tylik\u00e4s valinta kotisi sohvaksi. Sohva on verhoiltu likaahylkiv\u00e4ll\u00e4 ja helppohoitoisella Rodeo-kankaalla, jossa on useita eri v\u00e4rivaihtoehtoja. Niist\u00e4 voit valita sohvaasi juuri sinun kotiin sopivan v\u00e4rin, joko sitten turvallisen harmaans\u00e4vyn tai vaikka pirte\u00e4n pinkin v\u00e4rin. Aada -sohvan istuin- ja selk\u00e4nojapehmusteet tarjoavat istujalle j\u00e4m\u00e4k\u00e4n ja ryhdikk\u00e4\u00e4n istuma-asennon.\u2026","rel":"","context":"Liknande produkt","block_context":{"text":"Liknande produkt","link":""},"img":{"alt_text":"","src":"https:\/\/i0.wp.com\/pohjanmaantehtaanmyymala.fi\/wp-content\/uploads\/2019\/09\/Aada_3_istuttava.jpg?fit=960%2C960&ssl=1&resize=350%2C200","width":350,"height":200,"srcset":"https:\/\/i0.wp.com\/pohjanmaantehtaanmyymala.fi\/wp-content\/uploads\/2019\/09\/Aada_3_istuttava.jpg?fit=960%2C960&ssl=1&resize=350%2C200 1x, https:\/\/i0.wp.com\/pohjanmaantehtaanmyymala.fi\/wp-content\/uploads\/2019\/09\/Aada_3_istuttava.jpg?fit=960%2C960&ssl=1&resize=525%2C300 1.5x, https:\/\/i0.wp.com\/pohjanmaantehtaanmyymala.fi\/wp-content\/uploads\/2019\/09\/Aada_3_istuttava.jpg?fit=960%2C960&ssl=1&resize=700%2C400 2x"},"classes":[]},{"id":10941,"url":"https:\/\/pohjanmaantehtaanmyymala.fi\/sv\/tuote\/pohjanmaan-aada-sohva-2-istuttava-rodeo-kankaalla\/","url_meta":{"origin":24091,"position":2},"title":"Pohjanmaan AADA 2 -istuttava sohva, Rodeo -kankaalla","author":"petri","date":"september 14, 2019","format":false,"excerpt":"Voit valita sohva useasta eri v\u00e4rist\u00e4.","rel":"","context":"Liknande produkt","block_context":{"text":"Liknande produkt","link":""},"img":{"alt_text":"","src":"https:\/\/i0.wp.com\/pohjanmaantehtaanmyymala.fi\/wp-content\/uploads\/2019\/09\/Aada_2_istuttava.jpg?fit=960%2C960&ssl=1&resize=350%2C200","width":350,"height":200,"srcset":"https:\/\/i0.wp.com\/pohjanmaantehtaanmyymala.fi\/wp-content\/uploads\/2019\/09\/Aada_2_istuttava.jpg?fit=960%2C960&ssl=1&resize=350%2C200 1x, https:\/\/i0.wp.com\/pohjanmaantehtaanmyymala.fi\/wp-content\/uploads\/2019\/09\/Aada_2_istuttava.jpg?fit=960%2C960&ssl=1&resize=525%2C300 1.5x, https:\/\/i0.wp.com\/pohjanmaantehtaanmyymala.fi\/wp-content\/uploads\/2019\/09\/Aada_2_istuttava.jpg?fit=960%2C960&ssl=1&resize=700%2C400 2x"},"classes":[]},{"id":10944,"url":"https:\/\/pohjanmaantehtaanmyymala.fi\/sv\/tuote\/pohjanmaan-aada-sohvakalustorodeo-kankaalla\/","url_meta":{"origin":24091,"position":3},"title":"Pohjanmaan AADA \u2013 sohvakalusto 3+2","author":"petri","date":"september 14, 2019","format":false,"excerpt":"Pohjanmaan Aada 3+2 -sohvat kangasverhoilulla T\u00e4m\u00e4 sohva on varma valinta kotisi sohvaksi. Sohva on verhoiltu likaahylkiv\u00e4ll\u00e4 ja helppohoitoisella Rodeo-kankaalla, jossa on useita eri v\u00e4rivaihtoehtoja. Niist\u00e4 voit valita sohvaasi juuri sinun kotiin sopivan v\u00e4rin, joko sitten turvallisen harmaans\u00e4vyn tai vaikka pirte\u00e4n pinkin v\u00e4rin. Aada -sohvan istuin- ja selk\u00e4nojapehmusteet tarjoavat istujalle j\u00e4m\u00e4k\u00e4n\u2026","rel":"","context":"Liknande produkt","block_context":{"text":"Liknande produkt","link":""},"img":{"alt_text":"","src":"https:\/\/i0.wp.com\/pohjanmaantehtaanmyymala.fi\/wp-content\/uploads\/2019\/09\/Aada_sohvakalusto.jpg?fit=960%2C960&ssl=1&resize=350%2C200","width":350,"height":200,"srcset":"https:\/\/i0.wp.com\/pohjanmaantehtaanmyymala.fi\/wp-content\/uploads\/2019\/09\/Aada_sohvakalusto.jpg?fit=960%2C960&ssl=1&resize=350%2C200 1x, https:\/\/i0.wp.com\/pohjanmaantehtaanmyymala.fi\/wp-content\/uploads\/2019\/09\/Aada_sohvakalusto.jpg?fit=960%2C960&ssl=1&resize=525%2C300 1.5x, https:\/\/i0.wp.com\/pohjanmaantehtaanmyymala.fi\/wp-content\/uploads\/2019\/09\/Aada_sohvakalusto.jpg?fit=960%2C960&ssl=1&resize=700%2C400 2x"},"classes":[]},{"id":23277,"url":"https:\/\/pohjanmaantehtaanmyymala.fi\/sv\/tuote\/kt-2022-tyotuoli\/","url_meta":{"origin":24091,"position":4},"title":"KT-2022 ty\u00f6tuoli","author":"Sami Viitala","date":"september 2, 2023","format":false,"excerpt":"Perusty\u00f6tuoli kovaan vaikka teollisuus k\u00e4ytt\u00f6\u00f6n.","rel":"","context":"Liknande produkt","block_context":{"text":"Liknande produkt","link":""},"img":{"alt_text":"KT-2022 ty\u00f6tuoli","src":"https:\/\/i0.wp.com\/pohjanmaantehtaanmyymala.fi\/wp-content\/uploads\/2023\/09\/KT-201-tyotuoli.jpg?fit=960%2C960&ssl=1&resize=350%2C200","width":350,"height":200,"srcset":"https:\/\/i0.wp.com\/pohjanmaantehtaanmyymala.fi\/wp-content\/uploads\/2023\/09\/KT-201-tyotuoli.jpg?fit=960%2C960&ssl=1&resize=350%2C200 1x, https:\/\/i0.wp.com\/pohjanmaantehtaanmyymala.fi\/wp-content\/uploads\/2023\/09\/KT-201-tyotuoli.jpg?fit=960%2C960&ssl=1&resize=525%2C300 1.5x, https:\/\/i0.wp.com\/pohjanmaantehtaanmyymala.fi\/wp-content\/uploads\/2023\/09\/KT-201-tyotuoli.jpg?fit=960%2C960&ssl=1&resize=700%2C400 2x"},"classes":[]},{"id":24072,"url":"https:\/\/pohjanmaantehtaanmyymala.fi\/sv\/tuote\/miro-tyotuoli-musta\/","url_meta":{"origin":24091,"position":5},"title":"Miro ty\u00f6tuoli musta","author":"Sami Viitala","date":"november 15, 2023","format":false,"excerpt":"\u200bMukanvan miellytt\u00e4v\u00e4 ja hillitty ty\u00f6tuoli.","rel":"","context":"Liknande produkt","block_context":{"text":"Liknande produkt","link":""},"img":{"alt_text":"Miro ty\u00f6tuoli verkkoselk\u00e4 musta k\u00e4sinojilla","src":"https:\/\/i0.wp.com\/pohjanmaantehtaanmyymala.fi\/wp-content\/uploads\/2023\/11\/Miro-tyotuoli-musta-5.jpg?fit=960%2C960&ssl=1&resize=350%2C200","width":350,"height":200,"srcset":"https:\/\/i0.wp.com\/pohjanmaantehtaanmyymala.fi\/wp-content\/uploads\/2023\/11\/Miro-tyotuoli-musta-5.jpg?fit=960%2C960&ssl=1&resize=350%2C200 1x, https:\/\/i0.wp.com\/pohjanmaantehtaanmyymala.fi\/wp-content\/uploads\/2023\/11\/Miro-tyotuoli-musta-5.jpg?fit=960%2C960&ssl=1&resize=525%2C300 1.5x, https:\/\/i0.wp.com\/pohjanmaantehtaanmyymala.fi\/wp-content\/uploads\/2023\/11\/Miro-tyotuoli-musta-5.jpg?fit=960%2C960&ssl=1&resize=700%2C400 2x"},"classes":[]}],"_links":{"self":[{"href":"https:\/\/pohjanmaantehtaanmyymala.fi\/sv\/wp-json\/wp\/v2\/product\/24091","targetHints":{"allow":["GET"]}}],"collection":[{"href":"https:\/\/pohjanmaantehtaanmyymala.fi\/sv\/wp-json\/wp\/v2\/product"}],"about":[{"href":"https:\/\/pohjanmaantehtaanmyymala.fi\/sv\/wp-json\/wp\/v2\/types\/product"}],"replies":[{"embeddable":true,"href":"https:\/\/pohjanmaantehtaanmyymala.fi\/sv\/wp-json\/wp\/v2\/comments?post=24091"}],"wp:featuredmedia":[{"embeddable":true,"href":"https:\/\/pohjanmaantehtaanmyymala.fi\/sv\/wp-json\/wp\/v2\/media\/24095"}],"wp:attachment":[{"href":"https:\/\/pohjanmaantehtaanmyymala.fi\/sv\/wp-json\/wp\/v2\/media?parent=24091"}],"wp:term":[{"taxonomy":"product_brand","embeddable":true,"href":"https:\/\/pohjanmaantehtaanmyymala.fi\/sv\/wp-json\/wp\/v2\/product_brand?post=24091"},{"taxonomy":"product_cat","embeddable":true,"href":"https:\/\/pohjanmaantehtaanmyymala.fi\/sv\/wp-json\/wp\/v2\/product_cat?post=24091"},{"taxonomy":"product_tag","embeddable":true,"href":"https:\/\/pohjanmaantehtaanmyymala.fi\/sv\/wp-json\/wp\/v2\/product_tag?post=24091"}],"curies":[{"name":"wp","href":"https:\/\/api.w.org\/{rel}","templated":true}]}}