{"id":24072,"date":"2023-11-15T14:27:18","date_gmt":"2023-11-15T12:27:18","guid":{"rendered":"https:\/\/pohjanmaantehtaanmyymala.fi\/?post_type=product&#038;p=24072"},"modified":"2023-11-15T17:40:14","modified_gmt":"2023-11-15T15:40:14","slug":"miro-tyotuoli-musta","status":"publish","type":"product","link":"https:\/\/pohjanmaantehtaanmyymala.fi\/sv\/tuote\/miro-tyotuoli-musta\/","title":{"rendered":"Miro ty\u00f6tuoli musta"},"content":{"rendered":"<p>Miro ty\u00f6tuoli on korkeaselk\u00e4inen ja niskatuellinen ty\u00f6tuoli, jossa selk\u00e4noja on hengitt\u00e4v\u00e4\u00e4 verkkokangasta. Tuolissa ovat monipuoliset s\u00e4\u00e4d\u00f6t, jotka helpottavat l\u00f6yt\u00e4m\u00e4\u00e4n sopivan istuma-asenon p\u00e4\u00e4tety\u00f6nkentely\u00e4 varten. Miron mekanismilla voidaan s\u00e4\u00e4t\u00e4\u00e4 istuimen ja selk\u00e4nojan korkeutta sek\u00e4 kaltevuutta. Kallistuksen vastus s\u00e4\u00e4tyy automaattisesti istujan painon mukaan.<\/p>\n<p>Miro ty\u00f6tuoli sopii hyvin ammattik\u00e4ytt\u00f6\u00f6n toimistoon ja kotikonttoriin.<\/p>\n<p>Takuu on 2 vuotta.<\/p>\n<p>Kysy saatavuus- ja lis\u00e4tietoa <a href=\"https:\/\/pohjanmaantehtaanmyymala.fi\/yhteys\/\">myynnist\u00e4mme!<\/a><\/p>\n<h3><strong>Tuotetiedot:<\/strong><\/h3>\n<p>Istuin: muovirunko, pehmusteena vaahtomuovi. Verhoiltu mesh-kankaalla, v\u00e4ri musta.<br \/>\nJalusta: must muoviristikko<br \/>\nKaasujousi: normaali<br \/>\nMekaniemi: Synkromekanismi istuimen syvyyss\u00e4\u00e4d\u00f6ll\u00e4. K\u00e4sinojien korkeudens\u00e4\u00e4t\u00f6. Niskatuen portaallinen ja ristisel\u00e4n portaaton tuen s\u00e4\u00e4t\u00f6.<br \/>\nPy\u00f6r\u00e4t: 60 mm vapaasti py\u00f6riv\u00e4t py\u00f6r\u00e4t kovalle lattialle.<\/p>\n<h4>Mitat:<\/h4>\n<p>istuinkorkeus 50-62 cm<br \/>\nistuimen leveys 50 cm<br \/>\nistuimen syvyys 50 cm<br \/>\nselk\u00e4nojan leveys 47 cm<br \/>\nselk\u00e4nojan korkeus (istuimesta yl\u00f6sp\u00e4in) 57 cm<br \/>\ntuolin kokonaisleveys 65 cm<br \/>\npainoraja 120 kg.<\/p>\n<p>Tuote toimitetaan osina laatikossa.<\/p>\n<div class=\"elementor-element elementor-element-15793cb elementor-widget elementor-widget-text-editor\" data-id=\"15793cb\" data-element_type=\"widget\" data-widget_type=\"text-editor.default\">\n<div class=\"elementor-widget-container\">\n<div class=\"elementor-text-editor elementor-clearfix\">\n<p>&nbsp;<\/p>\n<\/div>\n<\/div>\n<\/div>\n","protected":false},"excerpt":{"rendered":"<p>\u200bMukanvan miellytt\u00e4v\u00e4 ja hillitty ty\u00f6tuoli.<\/p>\n","protected":false},"featured_media":24082,"comment_status":"closed","ping_status":"closed","template":"","meta":{"_acf_changed":false,"jetpack_post_was_ever_published":false,"jetpack_publicize_message":"","jetpack_publicize_feature_enabled":true,"jetpack_social_post_already_shared":true,"jetpack_social_options":{"image_generator_settings":{"template":"highway","default_image_id":0,"font":"","enabled":false},"version":2}},"product_brand":[434],"product_cat":[197,381],"product_tag":[397,398,435],"class_list":{"0":"post-24072","1":"product","2":"type-product","3":"status-publish","4":"has-post-thumbnail","6":"product_brand-q-furnisher","7":"product_cat-toimistokalusteet","8":"product_cat-tyotuolit","9":"product_tag-konttorituoli","10":"product_tag-teollisuustuoli","11":"product_tag-toimistotuoli","12":"product_shipping_class-161","14":"first","15":"instock","16":"sale","17":"purchasable","18":"product-type-simple"},"acf":[],"jetpack_publicize_connections":[],"jetpack_sharing_enabled":true,"jetpack-related-posts":[{"id":25883,"url":"https:\/\/pohjanmaantehtaanmyymala.fi\/sv\/tuote\/trillo-21st-tyotuoli\/","url_meta":{"origin":24072,"position":0},"title":"Trillo 21ST-ty\u00f6tuoli","author":"Miro Nevala","date":"oktober 2, 2024","format":false,"excerpt":"Tyylik\u00e4s ty\u00f6tuoli, varustettuna hienostuneella keinumekanismilla.","rel":"","context":"Liknande produkt","block_context":{"text":"Liknande produkt","link":""},"img":{"alt_text":"Trillo 21ST ty\u00f6tuoli edest\u00e4","src":"https:\/\/i0.wp.com\/pohjanmaantehtaanmyymala.fi\/wp-content\/uploads\/2024\/02\/Trillo21ST-1-960dpi.jpg?fit=960%2C960&ssl=1&resize=350%2C200","width":350,"height":200,"srcset":"https:\/\/i0.wp.com\/pohjanmaantehtaanmyymala.fi\/wp-content\/uploads\/2024\/02\/Trillo21ST-1-960dpi.jpg?fit=960%2C960&ssl=1&resize=350%2C200 1x, https:\/\/i0.wp.com\/pohjanmaantehtaanmyymala.fi\/wp-content\/uploads\/2024\/02\/Trillo21ST-1-960dpi.jpg?fit=960%2C960&ssl=1&resize=525%2C300 1.5x, https:\/\/i0.wp.com\/pohjanmaantehtaanmyymala.fi\/wp-content\/uploads\/2024\/02\/Trillo21ST-1-960dpi.jpg?fit=960%2C960&ssl=1&resize=700%2C400 2x"},"classes":[]},{"id":25794,"url":"https:\/\/pohjanmaantehtaanmyymala.fi\/sv\/tuote\/comfo-two-tyotuoli\/","url_meta":{"origin":24072,"position":1},"title":"Comfo Two ty\u00f6tuoli k\u00e4sinojilla","author":"Miro Nevala","date":"februari 20, 2024","format":false,"excerpt":"Ergonominen ja monipuolisilla s\u00e4\u00e4t\u00f6mahdollisuuksilla varustettu ty\u00f6tuoli!","rel":"","context":"Liknande produkt","block_context":{"text":"Liknande produkt","link":""},"img":{"alt_text":"Comfo Two ty\u00f6tuoli musta","src":"https:\/\/i0.wp.com\/pohjanmaantehtaanmyymala.fi\/wp-content\/uploads\/2024\/02\/Comfo-Two-960dpi.jpg?fit=960%2C960&ssl=1&resize=350%2C200","width":350,"height":200,"srcset":"https:\/\/i0.wp.com\/pohjanmaantehtaanmyymala.fi\/wp-content\/uploads\/2024\/02\/Comfo-Two-960dpi.jpg?fit=960%2C960&ssl=1&resize=350%2C200 1x, https:\/\/i0.wp.com\/pohjanmaantehtaanmyymala.fi\/wp-content\/uploads\/2024\/02\/Comfo-Two-960dpi.jpg?fit=960%2C960&ssl=1&resize=525%2C300 1.5x, https:\/\/i0.wp.com\/pohjanmaantehtaanmyymala.fi\/wp-content\/uploads\/2024\/02\/Comfo-Two-960dpi.jpg?fit=960%2C960&ssl=1&resize=700%2C400 2x"},"classes":[]},{"id":25786,"url":"https:\/\/pohjanmaantehtaanmyymala.fi\/sv\/tuote\/comfo-one-tyotuoli-kasinojilla\/","url_meta":{"origin":24072,"position":2},"title":"Comfo One ty\u00f6tuoli k\u00e4sinojilla","author":"Miro Nevala","date":"mars 3, 2024","format":false,"excerpt":"Ergonominen ja monipuolisilla s\u00e4\u00e4t\u00f6mahdollisuuksilla varustettu ty\u00f6tuoli!","rel":"","context":"Liknande produkt","block_context":{"text":"Liknande produkt","link":""},"img":{"alt_text":"Comfo One ty\u00f6tuoli musta","src":"https:\/\/i0.wp.com\/pohjanmaantehtaanmyymala.fi\/wp-content\/uploads\/2024\/02\/TopLux-Comfo-one-960dpi.jpg?fit=960%2C960&ssl=1&resize=350%2C200","width":350,"height":200,"srcset":"https:\/\/i0.wp.com\/pohjanmaantehtaanmyymala.fi\/wp-content\/uploads\/2024\/02\/TopLux-Comfo-one-960dpi.jpg?fit=960%2C960&ssl=1&resize=350%2C200 1x, https:\/\/i0.wp.com\/pohjanmaantehtaanmyymala.fi\/wp-content\/uploads\/2024\/02\/TopLux-Comfo-one-960dpi.jpg?fit=960%2C960&ssl=1&resize=525%2C300 1.5x, https:\/\/i0.wp.com\/pohjanmaantehtaanmyymala.fi\/wp-content\/uploads\/2024\/02\/TopLux-Comfo-one-960dpi.jpg?fit=960%2C960&ssl=1&resize=700%2C400 2x"},"classes":[]},{"id":24091,"url":"https:\/\/pohjanmaantehtaanmyymala.fi\/sv\/tuote\/aadda-24-7-tyotuoli-musta\/","url_meta":{"origin":24072,"position":3},"title":"Aada 24\/7 ty\u00f6tuoli musta","author":"Sami Viitala","date":"november 15, 2023","format":false,"excerpt":"\u200bTy\u00f6tuoli, joka on suunniteltu kovaan k\u00e4ytt\u00f6\u00f6n.","rel":"","context":"Liknande produkt","block_context":{"text":"Liknande produkt","link":""},"img":{"alt_text":"Aada 24\/7 ty\u00f6tuoli musta","src":"https:\/\/i0.wp.com\/pohjanmaantehtaanmyymala.fi\/wp-content\/uploads\/2023\/11\/Aada24_7_595_XXL_tyotuoli_2.jpg?fit=960%2C960&ssl=1&resize=350%2C200","width":350,"height":200,"srcset":"https:\/\/i0.wp.com\/pohjanmaantehtaanmyymala.fi\/wp-content\/uploads\/2023\/11\/Aada24_7_595_XXL_tyotuoli_2.jpg?fit=960%2C960&ssl=1&resize=350%2C200 1x, https:\/\/i0.wp.com\/pohjanmaantehtaanmyymala.fi\/wp-content\/uploads\/2023\/11\/Aada24_7_595_XXL_tyotuoli_2.jpg?fit=960%2C960&ssl=1&resize=525%2C300 1.5x, https:\/\/i0.wp.com\/pohjanmaantehtaanmyymala.fi\/wp-content\/uploads\/2023\/11\/Aada24_7_595_XXL_tyotuoli_2.jpg?fit=960%2C960&ssl=1&resize=700%2C400 2x"},"classes":[]},{"id":22504,"url":"https:\/\/pohjanmaantehtaanmyymala.fi\/sv\/tuote\/team-9-plus-tyotuoli\/","url_meta":{"origin":24072,"position":4},"title":"TEAM 9 plus ty\u00f6tuoli","author":"Sami Viitala","date":"februari 21, 2023","format":false,"excerpt":"Topluxin Team 9 plus ty\u00f6tuoli on suosittu malli, joka suunniteltu toimistoty\u00f6h\u00f6n, jossa tarvitaan istuinmukavuutta koko pitk\u00e4n ty\u00f6p\u00e4iv\u00e4n ajan. T\u00e4st\u00e4 ty\u00f6tuolista l\u00f6ytyy korkeus- sek\u00e4 istuimen- ja se\u00e4lk\u00e4nojan kallistuss\u00e4\u00e4t\u00f6mahdollisuudet. Ty\u00f6tuolia on saatavilla Mustana. Tuotetiedot: Kaasujousella toteutettu korkeuden s\u00e4\u00e4t\u00f6 Selk\u00e4nojan ja istuinkaltevuuden s\u00e4\u00e4t\u00f6 Muotoon puristettu istuin- ja selk\u00e4nojarakenne Selk\u00e4nojan korkeuss\u00e4\u00e4t\u00f6 Pehme\u00e4t PU-py\u00f6r\u00e4t koville\u2026","rel":"","context":"Liknande produkt","block_context":{"text":"Liknande produkt","link":""},"img":{"alt_text":"Toplux Team 9 plus ty\u00f6tuoli musta","src":"https:\/\/i0.wp.com\/pohjanmaantehtaanmyymala.fi\/wp-content\/uploads\/2023\/02\/Team-9plus-musta.jpg?fit=960%2C960&ssl=1&resize=350%2C200","width":350,"height":200,"srcset":"https:\/\/i0.wp.com\/pohjanmaantehtaanmyymala.fi\/wp-content\/uploads\/2023\/02\/Team-9plus-musta.jpg?fit=960%2C960&ssl=1&resize=350%2C200 1x, https:\/\/i0.wp.com\/pohjanmaantehtaanmyymala.fi\/wp-content\/uploads\/2023\/02\/Team-9plus-musta.jpg?fit=960%2C960&ssl=1&resize=525%2C300 1.5x, https:\/\/i0.wp.com\/pohjanmaantehtaanmyymala.fi\/wp-content\/uploads\/2023\/02\/Team-9plus-musta.jpg?fit=960%2C960&ssl=1&resize=700%2C400 2x"},"classes":[]},{"id":9386,"url":"https:\/\/pohjanmaantehtaanmyymala.fi\/sv\/tuote\/team-pro-40-tyotuoli-musta\/","url_meta":{"origin":24072,"position":5},"title":"TEAM PRO 40 \u2013 ty\u00f6tuoli","author":"petri","date":"september 14, 2019","format":false,"excerpt":"Pro 40 -ty\u00f6tuolimalli on suunniteltu toimistoty\u00f6h\u00f6n, jossa tarvitaan istuinmukavuutta koko pitk\u00e4n ty\u00f6p\u00e4iv\u00e4n ajan. Pro 20 -ty\u00f6tuolissa on korkea selk\u00e4noja, jossa on s\u00e4\u00e4dett\u00e4v\u00e4 niskatuki sek\u00e4 kaikki ty\u00f6tuolille vaadittavat s\u00e4\u00e4t\u00f6mahdollisuudet. Ty\u00f6tuolia on saatavilla Harmaana, Mustana ja Vihre\u00e4n\u00e4. Tuote toimitetaan osina pahvilaatikkossa. Tuotetiedot: Kangas: Dove -kangas, 100 % polyester. V\u00e4rit; Harmaa, Musta ja\u2026","rel":"","context":"Liknande produkt","block_context":{"text":"Liknande produkt","link":""},"img":{"alt_text":"Team Pro 40 ty\u00f6tuoli musta","src":"https:\/\/i0.wp.com\/pohjanmaantehtaanmyymala.fi\/wp-content\/uploads\/2019\/09\/Pro-40-musta-JPG.jpg?fit=960%2C960&ssl=1&resize=350%2C200","width":350,"height":200,"srcset":"https:\/\/i0.wp.com\/pohjanmaantehtaanmyymala.fi\/wp-content\/uploads\/2019\/09\/Pro-40-musta-JPG.jpg?fit=960%2C960&ssl=1&resize=350%2C200 1x, https:\/\/i0.wp.com\/pohjanmaantehtaanmyymala.fi\/wp-content\/uploads\/2019\/09\/Pro-40-musta-JPG.jpg?fit=960%2C960&ssl=1&resize=525%2C300 1.5x, https:\/\/i0.wp.com\/pohjanmaantehtaanmyymala.fi\/wp-content\/uploads\/2019\/09\/Pro-40-musta-JPG.jpg?fit=960%2C960&ssl=1&resize=700%2C400 2x"},"classes":[]}],"_links":{"self":[{"href":"https:\/\/pohjanmaantehtaanmyymala.fi\/sv\/wp-json\/wp\/v2\/product\/24072","targetHints":{"allow":["GET"]}}],"collection":[{"href":"https:\/\/pohjanmaantehtaanmyymala.fi\/sv\/wp-json\/wp\/v2\/product"}],"about":[{"href":"https:\/\/pohjanmaantehtaanmyymala.fi\/sv\/wp-json\/wp\/v2\/types\/product"}],"replies":[{"embeddable":true,"href":"https:\/\/pohjanmaantehtaanmyymala.fi\/sv\/wp-json\/wp\/v2\/comments?post=24072"}],"wp:featuredmedia":[{"embeddable":true,"href":"https:\/\/pohjanmaantehtaanmyymala.fi\/sv\/wp-json\/wp\/v2\/media\/24082"}],"wp:attachment":[{"href":"https:\/\/pohjanmaantehtaanmyymala.fi\/sv\/wp-json\/wp\/v2\/media?parent=24072"}],"wp:term":[{"taxonomy":"product_brand","embeddable":true,"href":"https:\/\/pohjanmaantehtaanmyymala.fi\/sv\/wp-json\/wp\/v2\/product_brand?post=24072"},{"taxonomy":"product_cat","embeddable":true,"href":"https:\/\/pohjanmaantehtaanmyymala.fi\/sv\/wp-json\/wp\/v2\/product_cat?post=24072"},{"taxonomy":"product_tag","embeddable":true,"href":"https:\/\/pohjanmaantehtaanmyymala.fi\/sv\/wp-json\/wp\/v2\/product_tag?post=24072"}],"curies":[{"name":"wp","href":"https:\/\/api.w.org\/{rel}","templated":true}]}}