{"id":24028,"date":"2023-11-14T16:46:18","date_gmt":"2023-11-14T14:46:18","guid":{"rendered":"https:\/\/pohjanmaantehtaanmyymala.fi\/?post_type=product&#038;p=24028"},"modified":"2025-11-01T14:08:20","modified_gmt":"2025-11-01T12:08:20","slug":"anne-3-ja-2-istuttavat-sohvat-sand-kankaalla","status":"publish","type":"product","link":"https:\/\/pohjanmaantehtaanmyymala.fi\/sv\/tuote\/anne-3-ja-2-istuttavat-sohvat-sand-kankaalla\/","title":{"rendered":"Anne 3- ja 2-istuttavat sohvat Sand kankaalla"},"content":{"rendered":"<p>Sirot Anne sohvat sopivat kokonsa puolesta my\u00f6s hyvin pienempiinkin tiloihin. Sohvien korkea selk\u00e4noja ja tukeva istuint\u00e4yte tarjoaa ryhdikk\u00e4\u00e4n, mutta miellytt\u00e4v\u00e4n istuttavuuden. Sohvista on helppo nousta yl\u00f6s. Ermatikon valmistamissa Anne sohvissa on tukeva puurunko, laadukkaat pehmusteet ja kest\u00e4v\u00e4 kangasverhoilu, jotka takaavat sohville pitk\u00e4n k\u00e4ytt\u00f6i\u00e4n.<\/p>\n<p>Anne sarjasta on saatavilla my\u00f6s nojatuoli sek\u00e4 eri kokoisia kulmasohvamalleja.<\/p>\n<p>Kuvan sohvat ovat R_Sand -kangasverhoilulla.<\/p>\n<p>Sohvia on saatavilla lukuisilla eri kankailla sek\u00e4 my\u00f6s nahkaverhoiltuna. Kysy tarjous <a href=\"https:\/\/pohjanmaantehtaanmyymala.fi\/yhteys\/\">myynnist\u00e4mme!<\/a><\/p>\n<h3>Tuotetiedot:<\/h3>\n<p><a href=\"https:\/\/ermatiko.ee\/wp-content\/uploads\/2018\/02\/Anne.pdf\" target=\"_blank\" rel=\"noopener noreferrer\">Lataa Anne-tuotekortti t\u00e4st\u00e4!<\/a><\/p>\n<p>Mitat 3-istuttava sohva: Lev. 194 cm, Kork. 103 cm, Syv. 86 cm.<br \/>\nMitat 2-istuttava sohva: Lev. 139 cm, Kork. 103 cm, Syv. 86 cm.<br \/>\nIstuinsyvyys 51 cm.<br \/>\nIstuinkorkeus 46 cm.<br \/>\nRunko: Massiivipuu, vaneri ja kovalevy.<br \/>\nIstuimet: Joustamaton pohjakangas, vaahtomuovi.<br \/>\nSelk\u00e4tyynt: Vanut\u00e4yte<br \/>\nKangas: R_Sand ja R_Sand plain.<\/p>\n<p>Toimitetaan jalat irrallaan.<\/p>\n<p>Toimitusaika on nyt noin 7 viikkoa tilauksesta.<\/p>\n<p>Toimitamme sohvat kaikkialle Suomeen.<\/p>\n","protected":false},"excerpt":{"rendered":"<p>Kauniit Anne-sohvat kangasverhoilulla.<\/p>\n","protected":false},"featured_media":24029,"comment_status":"closed","ping_status":"closed","template":"","meta":{"_acf_changed":false,"jetpack_post_was_ever_published":false,"jetpack_publicize_message":"","jetpack_publicize_feature_enabled":true,"jetpack_social_post_already_shared":true,"jetpack_social_options":{"image_generator_settings":{"template":"highway","default_image_id":0,"font":"","enabled":false},"version":2}},"product_brand":[208],"product_cat":[201],"product_tag":[],"class_list":{"0":"post-24028","1":"product","2":"type-product","3":"status-publish","4":"has-post-thumbnail","6":"product_brand-ermatiko","7":"product_cat-sohvat","8":"product_shipping_class-161","10":"first","11":"instock","12":"sale","13":"purchasable","14":"product-type-simple"},"acf":[],"jetpack_publicize_connections":[],"jetpack_sharing_enabled":true,"jetpack-related-posts":[{"id":23920,"url":"https:\/\/pohjanmaantehtaanmyymala.fi\/sv\/tuote\/diana-3-ja-2-istuttavat-sohvat-alkaen-kankaalla\/","url_meta":{"origin":24028,"position":0},"title":"Diana 3- ja 2-istuttavat sohvat alkaen kankaalla","author":"Sami Viitala","date":"oktober 26, 2023","format":false,"excerpt":"Linjakas ja korkeaselk\u00e4inen Diana kangasverhoilulla.","rel":"","context":"Liknande produkt","block_context":{"text":"Liknande produkt","link":""},"img":{"alt_text":"Diana 3- ja 2-istuttavat sohva harmaalla kankaalla","src":"https:\/\/i0.wp.com\/pohjanmaantehtaanmyymala.fi\/wp-content\/uploads\/2023\/10\/Diana-32-kangas.jpg?fit=960%2C960&ssl=1&resize=350%2C200","width":350,"height":200,"srcset":"https:\/\/i0.wp.com\/pohjanmaantehtaanmyymala.fi\/wp-content\/uploads\/2023\/10\/Diana-32-kangas.jpg?fit=960%2C960&ssl=1&resize=350%2C200 1x, https:\/\/i0.wp.com\/pohjanmaantehtaanmyymala.fi\/wp-content\/uploads\/2023\/10\/Diana-32-kangas.jpg?fit=960%2C960&ssl=1&resize=525%2C300 1.5x, https:\/\/i0.wp.com\/pohjanmaantehtaanmyymala.fi\/wp-content\/uploads\/2023\/10\/Diana-32-kangas.jpg?fit=960%2C960&ssl=1&resize=700%2C400 2x"},"classes":[]},{"id":28172,"url":"https:\/\/pohjanmaantehtaanmyymala.fi\/sv\/tuote\/london-superior-3-ja-2-istuttavat-nahkasohvat\/","url_meta":{"origin":24028,"position":1},"title":"London superior 3 ja 2-istuttavat nahkasohvat","author":"Sami Viitala","date":"december 13, 2024","format":false,"excerpt":"Pohjanmaan Kalusteen valmistamat sohvat tehd\u00e4\u00e4n k\u00e4sity\u00f6n\u00e4 60 vuoden kokemuksella.","rel":"","context":"Liknande produkt","block_context":{"text":"Liknande produkt","link":""},"img":{"alt_text":"London nahkasohvat 3+2 ruskea v\u00e4ri olohuoneessa","src":"https:\/\/i0.wp.com\/pohjanmaantehtaanmyymala.fi\/wp-content\/uploads\/2024\/12\/London_3-2_miljoo.jpg?fit=1000%2C1000&ssl=1&resize=350%2C200","width":350,"height":200,"srcset":"https:\/\/i0.wp.com\/pohjanmaantehtaanmyymala.fi\/wp-content\/uploads\/2024\/12\/London_3-2_miljoo.jpg?fit=1000%2C1000&ssl=1&resize=350%2C200 1x, https:\/\/i0.wp.com\/pohjanmaantehtaanmyymala.fi\/wp-content\/uploads\/2024\/12\/London_3-2_miljoo.jpg?fit=1000%2C1000&ssl=1&resize=525%2C300 1.5x, https:\/\/i0.wp.com\/pohjanmaantehtaanmyymala.fi\/wp-content\/uploads\/2024\/12\/London_3-2_miljoo.jpg?fit=1000%2C1000&ssl=1&resize=700%2C400 2x"},"classes":[]},{"id":24241,"url":"https:\/\/pohjanmaantehtaanmyymala.fi\/sv\/tuote\/amiral-3-ja-2-istuttavat-nahkasohvat\/","url_meta":{"origin":24028,"position":2},"title":"AMIRAL 3- ja 2-istuttavat nahkasohvat","author":"Sami Viitala","date":"november 23, 2023","format":false,"excerpt":"Pohjanmaan Kalusteen valmistamat sohvat tehd\u00e4\u00e4n k\u00e4sity\u00f6n\u00e4 60 vuoden kokemuksella.","rel":"","context":"Liknande produkt","block_context":{"text":"Liknande produkt","link":""},"img":{"alt_text":"Pohjanmaan Amiral 3- ja 2-istuttavat nahkasohvat musta","src":"https:\/\/i0.wp.com\/pohjanmaantehtaanmyymala.fi\/wp-content\/uploads\/2023\/11\/Pohjanmaan_Amiral_sohvakalusto_32_nahka.jpg?fit=960%2C960&ssl=1&resize=350%2C200","width":350,"height":200,"srcset":"https:\/\/i0.wp.com\/pohjanmaantehtaanmyymala.fi\/wp-content\/uploads\/2023\/11\/Pohjanmaan_Amiral_sohvakalusto_32_nahka.jpg?fit=960%2C960&ssl=1&resize=350%2C200 1x, https:\/\/i0.wp.com\/pohjanmaantehtaanmyymala.fi\/wp-content\/uploads\/2023\/11\/Pohjanmaan_Amiral_sohvakalusto_32_nahka.jpg?fit=960%2C960&ssl=1&resize=525%2C300 1.5x, https:\/\/i0.wp.com\/pohjanmaantehtaanmyymala.fi\/wp-content\/uploads\/2023\/11\/Pohjanmaan_Amiral_sohvakalusto_32_nahka.jpg?fit=960%2C960&ssl=1&resize=700%2C400 2x"},"classes":[]},{"id":17881,"url":"https:\/\/pohjanmaantehtaanmyymala.fi\/sv\/tuote\/amiral-2-ist-nahkasohva\/","url_meta":{"origin":24028,"position":3},"title":"AMIRAL 2-istuttava nahkasohva","author":"Sami Viitala","date":"augusti 27, 2021","format":false,"excerpt":"Pohjanmaan Kalusteen valmistamat sohvat tehd\u00e4\u00e4n parhaista materiaaleista 60 vuoden kokemuksella.","rel":"","context":"Liknande produkt","block_context":{"text":"Liknande produkt","link":""},"img":{"alt_text":"Amiral 2-istuttava sohva ruskea Labrador-nahka","src":"https:\/\/i0.wp.com\/pohjanmaantehtaanmyymala.fi\/wp-content\/uploads\/2021\/08\/Pohjanmaan_Amiral_2-istuttava.jpg?fit=1200%2C1200&ssl=1&resize=350%2C200","width":350,"height":200,"srcset":"https:\/\/i0.wp.com\/pohjanmaantehtaanmyymala.fi\/wp-content\/uploads\/2021\/08\/Pohjanmaan_Amiral_2-istuttava.jpg?fit=1200%2C1200&ssl=1&resize=350%2C200 1x, https:\/\/i0.wp.com\/pohjanmaantehtaanmyymala.fi\/wp-content\/uploads\/2021\/08\/Pohjanmaan_Amiral_2-istuttava.jpg?fit=1200%2C1200&ssl=1&resize=525%2C300 1.5x, https:\/\/i0.wp.com\/pohjanmaantehtaanmyymala.fi\/wp-content\/uploads\/2021\/08\/Pohjanmaan_Amiral_2-istuttava.jpg?fit=1200%2C1200&ssl=1&resize=700%2C400 2x, https:\/\/i0.wp.com\/pohjanmaantehtaanmyymala.fi\/wp-content\/uploads\/2021\/08\/Pohjanmaan_Amiral_2-istuttava.jpg?fit=1200%2C1200&ssl=1&resize=1050%2C600 3x"},"classes":[]},{"id":21551,"url":"https:\/\/pohjanmaantehtaanmyymala.fi\/sv\/tuote\/amiral-3-istuttava-sohva-kankaalla\/","url_meta":{"origin":24028,"position":4},"title":"AMIRAL 3-istuttava sohva Yedi-kankaalla","author":"Sami Viitala","date":"september 16, 2022","format":false,"excerpt":"Todella laadukkaat Pohjanmaan kalusteen valmistamat sohvat tehd\u00e4\u00e4n parhaista materiaaleista 60 vuoden kokemuksella.","rel":"","context":"Liknande produkt","block_context":{"text":"Liknande produkt","link":""},"img":{"alt_text":"Amiral sohva keltaisella Yedi-kankaalla","src":"https:\/\/i0.wp.com\/pohjanmaantehtaanmyymala.fi\/wp-content\/uploads\/2022\/09\/Amiral_3_Yedi641_2.jpg?fit=960%2C960&ssl=1&resize=350%2C200","width":350,"height":200,"srcset":"https:\/\/i0.wp.com\/pohjanmaantehtaanmyymala.fi\/wp-content\/uploads\/2022\/09\/Amiral_3_Yedi641_2.jpg?fit=960%2C960&ssl=1&resize=350%2C200 1x, https:\/\/i0.wp.com\/pohjanmaantehtaanmyymala.fi\/wp-content\/uploads\/2022\/09\/Amiral_3_Yedi641_2.jpg?fit=960%2C960&ssl=1&resize=525%2C300 1.5x, https:\/\/i0.wp.com\/pohjanmaantehtaanmyymala.fi\/wp-content\/uploads\/2022\/09\/Amiral_3_Yedi641_2.jpg?fit=960%2C960&ssl=1&resize=700%2C400 2x"},"classes":[]},{"id":8662,"url":"https:\/\/pohjanmaantehtaanmyymala.fi\/sv\/tuote\/amiral-sohvakalusto\/","url_meta":{"origin":24028,"position":5},"title":"AMIRAL 3+1+1 sohvakalusto nahkaa","author":"petri","date":"september 14, 2019","format":false,"excerpt":"Pohjanmaankalusteen valmistamat sohvat tehd\u00e4\u00e4n parhaista materiaaleista 60 vuoden kokemuksella.","rel":"","context":"Liknande produkt","block_context":{"text":"Liknande produkt","link":""},"img":{"alt_text":"Amiral 3:n istuttava + tuoli","src":"https:\/\/i0.wp.com\/pohjanmaantehtaanmyymala.fi\/wp-content\/uploads\/2019\/06\/Amiral-3-1.jpg?fit=960%2C960&ssl=1&resize=350%2C200","width":350,"height":200,"srcset":"https:\/\/i0.wp.com\/pohjanmaantehtaanmyymala.fi\/wp-content\/uploads\/2019\/06\/Amiral-3-1.jpg?fit=960%2C960&ssl=1&resize=350%2C200 1x, https:\/\/i0.wp.com\/pohjanmaantehtaanmyymala.fi\/wp-content\/uploads\/2019\/06\/Amiral-3-1.jpg?fit=960%2C960&ssl=1&resize=525%2C300 1.5x, https:\/\/i0.wp.com\/pohjanmaantehtaanmyymala.fi\/wp-content\/uploads\/2019\/06\/Amiral-3-1.jpg?fit=960%2C960&ssl=1&resize=700%2C400 2x"},"classes":[]}],"_links":{"self":[{"href":"https:\/\/pohjanmaantehtaanmyymala.fi\/sv\/wp-json\/wp\/v2\/product\/24028","targetHints":{"allow":["GET"]}}],"collection":[{"href":"https:\/\/pohjanmaantehtaanmyymala.fi\/sv\/wp-json\/wp\/v2\/product"}],"about":[{"href":"https:\/\/pohjanmaantehtaanmyymala.fi\/sv\/wp-json\/wp\/v2\/types\/product"}],"replies":[{"embeddable":true,"href":"https:\/\/pohjanmaantehtaanmyymala.fi\/sv\/wp-json\/wp\/v2\/comments?post=24028"}],"wp:featuredmedia":[{"embeddable":true,"href":"https:\/\/pohjanmaantehtaanmyymala.fi\/sv\/wp-json\/wp\/v2\/media\/24029"}],"wp:attachment":[{"href":"https:\/\/pohjanmaantehtaanmyymala.fi\/sv\/wp-json\/wp\/v2\/media?parent=24028"}],"wp:term":[{"taxonomy":"product_brand","embeddable":true,"href":"https:\/\/pohjanmaantehtaanmyymala.fi\/sv\/wp-json\/wp\/v2\/product_brand?post=24028"},{"taxonomy":"product_cat","embeddable":true,"href":"https:\/\/pohjanmaantehtaanmyymala.fi\/sv\/wp-json\/wp\/v2\/product_cat?post=24028"},{"taxonomy":"product_tag","embeddable":true,"href":"https:\/\/pohjanmaantehtaanmyymala.fi\/sv\/wp-json\/wp\/v2\/product_tag?post=24028"}],"curies":[{"name":"wp","href":"https:\/\/api.w.org\/{rel}","templated":true}]}}