{"id":23896,"date":"2023-10-26T12:17:13","date_gmt":"2023-10-26T10:17:13","guid":{"rendered":"https:\/\/pohjanmaantehtaanmyymala.fi\/?post_type=product&#038;p=23896"},"modified":"2023-10-26T16:45:40","modified_gmt":"2023-10-26T14:45:40","slug":"senna-vuodesohva-milton-kankaalla","status":"publish","type":"product","link":"https:\/\/pohjanmaantehtaanmyymala.fi\/sv\/tuote\/senna-vuodesohva-milton-kankaalla\/","title":{"rendered":"Senna-vuodesohva Milton-kankaalla"},"content":{"rendered":"<p>Tilavassa Senna-vuodesohvassa on helpotoiminen vuodemekanismi ja kauniit napipetut selk\u00e4tyynyt. Sohva on miellytt\u00e4v\u00e4 istuinmukavuudeltaan ja ulkon\u00e4\u00f6lt\u00e4\u00e4n. Sennasta saa tehty\u00e4 ison 140 cm leve\u00e4n varavuoteen k\u00e4den k\u00e4\u00e4nteess\u00e4. Lis\u00e4ksi sohvan istuimen alle k\u00e4tkeytyy k\u00e4tev\u00e4 vuodevaatelaatikko, jossa voi s\u00e4ilytt\u00e4\u00e4 vaikka petauspatjaa. Sen voi sitten laittaa varavuoteen p\u00e4\u00e4lle suojaamaan sohvakangasta ja antamaan lis\u00e4mukavuutta nukkujalle.<\/p>\n<p>Senna-vuodesohva on verhoiltu kest\u00e4v\u00e4ll\u00e4 ja helppohoitoisella sek\u00e4 pehme\u00e4n tuntuisella Milton-kankaalla. Milton on hintaryhm\u00e4 3:sen kangas.<\/p>\n<p>Vuodesohvaa on saatavilla lukuisilla eri kankailla. Kysy tarjous <a href=\"https:\/\/pohjanmaantehtaanmyymala.fi\/yhteys\/\">myynnist\u00e4mme!<\/a><\/p>\n<h3>Tuotetiedot:<\/h3>\n<p><a href=\"https:\/\/ermatiko.ee\/wp-content\/uploads\/2018\/02\/Ermatiko-tooteleht-Senna_ENG-2018_4.pdf\" target=\"_blank\" rel=\"noopener noreferrer\">Lataa Senna-tuotekortti t\u00e4st\u00e4!<\/a><\/p>\n<p>Lev. 224 cm, Kork. 96 cm, Syv. 93 cm.<br \/>\nIstuinsyvyys 55 cm.<br \/>\nIstuinkorkeus 49 cm.<br \/>\nVuodekoko 200&#215;140 cm<br \/>\nRunko: Massiivipuu, vaneri ja kovalevy.<br \/>\nIstuimet: Joustamaton pohjakangas, HR35 vaahtomuovi.<br \/>\nSelk\u00e4tyynt: Vanut\u00e4yte, k\u00e4\u00e4nnett\u00e4v\u00e4t tyynyt<br \/>\nKangas: Milton, 97 % polyesteri, 3 % nylon. Kangas on likaahylkiv\u00e4. Vesipest\u00e4v\u00e4 30\u00b0 C. Hankauskesto 90 000.<\/p>\n<p>Kankaan tarkemmat tiedot l\u00f6yd\u00e4t t\u00e4\u00e4lt\u00e4 <a href=\"https:\/\/www.fargotex.pl\/en\/furniture-fabrics\/fargotex-furniture-fabrics\/knitted-fabric\/milton-new,p51047251\" target=\"_blank\" rel=\"noopener\">valmistajan sivulta.<\/a><\/p>\n<p>Toimitetaan jalat irrallaan.<\/p>\n<p>Toimitusaika on nyt noin 7 viikkoa tilauksesta.<\/p>\n<p>Toimitamme sohvat kaikkialle Suomeen.<\/p>\n","protected":false},"excerpt":{"rendered":"<p>Iso vuodesohva hyv\u00e4ll\u00e4 istuinmukavuudella.<\/p>\n","protected":false},"featured_media":23906,"comment_status":"closed","ping_status":"closed","template":"","meta":{"_acf_changed":false,"jetpack_post_was_ever_published":false,"jetpack_publicize_message":"","jetpack_publicize_feature_enabled":true,"jetpack_social_post_already_shared":true,"jetpack_social_options":{"image_generator_settings":{"template":"highway","default_image_id":0,"font":"","enabled":false},"version":2}},"product_brand":[208],"product_cat":[201,193],"product_tag":[],"class_list":{"0":"post-23896","1":"product","2":"type-product","3":"status-publish","4":"has-post-thumbnail","6":"product_brand-ermatiko","7":"product_cat-sohvat","8":"product_cat-vuodesohvat","9":"product_shipping_class-161","11":"first","12":"instock","13":"sale","14":"purchasable","15":"product-type-simple"},"acf":[],"jetpack_publicize_connections":[],"jetpack_sharing_enabled":true,"jetpack-related-posts":[{"id":17868,"url":"https:\/\/pohjanmaantehtaanmyymala.fi\/sv\/tuote\/sienna-vuodesohva-connect-kankaalla\/","url_meta":{"origin":23896,"position":0},"title":"Senna-vuodesohva Hygge-kankaalla","author":"Sami Viitala","date":"augusti 26, 2021","format":false,"excerpt":"Helppotoiminen vuodesohva hyv\u00e4ll\u00e4 istuinmukavuudella.","rel":"","context":"Liknande produkt","block_context":{"text":"Liknande produkt","link":""},"img":{"alt_text":"Ermatiko Senna vuodesohva harmaa kangas","src":"https:\/\/i0.wp.com\/pohjanmaantehtaanmyymala.fi\/wp-content\/uploads\/2021\/08\/senna-vuodesohva-harmaa.jpg?fit=1000%2C1000&ssl=1&resize=350%2C200","width":350,"height":200,"srcset":"https:\/\/i0.wp.com\/pohjanmaantehtaanmyymala.fi\/wp-content\/uploads\/2021\/08\/senna-vuodesohva-harmaa.jpg?fit=1000%2C1000&ssl=1&resize=350%2C200 1x, https:\/\/i0.wp.com\/pohjanmaantehtaanmyymala.fi\/wp-content\/uploads\/2021\/08\/senna-vuodesohva-harmaa.jpg?fit=1000%2C1000&ssl=1&resize=525%2C300 1.5x, https:\/\/i0.wp.com\/pohjanmaantehtaanmyymala.fi\/wp-content\/uploads\/2021\/08\/senna-vuodesohva-harmaa.jpg?fit=1000%2C1000&ssl=1&resize=700%2C400 2x"},"classes":[]},{"id":28553,"url":"https:\/\/pohjanmaantehtaanmyymala.fi\/sv\/tuote\/senna-vuodesohva-gripsholm-kankaalla\/","url_meta":{"origin":23896,"position":1},"title":"Senna-vuodesohva Gripsholm-kankaalla","author":"Sami Viitala","date":"juli 10, 2025","format":false,"excerpt":"Hulppea vuodesohva hyv\u00e4ll\u00e4 vuodemekanismilla.","rel":"","context":"Liknande produkt","block_context":{"text":"Liknande produkt","link":""},"img":{"alt_text":"Senna vuodesohva Gripsholm kukkakankaalla","src":"https:\/\/i0.wp.com\/pohjanmaantehtaanmyymala.fi\/wp-content\/uploads\/2025\/07\/senna_vuodesohva_gripsholm-2.jpg?fit=1000%2C1000&ssl=1&resize=350%2C200","width":350,"height":200,"srcset":"https:\/\/i0.wp.com\/pohjanmaantehtaanmyymala.fi\/wp-content\/uploads\/2025\/07\/senna_vuodesohva_gripsholm-2.jpg?fit=1000%2C1000&ssl=1&resize=350%2C200 1x, https:\/\/i0.wp.com\/pohjanmaantehtaanmyymala.fi\/wp-content\/uploads\/2025\/07\/senna_vuodesohva_gripsholm-2.jpg?fit=1000%2C1000&ssl=1&resize=525%2C300 1.5x, https:\/\/i0.wp.com\/pohjanmaantehtaanmyymala.fi\/wp-content\/uploads\/2025\/07\/senna_vuodesohva_gripsholm-2.jpg?fit=1000%2C1000&ssl=1&resize=700%2C400 2x"},"classes":[]},{"id":23000,"url":"https:\/\/pohjanmaantehtaanmyymala.fi\/sv\/tuote\/gracy-vuodesohva-austin-kankaalla\/","url_meta":{"origin":23896,"position":2},"title":"Jazz 3-ist. vuodesohva kankaalla","author":"Sami Viitala","date":"maj 20, 2023","format":false,"excerpt":"Iso n\u00e4ytt\u00e4v\u00e4 vuodesohva!","rel":"","context":"Liknande produkt","block_context":{"text":"Liknande produkt","link":""},"img":{"alt_text":"Jazz 3-istuttava vuodesohva 3-tyynyinen beigell\u00e4 oasis-kankaalla milj\u00f6\u00f6ss\u00e4","src":"https:\/\/i0.wp.com\/pohjanmaantehtaanmyymala.fi\/wp-content\/uploads\/2023\/05\/JAZZ_K2055-DM-EASY-DELUXE-K2055_Oasis02_kangas.jpg?fit=1000%2C1000&ssl=1&resize=350%2C200","width":350,"height":200,"srcset":"https:\/\/i0.wp.com\/pohjanmaantehtaanmyymala.fi\/wp-content\/uploads\/2023\/05\/JAZZ_K2055-DM-EASY-DELUXE-K2055_Oasis02_kangas.jpg?fit=1000%2C1000&ssl=1&resize=350%2C200 1x, https:\/\/i0.wp.com\/pohjanmaantehtaanmyymala.fi\/wp-content\/uploads\/2023\/05\/JAZZ_K2055-DM-EASY-DELUXE-K2055_Oasis02_kangas.jpg?fit=1000%2C1000&ssl=1&resize=525%2C300 1.5x, https:\/\/i0.wp.com\/pohjanmaantehtaanmyymala.fi\/wp-content\/uploads\/2023\/05\/JAZZ_K2055-DM-EASY-DELUXE-K2055_Oasis02_kangas.jpg?fit=1000%2C1000&ssl=1&resize=700%2C400 2x"},"classes":[]},{"id":22649,"url":"https:\/\/pohjanmaantehtaanmyymala.fi\/sv\/tuote\/easy-vuodesohva-beigella-kankaalla\/","url_meta":{"origin":23896,"position":3},"title":"EASY &#8211; vuodesohva beigell\u00e4 kankaalla","author":"Sami Viitala","date":"mars 2, 2023","format":false,"excerpt":"Ajattomuutta ja toiminallisuutta arvostavalle.","rel":"","context":"Liknande produkt","block_context":{"text":"Liknande produkt","link":""},"img":{"alt_text":"Pohjanmaan Easy vuodesohva austin beige kankaalla","src":"https:\/\/i0.wp.com\/pohjanmaantehtaanmyymala.fi\/wp-content\/uploads\/2023\/03\/Easy_vuodesohva_Austin_beige-1.jpg?fit=960%2C960&ssl=1&resize=350%2C200","width":350,"height":200,"srcset":"https:\/\/i0.wp.com\/pohjanmaantehtaanmyymala.fi\/wp-content\/uploads\/2023\/03\/Easy_vuodesohva_Austin_beige-1.jpg?fit=960%2C960&ssl=1&resize=350%2C200 1x, https:\/\/i0.wp.com\/pohjanmaantehtaanmyymala.fi\/wp-content\/uploads\/2023\/03\/Easy_vuodesohva_Austin_beige-1.jpg?fit=960%2C960&ssl=1&resize=525%2C300 1.5x, https:\/\/i0.wp.com\/pohjanmaantehtaanmyymala.fi\/wp-content\/uploads\/2023\/03\/Easy_vuodesohva_Austin_beige-1.jpg?fit=960%2C960&ssl=1&resize=700%2C400 2x"},"classes":[]},{"id":22725,"url":"https:\/\/pohjanmaantehtaanmyymala.fi\/sv\/tuote\/easy-vuodesohva-vaaleanharmaa-kangas\/","url_meta":{"origin":23896,"position":4},"title":"EASY &#8211; vuodesohva vaaleanharmaa kangas","author":"Sami Viitala","date":"mars 10, 2023","format":false,"excerpt":"Helppotoiminen vuodesohva s\u00e4ilytyslaatikolla.","rel":"","context":"Liknande produkt","block_context":{"text":"Liknande produkt","link":""},"img":{"alt_text":"Pohjanmaan Easy vuodesohva austin vaaleanharmaalla kankaalla","src":"https:\/\/i0.wp.com\/pohjanmaantehtaanmyymala.fi\/wp-content\/uploads\/2023\/03\/Easy_vuodesohva_Austin_harmaa18-1.jpg?fit=960%2C960&ssl=1&resize=350%2C200","width":350,"height":200,"srcset":"https:\/\/i0.wp.com\/pohjanmaantehtaanmyymala.fi\/wp-content\/uploads\/2023\/03\/Easy_vuodesohva_Austin_harmaa18-1.jpg?fit=960%2C960&ssl=1&resize=350%2C200 1x, https:\/\/i0.wp.com\/pohjanmaantehtaanmyymala.fi\/wp-content\/uploads\/2023\/03\/Easy_vuodesohva_Austin_harmaa18-1.jpg?fit=960%2C960&ssl=1&resize=525%2C300 1.5x, https:\/\/i0.wp.com\/pohjanmaantehtaanmyymala.fi\/wp-content\/uploads\/2023\/03\/Easy_vuodesohva_Austin_harmaa18-1.jpg?fit=960%2C960&ssl=1&resize=700%2C400 2x"},"classes":[]},{"id":8640,"url":"https:\/\/pohjanmaantehtaanmyymala.fi\/sv\/tuote\/easy-vuodesohva\/","url_meta":{"origin":23896,"position":5},"title":"EASY &#8211; vuodesohva harmaalla kankaalla","author":"petri","date":"september 14, 2019","format":false,"excerpt":"Ajattomuutta ja toiminallisuutta arvostavalle.","rel":"","context":"Liknande produkt","block_context":{"text":"Liknande produkt","link":""},"img":{"alt_text":"Easy vuodesohva etuviistosta p\u00e4in harmaa Austin-kangas","src":"https:\/\/i0.wp.com\/pohjanmaantehtaanmyymala.fi\/wp-content\/uploads\/2019\/09\/Easy-vuodesohva-austin19-sivu.jpg?fit=960%2C960&ssl=1&resize=350%2C200","width":350,"height":200,"srcset":"https:\/\/i0.wp.com\/pohjanmaantehtaanmyymala.fi\/wp-content\/uploads\/2019\/09\/Easy-vuodesohva-austin19-sivu.jpg?fit=960%2C960&ssl=1&resize=350%2C200 1x, https:\/\/i0.wp.com\/pohjanmaantehtaanmyymala.fi\/wp-content\/uploads\/2019\/09\/Easy-vuodesohva-austin19-sivu.jpg?fit=960%2C960&ssl=1&resize=525%2C300 1.5x, https:\/\/i0.wp.com\/pohjanmaantehtaanmyymala.fi\/wp-content\/uploads\/2019\/09\/Easy-vuodesohva-austin19-sivu.jpg?fit=960%2C960&ssl=1&resize=700%2C400 2x"},"classes":[]}],"_links":{"self":[{"href":"https:\/\/pohjanmaantehtaanmyymala.fi\/sv\/wp-json\/wp\/v2\/product\/23896","targetHints":{"allow":["GET"]}}],"collection":[{"href":"https:\/\/pohjanmaantehtaanmyymala.fi\/sv\/wp-json\/wp\/v2\/product"}],"about":[{"href":"https:\/\/pohjanmaantehtaanmyymala.fi\/sv\/wp-json\/wp\/v2\/types\/product"}],"replies":[{"embeddable":true,"href":"https:\/\/pohjanmaantehtaanmyymala.fi\/sv\/wp-json\/wp\/v2\/comments?post=23896"}],"wp:featuredmedia":[{"embeddable":true,"href":"https:\/\/pohjanmaantehtaanmyymala.fi\/sv\/wp-json\/wp\/v2\/media\/23906"}],"wp:attachment":[{"href":"https:\/\/pohjanmaantehtaanmyymala.fi\/sv\/wp-json\/wp\/v2\/media?parent=23896"}],"wp:term":[{"taxonomy":"product_brand","embeddable":true,"href":"https:\/\/pohjanmaantehtaanmyymala.fi\/sv\/wp-json\/wp\/v2\/product_brand?post=23896"},{"taxonomy":"product_cat","embeddable":true,"href":"https:\/\/pohjanmaantehtaanmyymala.fi\/sv\/wp-json\/wp\/v2\/product_cat?post=23896"},{"taxonomy":"product_tag","embeddable":true,"href":"https:\/\/pohjanmaantehtaanmyymala.fi\/sv\/wp-json\/wp\/v2\/product_tag?post=23896"}],"curies":[{"name":"wp","href":"https:\/\/api.w.org\/{rel}","templated":true}]}}