{"id":23874,"date":"2023-10-02T16:25:06","date_gmt":"2023-10-02T14:25:06","guid":{"rendered":"https:\/\/pohjanmaantehtaanmyymala.fi\/?post_type=product&#038;p=23874"},"modified":"2025-09-12T11:54:30","modified_gmt":"2025-09-12T09:54:30","slug":"sheraton-3-istuttava-sohva","status":"publish","type":"product","link":"https:\/\/pohjanmaantehtaanmyymala.fi\/sv\/tuote\/sheraton-3-istuttava-sohva\/","title":{"rendered":"SHERATON 3-istuttava sohva kankaalla"},"content":{"rendered":"<p>Sheraton 3-istuttava sohva on n\u00e4ytt\u00e4v\u00e4 ja tilava sohva, joka sopii niin moderniin kuin klassiseenkin sisustukseen. Sohva on k\u00e4sity\u00f6n\u00e4 valmistettu, ja sen sis\u00e4lt\u00e4 l\u00f6ytyy kest\u00e4v\u00e4, massiivipuinen runko, jolle Pohjanmaan Kaluste oy tarjoaa 20 vuoden runkotakuun. Sohvan verhoilu on pehme\u00e4 ja likaahylkiv\u00e4 Lauritzonin HaliHali-kangas, joka on saatavana useissa eri v\u00e4reiss\u00e4. Sohvassa on muhkeat istuin- ja selk\u00e4tyynyt, jotka tarjoavat loistavan istuintuntuman ja mukavuuden. Sohvassa on my\u00f6s leve\u00e4t k\u00e4sinojat, jotka lis\u00e4\u00e4v\u00e4t sohvan viihtyisyytt\u00e4. Sheraton sohva on t\u00e4ydellinen valinta olohuoneeseen, jossa haluat rentoutua ja nauttia laadukkaasta huonekalusta.<\/p>\n<p>Voit valita haluamasi verhoilun v\u00e4rin, ja saat meilt\u00e4 sohvan suoraan kotiisi toimitettuna.<\/p>\n<p>HaliHali-kankaasta on saatavana 8 eri v\u00e4ri\u00e4. <a href=\"https:\/\/lauritzon.fi\/product\/halihali\" target=\"_blank\" rel=\"noopener\">Katso kankaan v\u00e4rit ja tarkemmat tiedot t\u00e4\u00e4lt\u00e4!<\/a><\/p>\n<p>Sheraton-sohvamallista saatavana my\u00f6s 2-istuttava sohva ja nojatuoli sek\u00e4 reclinertuoli.<\/p>\n<p>Kysy lis\u00e4\u00e4 <a href=\"https:\/\/pohjanmaantehtaanmyymala.fi\/yhteys\/\">asiakaspalvelustamme.<\/a><\/p>\n<h3>Tuotetiedot:<\/h3>\n<p>Istuinkorkeus 47 cm. -syvyys 56 cm. Muut mitat lis\u00e4tiedot v\u00e4lilehdell\u00e4.<\/p>\n<p>Runko: Massiivipuu koivuvaneri. Runkotakuu 20-vuotta.<br \/>\nIstuinpehmuste: No-Zag jouset HR35100 vaahtomuovi vanu.<br \/>\nSelk\u00e4nojan pehmuste: Kumivy\u00f6t ja vanutyynyt.<br \/>\nK\u00e4sinojan pehmuste: Vanutyynyt.<br \/>\nVerhoilu: HaliHali-kangas, 100 % polyesteri<\/p>\n<p>Toimitetaan jalat irrallaan.<\/p>\n<p>Sohva toimitetaan jalat irrallaan. Toimitusaika on noin 4-6 viikkoa tilauksesta. Toimituskulut riippuvat toimitusosoitteesta ja tilauksen koosta sek\u00e4 tehtaan ty\u00f6tilanteesta.<\/p>\n<p>Jos haluat lis\u00e4tietoja sohvasta, voit tutustua sen tuotesivuun <a href=\"https:\/\/www.pohjanmaan.fi\/tuotteet\/sheraton\/3-istuttava-sohva\" target=\"_blank\" rel=\"noopener\">t\u00e4\u00e4ll\u00e4<\/a><\/p>\n","protected":false},"excerpt":{"rendered":"<p>Iso sohva muhkeaan oleiluun.<\/p>\n","protected":false},"featured_media":23839,"comment_status":"closed","ping_status":"closed","template":"","meta":{"_acf_changed":false,"jetpack_post_was_ever_published":false,"jetpack_publicize_message":"","jetpack_publicize_feature_enabled":true,"jetpack_social_post_already_shared":true,"jetpack_social_options":{"image_generator_settings":{"template":"highway","default_image_id":0,"font":"","enabled":false},"version":2}},"product_brand":[270],"product_cat":[201],"product_tag":[],"class_list":{"0":"post-23874","1":"product","2":"type-product","3":"status-publish","4":"has-post-thumbnail","6":"product_brand-pohjanmaan","7":"product_cat-sohvat","8":"product_shipping_class-161","10":"first","11":"instock","12":"sale","13":"purchasable","14":"product-type-simple"},"acf":[],"jetpack_publicize_connections":[],"jetpack_sharing_enabled":true,"jetpack-related-posts":[{"id":23869,"url":"https:\/\/pohjanmaantehtaanmyymala.fi\/sv\/tuote\/sheraton-2-istuttava-sohva\/","url_meta":{"origin":23874,"position":0},"title":"SHERATON 2-istuttava sohva","author":"Sami Viitala","date":"oktober 2, 2023","format":false,"excerpt":"T\u00e4ll\u00e4 sohvalla nautit mukavuudesta.","rel":"","context":"Liknande produkt","block_context":{"text":"Liknande produkt","link":""},"img":{"alt_text":"Sheraton 2-istuttava kangassohva HaliHali","src":"https:\/\/i0.wp.com\/pohjanmaantehtaanmyymala.fi\/wp-content\/uploads\/2023\/09\/Sheraton_2sohva_HaliHali300_kangas.jpg?fit=960%2C960&ssl=1&resize=350%2C200","width":350,"height":200,"srcset":"https:\/\/i0.wp.com\/pohjanmaantehtaanmyymala.fi\/wp-content\/uploads\/2023\/09\/Sheraton_2sohva_HaliHali300_kangas.jpg?fit=960%2C960&ssl=1&resize=350%2C200 1x, https:\/\/i0.wp.com\/pohjanmaantehtaanmyymala.fi\/wp-content\/uploads\/2023\/09\/Sheraton_2sohva_HaliHali300_kangas.jpg?fit=960%2C960&ssl=1&resize=525%2C300 1.5x, https:\/\/i0.wp.com\/pohjanmaantehtaanmyymala.fi\/wp-content\/uploads\/2023\/09\/Sheraton_2sohva_HaliHali300_kangas.jpg?fit=960%2C960&ssl=1&resize=700%2C400 2x"},"classes":[]},{"id":23806,"url":"https:\/\/pohjanmaantehtaanmyymala.fi\/sv\/tuote\/sheraton-32-istuttavat-nahkasohvat\/","url_meta":{"origin":23874,"position":1},"title":"SHERATON 3+2 istuttavat nahkasohvat","author":"Sami Viitala","date":"september 28, 2023","format":false,"excerpt":"Sohvat muhkeaan oleiluun.","rel":"","context":"Liknande produkt","block_context":{"text":"Liknande produkt","link":""},"img":{"alt_text":"Sheraton kolmen- ja kahdenistuttavat nahkasohvat Labrador harmaalla nahkalla","src":"https:\/\/i0.wp.com\/pohjanmaantehtaanmyymala.fi\/wp-content\/uploads\/2023\/09\/Sheraton_3-2_Labrador43.jpg?fit=960%2C960&ssl=1&resize=350%2C200","width":350,"height":200,"srcset":"https:\/\/i0.wp.com\/pohjanmaantehtaanmyymala.fi\/wp-content\/uploads\/2023\/09\/Sheraton_3-2_Labrador43.jpg?fit=960%2C960&ssl=1&resize=350%2C200 1x, https:\/\/i0.wp.com\/pohjanmaantehtaanmyymala.fi\/wp-content\/uploads\/2023\/09\/Sheraton_3-2_Labrador43.jpg?fit=960%2C960&ssl=1&resize=525%2C300 1.5x, https:\/\/i0.wp.com\/pohjanmaantehtaanmyymala.fi\/wp-content\/uploads\/2023\/09\/Sheraton_3-2_Labrador43.jpg?fit=960%2C960&ssl=1&resize=700%2C400 2x"},"classes":[]},{"id":9465,"url":"https:\/\/pohjanmaantehtaanmyymala.fi\/sv\/tuote\/sheraton-sohva\/","url_meta":{"origin":23874,"position":2},"title":"SHERATON 3-istuttava nahkasohva","author":"petri","date":"september 14, 2019","format":false,"excerpt":"Ylellisen pehme\u00e4 muhkea ja iso Sheraton-nahkasohva l\u00f6h\u00f6ilyyn. Sohvan pehme\u00e4t istuintyynyt yhdistettyn\u00e4 pehmeisiin selk\u00e4tyynyihin tarjoaa loistavan taukopaikan keskelle arkeasi. Sohva on verhoiltu kest\u00e4v\u00e4ll\u00e4 Soft antique-nahalla vain sohvan taustaosat ovat keinonahkaa. Istuinkorkeus 47 cm. -syvyys 56 cm. Sheraton-sohvamallista saatavana my\u00f6s 2-istuttava sohva ja nojatuoli. Kysy lis\u00e4\u00e4 asiakaspalvelustamme. Tuotetiedot: Runko:Massiivipuu koivuvaneri. Runkotakuu 20-vuotta.\u2026","rel":"","context":"Liknande produkt","block_context":{"text":"Liknande produkt","link":""},"img":{"alt_text":"Sheraton valkoinen 3-istuttava nahkasohva","src":"https:\/\/i0.wp.com\/pohjanmaantehtaanmyymala.fi\/wp-content\/uploads\/2019\/09\/Pohjanmaan-Sheraton_nahkasohva_valkoinen.jpg?fit=960%2C960&ssl=1&resize=350%2C200","width":350,"height":200,"srcset":"https:\/\/i0.wp.com\/pohjanmaantehtaanmyymala.fi\/wp-content\/uploads\/2019\/09\/Pohjanmaan-Sheraton_nahkasohva_valkoinen.jpg?fit=960%2C960&ssl=1&resize=350%2C200 1x, https:\/\/i0.wp.com\/pohjanmaantehtaanmyymala.fi\/wp-content\/uploads\/2019\/09\/Pohjanmaan-Sheraton_nahkasohva_valkoinen.jpg?fit=960%2C960&ssl=1&resize=525%2C300 1.5x, https:\/\/i0.wp.com\/pohjanmaantehtaanmyymala.fi\/wp-content\/uploads\/2019\/09\/Pohjanmaan-Sheraton_nahkasohva_valkoinen.jpg?fit=960%2C960&ssl=1&resize=700%2C400 2x"},"classes":[]},{"id":23832,"url":"https:\/\/pohjanmaantehtaanmyymala.fi\/sv\/tuote\/sheraton-2-istuttava-nahkasohva\/","url_meta":{"origin":23874,"position":3},"title":"SHERATON 2-istuttava nahkasohva","author":"Sami Viitala","date":"september 28, 2023","format":false,"excerpt":"Ylellisen pehme\u00e4 muhkea ja iso Sheraton 2-istuttava nahkasohva l\u00f6h\u00f6ilyyn. Sohvan pehme\u00e4t istuintyynyt yhdistettyn\u00e4 pehmeisiin selk\u00e4tyynyihin tarjoaa loistavan taukopaikan keskelle arkeasi. Sohva on verhoiltu kest\u00e4v\u00e4ll\u00e4 Soft antique-nahalla vain sohvan taustaosat ovat keinonahkaa. Istuinkorkeus 47 cm. -syvyys 56 cm. Sheraton-sohvamallista saatavana my\u00f6s 2-istuttava sohva ja nojatuoli. Kysy lis\u00e4\u00e4 asiakaspalvelustamme. Tuotetiedot: Runko:Massiivipuu koivuvaneri.\u2026","rel":"","context":"Liknande produkt","block_context":{"text":"Liknande produkt","link":""},"img":{"alt_text":"Sheraton 2-istuttava nahkasohva harmaa","src":"https:\/\/i0.wp.com\/pohjanmaantehtaanmyymala.fi\/wp-content\/uploads\/2023\/09\/Pohjanmaan-Sheraton_2-nahkasohva_harmaa.jpg?fit=960%2C960&ssl=1&resize=350%2C200","width":350,"height":200,"srcset":"https:\/\/i0.wp.com\/pohjanmaantehtaanmyymala.fi\/wp-content\/uploads\/2023\/09\/Pohjanmaan-Sheraton_2-nahkasohva_harmaa.jpg?fit=960%2C960&ssl=1&resize=350%2C200 1x, https:\/\/i0.wp.com\/pohjanmaantehtaanmyymala.fi\/wp-content\/uploads\/2023\/09\/Pohjanmaan-Sheraton_2-nahkasohva_harmaa.jpg?fit=960%2C960&ssl=1&resize=525%2C300 1.5x, https:\/\/i0.wp.com\/pohjanmaantehtaanmyymala.fi\/wp-content\/uploads\/2023\/09\/Pohjanmaan-Sheraton_2-nahkasohva_harmaa.jpg?fit=960%2C960&ssl=1&resize=700%2C400 2x"},"classes":[]},{"id":9469,"url":"https:\/\/pohjanmaantehtaanmyymala.fi\/sv\/tuote\/sheraton-recliner\/","url_meta":{"origin":23874,"position":4},"title":"SHERATON &#8211; recliner nahkaverhoilulla","author":"petri","date":"september 14, 2019","format":false,"excerpt":"Pohjanmaan kalusteen valmistama Sheraton-reclinertuoli on todella mukavan pehme\u00e4 tuoli. Tuolin kahvaa k\u00e4\u00e4nt\u00e4m\u00e4ll\u00e4 nousee jalkarahi yl\u00f6s jolloin my\u00f6s selk\u00e4nojan kaltevuuden s\u00e4\u00e4t\u00f6 on mahdollista. Mekanismituolissa on py\u00f6riv\u00e4 jalusta vakiovarusteena. Rahin ollessa alhaalla tuoli my\u00f6s keinuu. Tuolin runko on valmistettu koivuvanerista ja havupuusta pehmusteena laadukas vaahtomuovi ja vanu. Valmistajan takuu mekanismille on 2-vuotta.\u2026","rel":"","context":"Liknande produkt","block_context":{"text":"Liknande produkt","link":""},"img":{"alt_text":"","src":"https:\/\/i0.wp.com\/pohjanmaantehtaanmyymala.fi\/wp-content\/uploads\/2019\/06\/sheraton-recl-nk1100-web.jpg?fit=960%2C960&ssl=1&resize=350%2C200","width":350,"height":200,"srcset":"https:\/\/i0.wp.com\/pohjanmaantehtaanmyymala.fi\/wp-content\/uploads\/2019\/06\/sheraton-recl-nk1100-web.jpg?fit=960%2C960&ssl=1&resize=350%2C200 1x, https:\/\/i0.wp.com\/pohjanmaantehtaanmyymala.fi\/wp-content\/uploads\/2019\/06\/sheraton-recl-nk1100-web.jpg?fit=960%2C960&ssl=1&resize=525%2C300 1.5x, https:\/\/i0.wp.com\/pohjanmaantehtaanmyymala.fi\/wp-content\/uploads\/2019\/06\/sheraton-recl-nk1100-web.jpg?fit=960%2C960&ssl=1&resize=700%2C400 2x"},"classes":[]},{"id":23724,"url":"https:\/\/pohjanmaantehtaanmyymala.fi\/sv\/tuote\/dolphin-3-istuttava-sohva-atlantic-kankaalla\/","url_meta":{"origin":23874,"position":5},"title":"Dolphin 3-istuttava sohva Atlantic kankaalla","author":"Sami Viitala","date":"september 26, 2023","format":false,"excerpt":"T\u00e4m\u00e4 sohvan ylellinen istuinpehmeys tekee oleskelun sohvalla vastustamattoman mukavaksi.","rel":"","context":"Liknande produkt","block_context":{"text":"Liknande produkt","link":""},"img":{"alt_text":"Dolphin sohva tumman harmaalla Atlantic-kankaalla verhoiltuna","src":"https:\/\/i0.wp.com\/pohjanmaantehtaanmyymala.fi\/wp-content\/uploads\/2023\/09\/Dolphin-3-istuttava-sohva-Atlantic09-tummanharmaa.jpg?fit=960%2C960&ssl=1&resize=350%2C200","width":350,"height":200,"srcset":"https:\/\/i0.wp.com\/pohjanmaantehtaanmyymala.fi\/wp-content\/uploads\/2023\/09\/Dolphin-3-istuttava-sohva-Atlantic09-tummanharmaa.jpg?fit=960%2C960&ssl=1&resize=350%2C200 1x, https:\/\/i0.wp.com\/pohjanmaantehtaanmyymala.fi\/wp-content\/uploads\/2023\/09\/Dolphin-3-istuttava-sohva-Atlantic09-tummanharmaa.jpg?fit=960%2C960&ssl=1&resize=525%2C300 1.5x, https:\/\/i0.wp.com\/pohjanmaantehtaanmyymala.fi\/wp-content\/uploads\/2023\/09\/Dolphin-3-istuttava-sohva-Atlantic09-tummanharmaa.jpg?fit=960%2C960&ssl=1&resize=700%2C400 2x"},"classes":[]}],"_links":{"self":[{"href":"https:\/\/pohjanmaantehtaanmyymala.fi\/sv\/wp-json\/wp\/v2\/product\/23874","targetHints":{"allow":["GET"]}}],"collection":[{"href":"https:\/\/pohjanmaantehtaanmyymala.fi\/sv\/wp-json\/wp\/v2\/product"}],"about":[{"href":"https:\/\/pohjanmaantehtaanmyymala.fi\/sv\/wp-json\/wp\/v2\/types\/product"}],"replies":[{"embeddable":true,"href":"https:\/\/pohjanmaantehtaanmyymala.fi\/sv\/wp-json\/wp\/v2\/comments?post=23874"}],"wp:featuredmedia":[{"embeddable":true,"href":"https:\/\/pohjanmaantehtaanmyymala.fi\/sv\/wp-json\/wp\/v2\/media\/23839"}],"wp:attachment":[{"href":"https:\/\/pohjanmaantehtaanmyymala.fi\/sv\/wp-json\/wp\/v2\/media?parent=23874"}],"wp:term":[{"taxonomy":"product_brand","embeddable":true,"href":"https:\/\/pohjanmaantehtaanmyymala.fi\/sv\/wp-json\/wp\/v2\/product_brand?post=23874"},{"taxonomy":"product_cat","embeddable":true,"href":"https:\/\/pohjanmaantehtaanmyymala.fi\/sv\/wp-json\/wp\/v2\/product_cat?post=23874"},{"taxonomy":"product_tag","embeddable":true,"href":"https:\/\/pohjanmaantehtaanmyymala.fi\/sv\/wp-json\/wp\/v2\/product_tag?post=23874"}],"curies":[{"name":"wp","href":"https:\/\/api.w.org\/{rel}","templated":true}]}}