{"id":23676,"date":"2023-09-23T12:54:30","date_gmt":"2023-09-23T10:54:30","guid":{"rendered":"https:\/\/pohjanmaantehtaanmyymala.fi\/?post_type=product&#038;p=23676"},"modified":"2023-09-23T13:57:31","modified_gmt":"2023-09-23T11:57:31","slug":"moduli-avokulmasohva-stark-kankaalla","status":"publish","type":"product","link":"https:\/\/pohjanmaantehtaanmyymala.fi\/sv\/tuote\/moduli-avokulmasohva-stark-kankaalla\/","title":{"rendered":"Moduli avokulmasohva Stark-kankaalla"},"content":{"rendered":"<p>Pohjanmaan Kalusteen valmistama Moduli avokulmasohva, joka on verhoiltu harmaalla Stark-kankaalla. T\u00e4m\u00e4 sohva on suunniteltu erityisesti sinulle, joka arvostat laadukkuutta, mukavuutta ja muunneltavuutta. Anna minun kertoa sinulle, miksi Moduli avokulmasohva on paras valinta sinulle.<\/p>\n<p>Moduli avokulmasohva on kotimainen tuote, joka on valmistettu Pohjanmaan Kalusteen omalla tehtaalla. Pohjanmaan Kaluste on tunnettu korkeasta laadustaan ja pitk\u00e4st\u00e4 perinteest\u00e4\u00e4n huonekalualalla. Moduli avokulmasohva on tehty kest\u00e4v\u00e4st\u00e4 puurungosta ja laadukkaista materiaaleista. Verhoiluna on k\u00e4ytetty Stark-kangasta, joka on pehme\u00e4\u00e4 ja helppohoitoista. Stark-kangas on my\u00f6s likaa hylkiv\u00e4 ja vesipest\u00e4v\u00e4. Harmaa v\u00e4ri sopii monenlaiseen sisustukseen ja luo rauhallisen tunnelman.<\/p>\n<p>Moduli avokulmasohva on eritt\u00e4in mukava istua ja loikoilla. Sohvan istuin- ja selk\u00e4tyynyt ovat t\u00e4ytetty HR-vaahtomuovilla, joka antaa hyv\u00e4n tuen ja kimmoisuuden. Sohvan k\u00e4sinojat ovat leve\u00e4t ja pehmustetut, mik\u00e4 lis\u00e4\u00e4 istuinmukavuutta. Sohvan avokulma mahdollistaa sohvalla oleskelun my\u00f6s makuuasennossa. Sohvassa on my\u00f6s s\u00e4\u00e4dett\u00e4v\u00e4t niskatuet, jotka voit asettaa juuri sinulle sopivaan kulmaan.<\/p>\n<p>Moduli avokulmasohva on moduulisohva, eli voit rakentaa siit\u00e4 juuri sinun kotiisi sopivan kokonaisuuden. Voit valita sohvan koon, muodon ja suunnan itse. Voit yhdist\u00e4\u00e4 erilaisia osia, kuten istuinmoduuleja, kulmamoduuleja, divaanimoduuleja ja k\u00e4sinojamoduuleja. Voit my\u00f6s vaihtaa sohvan osien paikkoja tarpeen mukaan. N\u00e4in voit luoda oman uniikin sohvamallisi, joka vastaa tilan vaatimuksia ja toiveitasi.<\/p>\n<p>Moduli avokulmasohva on siis t\u00e4ydellinen valinta sinulle, joka haluat nauttia kodin viihtyisyydest\u00e4 ja rentoutumisesta. T\u00e4m\u00e4 sohva tarjoaa sinulle paitsi laadukkaan ja mukavan istuma-asennon, my\u00f6s muuntautumiskykyisen ja modernin ilmeen olohuoneeseesi<\/p>\n<p>Lis\u00e4\u00e4 laadukkaita Lauritzonin<a href=\"https:\/\/www.pohjanmaan.fi\/materiaalimallistot\/stark\"> Stark-kangasv\u00e4rej\u00e4 l\u00f6yd\u00e4t t\u00e4\u00e4lt\u00e4.<\/a><\/p>\n<p>Kysy my\u00f6s muita v\u00e4rej\u00e4, kysy saatavuutta ja hintaa <a href=\"https:\/\/pohjanmaantehtaanmyymala.fi\/yhteys\/\">myynnist\u00e4mme!<\/a><\/p>\n<h3>Tuotetiedot:<\/h3>\n<p><a href=\"https:\/\/www.pohjanmaan.fi\/_files\/ugd\/2f25a6_597f429919be4325ad6bfd6120666add.pdf\" target=\"_blank\" rel=\"noopener\">Laataa t\u00e4st\u00e4 tuotekortti Pohjanmaan.fi sivuilta.<\/a><\/p>\n<p>Sohvan koko on oikeak\u00e4tinen 255*215 cm ja vasenk\u00e4tinen 215*255 cm<br \/>\nKorkeus 86 cm ja syvyys 88 cm.<br \/>\nIstuinkorkeus on 45 cm<br \/>\nIstuinsyvyys on 55 cm<\/p>\n<p>Runko: Massiivipuu, vaneri ja kovalevy. Runkotakuu 20-vuotta.<br \/>\nIstuinpehmuste: No-Zag jouset, vaahtomuovi HR-laatu + vanu.<br \/>\nSelk\u00e4tyynyt: vaahtomuovi. Irralliset selk\u00e4tyynyt.<br \/>\nJ\u00e4ykkyys: Hard.<br \/>\nVerhoilu: Laurizon Stark-kangas. Hintaryhm\u00e4 4<br \/>\nJalat: tammijalka, korkeus 13 cm.<\/p>\n<p>Toimitetaan kasattuna jalat irrallaan.<\/p>\n","protected":false},"excerpt":{"rendered":"<p>Modulisohva on POP!255<\/p>\n","protected":false},"featured_media":23664,"comment_status":"closed","ping_status":"closed","template":"","meta":{"_acf_changed":false,"jetpack_post_was_ever_published":false,"jetpack_publicize_message":"","jetpack_publicize_feature_enabled":true,"jetpack_social_post_already_shared":true,"jetpack_social_options":{"image_generator_settings":{"template":"highway","default_image_id":0,"font":"","enabled":false},"version":2}},"product_brand":[270],"product_cat":[201],"product_tag":[],"class_list":{"0":"post-23676","1":"product","2":"type-product","3":"status-publish","4":"has-post-thumbnail","6":"product_brand-pohjanmaan","7":"product_cat-sohvat","8":"product_shipping_class-161","10":"first","11":"instock","12":"sale","13":"purchasable","14":"product-type-simple"},"acf":[],"jetpack_publicize_connections":[],"jetpack_sharing_enabled":true,"jetpack-related-posts":[{"id":24472,"url":"https:\/\/pohjanmaantehtaanmyymala.fi\/sv\/tuote\/moduli-3-istuttava-sohva-nubuck\/","url_meta":{"origin":23676,"position":0},"title":"MODULI 3-istuttava sohva Nubuck","author":"Sami Viitala","date":"december 5, 2023","format":false,"excerpt":"Perussohva nahkaa muistuttavalla pintaverhoilulla. Valitse v\u00e4ri!","rel":"","context":"Liknande produkt","block_context":{"text":"Liknande produkt","link":""},"img":{"alt_text":"Pohjanmaan Moduli 3-istuttava sohva Nubuck-nahkaj\u00e4ljitelm\u00e4kangas konjakinruskea","src":"https:\/\/i0.wp.com\/pohjanmaantehtaanmyymala.fi\/wp-content\/uploads\/2023\/12\/Moduli_3-istuttava_sohva_nubuck_konjakki.jpg?fit=960%2C960&ssl=1&resize=350%2C200","width":350,"height":200,"srcset":"https:\/\/i0.wp.com\/pohjanmaantehtaanmyymala.fi\/wp-content\/uploads\/2023\/12\/Moduli_3-istuttava_sohva_nubuck_konjakki.jpg?fit=960%2C960&ssl=1&resize=350%2C200 1x, https:\/\/i0.wp.com\/pohjanmaantehtaanmyymala.fi\/wp-content\/uploads\/2023\/12\/Moduli_3-istuttava_sohva_nubuck_konjakki.jpg?fit=960%2C960&ssl=1&resize=525%2C300 1.5x, https:\/\/i0.wp.com\/pohjanmaantehtaanmyymala.fi\/wp-content\/uploads\/2023\/12\/Moduli_3-istuttava_sohva_nubuck_konjakki.jpg?fit=960%2C960&ssl=1&resize=700%2C400 2x"},"classes":[]},{"id":15312,"url":"https:\/\/pohjanmaantehtaanmyymala.fi\/sv\/tuote\/moduli-3-ist-nahkasohva-musta\/","url_meta":{"origin":23676,"position":1},"title":"MODULI 3-ist. nahkasohva musta","author":"Sami Viitala","date":"november 16, 2020","format":false,"excerpt":"Moduli sohva on POP! Pohjanmaan -nahkasohva.","rel":"","context":"Liknande produkt","block_context":{"text":"Liknande produkt","link":""},"img":{"alt_text":"Moduli nahkasohva musta","src":"https:\/\/i0.wp.com\/pohjanmaantehtaanmyymala.fi\/wp-content\/uploads\/2020\/11\/Moduli_E-D2-E_SoftAntique_musta.jpg?fit=1200%2C1200&ssl=1&resize=350%2C200","width":350,"height":200,"srcset":"https:\/\/i0.wp.com\/pohjanmaantehtaanmyymala.fi\/wp-content\/uploads\/2020\/11\/Moduli_E-D2-E_SoftAntique_musta.jpg?fit=1200%2C1200&ssl=1&resize=350%2C200 1x, https:\/\/i0.wp.com\/pohjanmaantehtaanmyymala.fi\/wp-content\/uploads\/2020\/11\/Moduli_E-D2-E_SoftAntique_musta.jpg?fit=1200%2C1200&ssl=1&resize=525%2C300 1.5x, https:\/\/i0.wp.com\/pohjanmaantehtaanmyymala.fi\/wp-content\/uploads\/2020\/11\/Moduli_E-D2-E_SoftAntique_musta.jpg?fit=1200%2C1200&ssl=1&resize=700%2C400 2x, https:\/\/i0.wp.com\/pohjanmaantehtaanmyymala.fi\/wp-content\/uploads\/2020\/11\/Moduli_E-D2-E_SoftAntique_musta.jpg?fit=1200%2C1200&ssl=1&resize=1050%2C600 3x"},"classes":[]},{"id":10935,"url":"https:\/\/pohjanmaantehtaanmyymala.fi\/sv\/tuote\/pohjanmaan-moduli-kulmasohva-alk-kankaalla\/","url_meta":{"origin":23676,"position":2},"title":"Pohjanmaan MODULI -kulmasohva","author":"petri","date":"september 14, 2019","format":false,"excerpt":"Pohjanmaan Moduli-kulmasohva T\u00e4m\u00e4 Pohjanmaan kulmasohva on tykky ja hyv\u00e4 istua. Istuimessa ja selk\u00e4tyynyss\u00e4 HR-kimmovaahtomuovisisus, sek\u00e4 sohvan puurungolle annetaan 20-vuoden runkotakuu. Moduli -kulmasohvaan on valittavissa useita verhoiluvaihtoehtoja. Moduli -sohvasta voit r\u00e4\u00e4t\u00e4l\u00f6id\u00e4 haluamasi kokoonpanon jokaiseen tilaan. Moduli -sohvasta on valittavana 13 eri modulia ja 7 erilaista k\u00e4sinojavaihtoehtoa. Pyyd\u00e4 tarjous asiakaspalvelusta tai tule\u2026","rel":"","context":"Liknande produkt","block_context":{"text":"Liknande produkt","link":""},"img":{"alt_text":"","src":"https:\/\/i0.wp.com\/pohjanmaantehtaanmyymala.fi\/wp-content\/uploads\/2019\/09\/Moduli-kulmasohva-PBLDG.jpg?fit=960%2C960&ssl=1&resize=350%2C200","width":350,"height":200,"srcset":"https:\/\/i0.wp.com\/pohjanmaantehtaanmyymala.fi\/wp-content\/uploads\/2019\/09\/Moduli-kulmasohva-PBLDG.jpg?fit=960%2C960&ssl=1&resize=350%2C200 1x, https:\/\/i0.wp.com\/pohjanmaantehtaanmyymala.fi\/wp-content\/uploads\/2019\/09\/Moduli-kulmasohva-PBLDG.jpg?fit=960%2C960&ssl=1&resize=525%2C300 1.5x, https:\/\/i0.wp.com\/pohjanmaantehtaanmyymala.fi\/wp-content\/uploads\/2019\/09\/Moduli-kulmasohva-PBLDG.jpg?fit=960%2C960&ssl=1&resize=700%2C400 2x"},"classes":[]},{"id":13388,"url":"https:\/\/pohjanmaantehtaanmyymala.fi\/sv\/tuote\/moduli-3-istuttava-nahkasohva-konjakki\/","url_meta":{"origin":23676,"position":3},"title":"MODULI 3-ist. nahkasohva konjakki","author":"Sami Viitala","date":"september 22, 2020","format":false,"excerpt":"Perussohva, joka on suomalaisten suosikki vuodesta toiseen.","rel":"","context":"Liknande produkt","block_context":{"text":"Liknande produkt","link":""},"img":{"alt_text":"Moduli nahkasohva konjakki","src":"https:\/\/i0.wp.com\/pohjanmaantehtaanmyymala.fi\/wp-content\/uploads\/2020\/09\/Moduli-nahkasohva-konjakki.jpg?fit=1200%2C1200&ssl=1&resize=350%2C200","width":350,"height":200,"srcset":"https:\/\/i0.wp.com\/pohjanmaantehtaanmyymala.fi\/wp-content\/uploads\/2020\/09\/Moduli-nahkasohva-konjakki.jpg?fit=1200%2C1200&ssl=1&resize=350%2C200 1x, https:\/\/i0.wp.com\/pohjanmaantehtaanmyymala.fi\/wp-content\/uploads\/2020\/09\/Moduli-nahkasohva-konjakki.jpg?fit=1200%2C1200&ssl=1&resize=525%2C300 1.5x, https:\/\/i0.wp.com\/pohjanmaantehtaanmyymala.fi\/wp-content\/uploads\/2020\/09\/Moduli-nahkasohva-konjakki.jpg?fit=1200%2C1200&ssl=1&resize=700%2C400 2x, https:\/\/i0.wp.com\/pohjanmaantehtaanmyymala.fi\/wp-content\/uploads\/2020\/09\/Moduli-nahkasohva-konjakki.jpg?fit=1200%2C1200&ssl=1&resize=1050%2C600 3x"},"classes":[]},{"id":9435,"url":"https:\/\/pohjanmaantehtaanmyymala.fi\/sv\/tuote\/moduli-32-istuttavat-nahkasohvat\/","url_meta":{"origin":23676,"position":4},"title":"MODULI 3 ja 2 -istuttavat nahkasohvat","author":"petri","date":"september 14, 2019","format":false,"excerpt":"Suoralinjainen ja siro Moduli -sohva sopii hyvin suomalaiseen kotiin. Moduli sohvassa istut todella mukavasti v\u00e4h\u00e4n pienemm\u00e4n istuinsyvyyden ansiosta sohva sopii hyvin v\u00e4h\u00e4n lyhyemm\u00e4llekin istujalle. Moduli sohvissa on aina korkea jalka joka helpottaa imurointia sohvan alta ja tekee sohvasta kevyen n\u00e4k\u00f6isen. Pohjanmaan kalusteen Moduli sohva on verhoiltu miellytt\u00e4v\u00e4ll\u00e4 aidolla Soft Antique\u2026","rel":"","context":"Liknande produkt","block_context":{"text":"Liknande produkt","link":""},"img":{"alt_text":"","src":"https:\/\/i0.wp.com\/pohjanmaantehtaanmyymala.fi\/wp-content\/uploads\/2019\/06\/moduli-3-2-1609.jpg?fit=960%2C960&ssl=1&resize=350%2C200","width":350,"height":200,"srcset":"https:\/\/i0.wp.com\/pohjanmaantehtaanmyymala.fi\/wp-content\/uploads\/2019\/06\/moduli-3-2-1609.jpg?fit=960%2C960&ssl=1&resize=350%2C200 1x, https:\/\/i0.wp.com\/pohjanmaantehtaanmyymala.fi\/wp-content\/uploads\/2019\/06\/moduli-3-2-1609.jpg?fit=960%2C960&ssl=1&resize=525%2C300 1.5x, https:\/\/i0.wp.com\/pohjanmaantehtaanmyymala.fi\/wp-content\/uploads\/2019\/06\/moduli-3-2-1609.jpg?fit=960%2C960&ssl=1&resize=700%2C400 2x"},"classes":[]},{"id":9443,"url":"https:\/\/pohjanmaantehtaanmyymala.fi\/sv\/tuote\/moduli-kulmasohva-avopaadylla\/","url_meta":{"origin":23676,"position":5},"title":"MODULI &#8211; kulmasohva avop\u00e4\u00e4dyll\u00e4","author":"petri","date":"september 14, 2019","format":false,"excerpt":"Suoralinjainen Moduli-kulmasohva! Pohjanmaan Kalusteen Moduli- kulmasohva on loistava valinta olohuoneeseen! Kest\u00e4v\u00e4 puurunko, laadukkaat pehmusteet ja verhoilukangas takaavat mukavia istumahetki\u00e4 vuosiksi eteenp\u00e4in. Pohjanmaan Moduli-avokulman korkea jalka antaa sohvalle kevyen ilmeen ja helpottaa sohvan alustan siivoamisessa. Moduli-kulmasohvan saa useissa eri kangas- ja nahkavaihtoehdoilla. Tuotesivun hinta on alkaen hintaryhm\u00e4n 1 kankaalla. Tuotetiedot: Runko:\u2026","rel":"","context":"Liknande produkt","block_context":{"text":"Liknande produkt","link":""},"img":{"alt_text":"","src":"https:\/\/i0.wp.com\/pohjanmaantehtaanmyymala.fi\/wp-content\/uploads\/2019\/06\/MODULI-D2LP2.jpg?fit=960%2C960&ssl=1&resize=350%2C200","width":350,"height":200,"srcset":"https:\/\/i0.wp.com\/pohjanmaantehtaanmyymala.fi\/wp-content\/uploads\/2019\/06\/MODULI-D2LP2.jpg?fit=960%2C960&ssl=1&resize=350%2C200 1x, https:\/\/i0.wp.com\/pohjanmaantehtaanmyymala.fi\/wp-content\/uploads\/2019\/06\/MODULI-D2LP2.jpg?fit=960%2C960&ssl=1&resize=525%2C300 1.5x, https:\/\/i0.wp.com\/pohjanmaantehtaanmyymala.fi\/wp-content\/uploads\/2019\/06\/MODULI-D2LP2.jpg?fit=960%2C960&ssl=1&resize=700%2C400 2x"},"classes":[]}],"_links":{"self":[{"href":"https:\/\/pohjanmaantehtaanmyymala.fi\/sv\/wp-json\/wp\/v2\/product\/23676","targetHints":{"allow":["GET"]}}],"collection":[{"href":"https:\/\/pohjanmaantehtaanmyymala.fi\/sv\/wp-json\/wp\/v2\/product"}],"about":[{"href":"https:\/\/pohjanmaantehtaanmyymala.fi\/sv\/wp-json\/wp\/v2\/types\/product"}],"replies":[{"embeddable":true,"href":"https:\/\/pohjanmaantehtaanmyymala.fi\/sv\/wp-json\/wp\/v2\/comments?post=23676"}],"wp:featuredmedia":[{"embeddable":true,"href":"https:\/\/pohjanmaantehtaanmyymala.fi\/sv\/wp-json\/wp\/v2\/media\/23664"}],"wp:attachment":[{"href":"https:\/\/pohjanmaantehtaanmyymala.fi\/sv\/wp-json\/wp\/v2\/media?parent=23676"}],"wp:term":[{"taxonomy":"product_brand","embeddable":true,"href":"https:\/\/pohjanmaantehtaanmyymala.fi\/sv\/wp-json\/wp\/v2\/product_brand?post=23676"},{"taxonomy":"product_cat","embeddable":true,"href":"https:\/\/pohjanmaantehtaanmyymala.fi\/sv\/wp-json\/wp\/v2\/product_cat?post=23676"},{"taxonomy":"product_tag","embeddable":true,"href":"https:\/\/pohjanmaantehtaanmyymala.fi\/sv\/wp-json\/wp\/v2\/product_tag?post=23676"}],"curies":[{"name":"wp","href":"https:\/\/api.w.org\/{rel}","templated":true}]}}