{"id":23561,"date":"2023-09-19T15:32:16","date_gmt":"2023-09-19T13:32:16","guid":{"rendered":"https:\/\/pohjanmaantehtaanmyymala.fi\/?post_type=product&#038;p=23561"},"modified":"2024-01-16T10:10:40","modified_gmt":"2024-01-16T08:10:40","slug":"dolphin-avokulmasohva-nuvola-kankaalla","status":"publish","type":"product","link":"https:\/\/pohjanmaantehtaanmyymala.fi\/sv\/tuote\/dolphin-avokulmasohva-nuvola-kankaalla\/","title":{"rendered":"Dolphin avokulmasohva Nuvola kankaalla"},"content":{"rendered":"<p>Etsitk\u00f6 uutta ja laadukasta sohvaa, joka sopii kotisi sisustukseen ja tarjoaa mukavuutta ja tyyli\u00e4? Jos vastasit kyll\u00e4, niin olet tullut oikeaan paikkaan! Esittelen sinulle Dolphin avokulmasohvan, joka on Pohjanmaan Kalusteen upea luomus.<\/p>\n<p>Upea Dolphin avokulmasohva kest\u00e4v\u00e4ll\u00e4 Easy Care-kankaalla verhoiltuna.<\/p>\n<p>Dolphin avokulmasohva on valmistettu Pohjanmaan Kalusteella korkealaatuisista materiaaleista. Runko on massiivipuuta ja vaneria, joten se on kest\u00e4v\u00e4 ja tukeva. Istuinpehmusteet ovat vaahtomuovia ja kuituvanua, jotka antavat hyv\u00e4n istumamukavuuden. Selk\u00e4tyynyt ovat kuituvanut\u00e4ytteisi\u00e4, jotka tuovat pehmeytt\u00e4 ja rentoutta. Jalat ovat tammea, jotka lis\u00e4\u00e4v\u00e4t modernia ilmett\u00e4.<\/p>\n<p>Dolphin avokulmasohvan verhoilu on Lauritzonin Nuvola kangasta, joka on Easy Care -mallistoa. Kangas on kest\u00e4v\u00e4 ja vesipest\u00e4v\u00e4, joten se on helppo pit\u00e4\u00e4 puhtaana. V\u00e4rivaihtoehtoja on useita, joten voit valita juuri sinun makuusi sopivan s\u00e4vyn. Easycare-kankaat ovat valmistettu sileist\u00e4 kuiduista, joten lika ei tartu kuituun niin helposti, eik\u00e4 kankaisiin ole tarvinnut lis\u00e4t\u00e4 j\u00e4lkik\u00e4sittelykemikaaleja. N\u00e4in ollen easycare-kankaat ovat turvallisia ihmisille ja el\u00e4imille sek\u00e4 ymp\u00e4rist\u00f6lle. Easycare-malliston kankaat ovat \u00d6ko-Tex\u00ae- ja REACH-sertifioituja.<\/p>\n<p>Kest\u00e4v\u00e4ss\u00e4 Nuvola-kankaassa on 9 eri v\u00e4ris\u00e4vy\u00e4.<\/p>\n<p>Dolphin avokulmasohva on tilava ja monik\u00e4ytt\u00f6inen. Voit asettaa sen olohuoneeseesi niin, ett\u00e4 se sopii tilaan ja tarpeisiisi. Voit nauttia siit\u00e4 yksin tai yhdess\u00e4 perheesi tai yst\u00e4viesi kanssa. Voit lukea kirjaa, katsoa elokuvaa, pelata pelej\u00e4 tai vain rentoutua Dolphin avokulmasohvalla.<\/p>\n<p>Dolphin avokulmasohva on nyt saatavilla erikoishintaan vain meilt\u00e4. Tilaa omasi jo t\u00e4n\u00e4\u00e4n ja saat sen kotiisi nopeasti ja vaivattomasti. Tuotteella on kahdenkymmenenviiden vuoden takuu rungolle ja kahden vuoden takuu verhoilulle. \u00c4l\u00e4 siis ep\u00e4r\u00f6i, vaan tee el\u00e4m\u00e4si paras sohvakauppa nyt!<\/p>\n<p>Kysy my\u00f6s muita v\u00e4rej\u00e4, kysy saatavuutta ja hintaa <a href=\"https:\/\/pohjanmaantehtaanmyymala.fi\/yhteys\/\">myynnist\u00e4mme!<\/a><\/p>\n<h3>Tuotetiedot:<\/h3>\n<p><a href=\"https:\/\/www.pohjanmaan.fi\/_files\/ugd\/fa0c6a_12df0f6f8d7b422a991e8bcd2dd1edf5.pdf\" target=\"_blank\" rel=\"noopener\">Laataa t\u00e4st\u00e4 tuotekortti Pohjanmaan.fi sivuilta.<\/a><\/p>\n<p>Sohvan koko on oikeak\u00e4tinen 254*209 cm ja vasenk\u00e4tinen 209*524 cm<br \/>\nKorkeus 88 cm ja syvyys 92 cm.<br \/>\nIstuinkorkeus on 46 cm<br \/>\nIstuinsyvyys on 54 cm<\/p>\n<p>Runko: Massiivipuu, vaneri ja kovalevy. Runkotakuu 20-vuotta.<br \/>\nIstuinpehmuste: No-Zag jouset, vaahtomuovi + vanu.<br \/>\nSelk\u00e4tyynyt: Vanut\u00e4yte lokeroitu. Irralliset selk\u00e4tyynyt.<br \/>\nVerhoilu: Laurizon Nuvola kangas. Hintaryhm\u00e4 5<br \/>\nJalat: tammijalka, korkeus 13 cm.<\/p>\n<p>Toimitetaan kasattuna jalat irrallaan.<\/p>\n","protected":false},"excerpt":{"rendered":"<p>Avokulmasohva, joka tekee sinut onnelliseksi!<\/p>\n","protected":false},"featured_media":23577,"comment_status":"closed","ping_status":"closed","template":"","meta":{"_acf_changed":false,"jetpack_post_was_ever_published":false,"jetpack_publicize_message":"","jetpack_publicize_feature_enabled":true,"jetpack_social_post_already_shared":true,"jetpack_social_options":{"image_generator_settings":{"template":"highway","default_image_id":0,"font":"","enabled":false},"version":2}},"product_brand":[270],"product_cat":[212,201],"product_tag":[],"class_list":{"0":"post-23561","1":"product","2":"type-product","3":"status-publish","4":"has-post-thumbnail","6":"product_brand-pohjanmaan","7":"product_cat-ajankohtaiset","8":"product_cat-sohvat","9":"product_shipping_class-161","10":"pa_malli-oikeakatinen","11":"pa_malli-vasenkatinen","12":"pa_vari-beige-206","13":"pa_vari-harmaa-204","14":"pa_vari-minttu-861","15":"pa_vari-musta-182","16":"pa_vari-okra-192","17":"pa_vari-sininen-183","18":"pa_vari-vaaleabeige-194","19":"pa_vari-vaaleanharmaa-201","20":"pa_vari-vihrea-419","22":"first","23":"instock","24":"sale","25":"purchasable","26":"product-type-variable"},"acf":[],"jetpack_publicize_connections":[],"jetpack_sharing_enabled":true,"jetpack-related-posts":[{"id":23294,"url":"https:\/\/pohjanmaantehtaanmyymala.fi\/sv\/tuote\/dolphin-sohva-nuvola-kankaalla\/","url_meta":{"origin":23561,"position":0},"title":"Dolphin 3-istuttava sohva Nuvola kankaalla","author":"Sami Viitala","date":"september 4, 2023","format":false,"excerpt":"Upea sohva kest\u00e4v\u00e4ll\u00e4 Easy Care-kankaalla verhoiltuna.","rel":"","context":"Liknande produkt","block_context":{"text":"Liknande produkt","link":""},"img":{"alt_text":"Pohjanmaan Dolphin sohva nuvola kankaalla, v\u00e4ri okra","src":"https:\/\/i0.wp.com\/pohjanmaantehtaanmyymala.fi\/wp-content\/uploads\/2023\/09\/Pohjanmaan_Dolphin_3-istuttava_etusivupuoli.jpg?fit=960%2C960&ssl=1&resize=350%2C200","width":350,"height":200,"srcset":"https:\/\/i0.wp.com\/pohjanmaantehtaanmyymala.fi\/wp-content\/uploads\/2023\/09\/Pohjanmaan_Dolphin_3-istuttava_etusivupuoli.jpg?fit=960%2C960&ssl=1&resize=350%2C200 1x, https:\/\/i0.wp.com\/pohjanmaantehtaanmyymala.fi\/wp-content\/uploads\/2023\/09\/Pohjanmaan_Dolphin_3-istuttava_etusivupuoli.jpg?fit=960%2C960&ssl=1&resize=525%2C300 1.5x, https:\/\/i0.wp.com\/pohjanmaantehtaanmyymala.fi\/wp-content\/uploads\/2023\/09\/Pohjanmaan_Dolphin_3-istuttava_etusivupuoli.jpg?fit=960%2C960&ssl=1&resize=700%2C400 2x"},"classes":[]},{"id":23318,"url":"https:\/\/pohjanmaantehtaanmyymala.fi\/sv\/tuote\/dolphin-2-istuttava-sohva-nuvola-kankaalla\/","url_meta":{"origin":23561,"position":1},"title":"Dolphin 2,5-istuttava sohva Nuvola kankaalla","author":"Sami Viitala","date":"september 5, 2023","format":false,"excerpt":"Kaunis sohva kest\u00e4v\u00e4ll\u00e4 Easy Care-kankaalla verhoiltuna.","rel":"","context":"Liknande produkt","block_context":{"text":"Liknande produkt","link":""},"img":{"alt_text":"Pohjanmaan Dolphin sohva nuvola kankaalla, v\u00e4ri okra etupuoli","src":"https:\/\/i0.wp.com\/pohjanmaantehtaanmyymala.fi\/wp-content\/uploads\/2023\/09\/Pohjanmaan_Dolphin_3-istuttava_etupuoli.jpg?fit=960%2C960&ssl=1&resize=350%2C200","width":350,"height":200,"srcset":"https:\/\/i0.wp.com\/pohjanmaantehtaanmyymala.fi\/wp-content\/uploads\/2023\/09\/Pohjanmaan_Dolphin_3-istuttava_etupuoli.jpg?fit=960%2C960&ssl=1&resize=350%2C200 1x, https:\/\/i0.wp.com\/pohjanmaantehtaanmyymala.fi\/wp-content\/uploads\/2023\/09\/Pohjanmaan_Dolphin_3-istuttava_etupuoli.jpg?fit=960%2C960&ssl=1&resize=525%2C300 1.5x, https:\/\/i0.wp.com\/pohjanmaantehtaanmyymala.fi\/wp-content\/uploads\/2023\/09\/Pohjanmaan_Dolphin_3-istuttava_etupuoli.jpg?fit=960%2C960&ssl=1&resize=700%2C400 2x"},"classes":[]},{"id":23748,"url":"https:\/\/pohjanmaantehtaanmyymala.fi\/sv\/tuote\/dolphin-avokulmasohva-atlantic-kankaalla\/","url_meta":{"origin":23561,"position":2},"title":"Dolphin avokulmasohva Atlantic-kankaalla","author":"Sami Viitala","date":"september 26, 2023","format":false,"excerpt":"Dolphin avokulmasohva on sohva, johon rakastut!","rel":"","context":"Liknande produkt","block_context":{"text":"Liknande produkt","link":""},"img":{"alt_text":"Dolphin avokulmasohva Atlantic-kangas vaaleanharmaa","src":"https:\/\/i0.wp.com\/pohjanmaantehtaanmyymala.fi\/wp-content\/uploads\/2023\/09\/Pohjanmaan_Dolphin_avokulmasohva_2.jpg?fit=960%2C960&ssl=1&resize=350%2C200","width":350,"height":200,"srcset":"https:\/\/i0.wp.com\/pohjanmaantehtaanmyymala.fi\/wp-content\/uploads\/2023\/09\/Pohjanmaan_Dolphin_avokulmasohva_2.jpg?fit=960%2C960&ssl=1&resize=350%2C200 1x, https:\/\/i0.wp.com\/pohjanmaantehtaanmyymala.fi\/wp-content\/uploads\/2023\/09\/Pohjanmaan_Dolphin_avokulmasohva_2.jpg?fit=960%2C960&ssl=1&resize=525%2C300 1.5x, https:\/\/i0.wp.com\/pohjanmaantehtaanmyymala.fi\/wp-content\/uploads\/2023\/09\/Pohjanmaan_Dolphin_avokulmasohva_2.jpg?fit=960%2C960&ssl=1&resize=700%2C400 2x"},"classes":[]},{"id":25123,"url":"https:\/\/pohjanmaantehtaanmyymala.fi\/sv\/tuote\/dolphin-vuodesohva-kangasverhoilulla\/","url_meta":{"origin":23561,"position":3},"title":"Dolphin vuodesohva kangasverhoilulla","author":"Miro Nevala","date":"mars 4, 2024","format":false,"excerpt":"Upea kangasvuodesohva mekanismilla useilla v\u00e4rivaihtoehdoilla!","rel":"","context":"Liknande produkt","block_context":{"text":"Liknande produkt","link":""},"img":{"alt_text":"Pohjanmaan Dolphin vuodesohva","src":"https:\/\/i0.wp.com\/pohjanmaantehtaanmyymala.fi\/wp-content\/uploads\/2024\/02\/Pohjanmaan-Dolphin-vuodesohva-960dpi.jpg?fit=960%2C960&ssl=1&resize=350%2C200","width":350,"height":200,"srcset":"https:\/\/i0.wp.com\/pohjanmaantehtaanmyymala.fi\/wp-content\/uploads\/2024\/02\/Pohjanmaan-Dolphin-vuodesohva-960dpi.jpg?fit=960%2C960&ssl=1&resize=350%2C200 1x, https:\/\/i0.wp.com\/pohjanmaantehtaanmyymala.fi\/wp-content\/uploads\/2024\/02\/Pohjanmaan-Dolphin-vuodesohva-960dpi.jpg?fit=960%2C960&ssl=1&resize=525%2C300 1.5x, https:\/\/i0.wp.com\/pohjanmaantehtaanmyymala.fi\/wp-content\/uploads\/2024\/02\/Pohjanmaan-Dolphin-vuodesohva-960dpi.jpg?fit=960%2C960&ssl=1&resize=700%2C400 2x"},"classes":[]},{"id":23724,"url":"https:\/\/pohjanmaantehtaanmyymala.fi\/sv\/tuote\/dolphin-3-istuttava-sohva-atlantic-kankaalla\/","url_meta":{"origin":23561,"position":4},"title":"Dolphin 3-istuttava sohva Atlantic kankaalla","author":"Sami Viitala","date":"september 26, 2023","format":false,"excerpt":"T\u00e4m\u00e4 sohvan ylellinen istuinpehmeys tekee oleskelun sohvalla vastustamattoman mukavaksi.","rel":"","context":"Liknande produkt","block_context":{"text":"Liknande produkt","link":""},"img":{"alt_text":"Dolphin sohva tumman harmaalla Atlantic-kankaalla verhoiltuna","src":"https:\/\/i0.wp.com\/pohjanmaantehtaanmyymala.fi\/wp-content\/uploads\/2023\/09\/Dolphin-3-istuttava-sohva-Atlantic09-tummanharmaa.jpg?fit=960%2C960&ssl=1&resize=350%2C200","width":350,"height":200,"srcset":"https:\/\/i0.wp.com\/pohjanmaantehtaanmyymala.fi\/wp-content\/uploads\/2023\/09\/Dolphin-3-istuttava-sohva-Atlantic09-tummanharmaa.jpg?fit=960%2C960&ssl=1&resize=350%2C200 1x, https:\/\/i0.wp.com\/pohjanmaantehtaanmyymala.fi\/wp-content\/uploads\/2023\/09\/Dolphin-3-istuttava-sohva-Atlantic09-tummanharmaa.jpg?fit=960%2C960&ssl=1&resize=525%2C300 1.5x, https:\/\/i0.wp.com\/pohjanmaantehtaanmyymala.fi\/wp-content\/uploads\/2023\/09\/Dolphin-3-istuttava-sohva-Atlantic09-tummanharmaa.jpg?fit=960%2C960&ssl=1&resize=700%2C400 2x"},"classes":[]},{"id":23700,"url":"https:\/\/pohjanmaantehtaanmyymala.fi\/sv\/tuote\/dolphin-25-istuttava-sohva-atlantic-kankaalla\/","url_meta":{"origin":23561,"position":5},"title":"Dolphin 2,5-istuttava sohva Atlantic kankaalla","author":"Sami Viitala","date":"september 26, 2023","format":false,"excerpt":"Pehme\u00e4 sohva, joka vet\u00e4\u00e4 puoleensa.","rel":"","context":"Liknande produkt","block_context":{"text":"Liknande produkt","link":""},"img":{"alt_text":"Pohjanmaan Dolphin 2,5 istuttava sohva vaaleanharmaalla Atlantic-kankalla etupuoli","src":"https:\/\/i0.wp.com\/pohjanmaantehtaanmyymala.fi\/wp-content\/uploads\/2023\/09\/Dolphin25-istuttava-sohva-Atlantic02-kangas-harmaa-1.jpg?fit=960%2C960&ssl=1&resize=350%2C200","width":350,"height":200,"srcset":"https:\/\/i0.wp.com\/pohjanmaantehtaanmyymala.fi\/wp-content\/uploads\/2023\/09\/Dolphin25-istuttava-sohva-Atlantic02-kangas-harmaa-1.jpg?fit=960%2C960&ssl=1&resize=350%2C200 1x, https:\/\/i0.wp.com\/pohjanmaantehtaanmyymala.fi\/wp-content\/uploads\/2023\/09\/Dolphin25-istuttava-sohva-Atlantic02-kangas-harmaa-1.jpg?fit=960%2C960&ssl=1&resize=525%2C300 1.5x, https:\/\/i0.wp.com\/pohjanmaantehtaanmyymala.fi\/wp-content\/uploads\/2023\/09\/Dolphin25-istuttava-sohva-Atlantic02-kangas-harmaa-1.jpg?fit=960%2C960&ssl=1&resize=700%2C400 2x"},"classes":[]}],"_links":{"self":[{"href":"https:\/\/pohjanmaantehtaanmyymala.fi\/sv\/wp-json\/wp\/v2\/product\/23561","targetHints":{"allow":["GET"]}}],"collection":[{"href":"https:\/\/pohjanmaantehtaanmyymala.fi\/sv\/wp-json\/wp\/v2\/product"}],"about":[{"href":"https:\/\/pohjanmaantehtaanmyymala.fi\/sv\/wp-json\/wp\/v2\/types\/product"}],"replies":[{"embeddable":true,"href":"https:\/\/pohjanmaantehtaanmyymala.fi\/sv\/wp-json\/wp\/v2\/comments?post=23561"}],"wp:featuredmedia":[{"embeddable":true,"href":"https:\/\/pohjanmaantehtaanmyymala.fi\/sv\/wp-json\/wp\/v2\/media\/23577"}],"wp:attachment":[{"href":"https:\/\/pohjanmaantehtaanmyymala.fi\/sv\/wp-json\/wp\/v2\/media?parent=23561"}],"wp:term":[{"taxonomy":"product_brand","embeddable":true,"href":"https:\/\/pohjanmaantehtaanmyymala.fi\/sv\/wp-json\/wp\/v2\/product_brand?post=23561"},{"taxonomy":"product_cat","embeddable":true,"href":"https:\/\/pohjanmaantehtaanmyymala.fi\/sv\/wp-json\/wp\/v2\/product_cat?post=23561"},{"taxonomy":"product_tag","embeddable":true,"href":"https:\/\/pohjanmaantehtaanmyymala.fi\/sv\/wp-json\/wp\/v2\/product_tag?post=23561"}],"curies":[{"name":"wp","href":"https:\/\/api.w.org\/{rel}","templated":true}]}}