{"id":23364,"date":"2023-09-12T15:12:55","date_gmt":"2023-09-12T13:12:55","guid":{"rendered":"https:\/\/pohjanmaantehtaanmyymala.fi\/?post_type=product&#038;p=23364"},"modified":"2023-09-12T17:00:53","modified_gmt":"2023-09-12T15:00:53","slug":"vita-avohylly-ovaali","status":"publish","type":"product","link":"https:\/\/pohjanmaantehtaanmyymala.fi\/sv\/tuote\/vita-avohylly-ovaali\/","title":{"rendered":"Vita avohylly ovaali"},"content":{"rendered":"<p>Metallirunkoinen Vita avohylly sopii monenlaiseen sisustukseen, muun muassa s\u00e4ilytystilaksi lasten huoneeseen.<\/p>\n<h3>Tuotetiedot:<\/h3>\n<p>Leveys 85 cm, syvyys 36 cm, Korkeus 111 cm<br \/>\nMateriaali: Ter\u00e4st\u00e4 ja kalustelevy\u00e4<br \/>\nPaino: 13,5 kg<\/p>\n<p>Toimitetaan pahvipakkauksessa osina.<\/p>\n","protected":false},"excerpt":{"rendered":"<p>Kevyt ovaalinmallinen avohylly House Nordicilta.<\/p>\n","protected":false},"featured_media":23376,"comment_status":"closed","ping_status":"closed","template":"","meta":{"_acf_changed":false,"jetpack_post_was_ever_published":false,"jetpack_publicize_message":"","jetpack_publicize_feature_enabled":true,"jetpack_social_post_already_shared":true,"jetpack_social_options":{"image_generator_settings":{"template":"highway","default_image_id":0,"font":"","enabled":false},"version":2}},"product_brand":[220],"product_cat":[212,196,197],"product_tag":[],"class_list":{"0":"post-23364","1":"product","2":"type-product","3":"status-publish","4":"has-post-thumbnail","6":"product_brand-house-nordic","7":"product_cat-ajankohtaiset","8":"product_cat-sailytyskalusteet-ja-tv-tasot","9":"product_cat-toimistokalusteet","10":"product_shipping_class-161","11":"pa_vari-musta","12":"pa_vari-ruskea-musta","14":"first","15":"instock","16":"sale","17":"purchasable","18":"product-type-variable"},"acf":[],"jetpack_publicize_connections":[],"jetpack_sharing_enabled":true,"jetpack-related-posts":[{"id":10763,"url":"https:\/\/pohjanmaantehtaanmyymala.fi\/sv\/tuote\/gustav-avohylly-60\/","url_meta":{"origin":23364,"position":0},"title":"GUSTAV Avohylly 60","author":"petri","date":"september 14, 2019","format":false,"excerpt":"Gustav hyllyst\u00f6malliston kauniin valkoinen avohylly. Hylly\u00e4 voidaan k\u00e4ytt\u00e4\u00e4 sellaisenaan tai yhdist\u00e4\u00e4 muiden Gustav malliston tuotteiden, kuten vitriinien tai laatikostojen kanssa. Yksitt\u00e4in k\u00e4ytettyn\u00e4 suosittelemme kansilevyn ostoa, jolloin se on viimeistellymm\u00e4n n\u00e4k\u00f6inen. Mitat: Leveys: 60 cm Syvyys: 39 cm Korkeus: 109,5 cm Paino 27 kg Toimitetaan kasattuna.","rel":"","context":"Liknande produkt","block_context":{"text":"Liknande produkt","link":""},"img":{"alt_text":"","src":"https:\/\/i0.wp.com\/pohjanmaantehtaanmyymala.fi\/wp-content\/uploads\/2019\/09\/Gustav_y07-0375_Avohylly60.jpg?fit=960%2C960&ssl=1&resize=350%2C200","width":350,"height":200,"srcset":"https:\/\/i0.wp.com\/pohjanmaantehtaanmyymala.fi\/wp-content\/uploads\/2019\/09\/Gustav_y07-0375_Avohylly60.jpg?fit=960%2C960&ssl=1&resize=350%2C200 1x, https:\/\/i0.wp.com\/pohjanmaantehtaanmyymala.fi\/wp-content\/uploads\/2019\/09\/Gustav_y07-0375_Avohylly60.jpg?fit=960%2C960&ssl=1&resize=525%2C300 1.5x, https:\/\/i0.wp.com\/pohjanmaantehtaanmyymala.fi\/wp-content\/uploads\/2019\/09\/Gustav_y07-0375_Avohylly60.jpg?fit=960%2C960&ssl=1&resize=700%2C400 2x"},"classes":[]},{"id":10651,"url":"https:\/\/pohjanmaantehtaanmyymala.fi\/sv\/tuote\/taiga-tv-taso-korkea-2-ovea-2-laatikkoa-avohylly-201cm-4-10\/","url_meta":{"origin":23364,"position":1},"title":"TAIGA 4.10 s\u00e4ilytystaso leveys 201 cm","author":"petri","date":"september 14, 2019","format":false,"excerpt":"Hiipakan Taiga tasossa on molemmilla sivuilla kaksi ovikaappia, keskell\u00e4 kaksi laatikkoa sek\u00e4 avohylly. Ovet ja laatikot toimivat push-open ponnahdusmekanismilla, eli painamalla sit\u00e4 se ponnahtaa auki. T\u00e4m\u00e4 Taiga-taso soveltuu tv:n alustaksi tai senkiksi. Taiga sopii kodin kaikkiin kuiviin tiloihin erilaisiin k\u00e4ytt\u00f6tarkoituksiin. Taiga-tuotesarjaa on saatavilla kolmessa eri v\u00e4riss\u00e4: kokonaan valkoinen, valkoinen\/hopeajalava ja\u2026","rel":"","context":"Liknande produkt","block_context":{"text":"Liknande produkt","link":""},"img":{"alt_text":"Hiipakan Taiga taso ovilla ja laatikoilla valkoinen","src":"https:\/\/i0.wp.com\/pohjanmaantehtaanmyymala.fi\/wp-content\/uploads\/2019\/09\/Taiga054.jpg?fit=960%2C960&ssl=1&resize=350%2C200","width":350,"height":200,"srcset":"https:\/\/i0.wp.com\/pohjanmaantehtaanmyymala.fi\/wp-content\/uploads\/2019\/09\/Taiga054.jpg?fit=960%2C960&ssl=1&resize=350%2C200 1x, https:\/\/i0.wp.com\/pohjanmaantehtaanmyymala.fi\/wp-content\/uploads\/2019\/09\/Taiga054.jpg?fit=960%2C960&ssl=1&resize=525%2C300 1.5x, https:\/\/i0.wp.com\/pohjanmaantehtaanmyymala.fi\/wp-content\/uploads\/2019\/09\/Taiga054.jpg?fit=960%2C960&ssl=1&resize=700%2C400 2x"},"classes":[]},{"id":10657,"url":"https:\/\/pohjanmaantehtaanmyymala.fi\/sv\/tuote\/taiga-tv-taso-matala-2-ovea-avohylly-laatikko-201cm-3-10\/","url_meta":{"origin":23364,"position":2},"title":"TAIGA 3.10 TV-taso ovilla ja laatikkolla 201cm","author":"petri","date":"september 14, 2019","format":false,"excerpt":"Kotimainen Taiga-tv-taso sopii mainiosti kodin s\u00e4lilytysratkaisuksi. Ovissa ja laatikossa on kest\u00e4v\u00e4t ja helppok\u00e4ytt\u00f6iset push-to-open mekanismit. Kaapeissa yksi hyllylevy. Taiga Tv-tason v\u00e4rivaihtoehdot ovat valkoinen, hopajalava\/valkoinen ja mustajalava. Hiipakan valmistama Taiga-taso toimitetaan muuten valmiiksi koottuna, paitsi jalat ovat irrallaan. Purat vain paketista, kiinnit\u00e4t jalat ruuvaamalla tason alle ja tuote on k\u00e4ytt\u00f6valmis. Tuotetiedot:\u2026","rel":"","context":"Liknande produkt","block_context":{"text":"Liknande produkt","link":""},"img":{"alt_text":"Hiipakka taiga taso valkoinen","src":"https:\/\/i0.wp.com\/pohjanmaantehtaanmyymala.fi\/wp-content\/uploads\/2019\/09\/Taiga-taso-00185406.jpg?fit=1200%2C1200&ssl=1&resize=350%2C200","width":350,"height":200,"srcset":"https:\/\/i0.wp.com\/pohjanmaantehtaanmyymala.fi\/wp-content\/uploads\/2019\/09\/Taiga-taso-00185406.jpg?fit=1200%2C1200&ssl=1&resize=350%2C200 1x, https:\/\/i0.wp.com\/pohjanmaantehtaanmyymala.fi\/wp-content\/uploads\/2019\/09\/Taiga-taso-00185406.jpg?fit=1200%2C1200&ssl=1&resize=525%2C300 1.5x, https:\/\/i0.wp.com\/pohjanmaantehtaanmyymala.fi\/wp-content\/uploads\/2019\/09\/Taiga-taso-00185406.jpg?fit=1200%2C1200&ssl=1&resize=700%2C400 2x, https:\/\/i0.wp.com\/pohjanmaantehtaanmyymala.fi\/wp-content\/uploads\/2019\/09\/Taiga-taso-00185406.jpg?fit=1200%2C1200&ssl=1&resize=1050%2C600 3x"},"classes":[]},{"id":9389,"url":"https:\/\/pohjanmaantehtaanmyymala.fi\/sv\/tuote\/economy-mappihylly-korkea-205x80-cm\/","url_meta":{"origin":23364,"position":3},"title":"ECONOMY &#8211; mappihylly korkea 205&#215;80 cm","author":"petri","date":"september 14, 2019","format":false,"excerpt":"Korkea Economy- mappihylly on tukeva ja monik\u00e4ytt\u00f6inen avohylly sit\u00e4 voi k\u00e4ytt\u00e4\u00e4 my\u00f6s tilanjakajana toimistossa viimeistellyn taustan ansiosta. Hyllykorkeus on jaettu siten ett\u00e4 jokaiselle hyllylle mahtuu mappi hyllyjen korkeutta pystyy my\u00f6s s\u00e4\u00e4t\u00e4m\u00e4\u00e4n. Saatavana my\u00f6s kaappina. Tuotetiedot: Koko: leveys 80 cm, korkeus 205 cm, syvyys 42,5 cm Valmistettu kalustelevyst\u00e4. Saatavilla Valkoisena Toimitetaan\u2026","rel":"","context":"Liknande produkt","block_context":{"text":"Liknande produkt","link":""},"img":{"alt_text":"","src":"https:\/\/i0.wp.com\/pohjanmaantehtaanmyymala.fi\/wp-content\/uploads\/2019\/09\/Econ-hylly-valkoinen-02-JPG-1.jpg?fit=960%2C960&ssl=1&resize=350%2C200","width":350,"height":200,"srcset":"https:\/\/i0.wp.com\/pohjanmaantehtaanmyymala.fi\/wp-content\/uploads\/2019\/09\/Econ-hylly-valkoinen-02-JPG-1.jpg?fit=960%2C960&ssl=1&resize=350%2C200 1x, https:\/\/i0.wp.com\/pohjanmaantehtaanmyymala.fi\/wp-content\/uploads\/2019\/09\/Econ-hylly-valkoinen-02-JPG-1.jpg?fit=960%2C960&ssl=1&resize=525%2C300 1.5x, https:\/\/i0.wp.com\/pohjanmaantehtaanmyymala.fi\/wp-content\/uploads\/2019\/09\/Econ-hylly-valkoinen-02-JPG-1.jpg?fit=960%2C960&ssl=1&resize=700%2C400 2x"},"classes":[]},{"id":25864,"url":"https:\/\/pohjanmaantehtaanmyymala.fi\/sv\/tuote\/economy-mappihylly-matala-120x80-cm\/","url_meta":{"origin":23364,"position":4},"title":"ECONOMY &#8211; mappihylly matala 120&#215;80 cm","author":"Miro Nevala","date":"februari 21, 2024","format":false,"excerpt":"Matala Economy- mappihylly on tukeva ja monik\u00e4ytt\u00f6inen avohylly sit\u00e4 voi k\u00e4ytt\u00e4\u00e4 my\u00f6s tilanjakajana toimistossa viimeistellyn taustan ansiosta. Hyllykorkeus on jaettu siten ett\u00e4 jokaiselle hyllylle mahtuu mappi hyllyjen korkeutta pystyy my\u00f6s s\u00e4\u00e4t\u00e4m\u00e4\u00e4n. Tuotetiedot: Koko: leveys 80 cm, korkeus 120 cm, syvyys 42,5 cm. Hyllyv\u00e4lit sovittettu mappikorkeudelle. Valmistettu kalustelevyst\u00e4. Saatavilla Valkoisena. Toimitetaan\u2026","rel":"","context":"Liknande produkt","block_context":{"text":"Liknande produkt","link":""},"img":{"alt_text":"Economy mappihylly 120cm korkea valkoinen","src":"https:\/\/i0.wp.com\/pohjanmaantehtaanmyymala.fi\/wp-content\/uploads\/2024\/02\/Economy-mappihylly-120-valkoinen-.jpg?fit=960%2C960&ssl=1&resize=350%2C200","width":350,"height":200,"srcset":"https:\/\/i0.wp.com\/pohjanmaantehtaanmyymala.fi\/wp-content\/uploads\/2024\/02\/Economy-mappihylly-120-valkoinen-.jpg?fit=960%2C960&ssl=1&resize=350%2C200 1x, https:\/\/i0.wp.com\/pohjanmaantehtaanmyymala.fi\/wp-content\/uploads\/2024\/02\/Economy-mappihylly-120-valkoinen-.jpg?fit=960%2C960&ssl=1&resize=525%2C300 1.5x, https:\/\/i0.wp.com\/pohjanmaantehtaanmyymala.fi\/wp-content\/uploads\/2024\/02\/Economy-mappihylly-120-valkoinen-.jpg?fit=960%2C960&ssl=1&resize=700%2C400 2x"},"classes":[]},{"id":25865,"url":"https:\/\/pohjanmaantehtaanmyymala.fi\/sv\/tuote\/economy-mappihylly-158x80-cm\/","url_meta":{"origin":23364,"position":5},"title":"ECONOMY &#8211; mappihylly 158&#215;80 cm","author":"Miro Nevala","date":"februari 21, 2024","format":false,"excerpt":"Economy- mappihylly on tukeva ja monik\u00e4ytt\u00f6inen avohylly sit\u00e4 voi k\u00e4ytt\u00e4\u00e4 my\u00f6s tilanjakajana toimistossa viimeistellyn taustan ansiosta. Hyllykorkeus on jaettu siten ett\u00e4 jokaiselle hyllylle mahtuu mappi hyllyjen korkeutta pystyy my\u00f6s s\u00e4\u00e4t\u00e4m\u00e4\u00e4n. Mappihylly\u00e4 on saatavana my\u00f6s ovilla, katso t\u00e4st\u00e4! Tuotetiedot: Koko: leveys 80 cm, korkeus 158 cm, syvyys 42,5 cm. Valmistettu kalustelevyst\u00e4.\u2026","rel":"","context":"Liknande produkt","block_context":{"text":"Liknande produkt","link":""},"img":{"alt_text":"Economy mappihylly 158cm korkea valkoinen","src":"https:\/\/i0.wp.com\/pohjanmaantehtaanmyymala.fi\/wp-content\/uploads\/2024\/02\/Economy-mappihylly-158cm-korkea-valkoinen.jpg?fit=960%2C960&ssl=1&resize=350%2C200","width":350,"height":200,"srcset":"https:\/\/i0.wp.com\/pohjanmaantehtaanmyymala.fi\/wp-content\/uploads\/2024\/02\/Economy-mappihylly-158cm-korkea-valkoinen.jpg?fit=960%2C960&ssl=1&resize=350%2C200 1x, https:\/\/i0.wp.com\/pohjanmaantehtaanmyymala.fi\/wp-content\/uploads\/2024\/02\/Economy-mappihylly-158cm-korkea-valkoinen.jpg?fit=960%2C960&ssl=1&resize=525%2C300 1.5x, https:\/\/i0.wp.com\/pohjanmaantehtaanmyymala.fi\/wp-content\/uploads\/2024\/02\/Economy-mappihylly-158cm-korkea-valkoinen.jpg?fit=960%2C960&ssl=1&resize=700%2C400 2x"},"classes":[]}],"_links":{"self":[{"href":"https:\/\/pohjanmaantehtaanmyymala.fi\/sv\/wp-json\/wp\/v2\/product\/23364","targetHints":{"allow":["GET"]}}],"collection":[{"href":"https:\/\/pohjanmaantehtaanmyymala.fi\/sv\/wp-json\/wp\/v2\/product"}],"about":[{"href":"https:\/\/pohjanmaantehtaanmyymala.fi\/sv\/wp-json\/wp\/v2\/types\/product"}],"replies":[{"embeddable":true,"href":"https:\/\/pohjanmaantehtaanmyymala.fi\/sv\/wp-json\/wp\/v2\/comments?post=23364"}],"wp:featuredmedia":[{"embeddable":true,"href":"https:\/\/pohjanmaantehtaanmyymala.fi\/sv\/wp-json\/wp\/v2\/media\/23376"}],"wp:attachment":[{"href":"https:\/\/pohjanmaantehtaanmyymala.fi\/sv\/wp-json\/wp\/v2\/media?parent=23364"}],"wp:term":[{"taxonomy":"product_brand","embeddable":true,"href":"https:\/\/pohjanmaantehtaanmyymala.fi\/sv\/wp-json\/wp\/v2\/product_brand?post=23364"},{"taxonomy":"product_cat","embeddable":true,"href":"https:\/\/pohjanmaantehtaanmyymala.fi\/sv\/wp-json\/wp\/v2\/product_cat?post=23364"},{"taxonomy":"product_tag","embeddable":true,"href":"https:\/\/pohjanmaantehtaanmyymala.fi\/sv\/wp-json\/wp\/v2\/product_tag?post=23364"}],"curies":[{"name":"wp","href":"https:\/\/api.w.org\/{rel}","templated":true}]}}