{"id":22380,"date":"2023-01-30T14:30:54","date_gmt":"2023-01-30T12:30:54","guid":{"rendered":"https:\/\/pohjanmaantehtaanmyymala.fi\/?post_type=product&#038;p=22380"},"modified":"2025-10-02T13:26:00","modified_gmt":"2025-10-02T11:26:00","slug":"ramona-divaanivuodesohva-solid-kangas","status":"publish","type":"product","link":"https:\/\/pohjanmaantehtaanmyymala.fi\/sv\/tuote\/ramona-divaanivuodesohva-solid-kangas\/","title":{"rendered":"Ramona divaanivuodesohva solid-kangas"},"content":{"rendered":"<div class=\"std descr1\">\n<p>Ramona divaanisohvassa on eritt\u00e4in helppok\u00e4ytt\u00f6inen vodemekanismi, jonka saat avatuksi hetkess\u00e4 varavuoteeksi. Ramonan vuodekoko on 199&#215;140 cm eli siin\u00e4 sopii nukkumaan hyvin kaksikin vierasta. Vuodesohvan levitysosakin on verhoiltu kokonaan samalla verhoilukankaalla kuin muukin sohva, eli sit\u00e4 voi k\u00e4ytt\u00e4\u00e4 my\u00f6s avattuna avoinna kuin isona l\u00f6h\u00f6ilysohvana. Ramona vuodesohvan divaaniosassa on tilava vuodevaatelaatikko jonka sis\u00e4ll\u00e4 s\u00e4ilyt\u00e4t esimerkiksi petivaatteet vaivatta. Sohvan mukana tulee my\u00f6s petauspatja.<\/p>\n<p>Laadukas Ramona divaanisohva laadukkaalla vuodetoiminnolla on oiva valinta silloin, kun tarvitaan v\u00e4lill\u00e4 varas\u00e4ngy\u00e4, muttei haluta tinki\u00e4 sohvan istumaominaisuuksista.<\/p>\n<p>Ramona vuodesohvaa on saatavana molemman k\u00e4tisin\u00e4.<\/p>\n<p>Kuvan sohva on Solid 89 harmaa.<\/p>\n<\/div>\n<p>Kysy saatavuutta ja kangasv\u00e4rej\u00e4 sek\u00e4 edullista toimitusta kotiovellesi <a href=\"https:\/\/pohjanmaantehtaanmyymala.fi\/yhteys\/\">myynnist\u00e4mme!<\/a><\/p>\n<h3>Tuotetiedot:<\/h3>\n<p>Vuodekoko: 199&#215;140 cm<br \/>\nLeveys: 212 cm<br \/>\nSyvyys divaanin kodasta: 160 cm<br \/>\nSysyyv sohvaosan kohdasta: 90 cm<br \/>\nKorkeus 90 cm<br \/>\nIst.korkeus 44 cm<br \/>\nIst.syvyys 54 cm<br \/>\nRunko on valmistettu puusta ja koivuvanerista.<br \/>\nPehmusteena vaahtomuovi ja siksak-jouset.<br \/>\nP\u00e4\u00e4llystetty\u00a0 Solid-kankaalla, 100% polyesteri\u00e4.<br \/>\nJalat on valmistettu koivusta, v\u00e4ri kuvasta poiketen wenge-musta.<\/p>\n","protected":false},"excerpt":{"rendered":"<p>Vuodesohva avattavalla divaanilla. Valitse k\u00e4tisyys!<\/p>\n","protected":false},"featured_media":22384,"comment_status":"closed","ping_status":"closed","template":"","meta":{"_acf_changed":false,"jetpack_post_was_ever_published":false,"jetpack_publicize_message":"","jetpack_publicize_feature_enabled":true,"jetpack_social_post_already_shared":true,"jetpack_social_options":{"image_generator_settings":{"template":"highway","default_image_id":0,"font":"","enabled":false},"version":2}},"product_brand":[374],"product_cat":[201],"product_tag":[],"class_list":{"0":"post-22380","1":"product","2":"type-product","3":"status-publish","4":"has-post-thumbnail","6":"product_brand-rave-furniture","7":"product_cat-sohvat","8":"pa_malli-oikeakatinen","9":"pa_malli-vasenkatinen","11":"first","12":"instock","13":"sale","14":"shipping-taxable","15":"purchasable","16":"product-type-variable","17":"has-default-attributes"},"acf":[],"jetpack_publicize_connections":[],"jetpack_sharing_enabled":true,"jetpack-related-posts":[{"id":17735,"url":"https:\/\/pohjanmaantehtaanmyymala.fi\/sv\/tuote\/noah-vuodesohva-divaani-oikealla\/","url_meta":{"origin":22380,"position":0},"title":"Noah divaani-vuodesohva alk. nahka","author":"Sami Viitala","date":"augusti 23, 2021","format":false,"excerpt":"Huippulaadukas sohva joka p\u00e4iv\u00e4iseen k\u00e4ytt\u00f6\u00f6n.","rel":"","context":"Liknande produkt","block_context":{"text":"Liknande produkt","link":""},"img":{"alt_text":"Noah vuodesohva nahkaa","src":"https:\/\/i0.wp.com\/pohjanmaantehtaanmyymala.fi\/wp-content\/uploads\/2021\/08\/Noah_vuodesohva_tyynyt_oik.jpg?fit=1200%2C1200&ssl=1&resize=350%2C200","width":350,"height":200,"srcset":"https:\/\/i0.wp.com\/pohjanmaantehtaanmyymala.fi\/wp-content\/uploads\/2021\/08\/Noah_vuodesohva_tyynyt_oik.jpg?fit=1200%2C1200&ssl=1&resize=350%2C200 1x, https:\/\/i0.wp.com\/pohjanmaantehtaanmyymala.fi\/wp-content\/uploads\/2021\/08\/Noah_vuodesohva_tyynyt_oik.jpg?fit=1200%2C1200&ssl=1&resize=525%2C300 1.5x, https:\/\/i0.wp.com\/pohjanmaantehtaanmyymala.fi\/wp-content\/uploads\/2021\/08\/Noah_vuodesohva_tyynyt_oik.jpg?fit=1200%2C1200&ssl=1&resize=700%2C400 2x, https:\/\/i0.wp.com\/pohjanmaantehtaanmyymala.fi\/wp-content\/uploads\/2021\/08\/Noah_vuodesohva_tyynyt_oik.jpg?fit=1200%2C1200&ssl=1&resize=1050%2C600 3x"},"classes":[]},{"id":22725,"url":"https:\/\/pohjanmaantehtaanmyymala.fi\/sv\/tuote\/easy-vuodesohva-vaaleanharmaa-kangas\/","url_meta":{"origin":22380,"position":1},"title":"EASY &#8211; vuodesohva vaaleanharmaa kangas","author":"Sami Viitala","date":"mars 10, 2023","format":false,"excerpt":"Helppotoiminen vuodesohva s\u00e4ilytyslaatikolla.","rel":"","context":"Liknande produkt","block_context":{"text":"Liknande produkt","link":""},"img":{"alt_text":"Pohjanmaan Easy vuodesohva austin vaaleanharmaalla kankaalla","src":"https:\/\/i0.wp.com\/pohjanmaantehtaanmyymala.fi\/wp-content\/uploads\/2023\/03\/Easy_vuodesohva_Austin_harmaa18-1.jpg?fit=960%2C960&ssl=1&resize=350%2C200","width":350,"height":200,"srcset":"https:\/\/i0.wp.com\/pohjanmaantehtaanmyymala.fi\/wp-content\/uploads\/2023\/03\/Easy_vuodesohva_Austin_harmaa18-1.jpg?fit=960%2C960&ssl=1&resize=350%2C200 1x, https:\/\/i0.wp.com\/pohjanmaantehtaanmyymala.fi\/wp-content\/uploads\/2023\/03\/Easy_vuodesohva_Austin_harmaa18-1.jpg?fit=960%2C960&ssl=1&resize=525%2C300 1.5x, https:\/\/i0.wp.com\/pohjanmaantehtaanmyymala.fi\/wp-content\/uploads\/2023\/03\/Easy_vuodesohva_Austin_harmaa18-1.jpg?fit=960%2C960&ssl=1&resize=700%2C400 2x"},"classes":[]},{"id":22649,"url":"https:\/\/pohjanmaantehtaanmyymala.fi\/sv\/tuote\/easy-vuodesohva-beigella-kankaalla\/","url_meta":{"origin":22380,"position":2},"title":"EASY &#8211; vuodesohva beigell\u00e4 kankaalla","author":"Sami Viitala","date":"mars 2, 2023","format":false,"excerpt":"Ajattomuutta ja toiminallisuutta arvostavalle.","rel":"","context":"Liknande produkt","block_context":{"text":"Liknande produkt","link":""},"img":{"alt_text":"Pohjanmaan Easy vuodesohva austin beige kankaalla","src":"https:\/\/i0.wp.com\/pohjanmaantehtaanmyymala.fi\/wp-content\/uploads\/2023\/03\/Easy_vuodesohva_Austin_beige-1.jpg?fit=960%2C960&ssl=1&resize=350%2C200","width":350,"height":200,"srcset":"https:\/\/i0.wp.com\/pohjanmaantehtaanmyymala.fi\/wp-content\/uploads\/2023\/03\/Easy_vuodesohva_Austin_beige-1.jpg?fit=960%2C960&ssl=1&resize=350%2C200 1x, https:\/\/i0.wp.com\/pohjanmaantehtaanmyymala.fi\/wp-content\/uploads\/2023\/03\/Easy_vuodesohva_Austin_beige-1.jpg?fit=960%2C960&ssl=1&resize=525%2C300 1.5x, https:\/\/i0.wp.com\/pohjanmaantehtaanmyymala.fi\/wp-content\/uploads\/2023\/03\/Easy_vuodesohva_Austin_beige-1.jpg?fit=960%2C960&ssl=1&resize=700%2C400 2x"},"classes":[]},{"id":8640,"url":"https:\/\/pohjanmaantehtaanmyymala.fi\/sv\/tuote\/easy-vuodesohva\/","url_meta":{"origin":22380,"position":3},"title":"EASY &#8211; vuodesohva harmaalla kankaalla","author":"petri","date":"september 14, 2019","format":false,"excerpt":"Ajattomuutta ja toiminallisuutta arvostavalle.","rel":"","context":"Liknande produkt","block_context":{"text":"Liknande produkt","link":""},"img":{"alt_text":"Easy vuodesohva etuviistosta p\u00e4in harmaa Austin-kangas","src":"https:\/\/i0.wp.com\/pohjanmaantehtaanmyymala.fi\/wp-content\/uploads\/2019\/09\/Easy-vuodesohva-austin19-sivu.jpg?fit=960%2C960&ssl=1&resize=350%2C200","width":350,"height":200,"srcset":"https:\/\/i0.wp.com\/pohjanmaantehtaanmyymala.fi\/wp-content\/uploads\/2019\/09\/Easy-vuodesohva-austin19-sivu.jpg?fit=960%2C960&ssl=1&resize=350%2C200 1x, https:\/\/i0.wp.com\/pohjanmaantehtaanmyymala.fi\/wp-content\/uploads\/2019\/09\/Easy-vuodesohva-austin19-sivu.jpg?fit=960%2C960&ssl=1&resize=525%2C300 1.5x, https:\/\/i0.wp.com\/pohjanmaantehtaanmyymala.fi\/wp-content\/uploads\/2019\/09\/Easy-vuodesohva-austin19-sivu.jpg?fit=960%2C960&ssl=1&resize=700%2C400 2x"},"classes":[]},{"id":23000,"url":"https:\/\/pohjanmaantehtaanmyymala.fi\/sv\/tuote\/gracy-vuodesohva-austin-kankaalla\/","url_meta":{"origin":22380,"position":4},"title":"Jazz 3-ist. vuodesohva kankaalla","author":"Sami Viitala","date":"maj 20, 2023","format":false,"excerpt":"Iso n\u00e4ytt\u00e4v\u00e4 vuodesohva!","rel":"","context":"Liknande produkt","block_context":{"text":"Liknande produkt","link":""},"img":{"alt_text":"Jazz 3-istuttava vuodesohva 3-tyynyinen beigell\u00e4 oasis-kankaalla milj\u00f6\u00f6ss\u00e4","src":"https:\/\/i0.wp.com\/pohjanmaantehtaanmyymala.fi\/wp-content\/uploads\/2023\/05\/JAZZ_K2055-DM-EASY-DELUXE-K2055_Oasis02_kangas.jpg?fit=1000%2C1000&ssl=1&resize=350%2C200","width":350,"height":200,"srcset":"https:\/\/i0.wp.com\/pohjanmaantehtaanmyymala.fi\/wp-content\/uploads\/2023\/05\/JAZZ_K2055-DM-EASY-DELUXE-K2055_Oasis02_kangas.jpg?fit=1000%2C1000&ssl=1&resize=350%2C200 1x, https:\/\/i0.wp.com\/pohjanmaantehtaanmyymala.fi\/wp-content\/uploads\/2023\/05\/JAZZ_K2055-DM-EASY-DELUXE-K2055_Oasis02_kangas.jpg?fit=1000%2C1000&ssl=1&resize=525%2C300 1.5x, https:\/\/i0.wp.com\/pohjanmaantehtaanmyymala.fi\/wp-content\/uploads\/2023\/05\/JAZZ_K2055-DM-EASY-DELUXE-K2055_Oasis02_kangas.jpg?fit=1000%2C1000&ssl=1&resize=700%2C400 2x"},"classes":[]},{"id":12782,"url":"https:\/\/pohjanmaantehtaanmyymala.fi\/sv\/tuote\/mango-divaanisohva-harmaa\/","url_meta":{"origin":22380,"position":5},"title":"Mango -divaanisohva (harmaa)","author":"Sami Viitala","date":"september 12, 2020","format":false,"excerpt":"Edullinen Mago-divaanisohva kangasverhoilulla.","rel":"","context":"Liknande produkt","block_context":{"text":"Liknande produkt","link":""},"img":{"alt_text":"Mango divaanisohva harmaa","src":"https:\/\/i0.wp.com\/pohjanmaantehtaanmyymala.fi\/wp-content\/uploads\/2020\/09\/Mango-divaanisohva-malmo-kangas.jpg?fit=1200%2C1200&ssl=1&resize=350%2C200","width":350,"height":200,"srcset":"https:\/\/i0.wp.com\/pohjanmaantehtaanmyymala.fi\/wp-content\/uploads\/2020\/09\/Mango-divaanisohva-malmo-kangas.jpg?fit=1200%2C1200&ssl=1&resize=350%2C200 1x, https:\/\/i0.wp.com\/pohjanmaantehtaanmyymala.fi\/wp-content\/uploads\/2020\/09\/Mango-divaanisohva-malmo-kangas.jpg?fit=1200%2C1200&ssl=1&resize=525%2C300 1.5x, https:\/\/i0.wp.com\/pohjanmaantehtaanmyymala.fi\/wp-content\/uploads\/2020\/09\/Mango-divaanisohva-malmo-kangas.jpg?fit=1200%2C1200&ssl=1&resize=700%2C400 2x, https:\/\/i0.wp.com\/pohjanmaantehtaanmyymala.fi\/wp-content\/uploads\/2020\/09\/Mango-divaanisohva-malmo-kangas.jpg?fit=1200%2C1200&ssl=1&resize=1050%2C600 3x"},"classes":[]}],"_links":{"self":[{"href":"https:\/\/pohjanmaantehtaanmyymala.fi\/sv\/wp-json\/wp\/v2\/product\/22380","targetHints":{"allow":["GET"]}}],"collection":[{"href":"https:\/\/pohjanmaantehtaanmyymala.fi\/sv\/wp-json\/wp\/v2\/product"}],"about":[{"href":"https:\/\/pohjanmaantehtaanmyymala.fi\/sv\/wp-json\/wp\/v2\/types\/product"}],"replies":[{"embeddable":true,"href":"https:\/\/pohjanmaantehtaanmyymala.fi\/sv\/wp-json\/wp\/v2\/comments?post=22380"}],"wp:featuredmedia":[{"embeddable":true,"href":"https:\/\/pohjanmaantehtaanmyymala.fi\/sv\/wp-json\/wp\/v2\/media\/22384"}],"wp:attachment":[{"href":"https:\/\/pohjanmaantehtaanmyymala.fi\/sv\/wp-json\/wp\/v2\/media?parent=22380"}],"wp:term":[{"taxonomy":"product_brand","embeddable":true,"href":"https:\/\/pohjanmaantehtaanmyymala.fi\/sv\/wp-json\/wp\/v2\/product_brand?post=22380"},{"taxonomy":"product_cat","embeddable":true,"href":"https:\/\/pohjanmaantehtaanmyymala.fi\/sv\/wp-json\/wp\/v2\/product_cat?post=22380"},{"taxonomy":"product_tag","embeddable":true,"href":"https:\/\/pohjanmaantehtaanmyymala.fi\/sv\/wp-json\/wp\/v2\/product_tag?post=22380"}],"curies":[{"name":"wp","href":"https:\/\/api.w.org\/{rel}","templated":true}]}}