{"id":22039,"date":"2022-12-13T17:40:12","date_gmt":"2022-12-13T15:40:12","guid":{"rendered":"https:\/\/pohjanmaantehtaanmyymala.fi\/?post_type=product&#038;p=22039"},"modified":"2025-07-11T14:39:04","modified_gmt":"2025-07-11T12:39:04","slug":"rustiikki-baarituoli-musta-tammi","status":"publish","type":"product","link":"https:\/\/pohjanmaantehtaanmyymala.fi\/sv\/tuote\/rustiikki-baarituoli-musta-tammi\/","title":{"rendered":"Rustiikki baarituoli musta\/tammi"},"content":{"rendered":"<p>J\u00e4my Rustiikki baarituoli, jossa on mustaksi maalattu runko ja rustiikkitamminen istuin.<\/p>\n<p>Tuolin kanssa on saatavana my\u00f6s baarip\u00f6yt\u00e4, kysy lis\u00e4tietoja <a href=\"https:\/\/pohjanmaantehtaanmyymala.fi\/yhteys\/\">myynnist\u00e4mme.<\/a><\/p>\n<p>Istuinkorkeus: 62 cm<br \/>\nTuolin mitat: korkeus 97 cm, leveys 50 cm, syvyys 49 cm.<br \/>\nToimitetaan valmiiksi koottuna.<\/p>\n","protected":false},"excerpt":{"rendered":"<p>J\u00e4my Rustiikki baarituoli, jossa on mustaksi maalattu runko ja rustiikkitamminen istuin. Tuolin kanssa on saatavana my\u00f6s baarip\u00f6yt\u00e4, kysy lis\u00e4tietoja myynnist\u00e4mme. Istuinkorkeus: 62 cm Tuolin mitat: korkeus 97 cm, leveys 50 cm, syvyys 49 cm. Toimitetaan valmiiksi koottuna.<\/p>\n","protected":false},"featured_media":22041,"comment_status":"closed","ping_status":"closed","template":"","meta":{"_acf_changed":false,"jetpack_post_was_ever_published":false,"jetpack_publicize_message":"","jetpack_publicize_feature_enabled":true,"jetpack_social_post_already_shared":true,"jetpack_social_options":{"image_generator_settings":{"template":"highway","default_image_id":0,"font":"","enabled":false},"version":2}},"product_brand":[],"product_cat":[194],"product_tag":[],"class_list":{"0":"post-22039","1":"product","2":"type-product","3":"status-publish","4":"has-post-thumbnail","6":"product_cat-ruokapoydat-ja-tuolit","7":"product_shipping_class-161","9":"first","10":"outofstock","11":"purchasable","12":"product-type-simple"},"acf":[],"jetpack_publicize_connections":[],"jetpack_sharing_enabled":true,"jetpack-related-posts":[{"id":13597,"url":"https:\/\/pohjanmaantehtaanmyymala.fi\/sv\/tuote\/auburn-baarituoli\/","url_meta":{"origin":22039,"position":0},"title":"Auburn &#8211; Baarituoli","author":"Sami Viitala","date":"september 28, 2020","format":false,"excerpt":"Auburn- baarituoli on tyylik\u00e4s valinta kotisi saarekkeen istuinpaikaksi. Tuolin jalat ovat metallia ja istuimessa helppohoitoinen tekstiilinahka. Alpha- baarituolissa on mukava istua pidempi\u00e4kin aikoja. Auburn -baarituolia on saatavana mustana ja ruskeana. Tuolissa on aina musta metallijalka. Tuotetiedot: leveys: 45 cm Syvyys: 50 cm Korkes: 80 cm Istuinkorkeus 65 cm Istuinsyvyys 40\u2026","rel":"","context":"Liknande produkt","block_context":{"text":"Liknande produkt","link":""},"img":{"alt_text":"Auburn Alpha baarituolit Rowico","src":"https:\/\/i0.wp.com\/pohjanmaantehtaanmyymala.fi\/wp-content\/uploads\/2020\/09\/Alpha-baarituoli-117677-117679.jpg?fit=1200%2C1200&ssl=1&resize=350%2C200","width":350,"height":200,"srcset":"https:\/\/i0.wp.com\/pohjanmaantehtaanmyymala.fi\/wp-content\/uploads\/2020\/09\/Alpha-baarituoli-117677-117679.jpg?fit=1200%2C1200&ssl=1&resize=350%2C200 1x, https:\/\/i0.wp.com\/pohjanmaantehtaanmyymala.fi\/wp-content\/uploads\/2020\/09\/Alpha-baarituoli-117677-117679.jpg?fit=1200%2C1200&ssl=1&resize=525%2C300 1.5x, https:\/\/i0.wp.com\/pohjanmaantehtaanmyymala.fi\/wp-content\/uploads\/2020\/09\/Alpha-baarituoli-117677-117679.jpg?fit=1200%2C1200&ssl=1&resize=700%2C400 2x, https:\/\/i0.wp.com\/pohjanmaantehtaanmyymala.fi\/wp-content\/uploads\/2020\/09\/Alpha-baarituoli-117677-117679.jpg?fit=1200%2C1200&ssl=1&resize=1050%2C600 3x"},"classes":[]},{"id":21704,"url":"https:\/\/pohjanmaantehtaanmyymala.fi\/sv\/tuote\/emilia-ruokaryhma-4-tuolilla-musta-tammi\/","url_meta":{"origin":22039,"position":1},"title":"Emilia ruokaryhm\u00e4 4 tuolilla musta\/tammi","author":"Sami Viitala","date":"november 22, 2022","format":false,"excerpt":"Perinteinen Emilia- ruokailuryhm\u00e4 sis\u00e4lt\u00e4\u00e4 Rustiikki p\u00f6yd\u00e4n 140*80 cm ja 4 kpl Emilia tuolia. Ruokailuryhm\u00e4 on valmistettu koivusta ja tammesta. P\u00f6yd\u00e4n jalkaosat ja tuolien rungot on maalattu mustaksi. Rustiikki p\u00f6yd\u00e4ss\u00e4 on tammikansi, joka on nimens\u00e4 mukaisesti rustiikkinen, eli hieman jo vanhan ja k\u00e4ytetyn n\u00e4k\u00f6inen uutena. Emilia-tuolien istuimissa on my\u00f6s rustiikkinen tammikansi.\u2026","rel":"","context":"Liknande produkt","block_context":{"text":"Liknande produkt","link":""},"img":{"alt_text":"4 kpl Emilia tuoleja ja Rustiikki ruokap\u00f6yt\u00e4 140x80 cm musta\/rustiikki tammi","src":"https:\/\/i0.wp.com\/pohjanmaantehtaanmyymala.fi\/wp-content\/uploads\/2022\/11\/Emiliai-ruokaryhma-4tuolilla-musta-tammi.jpg?fit=960%2C960&ssl=1&resize=350%2C200","width":350,"height":200,"srcset":"https:\/\/i0.wp.com\/pohjanmaantehtaanmyymala.fi\/wp-content\/uploads\/2022\/11\/Emiliai-ruokaryhma-4tuolilla-musta-tammi.jpg?fit=960%2C960&ssl=1&resize=350%2C200 1x, https:\/\/i0.wp.com\/pohjanmaantehtaanmyymala.fi\/wp-content\/uploads\/2022\/11\/Emiliai-ruokaryhma-4tuolilla-musta-tammi.jpg?fit=960%2C960&ssl=1&resize=525%2C300 1.5x, https:\/\/i0.wp.com\/pohjanmaantehtaanmyymala.fi\/wp-content\/uploads\/2022\/11\/Emiliai-ruokaryhma-4tuolilla-musta-tammi.jpg?fit=960%2C960&ssl=1&resize=700%2C400 2x"},"classes":[]},{"id":21709,"url":"https:\/\/pohjanmaantehtaanmyymala.fi\/sv\/tuote\/emilia-ruokaryhma-4-tuolilla-valkoinen-tammi\/","url_meta":{"origin":22039,"position":2},"title":"Emilia ruokaryhm\u00e4 4 tuolilla valkoinen\/tammi","author":"Sami Viitala","date":"november 22, 2022","format":false,"excerpt":"Perinteinen Emilia- ruokailuryhm\u00e4 sis\u00e4lt\u00e4\u00e4 Rustiikki p\u00f6yd\u00e4n 140*80 cm ja 4 kpl Emilia tuolia. Ruokailuryhm\u00e4 on valmistettu koivusta ja tammesta. P\u00f6yd\u00e4n jalkaosat ja tuolien rungot on maalattu valkoiseksi. Rustiikki p\u00f6yd\u00e4ss\u00e4 on tammikansi, joka on nimens\u00e4 mukaisesti rustiikkinen, eli hieman jo vanhan ja k\u00e4ytetyn n\u00e4k\u00f6inen uutena. Emilia-tuolien istuimissa on my\u00f6s rustiikkinen tammikansi.\u2026","rel":"","context":"Liknande produkt","block_context":{"text":"Liknande produkt","link":""},"img":{"alt_text":"4 kpl Emilia tuoleja ja Rustiikki ruokap\u00f6yt\u00e4 140x80 cm valkoinen\/rustiikki tammi","src":"https:\/\/i0.wp.com\/pohjanmaantehtaanmyymala.fi\/wp-content\/uploads\/2022\/11\/Emiliai-ruokaryhma-4tuolilla-valkoinen-tammi.jpg?fit=960%2C960&ssl=1&resize=350%2C200","width":350,"height":200,"srcset":"https:\/\/i0.wp.com\/pohjanmaantehtaanmyymala.fi\/wp-content\/uploads\/2022\/11\/Emiliai-ruokaryhma-4tuolilla-valkoinen-tammi.jpg?fit=960%2C960&ssl=1&resize=350%2C200 1x, https:\/\/i0.wp.com\/pohjanmaantehtaanmyymala.fi\/wp-content\/uploads\/2022\/11\/Emiliai-ruokaryhma-4tuolilla-valkoinen-tammi.jpg?fit=960%2C960&ssl=1&resize=525%2C300 1.5x, https:\/\/i0.wp.com\/pohjanmaantehtaanmyymala.fi\/wp-content\/uploads\/2022\/11\/Emiliai-ruokaryhma-4tuolilla-valkoinen-tammi.jpg?fit=960%2C960&ssl=1&resize=700%2C400 2x"},"classes":[]},{"id":21648,"url":"https:\/\/pohjanmaantehtaanmyymala.fi\/sv\/tuote\/emilia-ruokaryhma-6-tuolilla-musta-tammi\/","url_meta":{"origin":22039,"position":3},"title":"Emilia ruokaryhm\u00e4 6 tuolilla musta\/tammi","author":"Sami Viitala","date":"november 22, 2022","format":false,"excerpt":"Romanttinen Emilia- ruokailuryhm\u00e4 sis\u00e4lt\u00e4\u00e4 Rustiikki p\u00f6yd\u00e4n 180*90 cm ja 6 kpl Emilia tuolia. Emilia ruokailuryhm\u00e4 on valmistettu koivusta ja tammesta. P\u00f6yd\u00e4n jalkaosat ja tuolien rungot on maalattu mustaksi. Rustiikki p\u00f6yd\u00e4ss\u00e4 on tammikansi, joka on nimens\u00e4 mukaisesti rustiikkinen, eli hieman jo vanhan ja k\u00e4ytetyn n\u00e4k\u00f6inen uutena. Emilia-tuolien istuimissa on my\u00f6s rustiikkinen\u2026","rel":"","context":"Liknande produkt","block_context":{"text":"Liknande produkt","link":""},"img":{"alt_text":"6 kpl Emilia tuoleja ja Rustiikki ruokap\u00f6yt\u00e4 170x90 cm musta\/rustiikki tammi","src":"https:\/\/i0.wp.com\/pohjanmaantehtaanmyymala.fi\/wp-content\/uploads\/2022\/11\/Emilia-ruokaryhma-6tuolilla-musta-tammi.jpg?fit=960%2C960&ssl=1&resize=350%2C200","width":350,"height":200,"srcset":"https:\/\/i0.wp.com\/pohjanmaantehtaanmyymala.fi\/wp-content\/uploads\/2022\/11\/Emilia-ruokaryhma-6tuolilla-musta-tammi.jpg?fit=960%2C960&ssl=1&resize=350%2C200 1x, https:\/\/i0.wp.com\/pohjanmaantehtaanmyymala.fi\/wp-content\/uploads\/2022\/11\/Emilia-ruokaryhma-6tuolilla-musta-tammi.jpg?fit=960%2C960&ssl=1&resize=525%2C300 1.5x, https:\/\/i0.wp.com\/pohjanmaantehtaanmyymala.fi\/wp-content\/uploads\/2022\/11\/Emilia-ruokaryhma-6tuolilla-musta-tammi.jpg?fit=960%2C960&ssl=1&resize=700%2C400 2x"},"classes":[]},{"id":21672,"url":"https:\/\/pohjanmaantehtaanmyymala.fi\/sv\/tuote\/emilia-ruokaryhma-6-tuolilla-valkoinen-tammi\/","url_meta":{"origin":22039,"position":4},"title":"Emilia ruokaryhm\u00e4 6 tuolilla valkoinen\/tammi","author":"Sami Viitala","date":"november 22, 2022","format":false,"excerpt":"Romanttinen Emilia- ruokailuryhm\u00e4 sis\u00e4lt\u00e4\u00e4 Rustiikki p\u00f6yd\u00e4n 180*90 cm ja 6 kpl Emilia tuolia. Emilia ruokailuryhm\u00e4 on valmistettu koivusta ja tammesta. P\u00f6yd\u00e4n jalkaosat ja tuolien rungot on maalattu valkoiseksi. Rustiikki p\u00f6yd\u00e4ss\u00e4 on tammikansi, joka on nimens\u00e4 mukaisesti rustiikkinen, eli hieman jo vanhan ja k\u00e4ytetyn n\u00e4k\u00f6inen uutena. Emilia-tuolien istuimissa on my\u00f6s rustiikkinen\u2026","rel":"","context":"Liknande produkt","block_context":{"text":"Liknande produkt","link":""},"img":{"alt_text":"6 kpl Emilia tuoleja ja Rustiikki ruokap\u00f6yt\u00e4 170x90 cm valkoinen\/rustiikki tammi","src":"https:\/\/i0.wp.com\/pohjanmaantehtaanmyymala.fi\/wp-content\/uploads\/2022\/11\/Emilia-ruokaryhma-6tuolillavalkoinen-tammi.jpg?fit=960%2C960&ssl=1&resize=350%2C200","width":350,"height":200,"srcset":"https:\/\/i0.wp.com\/pohjanmaantehtaanmyymala.fi\/wp-content\/uploads\/2022\/11\/Emilia-ruokaryhma-6tuolillavalkoinen-tammi.jpg?fit=960%2C960&ssl=1&resize=350%2C200 1x, https:\/\/i0.wp.com\/pohjanmaantehtaanmyymala.fi\/wp-content\/uploads\/2022\/11\/Emilia-ruokaryhma-6tuolillavalkoinen-tammi.jpg?fit=960%2C960&ssl=1&resize=525%2C300 1.5x, https:\/\/i0.wp.com\/pohjanmaantehtaanmyymala.fi\/wp-content\/uploads\/2022\/11\/Emilia-ruokaryhma-6tuolillavalkoinen-tammi.jpg?fit=960%2C960&ssl=1&resize=700%2C400 2x"},"classes":[]},{"id":21686,"url":"https:\/\/pohjanmaantehtaanmyymala.fi\/sv\/tuote\/emmi-ruokaryhma-6-tuolilla-valkoinen-tammi\/","url_meta":{"origin":22039,"position":5},"title":"Emmi ruokaryhm\u00e4 6 tuolilla valkoinen\/tammi","author":"Sami Viitala","date":"november 22, 2022","format":false,"excerpt":"Perinteinen Emmi- ruokailuryhm\u00e4 sis\u00e4lt\u00e4\u00e4 Rustiikki p\u00f6yd\u00e4n 180*90 cm ja 6 kpl Emmi tuolia. Emmi ruokailuryhm\u00e4 on valmistettu koivusta ja tammesta. P\u00f6yd\u00e4n jalkaosat ja tuolien rungot on maalattu valkoiseksi. Rustiikki p\u00f6yd\u00e4ss\u00e4 on tammikansi, joka on nimens\u00e4 mukaisesti rustiikkinen, eli hieman jo vanhan ja k\u00e4ytetyn n\u00e4k\u00f6inen uutena. Emmi-tuolien istuimissa on my\u00f6s rustiikkinen\u2026","rel":"","context":"Liknande produkt","block_context":{"text":"Liknande produkt","link":""},"img":{"alt_text":"Emmi ruokaryhm\u00e4 170x90 cm 6-tuolilla valkoinen\/rustiikkitammi","src":"https:\/\/i0.wp.com\/pohjanmaantehtaanmyymala.fi\/wp-content\/uploads\/2022\/11\/Emmi-ruokaryhma-6tuolilla-valkoinen-tammi.jpg?fit=960%2C960&ssl=1&resize=350%2C200","width":350,"height":200,"srcset":"https:\/\/i0.wp.com\/pohjanmaantehtaanmyymala.fi\/wp-content\/uploads\/2022\/11\/Emmi-ruokaryhma-6tuolilla-valkoinen-tammi.jpg?fit=960%2C960&ssl=1&resize=350%2C200 1x, https:\/\/i0.wp.com\/pohjanmaantehtaanmyymala.fi\/wp-content\/uploads\/2022\/11\/Emmi-ruokaryhma-6tuolilla-valkoinen-tammi.jpg?fit=960%2C960&ssl=1&resize=525%2C300 1.5x, https:\/\/i0.wp.com\/pohjanmaantehtaanmyymala.fi\/wp-content\/uploads\/2022\/11\/Emmi-ruokaryhma-6tuolilla-valkoinen-tammi.jpg?fit=960%2C960&ssl=1&resize=700%2C400 2x"},"classes":[]}],"_links":{"self":[{"href":"https:\/\/pohjanmaantehtaanmyymala.fi\/sv\/wp-json\/wp\/v2\/product\/22039","targetHints":{"allow":["GET"]}}],"collection":[{"href":"https:\/\/pohjanmaantehtaanmyymala.fi\/sv\/wp-json\/wp\/v2\/product"}],"about":[{"href":"https:\/\/pohjanmaantehtaanmyymala.fi\/sv\/wp-json\/wp\/v2\/types\/product"}],"replies":[{"embeddable":true,"href":"https:\/\/pohjanmaantehtaanmyymala.fi\/sv\/wp-json\/wp\/v2\/comments?post=22039"}],"wp:featuredmedia":[{"embeddable":true,"href":"https:\/\/pohjanmaantehtaanmyymala.fi\/sv\/wp-json\/wp\/v2\/media\/22041"}],"wp:attachment":[{"href":"https:\/\/pohjanmaantehtaanmyymala.fi\/sv\/wp-json\/wp\/v2\/media?parent=22039"}],"wp:term":[{"taxonomy":"product_brand","embeddable":true,"href":"https:\/\/pohjanmaantehtaanmyymala.fi\/sv\/wp-json\/wp\/v2\/product_brand?post=22039"},{"taxonomy":"product_cat","embeddable":true,"href":"https:\/\/pohjanmaantehtaanmyymala.fi\/sv\/wp-json\/wp\/v2\/product_cat?post=22039"},{"taxonomy":"product_tag","embeddable":true,"href":"https:\/\/pohjanmaantehtaanmyymala.fi\/sv\/wp-json\/wp\/v2\/product_tag?post=22039"}],"curies":[{"name":"wp","href":"https:\/\/api.w.org\/{rel}","templated":true}]}}