{"id":21880,"date":"2022-12-07T15:37:18","date_gmt":"2022-12-07T13:37:18","guid":{"rendered":"https:\/\/pohjanmaantehtaanmyymala.fi\/?post_type=product&#038;p=21880"},"modified":"2022-12-09T16:49:40","modified_gmt":"2022-12-09T14:49:40","slug":"narma-vao-kakspuolinen-puuvillamatto-80x250-cm","status":"publish","type":"product","link":"https:\/\/pohjanmaantehtaanmyymala.fi\/sv\/tuote\/narma-vao-kakspuolinen-puuvillamatto-80x250-cm\/","title":{"rendered":"Narma Vao kakspuolinen puuvillamatto 80&#215;250 cm"},"content":{"rendered":"<p>Kauniisti kuvioitu Narma Vao chenille puuvillamatto kaikkiin kodin oleskelutiloihin. Erilainen kuviointi molemmilla puolilla, joten pystyt helposti vaihtamaan tunnelmaa helposti mattoa k\u00e4\u00e4nt\u00e4en. Vao matosta l\u00f6yd\u00e4t kaksi eri v\u00e4ri\u00e4; valkoinen ja harmaa.<\/p>\n<p>Kaikki saatavilla olevat koot ovat:<br \/>\n70&#215;140 cm<br \/>\n80&#215;250 cm<br \/>\n100&#215;160 cm<br \/>\n140&#215;200 cm<br \/>\n160&#215;230 cm<br \/>\n200&#215;300 cm<\/p>\n<p>Meilt\u00e4 l\u00f6ytyy my\u00f6s paljon muita mattoja, kysy hinta ja saatavuustietoja <a href=\"https:\/\/pohjanmaantehtaanmyymala.fi\/yhteys\/\">myynnist\u00e4mme.<\/a><\/p>\n<h3><strong>Tuotetiedot<\/strong><\/h3>\n<ul>\n<li>Kaksipuolinen smartWeave\u00ae matto on ainutlaatuinen 2-in-1 tuote, jonka molemmat puolet n\u00e4ytt\u00e4v\u00e4t erilaisilta ja ovat yht\u00e4 k\u00e4ytt\u00f6kelpoisia.<\/li>\n<li>Maton pinta on luonnollista puuvillaa, joka on valmistettu 100% kierr\u00e4tysmateriaalista.<\/li>\n<li>Ainutlaatuisen teknisen toteutuksen ansiosta smartWeave-matolla on vakaa rakenne ja muoto ilman kemiallista- tai l\u00e4mp\u00f6k\u00e4sittely\u00e4.<\/li>\n<li>Materiaali: 80% puuvillaa, 20% polyesteri\u00e4.<\/li>\n<li>Viimeistelyn takaa vahva, 70mm leve\u00e4 kudottu reuna, josta noin 30mm on n\u00e4kyviss\u00e4.<\/li>\n<li>Maton paksuus on noin 3mm, kulmissa 10mm.<\/li>\n<li>Matto on antistaattinen<\/li>\n<\/ul>\n<p><strong>Pesuohje:<\/strong><\/p>\n<p>Pesu vaakatasossa 30 asteisella vedell\u00e4 k\u00e4ytt\u00e4en mietoa pesuainetta ja pehme\u00e4\u00e4 harjaa. Ei liotusta. Huuhtele pesun j\u00e4lkeen huolellisesti. Kostea matto kannattaa suoristella huolellisesti ja ripustaa kuivumaan tuuletettuun huoneeseen tai ulos varjoon, mielell\u00e4\u00e4n py\u00f6re\u00e4n putken p\u00e4\u00e4lle, esim. tamppaustelineelle.<\/p>\n","protected":false},"excerpt":{"rendered":"<p>Kaksipuolinen chenille puuvillamatto kodin oleskelutiloihin.<\/p>\n","protected":false},"featured_media":21835,"comment_status":"closed","ping_status":"closed","template":"","meta":{"_acf_changed":false,"jetpack_post_was_ever_published":false,"jetpack_publicize_message":"","jetpack_publicize_feature_enabled":true,"jetpack_social_post_already_shared":true,"jetpack_social_options":{"image_generator_settings":{"template":"highway","default_image_id":0,"font":"","enabled":false},"version":2}},"product_brand":[209],"product_cat":[210,382],"product_tag":[],"class_list":{"0":"post-21880","1":"product","2":"type-product","3":"status-publish","4":"has-post-thumbnail","6":"product_brand-narma","7":"product_cat-matot","8":"product_cat-narmamatot","10":"first","11":"instock","12":"sale","13":"shipping-taxable","14":"purchasable","15":"product-type-simple"},"acf":[],"jetpack_publicize_connections":[],"jetpack_sharing_enabled":true,"jetpack-related-posts":[{"id":21878,"url":"https:\/\/pohjanmaantehtaanmyymala.fi\/sv\/tuote\/narma-vao-kakspuolinen-puuvillamatto-140x200-cm\/","url_meta":{"origin":21880,"position":0},"title":"Narma Vao kakspuolinen puuvillamatto 140&#215;200 cm","author":"Sami Viitala","date":"december 7, 2022","format":false,"excerpt":"Kaksipuolinen chenille puuvillamatto kodin oleskelutiloihin.","rel":"","context":"Liknande produkt","block_context":{"text":"Liknande produkt","link":""},"img":{"alt_text":"Narma matto valkoinen taitettuna l\u00e4helt\u00e4 kuvattuna","src":"https:\/\/i0.wp.com\/pohjanmaantehtaanmyymala.fi\/wp-content\/uploads\/2022\/12\/Vao-matto-detaij-valk-960.jpg?fit=960%2C960&ssl=1&resize=350%2C200","width":350,"height":200,"srcset":"https:\/\/i0.wp.com\/pohjanmaantehtaanmyymala.fi\/wp-content\/uploads\/2022\/12\/Vao-matto-detaij-valk-960.jpg?fit=960%2C960&ssl=1&resize=350%2C200 1x, https:\/\/i0.wp.com\/pohjanmaantehtaanmyymala.fi\/wp-content\/uploads\/2022\/12\/Vao-matto-detaij-valk-960.jpg?fit=960%2C960&ssl=1&resize=525%2C300 1.5x, https:\/\/i0.wp.com\/pohjanmaantehtaanmyymala.fi\/wp-content\/uploads\/2022\/12\/Vao-matto-detaij-valk-960.jpg?fit=960%2C960&ssl=1&resize=700%2C400 2x"},"classes":[]},{"id":21950,"url":"https:\/\/pohjanmaantehtaanmyymala.fi\/sv\/tuote\/narma-liiva-kakspuolinen-kaytavamatto-80x250-cm\/","url_meta":{"origin":21880,"position":1},"title":"Narma Liiva kakspuolinen k\u00e4yt\u00e4v\u00e4matto 80&#215;250 cm","author":"Sami Viitala","date":"december 9, 2022","format":false,"excerpt":"Kaksipuolinen chenille-matto kodin oleskelutiloihin.","rel":"","context":"Liknande produkt","block_context":{"text":"Liknande produkt","link":""},"img":{"alt_text":"Liiva puuvilllamatto v\u00e4ri gold","src":"https:\/\/i0.wp.com\/pohjanmaantehtaanmyymala.fi\/wp-content\/uploads\/2022\/12\/Liiva-matto-gold-miljoo.jpg?fit=960%2C960&ssl=1&resize=350%2C200","width":350,"height":200,"srcset":"https:\/\/i0.wp.com\/pohjanmaantehtaanmyymala.fi\/wp-content\/uploads\/2022\/12\/Liiva-matto-gold-miljoo.jpg?fit=960%2C960&ssl=1&resize=350%2C200 1x, https:\/\/i0.wp.com\/pohjanmaantehtaanmyymala.fi\/wp-content\/uploads\/2022\/12\/Liiva-matto-gold-miljoo.jpg?fit=960%2C960&ssl=1&resize=525%2C300 1.5x, https:\/\/i0.wp.com\/pohjanmaantehtaanmyymala.fi\/wp-content\/uploads\/2022\/12\/Liiva-matto-gold-miljoo.jpg?fit=960%2C960&ssl=1&resize=700%2C400 2x"},"classes":[]},{"id":21834,"url":"https:\/\/pohjanmaantehtaanmyymala.fi\/sv\/tuote\/narma-vao-kakspuolinen-puuvillamatto-160x230-cm\/","url_meta":{"origin":21880,"position":2},"title":"Narma Vao kakspuolinen puuvillamatto 160&#215;230 cm","author":"Sami Viitala","date":"december 5, 2022","format":false,"excerpt":"Kaksipuolinen chenille puuvillamatto kodin oleskelutiloihin.","rel":"","context":"Liknande produkt","block_context":{"text":"Liknande produkt","link":""},"img":{"alt_text":"Narma Vao matto valkoinen milj\u00f6\u00f6ss\u00e4","src":"https:\/\/i0.wp.com\/pohjanmaantehtaanmyymala.fi\/wp-content\/uploads\/2022\/12\/Vao-matto-valk-960.jpg?fit=960%2C960&ssl=1&resize=350%2C200","width":350,"height":200,"srcset":"https:\/\/i0.wp.com\/pohjanmaantehtaanmyymala.fi\/wp-content\/uploads\/2022\/12\/Vao-matto-valk-960.jpg?fit=960%2C960&ssl=1&resize=350%2C200 1x, https:\/\/i0.wp.com\/pohjanmaantehtaanmyymala.fi\/wp-content\/uploads\/2022\/12\/Vao-matto-valk-960.jpg?fit=960%2C960&ssl=1&resize=525%2C300 1.5x, https:\/\/i0.wp.com\/pohjanmaantehtaanmyymala.fi\/wp-content\/uploads\/2022\/12\/Vao-matto-valk-960.jpg?fit=960%2C960&ssl=1&resize=700%2C400 2x"},"classes":[]},{"id":21887,"url":"https:\/\/pohjanmaantehtaanmyymala.fi\/sv\/tuote\/narma-kursi-kakspuolinen-puuvillamatto-160x230-cm\/","url_meta":{"origin":21880,"position":3},"title":"Narma Kursi kakspuolinen puuvillamatto 160&#215;230 cm","author":"Sami Viitala","date":"december 7, 2022","format":false,"excerpt":"Kaksipuolinen chenille-matto kodin oleskelutiloihin.","rel":"","context":"Liknande produkt","block_context":{"text":"Liknande produkt","link":""},"img":{"alt_text":"Harmaa Narma Kursi kakspuoleinen matto kulma taitettuna","src":"https:\/\/i0.wp.com\/pohjanmaantehtaanmyymala.fi\/wp-content\/uploads\/2022\/12\/Kursi-matto-harmaa-taitettuna-detalj-960.jpg?fit=960%2C960&ssl=1&resize=350%2C200","width":350,"height":200,"srcset":"https:\/\/i0.wp.com\/pohjanmaantehtaanmyymala.fi\/wp-content\/uploads\/2022\/12\/Kursi-matto-harmaa-taitettuna-detalj-960.jpg?fit=960%2C960&ssl=1&resize=350%2C200 1x, https:\/\/i0.wp.com\/pohjanmaantehtaanmyymala.fi\/wp-content\/uploads\/2022\/12\/Kursi-matto-harmaa-taitettuna-detalj-960.jpg?fit=960%2C960&ssl=1&resize=525%2C300 1.5x, https:\/\/i0.wp.com\/pohjanmaantehtaanmyymala.fi\/wp-content\/uploads\/2022\/12\/Kursi-matto-harmaa-taitettuna-detalj-960.jpg?fit=960%2C960&ssl=1&resize=700%2C400 2x"},"classes":[]},{"id":21925,"url":"https:\/\/pohjanmaantehtaanmyymala.fi\/sv\/tuote\/narma-liiva-kakspuolinen-puuvillamatto-160x230-cm\/","url_meta":{"origin":21880,"position":4},"title":"Narma Liiva kakspuolinen puuvillamatto 160&#215;230 cm","author":"Sami Viitala","date":"december 9, 2022","format":false,"excerpt":"Kaksipuolinen chenille-matto kodin oleskelutiloihin.","rel":"","context":"Liknande produkt","block_context":{"text":"Liknande produkt","link":""},"img":{"alt_text":"Liiva matto punainen toinen puoli","src":"https:\/\/i0.wp.com\/pohjanmaantehtaanmyymala.fi\/wp-content\/uploads\/2022\/12\/Liiva-matto-punainen-1-miljoo.jpg?fit=960%2C960&ssl=1&resize=350%2C200","width":350,"height":200,"srcset":"https:\/\/i0.wp.com\/pohjanmaantehtaanmyymala.fi\/wp-content\/uploads\/2022\/12\/Liiva-matto-punainen-1-miljoo.jpg?fit=960%2C960&ssl=1&resize=350%2C200 1x, https:\/\/i0.wp.com\/pohjanmaantehtaanmyymala.fi\/wp-content\/uploads\/2022\/12\/Liiva-matto-punainen-1-miljoo.jpg?fit=960%2C960&ssl=1&resize=525%2C300 1.5x, https:\/\/i0.wp.com\/pohjanmaantehtaanmyymala.fi\/wp-content\/uploads\/2022\/12\/Liiva-matto-punainen-1-miljoo.jpg?fit=960%2C960&ssl=1&resize=700%2C400 2x"},"classes":[]},{"id":21948,"url":"https:\/\/pohjanmaantehtaanmyymala.fi\/sv\/tuote\/narma-liiva-kakspuolinen-puuvillamatto-140x200-cm\/","url_meta":{"origin":21880,"position":5},"title":"Narma Liiva kakspuolinen puuvillamatto 140&#215;200 cm","author":"Sami Viitala","date":"december 9, 2022","format":false,"excerpt":"Kaksipuolinen chenille-matto kodin oleskelutiloihin.","rel":"","context":"Liknande produkt","block_context":{"text":"Liknande produkt","link":""},"img":{"alt_text":"Liiva matto punainen kulma taitettuna","src":"https:\/\/i0.wp.com\/pohjanmaantehtaanmyymala.fi\/wp-content\/uploads\/2022\/12\/Liiva-matto-punainen.jpg?fit=960%2C960&ssl=1&resize=350%2C200","width":350,"height":200,"srcset":"https:\/\/i0.wp.com\/pohjanmaantehtaanmyymala.fi\/wp-content\/uploads\/2022\/12\/Liiva-matto-punainen.jpg?fit=960%2C960&ssl=1&resize=350%2C200 1x, https:\/\/i0.wp.com\/pohjanmaantehtaanmyymala.fi\/wp-content\/uploads\/2022\/12\/Liiva-matto-punainen.jpg?fit=960%2C960&ssl=1&resize=525%2C300 1.5x, https:\/\/i0.wp.com\/pohjanmaantehtaanmyymala.fi\/wp-content\/uploads\/2022\/12\/Liiva-matto-punainen.jpg?fit=960%2C960&ssl=1&resize=700%2C400 2x"},"classes":[]}],"_links":{"self":[{"href":"https:\/\/pohjanmaantehtaanmyymala.fi\/sv\/wp-json\/wp\/v2\/product\/21880","targetHints":{"allow":["GET"]}}],"collection":[{"href":"https:\/\/pohjanmaantehtaanmyymala.fi\/sv\/wp-json\/wp\/v2\/product"}],"about":[{"href":"https:\/\/pohjanmaantehtaanmyymala.fi\/sv\/wp-json\/wp\/v2\/types\/product"}],"replies":[{"embeddable":true,"href":"https:\/\/pohjanmaantehtaanmyymala.fi\/sv\/wp-json\/wp\/v2\/comments?post=21880"}],"wp:featuredmedia":[{"embeddable":true,"href":"https:\/\/pohjanmaantehtaanmyymala.fi\/sv\/wp-json\/wp\/v2\/media\/21835"}],"wp:attachment":[{"href":"https:\/\/pohjanmaantehtaanmyymala.fi\/sv\/wp-json\/wp\/v2\/media?parent=21880"}],"wp:term":[{"taxonomy":"product_brand","embeddable":true,"href":"https:\/\/pohjanmaantehtaanmyymala.fi\/sv\/wp-json\/wp\/v2\/product_brand?post=21880"},{"taxonomy":"product_cat","embeddable":true,"href":"https:\/\/pohjanmaantehtaanmyymala.fi\/sv\/wp-json\/wp\/v2\/product_cat?post=21880"},{"taxonomy":"product_tag","embeddable":true,"href":"https:\/\/pohjanmaantehtaanmyymala.fi\/sv\/wp-json\/wp\/v2\/product_tag?post=21880"}],"curies":[{"name":"wp","href":"https:\/\/api.w.org\/{rel}","templated":true}]}}