{"id":21816,"date":"2022-11-26T11:14:19","date_gmt":"2022-11-26T09:14:19","guid":{"rendered":"https:\/\/pohjanmaantehtaanmyymala.fi\/?post_type=product&#038;p=21816"},"modified":"2022-12-07T14:54:00","modified_gmt":"2022-12-07T12:54:00","slug":"visco-petauspatja-180x200-cm","status":"publish","type":"product","link":"https:\/\/pohjanmaantehtaanmyymala.fi\/sv\/tuote\/visco-petauspatja-180x200-cm\/","title":{"rendered":"Visco petauspatja 180&#215;200 cm"},"content":{"rendered":"<p>Uniikki Visco sijauspatjassa on viskoelastinen t\u00e4yte, joka muotoutuu kehon l\u00e4mm\u00f6n ja painon vaikutuksesta. Viskoelastisen t\u00e4ytteen ansiosta petari antaa nukkujalla painottomuuden tunteen ja tasoittaa kehoon kohdistuvaa pintapainetta. Se v\u00e4hent\u00e4\u00e4 asennon vaihtamisen tarvetta, jolloin sit\u00e4 nukkuu paremmin ja her\u00e4\u00e4 virke\u00e4mp\u00e4n\u00e4.<br \/>\nUniikki petauspatjan reunoja kiert\u00e4\u00e4 verkkokangas, joka parantaa petauspatjan ilmankiertoa. Petauspatjan p\u00e4\u00e4llinen on vanutikattua joustokangasta. Petauspatjasta l\u00f6ytyy kaikki vakiokoot.<\/p>\n<p>Sijauspatjan p\u00e4\u00e4llinen on irrotettavissa. ja kest\u00e4\u00e4 vesipesun 40 asteessa.<\/p>\n<p>Uniikki Visco sijauspatjan kokonaispaksuus on 6 cm.<\/p>\n<h3>Tuotetiedot:<\/h3>\n<p>P\u00e4\u00e4llinen: 100% polyesteri, Irrotettava ja vesipest\u00e4v\u00e4. Vanutikattu valkoinen baspo- joustokangas.<\/p>\n<p>Sisus: Memory Foam-vaahtomuovia, tilavuuspaino 65 kg\/m\u00b3, 50 mm paksu.<\/p>\n","protected":false},"excerpt":{"rendered":"<p>Uniikki Visco sijauspatjassa on viskoelastinen t\u00e4yte, joka muotoutuu kehon l\u00e4mm\u00f6n ja painon vaikutuksesta. Viskoelastisen t\u00e4ytteen ansiosta petari antaa nukkujalla painottomuuden tunteen ja tasoittaa kehoon kohdistuvaa pintapainetta. Se v\u00e4hent\u00e4\u00e4 asennon vaihtamisen tarvetta, jolloin sit\u00e4 nukkuu paremmin ja her\u00e4\u00e4 virke\u00e4mp\u00e4n\u00e4. Uniikki petauspatjan reunoja kiert\u00e4\u00e4 verkkokangas, joka parantaa petauspatjan ilmankiertoa. Petauspatjan p\u00e4\u00e4llinen on vanutikattua joustokangasta. Petauspatjasta l\u00f6ytyy kaikki [&hellip;]<\/p>\n","protected":false},"featured_media":21776,"comment_status":"closed","ping_status":"closed","template":"","meta":{"_acf_changed":false,"jetpack_post_was_ever_published":false,"jetpack_publicize_message":"","jetpack_publicize_feature_enabled":true,"jetpack_social_post_already_shared":true,"jetpack_social_options":{"image_generator_settings":{"template":"highway","default_image_id":0,"font":"","enabled":false},"version":2}},"product_brand":[206],"product_cat":[198],"product_tag":[],"class_list":{"0":"post-21816","1":"product","2":"type-product","3":"status-publish","4":"has-post-thumbnail","6":"product_brand-furnico","7":"product_cat-patjat-ja-sangyt","8":"product_shipping_class-161","10":"first","11":"instock","12":"sale","13":"purchasable","14":"product-type-simple"},"acf":[],"jetpack_publicize_connections":[],"jetpack_sharing_enabled":true,"jetpack-related-posts":[{"id":21769,"url":"https:\/\/pohjanmaantehtaanmyymala.fi\/sv\/tuote\/visco-petauspatja-160x200-cm\/","url_meta":{"origin":21816,"position":0},"title":"Visco petauspatja 160&#215;200 cm","author":"Sami Viitala","date":"november 23, 2022","format":false,"excerpt":"Uniikki Visco sijauspatjassa on viskoelastinen t\u00e4yte, joka muotoutuu kehon l\u00e4mm\u00f6n ja painon vaikutuksesta. Viskoelastisen t\u00e4ytteen ansiosta petari antaa nukkujalla painottomuuden tunteen ja tasoittaa kehoon kohdistuvaa pintapainetta. Se v\u00e4hent\u00e4\u00e4 asennon vaihtamisen tarvetta, jolloin sit\u00e4 nukkuu paremmin ja her\u00e4\u00e4 virke\u00e4mp\u00e4n\u00e4. Uniikki petauspatjan reunoja kiert\u00e4\u00e4 verkkokangas, joka parantaa petauspatjan ilmankiertoa. Petauspatjan p\u00e4\u00e4llinen on\u2026","rel":"","context":"Liknande produkt","block_context":{"text":"Liknande produkt","link":""},"img":{"alt_text":"Uniikki visco petauspatja 160x200 cm","src":"https:\/\/i0.wp.com\/pohjanmaantehtaanmyymala.fi\/wp-content\/uploads\/2022\/11\/Uniikki_Visco_petauspatja.jpg?fit=960%2C960&ssl=1&resize=350%2C200","width":350,"height":200,"srcset":"https:\/\/i0.wp.com\/pohjanmaantehtaanmyymala.fi\/wp-content\/uploads\/2022\/11\/Uniikki_Visco_petauspatja.jpg?fit=960%2C960&ssl=1&resize=350%2C200 1x, https:\/\/i0.wp.com\/pohjanmaantehtaanmyymala.fi\/wp-content\/uploads\/2022\/11\/Uniikki_Visco_petauspatja.jpg?fit=960%2C960&ssl=1&resize=525%2C300 1.5x, https:\/\/i0.wp.com\/pohjanmaantehtaanmyymala.fi\/wp-content\/uploads\/2022\/11\/Uniikki_Visco_petauspatja.jpg?fit=960%2C960&ssl=1&resize=700%2C400 2x"},"classes":[]},{"id":10538,"url":"https:\/\/pohjanmaantehtaanmyymala.fi\/sv\/tuote\/uniikki-4-petauspatja\/","url_meta":{"origin":21816,"position":1},"title":"UNIIKKI 4 &#8211; petauspatja","author":"petri","date":"september 14, 2019","format":false,"excerpt":"Useita eri kokoja, valitse koko!","rel":"","context":"Liknande produkt","block_context":{"text":"Liknande produkt","link":""},"img":{"alt_text":"Uniikki 4 petauspatja 140 cm","src":"https:\/\/i0.wp.com\/pohjanmaantehtaanmyymala.fi\/wp-content\/uploads\/2019\/09\/Uniikki_4_petauspatja_140-1.jpg?fit=1200%2C1200&ssl=1&resize=350%2C200","width":350,"height":200,"srcset":"https:\/\/i0.wp.com\/pohjanmaantehtaanmyymala.fi\/wp-content\/uploads\/2019\/09\/Uniikki_4_petauspatja_140-1.jpg?fit=1200%2C1200&ssl=1&resize=350%2C200 1x, https:\/\/i0.wp.com\/pohjanmaantehtaanmyymala.fi\/wp-content\/uploads\/2019\/09\/Uniikki_4_petauspatja_140-1.jpg?fit=1200%2C1200&ssl=1&resize=525%2C300 1.5x, https:\/\/i0.wp.com\/pohjanmaantehtaanmyymala.fi\/wp-content\/uploads\/2019\/09\/Uniikki_4_petauspatja_140-1.jpg?fit=1200%2C1200&ssl=1&resize=700%2C400 2x, https:\/\/i0.wp.com\/pohjanmaantehtaanmyymala.fi\/wp-content\/uploads\/2019\/09\/Uniikki_4_petauspatja_140-1.jpg?fit=1200%2C1200&ssl=1&resize=1050%2C600 3x"},"classes":[]},{"id":20165,"url":"https:\/\/pohjanmaantehtaanmyymala.fi\/sv\/tuote\/uniikki-ergo-runkopatjasetti-160x200-cm-petauspatjalla\/","url_meta":{"origin":21816,"position":2},"title":"Uniikki ergo runkopatjasetti 160&#215;200 cm petauspatjalla","author":"Sami Viitala","date":"mars 25, 2022","format":false,"excerpt":"Pintapaineita ehk\u00e4isev\u00e4 j\u00e4m\u00e4kk\u00e4 ergoline s\u00e4nky.","rel":"","context":"Liknande produkt","block_context":{"text":"Liknande produkt","link":""},"img":{"alt_text":"Ergoline s\u00e4nkysetti viskoelastisella petauspatjalla 160 cm leve\u00e4","src":"https:\/\/i0.wp.com\/pohjanmaantehtaanmyymala.fi\/wp-content\/uploads\/2022\/03\/Uniikki-Ergo-sankysetti-160cm.jpg?fit=960%2C960&ssl=1&resize=350%2C200","width":350,"height":200,"srcset":"https:\/\/i0.wp.com\/pohjanmaantehtaanmyymala.fi\/wp-content\/uploads\/2022\/03\/Uniikki-Ergo-sankysetti-160cm.jpg?fit=960%2C960&ssl=1&resize=350%2C200 1x, https:\/\/i0.wp.com\/pohjanmaantehtaanmyymala.fi\/wp-content\/uploads\/2022\/03\/Uniikki-Ergo-sankysetti-160cm.jpg?fit=960%2C960&ssl=1&resize=525%2C300 1.5x, https:\/\/i0.wp.com\/pohjanmaantehtaanmyymala.fi\/wp-content\/uploads\/2022\/03\/Uniikki-Ergo-sankysetti-160cm.jpg?fit=960%2C960&ssl=1&resize=700%2C400 2x"},"classes":[]},{"id":20181,"url":"https:\/\/pohjanmaantehtaanmyymala.fi\/sv\/tuote\/uniikki-ergo-runkopatjasetti-180x200-cm-petauspatjalla\/","url_meta":{"origin":21816,"position":3},"title":"Uniikki ergo runkopatjasetti 180&#215;200 cm petauspatjalla","author":"Sami Viitala","date":"mars 25, 2022","format":false,"excerpt":"Pintapaineita ehk\u00e4isev\u00e4 j\u00e4m\u00e4kk\u00e4 ergoline s\u00e4nky.","rel":"","context":"Liknande produkt","block_context":{"text":"Liknande produkt","link":""},"img":{"alt_text":"Ergoline s\u00e4nkysetti viskoelastisella petauspatjalla 180 cm leve\u00e4","src":"https:\/\/i0.wp.com\/pohjanmaantehtaanmyymala.fi\/wp-content\/uploads\/2022\/03\/Uniikki-Ergo-sankysetti-160cm-1.jpg?fit=960%2C960&ssl=1&resize=350%2C200","width":350,"height":200,"srcset":"https:\/\/i0.wp.com\/pohjanmaantehtaanmyymala.fi\/wp-content\/uploads\/2022\/03\/Uniikki-Ergo-sankysetti-160cm-1.jpg?fit=960%2C960&ssl=1&resize=350%2C200 1x, https:\/\/i0.wp.com\/pohjanmaantehtaanmyymala.fi\/wp-content\/uploads\/2022\/03\/Uniikki-Ergo-sankysetti-160cm-1.jpg?fit=960%2C960&ssl=1&resize=525%2C300 1.5x, https:\/\/i0.wp.com\/pohjanmaantehtaanmyymala.fi\/wp-content\/uploads\/2022\/03\/Uniikki-Ergo-sankysetti-160cm-1.jpg?fit=960%2C960&ssl=1&resize=700%2C400 2x"},"classes":[]},{"id":17529,"url":"https:\/\/pohjanmaantehtaanmyymala.fi\/sv\/tuote\/high-lux-jenkkisanky-140-cm-visco-petauspatjalla\/","url_meta":{"origin":21816,"position":4},"title":"HIGH LUX &#8211; jenkkis\u00e4nky 140 cm visco-petauspatjalla","author":"Sami Viitala","date":"juli 13, 2021","format":false,"excerpt":"T\u00e4m\u00e4 muhkea s\u00e4nky kruunaa t\u00e4ydellisen makuuhuoneen.","rel":"","context":"Liknande produkt","block_context":{"text":"Liknande produkt","link":""},"img":{"alt_text":"High lux jenkki 140 cm","src":"https:\/\/i0.wp.com\/pohjanmaantehtaanmyymala.fi\/wp-content\/uploads\/2021\/07\/Uniikki_Lux_jenkki_140-2.jpg?fit=1200%2C1200&ssl=1&resize=350%2C200","width":350,"height":200,"srcset":"https:\/\/i0.wp.com\/pohjanmaantehtaanmyymala.fi\/wp-content\/uploads\/2021\/07\/Uniikki_Lux_jenkki_140-2.jpg?fit=1200%2C1200&ssl=1&resize=350%2C200 1x, https:\/\/i0.wp.com\/pohjanmaantehtaanmyymala.fi\/wp-content\/uploads\/2021\/07\/Uniikki_Lux_jenkki_140-2.jpg?fit=1200%2C1200&ssl=1&resize=525%2C300 1.5x, https:\/\/i0.wp.com\/pohjanmaantehtaanmyymala.fi\/wp-content\/uploads\/2021\/07\/Uniikki_Lux_jenkki_140-2.jpg?fit=1200%2C1200&ssl=1&resize=700%2C400 2x, https:\/\/i0.wp.com\/pohjanmaantehtaanmyymala.fi\/wp-content\/uploads\/2021\/07\/Uniikki_Lux_jenkki_140-2.jpg?fit=1200%2C1200&ssl=1&resize=1050%2C600 3x"},"classes":[]},{"id":17540,"url":"https:\/\/pohjanmaantehtaanmyymala.fi\/sv\/tuote\/high-lux-jenkkisanky-160-cm-visco-petauspatjalla\/","url_meta":{"origin":21816,"position":5},"title":"HIGH LUX &#8211; jenkkis\u00e4nky 160 cm visco-petauspatjalla","author":"Sami Viitala","date":"juli 16, 2021","format":false,"excerpt":"T\u00e4m\u00e4 muhkea s\u00e4nky kruunaa t\u00e4ydellisen makuuhuoneen.","rel":"","context":"Liknande produkt","block_context":{"text":"Liknande produkt","link":""},"img":{"alt_text":"High lux jenkki 160x200 cm","src":"https:\/\/i0.wp.com\/pohjanmaantehtaanmyymala.fi\/wp-content\/uploads\/2021\/07\/Uniikki_Lux_jenkki_160.jpg?fit=1200%2C1200&ssl=1&resize=350%2C200","width":350,"height":200,"srcset":"https:\/\/i0.wp.com\/pohjanmaantehtaanmyymala.fi\/wp-content\/uploads\/2021\/07\/Uniikki_Lux_jenkki_160.jpg?fit=1200%2C1200&ssl=1&resize=350%2C200 1x, https:\/\/i0.wp.com\/pohjanmaantehtaanmyymala.fi\/wp-content\/uploads\/2021\/07\/Uniikki_Lux_jenkki_160.jpg?fit=1200%2C1200&ssl=1&resize=525%2C300 1.5x, https:\/\/i0.wp.com\/pohjanmaantehtaanmyymala.fi\/wp-content\/uploads\/2021\/07\/Uniikki_Lux_jenkki_160.jpg?fit=1200%2C1200&ssl=1&resize=700%2C400 2x, https:\/\/i0.wp.com\/pohjanmaantehtaanmyymala.fi\/wp-content\/uploads\/2021\/07\/Uniikki_Lux_jenkki_160.jpg?fit=1200%2C1200&ssl=1&resize=1050%2C600 3x"},"classes":[]}],"_links":{"self":[{"href":"https:\/\/pohjanmaantehtaanmyymala.fi\/sv\/wp-json\/wp\/v2\/product\/21816","targetHints":{"allow":["GET"]}}],"collection":[{"href":"https:\/\/pohjanmaantehtaanmyymala.fi\/sv\/wp-json\/wp\/v2\/product"}],"about":[{"href":"https:\/\/pohjanmaantehtaanmyymala.fi\/sv\/wp-json\/wp\/v2\/types\/product"}],"replies":[{"embeddable":true,"href":"https:\/\/pohjanmaantehtaanmyymala.fi\/sv\/wp-json\/wp\/v2\/comments?post=21816"}],"wp:featuredmedia":[{"embeddable":true,"href":"https:\/\/pohjanmaantehtaanmyymala.fi\/sv\/wp-json\/wp\/v2\/media\/21776"}],"wp:attachment":[{"href":"https:\/\/pohjanmaantehtaanmyymala.fi\/sv\/wp-json\/wp\/v2\/media?parent=21816"}],"wp:term":[{"taxonomy":"product_brand","embeddable":true,"href":"https:\/\/pohjanmaantehtaanmyymala.fi\/sv\/wp-json\/wp\/v2\/product_brand?post=21816"},{"taxonomy":"product_cat","embeddable":true,"href":"https:\/\/pohjanmaantehtaanmyymala.fi\/sv\/wp-json\/wp\/v2\/product_cat?post=21816"},{"taxonomy":"product_tag","embeddable":true,"href":"https:\/\/pohjanmaantehtaanmyymala.fi\/sv\/wp-json\/wp\/v2\/product_tag?post=21816"}],"curies":[{"name":"wp","href":"https:\/\/api.w.org\/{rel}","templated":true}]}}