{"id":21747,"date":"2022-11-23T18:40:30","date_gmt":"2022-11-23T16:40:30","guid":{"rendered":"https:\/\/pohjanmaantehtaanmyymala.fi\/?post_type=product&#038;p=21747"},"modified":"2025-12-13T11:39:51","modified_gmt":"2025-12-13T09:39:51","slug":"klip-vuoderahi-lajitelma","status":"publish","type":"product","link":"https:\/\/pohjanmaantehtaanmyymala.fi\/sv\/tuote\/klip-vuoderahi-lajitelma\/","title":{"rendered":"Klip vuoderahi,"},"content":{"rendered":"<p>K\u00e4yt\u00e4nn\u00f6llinen Klip-vuoderahi lajitelmav\u00e4reill\u00e4. Vuoderahista saat k\u00e4den k\u00e4\u00e4nteess\u00e4 tehty\u00e4 patjan. Kokoontaitettuna Klip-vuoderahi toimii n\u00e4ttin\u00e4 p\u00f6yt\u00e4n\u00e4 tai istuimena. Rahissa on irroitettava p\u00e4\u00e4llinen.<\/p>\n<h3>Tuotetiedot:<\/h3>\n<p>mitat kokoontaitettuna:\u00a0 66,5&#215;66,5 cm, korkeus 40 cm.<br \/>\nmitat patjana: 66,5&#215;199,5&#215;12 cm<\/p>\n","protected":false},"excerpt":{"rendered":"<p>K\u00e4yt\u00e4nn\u00f6llinen Klip-vuoderahi lajitelmav\u00e4reill\u00e4. Vuoderahista saat k\u00e4den k\u00e4\u00e4nteess\u00e4 tehty\u00e4 patjan. Kokoontaitettuna Klip-vuoderahi toimii n\u00e4ttin\u00e4 p\u00f6yt\u00e4n\u00e4 tai istuimena. Rahissa on irroitettava p\u00e4\u00e4llinen. Tuotetiedot: mitat kokoontaitettuna:\u00a0 66,5&#215;66,5 cm, korkeus 40 cm. mitat patjana: 66,5&#215;199,5&#215;12 cm<\/p>\n","protected":false},"featured_media":21743,"comment_status":"closed","ping_status":"closed","template":"","meta":{"_acf_changed":false,"jetpack_post_was_ever_published":false,"jetpack_publicize_message":"","jetpack_publicize_feature_enabled":true,"jetpack_social_post_already_shared":true,"jetpack_social_options":{"image_generator_settings":{"template":"highway","default_image_id":0,"font":"","enabled":false},"version":2}},"product_brand":[206],"product_cat":[193,195,198],"product_tag":[],"class_list":{"0":"post-21747","1":"product","2":"type-product","3":"status-publish","4":"has-post-thumbnail","6":"product_brand-furnico","7":"product_cat-vuodesohvat","8":"product_cat-lepotuolit-ja-rahit","9":"product_cat-patjat-ja-sangyt","10":"product_shipping_class-161","12":"first","13":"onbackorder","14":"purchasable","15":"product-type-simple"},"acf":[],"jetpack_publicize_connections":[],"jetpack_sharing_enabled":true,"jetpack-related-posts":[{"id":10840,"url":"https:\/\/pohjanmaantehtaanmyymala.fi\/sv\/tuote\/unipuu-jatkopuu-jatkettavan-sangyn-patja-1403030x75x7-cm\/","url_meta":{"origin":21747,"position":0},"title":"UNIPUU \u2013 jatkettavan s\u00e4ngyn patja","author":"petri","date":"september 14, 2019","format":false,"excerpt":"Jatkopuu s\u00e4nkyyn sopiva jatkettava patja.","rel":"","context":"Liknande produkt","block_context":{"text":"Liknande produkt","link":""},"img":{"alt_text":"","src":"https:\/\/i0.wp.com\/pohjanmaantehtaanmyymala.fi\/wp-content\/uploads\/2019\/09\/jatkopuu_patja.jpg?fit=960%2C960&ssl=1&resize=350%2C200","width":350,"height":200,"srcset":"https:\/\/i0.wp.com\/pohjanmaantehtaanmyymala.fi\/wp-content\/uploads\/2019\/09\/jatkopuu_patja.jpg?fit=960%2C960&ssl=1&resize=350%2C200 1x, https:\/\/i0.wp.com\/pohjanmaantehtaanmyymala.fi\/wp-content\/uploads\/2019\/09\/jatkopuu_patja.jpg?fit=960%2C960&ssl=1&resize=525%2C300 1.5x, https:\/\/i0.wp.com\/pohjanmaantehtaanmyymala.fi\/wp-content\/uploads\/2019\/09\/jatkopuu_patja.jpg?fit=960%2C960&ssl=1&resize=700%2C400 2x"},"classes":[]},{"id":10848,"url":"https:\/\/pohjanmaantehtaanmyymala.fi\/sv\/tuote\/unipuu-kerrossanky-varavuode-va\/","url_meta":{"origin":21747,"position":1},"title":"UNIPUU \u2013 varavuode","author":"petri","date":"september 14, 2019","format":false,"excerpt":"Varavuode Unipuu s\u00e4ngyjen alle.","rel":"","context":"Liknande produkt","block_context":{"text":"Liknande produkt","link":""},"img":{"alt_text":"","src":"https:\/\/i0.wp.com\/pohjanmaantehtaanmyymala.fi\/wp-content\/uploads\/2019\/09\/varavuode_low_res.jpg?fit=960%2C960&ssl=1&resize=350%2C200","width":350,"height":200,"srcset":"https:\/\/i0.wp.com\/pohjanmaantehtaanmyymala.fi\/wp-content\/uploads\/2019\/09\/varavuode_low_res.jpg?fit=960%2C960&ssl=1&resize=350%2C200 1x, https:\/\/i0.wp.com\/pohjanmaantehtaanmyymala.fi\/wp-content\/uploads\/2019\/09\/varavuode_low_res.jpg?fit=960%2C960&ssl=1&resize=525%2C300 1.5x, https:\/\/i0.wp.com\/pohjanmaantehtaanmyymala.fi\/wp-content\/uploads\/2019\/09\/varavuode_low_res.jpg?fit=960%2C960&ssl=1&resize=700%2C400 2x"},"classes":[]},{"id":10837,"url":"https:\/\/pohjanmaantehtaanmyymala.fi\/sv\/tuote\/unipuu-jatkopuu-jatkettava-sanky\/","url_meta":{"origin":21747,"position":2},"title":"UNIPUU \u2013 Jatkopuu s\u00e4nky","author":"petri","date":"september 14, 2019","format":false,"excerpt":"Jatkopuu s\u00e4nky kasvaa lapsen mukana.","rel":"","context":"Liknande produkt","block_context":{"text":"Liknande produkt","link":""},"img":{"alt_text":"","src":"https:\/\/i0.wp.com\/pohjanmaantehtaanmyymala.fi\/wp-content\/uploads\/2019\/09\/Jatkopuu_sanky_valkoinen.jpg?fit=960%2C960&ssl=1&resize=350%2C200","width":350,"height":200,"srcset":"https:\/\/i0.wp.com\/pohjanmaantehtaanmyymala.fi\/wp-content\/uploads\/2019\/09\/Jatkopuu_sanky_valkoinen.jpg?fit=960%2C960&ssl=1&resize=350%2C200 1x, https:\/\/i0.wp.com\/pohjanmaantehtaanmyymala.fi\/wp-content\/uploads\/2019\/09\/Jatkopuu_sanky_valkoinen.jpg?fit=960%2C960&ssl=1&resize=525%2C300 1.5x, https:\/\/i0.wp.com\/pohjanmaantehtaanmyymala.fi\/wp-content\/uploads\/2019\/09\/Jatkopuu_sanky_valkoinen.jpg?fit=960%2C960&ssl=1&resize=700%2C400 2x"},"classes":[]},{"id":10842,"url":"https:\/\/pohjanmaantehtaanmyymala.fi\/sv\/tuote\/unipuu-kerrossanky-80-va\/","url_meta":{"origin":21747,"position":3},"title":"UNIPUU \u2013 kerross\u00e4nky 80","author":"petri","date":"september 14, 2019","format":false,"excerpt":"Unipuu -kalustesarja on ilahduttanut ihmisi\u00e4 funktionaalisuudellaan jo vuosikymmeni\u00e4. Unipuu kasvaa perheen mukana. Unipuu-sarjan monipuolisesta valikoimasta l\u00f6ytyy lukuisia kesken\u00e4\u00e4n yhteensopivia osia, joista saa muunneltavia ja tilaa s\u00e4\u00e4st\u00e4vi\u00e4 vuoderatkaisuja perheen ja lapsen eri el\u00e4m\u00e4nvaiheiden tarpeisiin Kerross\u00e4ngyst\u00e4 saat helposti muodostettua kaksi erillist\u00e4 s\u00e4nky\u00e4. Tuotetiedot: Mitat L 211 cm x S 86 cm x\u2026","rel":"","context":"Liknande produkt","block_context":{"text":"Liknande produkt","link":""},"img":{"alt_text":"","src":"https:\/\/i0.wp.com\/pohjanmaantehtaanmyymala.fi\/wp-content\/uploads\/2019\/09\/Unipuu_kerrossanky_valkoinen_low_res.jpg?fit=960%2C960&ssl=1&resize=350%2C200","width":350,"height":200,"srcset":"https:\/\/i0.wp.com\/pohjanmaantehtaanmyymala.fi\/wp-content\/uploads\/2019\/09\/Unipuu_kerrossanky_valkoinen_low_res.jpg?fit=960%2C960&ssl=1&resize=350%2C200 1x, https:\/\/i0.wp.com\/pohjanmaantehtaanmyymala.fi\/wp-content\/uploads\/2019\/09\/Unipuu_kerrossanky_valkoinen_low_res.jpg?fit=960%2C960&ssl=1&resize=525%2C300 1.5x, https:\/\/i0.wp.com\/pohjanmaantehtaanmyymala.fi\/wp-content\/uploads\/2019\/09\/Unipuu_kerrossanky_valkoinen_low_res.jpg?fit=960%2C960&ssl=1&resize=700%2C400 2x"},"classes":[]},{"id":10845,"url":"https:\/\/pohjanmaantehtaanmyymala.fi\/sv\/tuote\/unipuu-parvisanky-80-va\/","url_meta":{"origin":21747,"position":4},"title":"UNIPUU \u2013 parvis\u00e4nky 80","author":"petri","date":"september 14, 2019","format":false,"excerpt":"T\u00e4ll\u00e4 s\u00e4ngyll\u00e4 saat huoneen neli\u00f6t tehok\u00e4ytt\u00f6\u00f6n.","rel":"","context":"Liknande produkt","block_context":{"text":"Liknande produkt","link":""},"img":{"alt_text":"","src":"https:\/\/i0.wp.com\/pohjanmaantehtaanmyymala.fi\/wp-content\/uploads\/2019\/09\/uNIPUU_PARVISANKY_VALKOINEN_LOW_RES.jpg?fit=960%2C960&ssl=1&resize=350%2C200","width":350,"height":200,"srcset":"https:\/\/i0.wp.com\/pohjanmaantehtaanmyymala.fi\/wp-content\/uploads\/2019\/09\/uNIPUU_PARVISANKY_VALKOINEN_LOW_RES.jpg?fit=960%2C960&ssl=1&resize=350%2C200 1x, https:\/\/i0.wp.com\/pohjanmaantehtaanmyymala.fi\/wp-content\/uploads\/2019\/09\/uNIPUU_PARVISANKY_VALKOINEN_LOW_RES.jpg?fit=960%2C960&ssl=1&resize=525%2C300 1.5x, https:\/\/i0.wp.com\/pohjanmaantehtaanmyymala.fi\/wp-content\/uploads\/2019\/09\/uNIPUU_PARVISANKY_VALKOINEN_LOW_RES.jpg?fit=960%2C960&ssl=1&resize=700%2C400 2x"},"classes":[]},{"id":10847,"url":"https:\/\/pohjanmaantehtaanmyymala.fi\/sv\/tuote\/unipuu-parvisanky-90-va\/","url_meta":{"origin":21747,"position":5},"title":"UNIPUU \u2013 parvis\u00e4nky 90","author":"petri","date":"september 14, 2019","format":false,"excerpt":"Unipuu -kalustesarja on ilahduttanut ihmisi\u00e4 funktionaalisuudellaan jo vuosikymmeni\u00e4. Unipuu kasvaa perheen mukana. Unipuu-sarjan monipuolisesta valikoimasta l\u00f6ytyy lukuisia kesken\u00e4\u00e4n yhteensopivia osia, joista saa muunneltavia ja tilaa s\u00e4\u00e4st\u00e4vi\u00e4 vuoderatkaisuja perheen ja lapsen eri el\u00e4m\u00e4nvaiheiden tarpeisiin Tuotetiedot: Mitat L 211 cm x S 96 cm x K 162 cm Patjan koko 90 cm\u2026","rel":"","context":"Liknande produkt","block_context":{"text":"Liknande produkt","link":""},"img":{"alt_text":"","src":"https:\/\/i0.wp.com\/pohjanmaantehtaanmyymala.fi\/wp-content\/uploads\/2019\/09\/uNIPUU_PARVISANKY_VALKOINEN_LOW_RES.jpg?fit=960%2C960&ssl=1&resize=350%2C200","width":350,"height":200,"srcset":"https:\/\/i0.wp.com\/pohjanmaantehtaanmyymala.fi\/wp-content\/uploads\/2019\/09\/uNIPUU_PARVISANKY_VALKOINEN_LOW_RES.jpg?fit=960%2C960&ssl=1&resize=350%2C200 1x, https:\/\/i0.wp.com\/pohjanmaantehtaanmyymala.fi\/wp-content\/uploads\/2019\/09\/uNIPUU_PARVISANKY_VALKOINEN_LOW_RES.jpg?fit=960%2C960&ssl=1&resize=525%2C300 1.5x, https:\/\/i0.wp.com\/pohjanmaantehtaanmyymala.fi\/wp-content\/uploads\/2019\/09\/uNIPUU_PARVISANKY_VALKOINEN_LOW_RES.jpg?fit=960%2C960&ssl=1&resize=700%2C400 2x"},"classes":[]}],"_links":{"self":[{"href":"https:\/\/pohjanmaantehtaanmyymala.fi\/sv\/wp-json\/wp\/v2\/product\/21747","targetHints":{"allow":["GET"]}}],"collection":[{"href":"https:\/\/pohjanmaantehtaanmyymala.fi\/sv\/wp-json\/wp\/v2\/product"}],"about":[{"href":"https:\/\/pohjanmaantehtaanmyymala.fi\/sv\/wp-json\/wp\/v2\/types\/product"}],"replies":[{"embeddable":true,"href":"https:\/\/pohjanmaantehtaanmyymala.fi\/sv\/wp-json\/wp\/v2\/comments?post=21747"}],"wp:featuredmedia":[{"embeddable":true,"href":"https:\/\/pohjanmaantehtaanmyymala.fi\/sv\/wp-json\/wp\/v2\/media\/21743"}],"wp:attachment":[{"href":"https:\/\/pohjanmaantehtaanmyymala.fi\/sv\/wp-json\/wp\/v2\/media?parent=21747"}],"wp:term":[{"taxonomy":"product_brand","embeddable":true,"href":"https:\/\/pohjanmaantehtaanmyymala.fi\/sv\/wp-json\/wp\/v2\/product_brand?post=21747"},{"taxonomy":"product_cat","embeddable":true,"href":"https:\/\/pohjanmaantehtaanmyymala.fi\/sv\/wp-json\/wp\/v2\/product_cat?post=21747"},{"taxonomy":"product_tag","embeddable":true,"href":"https:\/\/pohjanmaantehtaanmyymala.fi\/sv\/wp-json\/wp\/v2\/product_tag?post=21747"}],"curies":[{"name":"wp","href":"https:\/\/api.w.org\/{rel}","templated":true}]}}