{"id":21402,"date":"2022-09-12T15:37:56","date_gmt":"2022-09-12T13:37:56","guid":{"rendered":"https:\/\/pohjanmaantehtaanmyymala.fi\/?post_type=product&#038;p=21402"},"modified":"2023-02-25T13:23:30","modified_gmt":"2023-02-25T11:23:30","slug":"cuddle-2-%c2%bd-istuttava-sohva-bellagio-kangas","status":"publish","type":"product","link":"https:\/\/pohjanmaantehtaanmyymala.fi\/sv\/tuote\/cuddle-2-%c2%bd-istuttava-sohva-bellagio-kangas\/","title":{"rendered":"Cuddle 2 \u00bd-istuttava sohva Bellagio kangas"},"content":{"rendered":"<p>Pohjanmaan Kalusteen valmistama kaunis py\u00f6re\u00e4linjainen Cuddle 2,5 istuttava sohva. T\u00e4ss\u00e4 upeasti muotoillussa Cuddle-sohvassa on todella hyv\u00e4 istuttavuus. Cuddle sohvan kiinteiss\u00e4 istuin- ja selk\u00e4tyynyiss\u00e4 on pehmusteena laadukkaat vaahtomuovityynyt, jotka takaavat osaltaan pitk\u00e4n k\u00e4ytt\u00f6i\u00e4n. Korkeat metallijalat taas antavat sohvalle sopivasti keveytt\u00e4, sek\u00e4 ne helpottavat sohvan alustan siivoamisessa.<\/p>\n<p>Kuvan Cuddle sohva on verhoiltu kauttaaltaan Orient Occidentin samettisella ja eritt\u00e4in helppohoitoisella Bellagio Aqua Clean kankaalla, jonka useasta eri s\u00e4vyst\u00e4 voit valita sinulle sopivan vaihtoehdon.<\/p>\n<p>Tuotteen hintaan kuuluvat Bellagion varastov\u00e4rit: 11, 14, 80, 105, 131, 156, 242, 245, 271, 300, 503, 515.<\/p>\n<p>10 % kalliimpia ova tilausv\u00e4rit: 01, 08, 13, 28, 50, 59, 62, 65, 68, 81, 82, 213, 248, 321, 324, 355, 451, 514.<\/p>\n<p>Cuddle on Pohjanmaan Kaluste Oy:n ja Young Finnish Design Oy:n muotoilukilpailun voittajaty\u00f6 2021, design by Yi-Chiao Tien.<\/p>\n<p>Jos kiinnostuit, kysy tarjous ja lis\u00e4tietoa <a href=\"https:\/\/pohjanmaantehtaanmyymala.fi\/yhteys\/\">myynnist\u00e4mme!<\/a><\/p>\n<h3>Tuotetiedot:<\/h3>\n<p>Mitat: leveys 170 cm, korkeus 85 cm, syvyys 90 cm.<br \/>\nIstuinkorkeus 45 cm -syvyys 54 cm.<br \/>\nKiinte\u00e4t istuinpehmusteet: No zag jouset, HR35130 vaahtomuovi, pintavanu,<br \/>\nSelk\u00e4pehmuste: kumivy\u00f6t, HR25075, pintavanu,<br \/>\nK\u00e4sinojapehmusteet: Vaahtomuovi HR33140<br \/>\nRunko: Massiivipuu, vaneri ja kovalevy. (runkotakuu 20-vuotta)<br \/>\nMetallijalat, korkeus 15 cm<br \/>\nTakuu 3-vuotta, runkotakuu 20-vuotta<br \/>\nToimitetaan jalat irrallaan.<\/p>\n<p><a href=\"https:\/\/www.pohjanmaan.fi\/tuotteet\/cuddle\/2%2C5-istuttava-sohva\" target=\"_blank\" rel=\"noopener noreferrer\">T\u00e4st\u00e4 on linkki Pohjanmaan Cuddle-tuotesivulle<\/a><\/p>\n<p>&nbsp;<\/p>\n","protected":false},"excerpt":{"rendered":"<p>Pohjanmaan Kalusteen valmistama kaunis py\u00f6re\u00e4linjainen Cuddle 2,5 istuttava sohva. T\u00e4ss\u00e4 upeasti muotoillussa Cuddle-sohvassa on todella hyv\u00e4 istuttavuus. Cuddle sohvan kiinteiss\u00e4 istuin- ja selk\u00e4tyynyiss\u00e4 on pehmusteena laadukkaat vaahtomuovityynyt, jotka takaavat osaltaan pitk\u00e4n k\u00e4ytt\u00f6i\u00e4n. Korkeat metallijalat taas antavat sohvalle sopivasti keveytt\u00e4, sek\u00e4 ne helpottavat sohvan alustan siivoamisessa. Kuvan Cuddle sohva on verhoiltu kauttaaltaan Orient Occidentin samettisella ja [&hellip;]<\/p>\n","protected":false},"featured_media":21409,"comment_status":"closed","ping_status":"closed","template":"","meta":{"_acf_changed":false,"jetpack_post_was_ever_published":false,"jetpack_publicize_message":"","jetpack_publicize_feature_enabled":true,"jetpack_social_post_already_shared":true,"jetpack_social_options":{"image_generator_settings":{"template":"highway","default_image_id":0,"font":"","enabled":false},"version":2}},"product_brand":[270],"product_cat":[201],"product_tag":[],"class_list":{"0":"post-21402","1":"product","2":"type-product","3":"status-publish","4":"has-post-thumbnail","6":"product_brand-pohjanmaan","7":"product_cat-sohvat","9":"first","10":"instock","11":"sale","12":"shipping-taxable","13":"purchasable","14":"product-type-simple"},"acf":[],"jetpack_publicize_connections":[],"jetpack_sharing_enabled":true,"jetpack-related-posts":[{"id":23700,"url":"https:\/\/pohjanmaantehtaanmyymala.fi\/sv\/tuote\/dolphin-25-istuttava-sohva-atlantic-kankaalla\/","url_meta":{"origin":21402,"position":0},"title":"Dolphin 2,5-istuttava sohva Atlantic kankaalla","author":"Sami Viitala","date":"september 26, 2023","format":false,"excerpt":"Pehme\u00e4 sohva, joka vet\u00e4\u00e4 puoleensa.","rel":"","context":"Liknande produkt","block_context":{"text":"Liknande produkt","link":""},"img":{"alt_text":"Pohjanmaan Dolphin 2,5 istuttava sohva vaaleanharmaalla Atlantic-kankalla etupuoli","src":"https:\/\/i0.wp.com\/pohjanmaantehtaanmyymala.fi\/wp-content\/uploads\/2023\/09\/Dolphin25-istuttava-sohva-Atlantic02-kangas-harmaa-1.jpg?fit=960%2C960&ssl=1&resize=350%2C200","width":350,"height":200,"srcset":"https:\/\/i0.wp.com\/pohjanmaantehtaanmyymala.fi\/wp-content\/uploads\/2023\/09\/Dolphin25-istuttava-sohva-Atlantic02-kangas-harmaa-1.jpg?fit=960%2C960&ssl=1&resize=350%2C200 1x, https:\/\/i0.wp.com\/pohjanmaantehtaanmyymala.fi\/wp-content\/uploads\/2023\/09\/Dolphin25-istuttava-sohva-Atlantic02-kangas-harmaa-1.jpg?fit=960%2C960&ssl=1&resize=525%2C300 1.5x, https:\/\/i0.wp.com\/pohjanmaantehtaanmyymala.fi\/wp-content\/uploads\/2023\/09\/Dolphin25-istuttava-sohva-Atlantic02-kangas-harmaa-1.jpg?fit=960%2C960&ssl=1&resize=700%2C400 2x"},"classes":[]},{"id":21356,"url":"https:\/\/pohjanmaantehtaanmyymala.fi\/sv\/tuote\/cuddle-3-istuttava-sohva\/","url_meta":{"origin":21402,"position":1},"title":"Cuddle sohva 3-tyynyll\u00e4 Bellagio kangas","author":"Sami Viitala","date":"september 10, 2022","format":false,"excerpt":"","rel":"","context":"Liknande produkt","block_context":{"text":"Liknande produkt","link":""},"img":{"alt_text":"Cuddle sohva keltainen Bellagio-kangas","src":"https:\/\/i0.wp.com\/pohjanmaantehtaanmyymala.fi\/wp-content\/uploads\/2022\/09\/Cuddle_3_sohva_Bellagio105.jpg?fit=1200%2C1200&ssl=1&resize=350%2C200","width":350,"height":200,"srcset":"https:\/\/i0.wp.com\/pohjanmaantehtaanmyymala.fi\/wp-content\/uploads\/2022\/09\/Cuddle_3_sohva_Bellagio105.jpg?fit=1200%2C1200&ssl=1&resize=350%2C200 1x, https:\/\/i0.wp.com\/pohjanmaantehtaanmyymala.fi\/wp-content\/uploads\/2022\/09\/Cuddle_3_sohva_Bellagio105.jpg?fit=1200%2C1200&ssl=1&resize=525%2C300 1.5x, https:\/\/i0.wp.com\/pohjanmaantehtaanmyymala.fi\/wp-content\/uploads\/2022\/09\/Cuddle_3_sohva_Bellagio105.jpg?fit=1200%2C1200&ssl=1&resize=700%2C400 2x, https:\/\/i0.wp.com\/pohjanmaantehtaanmyymala.fi\/wp-content\/uploads\/2022\/09\/Cuddle_3_sohva_Bellagio105.jpg?fit=1200%2C1200&ssl=1&resize=1050%2C600 3x"},"classes":[]},{"id":23724,"url":"https:\/\/pohjanmaantehtaanmyymala.fi\/sv\/tuote\/dolphin-3-istuttava-sohva-atlantic-kankaalla\/","url_meta":{"origin":21402,"position":2},"title":"Dolphin 3-istuttava sohva Atlantic kankaalla","author":"Sami Viitala","date":"september 26, 2023","format":false,"excerpt":"T\u00e4m\u00e4 sohvan ylellinen istuinpehmeys tekee oleskelun sohvalla vastustamattoman mukavaksi.","rel":"","context":"Liknande produkt","block_context":{"text":"Liknande produkt","link":""},"img":{"alt_text":"Dolphin sohva tumman harmaalla Atlantic-kankaalla verhoiltuna","src":"https:\/\/i0.wp.com\/pohjanmaantehtaanmyymala.fi\/wp-content\/uploads\/2023\/09\/Dolphin-3-istuttava-sohva-Atlantic09-tummanharmaa.jpg?fit=960%2C960&ssl=1&resize=350%2C200","width":350,"height":200,"srcset":"https:\/\/i0.wp.com\/pohjanmaantehtaanmyymala.fi\/wp-content\/uploads\/2023\/09\/Dolphin-3-istuttava-sohva-Atlantic09-tummanharmaa.jpg?fit=960%2C960&ssl=1&resize=350%2C200 1x, https:\/\/i0.wp.com\/pohjanmaantehtaanmyymala.fi\/wp-content\/uploads\/2023\/09\/Dolphin-3-istuttava-sohva-Atlantic09-tummanharmaa.jpg?fit=960%2C960&ssl=1&resize=525%2C300 1.5x, https:\/\/i0.wp.com\/pohjanmaantehtaanmyymala.fi\/wp-content\/uploads\/2023\/09\/Dolphin-3-istuttava-sohva-Atlantic09-tummanharmaa.jpg?fit=960%2C960&ssl=1&resize=700%2C400 2x"},"classes":[]},{"id":23806,"url":"https:\/\/pohjanmaantehtaanmyymala.fi\/sv\/tuote\/sheraton-32-istuttavat-nahkasohvat\/","url_meta":{"origin":21402,"position":3},"title":"SHERATON 3+2 istuttavat nahkasohvat","author":"Sami Viitala","date":"september 28, 2023","format":false,"excerpt":"Sohvat muhkeaan oleiluun.","rel":"","context":"Liknande produkt","block_context":{"text":"Liknande produkt","link":""},"img":{"alt_text":"Sheraton kolmen- ja kahdenistuttavat nahkasohvat Labrador harmaalla nahkalla","src":"https:\/\/i0.wp.com\/pohjanmaantehtaanmyymala.fi\/wp-content\/uploads\/2023\/09\/Sheraton_3-2_Labrador43.jpg?fit=960%2C960&ssl=1&resize=350%2C200","width":350,"height":200,"srcset":"https:\/\/i0.wp.com\/pohjanmaantehtaanmyymala.fi\/wp-content\/uploads\/2023\/09\/Sheraton_3-2_Labrador43.jpg?fit=960%2C960&ssl=1&resize=350%2C200 1x, https:\/\/i0.wp.com\/pohjanmaantehtaanmyymala.fi\/wp-content\/uploads\/2023\/09\/Sheraton_3-2_Labrador43.jpg?fit=960%2C960&ssl=1&resize=525%2C300 1.5x, https:\/\/i0.wp.com\/pohjanmaantehtaanmyymala.fi\/wp-content\/uploads\/2023\/09\/Sheraton_3-2_Labrador43.jpg?fit=960%2C960&ssl=1&resize=700%2C400 2x"},"classes":[]},{"id":8696,"url":"https:\/\/pohjanmaantehtaanmyymala.fi\/sv\/tuote\/copenhagen-2-sohva\/","url_meta":{"origin":21402,"position":4},"title":"COPENHAGEN 2-istuttava sohva","author":"petri","date":"september 14, 2019","format":false,"excerpt":"Pohjanmaan Kalusteen massiivisessa Copenhagen-sohvassa on miellytt\u00e4v\u00e4n pehme\u00e4 istuintuntuma. Copenhagen sohvassa on my\u00f6s leve\u00e4t pehmustetut k\u00e4sinojat. T\u00e4m\u00e4n Copenhagen sohvan erikoisuutena on selk\u00e4tyynyjen s\u00e4\u00e4dett\u00e4vyys voit halutessasi nostaa tyyny\u00e4 ylemm\u00e4s jolloin selk\u00e4nojasta tulee korkeampi ja istuinsyvyys syvenee 17 cm. Selk\u00e4tyynyt pit\u00e4\u00e4 paikoillaan vahva magneetti. Copenhagen sohvasta on saatavana modulirakenteen vuoksi useita eri kokoonpanoja;\u2026","rel":"","context":"Liknande produkt","block_context":{"text":"Liknande produkt","link":""},"img":{"alt_text":"Copenhagen-sohva-beige-kangas","src":"https:\/\/i0.wp.com\/pohjanmaantehtaanmyymala.fi\/wp-content\/uploads\/2019\/09\/Copenhagen-2.jpg?fit=960%2C960&ssl=1&resize=350%2C200","width":350,"height":200,"srcset":"https:\/\/i0.wp.com\/pohjanmaantehtaanmyymala.fi\/wp-content\/uploads\/2019\/09\/Copenhagen-2.jpg?fit=960%2C960&ssl=1&resize=350%2C200 1x, https:\/\/i0.wp.com\/pohjanmaantehtaanmyymala.fi\/wp-content\/uploads\/2019\/09\/Copenhagen-2.jpg?fit=960%2C960&ssl=1&resize=525%2C300 1.5x, https:\/\/i0.wp.com\/pohjanmaantehtaanmyymala.fi\/wp-content\/uploads\/2019\/09\/Copenhagen-2.jpg?fit=960%2C960&ssl=1&resize=700%2C400 2x"},"classes":[]},{"id":8714,"url":"https:\/\/pohjanmaantehtaanmyymala.fi\/sv\/tuote\/copenhagen-3-sohva\/","url_meta":{"origin":21402,"position":5},"title":"COPENHAGEN 3-istuttava sohva","author":"petri","date":"september 14, 2019","format":false,"excerpt":"Pohjanmaan Kalusteen massiivisessa Copenhagen- sohvassa on miellytt\u00e4v\u00e4n pehme\u00e4 istuintuntuma. Copenhagen sohvassa on my\u00f6s leve\u00e4t pehmustetut k\u00e4sinojat. T\u00e4m\u00e4n Copenhagen sohvan erikoisuutena on selk\u00e4tyynyjen s\u00e4\u00e4dett\u00e4vyys voit halutessasi nostaa tyyny\u00e4 ylemm\u00e4s jolloin selk\u00e4nojasta tulee korkeampi ja istuinsyvyys syvenee 17 cm. Selk\u00e4tyynyt pit\u00e4\u00e4 paikoillaan vahva magneetti. Copenhagen sohvasta on saatavana modulirakenteen vuoksi useita eri\u2026","rel":"","context":"Liknande produkt","block_context":{"text":"Liknande produkt","link":""},"img":{"alt_text":"Copenhagen sohva","src":"https:\/\/i0.wp.com\/pohjanmaantehtaanmyymala.fi\/wp-content\/uploads\/2019\/06\/Copenhagen-17.jpg?fit=960%2C960&ssl=1&resize=350%2C200","width":350,"height":200,"srcset":"https:\/\/i0.wp.com\/pohjanmaantehtaanmyymala.fi\/wp-content\/uploads\/2019\/06\/Copenhagen-17.jpg?fit=960%2C960&ssl=1&resize=350%2C200 1x, https:\/\/i0.wp.com\/pohjanmaantehtaanmyymala.fi\/wp-content\/uploads\/2019\/06\/Copenhagen-17.jpg?fit=960%2C960&ssl=1&resize=525%2C300 1.5x, https:\/\/i0.wp.com\/pohjanmaantehtaanmyymala.fi\/wp-content\/uploads\/2019\/06\/Copenhagen-17.jpg?fit=960%2C960&ssl=1&resize=700%2C400 2x"},"classes":[]}],"_links":{"self":[{"href":"https:\/\/pohjanmaantehtaanmyymala.fi\/sv\/wp-json\/wp\/v2\/product\/21402","targetHints":{"allow":["GET"]}}],"collection":[{"href":"https:\/\/pohjanmaantehtaanmyymala.fi\/sv\/wp-json\/wp\/v2\/product"}],"about":[{"href":"https:\/\/pohjanmaantehtaanmyymala.fi\/sv\/wp-json\/wp\/v2\/types\/product"}],"replies":[{"embeddable":true,"href":"https:\/\/pohjanmaantehtaanmyymala.fi\/sv\/wp-json\/wp\/v2\/comments?post=21402"}],"wp:featuredmedia":[{"embeddable":true,"href":"https:\/\/pohjanmaantehtaanmyymala.fi\/sv\/wp-json\/wp\/v2\/media\/21409"}],"wp:attachment":[{"href":"https:\/\/pohjanmaantehtaanmyymala.fi\/sv\/wp-json\/wp\/v2\/media?parent=21402"}],"wp:term":[{"taxonomy":"product_brand","embeddable":true,"href":"https:\/\/pohjanmaantehtaanmyymala.fi\/sv\/wp-json\/wp\/v2\/product_brand?post=21402"},{"taxonomy":"product_cat","embeddable":true,"href":"https:\/\/pohjanmaantehtaanmyymala.fi\/sv\/wp-json\/wp\/v2\/product_cat?post=21402"},{"taxonomy":"product_tag","embeddable":true,"href":"https:\/\/pohjanmaantehtaanmyymala.fi\/sv\/wp-json\/wp\/v2\/product_tag?post=21402"}],"curies":[{"name":"wp","href":"https:\/\/api.w.org\/{rel}","templated":true}]}}