{"id":21384,"date":"2022-09-12T14:42:50","date_gmt":"2022-09-12T12:42:50","guid":{"rendered":"https:\/\/pohjanmaantehtaanmyymala.fi\/?post_type=product&#038;p=21384"},"modified":"2023-02-25T13:24:17","modified_gmt":"2023-02-25T11:24:17","slug":"cuddle-nojatuoli-bellagio-kangas","status":"publish","type":"product","link":"https:\/\/pohjanmaantehtaanmyymala.fi\/sv\/tuote\/cuddle-nojatuoli-bellagio-kangas\/","title":{"rendered":"Cuddle nojatuoli Bellagio kangas"},"content":{"rendered":"<p>Pohjanmaan Kalusteen valmistama kaunis sopusohtainen Cuddle tuoli. T\u00e4ss\u00e4 tuolissa on kiinteiss\u00e4 istuin- ja selk\u00e4tyynyiss\u00e4 on pehmusteena laadukkaat vaahtomuovityynyt, jotka takaavat osaltaan pitk\u00e4n k\u00e4ytt\u00f6i\u00e4n. Cuddle tuolissa\u00a0 on todella hyv\u00e4 istuttavuus. Korkeat metallijalat taas antavat tekev\u00e4t tuolista kevyen n\u00e4k\u00f6isen, sek\u00e4 korkeat jalat helpottavat tuolin alta siivoamisessa.<\/p>\n<p>Kuvan Cuddle tuoli on verhoiltu kauttaaltaan Orient Occidentin laadukkaalla ja eritt\u00e4in helppohoitoisella Bellagio Aqua Clean kankaalla, jonka useasta eri s\u00e4vyst\u00e4 voit valita sinulle sopivan vaihtoehdon.<\/p>\n<p>Tuotteen hintaan kuuluvat Bellagion varastov\u00e4rit: 11, 14, 80, 105, 131, 156, 242, 245, 271, 300, 503, 515.<\/p>\n<p>10 % kalliimpia ovat tilausv\u00e4rit: 01, 08, 13, 28, 50, 59, 62, 65, 68, 81, 82, 213, 248, 321, 324, 355, 451, 514.<\/p>\n<p>Cuddle on Pohjanmaan Kaluste Oy:n ja Young Finnish Design Oy:n muotoilukilpailun voittajaty\u00f6 2021, design by Yi-Chiao Tien.<\/p>\n<p>Jos kiinnostuit, kysy tarjous ja lis\u00e4tietoa <a href=\"https:\/\/pohjanmaantehtaanmyymala.fi\/yhteys\/\">myynnist\u00e4mme!<\/a><\/p>\n<h3>Tuotetiedot:<\/h3>\n<p>Mitat: leveys 94 cm, korkeus 85 cm, syvyys 90 cm.<br \/>\nIstuinkorkeus 45 cm ja -syvyys 54 cm.<br \/>\nKiinte\u00e4t istuinpehmusteet: No zag jouset, HR35130 vaahtomuovi, pintavanu,<br \/>\nSelk\u00e4pehmuste: kumivy\u00f6t, HR25075, pintavanu,<br \/>\nK\u00e4sinojapehmusteet: Vaahtomuovi HR33140<br \/>\nRunko: Massiivipuu, vaneri ja kovalevy. (runkotakuu 20-vuotta)<br \/>\nMetallijalat, korkeus 15 cm<br \/>\nTakuu 3-vuotta, runkotakuu 20-vuotta<br \/>\nToimitetaan jalat irrallaan.<\/p>\n<p><a href=\"https:\/\/www.pohjanmaan.fi\/tuotteet\/cuddle\/tuoli\" target=\"_blank\" rel=\"noopener noreferrer\">T\u00e4st\u00e4 on linkki Pohjanmaan Cuddle-tuotesivulle<\/a><\/p>\n<p>&nbsp;<\/p>\n","protected":false},"excerpt":{"rendered":"<p>Pohjanmaan Kalusteen valmistama kaunis sopusohtainen Cuddle tuoli. T\u00e4ss\u00e4 tuolissa on kiinteiss\u00e4 istuin- ja selk\u00e4tyynyiss\u00e4 on pehmusteena laadukkaat vaahtomuovityynyt, jotka takaavat osaltaan pitk\u00e4n k\u00e4ytt\u00f6i\u00e4n. Cuddle tuolissa\u00a0 on todella hyv\u00e4 istuttavuus. Korkeat metallijalat taas antavat tekev\u00e4t tuolista kevyen n\u00e4k\u00f6isen, sek\u00e4 korkeat jalat helpottavat tuolin alta siivoamisessa. Kuvan Cuddle tuoli on verhoiltu kauttaaltaan Orient Occidentin laadukkaalla ja eritt\u00e4in [&hellip;]<\/p>\n","protected":false},"featured_media":21391,"comment_status":"closed","ping_status":"closed","template":"","meta":{"_acf_changed":false,"jetpack_post_was_ever_published":false,"jetpack_publicize_message":"","jetpack_publicize_feature_enabled":true,"jetpack_social_post_already_shared":true,"jetpack_social_options":{"image_generator_settings":{"template":"highway","default_image_id":0,"font":"","enabled":false},"version":2}},"product_brand":[270],"product_cat":[201,195],"product_tag":[],"class_list":{"0":"post-21384","1":"product","2":"type-product","3":"status-publish","4":"has-post-thumbnail","6":"product_brand-pohjanmaan","7":"product_cat-sohvat","8":"product_cat-lepotuolit-ja-rahit","10":"first","11":"instock","12":"sale","13":"shipping-taxable","14":"purchasable","15":"product-type-simple"},"acf":[],"jetpack_publicize_connections":[],"jetpack_sharing_enabled":true,"jetpack-related-posts":[{"id":9408,"url":"https:\/\/pohjanmaantehtaanmyymala.fi\/sv\/tuote\/mode-hupputuoli-musta\/","url_meta":{"origin":21384,"position":0},"title":"MODE &#8211; hupputuoli kokonahka","author":"petri","date":"september 14, 2019","format":false,"excerpt":"Laaduka kest\u00e4v\u00e4ll\u00e4 Labrador -nahkalla verhoiltu ruokap\u00f6yd\u00e4n tuoli.","rel":"","context":"Liknande produkt","block_context":{"text":"Liknande produkt","link":""},"img":{"alt_text":"","src":"https:\/\/i0.wp.com\/pohjanmaantehtaanmyymala.fi\/wp-content\/uploads\/2019\/06\/Mode-tuoli-takakahvalla-oljytty-tammi-Labrador06NK-2.jpg?fit=960%2C960&ssl=1&resize=350%2C200","width":350,"height":200,"srcset":"https:\/\/i0.wp.com\/pohjanmaantehtaanmyymala.fi\/wp-content\/uploads\/2019\/06\/Mode-tuoli-takakahvalla-oljytty-tammi-Labrador06NK-2.jpg?fit=960%2C960&ssl=1&resize=350%2C200 1x, https:\/\/i0.wp.com\/pohjanmaantehtaanmyymala.fi\/wp-content\/uploads\/2019\/06\/Mode-tuoli-takakahvalla-oljytty-tammi-Labrador06NK-2.jpg?fit=960%2C960&ssl=1&resize=525%2C300 1.5x, https:\/\/i0.wp.com\/pohjanmaantehtaanmyymala.fi\/wp-content\/uploads\/2019\/06\/Mode-tuoli-takakahvalla-oljytty-tammi-Labrador06NK-2.jpg?fit=960%2C960&ssl=1&resize=700%2C400 2x"},"classes":[]},{"id":8724,"url":"https:\/\/pohjanmaantehtaanmyymala.fi\/sv\/tuote\/delta-ruokaryhma-mode-tuolilla\/","url_meta":{"origin":21384,"position":1},"title":"DELTA\/MODE &#8211; ruokaryhm\u00e4 8 tuolilla","author":"petri","date":"september 14, 2019","format":false,"excerpt":"Iso massiivitamminen Delta-ruokap\u00f6yt\u00e4 8 kokonahkaisella Mode-tuolilla. Pohjanmaan Kalusteen malliston Delta ruokap\u00f6yt\u00e4 on todella tukeva tammesta valmistettu ruokap\u00f6yt\u00e4 joka on viimeistelty \u00f6ljy\u00e4m\u00e4ll\u00e4. Kuvan p\u00f6yd\u00e4n koko on 100x220cm. Mode tuolin kulutuspinnat verhoiltu kest\u00e4v\u00e4ll\u00e4 aidolla Soft Antique-nahalla tuolin jalat ovat \u00f6ljytty\u00e4 tammea. Tuoleja saa tilattua liikkeest\u00e4mme sadoilla eri kankailla ja nahoilla. Delta-P\u00f6yti\u00e4 l\u00f6ytyy\u2026","rel":"","context":"Liknande produkt","block_context":{"text":"Liknande produkt","link":""},"img":{"alt_text":"","src":"https:\/\/i0.wp.com\/pohjanmaantehtaanmyymala.fi\/wp-content\/uploads\/2019\/09\/Delta-ruokapoytaryhma.jpg?fit=960%2C960&ssl=1&resize=350%2C200","width":350,"height":200,"srcset":"https:\/\/i0.wp.com\/pohjanmaantehtaanmyymala.fi\/wp-content\/uploads\/2019\/09\/Delta-ruokapoytaryhma.jpg?fit=960%2C960&ssl=1&resize=350%2C200 1x, https:\/\/i0.wp.com\/pohjanmaantehtaanmyymala.fi\/wp-content\/uploads\/2019\/09\/Delta-ruokapoytaryhma.jpg?fit=960%2C960&ssl=1&resize=525%2C300 1.5x, https:\/\/i0.wp.com\/pohjanmaantehtaanmyymala.fi\/wp-content\/uploads\/2019\/09\/Delta-ruokapoytaryhma.jpg?fit=960%2C960&ssl=1&resize=700%2C400 2x"},"classes":[]},{"id":24017,"url":"https:\/\/pohjanmaantehtaanmyymala.fi\/sv\/tuote\/pohjanmaan-lilja-pinnatuoli-koivu-lv\/","url_meta":{"origin":21384,"position":2},"title":"Pohjanmaan LILJA -pinnatuoli koivu lv","author":"Sami Viitala","date":"november 14, 2023","format":false,"excerpt":"Tyylik\u00e4s Pohjanmaan Kalusteen pinnatuoli monenlaiseen sisustukseen.","rel":"","context":"Liknande produkt","block_context":{"text":"Liknande produkt","link":""},"img":{"alt_text":"Lilja pinnatuoli koivu lakattu","src":"https:\/\/i0.wp.com\/pohjanmaantehtaanmyymala.fi\/wp-content\/uploads\/2023\/11\/Lilja_pinnatuoli_koivu.jpg?fit=960%2C960&ssl=1&resize=350%2C200","width":350,"height":200,"srcset":"https:\/\/i0.wp.com\/pohjanmaantehtaanmyymala.fi\/wp-content\/uploads\/2023\/11\/Lilja_pinnatuoli_koivu.jpg?fit=960%2C960&ssl=1&resize=350%2C200 1x, https:\/\/i0.wp.com\/pohjanmaantehtaanmyymala.fi\/wp-content\/uploads\/2023\/11\/Lilja_pinnatuoli_koivu.jpg?fit=960%2C960&ssl=1&resize=525%2C300 1.5x, https:\/\/i0.wp.com\/pohjanmaantehtaanmyymala.fi\/wp-content\/uploads\/2023\/11\/Lilja_pinnatuoli_koivu.jpg?fit=960%2C960&ssl=1&resize=700%2C400 2x"},"classes":[]},{"id":27578,"url":"https:\/\/pohjanmaantehtaanmyymala.fi\/sv\/tuote\/mode-hupputuoli-nahka\/","url_meta":{"origin":21384,"position":3},"title":"MODE &#8211; hupputuoli nahka","author":"Sami Viitala","date":"november 15, 2024","format":false,"excerpt":"Laadukas kest\u00e4v\u00e4ll\u00e4 nahkalla verhoiltu ruokap\u00f6yd\u00e4n tuoli.","rel":"","context":"Liknande produkt","block_context":{"text":"Liknande produkt","link":""},"img":{"alt_text":"Mode tuoli musta nahka, jalat \u00f6ljytty\u00e4 tammea.","src":"https:\/\/i0.wp.com\/pohjanmaantehtaanmyymala.fi\/wp-content\/uploads\/2024\/11\/Mode_tuoli_musta_nahka.jpg?fit=960%2C960&ssl=1&resize=350%2C200","width":350,"height":200,"srcset":"https:\/\/i0.wp.com\/pohjanmaantehtaanmyymala.fi\/wp-content\/uploads\/2024\/11\/Mode_tuoli_musta_nahka.jpg?fit=960%2C960&ssl=1&resize=350%2C200 1x, https:\/\/i0.wp.com\/pohjanmaantehtaanmyymala.fi\/wp-content\/uploads\/2024\/11\/Mode_tuoli_musta_nahka.jpg?fit=960%2C960&ssl=1&resize=525%2C300 1.5x, https:\/\/i0.wp.com\/pohjanmaantehtaanmyymala.fi\/wp-content\/uploads\/2024\/11\/Mode_tuoli_musta_nahka.jpg?fit=960%2C960&ssl=1&resize=700%2C400 2x"},"classes":[]},{"id":10365,"url":"https:\/\/pohjanmaantehtaanmyymala.fi\/sv\/tuote\/atlanta-recliner-mekanismituoli-akku\/","url_meta":{"origin":21384,"position":4},"title":"ATLANTA ERGO &#8211; s\u00e4hk\u00f6recliner mekanismituoli","author":"petri","date":"september 14, 2019","format":false,"excerpt":"S\u00e4hk\u00f6recliner tuoli ladattavalla akulla, joka py\u00f6rii ja keinuu.","rel":"","context":"Liknande produkt","block_context":{"text":"Liknande produkt","link":""},"img":{"alt_text":"Atlanta recliner mekanismi tuoli nahka","src":"https:\/\/i0.wp.com\/pohjanmaantehtaanmyymala.fi\/wp-content\/uploads\/2019\/09\/Atlan-sahkorecliner-auki-2.jpg?fit=1200%2C1200&ssl=1&resize=350%2C200","width":350,"height":200,"srcset":"https:\/\/i0.wp.com\/pohjanmaantehtaanmyymala.fi\/wp-content\/uploads\/2019\/09\/Atlan-sahkorecliner-auki-2.jpg?fit=1200%2C1200&ssl=1&resize=350%2C200 1x, https:\/\/i0.wp.com\/pohjanmaantehtaanmyymala.fi\/wp-content\/uploads\/2019\/09\/Atlan-sahkorecliner-auki-2.jpg?fit=1200%2C1200&ssl=1&resize=525%2C300 1.5x, https:\/\/i0.wp.com\/pohjanmaantehtaanmyymala.fi\/wp-content\/uploads\/2019\/09\/Atlan-sahkorecliner-auki-2.jpg?fit=1200%2C1200&ssl=1&resize=700%2C400 2x, https:\/\/i0.wp.com\/pohjanmaantehtaanmyymala.fi\/wp-content\/uploads\/2019\/09\/Atlan-sahkorecliner-auki-2.jpg?fit=1200%2C1200&ssl=1&resize=1050%2C600 3x"},"classes":[]},{"id":9469,"url":"https:\/\/pohjanmaantehtaanmyymala.fi\/sv\/tuote\/sheraton-recliner\/","url_meta":{"origin":21384,"position":5},"title":"SHERATON &#8211; recliner nahkaverhoilulla","author":"petri","date":"september 14, 2019","format":false,"excerpt":"Pohjanmaan kalusteen valmistama Sheraton-reclinertuoli on todella mukavan pehme\u00e4 tuoli. Tuolin kahvaa k\u00e4\u00e4nt\u00e4m\u00e4ll\u00e4 nousee jalkarahi yl\u00f6s jolloin my\u00f6s selk\u00e4nojan kaltevuuden s\u00e4\u00e4t\u00f6 on mahdollista. Mekanismituolissa on py\u00f6riv\u00e4 jalusta vakiovarusteena. Rahin ollessa alhaalla tuoli my\u00f6s keinuu. Tuolin runko on valmistettu koivuvanerista ja havupuusta pehmusteena laadukas vaahtomuovi ja vanu. Valmistajan takuu mekanismille on 2-vuotta.\u2026","rel":"","context":"Liknande produkt","block_context":{"text":"Liknande produkt","link":""},"img":{"alt_text":"","src":"https:\/\/i0.wp.com\/pohjanmaantehtaanmyymala.fi\/wp-content\/uploads\/2019\/06\/sheraton-recl-nk1100-web.jpg?fit=960%2C960&ssl=1&resize=350%2C200","width":350,"height":200,"srcset":"https:\/\/i0.wp.com\/pohjanmaantehtaanmyymala.fi\/wp-content\/uploads\/2019\/06\/sheraton-recl-nk1100-web.jpg?fit=960%2C960&ssl=1&resize=350%2C200 1x, https:\/\/i0.wp.com\/pohjanmaantehtaanmyymala.fi\/wp-content\/uploads\/2019\/06\/sheraton-recl-nk1100-web.jpg?fit=960%2C960&ssl=1&resize=525%2C300 1.5x, https:\/\/i0.wp.com\/pohjanmaantehtaanmyymala.fi\/wp-content\/uploads\/2019\/06\/sheraton-recl-nk1100-web.jpg?fit=960%2C960&ssl=1&resize=700%2C400 2x"},"classes":[]}],"_links":{"self":[{"href":"https:\/\/pohjanmaantehtaanmyymala.fi\/sv\/wp-json\/wp\/v2\/product\/21384","targetHints":{"allow":["GET"]}}],"collection":[{"href":"https:\/\/pohjanmaantehtaanmyymala.fi\/sv\/wp-json\/wp\/v2\/product"}],"about":[{"href":"https:\/\/pohjanmaantehtaanmyymala.fi\/sv\/wp-json\/wp\/v2\/types\/product"}],"replies":[{"embeddable":true,"href":"https:\/\/pohjanmaantehtaanmyymala.fi\/sv\/wp-json\/wp\/v2\/comments?post=21384"}],"wp:featuredmedia":[{"embeddable":true,"href":"https:\/\/pohjanmaantehtaanmyymala.fi\/sv\/wp-json\/wp\/v2\/media\/21391"}],"wp:attachment":[{"href":"https:\/\/pohjanmaantehtaanmyymala.fi\/sv\/wp-json\/wp\/v2\/media?parent=21384"}],"wp:term":[{"taxonomy":"product_brand","embeddable":true,"href":"https:\/\/pohjanmaantehtaanmyymala.fi\/sv\/wp-json\/wp\/v2\/product_brand?post=21384"},{"taxonomy":"product_cat","embeddable":true,"href":"https:\/\/pohjanmaantehtaanmyymala.fi\/sv\/wp-json\/wp\/v2\/product_cat?post=21384"},{"taxonomy":"product_tag","embeddable":true,"href":"https:\/\/pohjanmaantehtaanmyymala.fi\/sv\/wp-json\/wp\/v2\/product_tag?post=21384"}],"curies":[{"name":"wp","href":"https:\/\/api.w.org\/{rel}","templated":true}]}}