{"id":21310,"date":"2022-09-09T10:25:15","date_gmt":"2022-09-09T08:25:15","guid":{"rendered":"https:\/\/pohjanmaantehtaanmyymala.fi\/?post_type=product&#038;p=21310"},"modified":"2026-04-02T13:59:34","modified_gmt":"2026-04-02T11:59:34","slug":"pohjanmaan-grail-divaanisohva","status":"publish","type":"product","link":"https:\/\/pohjanmaantehtaanmyymala.fi\/sv\/tuote\/pohjanmaan-grail-divaanisohva\/","title":{"rendered":"Pohjanmaan Grail divaanisohva"},"content":{"rendered":"<p>Pohjanmaan Kalusteen muhkea Grail divaanisohva kutsuu muhkeudellaan istumaan. T\u00e4m\u00e4 j\u00e4tti divaanisohva on unelmien paikka viett\u00e4\u00e4 aikaa l\u00f6h\u00f6illen. Grail sohvassa on normaalia syvempi ja tilava istuinosa, jossa mahtaa vaikka nukkumaan. Grail-sohvan leve\u00e4t pehme\u00e4t k\u00e4sinojat korostavat sohvan muhkeaa olemusta.<\/p>\n<p>Kuvan divaanisohva on verhoilutu laadukkaalla Megan samettikankaalla. Grail on saatavilla lukuisilla eri kankailla.<\/p>\n<p>Grail kulmasohva on r\u00e4\u00e4t\u00e4l\u00f6it\u00e4viss\u00e4 modulirakenteen vuoksi erilaisia kokoonpanoja; tuoli ja kulmasohvia.\u00a0 Kysy p\u00e4iv\u00e4n tarjous <a href=\"https:\/\/pohjanmaantehtaanmyymala.fi\/yhteys\/\">myynnist\u00e4mme!<\/a><\/p>\n<p>Toimitamme sohvat kaikkialle Suomeen.<\/p>\n<h3>Tuotetiedot:<\/h3>\n<p><a href=\"https:\/\/www.pohjanmaan.fi\/_files\/ugd\/2f25a6_1cea827c8e4944a1a3f250b79d1d57d8.pdf\" target=\"_blank\" rel=\"noopener noreferrer\">Lataa Grail-tuotekortti t\u00e4st\u00e4!<\/a><\/p>\n<p>Verhoilu: Megan-kangas.<br \/>\nRunko: Massiivipuu vaneri ja kovalevy. Runkotakuu 20 vuotta.<br \/>\nIstuin: No zag jouset 12 cm HR35100 vaahtomuovi+vanu.<br \/>\nSelk\u00e4noja: Polyesterivanu+EP23 vaahtomuovi.<br \/>\nK\u00e4sinojat: Vaahtomuovipehmuste.<br \/>\nJalat: muovijalat<\/p>\n<p><a href=\"https:\/\/www.pohjanmaan.fi\/tuotteet\/grail\/modulisohva\" target=\"_blank\" rel=\"noopener noreferrer\">T\u00e4st\u00e4 linkki Pohjanmaan tuotesivulle.<\/a><\/p>\n<p>Pohjanmaan sohvien toimitusaika on nyt noin 8 &#8211; 10 viikkoa tilauksesta.<\/p>\n","protected":false},"excerpt":{"rendered":"<p>Pohjanmaan Kalusteen muhkea Grail divaanisohva kutsuu muhkeudellaan istumaan. T\u00e4m\u00e4 j\u00e4tti divaanisohva on unelmien paikka viett\u00e4\u00e4 aikaa l\u00f6h\u00f6illen. Grail sohvassa on normaalia syvempi ja tilava istuinosa, jossa mahtaa vaikka nukkumaan. Grail-sohvan leve\u00e4t pehme\u00e4t k\u00e4sinojat korostavat sohvan muhkeaa olemusta. Kuvan divaanisohva on verhoilutu laadukkaalla Megan samettikankaalla. Grail on saatavilla lukuisilla eri kankailla. Grail kulmasohva on r\u00e4\u00e4t\u00e4l\u00f6it\u00e4viss\u00e4 modulirakenteen [&hellip;]<\/p>\n","protected":false},"featured_media":21311,"comment_status":"closed","ping_status":"closed","template":"","meta":{"_acf_changed":false,"jetpack_post_was_ever_published":false,"jetpack_publicize_message":"","jetpack_publicize_feature_enabled":true,"jetpack_social_post_already_shared":true,"jetpack_social_options":{"image_generator_settings":{"template":"highway","default_image_id":0,"font":"","enabled":false},"version":2}},"product_brand":[270],"product_cat":[201],"product_tag":[],"class_list":{"0":"post-21310","1":"product","2":"type-product","3":"status-publish","4":"has-post-thumbnail","6":"product_brand-pohjanmaan","7":"product_cat-sohvat","8":"product_shipping_class-161","10":"first","11":"instock","12":"sale","13":"purchasable","14":"product-type-simple"},"acf":[],"jetpack_publicize_connections":[],"jetpack_sharing_enabled":true,"jetpack-related-posts":[{"id":21271,"url":"https:\/\/pohjanmaantehtaanmyymala.fi\/sv\/tuote\/pohjanmaan-grail-kulmasohva\/","url_meta":{"origin":21310,"position":0},"title":"Pohjanmaan Grail kulmasohva","author":"Sami Viitala","date":"september 8, 2022","format":false,"excerpt":"Pohjanmaan Kalusteen muhkea Grail kulmasohva kutsuu luokseen lempe\u00e4\u00e4n pehme\u00e4\u00e4n syleilyyn. T\u00e4m\u00e4 mahtava kulmasohva on my\u00f6s miellytt\u00e4v\u00e4n mukava istua. Grail sohvassa on normaalia syvempi ja tilava istuinosa, jossa pitkien ihmisten helpompi istua. Sohva on niin iso, ett\u00e4 siin\u00e4 pystyy vaikka nukkumaan. Grail-sohvan leve\u00e4t pehme\u00e4t k\u00e4sinojat korostavat sohvan muhkeaa olemusta. Kuvan sohva\u2026","rel":"","context":"Liknande produkt","block_context":{"text":"Liknande produkt","link":""},"img":{"alt_text":"Pohjanmaan Grail kulmasohva Megan-kankaalla keltainen","src":"https:\/\/i0.wp.com\/pohjanmaantehtaanmyymala.fi\/wp-content\/uploads\/2022\/09\/Grail_K26-R110-A110-L135-A110-K26_Megan90.jpg?fit=1200%2C1200&ssl=1&resize=350%2C200","width":350,"height":200,"srcset":"https:\/\/i0.wp.com\/pohjanmaantehtaanmyymala.fi\/wp-content\/uploads\/2022\/09\/Grail_K26-R110-A110-L135-A110-K26_Megan90.jpg?fit=1200%2C1200&ssl=1&resize=350%2C200 1x, https:\/\/i0.wp.com\/pohjanmaantehtaanmyymala.fi\/wp-content\/uploads\/2022\/09\/Grail_K26-R110-A110-L135-A110-K26_Megan90.jpg?fit=1200%2C1200&ssl=1&resize=525%2C300 1.5x, https:\/\/i0.wp.com\/pohjanmaantehtaanmyymala.fi\/wp-content\/uploads\/2022\/09\/Grail_K26-R110-A110-L135-A110-K26_Megan90.jpg?fit=1200%2C1200&ssl=1&resize=700%2C400 2x, https:\/\/i0.wp.com\/pohjanmaantehtaanmyymala.fi\/wp-content\/uploads\/2022\/09\/Grail_K26-R110-A110-L135-A110-K26_Megan90.jpg?fit=1200%2C1200&ssl=1&resize=1050%2C600 3x"},"classes":[]},{"id":21240,"url":"https:\/\/pohjanmaantehtaanmyymala.fi\/sv\/tuote\/pohjanmaan-grail-sohva-samettikankaalla\/","url_meta":{"origin":21310,"position":1},"title":"Pohjanmaan Grail sohva 272 cm","author":"Sami Viitala","date":"september 8, 2022","format":false,"excerpt":"Pohjanmaan Kalusteen upeassa Grail-sohvan syleilyss\u00e4 on miellytt\u00e4v\u00e4 loikoilla. Sohvassa on normaalia syvempi ja tilava istuinosa, johon mahtuu vaikka nukkumaan. Grail-sohvan leve\u00e4t pehme\u00e4t k\u00e4sinojat korostavat sohvan muhkeaa olemusta. T\u00e4m\u00e4 muskelisohva on my\u00f6s miellytt\u00e4v\u00e4n mukava istua. Kuvan sohva on verhoilutu laadukkaalla Megan samettikankaalla. Grail on saatavilla lukuisilla eri kankailla. Grail sohvasta on\u2026","rel":"","context":"Liknande produkt","block_context":{"text":"Liknande produkt","link":""},"img":{"alt_text":"Pohjanmaan Grail sohva samettikankaalla","src":"https:\/\/i0.wp.com\/pohjanmaantehtaanmyymala.fi\/wp-content\/uploads\/2022\/09\/grail_3_megan16_01_rekvisiitta_carusel.jpg?fit=960%2C960&ssl=1&resize=350%2C200","width":350,"height":200,"srcset":"https:\/\/i0.wp.com\/pohjanmaantehtaanmyymala.fi\/wp-content\/uploads\/2022\/09\/grail_3_megan16_01_rekvisiitta_carusel.jpg?fit=960%2C960&ssl=1&resize=350%2C200 1x, https:\/\/i0.wp.com\/pohjanmaantehtaanmyymala.fi\/wp-content\/uploads\/2022\/09\/grail_3_megan16_01_rekvisiitta_carusel.jpg?fit=960%2C960&ssl=1&resize=525%2C300 1.5x, https:\/\/i0.wp.com\/pohjanmaantehtaanmyymala.fi\/wp-content\/uploads\/2022\/09\/grail_3_megan16_01_rekvisiitta_carusel.jpg?fit=960%2C960&ssl=1&resize=700%2C400 2x"},"classes":[]},{"id":25173,"url":"https:\/\/pohjanmaantehtaanmyymala.fi\/sv\/tuote\/pohjanmaan-grail-kulmasohva-2\/","url_meta":{"origin":21310,"position":2},"title":"Pohjanmaan Grail kulmasohva","author":"Miro Nevala","date":"februari 13, 2024","format":false,"excerpt":"Upea ja mukava kulmasohva rentoon l\u00f6h\u00f6ilyyn! Useita eri v\u00e4rej\u00e4.","rel":"","context":"Liknande produkt","block_context":{"text":"Liknande produkt","link":""},"img":{"alt_text":"Pohjanmaan Grail-kulmasohva","src":"https:\/\/i0.wp.com\/pohjanmaantehtaanmyymala.fi\/wp-content\/uploads\/2024\/02\/Pohjanmaan-Grail-kulmasohva-2-960dpi.jpg?fit=960%2C960&ssl=1&resize=350%2C200","width":350,"height":200,"srcset":"https:\/\/i0.wp.com\/pohjanmaantehtaanmyymala.fi\/wp-content\/uploads\/2024\/02\/Pohjanmaan-Grail-kulmasohva-2-960dpi.jpg?fit=960%2C960&ssl=1&resize=350%2C200 1x, https:\/\/i0.wp.com\/pohjanmaantehtaanmyymala.fi\/wp-content\/uploads\/2024\/02\/Pohjanmaan-Grail-kulmasohva-2-960dpi.jpg?fit=960%2C960&ssl=1&resize=525%2C300 1.5x, https:\/\/i0.wp.com\/pohjanmaantehtaanmyymala.fi\/wp-content\/uploads\/2024\/02\/Pohjanmaan-Grail-kulmasohva-2-960dpi.jpg?fit=960%2C960&ssl=1&resize=700%2C400 2x"},"classes":[]},{"id":25151,"url":"https:\/\/pohjanmaantehtaanmyymala.fi\/sv\/tuote\/grail-sohva-l-232-cm-kangasverhoilulla\/","url_meta":{"origin":21310,"position":3},"title":"Grail sohva l. 232 cm kangasverhoilulla","author":"Miro Nevala","date":"februari 13, 2024","format":false,"excerpt":"Upea ja mukava l\u00f6h\u00f6ilysohva useilla v\u00e4rivaihtoehdoilla!","rel":"","context":"Liknande produkt","block_context":{"text":"Liknande produkt","link":""},"img":{"alt_text":"Pohjanmaan Grail 3-istuttava sohva harmaa","src":"https:\/\/i0.wp.com\/pohjanmaantehtaanmyymala.fi\/wp-content\/uploads\/2024\/02\/Pohjanmaan-Grail-3-istuttuva-sohva-960dpi.jpg?fit=960%2C960&ssl=1&resize=350%2C200","width":350,"height":200,"srcset":"https:\/\/i0.wp.com\/pohjanmaantehtaanmyymala.fi\/wp-content\/uploads\/2024\/02\/Pohjanmaan-Grail-3-istuttuva-sohva-960dpi.jpg?fit=960%2C960&ssl=1&resize=350%2C200 1x, https:\/\/i0.wp.com\/pohjanmaantehtaanmyymala.fi\/wp-content\/uploads\/2024\/02\/Pohjanmaan-Grail-3-istuttuva-sohva-960dpi.jpg?fit=960%2C960&ssl=1&resize=525%2C300 1.5x, https:\/\/i0.wp.com\/pohjanmaantehtaanmyymala.fi\/wp-content\/uploads\/2024\/02\/Pohjanmaan-Grail-3-istuttuva-sohva-960dpi.jpg?fit=960%2C960&ssl=1&resize=700%2C400 2x"},"classes":[]},{"id":12782,"url":"https:\/\/pohjanmaantehtaanmyymala.fi\/sv\/tuote\/mango-divaanisohva-harmaa\/","url_meta":{"origin":21310,"position":4},"title":"Mango -divaanisohva (harmaa)","author":"Sami Viitala","date":"september 12, 2020","format":false,"excerpt":"Edullinen Mago-divaanisohva kangasverhoilulla.","rel":"","context":"Liknande produkt","block_context":{"text":"Liknande produkt","link":""},"img":{"alt_text":"Mango divaanisohva harmaa","src":"https:\/\/i0.wp.com\/pohjanmaantehtaanmyymala.fi\/wp-content\/uploads\/2020\/09\/Mango-divaanisohva-malmo-kangas.jpg?fit=1200%2C1200&ssl=1&resize=350%2C200","width":350,"height":200,"srcset":"https:\/\/i0.wp.com\/pohjanmaantehtaanmyymala.fi\/wp-content\/uploads\/2020\/09\/Mango-divaanisohva-malmo-kangas.jpg?fit=1200%2C1200&ssl=1&resize=350%2C200 1x, https:\/\/i0.wp.com\/pohjanmaantehtaanmyymala.fi\/wp-content\/uploads\/2020\/09\/Mango-divaanisohva-malmo-kangas.jpg?fit=1200%2C1200&ssl=1&resize=525%2C300 1.5x, https:\/\/i0.wp.com\/pohjanmaantehtaanmyymala.fi\/wp-content\/uploads\/2020\/09\/Mango-divaanisohva-malmo-kangas.jpg?fit=1200%2C1200&ssl=1&resize=700%2C400 2x, https:\/\/i0.wp.com\/pohjanmaantehtaanmyymala.fi\/wp-content\/uploads\/2020\/09\/Mango-divaanisohva-malmo-kangas.jpg?fit=1200%2C1200&ssl=1&resize=1050%2C600 3x"},"classes":[]},{"id":22329,"url":"https:\/\/pohjanmaantehtaanmyymala.fi\/sv\/tuote\/anna-divaanisohva-pfc-free-kangas\/","url_meta":{"origin":21310,"position":5},"title":"Anna divaanisohva PFC-free kangas","author":"Sami Viitala","date":"januari 26, 2023","format":false,"excerpt":"Kaunis Anna-divaanisohva, saatavana 3 eri v\u00e4rill\u00e4.","rel":"","context":"Liknande produkt","block_context":{"text":"Liknande produkt","link":""},"img":{"alt_text":"Tenstar Anna divaanisohva harmaa ja py\u00f6re\u00e4 sohvap\u00f6yt\u00e4 mustalla metallijalalla milj\u00f6\u00f6kuvassa","src":"https:\/\/i0.wp.com\/pohjanmaantehtaanmyymala.fi\/wp-content\/uploads\/2023\/01\/Anna_harmaa_miljoo.jpg?fit=960%2C960&ssl=1&resize=350%2C200","width":350,"height":200,"srcset":"https:\/\/i0.wp.com\/pohjanmaantehtaanmyymala.fi\/wp-content\/uploads\/2023\/01\/Anna_harmaa_miljoo.jpg?fit=960%2C960&ssl=1&resize=350%2C200 1x, https:\/\/i0.wp.com\/pohjanmaantehtaanmyymala.fi\/wp-content\/uploads\/2023\/01\/Anna_harmaa_miljoo.jpg?fit=960%2C960&ssl=1&resize=525%2C300 1.5x, https:\/\/i0.wp.com\/pohjanmaantehtaanmyymala.fi\/wp-content\/uploads\/2023\/01\/Anna_harmaa_miljoo.jpg?fit=960%2C960&ssl=1&resize=700%2C400 2x"},"classes":[]}],"_links":{"self":[{"href":"https:\/\/pohjanmaantehtaanmyymala.fi\/sv\/wp-json\/wp\/v2\/product\/21310","targetHints":{"allow":["GET"]}}],"collection":[{"href":"https:\/\/pohjanmaantehtaanmyymala.fi\/sv\/wp-json\/wp\/v2\/product"}],"about":[{"href":"https:\/\/pohjanmaantehtaanmyymala.fi\/sv\/wp-json\/wp\/v2\/types\/product"}],"replies":[{"embeddable":true,"href":"https:\/\/pohjanmaantehtaanmyymala.fi\/sv\/wp-json\/wp\/v2\/comments?post=21310"}],"wp:featuredmedia":[{"embeddable":true,"href":"https:\/\/pohjanmaantehtaanmyymala.fi\/sv\/wp-json\/wp\/v2\/media\/21311"}],"wp:attachment":[{"href":"https:\/\/pohjanmaantehtaanmyymala.fi\/sv\/wp-json\/wp\/v2\/media?parent=21310"}],"wp:term":[{"taxonomy":"product_brand","embeddable":true,"href":"https:\/\/pohjanmaantehtaanmyymala.fi\/sv\/wp-json\/wp\/v2\/product_brand?post=21310"},{"taxonomy":"product_cat","embeddable":true,"href":"https:\/\/pohjanmaantehtaanmyymala.fi\/sv\/wp-json\/wp\/v2\/product_cat?post=21310"},{"taxonomy":"product_tag","embeddable":true,"href":"https:\/\/pohjanmaantehtaanmyymala.fi\/sv\/wp-json\/wp\/v2\/product_tag?post=21310"}],"curies":[{"name":"wp","href":"https:\/\/api.w.org\/{rel}","templated":true}]}}