{"id":21149,"date":"2022-09-04T18:00:06","date_gmt":"2022-09-04T16:00:06","guid":{"rendered":"https:\/\/pohjanmaantehtaanmyymala.fi\/?post_type=product&#038;p=21149"},"modified":"2026-04-14T11:08:40","modified_gmt":"2026-04-14T09:08:40","slug":"austin-baarituoli","status":"publish","type":"product","link":"https:\/\/pohjanmaantehtaanmyymala.fi\/sv\/tuote\/austin-baarituoli\/","title":{"rendered":"Austin baarituoli"},"content":{"rendered":"<p>Rowico Austin baarituoli on turvallinen valinta saarekkeen jakkaraksi. Austin on linjakas ja kevyt.<\/p>\n<p>Baarituolia on saatavana mustana, valkopestyn\u00e4 ja luonnonv\u00e4risen tammena. Tuoli on valmistettu massiivitammesta.<\/p>\n<h3>Tuotetiedot:<\/h3>\n<p>Istuinkorkes: 65 cm<\/p>\n<p>leveys: 35 cm<br \/>\nSyvyys: 35 cm<\/p>\n<p>Materiaali: tammi<\/p>\n<p>Toimitetaan osina pahvipaketissa.<\/p>\n","protected":false},"excerpt":{"rendered":"<p>Simppeli baarijakkara saatavana kolmella eri v\u00e4rill\u00e4.<\/p>\n","protected":false},"featured_media":21153,"comment_status":"closed","ping_status":"closed","template":"","meta":{"_acf_changed":false,"jetpack_post_was_ever_published":false,"jetpack_publicize_message":"","jetpack_publicize_feature_enabled":true,"jetpack_social_post_already_shared":true,"jetpack_social_options":{"image_generator_settings":{"template":"highway","default_image_id":0,"font":"","enabled":false},"version":2}},"product_brand":[179],"product_cat":[212,194],"product_tag":[],"class_list":{"0":"post-21149","1":"product","2":"type-product","3":"status-publish","4":"has-post-thumbnail","6":"product_brand-rowico","7":"product_cat-ajankohtaiset","8":"product_cat-ruokapoydat-ja-tuolit","9":"product_shipping_class-161","10":"pa_vari-musta","11":"pa_vari-tammi-lv","12":"pa_vari-valkopesty","14":"first","15":"instock","16":"purchasable","17":"product-type-variable","18":"has-default-attributes"},"acf":[],"jetpack_publicize_connections":[],"jetpack_sharing_enabled":true,"jetpack-related-posts":[{"id":22039,"url":"https:\/\/pohjanmaantehtaanmyymala.fi\/sv\/tuote\/rustiikki-baarituoli-musta-tammi\/","url_meta":{"origin":21149,"position":0},"title":"Rustiikki baarituoli musta\/tammi","author":"Sami Viitala","date":"december 13, 2022","format":false,"excerpt":"J\u00e4my Rustiikki baarituoli, jossa on mustaksi maalattu runko ja rustiikkitamminen istuin. Tuolin kanssa on saatavana my\u00f6s baarip\u00f6yt\u00e4, kysy lis\u00e4tietoja myynnist\u00e4mme. Istuinkorkeus: 62 cm Tuolin mitat: korkeus 97 cm, leveys 50 cm, syvyys 49 cm. Toimitetaan valmiiksi koottuna.","rel":"","context":"Liknande produkt","block_context":{"text":"Liknande produkt","link":""},"img":{"alt_text":"Massiivipuinen Rustiikki baarituoli mustaksi maalattu runko ja rustiikkitammi istuin.","src":"https:\/\/i0.wp.com\/pohjanmaantehtaanmyymala.fi\/wp-content\/uploads\/2022\/12\/Rustiikki-baarituoli-musta-tammi.jpg?fit=960%2C960&ssl=1&resize=350%2C200","width":350,"height":200,"srcset":"https:\/\/i0.wp.com\/pohjanmaantehtaanmyymala.fi\/wp-content\/uploads\/2022\/12\/Rustiikki-baarituoli-musta-tammi.jpg?fit=960%2C960&ssl=1&resize=350%2C200 1x, https:\/\/i0.wp.com\/pohjanmaantehtaanmyymala.fi\/wp-content\/uploads\/2022\/12\/Rustiikki-baarituoli-musta-tammi.jpg?fit=960%2C960&ssl=1&resize=525%2C300 1.5x, https:\/\/i0.wp.com\/pohjanmaantehtaanmyymala.fi\/wp-content\/uploads\/2022\/12\/Rustiikki-baarituoli-musta-tammi.jpg?fit=960%2C960&ssl=1&resize=700%2C400 2x"},"classes":[]},{"id":13597,"url":"https:\/\/pohjanmaantehtaanmyymala.fi\/sv\/tuote\/auburn-baarituoli\/","url_meta":{"origin":21149,"position":1},"title":"Auburn &#8211; Baarituoli","author":"Sami Viitala","date":"september 28, 2020","format":false,"excerpt":"Auburn- baarituoli on tyylik\u00e4s valinta kotisi saarekkeen istuinpaikaksi. Tuolin jalat ovat metallia ja istuimessa helppohoitoinen tekstiilinahka. Alpha- baarituolissa on mukava istua pidempi\u00e4kin aikoja. Auburn -baarituolia on saatavana mustana ja ruskeana. Tuolissa on aina musta metallijalka. Tuotetiedot: leveys: 45 cm Syvyys: 50 cm Korkes: 80 cm Istuinkorkeus 65 cm Istuinsyvyys 40\u2026","rel":"","context":"Liknande produkt","block_context":{"text":"Liknande produkt","link":""},"img":{"alt_text":"Auburn Alpha baarituolit Rowico","src":"https:\/\/i0.wp.com\/pohjanmaantehtaanmyymala.fi\/wp-content\/uploads\/2020\/09\/Alpha-baarituoli-117677-117679.jpg?fit=1200%2C1200&ssl=1&resize=350%2C200","width":350,"height":200,"srcset":"https:\/\/i0.wp.com\/pohjanmaantehtaanmyymala.fi\/wp-content\/uploads\/2020\/09\/Alpha-baarituoli-117677-117679.jpg?fit=1200%2C1200&ssl=1&resize=350%2C200 1x, https:\/\/i0.wp.com\/pohjanmaantehtaanmyymala.fi\/wp-content\/uploads\/2020\/09\/Alpha-baarituoli-117677-117679.jpg?fit=1200%2C1200&ssl=1&resize=525%2C300 1.5x, https:\/\/i0.wp.com\/pohjanmaantehtaanmyymala.fi\/wp-content\/uploads\/2020\/09\/Alpha-baarituoli-117677-117679.jpg?fit=1200%2C1200&ssl=1&resize=700%2C400 2x, https:\/\/i0.wp.com\/pohjanmaantehtaanmyymala.fi\/wp-content\/uploads\/2020\/09\/Alpha-baarituoli-117677-117679.jpg?fit=1200%2C1200&ssl=1&resize=1050%2C600 3x"},"classes":[]},{"id":23353,"url":"https:\/\/pohjanmaantehtaanmyymala.fi\/sv\/tuote\/monaco-pyoriva-baarituoli-musta-nahka\/","url_meta":{"origin":21149,"position":2},"title":"Monaco py\u00f6riv\u00e4 baarituoli musta nahka","author":"Sami Viitala","date":"september 12, 2023","format":false,"excerpt":"Pu-nahkalla verhoiltu ja mustilla pulverimaalatuilla metallijaloilla varustettu py\u00f6riv\u00e4 keitti\u00f6saarekkeen tuoli.","rel":"","context":"Liknande produkt","block_context":{"text":"Liknande produkt","link":""},"img":{"alt_text":"Monaco baarituoli musta pu-nahka ja musta metallijalka","src":"https:\/\/i0.wp.com\/pohjanmaantehtaanmyymala.fi\/wp-content\/uploads\/2023\/09\/Monaco-baarituoli-1001322-1.jpg?fit=960%2C960&ssl=1&resize=350%2C200","width":350,"height":200,"srcset":"https:\/\/i0.wp.com\/pohjanmaantehtaanmyymala.fi\/wp-content\/uploads\/2023\/09\/Monaco-baarituoli-1001322-1.jpg?fit=960%2C960&ssl=1&resize=350%2C200 1x, https:\/\/i0.wp.com\/pohjanmaantehtaanmyymala.fi\/wp-content\/uploads\/2023\/09\/Monaco-baarituoli-1001322-1.jpg?fit=960%2C960&ssl=1&resize=525%2C300 1.5x, https:\/\/i0.wp.com\/pohjanmaantehtaanmyymala.fi\/wp-content\/uploads\/2023\/09\/Monaco-baarituoli-1001322-1.jpg?fit=960%2C960&ssl=1&resize=700%2C400 2x"},"classes":[]},{"id":23000,"url":"https:\/\/pohjanmaantehtaanmyymala.fi\/sv\/tuote\/gracy-vuodesohva-austin-kankaalla\/","url_meta":{"origin":21149,"position":3},"title":"Jazz 3-ist. vuodesohva kankaalla","author":"Sami Viitala","date":"maj 20, 2023","format":false,"excerpt":"Iso n\u00e4ytt\u00e4v\u00e4 vuodesohva!","rel":"","context":"Liknande produkt","block_context":{"text":"Liknande produkt","link":""},"img":{"alt_text":"Jazz 3-istuttava vuodesohva 3-tyynyinen beigell\u00e4 oasis-kankaalla milj\u00f6\u00f6ss\u00e4","src":"https:\/\/i0.wp.com\/pohjanmaantehtaanmyymala.fi\/wp-content\/uploads\/2023\/05\/JAZZ_K2055-DM-EASY-DELUXE-K2055_Oasis02_kangas.jpg?fit=1000%2C1000&ssl=1&resize=350%2C200","width":350,"height":200,"srcset":"https:\/\/i0.wp.com\/pohjanmaantehtaanmyymala.fi\/wp-content\/uploads\/2023\/05\/JAZZ_K2055-DM-EASY-DELUXE-K2055_Oasis02_kangas.jpg?fit=1000%2C1000&ssl=1&resize=350%2C200 1x, https:\/\/i0.wp.com\/pohjanmaantehtaanmyymala.fi\/wp-content\/uploads\/2023\/05\/JAZZ_K2055-DM-EASY-DELUXE-K2055_Oasis02_kangas.jpg?fit=1000%2C1000&ssl=1&resize=525%2C300 1.5x, https:\/\/i0.wp.com\/pohjanmaantehtaanmyymala.fi\/wp-content\/uploads\/2023\/05\/JAZZ_K2055-DM-EASY-DELUXE-K2055_Oasis02_kangas.jpg?fit=1000%2C1000&ssl=1&resize=700%2C400 2x"},"classes":[]},{"id":25219,"url":"https:\/\/pohjanmaantehtaanmyymala.fi\/sv\/tuote\/harmony-vuodesohva-austin-kankaalla\/","url_meta":{"origin":21149,"position":4},"title":"Harmony vuodesohva Austin-kankaalla","author":"Miro Nevala","date":"februari 13, 2024","format":false,"excerpt":"Upea vuodesohva mekanismilla useilla v\u00e4rivaihtoehdoilla!","rel":"","context":"Liknande produkt","block_context":{"text":"Liknande produkt","link":""},"img":{"alt_text":"Harmony vuodesohva edest\u00e4p\u00e4in","src":"https:\/\/i0.wp.com\/pohjanmaantehtaanmyymala.fi\/wp-content\/uploads\/2024\/02\/Harmony-vuodesohva-1-960dpi.jpg?fit=960%2C960&ssl=1&resize=350%2C200","width":350,"height":200,"srcset":"https:\/\/i0.wp.com\/pohjanmaantehtaanmyymala.fi\/wp-content\/uploads\/2024\/02\/Harmony-vuodesohva-1-960dpi.jpg?fit=960%2C960&ssl=1&resize=350%2C200 1x, https:\/\/i0.wp.com\/pohjanmaantehtaanmyymala.fi\/wp-content\/uploads\/2024\/02\/Harmony-vuodesohva-1-960dpi.jpg?fit=960%2C960&ssl=1&resize=525%2C300 1.5x, https:\/\/i0.wp.com\/pohjanmaantehtaanmyymala.fi\/wp-content\/uploads\/2024\/02\/Harmony-vuodesohva-1-960dpi.jpg?fit=960%2C960&ssl=1&resize=700%2C400 2x"},"classes":[]},{"id":22649,"url":"https:\/\/pohjanmaantehtaanmyymala.fi\/sv\/tuote\/easy-vuodesohva-beigella-kankaalla\/","url_meta":{"origin":21149,"position":5},"title":"EASY &#8211; vuodesohva beigell\u00e4 kankaalla","author":"Sami Viitala","date":"mars 2, 2023","format":false,"excerpt":"Ajattomuutta ja toiminallisuutta arvostavalle.","rel":"","context":"Liknande produkt","block_context":{"text":"Liknande produkt","link":""},"img":{"alt_text":"Pohjanmaan Easy vuodesohva austin beige kankaalla","src":"https:\/\/i0.wp.com\/pohjanmaantehtaanmyymala.fi\/wp-content\/uploads\/2023\/03\/Easy_vuodesohva_Austin_beige-1.jpg?fit=960%2C960&ssl=1&resize=350%2C200","width":350,"height":200,"srcset":"https:\/\/i0.wp.com\/pohjanmaantehtaanmyymala.fi\/wp-content\/uploads\/2023\/03\/Easy_vuodesohva_Austin_beige-1.jpg?fit=960%2C960&ssl=1&resize=350%2C200 1x, https:\/\/i0.wp.com\/pohjanmaantehtaanmyymala.fi\/wp-content\/uploads\/2023\/03\/Easy_vuodesohva_Austin_beige-1.jpg?fit=960%2C960&ssl=1&resize=525%2C300 1.5x, https:\/\/i0.wp.com\/pohjanmaantehtaanmyymala.fi\/wp-content\/uploads\/2023\/03\/Easy_vuodesohva_Austin_beige-1.jpg?fit=960%2C960&ssl=1&resize=700%2C400 2x"},"classes":[]}],"_links":{"self":[{"href":"https:\/\/pohjanmaantehtaanmyymala.fi\/sv\/wp-json\/wp\/v2\/product\/21149","targetHints":{"allow":["GET"]}}],"collection":[{"href":"https:\/\/pohjanmaantehtaanmyymala.fi\/sv\/wp-json\/wp\/v2\/product"}],"about":[{"href":"https:\/\/pohjanmaantehtaanmyymala.fi\/sv\/wp-json\/wp\/v2\/types\/product"}],"replies":[{"embeddable":true,"href":"https:\/\/pohjanmaantehtaanmyymala.fi\/sv\/wp-json\/wp\/v2\/comments?post=21149"}],"wp:featuredmedia":[{"embeddable":true,"href":"https:\/\/pohjanmaantehtaanmyymala.fi\/sv\/wp-json\/wp\/v2\/media\/21153"}],"wp:attachment":[{"href":"https:\/\/pohjanmaantehtaanmyymala.fi\/sv\/wp-json\/wp\/v2\/media?parent=21149"}],"wp:term":[{"taxonomy":"product_brand","embeddable":true,"href":"https:\/\/pohjanmaantehtaanmyymala.fi\/sv\/wp-json\/wp\/v2\/product_brand?post=21149"},{"taxonomy":"product_cat","embeddable":true,"href":"https:\/\/pohjanmaantehtaanmyymala.fi\/sv\/wp-json\/wp\/v2\/product_cat?post=21149"},{"taxonomy":"product_tag","embeddable":true,"href":"https:\/\/pohjanmaantehtaanmyymala.fi\/sv\/wp-json\/wp\/v2\/product_tag?post=21149"}],"curies":[{"name":"wp","href":"https:\/\/api.w.org\/{rel}","templated":true}]}}