{"id":21090,"date":"2022-09-03T13:51:06","date_gmt":"2022-09-03T11:51:06","guid":{"rendered":"https:\/\/pohjanmaantehtaanmyymala.fi\/?post_type=product&#038;p=21090"},"modified":"2025-09-23T16:45:37","modified_gmt":"2025-09-23T14:45:37","slug":"uness-sapfir-saatopohja-80x200-cm","status":"publish","type":"product","link":"https:\/\/pohjanmaantehtaanmyymala.fi\/sv\/tuote\/uness-sapfir-saatopohja-80x200-cm\/","title":{"rendered":"Uness Sapfir s\u00e4\u00e4t\u00f6pohja 80&#215;200 cm"},"content":{"rendered":"<p>Sapfir-moottoripohjalla voit muuttaa perinteinen s\u00e4nkysi k\u00e4tev\u00e4sti moottoris\u00e4ngyksi. T\u00e4m\u00e4 Uness:n s\u00e4\u00e4t\u00f6pohja sopii kaikkiin 200 cm pitkiin s\u00e4ngynrunkoihin. Moottoripohja on helppo asentaa s\u00e4ngyn pohjas\u00e4leiden tilalle. Esimerkiksi 160 cm perinteiseen paris\u00e4nkyyn voit asentaa kaksi moottoripohjaa vierekk\u00e4in.<\/p>\n<p>S\u00e4\u00e4t\u00f6pohja sis\u00e4lt\u00e4\u00e4 langattoman kaukos\u00e4\u00e4timen, jolla voit s\u00e4\u00e4t\u00e4\u00e4 jalka tai p\u00e4\u00e4p\u00e4\u00e4dyn korkeuden haluamaasi asentoon portaattomasti.<\/p>\n<h3>Tuotetiedot:<\/h3>\n<p>Korkeus 5 cm.<br \/>\nPohjassa 28 puista joustos\u00e4lett\u00e4<br \/>\nIstuinvy\u00f6hykkeess\u00e4 s\u00e4\u00e4dett\u00e4v\u00e4t kaksois-s\u00e4leet<br \/>\nAutomaattinen niskatuki<br \/>\nJ\u00e4nnitett\u00e4 vain kun moottoreita k\u00e4ytet\u00e4\u00e4n<br \/>\nHiljainen Oki- kaksoismoottori, portaaton s\u00e4\u00e4t\u00f6.<br \/>\n2 Vuoden takuu moottoreilla<br \/>\nLangaton kaukos\u00e4\u00e4din<\/p>\n<p>Toimitusaika 1-2 viikkoa.<\/p>\n","protected":false},"excerpt":{"rendered":"<p>Sapfir-moottoripohjalla voit muuttaa perinteinen s\u00e4nkysi k\u00e4tev\u00e4sti moottoris\u00e4ngyksi. T\u00e4m\u00e4 Uness:n s\u00e4\u00e4t\u00f6pohja sopii kaikkiin 200 cm pitkiin s\u00e4ngynrunkoihin. Moottoripohja on helppo asentaa s\u00e4ngyn pohjas\u00e4leiden tilalle. Esimerkiksi 160 cm perinteiseen paris\u00e4nkyyn voit asentaa kaksi moottoripohjaa vierekk\u00e4in. S\u00e4\u00e4t\u00f6pohja sis\u00e4lt\u00e4\u00e4 langattoman kaukos\u00e4\u00e4timen, jolla voit s\u00e4\u00e4t\u00e4\u00e4 jalka tai p\u00e4\u00e4p\u00e4\u00e4dyn korkeuden haluamaasi asentoon portaattomasti. Tuotetiedot: Korkeus 5 cm. Pohjassa 28 puista joustos\u00e4lett\u00e4 [&hellip;]<\/p>\n","protected":false},"featured_media":21091,"comment_status":"closed","ping_status":"closed","template":"","meta":{"_acf_changed":false,"jetpack_post_was_ever_published":false,"jetpack_publicize_message":"","jetpack_publicize_feature_enabled":true,"jetpack_social_post_already_shared":true,"jetpack_social_options":{"image_generator_settings":{"template":"highway","default_image_id":0,"font":"","enabled":false},"version":2}},"product_brand":[178],"product_cat":[198,204],"product_tag":[],"class_list":{"0":"post-21090","1":"product","2":"type-product","3":"status-publish","4":"has-post-thumbnail","6":"product_brand-uness","7":"product_cat-patjat-ja-sangyt","8":"product_cat-seniorikalusteet","9":"product_shipping_class-161","11":"first","12":"instock","13":"sale","14":"purchasable","15":"product-type-simple"},"acf":[],"jetpack_publicize_connections":[],"jetpack_sharing_enabled":true,"jetpack-related-posts":[{"id":21081,"url":"https:\/\/pohjanmaantehtaanmyymala.fi\/sv\/tuote\/uness-sapfir-saatopohja-90x200-cm\/","url_meta":{"origin":21090,"position":0},"title":"Uness Sapfir s\u00e4\u00e4t\u00f6pohja 90&#215;200 cm","author":"Sami Viitala","date":"september 3, 2022","format":false,"excerpt":"Sapfir-moottoripohjalla voit muuttaa perinteinen s\u00e4nkysi k\u00e4tev\u00e4sti moottoris\u00e4ngyksi. T\u00e4m\u00e4 Uness:n s\u00e4\u00e4t\u00f6pohja sopii kaikkiin 200 cm pitkiin s\u00e4ngynrunkoihin. S\u00e4\u00e4t\u00f6pohja sis\u00e4lt\u00e4\u00e4 langattoman kaukos\u00e4\u00e4timen, jolla voit s\u00e4\u00e4t\u00e4\u00e4 jalka tai p\u00e4\u00e4p\u00e4\u00e4dyn korkeuden haluamaasi asentoon portaattomasti. Moottoripohja on helppo asentaa s\u00e4ngyn pohjas\u00e4leiden tilalle. Tuotetiedot: Korkeus 5 cm. Pohjassa 28 puista joustos\u00e4lett\u00e4 Istuinvy\u00f6hykkeess\u00e4 s\u00e4\u00e4dett\u00e4v\u00e4t kaksois-s\u00e4leet Automaattinen niskatuki\u2026","rel":"","context":"Liknande produkt","block_context":{"text":"Liknande produkt","link":""},"img":{"alt_text":"Sapfir mottori\/s\u00e4\u00e4t\u00f6pohja 90 cm leve\u00e4","src":"https:\/\/i0.wp.com\/pohjanmaantehtaanmyymala.fi\/wp-content\/uploads\/2022\/09\/Sapfir_moottoripohja.jpg?fit=960%2C960&ssl=1&resize=350%2C200","width":350,"height":200,"srcset":"https:\/\/i0.wp.com\/pohjanmaantehtaanmyymala.fi\/wp-content\/uploads\/2022\/09\/Sapfir_moottoripohja.jpg?fit=960%2C960&ssl=1&resize=350%2C200 1x, https:\/\/i0.wp.com\/pohjanmaantehtaanmyymala.fi\/wp-content\/uploads\/2022\/09\/Sapfir_moottoripohja.jpg?fit=960%2C960&ssl=1&resize=525%2C300 1.5x, https:\/\/i0.wp.com\/pohjanmaantehtaanmyymala.fi\/wp-content\/uploads\/2022\/09\/Sapfir_moottoripohja.jpg?fit=960%2C960&ssl=1&resize=700%2C400 2x"},"classes":[]},{"id":20244,"url":"https:\/\/pohjanmaantehtaanmyymala.fi\/sv\/tuote\/hilding-flex28-saatopohja\/","url_meta":{"origin":21090,"position":1},"title":"Hilding Flex28 s\u00e4\u00e4t\u00f6pohja 80&#215;200 cm","author":"Sami Viitala","date":"mars 28, 2022","format":false,"excerpt":"Markkinoiden paras moottoripohja perinteiseen s\u00e4nkyyn.","rel":"","context":"Liknande produkt","block_context":{"text":"Liknande produkt","link":""},"img":{"alt_text":"Hilding Flex28 moottopohja","src":"https:\/\/i0.wp.com\/pohjanmaantehtaanmyymala.fi\/wp-content\/uploads\/2022\/03\/Flex28-saatopohja-Hilding-80-90.jpg?fit=960%2C960&ssl=1&resize=350%2C200","width":350,"height":200,"srcset":"https:\/\/i0.wp.com\/pohjanmaantehtaanmyymala.fi\/wp-content\/uploads\/2022\/03\/Flex28-saatopohja-Hilding-80-90.jpg?fit=960%2C960&ssl=1&resize=350%2C200 1x, https:\/\/i0.wp.com\/pohjanmaantehtaanmyymala.fi\/wp-content\/uploads\/2022\/03\/Flex28-saatopohja-Hilding-80-90.jpg?fit=960%2C960&ssl=1&resize=525%2C300 1.5x, https:\/\/i0.wp.com\/pohjanmaantehtaanmyymala.fi\/wp-content\/uploads\/2022\/03\/Flex28-saatopohja-Hilding-80-90.jpg?fit=960%2C960&ssl=1&resize=700%2C400 2x"},"classes":[]},{"id":27618,"url":"https:\/\/pohjanmaantehtaanmyymala.fi\/sv\/tuote\/hilding-flex28-saatopohja-90x200-cm\/","url_meta":{"origin":21090,"position":2},"title":"Hilding Flex28 s\u00e4\u00e4t\u00f6pohja 90&#215;200 cm","author":"Sami Viitala","date":"november 21, 2024","format":false,"excerpt":"Markkinoiden paras moottoripohja perinteiseen s\u00e4nkyyn.","rel":"","context":"Liknande produkt","block_context":{"text":"Liknande produkt","link":""},"img":{"alt_text":"Hilding Flex28 moottopohja","src":"https:\/\/i0.wp.com\/pohjanmaantehtaanmyymala.fi\/wp-content\/uploads\/2022\/03\/Flex28-saatopohja-Hilding-80-90.jpg?fit=960%2C960&ssl=1&resize=350%2C200","width":350,"height":200,"srcset":"https:\/\/i0.wp.com\/pohjanmaantehtaanmyymala.fi\/wp-content\/uploads\/2022\/03\/Flex28-saatopohja-Hilding-80-90.jpg?fit=960%2C960&ssl=1&resize=350%2C200 1x, https:\/\/i0.wp.com\/pohjanmaantehtaanmyymala.fi\/wp-content\/uploads\/2022\/03\/Flex28-saatopohja-Hilding-80-90.jpg?fit=960%2C960&ssl=1&resize=525%2C300 1.5x, https:\/\/i0.wp.com\/pohjanmaantehtaanmyymala.fi\/wp-content\/uploads\/2022\/03\/Flex28-saatopohja-Hilding-80-90.jpg?fit=960%2C960&ssl=1&resize=700%2C400 2x"},"classes":[]},{"id":27617,"url":"https:\/\/pohjanmaantehtaanmyymala.fi\/sv\/tuote\/kiteen-medilift-saatopohja-sankyyn\/","url_meta":{"origin":21090,"position":3},"title":"Kiteen medilift s\u00e4\u00e4t\u00f6pohja s\u00e4nkyyn","author":"Sami Viitala","date":"november 21, 2024","format":false,"excerpt":"Markkinoiden paras Medilift -moottoripohja nostotoiminnolla, kaksi eri kokoa.","rel":"","context":"Liknande produkt","block_context":{"text":"Liknande produkt","link":""},"img":{"alt_text":"Kiteen hoiva medilift s\u00e4\u00e4topohja s\u00e4nkyyn","src":"https:\/\/i0.wp.com\/pohjanmaantehtaanmyymala.fi\/wp-content\/uploads\/2024\/11\/Hoiva-moottoripohja-700x700-1.jpg?fit=960%2C960&ssl=1&resize=350%2C200","width":350,"height":200,"srcset":"https:\/\/i0.wp.com\/pohjanmaantehtaanmyymala.fi\/wp-content\/uploads\/2024\/11\/Hoiva-moottoripohja-700x700-1.jpg?fit=960%2C960&ssl=1&resize=350%2C200 1x, https:\/\/i0.wp.com\/pohjanmaantehtaanmyymala.fi\/wp-content\/uploads\/2024\/11\/Hoiva-moottoripohja-700x700-1.jpg?fit=960%2C960&ssl=1&resize=525%2C300 1.5x, https:\/\/i0.wp.com\/pohjanmaantehtaanmyymala.fi\/wp-content\/uploads\/2024\/11\/Hoiva-moottoripohja-700x700-1.jpg?fit=960%2C960&ssl=1&resize=700%2C400 2x"},"classes":[]},{"id":10869,"url":"https:\/\/pohjanmaantehtaanmyymala.fi\/sv\/tuote\/eden-1-moottorisanky\/","url_meta":{"origin":21090,"position":4},"title":"EDEN 1 -moottoris\u00e4nky","author":"petri","date":"september 14, 2019","format":false,"excerpt":"S\u00e4\u00e4t\u00f6s\u00e4nky, jos on valittavana kaksi eri leveytt\u00e4.","rel":"","context":"Liknande produkt","block_context":{"text":"Liknande produkt","link":""},"img":{"alt_text":"","src":"https:\/\/i0.wp.com\/pohjanmaantehtaanmyymala.fi\/wp-content\/uploads\/2019\/09\/Eden1-moottoris%C3%A4nky.jpg?fit=960%2C960&ssl=1&resize=350%2C200","width":350,"height":200,"srcset":"https:\/\/i0.wp.com\/pohjanmaantehtaanmyymala.fi\/wp-content\/uploads\/2019\/09\/Eden1-moottoris%C3%A4nky.jpg?fit=960%2C960&ssl=1&resize=350%2C200 1x, https:\/\/i0.wp.com\/pohjanmaantehtaanmyymala.fi\/wp-content\/uploads\/2019\/09\/Eden1-moottoris%C3%A4nky.jpg?fit=960%2C960&ssl=1&resize=525%2C300 1.5x, https:\/\/i0.wp.com\/pohjanmaantehtaanmyymala.fi\/wp-content\/uploads\/2019\/09\/Eden1-moottoris%C3%A4nky.jpg?fit=960%2C960&ssl=1&resize=700%2C400 2x"},"classes":[]},{"id":21062,"url":"https:\/\/pohjanmaantehtaanmyymala.fi\/sv\/tuote\/uness-interactive-runkosankysetti-180-cm-petauspatjalla\/","url_meta":{"origin":21090,"position":5},"title":"Uness Interactive runkos\u00e4nkysetti 180 cm petauspatjalla","author":"Sami Viitala","date":"september 3, 2022","format":false,"excerpt":"Laadukas paris\u00e4nky progressiivisella eritasojousituksella.","rel":"","context":"Liknande produkt","block_context":{"text":"Liknande produkt","link":""},"img":{"alt_text":"Uness interactive runkos\u00e4nky setti 180 cm leve\u00e4","src":"https:\/\/i0.wp.com\/pohjanmaantehtaanmyymala.fi\/wp-content\/uploads\/2022\/09\/Uness_Interactive_Runkos_180.jpg?fit=960%2C960&ssl=1&resize=350%2C200","width":350,"height":200,"srcset":"https:\/\/i0.wp.com\/pohjanmaantehtaanmyymala.fi\/wp-content\/uploads\/2022\/09\/Uness_Interactive_Runkos_180.jpg?fit=960%2C960&ssl=1&resize=350%2C200 1x, https:\/\/i0.wp.com\/pohjanmaantehtaanmyymala.fi\/wp-content\/uploads\/2022\/09\/Uness_Interactive_Runkos_180.jpg?fit=960%2C960&ssl=1&resize=525%2C300 1.5x, https:\/\/i0.wp.com\/pohjanmaantehtaanmyymala.fi\/wp-content\/uploads\/2022\/09\/Uness_Interactive_Runkos_180.jpg?fit=960%2C960&ssl=1&resize=700%2C400 2x"},"classes":[]}],"_links":{"self":[{"href":"https:\/\/pohjanmaantehtaanmyymala.fi\/sv\/wp-json\/wp\/v2\/product\/21090","targetHints":{"allow":["GET"]}}],"collection":[{"href":"https:\/\/pohjanmaantehtaanmyymala.fi\/sv\/wp-json\/wp\/v2\/product"}],"about":[{"href":"https:\/\/pohjanmaantehtaanmyymala.fi\/sv\/wp-json\/wp\/v2\/types\/product"}],"replies":[{"embeddable":true,"href":"https:\/\/pohjanmaantehtaanmyymala.fi\/sv\/wp-json\/wp\/v2\/comments?post=21090"}],"wp:featuredmedia":[{"embeddable":true,"href":"https:\/\/pohjanmaantehtaanmyymala.fi\/sv\/wp-json\/wp\/v2\/media\/21091"}],"wp:attachment":[{"href":"https:\/\/pohjanmaantehtaanmyymala.fi\/sv\/wp-json\/wp\/v2\/media?parent=21090"}],"wp:term":[{"taxonomy":"product_brand","embeddable":true,"href":"https:\/\/pohjanmaantehtaanmyymala.fi\/sv\/wp-json\/wp\/v2\/product_brand?post=21090"},{"taxonomy":"product_cat","embeddable":true,"href":"https:\/\/pohjanmaantehtaanmyymala.fi\/sv\/wp-json\/wp\/v2\/product_cat?post=21090"},{"taxonomy":"product_tag","embeddable":true,"href":"https:\/\/pohjanmaantehtaanmyymala.fi\/sv\/wp-json\/wp\/v2\/product_tag?post=21090"}],"curies":[{"name":"wp","href":"https:\/\/api.w.org\/{rel}","templated":true}]}}